{"id":1077,"date":"2025-07-13T03:48:53","date_gmt":"2025-07-13T03:48:53","guid":{"rendered":"https:\/\/topkeymedical.com\/?post_type=product&#038;p=1077"},"modified":"2025-11-20T07:47:38","modified_gmt":"2025-11-20T07:47:38","slug":"faca-de-agulha-irregular-faca-de-agulha-moldada","status":"publish","type":"product","link":"https:\/\/topkeymedical.com\/pt\/product\/faca-de-agulha-irregular-faca-de-agulha-moldada\/","title":{"rendered":"Faca de agulha irregular, Faca de agulha em forma"},"content":{"rendered":"<h2 data-start=\"1621\" data-end=\"1653\">Especifica\u00e7\u00f5es t\u00e9cnicas<\/h2>\n<div class=\"_tableContainer_1rjym_1\">\n<div class=\"_tableWrapper_1rjym_13 group flex w-fit flex-col-reverse\" tabindex=\"-1\">\n<table class=\"w-fit min-w-(--thread-content-width)\" data-start=\"1655\" data-end=\"3276\">\n<thead data-start=\"1655\" data-end=\"1769\">\n<tr data-start=\"1655\" data-end=\"1769\">\n<th data-start=\"1655\" data-end=\"1687\" data-col-size=\"sm\">Par\u00e2metro<\/th>\n<th data-start=\"1687\" data-end=\"1769\" data-col-size=\"md\">Valor \/ Descri\u00e7\u00e3o<\/th>\n<\/tr>\n<\/thead>\n<tbody data-start=\"1886\" data-end=\"3276\">\n<tr data-start=\"1886\" data-end=\"2001\">\n<td data-start=\"1886\" data-end=\"1919\" data-col-size=\"sm\"><strong data-start=\"1888\" data-end=\"1904\">Nome do produto<\/strong><\/td>\n<td data-start=\"1919\" data-end=\"2001\" data-col-size=\"md\">Faca de agulha irregular \/ Faca de agulha moldada<\/td>\n<\/tr>\n<tr data-start=\"2002\" data-end=\"2117\">\n<td data-start=\"2002\" data-end=\"2035\" data-col-size=\"sm\"><strong data-start=\"2004\" data-end=\"2024\">Material - L\u00e2mina<\/strong><\/td>\n<td data-start=\"2035\" data-end=\"2117\" data-col-size=\"md\">A\u00e7o inoxid\u00e1vel de qualidade m\u00e9dica SUS304 (em conformidade com a norma ISO 9626)<\/td>\n<\/tr>\n<tr data-start=\"2118\" data-end=\"2233\">\n<td data-start=\"2118\" data-end=\"2151\" data-col-size=\"sm\"><strong data-start=\"2120\" data-end=\"2141\">Material - Pega<\/strong><\/td>\n<td data-start=\"2151\" data-end=\"2233\" data-col-size=\"md\">A\u00e7o inoxid\u00e1vel \/ polipropileno com textura antiderrapante (pagode, serrilha, etc.)<\/td>\n<\/tr>\n<tr data-start=\"2234\" data-end=\"2349\">\n<td data-start=\"2234\" data-end=\"2267\" data-col-size=\"sm\"><strong data-start=\"2236\" data-end=\"2250\">Tipo de l\u00e2mina<\/strong><\/td>\n<td data-start=\"2267\" data-end=\"2349\" data-col-size=\"md\">L\u00e2mina irregular, afiada com precis\u00e3o, com \u00e2ngulo de corte optimizado<\/td>\n<\/tr>\n<tr data-start=\"2350\" data-end=\"2465\">\n<td data-start=\"2350\" data-end=\"2383\" data-col-size=\"sm\"><strong data-start=\"2352\" data-end=\"2370\">Carater\u00edsticas da l\u00e2mina<\/strong><\/td>\n<td data-start=\"2383\" data-end=\"2465\" data-col-size=\"md\">Borda ultra-afiada, baixa resist\u00eancia, dor reduzida, parte central dobr\u00e1vel<\/td>\n<\/tr>\n<tr data-start=\"2466\" data-end=\"2580\">\n<td data-start=\"2466\" data-end=\"2499\" data-col-size=\"sm\"><strong data-start=\"2468\" data-end=\"2482\">Gama de tamanhos<\/strong><\/td>\n<td data-start=\"2499\" data-end=\"2580\" data-col-size=\"md\">10Fr - 25Fr (1 Fr = 0,33 mm de di\u00e2metro; gama de tamanhos \u2248 3,3 mm - 8,3 mm)<\/td>\n<\/tr>\n<tr data-start=\"2581\" data-end=\"2696\">\n<td data-start=\"2581\" data-end=\"2614\" data-col-size=\"sm\"><strong data-start=\"2583\" data-end=\"2604\">Liga\u00e7\u00e3o \/ Pega<\/strong><\/td>\n<td data-start=\"2614\" data-end=\"2696\" data-col-size=\"md\">Desenhos antiderrapantes dispon\u00edveis (estilo pagode, serrilhado ou personalizado)<\/td>\n<\/tr>\n<tr data-start=\"2697\" data-end=\"2812\">\n<td data-start=\"2697\" data-end=\"2730\" data-col-size=\"sm\"><strong data-start=\"2699\" data-end=\"2723\">M\u00e9todo de esteriliza\u00e7\u00e3o<\/strong><\/td>\n<td data-start=\"2730\" data-end=\"2812\" data-col-size=\"md\">Esteriliza\u00e7\u00e3o por EO (\u00f3xido de etileno) ou esteriliza\u00e7\u00e3o por radia\u00e7\u00e3o gama<\/td>\n<\/tr>\n<tr data-start=\"2813\" data-end=\"2928\">\n<td data-start=\"2813\" data-end=\"2846\" data-col-size=\"sm\"><strong data-start=\"2815\" data-end=\"2828\">Embalagem<\/strong><\/td>\n<td data-start=\"2846\" data-end=\"2928\" data-col-size=\"md\">Embalagens blister est\u00e9reis individuais, 10-50 unidades por caixa<\/td>\n<\/tr>\n<tr data-start=\"2929\" data-end=\"3044\">\n<td data-start=\"2929\" data-end=\"2962\" data-col-size=\"sm\"><strong data-start=\"2931\" data-end=\"2945\">Utiliza\u00e7\u00e3o \u00fanica<\/strong><\/td>\n<td data-start=\"2962\" data-end=\"3044\" data-col-size=\"md\">Sim<\/td>\n<\/tr>\n<tr data-start=\"3045\" data-end=\"3160\">\n<td data-start=\"3045\" data-end=\"3078\" data-col-size=\"sm\"><strong data-start=\"3047\" data-end=\"3064\">Certifica\u00e7\u00e3o<\/strong><\/td>\n<td data-start=\"3078\" data-end=\"3160\" data-col-size=\"md\">ISO 13485, marca\u00e7\u00e3o CE, conformidade com a FDA (regional)<\/td>\n<\/tr>\n<tr data-start=\"3161\" data-end=\"3276\">\n<td data-start=\"3161\" data-end=\"3194\" data-col-size=\"sm\"><strong data-start=\"3163\" data-end=\"3177\">Prazo de validade<\/strong><\/td>\n<td data-start=\"3194\" data-end=\"3276\" data-col-size=\"md\">3-5 anos nas condi\u00e7\u00f5es de armazenamento recomendadas<\/td>\n<\/tr>\n<\/tbody>\n<\/table>\n<\/div>\n<\/div>\n<hr data-start=\"3278\" data-end=\"3281\" \/>\n<p>Faca de Agulha Irregular (Faca de Agulha em Forma): Biomecanicamente optimizada para liberta\u00e7\u00e3o microcir\u00fargica avan\u00e7ada<\/p>\n<h2>Faca de agulha moldada Objetivo cl\u00ednico<\/h2>\n<p>A nossa faca de agulha geometricamente concebida permite uma precis\u00e3o sem paralelo em procedimentos cir\u00fargicos em espa\u00e7os confinados. Concebida para a liberta\u00e7\u00e3o selectiva de tecidos em interven\u00e7\u00f5es endosc\u00f3picas, ortop\u00e9dicas e neurocir\u00fargicas, a sua l\u00e2mina de perfil vari\u00e1vel permite uma dissec\u00e7\u00e3o controlada, preservando simultaneamente as estruturas cr\u00edticas.<\/p>\n<h2>Principais vantagens da faca de agulha irregular<\/h2>\n<p><strong>Biomec\u00e2nica de corte ultra-precisa<\/strong><br \/>\nOs \u00e2ngulos de l\u00e2mina optimizados computacionalmente (patente pendente) reduzem a resist\u00eancia dos tecidos em 60% em compara\u00e7\u00e3o com as facas normais.<br \/>\nAs arestas do espelho \u00e0 escala nanom\u00e9trica (Ra \u22640,05\u03bcm) mant\u00eam a nitidez ao longo de mais de 50 procedimentos.<\/p>\n<p><strong>Capacidade de contorno din\u00e2mico<\/strong><br \/>\nA zona de redu\u00e7\u00e3o a meio da l\u00e2mina permite a flex\u00e3o durante o procedimento (0\u00b0-90\u00b0) sem risco de fratura.<br \/>\nA melhoria do feedback t\u00e1til detecta as transi\u00e7\u00f5es de densidade dos tecidos.<\/p>\n<p><strong>Seguran\u00e7a processual<\/strong><br \/>\nAs caudas em forma de pagode ou serrilhadas proporcionam uma ader\u00eancia positiva em campos com sangue ou fluidos.<br \/>\nA transi\u00e7\u00e3o gradual do cone minimiza os danos colaterais (zona de necrose validada &lt;200\u03bcm).<\/p>\n<p class=\"ds-markdown-paragraph\"><strong>Ci\u00eancia avan\u00e7ada dos materiais<\/strong><\/p>\n<div class=\"markdown-table-wrapper\">\n<table>\n<thead>\n<tr>\n<th>Componente<\/th>\n<th>Especifica\u00e7\u00e3o<\/th>\n<\/tr>\n<\/thead>\n<tbody>\n<tr>\n<td><strong>N\u00facleo da l\u00e2mina<\/strong><\/td>\n<td>M\u00e9dico SUS304 (HRC 58\u00b11, ASTM F899)<\/td>\n<\/tr>\n<tr>\n<td><strong>Tratamento de bordos<\/strong><\/td>\n<td>Endurecimento criog\u00e9nico + revestimento de carbono tipo diamante<\/td>\n<\/tr>\n<tr>\n<td><strong>Pega<\/strong><\/td>\n<td>Alum\u00ednio de avia\u00e7\u00e3o ERGAL\u2122 com punho texturado<\/td>\n<\/tr>\n<\/tbody>\n<\/table>\n<\/div>\n<p class=\"ds-markdown-paragraph\"><strong>Especifica\u00e7\u00f5es t\u00e9cnicas<\/strong><\/p>\n<div class=\"markdown-table-wrapper\">\n<table>\n<thead>\n<tr>\n<th>Par\u00e2metro<\/th>\n<th>Especifica\u00e7\u00e3o<\/th>\n<\/tr>\n<\/thead>\n<tbody>\n<tr>\n<td>Tamanhos<\/td>\n<td><strong>10Fr (3,3mm) - 25Fr (8,3mm)<\/strong><\/td>\n<\/tr>\n<tr>\n<td>Comprimento da l\u00e2mina<\/td>\n<td>3mm \/ 5mm \/ 10mm (\u00b10,05mm)<\/td>\n<\/tr>\n<tr>\n<td>Raio de curvatura<\/td>\n<td>\u22651,5 mm (30+ ciclos)<\/td>\n<\/tr>\n<tr>\n<td>For\u00e7a de corte<\/td>\n<td>0,15-0,8N (dependente do tecido)<\/td>\n<\/tr>\n<\/tbody>\n<\/table>\n<p class=\"ds-markdown-paragraph\"><strong>Aplica\u00e7\u00f5es cr\u00edticas<\/strong><\/p>\n<ul>\n<li>\n<p class=\"ds-markdown-paragraph\">Dissec\u00e7\u00e3o submucosa endosc\u00f3pica (<a href=\"https:\/\/gleneagles.hk\/medical-treatments\/endoscopic-submucosal-dissection-esd\" target=\"_blank\" rel=\"noopener\">ESD<\/a>)<\/p>\n<\/li>\n<li>\n<p class=\"ds-markdown-paragraph\">Liberta\u00e7\u00e3o do ligamento amarelo da coluna vertebral<\/p>\n<\/li>\n<li>\n<p class=\"ds-markdown-paragraph\">Descompress\u00e3o de nervos perif\u00e9ricos<\/p>\n<\/li>\n<li>\n<p class=\"ds-markdown-paragraph\">Lise artrosc\u00f3pica de ader\u00eancias<\/p>\n<\/li>\n<\/ul>\n<\/div>","protected":false},"excerpt":{"rendered":"<p>Faca de agulha irregular Introdu\u00e7\u00e3o do produto:<br \/>\nSuS304 m\u00e9dico de alta qualidade, o \u00e2ngulo da l\u00e2mina \u00e9 calculado profissionalmente e a l\u00e2mina foi rectificada com precis\u00e3o in\u00fameras vezes, o que \u00e9 extremamente afiado, com baixa resist\u00eancia ao corte e dor reduzida. A parte central da l\u00e2mina pode ser reduzida, o que \u00e9 conveniente para os m\u00e9dicos dobrarem, o que \u00e9 mais pr\u00e1tico. A cauda pode ser feita de pagode, serrilha e outros processos antiderrapantes.<\/p>\n<p>Especifica\u00e7\u00e3o do produto:<br \/>\nTamanho: 10Fr-25Fr<\/p>","protected":false},"featured_media":1078,"template":"","meta":{"_acf_changed":false,"site-sidebar-layout":"default","site-content-layout":"","ast-site-content-layout":"default","site-content-style":"default","site-sidebar-style":"default","ast-global-header-display":"","ast-banner-title-visibility":"","ast-main-header-display":"","ast-hfb-above-header-display":"","ast-hfb-below-header-display":"","ast-hfb-mobile-header-display":"","site-post-title":"","ast-breadcrumbs-content":"","ast-featured-img":"","footer-sml-layout":"","ast-disable-related-posts":"","theme-transparent-header-meta":"default","adv-header-id-meta":"","stick-header-meta":"","header-above-stick-meta":"","header-main-stick-meta":"","header-below-stick-meta":"","astra-migrate-meta-layouts":"set","ast-page-background-enabled":"default","ast-page-background-meta":{"desktop":{"background-color":"var(--ast-global-color-5)","background-image":"","background-repeat":"repeat","background-position":"center center","background-size":"auto","background-attachment":"scroll","background-type":"","background-media":"","overlay-type":"","overlay-color":"","overlay-opacity":"","overlay-gradient":""},"tablet":{"background-color":"","background-image":"","background-repeat":"repeat","background-position":"center center","background-size":"auto","background-attachment":"scroll","background-type":"","background-media":"","overlay-type":"","overlay-color":"","overlay-opacity":"","overlay-gradient":""},"mobile":{"background-color":"","background-image":"","background-repeat":"repeat","background-position":"center center","background-size":"auto","background-attachment":"scroll","background-type":"","background-media":"","overlay-type":"","overlay-color":"","overlay-opacity":"","overlay-gradient":""}},"ast-content-background-meta":{"desktop":{"background-color":"var(--ast-global-color-4)","background-image":"","background-repeat":"repeat","background-position":"center center","background-size":"auto","background-attachment":"scroll","background-type":"","background-media":"","overlay-type":"","overlay-color":"","overlay-opacity":"","overlay-gradient":""},"tablet":{"background-color":"var(--ast-global-color-4)","background-image":"","background-repeat":"repeat","background-position":"center center","background-size":"auto","background-attachment":"scroll","background-type":"","background-media":"","overlay-type":"","overlay-color":"","overlay-opacity":"","overlay-gradient":""},"mobile":{"background-color":"var(--ast-global-color-4)","background-image":"","background-repeat":"repeat","background-position":"center center","background-size":"auto","background-attachment":"scroll","background-type":"","background-media":"","overlay-type":"","overlay-color":"","overlay-opacity":"","overlay-gradient":""}}},"product_brand":[],"product_cat":[65],"product_tag":[],"class_list":{"0":"post-1077","1":"product","2":"type-product","3":"status-publish","4":"has-post-thumbnail","6":"product_cat-specialty-needles","7":"desktop-align-left","8":"tablet-align-left","9":"mobile-align-left","11":"first","12":"instock","13":"shipping-taxable","14":"product-type-simple"},"acf":[],"yoast_head":"<!-- This site is optimized with the Yoast SEO plugin v27.4 - https:\/\/yoast.com\/product\/yoast-seo-wordpress\/ -->\n<title>Irregular Needle Knife, Shaped Needle Knife 10Fr-25Fr<\/title>\n<meta name=\"description\" content=\"Irregular Needle Knife: High-quality Medical SuS304, the angle of the blade is professionally calculated, and the blade has been precision ground\" \/>\n<meta name=\"robots\" content=\"index, follow, max-snippet:-1, max-image-preview:large, max-video-preview:-1\" \/>\n<link rel=\"canonical\" href=\"https:\/\/topkeymedical.com\/pt\/product\/faca-de-agulha-irregular-faca-de-agulha-moldada\/\" \/>\n<meta property=\"og:locale\" content=\"pt_PT\" \/>\n<meta property=\"og:type\" content=\"article\" \/>\n<meta property=\"og:title\" content=\"Irregular Needle Knife, Shaped Needle Knife 10Fr-25Fr\" \/>\n<meta property=\"og:description\" content=\"Irregular Needle Knife: High-quality Medical SuS304, the angle of the blade is professionally calculated, and the blade has been precision ground\" \/>\n<meta property=\"og:url\" content=\"https:\/\/topkeymedical.com\/pt\/product\/faca-de-agulha-irregular-faca-de-agulha-moldada\/\" \/>\n<meta property=\"og:site_name\" content=\"TOPKEY\u2013 Precision in Every Detail, Guardian of Life and Health\" \/>\n<meta property=\"article:publisher\" content=\"https:\/\/www.facebook.com\/profile.php?id=100088897294997\" \/>\n<meta property=\"article:modified_time\" content=\"2025-11-20T07:47:38+00:00\" \/>\n<meta property=\"og:image\" content=\"https:\/\/topkeymedical.com\/wp-content\/uploads\/2025\/07\/Irregular-Needle-Knife.webp\" \/>\n\t<meta property=\"og:image:width\" content=\"1000\" \/>\n\t<meta property=\"og:image:height\" content=\"1000\" \/>\n\t<meta property=\"og:image:type\" content=\"image\/webp\" \/>\n<meta name=\"twitter:card\" content=\"summary_large_image\" \/>\n<meta name=\"twitter:label1\" content=\"Tempo estimado de leitura\" \/>\n\t<meta name=\"twitter:data1\" content=\"2 minutos\" \/>\n<script type=\"application\/ld+json\" class=\"yoast-schema-graph\">{\"@context\":\"https:\\\/\\\/schema.org\",\"@graph\":[{\"@type\":\"WebPage\",\"@id\":\"https:\\\/\\\/topkeymedical.com\\\/product\\\/irregular-needle-knife-shaped-needle-knife\\\/\",\"url\":\"https:\\\/\\\/topkeymedical.com\\\/product\\\/irregular-needle-knife-shaped-needle-knife\\\/\",\"name\":\"Irregular Needle Knife, Shaped Needle Knife 10Fr-25Fr\",\"isPartOf\":{\"@id\":\"https:\\\/\\\/topkeymedical.com\\\/#website\"},\"primaryImageOfPage\":{\"@id\":\"https:\\\/\\\/topkeymedical.com\\\/product\\\/irregular-needle-knife-shaped-needle-knife\\\/#primaryimage\"},\"image\":{\"@id\":\"https:\\\/\\\/topkeymedical.com\\\/product\\\/irregular-needle-knife-shaped-needle-knife\\\/#primaryimage\"},\"thumbnailUrl\":\"https:\\\/\\\/topkeymedical.com\\\/wp-content\\\/uploads\\\/2025\\\/07\\\/Irregular-Needle-Knife.webp\",\"datePublished\":\"2025-07-13T03:48:53+00:00\",\"dateModified\":\"2025-11-20T07:47:38+00:00\",\"description\":\"Irregular Needle Knife: High-quality Medical SuS304, the angle of the blade is professionally calculated, and the blade has been precision ground\",\"breadcrumb\":{\"@id\":\"https:\\\/\\\/topkeymedical.com\\\/product\\\/irregular-needle-knife-shaped-needle-knife\\\/#breadcrumb\"},\"inLanguage\":\"pt-PT\",\"potentialAction\":[{\"@type\":\"ReadAction\",\"target\":[\"https:\\\/\\\/topkeymedical.com\\\/product\\\/irregular-needle-knife-shaped-needle-knife\\\/\"]}]},{\"@type\":\"ImageObject\",\"inLanguage\":\"pt-PT\",\"@id\":\"https:\\\/\\\/topkeymedical.com\\\/product\\\/irregular-needle-knife-shaped-needle-knife\\\/#primaryimage\",\"url\":\"https:\\\/\\\/topkeymedical.com\\\/wp-content\\\/uploads\\\/2025\\\/07\\\/Irregular-Needle-Knife.webp\",\"contentUrl\":\"https:\\\/\\\/topkeymedical.com\\\/wp-content\\\/uploads\\\/2025\\\/07\\\/Irregular-Needle-Knife.webp\",\"width\":1000,\"height\":1000,\"caption\":\"Irregular Needle Knife, Shaped Needle Knife\"},{\"@type\":\"BreadcrumbList\",\"@id\":\"https:\\\/\\\/topkeymedical.com\\\/product\\\/irregular-needle-knife-shaped-needle-knife\\\/#breadcrumb\",\"itemListElement\":[{\"@type\":\"ListItem\",\"position\":1,\"name\":\"Home\",\"item\":\"https:\\\/\\\/topkeymedical.com\\\/\"},{\"@type\":\"ListItem\",\"position\":2,\"name\":\"Products\",\"item\":\"https:\\\/\\\/topkeymedical.com\\\/shop\\\/\"},{\"@type\":\"ListItem\",\"position\":3,\"name\":\"Irregular Needle Knife, Shaped Needle Knife\"}]},{\"@type\":\"WebSite\",\"@id\":\"https:\\\/\\\/topkeymedical.com\\\/#website\",\"url\":\"https:\\\/\\\/topkeymedical.com\\\/\",\"name\":\"TOPKEY\u2013 Precision in Every Detail, Guardian of Life and Health\",\"description\":\"\",\"publisher\":{\"@id\":\"https:\\\/\\\/topkeymedical.com\\\/#organization\"},\"potentialAction\":[{\"@type\":\"SearchAction\",\"target\":{\"@type\":\"EntryPoint\",\"urlTemplate\":\"https:\\\/\\\/topkeymedical.com\\\/?s={search_term_string}\"},\"query-input\":{\"@type\":\"PropertyValueSpecification\",\"valueRequired\":true,\"valueName\":\"search_term_string\"}}],\"inLanguage\":\"pt-PT\"},{\"@type\":\"Organization\",\"@id\":\"https:\\\/\\\/topkeymedical.com\\\/#organization\",\"name\":\"TOPKEY\u2013 Precision in Every Detail, Guardian of Life and Health\",\"url\":\"https:\\\/\\\/topkeymedical.com\\\/\",\"logo\":{\"@type\":\"ImageObject\",\"inLanguage\":\"pt-PT\",\"@id\":\"https:\\\/\\\/topkeymedical.com\\\/#\\\/schema\\\/logo\\\/image\\\/\",\"url\":\"https:\\\/\\\/topkeymedical.com\\\/wp-content\\\/uploads\\\/2025\\\/05\\\/cropped-logo.jpg\",\"contentUrl\":\"https:\\\/\\\/topkeymedical.com\\\/wp-content\\\/uploads\\\/2025\\\/05\\\/cropped-logo.jpg\",\"width\":512,\"height\":512,\"caption\":\"TOPKEY\u2013 Precision in Every Detail, Guardian of Life and Health\"},\"image\":{\"@id\":\"https:\\\/\\\/topkeymedical.com\\\/#\\\/schema\\\/logo\\\/image\\\/\"},\"sameAs\":[\"https:\\\/\\\/www.facebook.com\\\/profile.php?id=100088897294997\",\"https:\\\/\\\/www.youtube.com\\\/@TopkeyMedical-Alice888\",\"https:\\\/\\\/www.linkedin.com\\\/in\\\/alice-hu-bb66a01b3\\\/\"]}]}<\/script>\n<!-- \/ Yoast SEO plugin. -->","yoast_head_json":{"title":"Faca de agulha irregular, Faca de agulha em forma de 10Fr-25Fr","description":"Faca de agulha irregular: SuS304 m\u00e9dico de alta qualidade, o \u00e2ngulo da l\u00e2mina \u00e9 calculado profissionalmente e a l\u00e2mina foi rectificada com precis\u00e3o","robots":{"index":"index","follow":"follow","max-snippet":"max-snippet:-1","max-image-preview":"max-image-preview:large","max-video-preview":"max-video-preview:-1"},"canonical":"https:\/\/topkeymedical.com\/pt\/product\/faca-de-agulha-irregular-faca-de-agulha-moldada\/","og_locale":"pt_PT","og_type":"article","og_title":"Irregular Needle Knife, Shaped Needle Knife 10Fr-25Fr","og_description":"Irregular Needle Knife: High-quality Medical SuS304, the angle of the blade is professionally calculated, and the blade has been precision ground","og_url":"https:\/\/topkeymedical.com\/pt\/product\/faca-de-agulha-irregular-faca-de-agulha-moldada\/","og_site_name":"TOPKEY\u2013 Precision in Every Detail, Guardian of Life and Health","article_publisher":"https:\/\/www.facebook.com\/profile.php?id=100088897294997","article_modified_time":"2025-11-20T07:47:38+00:00","og_image":[{"width":1000,"height":1000,"url":"https:\/\/topkeymedical.com\/wp-content\/uploads\/2025\/07\/Irregular-Needle-Knife.webp","type":"image\/webp"}],"twitter_card":"summary_large_image","twitter_misc":{"Tempo estimado de leitura":"2 minutos"},"schema":{"@context":"https:\/\/schema.org","@graph":[{"@type":"WebPage","@id":"https:\/\/topkeymedical.com\/product\/irregular-needle-knife-shaped-needle-knife\/","url":"https:\/\/topkeymedical.com\/product\/irregular-needle-knife-shaped-needle-knife\/","name":"Faca de agulha irregular, Faca de agulha em forma de 10Fr-25Fr","isPartOf":{"@id":"https:\/\/topkeymedical.com\/#website"},"primaryImageOfPage":{"@id":"https:\/\/topkeymedical.com\/product\/irregular-needle-knife-shaped-needle-knife\/#primaryimage"},"image":{"@id":"https:\/\/topkeymedical.com\/product\/irregular-needle-knife-shaped-needle-knife\/#primaryimage"},"thumbnailUrl":"https:\/\/topkeymedical.com\/wp-content\/uploads\/2025\/07\/Irregular-Needle-Knife.webp","datePublished":"2025-07-13T03:48:53+00:00","dateModified":"2025-11-20T07:47:38+00:00","description":"Faca de agulha irregular: SuS304 m\u00e9dico de alta qualidade, o \u00e2ngulo da l\u00e2mina \u00e9 calculado profissionalmente e a l\u00e2mina foi rectificada com precis\u00e3o","breadcrumb":{"@id":"https:\/\/topkeymedical.com\/product\/irregular-needle-knife-shaped-needle-knife\/#breadcrumb"},"inLanguage":"pt-PT","potentialAction":[{"@type":"ReadAction","target":["https:\/\/topkeymedical.com\/product\/irregular-needle-knife-shaped-needle-knife\/"]}]},{"@type":"ImageObject","inLanguage":"pt-PT","@id":"https:\/\/topkeymedical.com\/product\/irregular-needle-knife-shaped-needle-knife\/#primaryimage","url":"https:\/\/topkeymedical.com\/wp-content\/uploads\/2025\/07\/Irregular-Needle-Knife.webp","contentUrl":"https:\/\/topkeymedical.com\/wp-content\/uploads\/2025\/07\/Irregular-Needle-Knife.webp","width":1000,"height":1000,"caption":"Irregular Needle Knife, Shaped Needle Knife"},{"@type":"BreadcrumbList","@id":"https:\/\/topkeymedical.com\/product\/irregular-needle-knife-shaped-needle-knife\/#breadcrumb","itemListElement":[{"@type":"ListItem","position":1,"name":"Home","item":"https:\/\/topkeymedical.com\/"},{"@type":"ListItem","position":2,"name":"Products","item":"https:\/\/topkeymedical.com\/shop\/"},{"@type":"ListItem","position":3,"name":"Irregular Needle Knife, Shaped Needle Knife"}]},{"@type":"WebSite","@id":"https:\/\/topkeymedical.com\/#website","url":"https:\/\/topkeymedical.com\/","name":"TOPKEY- Precis\u00e3o em cada detalhe, guardi\u00e3o da vida e da sa\u00fade","description":"","publisher":{"@id":"https:\/\/topkeymedical.com\/#organization"},"potentialAction":[{"@type":"SearchAction","target":{"@type":"EntryPoint","urlTemplate":"https:\/\/topkeymedical.com\/?s={search_term_string}"},"query-input":{"@type":"PropertyValueSpecification","valueRequired":true,"valueName":"search_term_string"}}],"inLanguage":"pt-PT"},{"@type":"Organization","@id":"https:\/\/topkeymedical.com\/#organization","name":"TOPKEY- Precis\u00e3o em cada detalhe, guardi\u00e3o da vida e da sa\u00fade","url":"https:\/\/topkeymedical.com\/","logo":{"@type":"ImageObject","inLanguage":"pt-PT","@id":"https:\/\/topkeymedical.com\/#\/schema\/logo\/image\/","url":"https:\/\/topkeymedical.com\/wp-content\/uploads\/2025\/05\/cropped-logo.jpg","contentUrl":"https:\/\/topkeymedical.com\/wp-content\/uploads\/2025\/05\/cropped-logo.jpg","width":512,"height":512,"caption":"TOPKEY\u2013 Precision in Every Detail, Guardian of Life and Health"},"image":{"@id":"https:\/\/topkeymedical.com\/#\/schema\/logo\/image\/"},"sameAs":["https:\/\/www.facebook.com\/profile.php?id=100088897294997","https:\/\/www.youtube.com\/@TopkeyMedical-Alice888","https:\/\/www.linkedin.com\/in\/alice-hu-bb66a01b3\/"]}]}},"_links":{"self":[{"href":"https:\/\/topkeymedical.com\/pt\/wp-json\/wp\/v2\/product\/1077","targetHints":{"allow":["GET"]}}],"collection":[{"href":"https:\/\/topkeymedical.com\/pt\/wp-json\/wp\/v2\/product"}],"about":[{"href":"https:\/\/topkeymedical.com\/pt\/wp-json\/wp\/v2\/types\/product"}],"version-history":[{"count":4,"href":"https:\/\/topkeymedical.com\/pt\/wp-json\/wp\/v2\/product\/1077\/revisions"}],"predecessor-version":[{"id":1548,"href":"https:\/\/topkeymedical.com\/pt\/wp-json\/wp\/v2\/product\/1077\/revisions\/1548"}],"wp:featuredmedia":[{"embeddable":true,"href":"https:\/\/topkeymedical.com\/pt\/wp-json\/wp\/v2\/media\/1078"}],"wp:attachment":[{"href":"https:\/\/topkeymedical.com\/pt\/wp-json\/wp\/v2\/media?parent=1077"}],"wp:term":[{"taxonomy":"product_brand","embeddable":true,"href":"https:\/\/topkeymedical.com\/pt\/wp-json\/wp\/v2\/product_brand?post=1077"},{"taxonomy":"product_cat","embeddable":true,"href":"https:\/\/topkeymedical.com\/pt\/wp-json\/wp\/v2\/product_cat?post=1077"},{"taxonomy":"product_tag","embeddable":true,"href":"https:\/\/topkeymedical.com\/pt\/wp-json\/wp\/v2\/product_tag?post=1077"}],"curies":[{"name":"wp","href":"https:\/\/api.w.org\/{rel}","templated":true}]}}