{"id":1567,"date":"2025-11-21T14:15:04","date_gmt":"2025-11-21T14:15:04","guid":{"rendered":"https:\/\/topkeymedical.com\/?post_type=product&#038;p=1567"},"modified":"2025-11-21T14:15:04","modified_gmt":"2025-11-21T14:15:04","slug":"micropipeta-manual-ajustavel-12-canais","status":"publish","type":"product","link":"https:\/\/topkeymedical.com\/pt\/product\/micropipeta-manual-ajustavel-12-canais\/","title":{"rendered":"Micropipeta manual ajust\u00e1vel, 12 canais, gama de volumes: 50-300 \u03bcL"},"content":{"rendered":"<p>A micropipeta manual ajust\u00e1vel de 12 canais \u00e9 amplamente utilizada na sociedade atual, oferecendo uma opera\u00e7\u00e3o confort\u00e1vel e de f\u00e1cil utiliza\u00e7\u00e3o.<\/p>\n<p>Em compara\u00e7\u00e3o com os cilindros graduados, permitem um manuseamento mais seguro de produtos qu\u00edmicos perigosos. As pipetas proporcionam maior exatid\u00e3o, permitindo medi\u00e7\u00f5es precisas durante a transfer\u00eancia de solu\u00e7\u00f5es. Ao poupar tempo, as pipetas aumentam a efici\u00eancia do laborat\u00f3rio.<\/p>\n<p>As pipetas multicanal s\u00e3o a escolha ideal para experi\u00eancias de elevado rendimento que exigem precis\u00e3o, efici\u00eancia e reprodutibilidade.<br \/>\nLidam com diversos l\u00edquidos, incluindo l\u00edquidos espumosos, l\u00edquidos com elevada press\u00e3o de vapor e l\u00edquidos de elevada viscosidade.<\/p>\n<p>A rec\u00e9m-atualizada pipeta multifuncional de 12 canais da Qiu Jing apresenta um design ergon\u00f3mico com uma gama de volumes mais ampla de 0,1 \u03bcL a 10 mL, proporcionando maior fiabilidade e precis\u00e3o para satisfazer as diversas exig\u00eancias dos laborat\u00f3rios modernos.<\/p>\n<p>Resistente ao impacto, <a href=\"https:\/\/www.epa.gov\/radtown\/ultraviolet-uv-radiation-and-sun-exposure\" target=\"_blank\" rel=\"noopener\">Exposi\u00e7\u00e3o aos raios UV<\/a>, A ponta \u00e9 resistente \u00e0 corros\u00e3o qu\u00edmica e \u00e0 corros\u00e3o, assegurando um desempenho de pipetagem est\u00e1vel a longo prazo. O conjunto de pontas, fabricado com materiais especializados, \u00e9 amov\u00edvel e suporta esteriliza\u00e7\u00e3o a alta temperatura e alta press\u00e3o. As vantagens adicionais incluem capacidades de auto-calibra\u00e7\u00e3o para gamas de volume.<\/p>\n<h2>Diagrama da estrutura da micropipeta manual ajust\u00e1vel:<\/h2>\n<p><img fetchpriority=\"high\" decoding=\"async\" class=\"wp-image-1568 size-full aligncenter\" title=\"Micropipeta manual ajust\u00e1vel\" src=\"https:\/\/topkeymedical.com\/wp-content\/uploads\/2025\/11\/Manual-adjustable-micropipette.webp\" alt=\"Micropipeta manual ajust\u00e1vel\" width=\"629\" height=\"629\" srcset=\"https:\/\/topkeymedical.com\/wp-content\/uploads\/2025\/11\/Manual-adjustable-micropipette.webp 629w, https:\/\/topkeymedical.com\/wp-content\/uploads\/2025\/11\/Manual-adjustable-micropipette-300x300.webp 300w, https:\/\/topkeymedical.com\/wp-content\/uploads\/2025\/11\/Manual-adjustable-micropipette-150x150.webp 150w, https:\/\/topkeymedical.com\/wp-content\/uploads\/2025\/11\/Manual-adjustable-micropipette-12x12.webp 12w, https:\/\/topkeymedical.com\/wp-content\/uploads\/2025\/11\/Manual-adjustable-micropipette-600x600.webp 600w, https:\/\/topkeymedical.com\/wp-content\/uploads\/2025\/11\/Manual-adjustable-micropipette-100x100.webp 100w\" sizes=\"(max-width: 629px) 100vw, 629px\" \/><\/p>\n<h2>Par\u00e2metros t\u00e9cnicos:<\/h2>\n<table>\n<tbody>\n<tr>\n<td rowspan=\"3\" width=\"101\">Tipo<\/td>\n<td rowspan=\"3\" width=\"108\">Volume<\/p>\n<p>Gama<\/td>\n<td rowspan=\"3\" width=\"81\">Incremento<\/td>\n<td rowspan=\"2\" width=\"86\">Teste<\/p>\n<p>Volume<\/td>\n<td width=\"103\">M\u00e1ximo<\/p>\n<p>Permitido<\/p>\n<p>Erros<\/td>\n<td width=\"100\">M\u00e1ximo<\/p>\n<p>Permitido<\/p>\n<p>Erros<\/td>\n<\/tr>\n<tr>\n<td width=\"103\">Exatid\u00e3o<\/p>\n<p>Erros<\/td>\n<td width=\"100\">Previs\u00e3o<\/p>\n<p>Erros<\/td>\n<\/tr>\n<tr>\n<td width=\"86\">\u03bcL<\/td>\n<td width=\"103\">%<\/td>\n<td width=\"100\">%<\/td>\n<\/tr>\n<tr>\n<td rowspan=\"3\" width=\"101\">0,5~10\u03bcL<\/td>\n<td rowspan=\"3\" width=\"108\">0,5~10\u03bcL<\/td>\n<td rowspan=\"3\" width=\"81\">0,1\u03bcL<\/td>\n<td width=\"86\">10\u03bcL<\/td>\n<td width=\"103\">\u00b11.50%<\/td>\n<td width=\"100\">1.50%<\/td>\n<\/tr>\n<tr>\n<td width=\"86\">5\u03bcL<\/td>\n<td width=\"103\">\u00b12.50%<\/td>\n<td width=\"100\">2.50%<\/td>\n<\/tr>\n<tr>\n<td width=\"86\">1\u03bcL<\/td>\n<td width=\"103\">\u00b14,00%<\/td>\n<td width=\"100\">4.00%<\/td>\n<\/tr>\n<tr>\n<td rowspan=\"3\" width=\"101\">5~50\u03bcL<\/td>\n<td rowspan=\"3\" width=\"108\">5~50\u03bcL<\/td>\n<td rowspan=\"3\" width=\"81\">0,5\u03bcL<\/td>\n<td width=\"86\">50\u03bcL<\/td>\n<td width=\"103\">\u00b11,00%<\/td>\n<td width=\"100\">0.50%<\/td>\n<\/tr>\n<tr>\n<td width=\"86\">25\u03bcL<\/td>\n<td width=\"103\">\u00b11.50%<\/td>\n<td width=\"100\">1.00%<\/td>\n<\/tr>\n<tr>\n<td width=\"86\">5\u03bcL<\/td>\n<td width=\"103\">\u00b13,00%<\/td>\n<td width=\"100\">2.00%<\/td>\n<\/tr>\n<tr>\n<td rowspan=\"3\" width=\"101\">50~300\u03bcL<\/td>\n<td rowspan=\"3\" width=\"108\">50~300\u03bcL<\/td>\n<td rowspan=\"3\" width=\"81\">5\u03bcL<\/td>\n<td width=\"86\">300\u03bcL<\/td>\n<td width=\"103\">\u00b10,70%<\/td>\n<td width=\"100\">0.25%<\/td>\n<\/tr>\n<tr>\n<td width=\"86\">150\u03bcL<\/td>\n<td width=\"103\">\u00b11,00%<\/td>\n<td width=\"100\">0.50%<\/td>\n<\/tr>\n<tr>\n<td width=\"86\">50\u03bcL<\/td>\n<td width=\"103\">\u00b11.50%<\/td>\n<td width=\"100\">0.80%<\/td>\n<\/tr>\n<\/tbody>\n<\/table>\n<h2>Detalhes do produto<\/h2>\n<p><img decoding=\"async\" class=\"aligncenter wp-image-1569 size-full\" title=\"Micropipeta manual ajust\u00e1vel de 12 canais\" src=\"https:\/\/topkeymedical.com\/wp-content\/uploads\/2025\/11\/12-channel-manual-adjustable-micropipette-6.webp\" alt=\"Micropipeta manual ajust\u00e1vel de 12 canais\" width=\"571\" height=\"1049\" srcset=\"https:\/\/topkeymedical.com\/wp-content\/uploads\/2025\/11\/12-channel-manual-adjustable-micropipette-6.webp 571w, https:\/\/topkeymedical.com\/wp-content\/uploads\/2025\/11\/12-channel-manual-adjustable-micropipette-6-163x300.webp 163w, https:\/\/topkeymedical.com\/wp-content\/uploads\/2025\/11\/12-channel-manual-adjustable-micropipette-6-557x1024.webp 557w, https:\/\/topkeymedical.com\/wp-content\/uploads\/2025\/11\/12-channel-manual-adjustable-micropipette-6-7x12.webp 7w\" sizes=\"(max-width: 571px) 100vw, 571px\" \/> <img decoding=\"async\" class=\"aligncenter wp-image-1570 size-full\" title=\"Micropipeta manual ajust\u00e1vel de 12 canais\" src=\"https:\/\/topkeymedical.com\/wp-content\/uploads\/2025\/11\/12-channel-manual-adjustable-micropipette-5.webp\" alt=\"Micropipeta manual ajust\u00e1vel de 12 canais\" width=\"682\" height=\"1031\" srcset=\"https:\/\/topkeymedical.com\/wp-content\/uploads\/2025\/11\/12-channel-manual-adjustable-micropipette-5.webp 682w, https:\/\/topkeymedical.com\/wp-content\/uploads\/2025\/11\/12-channel-manual-adjustable-micropipette-5-198x300.webp 198w, https:\/\/topkeymedical.com\/wp-content\/uploads\/2025\/11\/12-channel-manual-adjustable-micropipette-5-677x1024.webp 677w, https:\/\/topkeymedical.com\/wp-content\/uploads\/2025\/11\/12-channel-manual-adjustable-micropipette-5-8x12.webp 8w, https:\/\/topkeymedical.com\/wp-content\/uploads\/2025\/11\/12-channel-manual-adjustable-micropipette-5-600x907.webp 600w\" sizes=\"(max-width: 682px) 100vw, 682px\" \/> <img loading=\"lazy\" decoding=\"async\" class=\"aligncenter wp-image-1571 size-full\" title=\"Micropipeta manual ajust\u00e1vel de 12 canais\" src=\"https:\/\/topkeymedical.com\/wp-content\/uploads\/2025\/11\/12-channel-manual-adjustable-micropipette-4.webp\" alt=\"Micropipeta manual ajust\u00e1vel de 12 canais\" width=\"597\" height=\"1018\" srcset=\"https:\/\/topkeymedical.com\/wp-content\/uploads\/2025\/11\/12-channel-manual-adjustable-micropipette-4.webp 597w, https:\/\/topkeymedical.com\/wp-content\/uploads\/2025\/11\/12-channel-manual-adjustable-micropipette-4-176x300.webp 176w, https:\/\/topkeymedical.com\/wp-content\/uploads\/2025\/11\/12-channel-manual-adjustable-micropipette-4-7x12.webp 7w\" sizes=\"(max-width: 597px) 100vw, 597px\" \/> <img loading=\"lazy\" decoding=\"async\" class=\"aligncenter wp-image-1572 size-full\" title=\"Micropipeta manual ajust\u00e1vel de 12 canais\" src=\"https:\/\/topkeymedical.com\/wp-content\/uploads\/2025\/11\/12-channel-manual-adjustable-micropipette-3.webp\" alt=\"Micropipeta manual ajust\u00e1vel de 12 canais\" width=\"639\" height=\"1111\" srcset=\"https:\/\/topkeymedical.com\/wp-content\/uploads\/2025\/11\/12-channel-manual-adjustable-micropipette-3.webp 639w, https:\/\/topkeymedical.com\/wp-content\/uploads\/2025\/11\/12-channel-manual-adjustable-micropipette-3-173x300.webp 173w, https:\/\/topkeymedical.com\/wp-content\/uploads\/2025\/11\/12-channel-manual-adjustable-micropipette-3-589x1024.webp 589w, https:\/\/topkeymedical.com\/wp-content\/uploads\/2025\/11\/12-channel-manual-adjustable-micropipette-3-7x12.webp 7w, https:\/\/topkeymedical.com\/wp-content\/uploads\/2025\/11\/12-channel-manual-adjustable-micropipette-3-600x1043.webp 600w\" sizes=\"(max-width: 639px) 100vw, 639px\" \/> <img loading=\"lazy\" decoding=\"async\" class=\"aligncenter wp-image-1573 size-full\" title=\"Micropipeta manual ajust\u00e1vel de 12 canais\" src=\"https:\/\/topkeymedical.com\/wp-content\/uploads\/2025\/11\/12-channel-manual-adjustable-micropipette-2.webp\" alt=\"Micropipeta manual ajust\u00e1vel de 12 canais\" width=\"616\" height=\"891\" srcset=\"https:\/\/topkeymedical.com\/wp-content\/uploads\/2025\/11\/12-channel-manual-adjustable-micropipette-2.webp 616w, https:\/\/topkeymedical.com\/wp-content\/uploads\/2025\/11\/12-channel-manual-adjustable-micropipette-2-207x300.webp 207w, https:\/\/topkeymedical.com\/wp-content\/uploads\/2025\/11\/12-channel-manual-adjustable-micropipette-2-8x12.webp 8w, https:\/\/topkeymedical.com\/wp-content\/uploads\/2025\/11\/12-channel-manual-adjustable-micropipette-2-600x868.webp 600w\" sizes=\"(max-width: 616px) 100vw, 616px\" \/><\/p>","protected":false},"excerpt":{"rendered":"<p>A micropipeta manual ajust\u00e1vel de 12 canais (intervalo de volume: 50-300) \u00e9 amplamente utilizada na sociedade atual, oferecendo uma opera\u00e7\u00e3o confort\u00e1vel e f\u00e1cil de utilizar.<\/p>","protected":false},"featured_media":1556,"template":"","meta":{"_acf_changed":false,"site-sidebar-layout":"default","site-content-layout":"","ast-site-content-layout":"default","site-content-style":"default","site-sidebar-style":"default","ast-global-header-display":"","ast-banner-title-visibility":"","ast-main-header-display":"","ast-hfb-above-header-display":"","ast-hfb-below-header-display":"","ast-hfb-mobile-header-display":"","site-post-title":"","ast-breadcrumbs-content":"","ast-featured-img":"","footer-sml-layout":"","ast-disable-related-posts":"","theme-transparent-header-meta":"default","adv-header-id-meta":"","stick-header-meta":"","header-above-stick-meta":"","header-main-stick-meta":"","header-below-stick-meta":"","astra-migrate-meta-layouts":"set","ast-page-background-enabled":"default","ast-page-background-meta":{"desktop":{"background-color":"var(--ast-global-color-5)","background-image":"","background-repeat":"repeat","background-position":"center center","background-size":"auto","background-attachment":"scroll","background-type":"","background-media":"","overlay-type":"","overlay-color":"","overlay-opacity":"","overlay-gradient":""},"tablet":{"background-color":"","background-image":"","background-repeat":"repeat","background-position":"center center","background-size":"auto","background-attachment":"scroll","background-type":"","background-media":"","overlay-type":"","overlay-color":"","overlay-opacity":"","overlay-gradient":""},"mobile":{"background-color":"","background-image":"","background-repeat":"repeat","background-position":"center center","background-size":"auto","background-attachment":"scroll","background-type":"","background-media":"","overlay-type":"","overlay-color":"","overlay-opacity":"","overlay-gradient":""}},"ast-content-background-meta":{"desktop":{"background-color":"var(--ast-global-color-4)","background-image":"","background-repeat":"repeat","background-position":"center center","background-size":"auto","background-attachment":"scroll","background-type":"","background-media":"","overlay-type":"","overlay-color":"","overlay-opacity":"","overlay-gradient":""},"tablet":{"background-color":"var(--ast-global-color-4)","background-image":"","background-repeat":"repeat","background-position":"center center","background-size":"auto","background-attachment":"scroll","background-type":"","background-media":"","overlay-type":"","overlay-color":"","overlay-opacity":"","overlay-gradient":""},"mobile":{"background-color":"var(--ast-global-color-4)","background-image":"","background-repeat":"repeat","background-position":"center center","background-size":"auto","background-attachment":"scroll","background-type":"","background-media":"","overlay-type":"","overlay-color":"","overlay-opacity":"","overlay-gradient":""}}},"product_brand":[],"product_cat":[66],"product_tag":[],"class_list":{"0":"post-1567","1":"product","2":"type-product","3":"status-publish","4":"has-post-thumbnail","6":"product_cat-manual-pipette","7":"desktop-align-left","8":"tablet-align-left","9":"mobile-align-left","11":"first","12":"instock","13":"shipping-taxable","14":"product-type-simple"},"acf":[],"yoast_head":"<!-- This site is optimized with the Yoast SEO plugin v27.4 - https:\/\/yoast.com\/product\/yoast-seo-wordpress\/ -->\n<title>Manual adjustable micropipette, 12 channels, 50\u2013300 \u03bcL<\/title>\n<meta name=\"description\" content=\"12-channel manual adjustable micropipette is widely used in today&#039;s society, offering comfortable and user-friendly operation.\" \/>\n<meta name=\"robots\" content=\"index, follow, max-snippet:-1, max-image-preview:large, max-video-preview:-1\" \/>\n<link rel=\"canonical\" href=\"https:\/\/topkeymedical.com\/pt\/product\/micropipeta-manual-ajustavel-12-canais\/\" \/>\n<meta property=\"og:locale\" content=\"pt_PT\" \/>\n<meta property=\"og:type\" content=\"article\" \/>\n<meta property=\"og:title\" content=\"Manual adjustable micropipette, 12 channels, 50\u2013300 \u03bcL\" \/>\n<meta property=\"og:description\" content=\"12-channel manual adjustable micropipette is widely used in today&#039;s society, offering comfortable and user-friendly operation.\" \/>\n<meta property=\"og:url\" content=\"https:\/\/topkeymedical.com\/pt\/product\/micropipeta-manual-ajustavel-12-canais\/\" \/>\n<meta property=\"og:site_name\" content=\"TOPKEY\u2013 Precision in Every Detail, Guardian of Life and Health\" \/>\n<meta property=\"article:publisher\" content=\"https:\/\/www.facebook.com\/profile.php?id=100088897294997\" \/>\n<meta property=\"og:image\" content=\"https:\/\/topkeymedical.com\/wp-content\/uploads\/2025\/11\/12-channel-pipette-3.webp\" \/>\n\t<meta property=\"og:image:width\" content=\"1000\" \/>\n\t<meta property=\"og:image:height\" content=\"1000\" \/>\n\t<meta property=\"og:image:type\" content=\"image\/webp\" \/>\n<meta name=\"twitter:card\" content=\"summary_large_image\" \/>\n<meta name=\"twitter:label1\" content=\"Tempo estimado de leitura\" \/>\n\t<meta name=\"twitter:data1\" content=\"3 minutos\" \/>\n<script type=\"application\/ld+json\" class=\"yoast-schema-graph\">{\"@context\":\"https:\\\/\\\/schema.org\",\"@graph\":[{\"@type\":\"WebPage\",\"@id\":\"https:\\\/\\\/topkeymedical.com\\\/product\\\/manual-adjustable-micropipette-12-channels\\\/\",\"url\":\"https:\\\/\\\/topkeymedical.com\\\/product\\\/manual-adjustable-micropipette-12-channels\\\/\",\"name\":\"Manual adjustable micropipette, 12 channels, 50\u2013300 \u03bcL\",\"isPartOf\":{\"@id\":\"https:\\\/\\\/topkeymedical.com\\\/#website\"},\"primaryImageOfPage\":{\"@id\":\"https:\\\/\\\/topkeymedical.com\\\/product\\\/manual-adjustable-micropipette-12-channels\\\/#primaryimage\"},\"image\":{\"@id\":\"https:\\\/\\\/topkeymedical.com\\\/product\\\/manual-adjustable-micropipette-12-channels\\\/#primaryimage\"},\"thumbnailUrl\":\"https:\\\/\\\/topkeymedical.com\\\/wp-content\\\/uploads\\\/2025\\\/11\\\/12-channel-pipette-3.webp\",\"datePublished\":\"2025-11-21T14:15:04+00:00\",\"description\":\"12-channel manual adjustable micropipette is widely used in today's society, offering comfortable and user-friendly operation.\",\"breadcrumb\":{\"@id\":\"https:\\\/\\\/topkeymedical.com\\\/product\\\/manual-adjustable-micropipette-12-channels\\\/#breadcrumb\"},\"inLanguage\":\"pt-PT\",\"potentialAction\":[{\"@type\":\"ReadAction\",\"target\":[\"https:\\\/\\\/topkeymedical.com\\\/product\\\/manual-adjustable-micropipette-12-channels\\\/\"]}]},{\"@type\":\"ImageObject\",\"inLanguage\":\"pt-PT\",\"@id\":\"https:\\\/\\\/topkeymedical.com\\\/product\\\/manual-adjustable-micropipette-12-channels\\\/#primaryimage\",\"url\":\"https:\\\/\\\/topkeymedical.com\\\/wp-content\\\/uploads\\\/2025\\\/11\\\/12-channel-pipette-3.webp\",\"contentUrl\":\"https:\\\/\\\/topkeymedical.com\\\/wp-content\\\/uploads\\\/2025\\\/11\\\/12-channel-pipette-3.webp\",\"width\":1000,\"height\":1000,\"caption\":\"12-Channel Manual Adjustable Micropipette\"},{\"@type\":\"BreadcrumbList\",\"@id\":\"https:\\\/\\\/topkeymedical.com\\\/product\\\/manual-adjustable-micropipette-12-channels\\\/#breadcrumb\",\"itemListElement\":[{\"@type\":\"ListItem\",\"position\":1,\"name\":\"Home\",\"item\":\"https:\\\/\\\/topkeymedical.com\\\/\"},{\"@type\":\"ListItem\",\"position\":2,\"name\":\"Products\",\"item\":\"https:\\\/\\\/topkeymedical.com\\\/shop\\\/\"},{\"@type\":\"ListItem\",\"position\":3,\"name\":\"Manual adjustable micropipette, 12 channels, volume range:50\u2013300 \u03bcL\"}]},{\"@type\":\"WebSite\",\"@id\":\"https:\\\/\\\/topkeymedical.com\\\/#website\",\"url\":\"https:\\\/\\\/topkeymedical.com\\\/\",\"name\":\"TOPKEY\u2013 Precision in Every Detail, Guardian of Life and Health\",\"description\":\"\",\"publisher\":{\"@id\":\"https:\\\/\\\/topkeymedical.com\\\/#organization\"},\"potentialAction\":[{\"@type\":\"SearchAction\",\"target\":{\"@type\":\"EntryPoint\",\"urlTemplate\":\"https:\\\/\\\/topkeymedical.com\\\/?s={search_term_string}\"},\"query-input\":{\"@type\":\"PropertyValueSpecification\",\"valueRequired\":true,\"valueName\":\"search_term_string\"}}],\"inLanguage\":\"pt-PT\"},{\"@type\":\"Organization\",\"@id\":\"https:\\\/\\\/topkeymedical.com\\\/#organization\",\"name\":\"TOPKEY\u2013 Precision in Every Detail, Guardian of Life and Health\",\"url\":\"https:\\\/\\\/topkeymedical.com\\\/\",\"logo\":{\"@type\":\"ImageObject\",\"inLanguage\":\"pt-PT\",\"@id\":\"https:\\\/\\\/topkeymedical.com\\\/#\\\/schema\\\/logo\\\/image\\\/\",\"url\":\"https:\\\/\\\/topkeymedical.com\\\/wp-content\\\/uploads\\\/2025\\\/05\\\/cropped-logo.jpg\",\"contentUrl\":\"https:\\\/\\\/topkeymedical.com\\\/wp-content\\\/uploads\\\/2025\\\/05\\\/cropped-logo.jpg\",\"width\":512,\"height\":512,\"caption\":\"TOPKEY\u2013 Precision in Every Detail, Guardian of Life and Health\"},\"image\":{\"@id\":\"https:\\\/\\\/topkeymedical.com\\\/#\\\/schema\\\/logo\\\/image\\\/\"},\"sameAs\":[\"https:\\\/\\\/www.facebook.com\\\/profile.php?id=100088897294997\",\"https:\\\/\\\/www.youtube.com\\\/@TopkeyMedical-Alice888\",\"https:\\\/\\\/www.linkedin.com\\\/in\\\/alice-hu-bb66a01b3\\\/\"]}]}<\/script>\n<!-- \/ Yoast SEO plugin. -->","yoast_head_json":{"title":"Micropipeta manual ajust\u00e1vel, 12 canais, 50-300 \u03bcL","description":"A micropipeta manual ajust\u00e1vel de 12 canais \u00e9 amplamente utilizada na sociedade atual, oferecendo uma opera\u00e7\u00e3o confort\u00e1vel e de f\u00e1cil utiliza\u00e7\u00e3o.","robots":{"index":"index","follow":"follow","max-snippet":"max-snippet:-1","max-image-preview":"max-image-preview:large","max-video-preview":"max-video-preview:-1"},"canonical":"https:\/\/topkeymedical.com\/pt\/product\/micropipeta-manual-ajustavel-12-canais\/","og_locale":"pt_PT","og_type":"article","og_title":"Manual adjustable micropipette, 12 channels, 50\u2013300 \u03bcL","og_description":"12-channel manual adjustable micropipette is widely used in today's society, offering comfortable and user-friendly operation.","og_url":"https:\/\/topkeymedical.com\/pt\/product\/micropipeta-manual-ajustavel-12-canais\/","og_site_name":"TOPKEY\u2013 Precision in Every Detail, Guardian of Life and Health","article_publisher":"https:\/\/www.facebook.com\/profile.php?id=100088897294997","og_image":[{"width":1000,"height":1000,"url":"https:\/\/topkeymedical.com\/wp-content\/uploads\/2025\/11\/12-channel-pipette-3.webp","type":"image\/webp"}],"twitter_card":"summary_large_image","twitter_misc":{"Tempo estimado de leitura":"3 minutos"},"schema":{"@context":"https:\/\/schema.org","@graph":[{"@type":"WebPage","@id":"https:\/\/topkeymedical.com\/product\/manual-adjustable-micropipette-12-channels\/","url":"https:\/\/topkeymedical.com\/product\/manual-adjustable-micropipette-12-channels\/","name":"Micropipeta manual ajust\u00e1vel, 12 canais, 50-300 \u03bcL","isPartOf":{"@id":"https:\/\/topkeymedical.com\/#website"},"primaryImageOfPage":{"@id":"https:\/\/topkeymedical.com\/product\/manual-adjustable-micropipette-12-channels\/#primaryimage"},"image":{"@id":"https:\/\/topkeymedical.com\/product\/manual-adjustable-micropipette-12-channels\/#primaryimage"},"thumbnailUrl":"https:\/\/topkeymedical.com\/wp-content\/uploads\/2025\/11\/12-channel-pipette-3.webp","datePublished":"2025-11-21T14:15:04+00:00","description":"A micropipeta manual ajust\u00e1vel de 12 canais \u00e9 amplamente utilizada na sociedade atual, oferecendo uma opera\u00e7\u00e3o confort\u00e1vel e de f\u00e1cil utiliza\u00e7\u00e3o.","breadcrumb":{"@id":"https:\/\/topkeymedical.com\/product\/manual-adjustable-micropipette-12-channels\/#breadcrumb"},"inLanguage":"pt-PT","potentialAction":[{"@type":"ReadAction","target":["https:\/\/topkeymedical.com\/product\/manual-adjustable-micropipette-12-channels\/"]}]},{"@type":"ImageObject","inLanguage":"pt-PT","@id":"https:\/\/topkeymedical.com\/product\/manual-adjustable-micropipette-12-channels\/#primaryimage","url":"https:\/\/topkeymedical.com\/wp-content\/uploads\/2025\/11\/12-channel-pipette-3.webp","contentUrl":"https:\/\/topkeymedical.com\/wp-content\/uploads\/2025\/11\/12-channel-pipette-3.webp","width":1000,"height":1000,"caption":"12-Channel Manual Adjustable Micropipette"},{"@type":"BreadcrumbList","@id":"https:\/\/topkeymedical.com\/product\/manual-adjustable-micropipette-12-channels\/#breadcrumb","itemListElement":[{"@type":"ListItem","position":1,"name":"Home","item":"https:\/\/topkeymedical.com\/"},{"@type":"ListItem","position":2,"name":"Products","item":"https:\/\/topkeymedical.com\/shop\/"},{"@type":"ListItem","position":3,"name":"Manual adjustable micropipette, 12 channels, volume range:50\u2013300 \u03bcL"}]},{"@type":"WebSite","@id":"https:\/\/topkeymedical.com\/#website","url":"https:\/\/topkeymedical.com\/","name":"TOPKEY- Precis\u00e3o em cada detalhe, guardi\u00e3o da vida e da sa\u00fade","description":"","publisher":{"@id":"https:\/\/topkeymedical.com\/#organization"},"potentialAction":[{"@type":"SearchAction","target":{"@type":"EntryPoint","urlTemplate":"https:\/\/topkeymedical.com\/?s={search_term_string}"},"query-input":{"@type":"PropertyValueSpecification","valueRequired":true,"valueName":"search_term_string"}}],"inLanguage":"pt-PT"},{"@type":"Organization","@id":"https:\/\/topkeymedical.com\/#organization","name":"TOPKEY- Precis\u00e3o em cada detalhe, guardi\u00e3o da vida e da sa\u00fade","url":"https:\/\/topkeymedical.com\/","logo":{"@type":"ImageObject","inLanguage":"pt-PT","@id":"https:\/\/topkeymedical.com\/#\/schema\/logo\/image\/","url":"https:\/\/topkeymedical.com\/wp-content\/uploads\/2025\/05\/cropped-logo.jpg","contentUrl":"https:\/\/topkeymedical.com\/wp-content\/uploads\/2025\/05\/cropped-logo.jpg","width":512,"height":512,"caption":"TOPKEY\u2013 Precision in Every Detail, Guardian of Life and Health"},"image":{"@id":"https:\/\/topkeymedical.com\/#\/schema\/logo\/image\/"},"sameAs":["https:\/\/www.facebook.com\/profile.php?id=100088897294997","https:\/\/www.youtube.com\/@TopkeyMedical-Alice888","https:\/\/www.linkedin.com\/in\/alice-hu-bb66a01b3\/"]}]}},"_links":{"self":[{"href":"https:\/\/topkeymedical.com\/pt\/wp-json\/wp\/v2\/product\/1567","targetHints":{"allow":["GET"]}}],"collection":[{"href":"https:\/\/topkeymedical.com\/pt\/wp-json\/wp\/v2\/product"}],"about":[{"href":"https:\/\/topkeymedical.com\/pt\/wp-json\/wp\/v2\/types\/product"}],"version-history":[{"count":2,"href":"https:\/\/topkeymedical.com\/pt\/wp-json\/wp\/v2\/product\/1567\/revisions"}],"predecessor-version":[{"id":1739,"href":"https:\/\/topkeymedical.com\/pt\/wp-json\/wp\/v2\/product\/1567\/revisions\/1739"}],"wp:featuredmedia":[{"embeddable":true,"href":"https:\/\/topkeymedical.com\/pt\/wp-json\/wp\/v2\/media\/1556"}],"wp:attachment":[{"href":"https:\/\/topkeymedical.com\/pt\/wp-json\/wp\/v2\/media?parent=1567"}],"wp:term":[{"taxonomy":"product_brand","embeddable":true,"href":"https:\/\/topkeymedical.com\/pt\/wp-json\/wp\/v2\/product_brand?post=1567"},{"taxonomy":"product_cat","embeddable":true,"href":"https:\/\/topkeymedical.com\/pt\/wp-json\/wp\/v2\/product_cat?post=1567"},{"taxonomy":"product_tag","embeddable":true,"href":"https:\/\/topkeymedical.com\/pt\/wp-json\/wp\/v2\/product_tag?post=1567"}],"curies":[{"name":"wp","href":"https:\/\/api.w.org\/{rel}","templated":true}]}}