{"id":1745,"date":"2025-12-22T13:31:38","date_gmt":"2025-12-22T13:31:38","guid":{"rendered":"https:\/\/topkeymedical.com\/?post_type=product&#038;p=1745"},"modified":"2025-12-22T13:31:39","modified_gmt":"2025-12-22T13:31:39","slug":"agitador-magnetico-utilizado-em-laboratorio","status":"publish","type":"product","link":"https:\/\/topkeymedical.com\/pt\/product\/agitador-magnetico-utilizado-em-laboratorio\/","title":{"rendered":"Agitador magn\u00e9tico usado em laborat\u00f3rio, Agitador magn\u00e9tico para qu\u00edmica"},"content":{"rendered":"<p>A superf\u00edcie de trabalho do agitador magn\u00e9tico \u00e9 coberta por um painel de vidro resistente ao desgaste e \u00e0 corros\u00e3o, emparelhado com um rotor magn\u00e9tico forte e resistente a altas temperaturas e um corpo integrado de alum\u00ednio fundido sob press\u00e3o com revestimento cer\u00e2mico, garantindo uma for\u00e7a de agita\u00e7\u00e3o poderosa e uma durabilidade duradoura.<\/p>\n<p>A fun\u00e7\u00e3o de aquecimento opcional (m\u00e1ximo de 105\u00b0C \u00e0 temperatura ambiente) com sensor PT100 permite um controlo preciso da temperatura, tornando-o adequado para cen\u00e1rios experimentais exigentes, como a s\u00edntese qu\u00edmica e a cultura biol\u00f3gica. O agitador magn\u00e9tico qu\u00edmico \u00e9 o equipamento de mistura ideal para processar uma vasta gama de l\u00edquidos.<\/p>\n<h2>Agitador magn\u00e9tico de quatro canais (tipo n\u00e3o aquecido)<\/h2>\n<table>\n<tbody>\n<tr>\n<td width=\"284\">Tens\u00e3o de alimenta\u00e7\u00e3o<\/td>\n<td width=\"284\">AC100-240V<\/td>\n<\/tr>\n<tr>\n<td width=\"284\">Pot\u00eancia<\/td>\n<td width=\"284\">45W<\/td>\n<\/tr>\n<tr>\n<td width=\"284\">Modo de visualiza\u00e7\u00e3o<\/td>\n<td width=\"284\">LCD<\/td>\n<\/tr>\n<tr>\n<td width=\"284\">Velocidade de rota\u00e7\u00e3o<\/td>\n<td width=\"284\">200-1600<\/td>\n<\/tr>\n<tr>\n<td width=\"284\">Gama de controlo de velocidade<\/td>\n<td width=\"284\">\u00b110rpm<\/td>\n<\/tr>\n<tr>\n<td width=\"284\">Tempo efetivo de centrifuga\u00e7\u00e3o<\/td>\n<td width=\"284\">1-99 horas 59 minutos<\/td>\n<\/tr>\n<tr>\n<td width=\"284\">Capacidade m\u00e1xima do agitador<\/td>\n<td width=\"284\">2L<\/td>\n<\/tr>\n<tr>\n<td width=\"284\">Material do disco de trabalho<\/td>\n<td width=\"284\">PC revestido, resist\u00eancia \u00e0 corros\u00e3o<\/td>\n<\/tr>\n<tr>\n<td width=\"284\">Tamanho da \u00e1rea da placa de trabalho<\/td>\n<td width=\"284\">150*150<\/td>\n<\/tr>\n<tr>\n<td width=\"284\">Tipo de motor<\/td>\n<td width=\"284\">Motor DC sem escovas<\/td>\n<\/tr>\n<tr>\n<td width=\"284\">Modo de controlo do tempo<\/td>\n<td width=\"284\">Comando do bot\u00e3o esquerdo<\/td>\n<\/tr>\n<tr>\n<td width=\"284\">Modo de controlo da velocidade<\/td>\n<td width=\"284\">Bot\u00e3o direito de controlo<\/td>\n<\/tr>\n<\/tbody>\n<\/table>\n<h2>Agitador magn\u00e9tico de quatro canais (tipo aquecido)<\/h2>\n<table>\n<tbody>\n<tr>\n<td width=\"284\">Tens\u00e3o de alimenta\u00e7\u00e3o<\/td>\n<td width=\"284\">AC100-240V<\/td>\n<\/tr>\n<tr>\n<td width=\"284\">Pot\u00eancia<\/td>\n<td width=\"284\">45W<\/td>\n<\/tr>\n<tr>\n<td width=\"284\">Modo de visualiza\u00e7\u00e3o<\/td>\n<td width=\"284\">LCD<\/td>\n<\/tr>\n<tr>\n<td width=\"284\">Velocidade de rota\u00e7\u00e3o<\/td>\n<td width=\"284\">200-1600<\/td>\n<\/tr>\n<tr>\n<td width=\"284\">Gama de controlo de velocidade<\/td>\n<td width=\"284\">\u00b110rpm<\/td>\n<\/tr>\n<tr>\n<td width=\"284\">Tempo efetivo de centrifuga\u00e7\u00e3o<\/td>\n<td width=\"284\">1-99 horas e 59 minutos<\/td>\n<\/tr>\n<tr>\n<td width=\"284\">Temperatura de aquecimento<\/td>\n<td width=\"284\">RT-105\u00b0C<\/td>\n<\/tr>\n<tr>\n<td width=\"284\">Controlo da temperatura<\/td>\n<td width=\"284\">Linha de temperatura incorporada<\/td>\n<\/tr>\n<tr>\n<td width=\"284\">Capacidade m\u00e1xima do agitador<\/td>\n<td width=\"284\">2L<\/td>\n<\/tr>\n<tr>\n<td width=\"284\">Material do disco de trabalho<\/td>\n<td width=\"284\">A\u00e7o inoxid\u00e1vel 304<\/td>\n<\/tr>\n<tr>\n<td width=\"284\">Tamanho da \u00e1rea do disco de trabalho<\/td>\n<td width=\"284\">150*150<\/td>\n<\/tr>\n<tr>\n<td width=\"284\">Tipo de motor<\/td>\n<td width=\"284\">Motor DC sem escovas<\/td>\n<\/tr>\n<tr>\n<td width=\"284\">Modo de controlo do tempo<\/td>\n<td width=\"284\">Comando do bot\u00e3o esquerdo<\/td>\n<\/tr>\n<tr>\n<td width=\"284\">Modo de controlo da velocidade<\/td>\n<td width=\"284\">Bot\u00e3o direito de controlo<\/td>\n<\/tr>\n<\/tbody>\n<\/table>","protected":false},"excerpt":{"rendered":"<p>O agitador magn\u00e9tico utilizado no laborat\u00f3rio est\u00e1 dispon\u00edvel em modelos de um canal e de v\u00e1rios canais, com um ecr\u00e3 LCD multicolor intuitivo para os par\u00e2metros de funcionamento e que suporta um ajuste de velocidade cont\u00ednuo de 200 a 1800 rpm.<\/p>","protected":false},"featured_media":1748,"template":"","meta":{"_acf_changed":false,"site-sidebar-layout":"default","site-content-layout":"","ast-site-content-layout":"default","site-content-style":"default","site-sidebar-style":"default","ast-global-header-display":"","ast-banner-title-visibility":"","ast-main-header-display":"","ast-hfb-above-header-display":"","ast-hfb-below-header-display":"","ast-hfb-mobile-header-display":"","site-post-title":"","ast-breadcrumbs-content":"","ast-featured-img":"","footer-sml-layout":"","ast-disable-related-posts":"","theme-transparent-header-meta":"default","adv-header-id-meta":"","stick-header-meta":"","header-above-stick-meta":"","header-main-stick-meta":"","header-below-stick-meta":"","astra-migrate-meta-layouts":"set","ast-page-background-enabled":"default","ast-page-background-meta":{"desktop":{"background-color":"var(--ast-global-color-5)","background-image":"","background-repeat":"repeat","background-position":"center center","background-size":"auto","background-attachment":"scroll","background-type":"","background-media":"","overlay-type":"","overlay-color":"","overlay-opacity":"","overlay-gradient":""},"tablet":{"background-color":"","background-image":"","background-repeat":"repeat","background-position":"center center","background-size":"auto","background-attachment":"scroll","background-type":"","background-media":"","overlay-type":"","overlay-color":"","overlay-opacity":"","overlay-gradient":""},"mobile":{"background-color":"","background-image":"","background-repeat":"repeat","background-position":"center center","background-size":"auto","background-attachment":"scroll","background-type":"","background-media":"","overlay-type":"","overlay-color":"","overlay-opacity":"","overlay-gradient":""}},"ast-content-background-meta":{"desktop":{"background-color":"var(--ast-global-color-4)","background-image":"","background-repeat":"repeat","background-position":"center center","background-size":"auto","background-attachment":"scroll","background-type":"","background-media":"","overlay-type":"","overlay-color":"","overlay-opacity":"","overlay-gradient":""},"tablet":{"background-color":"var(--ast-global-color-4)","background-image":"","background-repeat":"repeat","background-position":"center center","background-size":"auto","background-attachment":"scroll","background-type":"","background-media":"","overlay-type":"","overlay-color":"","overlay-opacity":"","overlay-gradient":""},"mobile":{"background-color":"var(--ast-global-color-4)","background-image":"","background-repeat":"repeat","background-position":"center center","background-size":"auto","background-attachment":"scroll","background-type":"","background-media":"","overlay-type":"","overlay-color":"","overlay-opacity":"","overlay-gradient":""}}},"product_brand":[],"product_cat":[70],"product_tag":[],"class_list":{"0":"post-1745","1":"product","2":"type-product","3":"status-publish","4":"has-post-thumbnail","6":"product_cat-magnetic-stirrer-manufacturer","7":"desktop-align-left","8":"tablet-align-left","9":"mobile-align-left","11":"first","12":"instock","13":"shipping-taxable","14":"product-type-simple"},"acf":[],"yoast_head":"<!-- This site is optimized with the Yoast SEO plugin v27.4 - https:\/\/yoast.com\/product\/yoast-seo-wordpress\/ -->\n<title>Magnetic Stirrer Used In Laboratory, Chemistry Magnetic Stirrer<\/title>\n<meta name=\"description\" content=\"The Magnetic Stirrer Used In Laboratory&#039;s working surface is covered with a wear-resistant and corrosion-resistant glass panel\" \/>\n<meta name=\"robots\" content=\"index, follow, max-snippet:-1, max-image-preview:large, max-video-preview:-1\" \/>\n<link rel=\"canonical\" href=\"https:\/\/topkeymedical.com\/pt\/product\/agitador-magnetico-utilizado-em-laboratorio\/\" \/>\n<meta property=\"og:locale\" content=\"pt_PT\" \/>\n<meta property=\"og:type\" content=\"article\" \/>\n<meta property=\"og:title\" content=\"Magnetic Stirrer Used In Laboratory, Chemistry Magnetic Stirrer\" \/>\n<meta property=\"og:description\" content=\"The Magnetic Stirrer Used In Laboratory&#039;s working surface is covered with a wear-resistant and corrosion-resistant glass panel\" \/>\n<meta property=\"og:url\" content=\"https:\/\/topkeymedical.com\/pt\/product\/agitador-magnetico-utilizado-em-laboratorio\/\" \/>\n<meta property=\"og:site_name\" content=\"TOPKEY\u2013 Precision in Every Detail, Guardian of Life and Health\" \/>\n<meta property=\"article:publisher\" content=\"https:\/\/www.facebook.com\/profile.php?id=100088897294997\" \/>\n<meta property=\"article:modified_time\" content=\"2025-12-22T13:31:39+00:00\" \/>\n<meta property=\"og:image\" content=\"https:\/\/topkeymedical.com\/wp-content\/uploads\/2025\/12\/Magnetic-Stirrer-Used-In-Laboratory-4.webp\" \/>\n\t<meta property=\"og:image:width\" content=\"455\" \/>\n\t<meta property=\"og:image:height\" content=\"455\" \/>\n\t<meta property=\"og:image:type\" content=\"image\/webp\" \/>\n<meta name=\"twitter:card\" content=\"summary_large_image\" \/>\n<meta name=\"twitter:label1\" content=\"Tempo estimado de leitura\" \/>\n\t<meta name=\"twitter:data1\" content=\"2 minutos\" \/>\n<script type=\"application\/ld+json\" class=\"yoast-schema-graph\">{\"@context\":\"https:\\\/\\\/schema.org\",\"@graph\":[{\"@type\":\"WebPage\",\"@id\":\"https:\\\/\\\/topkeymedical.com\\\/product\\\/magnetic-stirrer-used-in-laboratory\\\/\",\"url\":\"https:\\\/\\\/topkeymedical.com\\\/product\\\/magnetic-stirrer-used-in-laboratory\\\/\",\"name\":\"Magnetic Stirrer Used In Laboratory, Chemistry Magnetic Stirrer\",\"isPartOf\":{\"@id\":\"https:\\\/\\\/topkeymedical.com\\\/#website\"},\"primaryImageOfPage\":{\"@id\":\"https:\\\/\\\/topkeymedical.com\\\/product\\\/magnetic-stirrer-used-in-laboratory\\\/#primaryimage\"},\"image\":{\"@id\":\"https:\\\/\\\/topkeymedical.com\\\/product\\\/magnetic-stirrer-used-in-laboratory\\\/#primaryimage\"},\"thumbnailUrl\":\"https:\\\/\\\/topkeymedical.com\\\/wp-content\\\/uploads\\\/2025\\\/12\\\/Magnetic-Stirrer-Used-In-Laboratory-4.webp\",\"datePublished\":\"2025-12-22T13:31:38+00:00\",\"dateModified\":\"2025-12-22T13:31:39+00:00\",\"description\":\"The Magnetic Stirrer Used In Laboratory's working surface is covered with a wear-resistant and corrosion-resistant glass panel\",\"breadcrumb\":{\"@id\":\"https:\\\/\\\/topkeymedical.com\\\/product\\\/magnetic-stirrer-used-in-laboratory\\\/#breadcrumb\"},\"inLanguage\":\"pt-PT\",\"potentialAction\":[{\"@type\":\"ReadAction\",\"target\":[\"https:\\\/\\\/topkeymedical.com\\\/product\\\/magnetic-stirrer-used-in-laboratory\\\/\"]}]},{\"@type\":\"ImageObject\",\"inLanguage\":\"pt-PT\",\"@id\":\"https:\\\/\\\/topkeymedical.com\\\/product\\\/magnetic-stirrer-used-in-laboratory\\\/#primaryimage\",\"url\":\"https:\\\/\\\/topkeymedical.com\\\/wp-content\\\/uploads\\\/2025\\\/12\\\/Magnetic-Stirrer-Used-In-Laboratory-4.webp\",\"contentUrl\":\"https:\\\/\\\/topkeymedical.com\\\/wp-content\\\/uploads\\\/2025\\\/12\\\/Magnetic-Stirrer-Used-In-Laboratory-4.webp\",\"width\":455,\"height\":455,\"caption\":\"magnetic stirrer used in laboratory, chemistry magnetic stirrer\"},{\"@type\":\"BreadcrumbList\",\"@id\":\"https:\\\/\\\/topkeymedical.com\\\/product\\\/magnetic-stirrer-used-in-laboratory\\\/#breadcrumb\",\"itemListElement\":[{\"@type\":\"ListItem\",\"position\":1,\"name\":\"Home\",\"item\":\"https:\\\/\\\/topkeymedical.com\\\/\"},{\"@type\":\"ListItem\",\"position\":2,\"name\":\"Products\",\"item\":\"https:\\\/\\\/topkeymedical.com\\\/shop\\\/\"},{\"@type\":\"ListItem\",\"position\":3,\"name\":\"Magnetic Stirrer Used In Laboratory, Chemistry Magnetic Stirrer\"}]},{\"@type\":\"WebSite\",\"@id\":\"https:\\\/\\\/topkeymedical.com\\\/#website\",\"url\":\"https:\\\/\\\/topkeymedical.com\\\/\",\"name\":\"TOPKEY\u2013 Precision in Every Detail, Guardian of Life and Health\",\"description\":\"\",\"publisher\":{\"@id\":\"https:\\\/\\\/topkeymedical.com\\\/#organization\"},\"potentialAction\":[{\"@type\":\"SearchAction\",\"target\":{\"@type\":\"EntryPoint\",\"urlTemplate\":\"https:\\\/\\\/topkeymedical.com\\\/?s={search_term_string}\"},\"query-input\":{\"@type\":\"PropertyValueSpecification\",\"valueRequired\":true,\"valueName\":\"search_term_string\"}}],\"inLanguage\":\"pt-PT\"},{\"@type\":\"Organization\",\"@id\":\"https:\\\/\\\/topkeymedical.com\\\/#organization\",\"name\":\"TOPKEY\u2013 Precision in Every Detail, Guardian of Life and Health\",\"url\":\"https:\\\/\\\/topkeymedical.com\\\/\",\"logo\":{\"@type\":\"ImageObject\",\"inLanguage\":\"pt-PT\",\"@id\":\"https:\\\/\\\/topkeymedical.com\\\/#\\\/schema\\\/logo\\\/image\\\/\",\"url\":\"https:\\\/\\\/topkeymedical.com\\\/wp-content\\\/uploads\\\/2025\\\/05\\\/cropped-logo.jpg\",\"contentUrl\":\"https:\\\/\\\/topkeymedical.com\\\/wp-content\\\/uploads\\\/2025\\\/05\\\/cropped-logo.jpg\",\"width\":512,\"height\":512,\"caption\":\"TOPKEY\u2013 Precision in Every Detail, Guardian of Life and Health\"},\"image\":{\"@id\":\"https:\\\/\\\/topkeymedical.com\\\/#\\\/schema\\\/logo\\\/image\\\/\"},\"sameAs\":[\"https:\\\/\\\/www.facebook.com\\\/profile.php?id=100088897294997\",\"https:\\\/\\\/www.youtube.com\\\/@TopkeyMedical-Alice888\",\"https:\\\/\\\/www.linkedin.com\\\/in\\\/alice-hu-bb66a01b3\\\/\"]}]}<\/script>\n<!-- \/ Yoast SEO plugin. -->","yoast_head_json":{"title":"Agitador magn\u00e9tico usado em laborat\u00f3rio, Agitador magn\u00e9tico para qu\u00edmica","description":"A superf\u00edcie de trabalho do agitador magn\u00e9tico utilizado em laborat\u00f3rio \u00e9 coberta por um painel de vidro resistente ao desgaste e \u00e0 corros\u00e3o","robots":{"index":"index","follow":"follow","max-snippet":"max-snippet:-1","max-image-preview":"max-image-preview:large","max-video-preview":"max-video-preview:-1"},"canonical":"https:\/\/topkeymedical.com\/pt\/product\/agitador-magnetico-utilizado-em-laboratorio\/","og_locale":"pt_PT","og_type":"article","og_title":"Magnetic Stirrer Used In Laboratory, Chemistry Magnetic Stirrer","og_description":"The Magnetic Stirrer Used In Laboratory's working surface is covered with a wear-resistant and corrosion-resistant glass panel","og_url":"https:\/\/topkeymedical.com\/pt\/product\/agitador-magnetico-utilizado-em-laboratorio\/","og_site_name":"TOPKEY\u2013 Precision in Every Detail, Guardian of Life and Health","article_publisher":"https:\/\/www.facebook.com\/profile.php?id=100088897294997","article_modified_time":"2025-12-22T13:31:39+00:00","og_image":[{"width":455,"height":455,"url":"https:\/\/topkeymedical.com\/wp-content\/uploads\/2025\/12\/Magnetic-Stirrer-Used-In-Laboratory-4.webp","type":"image\/webp"}],"twitter_card":"summary_large_image","twitter_misc":{"Tempo estimado de leitura":"2 minutos"},"schema":{"@context":"https:\/\/schema.org","@graph":[{"@type":"WebPage","@id":"https:\/\/topkeymedical.com\/product\/magnetic-stirrer-used-in-laboratory\/","url":"https:\/\/topkeymedical.com\/product\/magnetic-stirrer-used-in-laboratory\/","name":"Agitador magn\u00e9tico usado em laborat\u00f3rio, Agitador magn\u00e9tico para qu\u00edmica","isPartOf":{"@id":"https:\/\/topkeymedical.com\/#website"},"primaryImageOfPage":{"@id":"https:\/\/topkeymedical.com\/product\/magnetic-stirrer-used-in-laboratory\/#primaryimage"},"image":{"@id":"https:\/\/topkeymedical.com\/product\/magnetic-stirrer-used-in-laboratory\/#primaryimage"},"thumbnailUrl":"https:\/\/topkeymedical.com\/wp-content\/uploads\/2025\/12\/Magnetic-Stirrer-Used-In-Laboratory-4.webp","datePublished":"2025-12-22T13:31:38+00:00","dateModified":"2025-12-22T13:31:39+00:00","description":"A superf\u00edcie de trabalho do agitador magn\u00e9tico utilizado em laborat\u00f3rio \u00e9 coberta por um painel de vidro resistente ao desgaste e \u00e0 corros\u00e3o","breadcrumb":{"@id":"https:\/\/topkeymedical.com\/product\/magnetic-stirrer-used-in-laboratory\/#breadcrumb"},"inLanguage":"pt-PT","potentialAction":[{"@type":"ReadAction","target":["https:\/\/topkeymedical.com\/product\/magnetic-stirrer-used-in-laboratory\/"]}]},{"@type":"ImageObject","inLanguage":"pt-PT","@id":"https:\/\/topkeymedical.com\/product\/magnetic-stirrer-used-in-laboratory\/#primaryimage","url":"https:\/\/topkeymedical.com\/wp-content\/uploads\/2025\/12\/Magnetic-Stirrer-Used-In-Laboratory-4.webp","contentUrl":"https:\/\/topkeymedical.com\/wp-content\/uploads\/2025\/12\/Magnetic-Stirrer-Used-In-Laboratory-4.webp","width":455,"height":455,"caption":"magnetic stirrer used in laboratory, chemistry magnetic stirrer"},{"@type":"BreadcrumbList","@id":"https:\/\/topkeymedical.com\/product\/magnetic-stirrer-used-in-laboratory\/#breadcrumb","itemListElement":[{"@type":"ListItem","position":1,"name":"Home","item":"https:\/\/topkeymedical.com\/"},{"@type":"ListItem","position":2,"name":"Products","item":"https:\/\/topkeymedical.com\/shop\/"},{"@type":"ListItem","position":3,"name":"Magnetic Stirrer Used In Laboratory, Chemistry Magnetic Stirrer"}]},{"@type":"WebSite","@id":"https:\/\/topkeymedical.com\/#website","url":"https:\/\/topkeymedical.com\/","name":"TOPKEY- Precis\u00e3o em cada detalhe, guardi\u00e3o da vida e da sa\u00fade","description":"","publisher":{"@id":"https:\/\/topkeymedical.com\/#organization"},"potentialAction":[{"@type":"SearchAction","target":{"@type":"EntryPoint","urlTemplate":"https:\/\/topkeymedical.com\/?s={search_term_string}"},"query-input":{"@type":"PropertyValueSpecification","valueRequired":true,"valueName":"search_term_string"}}],"inLanguage":"pt-PT"},{"@type":"Organization","@id":"https:\/\/topkeymedical.com\/#organization","name":"TOPKEY- Precis\u00e3o em cada detalhe, guardi\u00e3o da vida e da sa\u00fade","url":"https:\/\/topkeymedical.com\/","logo":{"@type":"ImageObject","inLanguage":"pt-PT","@id":"https:\/\/topkeymedical.com\/#\/schema\/logo\/image\/","url":"https:\/\/topkeymedical.com\/wp-content\/uploads\/2025\/05\/cropped-logo.jpg","contentUrl":"https:\/\/topkeymedical.com\/wp-content\/uploads\/2025\/05\/cropped-logo.jpg","width":512,"height":512,"caption":"TOPKEY\u2013 Precision in Every Detail, Guardian of Life and Health"},"image":{"@id":"https:\/\/topkeymedical.com\/#\/schema\/logo\/image\/"},"sameAs":["https:\/\/www.facebook.com\/profile.php?id=100088897294997","https:\/\/www.youtube.com\/@TopkeyMedical-Alice888","https:\/\/www.linkedin.com\/in\/alice-hu-bb66a01b3\/"]}]}},"_links":{"self":[{"href":"https:\/\/topkeymedical.com\/pt\/wp-json\/wp\/v2\/product\/1745","targetHints":{"allow":["GET"]}}],"collection":[{"href":"https:\/\/topkeymedical.com\/pt\/wp-json\/wp\/v2\/product"}],"about":[{"href":"https:\/\/topkeymedical.com\/pt\/wp-json\/wp\/v2\/types\/product"}],"version-history":[{"count":1,"href":"https:\/\/topkeymedical.com\/pt\/wp-json\/wp\/v2\/product\/1745\/revisions"}],"predecessor-version":[{"id":1750,"href":"https:\/\/topkeymedical.com\/pt\/wp-json\/wp\/v2\/product\/1745\/revisions\/1750"}],"wp:featuredmedia":[{"embeddable":true,"href":"https:\/\/topkeymedical.com\/pt\/wp-json\/wp\/v2\/media\/1748"}],"wp:attachment":[{"href":"https:\/\/topkeymedical.com\/pt\/wp-json\/wp\/v2\/media?parent=1745"}],"wp:term":[{"taxonomy":"product_brand","embeddable":true,"href":"https:\/\/topkeymedical.com\/pt\/wp-json\/wp\/v2\/product_brand?post=1745"},{"taxonomy":"product_cat","embeddable":true,"href":"https:\/\/topkeymedical.com\/pt\/wp-json\/wp\/v2\/product_cat?post=1745"},{"taxonomy":"product_tag","embeddable":true,"href":"https:\/\/topkeymedical.com\/pt\/wp-json\/wp\/v2\/product_tag?post=1745"}],"curies":[{"name":"wp","href":"https:\/\/api.w.org\/{rel}","templated":true}]}}