{"id":1751,"date":"2025-12-22T13:48:50","date_gmt":"2025-12-22T13:48:50","guid":{"rendered":"https:\/\/topkeymedical.com\/?post_type=product&#038;p=1751"},"modified":"2025-12-22T13:48:50","modified_gmt":"2025-12-22T13:48:50","slug":"mini-agitador-magnetico-agitador-magnetico-compacto","status":"publish","type":"product","link":"https:\/\/topkeymedical.com\/pt\/product\/mini-agitador-magnetico-agitador-magnetico-compacto\/","title":{"rendered":"Mini Agitador Magn\u00e9tico, Agitador Magn\u00e9tico Compacto"},"content":{"rendered":"<p>Este dispositivo compacto utiliza um campo magn\u00e9tico rotativo para fazer girar uma barra de agita\u00e7\u00e3o imersa em l\u00edquidos, criando uma mistura em v\u00f3rtice sem contacto mec\u00e2nico direto.<\/p>\n<p>Com apenas 4-6 polegadas de di\u00e2metro, o mini agitador magn\u00e9tico \u00e9 perfeito para utiliza\u00e7\u00e3o em bancada em laborat\u00f3rios de qu\u00edmica, instala\u00e7\u00f5es de investiga\u00e7\u00e3o e institui\u00e7\u00f5es de ensino onde o espa\u00e7o \u00e9 limitado mas o desempenho n\u00e3o pode ser comprometido.<\/p>\n<p>Constru\u00eddo com uma caixa de alum\u00ednio anodizado ou pl\u00e1stico quimicamente resistente, o mini agitador magn\u00e9tico de laborat\u00f3rio possui uma placa superior dur\u00e1vel que pode suportar a exposi\u00e7\u00e3o a produtos qu\u00edmicos e solventes comuns de laborat\u00f3rio.<\/p>\n<p>A unidade funciona com um motor DC silencioso capaz de gerar velocidades de rota\u00e7\u00e3o de 100 a 1.500 RPM, com controlos digitais precisos que permitem ajustes em incrementos t\u00e3o pequenos como 10 RPM.<\/p>\n<p>Muitos modelos incluem uma fun\u00e7\u00e3o de aquecimento integrada com gamas de temperatura entre a temperatura ambiente e 300\u00b0C, tornando o mini agitador magn\u00e9tico ideal para aplica\u00e7\u00f5es que requerem mistura e aquecimento controlado, como a s\u00edntese qu\u00edmica e a prepara\u00e7\u00e3o de amostras.<\/p>\n<p>O mini agitador magn\u00e9tico adapta-se a v\u00e1rios tipos de recipientes, incluindo copos, frascos e tubos de ensaio de 50 ml a 2000 ml de capacidade.<\/p>\n<p>Os modelos avan\u00e7ados incluem temporizadores program\u00e1veis, fun\u00e7\u00f5es de aumento de velocidade e defini\u00e7\u00f5es de mem\u00f3ria para armazenar protocolos utilizados frequentemente.<\/p>\n<p>As carater\u00edsticas de seguran\u00e7a incluem frequentemente prote\u00e7\u00e3o contra sobreaquecimento, desligamento autom\u00e1tico e p\u00e9s de borracha antiderrapantes para garantir um funcionamento est\u00e1vel.<\/p>\n<p>O design energeticamente eficiente consome o m\u00ednimo de energia enquanto fornece um bin\u00e1rio consistente, mesmo com n\u00edveis de viscosidade elevados.<\/p>\n<h2>Especifica\u00e7\u00f5es do agitador magn\u00e9tico compacto<\/h2>\n<table>\n<tbody>\n<tr>\n<td width=\"284\">Pot\u00eancia<\/td>\n<td width=\"284\">5W<\/td>\n<\/tr>\n<tr>\n<td width=\"284\">Modo de visualiza\u00e7\u00e3o<\/td>\n<td width=\"284\">LCD<\/td>\n<\/tr>\n<tr>\n<td width=\"284\">Gama de controlo de velocidade<\/td>\n<td width=\"284\">1500-1800turn<\/td>\n<\/tr>\n<tr>\n<td width=\"284\">Precis\u00e3o do controlo de velocidade<\/td>\n<td width=\"284\">\u00b110rpm<\/td>\n<\/tr>\n<tr>\n<td width=\"284\">Temperatura ambiente admiss\u00edvel<\/td>\n<td width=\"284\">Temperatura ambiente -40\u00b0C<\/td>\n<\/tr>\n<tr>\n<td width=\"284\">Capacidade m\u00e1xima de agita\u00e7\u00e3o<\/td>\n<td width=\"284\">2L\/5L<\/td>\n<\/tr>\n<tr>\n<td width=\"284\">Material do disco de trabalho<\/td>\n<td width=\"284\">PC revestido, resistente \u00e0 corros\u00e3o<\/td>\n<\/tr>\n<tr>\n<td width=\"284\">Tamanho<\/td>\n<td width=\"284\">132x122x40 mm<\/td>\n<\/tr>\n<tr>\n<td width=\"284\">Tipo de motor<\/td>\n<td width=\"284\">Motor sem escovas miniatura<\/td>\n<\/tr>\n<tr>\n<td width=\"284\">Modo de controlo do tempo<\/td>\n<td width=\"284\">Ajuste do ecr\u00e3 t\u00e1til<\/td>\n<\/tr>\n<tr>\n<td width=\"284\">Modo de controlo da velocidade<\/td>\n<td width=\"284\">Ajuste do ecr\u00e3 t\u00e1til<\/td>\n<\/tr>\n<\/tbody>\n<\/table>","protected":false},"excerpt":{"rendered":"<p>O mini agitador magn\u00e9tico \u00e9 uma ferramenta de laborat\u00f3rio essencial concebida para uma mistura eficiente de l\u00edquidos em pequenos volumes, oferecendo um desempenho de agita\u00e7\u00e3o preciso e consistente para v\u00e1rias aplica\u00e7\u00f5es cient\u00edficas.<\/p>","protected":false},"featured_media":1755,"template":"","meta":{"_acf_changed":false,"site-sidebar-layout":"default","site-content-layout":"","ast-site-content-layout":"default","site-content-style":"default","site-sidebar-style":"default","ast-global-header-display":"","ast-banner-title-visibility":"","ast-main-header-display":"","ast-hfb-above-header-display":"","ast-hfb-below-header-display":"","ast-hfb-mobile-header-display":"","site-post-title":"","ast-breadcrumbs-content":"","ast-featured-img":"","footer-sml-layout":"","ast-disable-related-posts":"","theme-transparent-header-meta":"default","adv-header-id-meta":"","stick-header-meta":"","header-above-stick-meta":"","header-main-stick-meta":"","header-below-stick-meta":"","astra-migrate-meta-layouts":"set","ast-page-background-enabled":"default","ast-page-background-meta":{"desktop":{"background-color":"var(--ast-global-color-5)","background-image":"","background-repeat":"repeat","background-position":"center center","background-size":"auto","background-attachment":"scroll","background-type":"","background-media":"","overlay-type":"","overlay-color":"","overlay-opacity":"","overlay-gradient":""},"tablet":{"background-color":"","background-image":"","background-repeat":"repeat","background-position":"center center","background-size":"auto","background-attachment":"scroll","background-type":"","background-media":"","overlay-type":"","overlay-color":"","overlay-opacity":"","overlay-gradient":""},"mobile":{"background-color":"","background-image":"","background-repeat":"repeat","background-position":"center center","background-size":"auto","background-attachment":"scroll","background-type":"","background-media":"","overlay-type":"","overlay-color":"","overlay-opacity":"","overlay-gradient":""}},"ast-content-background-meta":{"desktop":{"background-color":"var(--ast-global-color-4)","background-image":"","background-repeat":"repeat","background-position":"center center","background-size":"auto","background-attachment":"scroll","background-type":"","background-media":"","overlay-type":"","overlay-color":"","overlay-opacity":"","overlay-gradient":""},"tablet":{"background-color":"var(--ast-global-color-4)","background-image":"","background-repeat":"repeat","background-position":"center center","background-size":"auto","background-attachment":"scroll","background-type":"","background-media":"","overlay-type":"","overlay-color":"","overlay-opacity":"","overlay-gradient":""},"mobile":{"background-color":"var(--ast-global-color-4)","background-image":"","background-repeat":"repeat","background-position":"center center","background-size":"auto","background-attachment":"scroll","background-type":"","background-media":"","overlay-type":"","overlay-color":"","overlay-opacity":"","overlay-gradient":""}}},"product_brand":[],"product_cat":[70],"product_tag":[],"class_list":{"0":"post-1751","1":"product","2":"type-product","3":"status-publish","4":"has-post-thumbnail","6":"product_cat-magnetic-stirrer-manufacturer","7":"desktop-align-left","8":"tablet-align-left","9":"mobile-align-left","11":"first","12":"instock","13":"shipping-taxable","14":"product-type-simple"},"acf":[],"yoast_head":"<!-- This site is optimized with the Yoast SEO plugin v27.4 - https:\/\/yoast.com\/product\/yoast-seo-wordpress\/ -->\n<title>Mini Magnetic Stirrer, Compact Magnetic Stirrer<\/title>\n<meta name=\"description\" content=\"The mini magnetic stirrer is an essential laboratory tool designed for efficient liquid mixing in small volumes, offering precise and consistent stirring\" \/>\n<meta name=\"robots\" content=\"index, follow, max-snippet:-1, max-image-preview:large, max-video-preview:-1\" \/>\n<link rel=\"canonical\" href=\"https:\/\/topkeymedical.com\/pt\/product\/mini-agitador-magnetico-agitador-magnetico-compacto\/\" \/>\n<meta property=\"og:locale\" content=\"pt_PT\" \/>\n<meta property=\"og:type\" content=\"article\" \/>\n<meta property=\"og:title\" content=\"Mini Magnetic Stirrer, Compact Magnetic Stirrer\" \/>\n<meta property=\"og:description\" content=\"The mini magnetic stirrer is an essential laboratory tool designed for efficient liquid mixing in small volumes, offering precise and consistent stirring\" \/>\n<meta property=\"og:url\" content=\"https:\/\/topkeymedical.com\/pt\/product\/mini-agitador-magnetico-agitador-magnetico-compacto\/\" \/>\n<meta property=\"og:site_name\" content=\"TOPKEY\u2013 Precision in Every Detail, Guardian of Life and Health\" \/>\n<meta property=\"article:publisher\" content=\"https:\/\/www.facebook.com\/profile.php?id=100088897294997\" \/>\n<meta property=\"og:image\" content=\"https:\/\/topkeymedical.com\/wp-content\/uploads\/2025\/12\/Mini-Magnetic-Stirrer-1.webp\" \/>\n\t<meta property=\"og:image:width\" content=\"645\" \/>\n\t<meta property=\"og:image:height\" content=\"645\" \/>\n\t<meta property=\"og:image:type\" content=\"image\/webp\" \/>\n<meta name=\"twitter:card\" content=\"summary_large_image\" \/>\n<meta name=\"twitter:label1\" content=\"Tempo estimado de leitura\" \/>\n\t<meta name=\"twitter:data1\" content=\"2 minutos\" \/>\n<script type=\"application\/ld+json\" class=\"yoast-schema-graph\">{\"@context\":\"https:\\\/\\\/schema.org\",\"@graph\":[{\"@type\":\"WebPage\",\"@id\":\"https:\\\/\\\/topkeymedical.com\\\/product\\\/mini-magnetic-stirrer-compact-magnetic-stirrer\\\/\",\"url\":\"https:\\\/\\\/topkeymedical.com\\\/product\\\/mini-magnetic-stirrer-compact-magnetic-stirrer\\\/\",\"name\":\"Mini Magnetic Stirrer, Compact Magnetic Stirrer\",\"isPartOf\":{\"@id\":\"https:\\\/\\\/topkeymedical.com\\\/#website\"},\"primaryImageOfPage\":{\"@id\":\"https:\\\/\\\/topkeymedical.com\\\/product\\\/mini-magnetic-stirrer-compact-magnetic-stirrer\\\/#primaryimage\"},\"image\":{\"@id\":\"https:\\\/\\\/topkeymedical.com\\\/product\\\/mini-magnetic-stirrer-compact-magnetic-stirrer\\\/#primaryimage\"},\"thumbnailUrl\":\"https:\\\/\\\/topkeymedical.com\\\/wp-content\\\/uploads\\\/2025\\\/12\\\/Mini-Magnetic-Stirrer-1.webp\",\"datePublished\":\"2025-12-22T13:48:50+00:00\",\"description\":\"The mini magnetic stirrer is an essential laboratory tool designed for efficient liquid mixing in small volumes, offering precise and consistent stirring\",\"breadcrumb\":{\"@id\":\"https:\\\/\\\/topkeymedical.com\\\/product\\\/mini-magnetic-stirrer-compact-magnetic-stirrer\\\/#breadcrumb\"},\"inLanguage\":\"pt-PT\",\"potentialAction\":[{\"@type\":\"ReadAction\",\"target\":[\"https:\\\/\\\/topkeymedical.com\\\/product\\\/mini-magnetic-stirrer-compact-magnetic-stirrer\\\/\"]}]},{\"@type\":\"ImageObject\",\"inLanguage\":\"pt-PT\",\"@id\":\"https:\\\/\\\/topkeymedical.com\\\/product\\\/mini-magnetic-stirrer-compact-magnetic-stirrer\\\/#primaryimage\",\"url\":\"https:\\\/\\\/topkeymedical.com\\\/wp-content\\\/uploads\\\/2025\\\/12\\\/Mini-Magnetic-Stirrer-1.webp\",\"contentUrl\":\"https:\\\/\\\/topkeymedical.com\\\/wp-content\\\/uploads\\\/2025\\\/12\\\/Mini-Magnetic-Stirrer-1.webp\",\"width\":645,\"height\":645,\"caption\":\"Mini Magnetic Stirrer, Compact Magnetic Stirrer\"},{\"@type\":\"BreadcrumbList\",\"@id\":\"https:\\\/\\\/topkeymedical.com\\\/product\\\/mini-magnetic-stirrer-compact-magnetic-stirrer\\\/#breadcrumb\",\"itemListElement\":[{\"@type\":\"ListItem\",\"position\":1,\"name\":\"Home\",\"item\":\"https:\\\/\\\/topkeymedical.com\\\/\"},{\"@type\":\"ListItem\",\"position\":2,\"name\":\"Products\",\"item\":\"https:\\\/\\\/topkeymedical.com\\\/shop\\\/\"},{\"@type\":\"ListItem\",\"position\":3,\"name\":\"Mini Magnetic Stirrer, Compact Magnetic Stirrer\"}]},{\"@type\":\"WebSite\",\"@id\":\"https:\\\/\\\/topkeymedical.com\\\/#website\",\"url\":\"https:\\\/\\\/topkeymedical.com\\\/\",\"name\":\"TOPKEY\u2013 Precision in Every Detail, Guardian of Life and Health\",\"description\":\"\",\"publisher\":{\"@id\":\"https:\\\/\\\/topkeymedical.com\\\/#organization\"},\"potentialAction\":[{\"@type\":\"SearchAction\",\"target\":{\"@type\":\"EntryPoint\",\"urlTemplate\":\"https:\\\/\\\/topkeymedical.com\\\/?s={search_term_string}\"},\"query-input\":{\"@type\":\"PropertyValueSpecification\",\"valueRequired\":true,\"valueName\":\"search_term_string\"}}],\"inLanguage\":\"pt-PT\"},{\"@type\":\"Organization\",\"@id\":\"https:\\\/\\\/topkeymedical.com\\\/#organization\",\"name\":\"TOPKEY\u2013 Precision in Every Detail, Guardian of Life and Health\",\"url\":\"https:\\\/\\\/topkeymedical.com\\\/\",\"logo\":{\"@type\":\"ImageObject\",\"inLanguage\":\"pt-PT\",\"@id\":\"https:\\\/\\\/topkeymedical.com\\\/#\\\/schema\\\/logo\\\/image\\\/\",\"url\":\"https:\\\/\\\/topkeymedical.com\\\/wp-content\\\/uploads\\\/2025\\\/05\\\/cropped-logo.jpg\",\"contentUrl\":\"https:\\\/\\\/topkeymedical.com\\\/wp-content\\\/uploads\\\/2025\\\/05\\\/cropped-logo.jpg\",\"width\":512,\"height\":512,\"caption\":\"TOPKEY\u2013 Precision in Every Detail, Guardian of Life and Health\"},\"image\":{\"@id\":\"https:\\\/\\\/topkeymedical.com\\\/#\\\/schema\\\/logo\\\/image\\\/\"},\"sameAs\":[\"https:\\\/\\\/www.facebook.com\\\/profile.php?id=100088897294997\",\"https:\\\/\\\/www.youtube.com\\\/@TopkeyMedical-Alice888\",\"https:\\\/\\\/www.linkedin.com\\\/in\\\/alice-hu-bb66a01b3\\\/\"]}]}<\/script>\n<!-- \/ Yoast SEO plugin. -->","yoast_head_json":{"title":"Mini Agitador Magn\u00e9tico, Agitador Magn\u00e9tico Compacto","description":"O mini agitador magn\u00e9tico \u00e9 uma ferramenta de laborat\u00f3rio essencial concebida para uma mistura eficiente de l\u00edquidos em pequenos volumes, oferecendo uma agita\u00e7\u00e3o precisa e consistente","robots":{"index":"index","follow":"follow","max-snippet":"max-snippet:-1","max-image-preview":"max-image-preview:large","max-video-preview":"max-video-preview:-1"},"canonical":"https:\/\/topkeymedical.com\/pt\/product\/mini-agitador-magnetico-agitador-magnetico-compacto\/","og_locale":"pt_PT","og_type":"article","og_title":"Mini Magnetic Stirrer, Compact Magnetic Stirrer","og_description":"The mini magnetic stirrer is an essential laboratory tool designed for efficient liquid mixing in small volumes, offering precise and consistent stirring","og_url":"https:\/\/topkeymedical.com\/pt\/product\/mini-agitador-magnetico-agitador-magnetico-compacto\/","og_site_name":"TOPKEY\u2013 Precision in Every Detail, Guardian of Life and Health","article_publisher":"https:\/\/www.facebook.com\/profile.php?id=100088897294997","og_image":[{"width":645,"height":645,"url":"https:\/\/topkeymedical.com\/wp-content\/uploads\/2025\/12\/Mini-Magnetic-Stirrer-1.webp","type":"image\/webp"}],"twitter_card":"summary_large_image","twitter_misc":{"Tempo estimado de leitura":"2 minutos"},"schema":{"@context":"https:\/\/schema.org","@graph":[{"@type":"WebPage","@id":"https:\/\/topkeymedical.com\/product\/mini-magnetic-stirrer-compact-magnetic-stirrer\/","url":"https:\/\/topkeymedical.com\/product\/mini-magnetic-stirrer-compact-magnetic-stirrer\/","name":"Mini Agitador Magn\u00e9tico, Agitador Magn\u00e9tico Compacto","isPartOf":{"@id":"https:\/\/topkeymedical.com\/#website"},"primaryImageOfPage":{"@id":"https:\/\/topkeymedical.com\/product\/mini-magnetic-stirrer-compact-magnetic-stirrer\/#primaryimage"},"image":{"@id":"https:\/\/topkeymedical.com\/product\/mini-magnetic-stirrer-compact-magnetic-stirrer\/#primaryimage"},"thumbnailUrl":"https:\/\/topkeymedical.com\/wp-content\/uploads\/2025\/12\/Mini-Magnetic-Stirrer-1.webp","datePublished":"2025-12-22T13:48:50+00:00","description":"O mini agitador magn\u00e9tico \u00e9 uma ferramenta de laborat\u00f3rio essencial concebida para uma mistura eficiente de l\u00edquidos em pequenos volumes, oferecendo uma agita\u00e7\u00e3o precisa e consistente","breadcrumb":{"@id":"https:\/\/topkeymedical.com\/product\/mini-magnetic-stirrer-compact-magnetic-stirrer\/#breadcrumb"},"inLanguage":"pt-PT","potentialAction":[{"@type":"ReadAction","target":["https:\/\/topkeymedical.com\/product\/mini-magnetic-stirrer-compact-magnetic-stirrer\/"]}]},{"@type":"ImageObject","inLanguage":"pt-PT","@id":"https:\/\/topkeymedical.com\/product\/mini-magnetic-stirrer-compact-magnetic-stirrer\/#primaryimage","url":"https:\/\/topkeymedical.com\/wp-content\/uploads\/2025\/12\/Mini-Magnetic-Stirrer-1.webp","contentUrl":"https:\/\/topkeymedical.com\/wp-content\/uploads\/2025\/12\/Mini-Magnetic-Stirrer-1.webp","width":645,"height":645,"caption":"Mini Magnetic Stirrer, Compact Magnetic Stirrer"},{"@type":"BreadcrumbList","@id":"https:\/\/topkeymedical.com\/product\/mini-magnetic-stirrer-compact-magnetic-stirrer\/#breadcrumb","itemListElement":[{"@type":"ListItem","position":1,"name":"Home","item":"https:\/\/topkeymedical.com\/"},{"@type":"ListItem","position":2,"name":"Products","item":"https:\/\/topkeymedical.com\/shop\/"},{"@type":"ListItem","position":3,"name":"Mini Magnetic Stirrer, Compact Magnetic Stirrer"}]},{"@type":"WebSite","@id":"https:\/\/topkeymedical.com\/#website","url":"https:\/\/topkeymedical.com\/","name":"TOPKEY- Precis\u00e3o em cada detalhe, guardi\u00e3o da vida e da sa\u00fade","description":"","publisher":{"@id":"https:\/\/topkeymedical.com\/#organization"},"potentialAction":[{"@type":"SearchAction","target":{"@type":"EntryPoint","urlTemplate":"https:\/\/topkeymedical.com\/?s={search_term_string}"},"query-input":{"@type":"PropertyValueSpecification","valueRequired":true,"valueName":"search_term_string"}}],"inLanguage":"pt-PT"},{"@type":"Organization","@id":"https:\/\/topkeymedical.com\/#organization","name":"TOPKEY- Precis\u00e3o em cada detalhe, guardi\u00e3o da vida e da sa\u00fade","url":"https:\/\/topkeymedical.com\/","logo":{"@type":"ImageObject","inLanguage":"pt-PT","@id":"https:\/\/topkeymedical.com\/#\/schema\/logo\/image\/","url":"https:\/\/topkeymedical.com\/wp-content\/uploads\/2025\/05\/cropped-logo.jpg","contentUrl":"https:\/\/topkeymedical.com\/wp-content\/uploads\/2025\/05\/cropped-logo.jpg","width":512,"height":512,"caption":"TOPKEY\u2013 Precision in Every Detail, Guardian of Life and Health"},"image":{"@id":"https:\/\/topkeymedical.com\/#\/schema\/logo\/image\/"},"sameAs":["https:\/\/www.facebook.com\/profile.php?id=100088897294997","https:\/\/www.youtube.com\/@TopkeyMedical-Alice888","https:\/\/www.linkedin.com\/in\/alice-hu-bb66a01b3\/"]}]}},"_links":{"self":[{"href":"https:\/\/topkeymedical.com\/pt\/wp-json\/wp\/v2\/product\/1751","targetHints":{"allow":["GET"]}}],"collection":[{"href":"https:\/\/topkeymedical.com\/pt\/wp-json\/wp\/v2\/product"}],"about":[{"href":"https:\/\/topkeymedical.com\/pt\/wp-json\/wp\/v2\/types\/product"}],"version-history":[{"count":1,"href":"https:\/\/topkeymedical.com\/pt\/wp-json\/wp\/v2\/product\/1751\/revisions"}],"predecessor-version":[{"id":1756,"href":"https:\/\/topkeymedical.com\/pt\/wp-json\/wp\/v2\/product\/1751\/revisions\/1756"}],"wp:featuredmedia":[{"embeddable":true,"href":"https:\/\/topkeymedical.com\/pt\/wp-json\/wp\/v2\/media\/1755"}],"wp:attachment":[{"href":"https:\/\/topkeymedical.com\/pt\/wp-json\/wp\/v2\/media?parent=1751"}],"wp:term":[{"taxonomy":"product_brand","embeddable":true,"href":"https:\/\/topkeymedical.com\/pt\/wp-json\/wp\/v2\/product_brand?post=1751"},{"taxonomy":"product_cat","embeddable":true,"href":"https:\/\/topkeymedical.com\/pt\/wp-json\/wp\/v2\/product_cat?post=1751"},{"taxonomy":"product_tag","embeddable":true,"href":"https:\/\/topkeymedical.com\/pt\/wp-json\/wp\/v2\/product_tag?post=1751"}],"curies":[{"name":"wp","href":"https:\/\/api.w.org\/{rel}","templated":true}]}}