{"id":826,"date":"2025-06-17T06:56:31","date_gmt":"2025-06-17T06:56:31","guid":{"rendered":"https:\/\/topkeymedical.com\/?post_type=product&#038;p=826"},"modified":"2025-09-06T02:05:20","modified_gmt":"2025-09-06T02:05:20","slug":"pontas-de-agulha-de-distribuicao-tt14g","status":"publish","type":"product","link":"https:\/\/topkeymedical.com\/pt\/product\/pontas-de-agulha-de-distribuicao-tt14g\/","title":{"rendered":"Pontas de agulha para distribui\u00e7\u00e3o TT14G (\u00f81,6) Verde Ex\u00e9rcito Opaco"},"content":{"rendered":"<h2 data-start=\"1231\" data-end=\"1263\">Especifica\u00e7\u00f5es t\u00e9cnicas<\/h2>\n<div class=\"_tableContainer_1rjym_1\">\n<div class=\"_tableWrapper_1rjym_13 group flex w-fit flex-col-reverse\" tabindex=\"-1\">\n<table class=\"w-fit min-w-(--thread-content-width)\" data-start=\"1265\" data-end=\"3147\">\n<thead data-start=\"1265\" data-end=\"1381\">\n<tr data-start=\"1265\" data-end=\"1381\">\n<th data-start=\"1265\" data-end=\"1294\" data-col-size=\"sm\">Par\u00e2metro<\/th>\n<th data-start=\"1294\" data-end=\"1381\" data-col-size=\"md\">Valor \/ Descri\u00e7\u00e3o<\/th>\n<\/tr>\n<\/thead>\n<tbody data-start=\"1500\" data-end=\"3147\">\n<tr data-start=\"1500\" data-end=\"1617\">\n<td data-start=\"1500\" data-end=\"1530\" data-col-size=\"sm\"><strong data-start=\"1502\" data-end=\"1518\">Nome do produto<\/strong><\/td>\n<td data-start=\"1530\" data-end=\"1617\" data-col-size=\"md\">Pontas de agulha de distribui\u00e7\u00e3o TT14G<\/td>\n<\/tr>\n<tr data-start=\"1618\" data-end=\"1735\">\n<td data-start=\"1618\" data-end=\"1648\" data-col-size=\"sm\"><strong data-start=\"1620\" data-end=\"1635\">Exemplo de SKU<\/strong><\/td>\n<td data-start=\"1648\" data-end=\"1735\" data-col-size=\"md\">TT14G (\u00f81,6 mm) Verde Ex\u00e9rcito Opaco<\/td>\n<\/tr>\n<tr data-start=\"1736\" data-end=\"1852\">\n<td data-start=\"1736\" data-end=\"1766\" data-col-size=\"sm\"><strong data-start=\"1738\" data-end=\"1752\">Tamanho do calibre<\/strong><\/td>\n<td data-start=\"1766\" data-end=\"1852\" data-col-size=\"md\">14G<\/td>\n<\/tr>\n<tr data-start=\"1853\" data-end=\"1969\">\n<td data-start=\"1853\" data-end=\"1883\" data-col-size=\"sm\"><strong data-start=\"1855\" data-end=\"1878\">Di\u00e2metro interior (ID)<\/strong><\/td>\n<td data-start=\"1883\" data-end=\"1969\" data-col-size=\"md\">1,60 mm<\/td>\n<\/tr>\n<tr data-start=\"1970\" data-end=\"2086\">\n<td data-start=\"1970\" data-end=\"2000\" data-col-size=\"sm\"><strong data-start=\"1972\" data-end=\"1995\">Di\u00e2metro exterior (DE)<\/strong><\/td>\n<td data-start=\"2000\" data-end=\"2086\" data-col-size=\"md\">~2,10 mm<\/td>\n<\/tr>\n<tr data-start=\"2087\" data-end=\"2204\">\n<td data-start=\"2087\" data-end=\"2117\" data-col-size=\"sm\"><strong data-start=\"2089\" data-end=\"2114\">Op\u00e7\u00f5es de comprimento da agulha<\/strong><\/td>\n<td data-start=\"2117\" data-end=\"2204\" data-col-size=\"md\">Padr\u00e3o de 1 polegada (25 mm), 1,5 polegada (38 mm), 2 polegadas (50 mm); comprimentos personalizados dispon\u00edveis<\/td>\n<\/tr>\n<tr data-start=\"2205\" data-end=\"2322\">\n<td data-start=\"2205\" data-end=\"2235\" data-col-size=\"sm\"><strong data-start=\"2207\" data-end=\"2229\">Material - C\u00e2nula<\/strong><\/td>\n<td data-start=\"2235\" data-end=\"2322\" data-col-size=\"md\">A\u00e7o inoxid\u00e1vel de qualidade m\u00e9dica (em conformidade com a norma ISO 9626)<\/td>\n<\/tr>\n<tr data-start=\"2323\" data-end=\"2440\">\n<td data-start=\"2323\" data-end=\"2353\" data-col-size=\"sm\"><strong data-start=\"2325\" data-end=\"2343\">Material - Cubo<\/strong><\/td>\n<td data-start=\"2353\" data-end=\"2440\" data-col-size=\"md\">Polipropileno, verde ex\u00e9rcito opaco, c\u00f3digo de calibre ISO 6009<\/td>\n<\/tr>\n<tr data-start=\"2441\" data-end=\"2558\">\n<td data-start=\"2441\" data-end=\"2471\" data-col-size=\"sm\"><strong data-start=\"2443\" data-end=\"2462\">Tipo de liga\u00e7\u00e3o<\/strong><\/td>\n<td data-start=\"2471\" data-end=\"2558\" data-col-size=\"md\">Luer-lock universal \/ Luer-slip<\/td>\n<\/tr>\n<tr data-start=\"2559\" data-end=\"2676\">\n<td data-start=\"2559\" data-end=\"2589\" data-col-size=\"sm\"><strong data-start=\"2561\" data-end=\"2585\">M\u00e9todo de esteriliza\u00e7\u00e3o<\/strong><\/td>\n<td data-start=\"2589\" data-end=\"2676\" data-col-size=\"md\">Esterilizado por EO (\u00d3xido de Etileno)<\/td>\n<\/tr>\n<tr data-start=\"2677\" data-end=\"2794\">\n<td data-start=\"2677\" data-end=\"2707\" data-col-size=\"sm\"><strong data-start=\"2679\" data-end=\"2692\">Embalagem<\/strong><\/td>\n<td data-start=\"2707\" data-end=\"2794\" data-col-size=\"md\">Embalado individualmente em blister, 100 unidades por caixa<\/td>\n<\/tr>\n<tr data-start=\"2795\" data-end=\"2911\">\n<td data-start=\"2795\" data-end=\"2825\" data-col-size=\"sm\"><strong data-start=\"2797\" data-end=\"2811\">Utiliza\u00e7\u00e3o \u00fanica<\/strong><\/td>\n<td data-start=\"2825\" data-end=\"2911\" data-col-size=\"md\">Sim<\/td>\n<\/tr>\n<tr data-start=\"2912\" data-end=\"3029\">\n<td data-start=\"2912\" data-end=\"2942\" data-col-size=\"sm\"><strong data-start=\"2914\" data-end=\"2931\">Certifica\u00e7\u00e3o<\/strong><\/td>\n<td data-start=\"2942\" data-end=\"3029\" data-col-size=\"md\">ISO 13485, marca\u00e7\u00e3o CE, conformidade com a FDA (quando aplic\u00e1vel)<\/td>\n<\/tr>\n<tr data-start=\"3030\" data-end=\"3147\">\n<td data-start=\"3030\" data-end=\"3060\" data-col-size=\"sm\"><strong data-start=\"3032\" data-end=\"3046\">Prazo de validade<\/strong><\/td>\n<td data-start=\"3060\" data-end=\"3147\" data-col-size=\"md\">3-5 anos (se armazenado corretamente em condi\u00e7\u00f5es frescas e secas)<\/td>\n<\/tr>\n<\/tbody>\n<\/table>\n<\/div>\n<\/div>\n<hr data-start=\"3149\" data-end=\"3152\" \/>\n<h2>Solu\u00e7\u00e3o de distribui\u00e7\u00e3o de n\u00edvel industrial para aplica\u00e7\u00f5es pesadas<\/h2>\n<p>Concebidas para ambientes industriais exigentes, as nossas agulhas dispensadoras TT14G Verde Ex\u00e9rcito apresentam um di\u00e2metro interior extra grande de 1,6 mm, o que as torna a escolha ideal para fluidos de alta viscosidade, compostos de envasamento e vedantes em aplica\u00e7\u00f5es autom\u00f3veis, el\u00e9ctricas e de fabrico pesado.<\/p>\n<p>Carater\u00edsticas principais:<br \/>\nMega furo de 1,6 mm - Manuseia facilmente os adesivos, massas lubrificantes e encapsulantes mais espessos<br \/>\nPol\u00edmero verde do ex\u00e9rcito de n\u00edvel militar - resist\u00eancia qu\u00edmica superior a solventes e \u00f3leos<br \/>\nEstrutura de parede refor\u00e7ada - Suporta sistemas de distribui\u00e7\u00e3o de alta press\u00e3o at\u00e9 500 psi<br \/>\nMaterial opaco resistente aos raios UV - Protege os compostos sens\u00edveis \u00e0 luz durante a aplica\u00e7\u00e3o<br \/>\nDesign c\u00f3nico anti-entupimento - Assegura um fluxo consistente de materiais cheios de part\u00edculas<\/p>\n<p>Superioridade t\u00e9cnica:<br \/>\n- Fabricado em nylon 30% com enchimento de vidro para uma durabilidade extrema<br \/>\n- Mant\u00e9m a integridade estrutural em temperaturas de -40\u00b0C a 150\u00b0C<br \/>\n- Optimizado para utiliza\u00e7\u00e3o com poliuretanos, ep\u00f3xis e compostos \u00e0 base de silicone<br \/>\n- C\u00f3digo de cores verde ex\u00e9rcito para uma f\u00e1cil identifica\u00e7\u00e3o nas linhas de produ\u00e7\u00e3o<\/p>\n<p>Ideal para:<br \/>\n- Aplica\u00e7\u00f5es de sub-revestimento e de juntas para autom\u00f3veis<br \/>\n- Envasamento e encapsulamento de transformadores el\u00e9ctricos<br \/>\n- Veda\u00e7\u00e3o e manuten\u00e7\u00e3o de equipamentos industriais<br \/>\n- Colagem para trabalhos pesados em constru\u00e7\u00e3o e maquinaria<\/p>\n<h2>Porqu\u00ea escolher as pontas de agulha de distribui\u00e7\u00e3o TT14G?<\/h2>\n<p>As nossas agulhas verde ex\u00e9rcito de inspira\u00e7\u00e3o militar combinam a capacidade m\u00e1xima de fluxo com uma durabilidade excecional para superar as pontas de distribui\u00e7\u00e3o padr\u00e3o nos ambientes mais exigentes. O orif\u00edcio sobredimensionado reduz a contrapress\u00e3o, enquanto a constru\u00e7\u00e3o r\u00edgida evita a flex\u00e3o durante aplica\u00e7\u00f5es de grande volume.<\/p>\n<p>Constru\u00eddo para guerreiros industriais - onde a precis\u00e3o encontra a for\u00e7a bruta.<\/p>\n<p>Nota t\u00e9cnica: Inclui compatibilidade Luer-lock para uma fixa\u00e7\u00e3o segura a todos os sistemas de distribui\u00e7\u00e3o padr\u00e3o.<\/p>\n<p>&nbsp;<\/p>","protected":false},"excerpt":{"rendered":"<p>Pontas de agulha est\u00e9reis de calibre 14 (1,6 mm) para aplica\u00e7\u00f5es m\u00e9dicas que requerem taxas de fluxo mais elevadas, como a administra\u00e7\u00e3o de medicamentos viscosos, irriga\u00e7\u00e3o de feridas ou aspira\u00e7\u00e3o cir\u00fargica. O design opaco verde ex\u00e9rcito das pontas de agulha dispensadoras TT14G evita a exposi\u00e7\u00e3o \u00e0 luz de compostos fotossens\u00edveis, assegurando simultaneamente uma visibilidade clara nos tabuleiros de procedimentos.<\/p>","protected":false},"featured_media":1188,"template":"","meta":{"_acf_changed":false,"site-sidebar-layout":"default","site-content-layout":"","ast-site-content-layout":"default","site-content-style":"default","site-sidebar-style":"default","ast-global-header-display":"","ast-banner-title-visibility":"","ast-main-header-display":"","ast-hfb-above-header-display":"","ast-hfb-below-header-display":"","ast-hfb-mobile-header-display":"","site-post-title":"","ast-breadcrumbs-content":"","ast-featured-img":"","footer-sml-layout":"","ast-disable-related-posts":"","theme-transparent-header-meta":"default","adv-header-id-meta":"","stick-header-meta":"","header-above-stick-meta":"","header-main-stick-meta":"","header-below-stick-meta":"","astra-migrate-meta-layouts":"set","ast-page-background-enabled":"default","ast-page-background-meta":{"desktop":{"background-color":"var(--ast-global-color-5)","background-image":"","background-repeat":"repeat","background-position":"center center","background-size":"auto","background-attachment":"scroll","background-type":"","background-media":"","overlay-type":"","overlay-color":"","overlay-opacity":"","overlay-gradient":""},"tablet":{"background-color":"","background-image":"","background-repeat":"repeat","background-position":"center center","background-size":"auto","background-attachment":"scroll","background-type":"","background-media":"","overlay-type":"","overlay-color":"","overlay-opacity":"","overlay-gradient":""},"mobile":{"background-color":"","background-image":"","background-repeat":"repeat","background-position":"center center","background-size":"auto","background-attachment":"scroll","background-type":"","background-media":"","overlay-type":"","overlay-color":"","overlay-opacity":"","overlay-gradient":""}},"ast-content-background-meta":{"desktop":{"background-color":"var(--ast-global-color-4)","background-image":"","background-repeat":"repeat","background-position":"center center","background-size":"auto","background-attachment":"scroll","background-type":"","background-media":"","overlay-type":"","overlay-color":"","overlay-opacity":"","overlay-gradient":""},"tablet":{"background-color":"var(--ast-global-color-4)","background-image":"","background-repeat":"repeat","background-position":"center center","background-size":"auto","background-attachment":"scroll","background-type":"","background-media":"","overlay-type":"","overlay-color":"","overlay-opacity":"","overlay-gradient":""},"mobile":{"background-color":"var(--ast-global-color-4)","background-image":"","background-repeat":"repeat","background-position":"center center","background-size":"auto","background-attachment":"scroll","background-type":"","background-media":"","overlay-type":"","overlay-color":"","overlay-opacity":"","overlay-gradient":""}}},"product_brand":[],"product_cat":[58,64],"product_tag":[],"class_list":{"0":"post-826","1":"product","2":"type-product","3":"status-publish","4":"has-post-thumbnail","6":"product_cat-dispensing-needles","7":"product_cat-dispensing-needles-and-tips","8":"desktop-align-left","9":"tablet-align-left","10":"mobile-align-left","12":"first","13":"instock","14":"shipping-taxable","15":"product-type-simple"},"acf":[],"yoast_head":"<!-- This site is optimized with the Yoast SEO plugin v27.4 - https:\/\/yoast.com\/product\/yoast-seo-wordpress\/ -->\n<title>Dispensing Needle Tips TT14G(\u00f81.6) Army Green Opaque<\/title>\n<meta name=\"description\" content=\"With a large 1.6mm bore (14-gauge), these dispensing needle tips TT14G army green opaque tips are optimized for high-viscosity fluids like epoxies\" \/>\n<meta name=\"robots\" content=\"index, follow, max-snippet:-1, max-image-preview:large, max-video-preview:-1\" \/>\n<link rel=\"canonical\" href=\"https:\/\/topkeymedical.com\/pt\/product\/pontas-de-agulha-de-distribuicao-tt14g\/\" \/>\n<meta property=\"og:locale\" content=\"pt_PT\" \/>\n<meta property=\"og:type\" content=\"article\" \/>\n<meta property=\"og:title\" content=\"Dispensing Needle Tips TT14G(\u00f81.6) Army Green Opaque\" \/>\n<meta property=\"og:description\" content=\"With a large 1.6mm bore (14-gauge), these dispensing needle tips TT14G army green opaque tips are optimized for high-viscosity fluids like epoxies\" \/>\n<meta property=\"og:url\" content=\"https:\/\/topkeymedical.com\/pt\/product\/pontas-de-agulha-de-distribuicao-tt14g\/\" \/>\n<meta property=\"og:site_name\" content=\"TOPKEY\u2013 Precision in Every Detail, Guardian of Life and Health\" \/>\n<meta property=\"article:publisher\" content=\"https:\/\/www.facebook.com\/profile.php?id=100088897294997\" \/>\n<meta property=\"article:modified_time\" content=\"2025-09-06T02:05:20+00:00\" \/>\n<meta property=\"og:image\" content=\"https:\/\/topkeymedical.com\/wp-content\/uploads\/2025\/08\/Dispensing-Needle-Tips-TT14G-1.webp\" \/>\n\t<meta property=\"og:image:width\" content=\"800\" \/>\n\t<meta property=\"og:image:height\" content=\"800\" \/>\n\t<meta property=\"og:image:type\" content=\"image\/webp\" \/>\n<meta name=\"twitter:card\" content=\"summary_large_image\" \/>\n<meta name=\"twitter:label1\" content=\"Tempo estimado de leitura\" \/>\n\t<meta name=\"twitter:data1\" content=\"2 minutos\" \/>\n<script type=\"application\/ld+json\" class=\"yoast-schema-graph\">{\"@context\":\"https:\\\/\\\/schema.org\",\"@graph\":[{\"@type\":\"WebPage\",\"@id\":\"https:\\\/\\\/topkeymedical.com\\\/product\\\/dispensing-needle-tips-tt14g\\\/\",\"url\":\"https:\\\/\\\/topkeymedical.com\\\/product\\\/dispensing-needle-tips-tt14g\\\/\",\"name\":\"Dispensing Needle Tips TT14G(\u00f81.6) Army Green Opaque\",\"isPartOf\":{\"@id\":\"https:\\\/\\\/topkeymedical.com\\\/#website\"},\"primaryImageOfPage\":{\"@id\":\"https:\\\/\\\/topkeymedical.com\\\/product\\\/dispensing-needle-tips-tt14g\\\/#primaryimage\"},\"image\":{\"@id\":\"https:\\\/\\\/topkeymedical.com\\\/product\\\/dispensing-needle-tips-tt14g\\\/#primaryimage\"},\"thumbnailUrl\":\"https:\\\/\\\/topkeymedical.com\\\/wp-content\\\/uploads\\\/2025\\\/08\\\/Dispensing-Needle-Tips-TT14G-1.webp\",\"datePublished\":\"2025-06-17T06:56:31+00:00\",\"dateModified\":\"2025-09-06T02:05:20+00:00\",\"description\":\"With a large 1.6mm bore (14-gauge), these dispensing needle tips TT14G army green opaque tips are optimized for high-viscosity fluids like epoxies\",\"breadcrumb\":{\"@id\":\"https:\\\/\\\/topkeymedical.com\\\/product\\\/dispensing-needle-tips-tt14g\\\/#breadcrumb\"},\"inLanguage\":\"pt-PT\",\"potentialAction\":[{\"@type\":\"ReadAction\",\"target\":[\"https:\\\/\\\/topkeymedical.com\\\/product\\\/dispensing-needle-tips-tt14g\\\/\"]}]},{\"@type\":\"ImageObject\",\"inLanguage\":\"pt-PT\",\"@id\":\"https:\\\/\\\/topkeymedical.com\\\/product\\\/dispensing-needle-tips-tt14g\\\/#primaryimage\",\"url\":\"https:\\\/\\\/topkeymedical.com\\\/wp-content\\\/uploads\\\/2025\\\/08\\\/Dispensing-Needle-Tips-TT14G-1.webp\",\"contentUrl\":\"https:\\\/\\\/topkeymedical.com\\\/wp-content\\\/uploads\\\/2025\\\/08\\\/Dispensing-Needle-Tips-TT14G-1.webp\",\"width\":800,\"height\":800,\"caption\":\"Dispensing Needle Tips TT14G\"},{\"@type\":\"BreadcrumbList\",\"@id\":\"https:\\\/\\\/topkeymedical.com\\\/product\\\/dispensing-needle-tips-tt14g\\\/#breadcrumb\",\"itemListElement\":[{\"@type\":\"ListItem\",\"position\":1,\"name\":\"Home\",\"item\":\"https:\\\/\\\/topkeymedical.com\\\/\"},{\"@type\":\"ListItem\",\"position\":2,\"name\":\"Products\",\"item\":\"https:\\\/\\\/topkeymedical.com\\\/shop\\\/\"},{\"@type\":\"ListItem\",\"position\":3,\"name\":\"Dispensing Needle Tips TT14G(\u00f81.6) Army Green Opaque\"}]},{\"@type\":\"WebSite\",\"@id\":\"https:\\\/\\\/topkeymedical.com\\\/#website\",\"url\":\"https:\\\/\\\/topkeymedical.com\\\/\",\"name\":\"TOPKEY\u2013 Precision in Every Detail, Guardian of Life and Health\",\"description\":\"\",\"publisher\":{\"@id\":\"https:\\\/\\\/topkeymedical.com\\\/#organization\"},\"potentialAction\":[{\"@type\":\"SearchAction\",\"target\":{\"@type\":\"EntryPoint\",\"urlTemplate\":\"https:\\\/\\\/topkeymedical.com\\\/?s={search_term_string}\"},\"query-input\":{\"@type\":\"PropertyValueSpecification\",\"valueRequired\":true,\"valueName\":\"search_term_string\"}}],\"inLanguage\":\"pt-PT\"},{\"@type\":\"Organization\",\"@id\":\"https:\\\/\\\/topkeymedical.com\\\/#organization\",\"name\":\"TOPKEY\u2013 Precision in Every Detail, Guardian of Life and Health\",\"url\":\"https:\\\/\\\/topkeymedical.com\\\/\",\"logo\":{\"@type\":\"ImageObject\",\"inLanguage\":\"pt-PT\",\"@id\":\"https:\\\/\\\/topkeymedical.com\\\/#\\\/schema\\\/logo\\\/image\\\/\",\"url\":\"https:\\\/\\\/topkeymedical.com\\\/wp-content\\\/uploads\\\/2025\\\/05\\\/cropped-logo.jpg\",\"contentUrl\":\"https:\\\/\\\/topkeymedical.com\\\/wp-content\\\/uploads\\\/2025\\\/05\\\/cropped-logo.jpg\",\"width\":512,\"height\":512,\"caption\":\"TOPKEY\u2013 Precision in Every Detail, Guardian of Life and Health\"},\"image\":{\"@id\":\"https:\\\/\\\/topkeymedical.com\\\/#\\\/schema\\\/logo\\\/image\\\/\"},\"sameAs\":[\"https:\\\/\\\/www.facebook.com\\\/profile.php?id=100088897294997\",\"https:\\\/\\\/www.youtube.com\\\/@TopkeyMedical-Alice888\",\"https:\\\/\\\/www.linkedin.com\\\/in\\\/alice-hu-bb66a01b3\\\/\"]}]}<\/script>\n<!-- \/ Yoast SEO plugin. -->","yoast_head_json":{"title":"Pontas de agulha para distribui\u00e7\u00e3o TT14G (\u00f81,6) Verde Ex\u00e9rcito Opaco","description":"Com um furo grande de 1,6 mm (calibre 14), estas pontas de agulha dispensadora TT14G verde opaco do ex\u00e9rcito s\u00e3o optimizadas para fluidos de alta viscosidade, como ep\u00f3xis","robots":{"index":"index","follow":"follow","max-snippet":"max-snippet:-1","max-image-preview":"max-image-preview:large","max-video-preview":"max-video-preview:-1"},"canonical":"https:\/\/topkeymedical.com\/pt\/product\/pontas-de-agulha-de-distribuicao-tt14g\/","og_locale":"pt_PT","og_type":"article","og_title":"Dispensing Needle Tips TT14G(\u00f81.6) Army Green Opaque","og_description":"With a large 1.6mm bore (14-gauge), these dispensing needle tips TT14G army green opaque tips are optimized for high-viscosity fluids like epoxies","og_url":"https:\/\/topkeymedical.com\/pt\/product\/pontas-de-agulha-de-distribuicao-tt14g\/","og_site_name":"TOPKEY\u2013 Precision in Every Detail, Guardian of Life and Health","article_publisher":"https:\/\/www.facebook.com\/profile.php?id=100088897294997","article_modified_time":"2025-09-06T02:05:20+00:00","og_image":[{"width":800,"height":800,"url":"https:\/\/topkeymedical.com\/wp-content\/uploads\/2025\/08\/Dispensing-Needle-Tips-TT14G-1.webp","type":"image\/webp"}],"twitter_card":"summary_large_image","twitter_misc":{"Tempo estimado de leitura":"2 minutos"},"schema":{"@context":"https:\/\/schema.org","@graph":[{"@type":"WebPage","@id":"https:\/\/topkeymedical.com\/product\/dispensing-needle-tips-tt14g\/","url":"https:\/\/topkeymedical.com\/product\/dispensing-needle-tips-tt14g\/","name":"Pontas de agulha para distribui\u00e7\u00e3o TT14G (\u00f81,6) Verde Ex\u00e9rcito Opaco","isPartOf":{"@id":"https:\/\/topkeymedical.com\/#website"},"primaryImageOfPage":{"@id":"https:\/\/topkeymedical.com\/product\/dispensing-needle-tips-tt14g\/#primaryimage"},"image":{"@id":"https:\/\/topkeymedical.com\/product\/dispensing-needle-tips-tt14g\/#primaryimage"},"thumbnailUrl":"https:\/\/topkeymedical.com\/wp-content\/uploads\/2025\/08\/Dispensing-Needle-Tips-TT14G-1.webp","datePublished":"2025-06-17T06:56:31+00:00","dateModified":"2025-09-06T02:05:20+00:00","description":"Com um furo grande de 1,6 mm (calibre 14), estas pontas de agulha dispensadora TT14G verde opaco do ex\u00e9rcito s\u00e3o optimizadas para fluidos de alta viscosidade, como ep\u00f3xis","breadcrumb":{"@id":"https:\/\/topkeymedical.com\/product\/dispensing-needle-tips-tt14g\/#breadcrumb"},"inLanguage":"pt-PT","potentialAction":[{"@type":"ReadAction","target":["https:\/\/topkeymedical.com\/product\/dispensing-needle-tips-tt14g\/"]}]},{"@type":"ImageObject","inLanguage":"pt-PT","@id":"https:\/\/topkeymedical.com\/product\/dispensing-needle-tips-tt14g\/#primaryimage","url":"https:\/\/topkeymedical.com\/wp-content\/uploads\/2025\/08\/Dispensing-Needle-Tips-TT14G-1.webp","contentUrl":"https:\/\/topkeymedical.com\/wp-content\/uploads\/2025\/08\/Dispensing-Needle-Tips-TT14G-1.webp","width":800,"height":800,"caption":"Dispensing Needle Tips TT14G"},{"@type":"BreadcrumbList","@id":"https:\/\/topkeymedical.com\/product\/dispensing-needle-tips-tt14g\/#breadcrumb","itemListElement":[{"@type":"ListItem","position":1,"name":"Home","item":"https:\/\/topkeymedical.com\/"},{"@type":"ListItem","position":2,"name":"Products","item":"https:\/\/topkeymedical.com\/shop\/"},{"@type":"ListItem","position":3,"name":"Dispensing Needle Tips TT14G(\u00f81.6) Army Green Opaque"}]},{"@type":"WebSite","@id":"https:\/\/topkeymedical.com\/#website","url":"https:\/\/topkeymedical.com\/","name":"TOPKEY- Precis\u00e3o em cada detalhe, guardi\u00e3o da vida e da sa\u00fade","description":"","publisher":{"@id":"https:\/\/topkeymedical.com\/#organization"},"potentialAction":[{"@type":"SearchAction","target":{"@type":"EntryPoint","urlTemplate":"https:\/\/topkeymedical.com\/?s={search_term_string}"},"query-input":{"@type":"PropertyValueSpecification","valueRequired":true,"valueName":"search_term_string"}}],"inLanguage":"pt-PT"},{"@type":"Organization","@id":"https:\/\/topkeymedical.com\/#organization","name":"TOPKEY- Precis\u00e3o em cada detalhe, guardi\u00e3o da vida e da sa\u00fade","url":"https:\/\/topkeymedical.com\/","logo":{"@type":"ImageObject","inLanguage":"pt-PT","@id":"https:\/\/topkeymedical.com\/#\/schema\/logo\/image\/","url":"https:\/\/topkeymedical.com\/wp-content\/uploads\/2025\/05\/cropped-logo.jpg","contentUrl":"https:\/\/topkeymedical.com\/wp-content\/uploads\/2025\/05\/cropped-logo.jpg","width":512,"height":512,"caption":"TOPKEY\u2013 Precision in Every Detail, Guardian of Life and Health"},"image":{"@id":"https:\/\/topkeymedical.com\/#\/schema\/logo\/image\/"},"sameAs":["https:\/\/www.facebook.com\/profile.php?id=100088897294997","https:\/\/www.youtube.com\/@TopkeyMedical-Alice888","https:\/\/www.linkedin.com\/in\/alice-hu-bb66a01b3\/"]}]}},"_links":{"self":[{"href":"https:\/\/topkeymedical.com\/pt\/wp-json\/wp\/v2\/product\/826","targetHints":{"allow":["GET"]}}],"collection":[{"href":"https:\/\/topkeymedical.com\/pt\/wp-json\/wp\/v2\/product"}],"about":[{"href":"https:\/\/topkeymedical.com\/pt\/wp-json\/wp\/v2\/types\/product"}],"version-history":[{"count":7,"href":"https:\/\/topkeymedical.com\/pt\/wp-json\/wp\/v2\/product\/826\/revisions"}],"predecessor-version":[{"id":1379,"href":"https:\/\/topkeymedical.com\/pt\/wp-json\/wp\/v2\/product\/826\/revisions\/1379"}],"wp:featuredmedia":[{"embeddable":true,"href":"https:\/\/topkeymedical.com\/pt\/wp-json\/wp\/v2\/media\/1188"}],"wp:attachment":[{"href":"https:\/\/topkeymedical.com\/pt\/wp-json\/wp\/v2\/media?parent=826"}],"wp:term":[{"taxonomy":"product_brand","embeddable":true,"href":"https:\/\/topkeymedical.com\/pt\/wp-json\/wp\/v2\/product_brand?post=826"},{"taxonomy":"product_cat","embeddable":true,"href":"https:\/\/topkeymedical.com\/pt\/wp-json\/wp\/v2\/product_cat?post=826"},{"taxonomy":"product_tag","embeddable":true,"href":"https:\/\/topkeymedical.com\/pt\/wp-json\/wp\/v2\/product_tag?post=826"}],"curies":[{"name":"wp","href":"https:\/\/api.w.org\/{rel}","templated":true}]}}