{"id":833,"date":"2025-06-17T07:03:45","date_gmt":"2025-06-17T07:03:45","guid":{"rendered":"https:\/\/topkeymedical.com\/?post_type=product&#038;p=833"},"modified":"2025-09-06T02:03:54","modified_gmt":"2025-09-06T02:03:54","slug":"agulhas-de-distribuicao-tt16g","status":"publish","type":"product","link":"https:\/\/topkeymedical.com\/pt\/product\/agulhas-de-distribuicao-tt16g\/","title":{"rendered":"Agulhas dispensadoras TT16G (\u00f81,25) Cinza escuro opaco"},"content":{"rendered":"<h2 data-start=\"1137\" data-end=\"1169\">Especifica\u00e7\u00f5es t\u00e9cnicas<\/h2>\n<div class=\"_tableContainer_1rjym_1\">\n<div class=\"_tableWrapper_1rjym_13 group flex w-fit flex-col-reverse\" tabindex=\"-1\">\n<table class=\"w-fit min-w-(--thread-content-width)\" data-start=\"1171\" data-end=\"3053\">\n<thead data-start=\"1171\" data-end=\"1287\">\n<tr data-start=\"1171\" data-end=\"1287\">\n<th data-start=\"1171\" data-end=\"1200\" data-col-size=\"sm\">Par\u00e2metro<\/th>\n<th data-start=\"1200\" data-end=\"1287\" data-col-size=\"md\">Valor \/ Descri\u00e7\u00e3o<\/th>\n<\/tr>\n<\/thead>\n<tbody data-start=\"1406\" data-end=\"3053\">\n<tr data-start=\"1406\" data-end=\"1523\">\n<td data-start=\"1406\" data-end=\"1436\" data-col-size=\"sm\"><strong data-start=\"1408\" data-end=\"1424\">Nome do produto<\/strong><\/td>\n<td data-start=\"1436\" data-end=\"1523\" data-col-size=\"md\">Agulhas de distribui\u00e7\u00e3o TT16G<\/td>\n<\/tr>\n<tr data-start=\"1524\" data-end=\"1641\">\n<td data-start=\"1524\" data-end=\"1554\" data-col-size=\"sm\"><strong data-start=\"1526\" data-end=\"1541\">Exemplo de SKU<\/strong><\/td>\n<td data-start=\"1554\" data-end=\"1641\" data-col-size=\"md\">TT16G (\u00f81,25 mm) Cinzento escuro Opaco<\/td>\n<\/tr>\n<tr data-start=\"1642\" data-end=\"1758\">\n<td data-start=\"1642\" data-end=\"1672\" data-col-size=\"sm\"><strong data-start=\"1644\" data-end=\"1658\">Tamanho do calibre<\/strong><\/td>\n<td data-start=\"1672\" data-end=\"1758\" data-col-size=\"md\">16G<\/td>\n<\/tr>\n<tr data-start=\"1759\" data-end=\"1875\">\n<td data-start=\"1759\" data-end=\"1789\" data-col-size=\"sm\"><strong data-start=\"1761\" data-end=\"1784\">Di\u00e2metro interior (ID)<\/strong><\/td>\n<td data-start=\"1789\" data-end=\"1875\" data-col-size=\"md\">1,25 mm<\/td>\n<\/tr>\n<tr data-start=\"1876\" data-end=\"1992\">\n<td data-start=\"1876\" data-end=\"1906\" data-col-size=\"sm\"><strong data-start=\"1878\" data-end=\"1901\">Di\u00e2metro exterior (DE)<\/strong><\/td>\n<td data-start=\"1906\" data-end=\"1992\" data-col-size=\"md\">~1,65 mm<\/td>\n<\/tr>\n<tr data-start=\"1993\" data-end=\"2110\">\n<td data-start=\"1993\" data-end=\"2023\" data-col-size=\"sm\"><strong data-start=\"1995\" data-end=\"2020\">Op\u00e7\u00f5es de comprimento da agulha<\/strong><\/td>\n<td data-start=\"2023\" data-end=\"2110\" data-col-size=\"md\">1 polegada (25 mm), 1,5 polegada (38 mm), 2 polegadas (50 mm); comprimentos personalizados dispon\u00edveis<\/td>\n<\/tr>\n<tr data-start=\"2111\" data-end=\"2228\">\n<td data-start=\"2111\" data-end=\"2141\" data-col-size=\"sm\"><strong data-start=\"2113\" data-end=\"2135\">Material - C\u00e2nula<\/strong><\/td>\n<td data-start=\"2141\" data-end=\"2228\" data-col-size=\"md\">A\u00e7o inoxid\u00e1vel de qualidade m\u00e9dica (em conformidade com a norma ISO 9626)<\/td>\n<\/tr>\n<tr data-start=\"2229\" data-end=\"2346\">\n<td data-start=\"2229\" data-end=\"2259\" data-col-size=\"sm\"><strong data-start=\"2231\" data-end=\"2249\">Material - Cubo<\/strong><\/td>\n<td data-start=\"2259\" data-end=\"2346\" data-col-size=\"md\">Polipropileno, cinzento escuro opaco, codificado de acordo com a norma ISO 6009<\/td>\n<\/tr>\n<tr data-start=\"2347\" data-end=\"2464\">\n<td data-start=\"2347\" data-end=\"2377\" data-col-size=\"sm\"><strong data-start=\"2349\" data-end=\"2368\">Tipo de liga\u00e7\u00e3o<\/strong><\/td>\n<td data-start=\"2377\" data-end=\"2464\" data-col-size=\"md\">Luer-lock universal \/ Luer-slip<\/td>\n<\/tr>\n<tr data-start=\"2465\" data-end=\"2582\">\n<td data-start=\"2465\" data-end=\"2495\" data-col-size=\"sm\"><strong data-start=\"2467\" data-end=\"2491\">M\u00e9todo de esteriliza\u00e7\u00e3o<\/strong><\/td>\n<td data-start=\"2495\" data-end=\"2582\" data-col-size=\"md\">Esteriliza\u00e7\u00e3o por \u00f3xido de etileno (EO)<\/td>\n<\/tr>\n<tr data-start=\"2583\" data-end=\"2700\">\n<td data-start=\"2583\" data-end=\"2613\" data-col-size=\"sm\"><strong data-start=\"2585\" data-end=\"2598\">Embalagem<\/strong><\/td>\n<td data-start=\"2613\" data-end=\"2700\" data-col-size=\"md\">Embalado individualmente em blister, 100 unidades por caixa<\/td>\n<\/tr>\n<tr data-start=\"2701\" data-end=\"2817\">\n<td data-start=\"2701\" data-end=\"2731\" data-col-size=\"sm\"><strong data-start=\"2703\" data-end=\"2717\">Utiliza\u00e7\u00e3o \u00fanica<\/strong><\/td>\n<td data-start=\"2731\" data-end=\"2817\" data-col-size=\"md\">Sim<\/td>\n<\/tr>\n<tr data-start=\"2818\" data-end=\"2935\">\n<td data-start=\"2818\" data-end=\"2848\" data-col-size=\"sm\"><strong data-start=\"2820\" data-end=\"2837\">Certifica\u00e7\u00e3o<\/strong><\/td>\n<td data-start=\"2848\" data-end=\"2935\" data-col-size=\"md\">ISO 13485, marca\u00e7\u00e3o CE, conformidade com a FDA (quando aplic\u00e1vel)<\/td>\n<\/tr>\n<tr data-start=\"2936\" data-end=\"3053\">\n<td data-start=\"2936\" data-end=\"2966\" data-col-size=\"sm\"><strong data-start=\"2938\" data-end=\"2952\">Prazo de validade<\/strong><\/td>\n<td data-start=\"2966\" data-end=\"3053\" data-col-size=\"md\">3-5 anos (armazenado num ambiente fresco e seco)<\/td>\n<\/tr>\n<\/tbody>\n<\/table>\n<\/div>\n<\/div>\n<hr data-start=\"3055\" data-end=\"3058\" \/>\n<p>As Agulhas Dispensadoras TT16G (\u00f81,25) Cinzento Escuro Opaco s\u00e3o pontas dispensadoras para trabalhos pesados concebidas para fluidos de alta viscosidade e aplica\u00e7\u00f5es de grande volume no fabrico industrial, montagem autom\u00f3vel e processos de envasamento. Com um di\u00e2metro interior generoso de 1,25 mm, estas agulhas robustas lidam com adesivos espessos, vedantes, massas lubrificantes e compostos de envasamento com um controlo de fluxo excecional e uma acumula\u00e7\u00e3o de press\u00e3o m\u00ednima.<\/p>\n<p>Constru\u00eddas a partir de um pol\u00edmero opaco cinzento-escuro de primeira qualidade, estas agulhas oferecem uma integridade estrutural e uma resist\u00eancia qu\u00edmica superiores, o que as torna ideais para ambientes exigentes. O material cinzento escuro opaco proporciona uma excelente durabilidade, evitando a degrada\u00e7\u00e3o dos raios UV, garantindo um desempenho consistente mesmo com materiais sens\u00edveis \u00e0 luz. O seu design de parede refor\u00e7ada resiste \u00e0 deforma\u00e7\u00e3o sob alta press\u00e3o, mantendo padr\u00f5es de distribui\u00e7\u00e3o precisos em aplica\u00e7\u00f5es automatizadas e manuais.<\/p>\n<p>Principais carater\u00edsticas e vantagens:<br \/>\nOrif\u00edcio grande de 1,25 mm - Optimizado para fluidos de alta viscosidade e distribui\u00e7\u00e3o r\u00e1pida<br \/>\nConstru\u00e7\u00e3o opaca cinzenta escura - Durabilidade melhorada com prote\u00e7\u00e3o UV<br \/>\nResistente a altas press\u00f5es - Mant\u00e9m a forma em condi\u00e7\u00f5es de dispensa exigentes<br \/>\nMaterial resistente a produtos qu\u00edmicos - Compat\u00edvel com solventes e compostos agressivos<br \/>\nDesign anti-entupimento - Fluxo de material suave para meios cheios e abrasivos<\/p>\n<p>Ideal para selantes para autom\u00f3veis, envasamento eletr\u00f3nico e aplica\u00e7\u00f5es de colagem industrial, a s\u00e9rie TT16G proporciona um desempenho de dispensa fi\u00e1vel e de elevado volume onde as agulhas normais n\u00e3o s\u00e3o suficientes.<\/p>\n<p>Constru\u00eddo para fluxos pesados. Concebida para durar.<\/p>\n<p>(Suplemento facultativo para as especifica\u00e7\u00f5es t\u00e9cnicas:)<br \/>\n- Material: Pol\u00edmero com enchimento de vidro<br \/>\n- Temperatura de funcionamento: -40\u00b0C a 120\u00b0C<br \/>\n- Fluidos compat\u00edveis: Ep\u00f3xis, silicones, poliuretanos e compostos com enchimento<\/p>\n<p>&nbsp;<\/p>","protected":false},"excerpt":{"rendered":"<p>Agulhas de distribui\u00e7\u00e3o de calibre 16 (1,25 mm) de grau cl\u00ednico TT16G adequadas para prepara\u00e7\u00f5es farmac\u00eauticas de m\u00e9dia viscosidade, incluindo determinados antibi\u00f3ticos ou suspens\u00f5es de ester\u00f3ides. A constru\u00e7\u00e3o opaca cinzenta escura protege os medicamentos sens\u00edveis \u00e0 luz e proporciona uma excelente resist\u00eancia qu\u00edmica a v\u00e1rios agentes terap\u00eauticos.<\/p>","protected":false},"featured_media":1201,"template":"","meta":{"_acf_changed":false,"site-sidebar-layout":"default","site-content-layout":"","ast-site-content-layout":"default","site-content-style":"default","site-sidebar-style":"default","ast-global-header-display":"","ast-banner-title-visibility":"","ast-main-header-display":"","ast-hfb-above-header-display":"","ast-hfb-below-header-display":"","ast-hfb-mobile-header-display":"","site-post-title":"","ast-breadcrumbs-content":"","ast-featured-img":"","footer-sml-layout":"","ast-disable-related-posts":"","theme-transparent-header-meta":"default","adv-header-id-meta":"","stick-header-meta":"","header-above-stick-meta":"","header-main-stick-meta":"","header-below-stick-meta":"","astra-migrate-meta-layouts":"set","ast-page-background-enabled":"default","ast-page-background-meta":{"desktop":{"background-color":"var(--ast-global-color-5)","background-image":"","background-repeat":"repeat","background-position":"center center","background-size":"auto","background-attachment":"scroll","background-type":"","background-media":"","overlay-type":"","overlay-color":"","overlay-opacity":"","overlay-gradient":""},"tablet":{"background-color":"","background-image":"","background-repeat":"repeat","background-position":"center center","background-size":"auto","background-attachment":"scroll","background-type":"","background-media":"","overlay-type":"","overlay-color":"","overlay-opacity":"","overlay-gradient":""},"mobile":{"background-color":"","background-image":"","background-repeat":"repeat","background-position":"center center","background-size":"auto","background-attachment":"scroll","background-type":"","background-media":"","overlay-type":"","overlay-color":"","overlay-opacity":"","overlay-gradient":""}},"ast-content-background-meta":{"desktop":{"background-color":"var(--ast-global-color-4)","background-image":"","background-repeat":"repeat","background-position":"center center","background-size":"auto","background-attachment":"scroll","background-type":"","background-media":"","overlay-type":"","overlay-color":"","overlay-opacity":"","overlay-gradient":""},"tablet":{"background-color":"var(--ast-global-color-4)","background-image":"","background-repeat":"repeat","background-position":"center center","background-size":"auto","background-attachment":"scroll","background-type":"","background-media":"","overlay-type":"","overlay-color":"","overlay-opacity":"","overlay-gradient":""},"mobile":{"background-color":"var(--ast-global-color-4)","background-image":"","background-repeat":"repeat","background-position":"center center","background-size":"auto","background-attachment":"scroll","background-type":"","background-media":"","overlay-type":"","overlay-color":"","overlay-opacity":"","overlay-gradient":""}}},"product_brand":[],"product_cat":[58,64],"product_tag":[],"class_list":{"0":"post-833","1":"product","2":"type-product","3":"status-publish","4":"has-post-thumbnail","6":"product_cat-dispensing-needles","7":"product_cat-dispensing-needles-and-tips","8":"desktop-align-left","9":"tablet-align-left","10":"mobile-align-left","12":"first","13":"instock","14":"shipping-taxable","15":"product-type-simple"},"acf":[],"yoast_head":"<!-- This site is optimized with the Yoast SEO plugin v27.4 - https:\/\/yoast.com\/product\/yoast-seo-wordpress\/ -->\n<title>Dispensing Needles TT16G(\u00f81.25) Dark Gray Opaque<\/title>\n<meta name=\"description\" content=\"Designed for medium-flow applications, dispensing needles TT16G 16-gauge (1.25mm) dark gray needles balance precision and throughput.\" \/>\n<meta name=\"robots\" content=\"index, follow, max-snippet:-1, max-image-preview:large, max-video-preview:-1\" \/>\n<link rel=\"canonical\" href=\"https:\/\/topkeymedical.com\/pt\/product\/agulhas-de-distribuicao-tt16g\/\" \/>\n<meta property=\"og:locale\" content=\"pt_PT\" \/>\n<meta property=\"og:type\" content=\"article\" \/>\n<meta property=\"og:title\" content=\"Dispensing Needles TT16G(\u00f81.25) Dark Gray Opaque\" \/>\n<meta property=\"og:description\" content=\"Designed for medium-flow applications, dispensing needles TT16G 16-gauge (1.25mm) dark gray needles balance precision and throughput.\" \/>\n<meta property=\"og:url\" content=\"https:\/\/topkeymedical.com\/pt\/product\/agulhas-de-distribuicao-tt16g\/\" \/>\n<meta property=\"og:site_name\" content=\"TOPKEY\u2013 Precision in Every Detail, Guardian of Life and Health\" \/>\n<meta property=\"article:publisher\" content=\"https:\/\/www.facebook.com\/profile.php?id=100088897294997\" \/>\n<meta property=\"article:modified_time\" content=\"2025-09-06T02:03:54+00:00\" \/>\n<meta property=\"og:image\" content=\"https:\/\/topkeymedical.com\/wp-content\/uploads\/2025\/08\/Dispensing-Needles-TT16G-2.webp\" \/>\n\t<meta property=\"og:image:width\" content=\"800\" \/>\n\t<meta property=\"og:image:height\" content=\"800\" \/>\n\t<meta property=\"og:image:type\" content=\"image\/webp\" \/>\n<meta name=\"twitter:card\" content=\"summary_large_image\" \/>\n<meta name=\"twitter:label1\" content=\"Tempo estimado de leitura\" \/>\n\t<meta name=\"twitter:data1\" content=\"2 minutos\" \/>\n<script type=\"application\/ld+json\" class=\"yoast-schema-graph\">{\"@context\":\"https:\\\/\\\/schema.org\",\"@graph\":[{\"@type\":\"WebPage\",\"@id\":\"https:\\\/\\\/topkeymedical.com\\\/product\\\/dispensing-needles-tt16g\\\/\",\"url\":\"https:\\\/\\\/topkeymedical.com\\\/product\\\/dispensing-needles-tt16g\\\/\",\"name\":\"Dispensing Needles TT16G(\u00f81.25) Dark Gray Opaque\",\"isPartOf\":{\"@id\":\"https:\\\/\\\/topkeymedical.com\\\/#website\"},\"primaryImageOfPage\":{\"@id\":\"https:\\\/\\\/topkeymedical.com\\\/product\\\/dispensing-needles-tt16g\\\/#primaryimage\"},\"image\":{\"@id\":\"https:\\\/\\\/topkeymedical.com\\\/product\\\/dispensing-needles-tt16g\\\/#primaryimage\"},\"thumbnailUrl\":\"https:\\\/\\\/topkeymedical.com\\\/wp-content\\\/uploads\\\/2025\\\/08\\\/Dispensing-Needles-TT16G-2.webp\",\"datePublished\":\"2025-06-17T07:03:45+00:00\",\"dateModified\":\"2025-09-06T02:03:54+00:00\",\"description\":\"Designed for medium-flow applications, dispensing needles TT16G 16-gauge (1.25mm) dark gray needles balance precision and throughput.\",\"breadcrumb\":{\"@id\":\"https:\\\/\\\/topkeymedical.com\\\/product\\\/dispensing-needles-tt16g\\\/#breadcrumb\"},\"inLanguage\":\"pt-PT\",\"potentialAction\":[{\"@type\":\"ReadAction\",\"target\":[\"https:\\\/\\\/topkeymedical.com\\\/product\\\/dispensing-needles-tt16g\\\/\"]}]},{\"@type\":\"ImageObject\",\"inLanguage\":\"pt-PT\",\"@id\":\"https:\\\/\\\/topkeymedical.com\\\/product\\\/dispensing-needles-tt16g\\\/#primaryimage\",\"url\":\"https:\\\/\\\/topkeymedical.com\\\/wp-content\\\/uploads\\\/2025\\\/08\\\/Dispensing-Needles-TT16G-2.webp\",\"contentUrl\":\"https:\\\/\\\/topkeymedical.com\\\/wp-content\\\/uploads\\\/2025\\\/08\\\/Dispensing-Needles-TT16G-2.webp\",\"width\":800,\"height\":800,\"caption\":\"Dispensing Needles TT16G\"},{\"@type\":\"BreadcrumbList\",\"@id\":\"https:\\\/\\\/topkeymedical.com\\\/product\\\/dispensing-needles-tt16g\\\/#breadcrumb\",\"itemListElement\":[{\"@type\":\"ListItem\",\"position\":1,\"name\":\"Home\",\"item\":\"https:\\\/\\\/topkeymedical.com\\\/\"},{\"@type\":\"ListItem\",\"position\":2,\"name\":\"Products\",\"item\":\"https:\\\/\\\/topkeymedical.com\\\/shop\\\/\"},{\"@type\":\"ListItem\",\"position\":3,\"name\":\"Dispensing Needles TT16G(\u00f81.25) Dark Gray Opaque\"}]},{\"@type\":\"WebSite\",\"@id\":\"https:\\\/\\\/topkeymedical.com\\\/#website\",\"url\":\"https:\\\/\\\/topkeymedical.com\\\/\",\"name\":\"TOPKEY\u2013 Precision in Every Detail, Guardian of Life and Health\",\"description\":\"\",\"publisher\":{\"@id\":\"https:\\\/\\\/topkeymedical.com\\\/#organization\"},\"potentialAction\":[{\"@type\":\"SearchAction\",\"target\":{\"@type\":\"EntryPoint\",\"urlTemplate\":\"https:\\\/\\\/topkeymedical.com\\\/?s={search_term_string}\"},\"query-input\":{\"@type\":\"PropertyValueSpecification\",\"valueRequired\":true,\"valueName\":\"search_term_string\"}}],\"inLanguage\":\"pt-PT\"},{\"@type\":\"Organization\",\"@id\":\"https:\\\/\\\/topkeymedical.com\\\/#organization\",\"name\":\"TOPKEY\u2013 Precision in Every Detail, Guardian of Life and Health\",\"url\":\"https:\\\/\\\/topkeymedical.com\\\/\",\"logo\":{\"@type\":\"ImageObject\",\"inLanguage\":\"pt-PT\",\"@id\":\"https:\\\/\\\/topkeymedical.com\\\/#\\\/schema\\\/logo\\\/image\\\/\",\"url\":\"https:\\\/\\\/topkeymedical.com\\\/wp-content\\\/uploads\\\/2025\\\/05\\\/cropped-logo.jpg\",\"contentUrl\":\"https:\\\/\\\/topkeymedical.com\\\/wp-content\\\/uploads\\\/2025\\\/05\\\/cropped-logo.jpg\",\"width\":512,\"height\":512,\"caption\":\"TOPKEY\u2013 Precision in Every Detail, Guardian of Life and Health\"},\"image\":{\"@id\":\"https:\\\/\\\/topkeymedical.com\\\/#\\\/schema\\\/logo\\\/image\\\/\"},\"sameAs\":[\"https:\\\/\\\/www.facebook.com\\\/profile.php?id=100088897294997\",\"https:\\\/\\\/www.youtube.com\\\/@TopkeyMedical-Alice888\",\"https:\\\/\\\/www.linkedin.com\\\/in\\\/alice-hu-bb66a01b3\\\/\"]}]}<\/script>\n<!-- \/ Yoast SEO plugin. -->","yoast_head_json":{"title":"Agulhas dispensadoras TT16G (\u00f81,25) Cinza escuro opaco","description":"Concebidas para aplica\u00e7\u00f5es de fluxo m\u00e9dio, as agulhas dispensadoras TT16G de calibre 16 (1,25 mm) cinzentas escuras equilibram a precis\u00e3o e o rendimento.","robots":{"index":"index","follow":"follow","max-snippet":"max-snippet:-1","max-image-preview":"max-image-preview:large","max-video-preview":"max-video-preview:-1"},"canonical":"https:\/\/topkeymedical.com\/pt\/product\/agulhas-de-distribuicao-tt16g\/","og_locale":"pt_PT","og_type":"article","og_title":"Dispensing Needles TT16G(\u00f81.25) Dark Gray Opaque","og_description":"Designed for medium-flow applications, dispensing needles TT16G 16-gauge (1.25mm) dark gray needles balance precision and throughput.","og_url":"https:\/\/topkeymedical.com\/pt\/product\/agulhas-de-distribuicao-tt16g\/","og_site_name":"TOPKEY\u2013 Precision in Every Detail, Guardian of Life and Health","article_publisher":"https:\/\/www.facebook.com\/profile.php?id=100088897294997","article_modified_time":"2025-09-06T02:03:54+00:00","og_image":[{"width":800,"height":800,"url":"https:\/\/topkeymedical.com\/wp-content\/uploads\/2025\/08\/Dispensing-Needles-TT16G-2.webp","type":"image\/webp"}],"twitter_card":"summary_large_image","twitter_misc":{"Tempo estimado de leitura":"2 minutos"},"schema":{"@context":"https:\/\/schema.org","@graph":[{"@type":"WebPage","@id":"https:\/\/topkeymedical.com\/product\/dispensing-needles-tt16g\/","url":"https:\/\/topkeymedical.com\/product\/dispensing-needles-tt16g\/","name":"Agulhas dispensadoras TT16G (\u00f81,25) Cinza escuro opaco","isPartOf":{"@id":"https:\/\/topkeymedical.com\/#website"},"primaryImageOfPage":{"@id":"https:\/\/topkeymedical.com\/product\/dispensing-needles-tt16g\/#primaryimage"},"image":{"@id":"https:\/\/topkeymedical.com\/product\/dispensing-needles-tt16g\/#primaryimage"},"thumbnailUrl":"https:\/\/topkeymedical.com\/wp-content\/uploads\/2025\/08\/Dispensing-Needles-TT16G-2.webp","datePublished":"2025-06-17T07:03:45+00:00","dateModified":"2025-09-06T02:03:54+00:00","description":"Concebidas para aplica\u00e7\u00f5es de fluxo m\u00e9dio, as agulhas dispensadoras TT16G de calibre 16 (1,25 mm) cinzentas escuras equilibram a precis\u00e3o e o rendimento.","breadcrumb":{"@id":"https:\/\/topkeymedical.com\/product\/dispensing-needles-tt16g\/#breadcrumb"},"inLanguage":"pt-PT","potentialAction":[{"@type":"ReadAction","target":["https:\/\/topkeymedical.com\/product\/dispensing-needles-tt16g\/"]}]},{"@type":"ImageObject","inLanguage":"pt-PT","@id":"https:\/\/topkeymedical.com\/product\/dispensing-needles-tt16g\/#primaryimage","url":"https:\/\/topkeymedical.com\/wp-content\/uploads\/2025\/08\/Dispensing-Needles-TT16G-2.webp","contentUrl":"https:\/\/topkeymedical.com\/wp-content\/uploads\/2025\/08\/Dispensing-Needles-TT16G-2.webp","width":800,"height":800,"caption":"Dispensing Needles TT16G"},{"@type":"BreadcrumbList","@id":"https:\/\/topkeymedical.com\/product\/dispensing-needles-tt16g\/#breadcrumb","itemListElement":[{"@type":"ListItem","position":1,"name":"Home","item":"https:\/\/topkeymedical.com\/"},{"@type":"ListItem","position":2,"name":"Products","item":"https:\/\/topkeymedical.com\/shop\/"},{"@type":"ListItem","position":3,"name":"Dispensing Needles TT16G(\u00f81.25) Dark Gray Opaque"}]},{"@type":"WebSite","@id":"https:\/\/topkeymedical.com\/#website","url":"https:\/\/topkeymedical.com\/","name":"TOPKEY- Precis\u00e3o em cada detalhe, guardi\u00e3o da vida e da sa\u00fade","description":"","publisher":{"@id":"https:\/\/topkeymedical.com\/#organization"},"potentialAction":[{"@type":"SearchAction","target":{"@type":"EntryPoint","urlTemplate":"https:\/\/topkeymedical.com\/?s={search_term_string}"},"query-input":{"@type":"PropertyValueSpecification","valueRequired":true,"valueName":"search_term_string"}}],"inLanguage":"pt-PT"},{"@type":"Organization","@id":"https:\/\/topkeymedical.com\/#organization","name":"TOPKEY- Precis\u00e3o em cada detalhe, guardi\u00e3o da vida e da sa\u00fade","url":"https:\/\/topkeymedical.com\/","logo":{"@type":"ImageObject","inLanguage":"pt-PT","@id":"https:\/\/topkeymedical.com\/#\/schema\/logo\/image\/","url":"https:\/\/topkeymedical.com\/wp-content\/uploads\/2025\/05\/cropped-logo.jpg","contentUrl":"https:\/\/topkeymedical.com\/wp-content\/uploads\/2025\/05\/cropped-logo.jpg","width":512,"height":512,"caption":"TOPKEY\u2013 Precision in Every Detail, Guardian of Life and Health"},"image":{"@id":"https:\/\/topkeymedical.com\/#\/schema\/logo\/image\/"},"sameAs":["https:\/\/www.facebook.com\/profile.php?id=100088897294997","https:\/\/www.youtube.com\/@TopkeyMedical-Alice888","https:\/\/www.linkedin.com\/in\/alice-hu-bb66a01b3\/"]}]}},"_links":{"self":[{"href":"https:\/\/topkeymedical.com\/pt\/wp-json\/wp\/v2\/product\/833","targetHints":{"allow":["GET"]}}],"collection":[{"href":"https:\/\/topkeymedical.com\/pt\/wp-json\/wp\/v2\/product"}],"about":[{"href":"https:\/\/topkeymedical.com\/pt\/wp-json\/wp\/v2\/types\/product"}],"version-history":[{"count":6,"href":"https:\/\/topkeymedical.com\/pt\/wp-json\/wp\/v2\/product\/833\/revisions"}],"predecessor-version":[{"id":1378,"href":"https:\/\/topkeymedical.com\/pt\/wp-json\/wp\/v2\/product\/833\/revisions\/1378"}],"wp:featuredmedia":[{"embeddable":true,"href":"https:\/\/topkeymedical.com\/pt\/wp-json\/wp\/v2\/media\/1201"}],"wp:attachment":[{"href":"https:\/\/topkeymedical.com\/pt\/wp-json\/wp\/v2\/media?parent=833"}],"wp:term":[{"taxonomy":"product_brand","embeddable":true,"href":"https:\/\/topkeymedical.com\/pt\/wp-json\/wp\/v2\/product_brand?post=833"},{"taxonomy":"product_cat","embeddable":true,"href":"https:\/\/topkeymedical.com\/pt\/wp-json\/wp\/v2\/product_cat?post=833"},{"taxonomy":"product_tag","embeddable":true,"href":"https:\/\/topkeymedical.com\/pt\/wp-json\/wp\/v2\/product_tag?post=833"}],"curies":[{"name":"wp","href":"https:\/\/api.w.org\/{rel}","templated":true}]}}