{"id":839,"date":"2025-06-17T07:10:44","date_gmt":"2025-06-17T07:10:44","guid":{"rendered":"https:\/\/topkeymedical.com\/?post_type=product&#038;p=839"},"modified":"2025-09-06T02:02:33","modified_gmt":"2025-09-06T02:02:33","slug":"pontas-de-agulha-de-distribuicao-tt20g","status":"publish","type":"product","link":"https:\/\/topkeymedical.com\/pt\/product\/pontas-de-agulha-de-distribuicao-tt20g\/","title":{"rendered":"Pontas de agulha dispensadoras TT20G (\u00f80,6) Rosa Opaco"},"content":{"rendered":"<h2 data-start=\"1100\" data-end=\"1132\">Especifica\u00e7\u00f5es t\u00e9cnicas<\/h2>\n<div class=\"_tableContainer_1rjym_1\">\n<div class=\"_tableWrapper_1rjym_13 group flex w-fit flex-col-reverse\" tabindex=\"-1\">\n<table class=\"w-fit min-w-(--thread-content-width)\" data-start=\"1134\" data-end=\"3016\">\n<thead data-start=\"1134\" data-end=\"1250\">\n<tr data-start=\"1134\" data-end=\"1250\">\n<th data-start=\"1134\" data-end=\"1163\" data-col-size=\"sm\">Par\u00e2metro<\/th>\n<th data-start=\"1163\" data-end=\"1250\" data-col-size=\"md\">Valor \/ Descri\u00e7\u00e3o<\/th>\n<\/tr>\n<\/thead>\n<tbody data-start=\"1369\" data-end=\"3016\">\n<tr data-start=\"1369\" data-end=\"1486\">\n<td data-start=\"1369\" data-end=\"1399\" data-col-size=\"sm\"><strong data-start=\"1371\" data-end=\"1387\">Nome do produto<\/strong><\/td>\n<td data-start=\"1399\" data-end=\"1486\" data-col-size=\"md\">Pontas de agulha de distribui\u00e7\u00e3o TT20G<\/td>\n<\/tr>\n<tr data-start=\"1487\" data-end=\"1604\">\n<td data-start=\"1487\" data-end=\"1517\" data-col-size=\"sm\"><strong data-start=\"1489\" data-end=\"1504\">Exemplo de SKU<\/strong><\/td>\n<td data-start=\"1517\" data-end=\"1604\" data-col-size=\"md\">TT20G (\u00f80,6 mm) Rosa Opaco<\/td>\n<\/tr>\n<tr data-start=\"1605\" data-end=\"1721\">\n<td data-start=\"1605\" data-end=\"1635\" data-col-size=\"sm\"><strong data-start=\"1607\" data-end=\"1621\">Tamanho do calibre<\/strong><\/td>\n<td data-start=\"1635\" data-end=\"1721\" data-col-size=\"md\">20G<\/td>\n<\/tr>\n<tr data-start=\"1722\" data-end=\"1838\">\n<td data-start=\"1722\" data-end=\"1752\" data-col-size=\"sm\"><strong data-start=\"1724\" data-end=\"1747\">Di\u00e2metro interior (ID)<\/strong><\/td>\n<td data-start=\"1752\" data-end=\"1838\" data-col-size=\"md\">0,60 mm<\/td>\n<\/tr>\n<tr data-start=\"1839\" data-end=\"1955\">\n<td data-start=\"1839\" data-end=\"1869\" data-col-size=\"sm\"><strong data-start=\"1841\" data-end=\"1864\">Di\u00e2metro exterior (DE)<\/strong><\/td>\n<td data-start=\"1869\" data-end=\"1955\" data-col-size=\"md\">~0,91 mm<\/td>\n<\/tr>\n<tr data-start=\"1956\" data-end=\"2073\">\n<td data-start=\"1956\" data-end=\"1986\" data-col-size=\"sm\"><strong data-start=\"1958\" data-end=\"1983\">Op\u00e7\u00f5es de comprimento da agulha<\/strong><\/td>\n<td data-start=\"1986\" data-end=\"2073\" data-col-size=\"md\">Padr\u00e3o: 1 polegada (25 mm), 1,5 polegada (38 mm); outros tamanhos dispon\u00edveis<\/td>\n<\/tr>\n<tr data-start=\"2074\" data-end=\"2191\">\n<td data-start=\"2074\" data-end=\"2104\" data-col-size=\"sm\"><strong data-start=\"2076\" data-end=\"2098\">Material - C\u00e2nula<\/strong><\/td>\n<td data-start=\"2104\" data-end=\"2191\" data-col-size=\"md\">A\u00e7o inoxid\u00e1vel de qualidade m\u00e9dica (em conformidade com a norma ISO 9626)<\/td>\n<\/tr>\n<tr data-start=\"2192\" data-end=\"2309\">\n<td data-start=\"2192\" data-end=\"2222\" data-col-size=\"sm\"><strong data-start=\"2194\" data-end=\"2212\">Material - Cubo<\/strong><\/td>\n<td data-start=\"2222\" data-end=\"2309\" data-col-size=\"md\">Polipropileno, rosa opaco, codificado de acordo com a norma ISO 6009<\/td>\n<\/tr>\n<tr data-start=\"2310\" data-end=\"2427\">\n<td data-start=\"2310\" data-end=\"2340\" data-col-size=\"sm\"><strong data-start=\"2312\" data-end=\"2331\">Tipo de liga\u00e7\u00e3o<\/strong><\/td>\n<td data-start=\"2340\" data-end=\"2427\" data-col-size=\"md\">Luer-lock universal \/ Luer-slip<\/td>\n<\/tr>\n<tr data-start=\"2428\" data-end=\"2545\">\n<td data-start=\"2428\" data-end=\"2458\" data-col-size=\"sm\"><strong data-start=\"2430\" data-end=\"2454\">M\u00e9todo de esteriliza\u00e7\u00e3o<\/strong><\/td>\n<td data-start=\"2458\" data-end=\"2545\" data-col-size=\"md\">Esterilizado por EO (\u00d3xido de Etileno)<\/td>\n<\/tr>\n<tr data-start=\"2546\" data-end=\"2663\">\n<td data-start=\"2546\" data-end=\"2576\" data-col-size=\"sm\"><strong data-start=\"2548\" data-end=\"2561\">Embalagem<\/strong><\/td>\n<td data-start=\"2576\" data-end=\"2663\" data-col-size=\"md\">Embalagens blister seladas individualmente, 100 unidades\/caixa<\/td>\n<\/tr>\n<tr data-start=\"2664\" data-end=\"2780\">\n<td data-start=\"2664\" data-end=\"2694\" data-col-size=\"sm\"><strong data-start=\"2666\" data-end=\"2680\">Utiliza\u00e7\u00e3o \u00fanica<\/strong><\/td>\n<td data-start=\"2694\" data-end=\"2780\" data-col-size=\"md\">Sim<\/td>\n<\/tr>\n<tr data-start=\"2781\" data-end=\"2898\">\n<td data-start=\"2781\" data-end=\"2811\" data-col-size=\"sm\"><strong data-start=\"2783\" data-end=\"2800\">Certifica\u00e7\u00e3o<\/strong><\/td>\n<td data-start=\"2811\" data-end=\"2898\" data-col-size=\"md\">ISO 13485, marca\u00e7\u00e3o CE, conformidade com a FDA (dependendo do mercado)<\/td>\n<\/tr>\n<tr data-start=\"2899\" data-end=\"3016\">\n<td data-start=\"2899\" data-end=\"2929\" data-col-size=\"sm\"><strong data-start=\"2901\" data-end=\"2915\">Prazo de validade<\/strong><\/td>\n<td data-start=\"2929\" data-end=\"3016\" data-col-size=\"md\">3-5 anos quando armazenado em condi\u00e7\u00f5es limpas e secas<\/td>\n<\/tr>\n<\/tbody>\n<\/table>\n<\/div>\n<\/div>\n<hr data-start=\"3018\" data-end=\"3021\" \/>\n<p>As Pontas de Agulha de Dispensa TT20G (\u00f80.6) Rosa Opaca s\u00e3o concebidas com precis\u00e3o para a dispensa controlada de fluidos de m\u00e9dia viscosidade na montagem de eletr\u00f3nica, fabrico de dispositivos m\u00e9dicos e aplica\u00e7\u00f5es de colagem de precis\u00e3o. Com um di\u00e2metro interior de 0,6 mm, estas pontas de agulha proporcionam um controlo de fluxo \u00f3timo para adesivos, ep\u00f3xis, silicones e outros fluidos industriais que exigem precis\u00e3o e rendimento equilibrados.<\/p>\n<p>Fabricadas em pol\u00edmero rosa opaco de alta qualidade, estas pontas oferecem uma excelente resist\u00eancia qu\u00edmica, assegurando simultaneamente uma f\u00e1cil identifica\u00e7\u00e3o visual em linhas de produ\u00e7\u00e3o automatizadas. A constru\u00e7\u00e3o r\u00edgida mas leve evita a flex\u00e3o durante o funcionamento, mantendo um alinhamento consistente para uma dosagem precisa de pontos, linhas ou superf\u00edcies. O seu design c\u00f3nico minimiza os riscos de entupimento e permite um fluxo de material suave, mesmo com compostos cheios.<\/p>\n<p>Principais vantagens:<br \/>\nDi\u00e2metro interior de 0,6 mm - Equil\u00edbrio ideal entre precis\u00e3o e caudal<br \/>\nMaterial opaco cor-de-rosa - Identifica\u00e7\u00e3o r\u00e1pida e prote\u00e7\u00e3o de materiais sens\u00edveis aos raios UV\/luz<br \/>\nResistente a produtos qu\u00edmicos e dur\u00e1vel - Suporta solventes e meios agressivos<br \/>\nPonta c\u00f3nica anti-entupimento - Desempenho fi\u00e1vel com materiais cheios de part\u00edculas<br \/>\nOptimizado para rigidez - Resiste \u00e0 flex\u00e3o para uma distribui\u00e7\u00e3o autom\u00e1tica est\u00e1vel<\/p>\n<p>Perfeita para montagem SMT, embalagem de LEDs e fabrico de dispositivos m\u00e9dicos, a s\u00e9rie TT20G garante precis\u00e3o repet\u00edvel e efici\u00eancia de processo em ambientes exigentes.<\/p>\n<p>Concebida para a precis\u00e3o. Constru\u00eddo para a produtividade.<\/p>\n<p>&nbsp;<\/p>","protected":false},"excerpt":{"rendered":"<p>Pontas de agulhas dispensadoras est\u00e9reis TT20G de calibre 20 (0,6 mm) com c\u00f3digo cor-de-rosa, concebidas para administra\u00e7\u00e3o precisa de medicamentos em pediatria, procedimentos dermatol\u00f3gicos ou bi\u00f3psias por aspira\u00e7\u00e3o fina. O material opaco garante a estabilidade do medicamento, enquanto o c\u00f3digo de cores apoia os protocolos de seguran\u00e7a hospitalar.<\/p>","protected":false},"featured_media":1193,"template":"","meta":{"_acf_changed":false,"site-sidebar-layout":"default","site-content-layout":"","ast-site-content-layout":"default","site-content-style":"default","site-sidebar-style":"default","ast-global-header-display":"","ast-banner-title-visibility":"","ast-main-header-display":"","ast-hfb-above-header-display":"","ast-hfb-below-header-display":"","ast-hfb-mobile-header-display":"","site-post-title":"","ast-breadcrumbs-content":"","ast-featured-img":"","footer-sml-layout":"","ast-disable-related-posts":"","theme-transparent-header-meta":"default","adv-header-id-meta":"","stick-header-meta":"","header-above-stick-meta":"","header-main-stick-meta":"","header-below-stick-meta":"","astra-migrate-meta-layouts":"set","ast-page-background-enabled":"default","ast-page-background-meta":{"desktop":{"background-color":"var(--ast-global-color-5)","background-image":"","background-repeat":"repeat","background-position":"center center","background-size":"auto","background-attachment":"scroll","background-type":"","background-media":"","overlay-type":"","overlay-color":"","overlay-opacity":"","overlay-gradient":""},"tablet":{"background-color":"","background-image":"","background-repeat":"repeat","background-position":"center center","background-size":"auto","background-attachment":"scroll","background-type":"","background-media":"","overlay-type":"","overlay-color":"","overlay-opacity":"","overlay-gradient":""},"mobile":{"background-color":"","background-image":"","background-repeat":"repeat","background-position":"center center","background-size":"auto","background-attachment":"scroll","background-type":"","background-media":"","overlay-type":"","overlay-color":"","overlay-opacity":"","overlay-gradient":""}},"ast-content-background-meta":{"desktop":{"background-color":"var(--ast-global-color-4)","background-image":"","background-repeat":"repeat","background-position":"center center","background-size":"auto","background-attachment":"scroll","background-type":"","background-media":"","overlay-type":"","overlay-color":"","overlay-opacity":"","overlay-gradient":""},"tablet":{"background-color":"var(--ast-global-color-4)","background-image":"","background-repeat":"repeat","background-position":"center center","background-size":"auto","background-attachment":"scroll","background-type":"","background-media":"","overlay-type":"","overlay-color":"","overlay-opacity":"","overlay-gradient":""},"mobile":{"background-color":"var(--ast-global-color-4)","background-image":"","background-repeat":"repeat","background-position":"center center","background-size":"auto","background-attachment":"scroll","background-type":"","background-media":"","overlay-type":"","overlay-color":"","overlay-opacity":"","overlay-gradient":""}}},"product_brand":[],"product_cat":[58,64],"product_tag":[],"class_list":{"0":"post-839","1":"product","2":"type-product","3":"status-publish","4":"has-post-thumbnail","6":"product_cat-dispensing-needles","7":"product_cat-dispensing-needles-and-tips","8":"desktop-align-left","9":"tablet-align-left","10":"mobile-align-left","12":"first","13":"instock","14":"shipping-taxable","15":"product-type-simple"},"acf":[],"yoast_head":"<!-- This site is optimized with the Yoast SEO plugin v27.4 - https:\/\/yoast.com\/product\/yoast-seo-wordpress\/ -->\n<title>Dispensing Needle Tips TT20G(\u00f80.6) Pink Opaque<\/title>\n<meta name=\"description\" content=\"Pink-coded 20-gauge (0.6mm) sterile dispensing needle tips TT20G designed for precise medication delivery in pediatrics, dermatology procedures\" \/>\n<meta name=\"robots\" content=\"index, follow, max-snippet:-1, max-image-preview:large, max-video-preview:-1\" \/>\n<link rel=\"canonical\" href=\"https:\/\/topkeymedical.com\/pt\/product\/pontas-de-agulha-de-distribuicao-tt20g\/\" \/>\n<meta property=\"og:locale\" content=\"pt_PT\" \/>\n<meta property=\"og:type\" content=\"article\" \/>\n<meta property=\"og:title\" content=\"Dispensing Needle Tips TT20G(\u00f80.6) Pink Opaque\" \/>\n<meta property=\"og:description\" content=\"Pink-coded 20-gauge (0.6mm) sterile dispensing needle tips TT20G designed for precise medication delivery in pediatrics, dermatology procedures\" \/>\n<meta property=\"og:url\" content=\"https:\/\/topkeymedical.com\/pt\/product\/pontas-de-agulha-de-distribuicao-tt20g\/\" \/>\n<meta property=\"og:site_name\" content=\"TOPKEY\u2013 Precision in Every Detail, Guardian of Life and Health\" \/>\n<meta property=\"article:publisher\" content=\"https:\/\/www.facebook.com\/profile.php?id=100088897294997\" \/>\n<meta property=\"article:modified_time\" content=\"2025-09-06T02:02:33+00:00\" \/>\n<meta property=\"og:image\" content=\"https:\/\/topkeymedical.com\/wp-content\/uploads\/2025\/08\/Dispensing-Needle-Tips-TT20G-2.webp\" \/>\n\t<meta property=\"og:image:width\" content=\"800\" \/>\n\t<meta property=\"og:image:height\" content=\"800\" \/>\n\t<meta property=\"og:image:type\" content=\"image\/webp\" \/>\n<meta name=\"twitter:card\" content=\"summary_large_image\" \/>\n<meta name=\"twitter:label1\" content=\"Tempo estimado de leitura\" \/>\n\t<meta name=\"twitter:data1\" content=\"2 minutos\" \/>\n<script type=\"application\/ld+json\" class=\"yoast-schema-graph\">{\"@context\":\"https:\\\/\\\/schema.org\",\"@graph\":[{\"@type\":\"WebPage\",\"@id\":\"https:\\\/\\\/topkeymedical.com\\\/product\\\/dispensing-needle-tips-tt20g\\\/\",\"url\":\"https:\\\/\\\/topkeymedical.com\\\/product\\\/dispensing-needle-tips-tt20g\\\/\",\"name\":\"Dispensing Needle Tips TT20G(\u00f80.6) Pink Opaque\",\"isPartOf\":{\"@id\":\"https:\\\/\\\/topkeymedical.com\\\/#website\"},\"primaryImageOfPage\":{\"@id\":\"https:\\\/\\\/topkeymedical.com\\\/product\\\/dispensing-needle-tips-tt20g\\\/#primaryimage\"},\"image\":{\"@id\":\"https:\\\/\\\/topkeymedical.com\\\/product\\\/dispensing-needle-tips-tt20g\\\/#primaryimage\"},\"thumbnailUrl\":\"https:\\\/\\\/topkeymedical.com\\\/wp-content\\\/uploads\\\/2025\\\/08\\\/Dispensing-Needle-Tips-TT20G-2.webp\",\"datePublished\":\"2025-06-17T07:10:44+00:00\",\"dateModified\":\"2025-09-06T02:02:33+00:00\",\"description\":\"Pink-coded 20-gauge (0.6mm) sterile dispensing needle tips TT20G designed for precise medication delivery in pediatrics, dermatology procedures\",\"breadcrumb\":{\"@id\":\"https:\\\/\\\/topkeymedical.com\\\/product\\\/dispensing-needle-tips-tt20g\\\/#breadcrumb\"},\"inLanguage\":\"pt-PT\",\"potentialAction\":[{\"@type\":\"ReadAction\",\"target\":[\"https:\\\/\\\/topkeymedical.com\\\/product\\\/dispensing-needle-tips-tt20g\\\/\"]}]},{\"@type\":\"ImageObject\",\"inLanguage\":\"pt-PT\",\"@id\":\"https:\\\/\\\/topkeymedical.com\\\/product\\\/dispensing-needle-tips-tt20g\\\/#primaryimage\",\"url\":\"https:\\\/\\\/topkeymedical.com\\\/wp-content\\\/uploads\\\/2025\\\/08\\\/Dispensing-Needle-Tips-TT20G-2.webp\",\"contentUrl\":\"https:\\\/\\\/topkeymedical.com\\\/wp-content\\\/uploads\\\/2025\\\/08\\\/Dispensing-Needle-Tips-TT20G-2.webp\",\"width\":800,\"height\":800,\"caption\":\"Dispensing Needle Tips TT20G\"},{\"@type\":\"BreadcrumbList\",\"@id\":\"https:\\\/\\\/topkeymedical.com\\\/product\\\/dispensing-needle-tips-tt20g\\\/#breadcrumb\",\"itemListElement\":[{\"@type\":\"ListItem\",\"position\":1,\"name\":\"Home\",\"item\":\"https:\\\/\\\/topkeymedical.com\\\/\"},{\"@type\":\"ListItem\",\"position\":2,\"name\":\"Products\",\"item\":\"https:\\\/\\\/topkeymedical.com\\\/shop\\\/\"},{\"@type\":\"ListItem\",\"position\":3,\"name\":\"Dispensing Needle Tips TT20G(\u00f80.6) Pink Opaque\"}]},{\"@type\":\"WebSite\",\"@id\":\"https:\\\/\\\/topkeymedical.com\\\/#website\",\"url\":\"https:\\\/\\\/topkeymedical.com\\\/\",\"name\":\"TOPKEY\u2013 Precision in Every Detail, Guardian of Life and Health\",\"description\":\"\",\"publisher\":{\"@id\":\"https:\\\/\\\/topkeymedical.com\\\/#organization\"},\"potentialAction\":[{\"@type\":\"SearchAction\",\"target\":{\"@type\":\"EntryPoint\",\"urlTemplate\":\"https:\\\/\\\/topkeymedical.com\\\/?s={search_term_string}\"},\"query-input\":{\"@type\":\"PropertyValueSpecification\",\"valueRequired\":true,\"valueName\":\"search_term_string\"}}],\"inLanguage\":\"pt-PT\"},{\"@type\":\"Organization\",\"@id\":\"https:\\\/\\\/topkeymedical.com\\\/#organization\",\"name\":\"TOPKEY\u2013 Precision in Every Detail, Guardian of Life and Health\",\"url\":\"https:\\\/\\\/topkeymedical.com\\\/\",\"logo\":{\"@type\":\"ImageObject\",\"inLanguage\":\"pt-PT\",\"@id\":\"https:\\\/\\\/topkeymedical.com\\\/#\\\/schema\\\/logo\\\/image\\\/\",\"url\":\"https:\\\/\\\/topkeymedical.com\\\/wp-content\\\/uploads\\\/2025\\\/05\\\/cropped-logo.jpg\",\"contentUrl\":\"https:\\\/\\\/topkeymedical.com\\\/wp-content\\\/uploads\\\/2025\\\/05\\\/cropped-logo.jpg\",\"width\":512,\"height\":512,\"caption\":\"TOPKEY\u2013 Precision in Every Detail, Guardian of Life and Health\"},\"image\":{\"@id\":\"https:\\\/\\\/topkeymedical.com\\\/#\\\/schema\\\/logo\\\/image\\\/\"},\"sameAs\":[\"https:\\\/\\\/www.facebook.com\\\/profile.php?id=100088897294997\",\"https:\\\/\\\/www.youtube.com\\\/@TopkeyMedical-Alice888\",\"https:\\\/\\\/www.linkedin.com\\\/in\\\/alice-hu-bb66a01b3\\\/\"]}]}<\/script>\n<!-- \/ Yoast SEO plugin. -->","yoast_head_json":{"title":"Pontas de agulha dispensadoras TT20G (\u00f80,6) Rosa Opaco","description":"Pontas de agulhas dispensadoras est\u00e9reis TT20G de calibre 20 (0,6 mm) com c\u00f3digo cor-de-rosa, concebidas para administra\u00e7\u00e3o precisa de medicamentos em pediatria e procedimentos dermatol\u00f3gicos","robots":{"index":"index","follow":"follow","max-snippet":"max-snippet:-1","max-image-preview":"max-image-preview:large","max-video-preview":"max-video-preview:-1"},"canonical":"https:\/\/topkeymedical.com\/pt\/product\/pontas-de-agulha-de-distribuicao-tt20g\/","og_locale":"pt_PT","og_type":"article","og_title":"Dispensing Needle Tips TT20G(\u00f80.6) Pink Opaque","og_description":"Pink-coded 20-gauge (0.6mm) sterile dispensing needle tips TT20G designed for precise medication delivery in pediatrics, dermatology procedures","og_url":"https:\/\/topkeymedical.com\/pt\/product\/pontas-de-agulha-de-distribuicao-tt20g\/","og_site_name":"TOPKEY\u2013 Precision in Every Detail, Guardian of Life and Health","article_publisher":"https:\/\/www.facebook.com\/profile.php?id=100088897294997","article_modified_time":"2025-09-06T02:02:33+00:00","og_image":[{"width":800,"height":800,"url":"https:\/\/topkeymedical.com\/wp-content\/uploads\/2025\/08\/Dispensing-Needle-Tips-TT20G-2.webp","type":"image\/webp"}],"twitter_card":"summary_large_image","twitter_misc":{"Tempo estimado de leitura":"2 minutos"},"schema":{"@context":"https:\/\/schema.org","@graph":[{"@type":"WebPage","@id":"https:\/\/topkeymedical.com\/product\/dispensing-needle-tips-tt20g\/","url":"https:\/\/topkeymedical.com\/product\/dispensing-needle-tips-tt20g\/","name":"Pontas de agulha dispensadoras TT20G (\u00f80,6) Rosa Opaco","isPartOf":{"@id":"https:\/\/topkeymedical.com\/#website"},"primaryImageOfPage":{"@id":"https:\/\/topkeymedical.com\/product\/dispensing-needle-tips-tt20g\/#primaryimage"},"image":{"@id":"https:\/\/topkeymedical.com\/product\/dispensing-needle-tips-tt20g\/#primaryimage"},"thumbnailUrl":"https:\/\/topkeymedical.com\/wp-content\/uploads\/2025\/08\/Dispensing-Needle-Tips-TT20G-2.webp","datePublished":"2025-06-17T07:10:44+00:00","dateModified":"2025-09-06T02:02:33+00:00","description":"Pontas de agulhas dispensadoras est\u00e9reis TT20G de calibre 20 (0,6 mm) com c\u00f3digo cor-de-rosa, concebidas para administra\u00e7\u00e3o precisa de medicamentos em pediatria e procedimentos dermatol\u00f3gicos","breadcrumb":{"@id":"https:\/\/topkeymedical.com\/product\/dispensing-needle-tips-tt20g\/#breadcrumb"},"inLanguage":"pt-PT","potentialAction":[{"@type":"ReadAction","target":["https:\/\/topkeymedical.com\/product\/dispensing-needle-tips-tt20g\/"]}]},{"@type":"ImageObject","inLanguage":"pt-PT","@id":"https:\/\/topkeymedical.com\/product\/dispensing-needle-tips-tt20g\/#primaryimage","url":"https:\/\/topkeymedical.com\/wp-content\/uploads\/2025\/08\/Dispensing-Needle-Tips-TT20G-2.webp","contentUrl":"https:\/\/topkeymedical.com\/wp-content\/uploads\/2025\/08\/Dispensing-Needle-Tips-TT20G-2.webp","width":800,"height":800,"caption":"Dispensing Needle Tips TT20G"},{"@type":"BreadcrumbList","@id":"https:\/\/topkeymedical.com\/product\/dispensing-needle-tips-tt20g\/#breadcrumb","itemListElement":[{"@type":"ListItem","position":1,"name":"Home","item":"https:\/\/topkeymedical.com\/"},{"@type":"ListItem","position":2,"name":"Products","item":"https:\/\/topkeymedical.com\/shop\/"},{"@type":"ListItem","position":3,"name":"Dispensing Needle Tips TT20G(\u00f80.6) Pink Opaque"}]},{"@type":"WebSite","@id":"https:\/\/topkeymedical.com\/#website","url":"https:\/\/topkeymedical.com\/","name":"TOPKEY- Precis\u00e3o em cada detalhe, guardi\u00e3o da vida e da sa\u00fade","description":"","publisher":{"@id":"https:\/\/topkeymedical.com\/#organization"},"potentialAction":[{"@type":"SearchAction","target":{"@type":"EntryPoint","urlTemplate":"https:\/\/topkeymedical.com\/?s={search_term_string}"},"query-input":{"@type":"PropertyValueSpecification","valueRequired":true,"valueName":"search_term_string"}}],"inLanguage":"pt-PT"},{"@type":"Organization","@id":"https:\/\/topkeymedical.com\/#organization","name":"TOPKEY- Precis\u00e3o em cada detalhe, guardi\u00e3o da vida e da sa\u00fade","url":"https:\/\/topkeymedical.com\/","logo":{"@type":"ImageObject","inLanguage":"pt-PT","@id":"https:\/\/topkeymedical.com\/#\/schema\/logo\/image\/","url":"https:\/\/topkeymedical.com\/wp-content\/uploads\/2025\/05\/cropped-logo.jpg","contentUrl":"https:\/\/topkeymedical.com\/wp-content\/uploads\/2025\/05\/cropped-logo.jpg","width":512,"height":512,"caption":"TOPKEY\u2013 Precision in Every Detail, Guardian of Life and Health"},"image":{"@id":"https:\/\/topkeymedical.com\/#\/schema\/logo\/image\/"},"sameAs":["https:\/\/www.facebook.com\/profile.php?id=100088897294997","https:\/\/www.youtube.com\/@TopkeyMedical-Alice888","https:\/\/www.linkedin.com\/in\/alice-hu-bb66a01b3\/"]}]}},"_links":{"self":[{"href":"https:\/\/topkeymedical.com\/pt\/wp-json\/wp\/v2\/product\/839","targetHints":{"allow":["GET"]}}],"collection":[{"href":"https:\/\/topkeymedical.com\/pt\/wp-json\/wp\/v2\/product"}],"about":[{"href":"https:\/\/topkeymedical.com\/pt\/wp-json\/wp\/v2\/types\/product"}],"version-history":[{"count":5,"href":"https:\/\/topkeymedical.com\/pt\/wp-json\/wp\/v2\/product\/839\/revisions"}],"predecessor-version":[{"id":1377,"href":"https:\/\/topkeymedical.com\/pt\/wp-json\/wp\/v2\/product\/839\/revisions\/1377"}],"wp:featuredmedia":[{"embeddable":true,"href":"https:\/\/topkeymedical.com\/pt\/wp-json\/wp\/v2\/media\/1193"}],"wp:attachment":[{"href":"https:\/\/topkeymedical.com\/pt\/wp-json\/wp\/v2\/media?parent=839"}],"wp:term":[{"taxonomy":"product_brand","embeddable":true,"href":"https:\/\/topkeymedical.com\/pt\/wp-json\/wp\/v2\/product_brand?post=839"},{"taxonomy":"product_cat","embeddable":true,"href":"https:\/\/topkeymedical.com\/pt\/wp-json\/wp\/v2\/product_cat?post=839"},{"taxonomy":"product_tag","embeddable":true,"href":"https:\/\/topkeymedical.com\/pt\/wp-json\/wp\/v2\/product_tag?post=839"}],"curies":[{"name":"wp","href":"https:\/\/api.w.org\/{rel}","templated":true}]}}