{"id":849,"date":"2025-06-17T07:18:51","date_gmt":"2025-06-17T07:18:51","guid":{"rendered":"https:\/\/topkeymedical.com\/?post_type=product&#038;p=849"},"modified":"2025-09-06T02:00:09","modified_gmt":"2025-09-06T02:00:09","slug":"agulhas-dispensadoras-tt18g","status":"publish","type":"product","link":"https:\/\/topkeymedical.com\/pt\/product\/agulhas-dispensadoras-tt18g\/","title":{"rendered":"Agulhas dispensadoras TT18G(\u00f80.8) Verde Opaco"},"content":{"rendered":"<h2 data-start=\"1121\" data-end=\"1153\">Especifica\u00e7\u00f5es t\u00e9cnicas<\/h2>\n<div class=\"_tableContainer_1rjym_1\">\n<div class=\"_tableWrapper_1rjym_13 group flex w-fit flex-col-reverse\" tabindex=\"-1\">\n<table class=\"w-fit min-w-(--thread-content-width)\" data-start=\"1155\" data-end=\"3036\">\n<thead data-start=\"1155\" data-end=\"1271\">\n<tr data-start=\"1155\" data-end=\"1271\">\n<th data-start=\"1155\" data-end=\"1184\" data-col-size=\"sm\">Par\u00e2metro<\/th>\n<th data-start=\"1184\" data-end=\"1271\" data-col-size=\"md\">Valor \/ Descri\u00e7\u00e3o<\/th>\n<\/tr>\n<\/thead>\n<tbody data-start=\"1390\" data-end=\"3036\">\n<tr data-start=\"1390\" data-end=\"1507\">\n<td data-start=\"1390\" data-end=\"1420\" data-col-size=\"sm\"><strong data-start=\"1392\" data-end=\"1408\">Nome do produto<\/strong><\/td>\n<td data-start=\"1420\" data-end=\"1507\" data-col-size=\"md\">Agulhas de distribui\u00e7\u00e3o TT18G<\/td>\n<\/tr>\n<tr data-start=\"1508\" data-end=\"1625\">\n<td data-start=\"1508\" data-end=\"1538\" data-col-size=\"sm\"><strong data-start=\"1510\" data-end=\"1525\">Exemplo de SKU<\/strong><\/td>\n<td data-start=\"1538\" data-end=\"1625\" data-col-size=\"md\">TT18G (\u00f80,8 mm) Verde Opaco<\/td>\n<\/tr>\n<tr data-start=\"1626\" data-end=\"1742\">\n<td data-start=\"1626\" data-end=\"1656\" data-col-size=\"sm\"><strong data-start=\"1628\" data-end=\"1642\">Tamanho do calibre<\/strong><\/td>\n<td data-start=\"1656\" data-end=\"1742\" data-col-size=\"md\">18G<\/td>\n<\/tr>\n<tr data-start=\"1743\" data-end=\"1859\">\n<td data-start=\"1743\" data-end=\"1773\" data-col-size=\"sm\"><strong data-start=\"1745\" data-end=\"1768\">Di\u00e2metro interior (ID)<\/strong><\/td>\n<td data-start=\"1773\" data-end=\"1859\" data-col-size=\"md\">0,8 mm<\/td>\n<\/tr>\n<tr data-start=\"1860\" data-end=\"1976\">\n<td data-start=\"1860\" data-end=\"1890\" data-col-size=\"sm\"><strong data-start=\"1862\" data-end=\"1885\">Di\u00e2metro exterior (DE)<\/strong><\/td>\n<td data-start=\"1890\" data-end=\"1976\" data-col-size=\"md\">~1,27 mm<\/td>\n<\/tr>\n<tr data-start=\"1977\" data-end=\"2094\">\n<td data-start=\"1977\" data-end=\"2007\" data-col-size=\"sm\"><strong data-start=\"1979\" data-end=\"2004\">Op\u00e7\u00f5es de comprimento da agulha<\/strong><\/td>\n<td data-start=\"2007\" data-end=\"2094\" data-col-size=\"md\">Normalmente 1 polegada (25 mm), 1,5 polegada (38 mm), 2 polegadas (50 mm); personaliz\u00e1vel<\/td>\n<\/tr>\n<tr data-start=\"2095\" data-end=\"2212\">\n<td data-start=\"2095\" data-end=\"2125\" data-col-size=\"sm\"><strong data-start=\"2097\" data-end=\"2119\">Material - C\u00e2nula<\/strong><\/td>\n<td data-start=\"2125\" data-end=\"2212\" data-col-size=\"md\">A\u00e7o inoxid\u00e1vel de qualidade cir\u00fargica (em conformidade com a norma ISO 9626)<\/td>\n<\/tr>\n<tr data-start=\"2213\" data-end=\"2329\">\n<td data-start=\"2213\" data-end=\"2243\" data-col-size=\"sm\"><strong data-start=\"2215\" data-end=\"2233\">Material - Cubo<\/strong><\/td>\n<td data-start=\"2243\" data-end=\"2329\" data-col-size=\"md\">Polipropileno m\u00e9dico, verde opaco, c\u00f3digo de cores ISO<\/td>\n<\/tr>\n<tr data-start=\"2330\" data-end=\"2447\">\n<td data-start=\"2330\" data-end=\"2360\" data-col-size=\"sm\"><strong data-start=\"2332\" data-end=\"2351\">Tipo de liga\u00e7\u00e3o<\/strong><\/td>\n<td data-start=\"2360\" data-end=\"2447\" data-col-size=\"md\">Luer-lock padr\u00e3o \/ Luer-slip<\/td>\n<\/tr>\n<tr data-start=\"2448\" data-end=\"2565\">\n<td data-start=\"2448\" data-end=\"2478\" data-col-size=\"sm\"><strong data-start=\"2450\" data-end=\"2474\">M\u00e9todo de esteriliza\u00e7\u00e3o<\/strong><\/td>\n<td data-start=\"2478\" data-end=\"2565\" data-col-size=\"md\">Esterilizado por EO (\u00d3xido de Etileno)<\/td>\n<\/tr>\n<tr data-start=\"2566\" data-end=\"2683\">\n<td data-start=\"2566\" data-end=\"2596\" data-col-size=\"sm\"><strong data-start=\"2568\" data-end=\"2581\">Embalagem<\/strong><\/td>\n<td data-start=\"2596\" data-end=\"2683\" data-col-size=\"md\">Embalagens blister seladas individualmente; 100 unidades por caixa<\/td>\n<\/tr>\n<tr data-start=\"2684\" data-end=\"2800\">\n<td data-start=\"2684\" data-end=\"2714\" data-col-size=\"sm\"><strong data-start=\"2686\" data-end=\"2700\">Utiliza\u00e7\u00e3o \u00fanica<\/strong><\/td>\n<td data-start=\"2714\" data-end=\"2800\" data-col-size=\"md\">Sim<\/td>\n<\/tr>\n<tr data-start=\"2801\" data-end=\"2918\">\n<td data-start=\"2801\" data-end=\"2831\" data-col-size=\"sm\"><strong data-start=\"2803\" data-end=\"2820\">Certifica\u00e7\u00e3o<\/strong><\/td>\n<td data-start=\"2831\" data-end=\"2918\" data-col-size=\"md\">ISO 13485, marca\u00e7\u00e3o CE, FDA (consoante o mercado)<\/td>\n<\/tr>\n<tr data-start=\"2919\" data-end=\"3036\">\n<td data-start=\"2919\" data-end=\"2949\" data-col-size=\"sm\"><strong data-start=\"2921\" data-end=\"2935\">Prazo de validade<\/strong><\/td>\n<td data-start=\"2949\" data-end=\"3036\" data-col-size=\"md\">3-5 anos (quando armazenado corretamente)<\/td>\n<\/tr>\n<\/tbody>\n<\/table>\n<\/div>\n<\/div>\n<hr data-start=\"3038\" data-end=\"3041\" \/>\n<p>As Agulhas Dispensadoras TT18G (\u00f80.8) Verde Opaco s\u00e3o pontas dispensadoras robustas e fi\u00e1veis, concebidas para fluidos de m\u00e9dia a alta viscosidade em aplica\u00e7\u00f5es industriais, autom\u00f3veis e de montagem eletr\u00f3nica. Com um di\u00e2metro interior de 0,8 mm, estas agulhas proporcionam uma distribui\u00e7\u00e3o consistente e controlada de adesivos, vedantes, massas lubrificantes e outros materiais mais espessos, garantindo uma aplica\u00e7\u00e3o eficiente e uniforme.<\/p>\n<p>Fabricadas em pol\u00edmero verde opaco de alta resist\u00eancia, estas agulhas oferecem uma durabilidade superior e resist\u00eancia qu\u00edmica, o que as torna ideais para ambientes de trabalho exigentes. A cor verde opaca permite uma f\u00e1cil identifica\u00e7\u00e3o e sele\u00e7\u00e3o em ambientes de produ\u00e7\u00e3o de grande volume. A sua estrutura refor\u00e7ada minimiza a flex\u00e3o e o entupimento, garantindo um desempenho duradouro em sistemas de distribui\u00e7\u00e3o automatizados e manuais.<\/p>\n<p>Principais vantagens:<br \/>\nDi\u00e2metro interior de 0,8 mm para uma distribui\u00e7\u00e3o suave de fluidos de viscosidade m\u00e9dia\/elevada<br \/>\nMaterial opaco verde para uma identifica\u00e7\u00e3o r\u00e1pida e uma sensibilidade reduzida \u00e0 luz<br \/>\nElevada resist\u00eancia qu\u00edmica e \u00e0 abras\u00e3o para uma vida \u00fatil prolongada<br \/>\nDesign anti-entupimento para um funcionamento ininterrupto<br \/>\nIdeal para adesivos industriais, vedantes, lubrificantes e compostos de envasamento<\/p>\n<p>Actualize o seu processo de distribui\u00e7\u00e3o com as agulhas de distribui\u00e7\u00e3o TT18G - concebidas para durabilidade, precis\u00e3o e efici\u00eancia.<\/p>","protected":false},"excerpt":{"rendered":"<p>Agulhas de distribui\u00e7\u00e3o m\u00e9dica vers\u00e1teis TT18G de calibre 18 (0,8 mm) para injec\u00e7\u00f5es intramusculares, administra\u00e7\u00e3o de anestesia local ou administra\u00e7\u00e3o de vacinas. O design verde opaco cumpre as normas de codifica\u00e7\u00e3o de cores ISO para uma f\u00e1cil identifica\u00e7\u00e3o em situa\u00e7\u00f5es cl\u00ednicas de emerg\u00eancia e de rotina.<\/p>","protected":false},"featured_media":1204,"template":"","meta":{"_acf_changed":false,"site-sidebar-layout":"default","site-content-layout":"","ast-site-content-layout":"default","site-content-style":"default","site-sidebar-style":"default","ast-global-header-display":"","ast-banner-title-visibility":"","ast-main-header-display":"","ast-hfb-above-header-display":"","ast-hfb-below-header-display":"","ast-hfb-mobile-header-display":"","site-post-title":"","ast-breadcrumbs-content":"","ast-featured-img":"","footer-sml-layout":"","ast-disable-related-posts":"","theme-transparent-header-meta":"default","adv-header-id-meta":"","stick-header-meta":"","header-above-stick-meta":"","header-main-stick-meta":"","header-below-stick-meta":"","astra-migrate-meta-layouts":"set","ast-page-background-enabled":"default","ast-page-background-meta":{"desktop":{"background-color":"var(--ast-global-color-5)","background-image":"","background-repeat":"repeat","background-position":"center center","background-size":"auto","background-attachment":"scroll","background-type":"","background-media":"","overlay-type":"","overlay-color":"","overlay-opacity":"","overlay-gradient":""},"tablet":{"background-color":"","background-image":"","background-repeat":"repeat","background-position":"center center","background-size":"auto","background-attachment":"scroll","background-type":"","background-media":"","overlay-type":"","overlay-color":"","overlay-opacity":"","overlay-gradient":""},"mobile":{"background-color":"","background-image":"","background-repeat":"repeat","background-position":"center center","background-size":"auto","background-attachment":"scroll","background-type":"","background-media":"","overlay-type":"","overlay-color":"","overlay-opacity":"","overlay-gradient":""}},"ast-content-background-meta":{"desktop":{"background-color":"var(--ast-global-color-4)","background-image":"","background-repeat":"repeat","background-position":"center center","background-size":"auto","background-attachment":"scroll","background-type":"","background-media":"","overlay-type":"","overlay-color":"","overlay-opacity":"","overlay-gradient":""},"tablet":{"background-color":"var(--ast-global-color-4)","background-image":"","background-repeat":"repeat","background-position":"center center","background-size":"auto","background-attachment":"scroll","background-type":"","background-media":"","overlay-type":"","overlay-color":"","overlay-opacity":"","overlay-gradient":""},"mobile":{"background-color":"var(--ast-global-color-4)","background-image":"","background-repeat":"repeat","background-position":"center center","background-size":"auto","background-attachment":"scroll","background-type":"","background-media":"","overlay-type":"","overlay-color":"","overlay-opacity":"","overlay-gradient":""}}},"product_brand":[],"product_cat":[58,64],"product_tag":[],"class_list":{"0":"post-849","1":"product","2":"type-product","3":"status-publish","4":"has-post-thumbnail","6":"product_cat-dispensing-needles","7":"product_cat-dispensing-needles-and-tips","8":"desktop-align-left","9":"tablet-align-left","10":"mobile-align-left","12":"first","13":"instock","14":"shipping-taxable","15":"product-type-simple"},"acf":[],"yoast_head":"<!-- This site is optimized with the Yoast SEO plugin v27.4 - https:\/\/yoast.com\/product\/yoast-seo-wordpress\/ -->\n<title>Dispensing Needles TT18G(\u00f80.8) Green Opaque<\/title>\n<meta name=\"description\" content=\"Versatile 18-gauge (0.8mm) medical dispensing needles TT18G for intramuscular injections, local anesthesia administration, or vaccine delivery.\" \/>\n<meta name=\"robots\" content=\"index, follow, max-snippet:-1, max-image-preview:large, max-video-preview:-1\" \/>\n<link rel=\"canonical\" href=\"https:\/\/topkeymedical.com\/pt\/product\/agulhas-dispensadoras-tt18g\/\" \/>\n<meta property=\"og:locale\" content=\"pt_PT\" \/>\n<meta property=\"og:type\" content=\"article\" \/>\n<meta property=\"og:title\" content=\"Dispensing Needles TT18G(\u00f80.8) Green Opaque\" \/>\n<meta property=\"og:description\" content=\"Versatile 18-gauge (0.8mm) medical dispensing needles TT18G for intramuscular injections, local anesthesia administration, or vaccine delivery.\" \/>\n<meta property=\"og:url\" content=\"https:\/\/topkeymedical.com\/pt\/product\/agulhas-dispensadoras-tt18g\/\" \/>\n<meta property=\"og:site_name\" content=\"TOPKEY\u2013 Precision in Every Detail, Guardian of Life and Health\" \/>\n<meta property=\"article:publisher\" content=\"https:\/\/www.facebook.com\/profile.php?id=100088897294997\" \/>\n<meta property=\"article:modified_time\" content=\"2025-09-06T02:00:09+00:00\" \/>\n<meta property=\"og:image\" content=\"https:\/\/topkeymedical.com\/wp-content\/uploads\/2025\/08\/Dispensing-Needles-TT18G-1.webp\" \/>\n\t<meta property=\"og:image:width\" content=\"800\" \/>\n\t<meta property=\"og:image:height\" content=\"800\" \/>\n\t<meta property=\"og:image:type\" content=\"image\/webp\" \/>\n<meta name=\"twitter:card\" content=\"summary_large_image\" \/>\n<meta name=\"twitter:label1\" content=\"Tempo estimado de leitura\" \/>\n\t<meta name=\"twitter:data1\" content=\"2 minutos\" \/>\n<script type=\"application\/ld+json\" class=\"yoast-schema-graph\">{\"@context\":\"https:\\\/\\\/schema.org\",\"@graph\":[{\"@type\":\"WebPage\",\"@id\":\"https:\\\/\\\/topkeymedical.com\\\/product\\\/dispensing-needles-tt18g\\\/\",\"url\":\"https:\\\/\\\/topkeymedical.com\\\/product\\\/dispensing-needles-tt18g\\\/\",\"name\":\"Dispensing Needles TT18G(\u00f80.8) Green Opaque\",\"isPartOf\":{\"@id\":\"https:\\\/\\\/topkeymedical.com\\\/#website\"},\"primaryImageOfPage\":{\"@id\":\"https:\\\/\\\/topkeymedical.com\\\/product\\\/dispensing-needles-tt18g\\\/#primaryimage\"},\"image\":{\"@id\":\"https:\\\/\\\/topkeymedical.com\\\/product\\\/dispensing-needles-tt18g\\\/#primaryimage\"},\"thumbnailUrl\":\"https:\\\/\\\/topkeymedical.com\\\/wp-content\\\/uploads\\\/2025\\\/08\\\/Dispensing-Needles-TT18G-1.webp\",\"datePublished\":\"2025-06-17T07:18:51+00:00\",\"dateModified\":\"2025-09-06T02:00:09+00:00\",\"description\":\"Versatile 18-gauge (0.8mm) medical dispensing needles TT18G for intramuscular injections, local anesthesia administration, or vaccine delivery.\",\"breadcrumb\":{\"@id\":\"https:\\\/\\\/topkeymedical.com\\\/product\\\/dispensing-needles-tt18g\\\/#breadcrumb\"},\"inLanguage\":\"pt-PT\",\"potentialAction\":[{\"@type\":\"ReadAction\",\"target\":[\"https:\\\/\\\/topkeymedical.com\\\/product\\\/dispensing-needles-tt18g\\\/\"]}]},{\"@type\":\"ImageObject\",\"inLanguage\":\"pt-PT\",\"@id\":\"https:\\\/\\\/topkeymedical.com\\\/product\\\/dispensing-needles-tt18g\\\/#primaryimage\",\"url\":\"https:\\\/\\\/topkeymedical.com\\\/wp-content\\\/uploads\\\/2025\\\/08\\\/Dispensing-Needles-TT18G-1.webp\",\"contentUrl\":\"https:\\\/\\\/topkeymedical.com\\\/wp-content\\\/uploads\\\/2025\\\/08\\\/Dispensing-Needles-TT18G-1.webp\",\"width\":800,\"height\":800,\"caption\":\"Dispensing Needles TT18G\"},{\"@type\":\"BreadcrumbList\",\"@id\":\"https:\\\/\\\/topkeymedical.com\\\/product\\\/dispensing-needles-tt18g\\\/#breadcrumb\",\"itemListElement\":[{\"@type\":\"ListItem\",\"position\":1,\"name\":\"Home\",\"item\":\"https:\\\/\\\/topkeymedical.com\\\/\"},{\"@type\":\"ListItem\",\"position\":2,\"name\":\"Products\",\"item\":\"https:\\\/\\\/topkeymedical.com\\\/shop\\\/\"},{\"@type\":\"ListItem\",\"position\":3,\"name\":\"Dispensing Needles TT18G(\u00f80.8) Green Opaque\"}]},{\"@type\":\"WebSite\",\"@id\":\"https:\\\/\\\/topkeymedical.com\\\/#website\",\"url\":\"https:\\\/\\\/topkeymedical.com\\\/\",\"name\":\"TOPKEY\u2013 Precision in Every Detail, Guardian of Life and Health\",\"description\":\"\",\"publisher\":{\"@id\":\"https:\\\/\\\/topkeymedical.com\\\/#organization\"},\"potentialAction\":[{\"@type\":\"SearchAction\",\"target\":{\"@type\":\"EntryPoint\",\"urlTemplate\":\"https:\\\/\\\/topkeymedical.com\\\/?s={search_term_string}\"},\"query-input\":{\"@type\":\"PropertyValueSpecification\",\"valueRequired\":true,\"valueName\":\"search_term_string\"}}],\"inLanguage\":\"pt-PT\"},{\"@type\":\"Organization\",\"@id\":\"https:\\\/\\\/topkeymedical.com\\\/#organization\",\"name\":\"TOPKEY\u2013 Precision in Every Detail, Guardian of Life and Health\",\"url\":\"https:\\\/\\\/topkeymedical.com\\\/\",\"logo\":{\"@type\":\"ImageObject\",\"inLanguage\":\"pt-PT\",\"@id\":\"https:\\\/\\\/topkeymedical.com\\\/#\\\/schema\\\/logo\\\/image\\\/\",\"url\":\"https:\\\/\\\/topkeymedical.com\\\/wp-content\\\/uploads\\\/2025\\\/05\\\/cropped-logo.jpg\",\"contentUrl\":\"https:\\\/\\\/topkeymedical.com\\\/wp-content\\\/uploads\\\/2025\\\/05\\\/cropped-logo.jpg\",\"width\":512,\"height\":512,\"caption\":\"TOPKEY\u2013 Precision in Every Detail, Guardian of Life and Health\"},\"image\":{\"@id\":\"https:\\\/\\\/topkeymedical.com\\\/#\\\/schema\\\/logo\\\/image\\\/\"},\"sameAs\":[\"https:\\\/\\\/www.facebook.com\\\/profile.php?id=100088897294997\",\"https:\\\/\\\/www.youtube.com\\\/@TopkeyMedical-Alice888\",\"https:\\\/\\\/www.linkedin.com\\\/in\\\/alice-hu-bb66a01b3\\\/\"]}]}<\/script>\n<!-- \/ Yoast SEO plugin. -->","yoast_head_json":{"title":"Agulhas dispensadoras TT18G(\u00f80.8) Verde Opaco","description":"Agulhas de distribui\u00e7\u00e3o m\u00e9dica vers\u00e1teis de calibre 18 (0,8 mm) TT18G para injec\u00e7\u00f5es intramusculares, administra\u00e7\u00e3o de anestesia local ou administra\u00e7\u00e3o de vacinas.","robots":{"index":"index","follow":"follow","max-snippet":"max-snippet:-1","max-image-preview":"max-image-preview:large","max-video-preview":"max-video-preview:-1"},"canonical":"https:\/\/topkeymedical.com\/pt\/product\/agulhas-dispensadoras-tt18g\/","og_locale":"pt_PT","og_type":"article","og_title":"Dispensing Needles TT18G(\u00f80.8) Green Opaque","og_description":"Versatile 18-gauge (0.8mm) medical dispensing needles TT18G for intramuscular injections, local anesthesia administration, or vaccine delivery.","og_url":"https:\/\/topkeymedical.com\/pt\/product\/agulhas-dispensadoras-tt18g\/","og_site_name":"TOPKEY\u2013 Precision in Every Detail, Guardian of Life and Health","article_publisher":"https:\/\/www.facebook.com\/profile.php?id=100088897294997","article_modified_time":"2025-09-06T02:00:09+00:00","og_image":[{"width":800,"height":800,"url":"https:\/\/topkeymedical.com\/wp-content\/uploads\/2025\/08\/Dispensing-Needles-TT18G-1.webp","type":"image\/webp"}],"twitter_card":"summary_large_image","twitter_misc":{"Tempo estimado de leitura":"2 minutos"},"schema":{"@context":"https:\/\/schema.org","@graph":[{"@type":"WebPage","@id":"https:\/\/topkeymedical.com\/product\/dispensing-needles-tt18g\/","url":"https:\/\/topkeymedical.com\/product\/dispensing-needles-tt18g\/","name":"Agulhas dispensadoras TT18G(\u00f80.8) Verde Opaco","isPartOf":{"@id":"https:\/\/topkeymedical.com\/#website"},"primaryImageOfPage":{"@id":"https:\/\/topkeymedical.com\/product\/dispensing-needles-tt18g\/#primaryimage"},"image":{"@id":"https:\/\/topkeymedical.com\/product\/dispensing-needles-tt18g\/#primaryimage"},"thumbnailUrl":"https:\/\/topkeymedical.com\/wp-content\/uploads\/2025\/08\/Dispensing-Needles-TT18G-1.webp","datePublished":"2025-06-17T07:18:51+00:00","dateModified":"2025-09-06T02:00:09+00:00","description":"Agulhas de distribui\u00e7\u00e3o m\u00e9dica vers\u00e1teis de calibre 18 (0,8 mm) TT18G para injec\u00e7\u00f5es intramusculares, administra\u00e7\u00e3o de anestesia local ou administra\u00e7\u00e3o de vacinas.","breadcrumb":{"@id":"https:\/\/topkeymedical.com\/product\/dispensing-needles-tt18g\/#breadcrumb"},"inLanguage":"pt-PT","potentialAction":[{"@type":"ReadAction","target":["https:\/\/topkeymedical.com\/product\/dispensing-needles-tt18g\/"]}]},{"@type":"ImageObject","inLanguage":"pt-PT","@id":"https:\/\/topkeymedical.com\/product\/dispensing-needles-tt18g\/#primaryimage","url":"https:\/\/topkeymedical.com\/wp-content\/uploads\/2025\/08\/Dispensing-Needles-TT18G-1.webp","contentUrl":"https:\/\/topkeymedical.com\/wp-content\/uploads\/2025\/08\/Dispensing-Needles-TT18G-1.webp","width":800,"height":800,"caption":"Dispensing Needles TT18G"},{"@type":"BreadcrumbList","@id":"https:\/\/topkeymedical.com\/product\/dispensing-needles-tt18g\/#breadcrumb","itemListElement":[{"@type":"ListItem","position":1,"name":"Home","item":"https:\/\/topkeymedical.com\/"},{"@type":"ListItem","position":2,"name":"Products","item":"https:\/\/topkeymedical.com\/shop\/"},{"@type":"ListItem","position":3,"name":"Dispensing Needles TT18G(\u00f80.8) Green Opaque"}]},{"@type":"WebSite","@id":"https:\/\/topkeymedical.com\/#website","url":"https:\/\/topkeymedical.com\/","name":"TOPKEY- Precis\u00e3o em cada detalhe, guardi\u00e3o da vida e da sa\u00fade","description":"","publisher":{"@id":"https:\/\/topkeymedical.com\/#organization"},"potentialAction":[{"@type":"SearchAction","target":{"@type":"EntryPoint","urlTemplate":"https:\/\/topkeymedical.com\/?s={search_term_string}"},"query-input":{"@type":"PropertyValueSpecification","valueRequired":true,"valueName":"search_term_string"}}],"inLanguage":"pt-PT"},{"@type":"Organization","@id":"https:\/\/topkeymedical.com\/#organization","name":"TOPKEY- Precis\u00e3o em cada detalhe, guardi\u00e3o da vida e da sa\u00fade","url":"https:\/\/topkeymedical.com\/","logo":{"@type":"ImageObject","inLanguage":"pt-PT","@id":"https:\/\/topkeymedical.com\/#\/schema\/logo\/image\/","url":"https:\/\/topkeymedical.com\/wp-content\/uploads\/2025\/05\/cropped-logo.jpg","contentUrl":"https:\/\/topkeymedical.com\/wp-content\/uploads\/2025\/05\/cropped-logo.jpg","width":512,"height":512,"caption":"TOPKEY\u2013 Precision in Every Detail, Guardian of Life and Health"},"image":{"@id":"https:\/\/topkeymedical.com\/#\/schema\/logo\/image\/"},"sameAs":["https:\/\/www.facebook.com\/profile.php?id=100088897294997","https:\/\/www.youtube.com\/@TopkeyMedical-Alice888","https:\/\/www.linkedin.com\/in\/alice-hu-bb66a01b3\/"]}]}},"_links":{"self":[{"href":"https:\/\/topkeymedical.com\/pt\/wp-json\/wp\/v2\/product\/849","targetHints":{"allow":["GET"]}}],"collection":[{"href":"https:\/\/topkeymedical.com\/pt\/wp-json\/wp\/v2\/product"}],"about":[{"href":"https:\/\/topkeymedical.com\/pt\/wp-json\/wp\/v2\/types\/product"}],"version-history":[{"count":5,"href":"https:\/\/topkeymedical.com\/pt\/wp-json\/wp\/v2\/product\/849\/revisions"}],"predecessor-version":[{"id":1376,"href":"https:\/\/topkeymedical.com\/pt\/wp-json\/wp\/v2\/product\/849\/revisions\/1376"}],"wp:featuredmedia":[{"embeddable":true,"href":"https:\/\/topkeymedical.com\/pt\/wp-json\/wp\/v2\/media\/1204"}],"wp:attachment":[{"href":"https:\/\/topkeymedical.com\/pt\/wp-json\/wp\/v2\/media?parent=849"}],"wp:term":[{"taxonomy":"product_brand","embeddable":true,"href":"https:\/\/topkeymedical.com\/pt\/wp-json\/wp\/v2\/product_brand?post=849"},{"taxonomy":"product_cat","embeddable":true,"href":"https:\/\/topkeymedical.com\/pt\/wp-json\/wp\/v2\/product_cat?post=849"},{"taxonomy":"product_tag","embeddable":true,"href":"https:\/\/topkeymedical.com\/pt\/wp-json\/wp\/v2\/product_tag?post=849"}],"curies":[{"name":"wp","href":"https:\/\/api.w.org\/{rel}","templated":true}]}}