{"id":964,"date":"2025-06-25T06:02:31","date_gmt":"2025-06-25T06:02:31","guid":{"rendered":"https:\/\/topkeymedical.com\/?post_type=product&#038;p=964"},"modified":"2026-03-14T13:28:59","modified_gmt":"2026-03-14T13:28:59","slug":"agulhas-de-acupunctura-estereis-para-utilizacao-unica-0-2540mm","status":"publish","type":"product","link":"https:\/\/topkeymedical.com\/pt\/product\/agulhas-de-acupunctura-estereis-para-utilizacao-unica-0-2540mm\/","title":{"rendered":"Agulhas de acupunctura est\u00e9reis para utiliza\u00e7\u00e3o \u00fanica 0,25*40mm"},"content":{"rendered":"<h2 data-start=\"395\" data-end=\"422\">1. Descri\u00e7\u00e3o geral<\/h2>\n<p data-start=\"423\" data-end=\"875\">Estas agulhas de acupunctura est\u00e9reis e de utiliza\u00e7\u00e3o \u00fanica foram concebidas para um agulhamento preciso com o m\u00ednimo de desconforto. As <strong data-start=\"532\" data-end=\"552\">0,22 mm de di\u00e2metro<\/strong> oferece uma inser\u00e7\u00e3o fina e delicada para \u00e1reas sens\u00edveis ou t\u00e9cnicas pouco profundas, enquanto a <strong data-start=\"640\" data-end=\"656\">13 mm de comprimento<\/strong> torna-os adequados para acupunctura facial, acupunctura auricular, terapia manual ou pontos corporais superficiais. O <strong data-start=\"770\" data-end=\"788\">pega de pl\u00e1stico<\/strong> proporciona uma maior ader\u00eancia e controlo tanto para principiantes como para praticantes experientes.<\/p>\n<p data-start=\"877\" data-end=\"1018\">Cada agulha \u00e9 <strong data-start=\"892\" data-end=\"923\">embalados individualmente em blister<\/strong> para garantir a higiene e a seguran\u00e7a dos doentes, em conformidade com as normas internacionais relativas aos dispositivos m\u00e9dicos.<\/p>\n<h2 data-start=\"1025\" data-end=\"1057\">2. Especifica\u00e7\u00f5es t\u00e9cnicas<\/h2>\n<div class=\"_tableContainer_1rjym_1\">\n<div class=\"_tableWrapper_1rjym_13 group flex w-fit flex-col-reverse\" tabindex=\"-1\">\n<table class=\"w-fit min-w-(--thread-content-width)\" data-start=\"1059\" data-end=\"2787\">\n<thead data-start=\"1059\" data-end=\"1173\">\n<tr data-start=\"1059\" data-end=\"1173\">\n<th data-start=\"1059\" data-end=\"1086\" data-col-size=\"sm\">Par\u00e2metro<\/th>\n<th data-start=\"1086\" data-end=\"1173\" data-col-size=\"md\">Valor \/ Descri\u00e7\u00e3o<\/th>\n<\/tr>\n<\/thead>\n<tbody data-start=\"1290\" data-end=\"2787\">\n<tr data-start=\"1290\" data-end=\"1405\">\n<td data-start=\"1290\" data-end=\"1318\" data-col-size=\"sm\"><strong data-start=\"1292\" data-end=\"1308\">Nome do produto<\/strong><\/td>\n<td data-start=\"1318\" data-end=\"1405\" data-col-size=\"md\">Agulhas de acupunctura com cabo de pl\u00e1stico<\/td>\n<\/tr>\n<tr data-start=\"1406\" data-end=\"1520\">\n<td data-start=\"1406\" data-end=\"1434\" data-col-size=\"sm\"><strong data-start=\"1408\" data-end=\"1423\">Exemplo de SKU<\/strong><\/td>\n<td data-start=\"1434\" data-end=\"1520\" data-col-size=\"md\">0,22 \u00d7 13 mm (outros tamanhos dispon\u00edveis)<\/td>\n<\/tr>\n<tr data-start=\"1521\" data-end=\"1635\">\n<td data-start=\"1521\" data-end=\"1549\" data-col-size=\"sm\"><strong data-start=\"1523\" data-end=\"1542\">Di\u00e2metro da agulha<\/strong><\/td>\n<td data-start=\"1549\" data-end=\"1635\" data-col-size=\"md\">0,22 mm<\/td>\n<\/tr>\n<tr data-start=\"1636\" data-end=\"1750\">\n<td data-start=\"1636\" data-end=\"1664\" data-col-size=\"sm\"><strong data-start=\"1638\" data-end=\"1655\">Comprimento da agulha<\/strong><\/td>\n<td data-start=\"1664\" data-end=\"1750\" data-col-size=\"md\">13 mm<\/td>\n<\/tr>\n<tr data-start=\"1751\" data-end=\"1865\">\n<td data-start=\"1751\" data-end=\"1779\" data-col-size=\"sm\"><strong data-start=\"1753\" data-end=\"1768\">Tipo de pega<\/strong><\/td>\n<td data-start=\"1779\" data-end=\"1865\" data-col-size=\"md\">Pega de pl\u00e1stico (n\u00e3o magn\u00e9tica, leve)<\/td>\n<\/tr>\n<tr data-start=\"1866\" data-end=\"1980\">\n<td data-start=\"1866\" data-end=\"1894\" data-col-size=\"sm\"><strong data-start=\"1868\" data-end=\"1885\">Comprimento da pega<\/strong><\/td>\n<td data-start=\"1894\" data-end=\"1980\" data-col-size=\"md\">Aprox. 25 mm (padr\u00e3o)<\/td>\n<\/tr>\n<tr data-start=\"1981\" data-end=\"2096\">\n<td data-start=\"1981\" data-end=\"2009\" data-col-size=\"sm\"><strong data-start=\"1983\" data-end=\"2004\">Material - Agulha<\/strong><\/td>\n<td data-start=\"2009\" data-end=\"2096\" data-col-size=\"md\">A\u00e7o inoxid\u00e1vel cir\u00fargico de alta qualidade (em conformidade com a norma ISO 9626)<\/td>\n<\/tr>\n<tr data-start=\"2097\" data-end=\"2211\">\n<td data-start=\"2097\" data-end=\"2125\" data-col-size=\"sm\"><strong data-start=\"2099\" data-end=\"2120\">Material - Pega<\/strong><\/td>\n<td data-start=\"2125\" data-end=\"2211\" data-col-size=\"md\">Pl\u00e1stico de qualidade m\u00e9dica (sem BPA, n\u00e3o t\u00f3xico)<\/td>\n<\/tr>\n<tr data-start=\"2212\" data-end=\"2327\">\n<td data-start=\"2212\" data-end=\"2240\" data-col-size=\"sm\"><strong data-start=\"2214\" data-end=\"2238\">M\u00e9todo de esteriliza\u00e7\u00e3o<\/strong><\/td>\n<td data-start=\"2240\" data-end=\"2327\" data-col-size=\"md\">Esteriliza\u00e7\u00e3o por g\u00e1s de \u00f3xido de etileno (EO)<\/td>\n<\/tr>\n<tr data-start=\"2328\" data-end=\"2442\">\n<td data-start=\"2328\" data-end=\"2356\" data-col-size=\"sm\"><strong data-start=\"2330\" data-end=\"2343\">Embalagem<\/strong><\/td>\n<td data-start=\"2356\" data-end=\"2442\" data-col-size=\"md\">Embaladas individualmente em blister, 100 agulhas por caixa<\/td>\n<\/tr>\n<tr data-start=\"2443\" data-end=\"2557\">\n<td data-start=\"2443\" data-end=\"2471\" data-col-size=\"sm\"><strong data-start=\"2445\" data-end=\"2459\">Utiliza\u00e7\u00e3o \u00fanica<\/strong><\/td>\n<td data-start=\"2471\" data-end=\"2557\" data-col-size=\"md\">Sim<\/td>\n<\/tr>\n<tr data-start=\"2558\" data-end=\"2672\">\n<td data-start=\"2558\" data-end=\"2586\" data-col-size=\"sm\"><strong data-start=\"2560\" data-end=\"2577\">Certifica\u00e7\u00e3o<\/strong><\/td>\n<td data-start=\"2586\" data-end=\"2672\" data-col-size=\"md\">CE, ISO 13485, FDA (dependendo do fornecedor\/fabricante)<\/td>\n<\/tr>\n<tr data-start=\"2673\" data-end=\"2787\">\n<td data-start=\"2673\" data-end=\"2701\" data-col-size=\"sm\"><strong data-start=\"2675\" data-end=\"2689\">Prazo de validade<\/strong><\/td>\n<td data-start=\"2701\" data-end=\"2787\" data-col-size=\"md\">3-5 anos (se armazenado em condi\u00e7\u00f5es secas e seladas)<\/td>\n<\/tr>\n<\/tbody>\n<\/table>\n<h2 data-start=\"2794\" data-end=\"2814\">3. Carater\u00edsticas principais<\/h2>\n<ul data-start=\"2815\" data-end=\"3184\">\n<li data-start=\"2815\" data-end=\"2885\">\n<p data-start=\"2817\" data-end=\"2885\"><strong data-start=\"2817\" data-end=\"2835\">Ponta ultrafina<\/strong>: Minimiza o desconforto do paciente durante a inser\u00e7\u00e3o.<\/p>\n<\/li>\n<li data-start=\"2886\" data-end=\"2968\">\n<p data-start=\"2888\" data-end=\"2968\"><strong data-start=\"2888\" data-end=\"2906\">Pega de pl\u00e1stico<\/strong>: Leve, garante uma ader\u00eancia est\u00e1vel e facilidade de manipula\u00e7\u00e3o.<\/p>\n<\/li>\n<li data-start=\"2969\" data-end=\"3050\">\n<p data-start=\"2971\" data-end=\"3050\"><strong data-start=\"2971\" data-end=\"2993\">Est\u00e9ril e higi\u00e9nico<\/strong>: Embalado individualmente em blister para evitar a contamina\u00e7\u00e3o.<\/p>\n<\/li>\n<li data-start=\"3051\" data-end=\"3129\">\n<p data-start=\"3053\" data-end=\"3129\"><strong data-start=\"3053\" data-end=\"3068\">Versatilidade<\/strong>: Adequado para pontos de acupunctura pouco profundos e microssistemas.<\/p>\n<\/li>\n<li data-start=\"3130\" data-end=\"3184\">\n<p data-start=\"3132\" data-end=\"3184\"><strong data-start=\"3132\" data-end=\"3181\">Em conformidade com as normas de seguran\u00e7a internacionais<\/strong>.<\/p>\n<\/li>\n<\/ul>\n<h2 data-start=\"3191\" data-end=\"3220\">4. Cen\u00e1rios de aplica\u00e7\u00e3o<\/h2>\n<div class=\"_tableContainer_1rjym_1\">\n<div class=\"_tableWrapper_1rjym_13 group flex w-fit flex-col-reverse\" tabindex=\"-1\">\n<table class=\"w-fit min-w-(--thread-content-width)\" data-start=\"3222\" data-end=\"4037\">\n<thead data-start=\"3222\" data-end=\"3335\">\n<tr data-start=\"3222\" data-end=\"3335\">\n<th data-start=\"3222\" data-end=\"3254\" data-col-size=\"sm\">\u00c1rea de aplica\u00e7\u00e3o<\/th>\n<th data-start=\"3254\" data-end=\"3335\" data-col-size=\"md\">Utiliza\u00e7\u00e3o t\u00edpica<\/th>\n<\/tr>\n<\/thead>\n<tbody data-start=\"3451\" data-end=\"4037\">\n<tr data-start=\"3451\" data-end=\"3565\">\n<td data-start=\"3451\" data-end=\"3484\" data-col-size=\"sm\"><strong data-start=\"3453\" data-end=\"3475\">Acupunctura facial<\/strong><\/td>\n<td data-start=\"3484\" data-end=\"3565\" data-col-size=\"md\">Tratamentos cosm\u00e9ticos, rejuvenescimento facial, redu\u00e7\u00e3o de rugas finas.<\/td>\n<\/tr>\n<tr data-start=\"3566\" data-end=\"3680\">\n<td data-start=\"3566\" data-end=\"3599\" data-col-size=\"sm\"><strong data-start=\"3568\" data-end=\"3593\">Acupunctura auricular<\/strong><\/td>\n<td data-start=\"3599\" data-end=\"3680\" data-col-size=\"md\">Terapia auditiva para deixar de fumar, perder peso, gerir o stress.<\/td>\n<\/tr>\n<tr data-start=\"3681\" data-end=\"3796\">\n<td data-start=\"3681\" data-end=\"3714\" data-col-size=\"sm\"><strong data-start=\"3683\" data-end=\"3710\">Acupunctura das m\u00e3os e dos p\u00e9s<\/strong><\/td>\n<td data-start=\"3714\" data-end=\"3796\" data-col-size=\"md\">Terapia de micro-sistemas, al\u00edvio da dor, regula\u00e7\u00e3o funcional.<\/td>\n<\/tr>\n<tr data-start=\"3797\" data-end=\"3912\">\n<td data-start=\"3797\" data-end=\"3830\" data-col-size=\"sm\"><strong data-start=\"3799\" data-end=\"3820\">Acupunctura do couro cabeludo<\/strong><\/td>\n<td data-start=\"3830\" data-end=\"3912\" data-col-size=\"md\">Doen\u00e7as neurol\u00f3gicas, reabilita\u00e7\u00e3o de acidentes vasculares cerebrais, apoio cognitivo.<\/td>\n<\/tr>\n<tr data-start=\"3913\" data-end=\"4037\">\n<td data-start=\"3913\" data-end=\"3946\" data-col-size=\"sm\"><strong data-start=\"3915\" data-end=\"3941\">Pontos rasos gerais<\/strong><\/td>\n<td data-start=\"3946\" data-end=\"4037\" data-col-size=\"md\">Pontos que requerem um agulhamento delicado ou superficial (por exemplo, crian\u00e7as, pacientes sens\u00edveis).<\/td>\n<\/tr>\n<\/tbody>\n<\/table>\n<h2 data-start=\"4044\" data-end=\"4069\">5. Seguran\u00e7a e manuseamento<\/h2>\n<ul data-start=\"4070\" data-end=\"4261\">\n<li data-start=\"4070\" data-end=\"4142\">\n<p data-start=\"4072\" data-end=\"4142\">Apenas para utiliza\u00e7\u00e3o \u00fanica - eliminar corretamente num recipiente para objectos cortantes ap\u00f3s a utiliza\u00e7\u00e3o.<\/p>\n<\/li>\n<li data-start=\"4143\" data-end=\"4196\">\n<p data-start=\"4145\" data-end=\"4196\">N\u00e3o utilizar se a embalagem blister estiver danificada ou fora do prazo de validade.<\/p>\n<\/li>\n<li data-start=\"4197\" data-end=\"4261\">\n<p data-start=\"4199\" data-end=\"4261\">Armazenar num ambiente fresco e seco, longe da luz solar direta.<\/p>\n<\/li>\n<\/ul>\n<\/div>\n<\/div>\n<\/div>\n<\/div>","protected":false},"excerpt":{"rendered":"<p>Estas longas agulhas de acupunctura est\u00e9reis de 0,25 mm \u00d7 40 mm s\u00e3o ideais para t\u00e9cnicas de agulhamento profundo, como para dores nas costas, ci\u00e1tica ou liberta\u00e7\u00e3o miofascial. A ponta ultra-afiada minimiza a dor de inser\u00e7\u00e3o e a pega de pl\u00e1stico permite uma rota\u00e7\u00e3o controlada. Embaladas individualmente em blister para higiene.<\/p>","protected":false},"featured_media":1263,"template":"","meta":{"_acf_changed":false,"site-sidebar-layout":"default","site-content-layout":"","ast-site-content-layout":"default","site-content-style":"default","site-sidebar-style":"default","ast-global-header-display":"","ast-banner-title-visibility":"","ast-main-header-display":"","ast-hfb-above-header-display":"","ast-hfb-below-header-display":"","ast-hfb-mobile-header-display":"","site-post-title":"","ast-breadcrumbs-content":"","ast-featured-img":"","footer-sml-layout":"","ast-disable-related-posts":"","theme-transparent-header-meta":"default","adv-header-id-meta":"","stick-header-meta":"","header-above-stick-meta":"","header-main-stick-meta":"","header-below-stick-meta":"","astra-migrate-meta-layouts":"set","ast-page-background-enabled":"default","ast-page-background-meta":{"desktop":{"background-color":"var(--ast-global-color-5)","background-image":"","background-repeat":"repeat","background-position":"center center","background-size":"auto","background-attachment":"scroll","background-type":"","background-media":"","overlay-type":"","overlay-color":"","overlay-opacity":"","overlay-gradient":""},"tablet":{"background-color":"","background-image":"","background-repeat":"repeat","background-position":"center center","background-size":"auto","background-attachment":"scroll","background-type":"","background-media":"","overlay-type":"","overlay-color":"","overlay-opacity":"","overlay-gradient":""},"mobile":{"background-color":"","background-image":"","background-repeat":"repeat","background-position":"center center","background-size":"auto","background-attachment":"scroll","background-type":"","background-media":"","overlay-type":"","overlay-color":"","overlay-opacity":"","overlay-gradient":""}},"ast-content-background-meta":{"desktop":{"background-color":"var(--ast-global-color-4)","background-image":"","background-repeat":"repeat","background-position":"center center","background-size":"auto","background-attachment":"scroll","background-type":"","background-media":"","overlay-type":"","overlay-color":"","overlay-opacity":"","overlay-gradient":""},"tablet":{"background-color":"var(--ast-global-color-4)","background-image":"","background-repeat":"repeat","background-position":"center center","background-size":"auto","background-attachment":"scroll","background-type":"","background-media":"","overlay-type":"","overlay-color":"","overlay-opacity":"","overlay-gradient":""},"mobile":{"background-color":"var(--ast-global-color-4)","background-image":"","background-repeat":"repeat","background-position":"center center","background-size":"auto","background-attachment":"scroll","background-type":"","background-media":"","overlay-type":"","overlay-color":"","overlay-opacity":"","overlay-gradient":""}}},"product_brand":[],"product_cat":[63],"product_tag":[],"class_list":{"0":"post-964","1":"product","2":"type-product","3":"status-publish","4":"has-post-thumbnail","6":"product_cat-acupuncture-needles","7":"desktop-align-left","8":"tablet-align-left","9":"mobile-align-left","11":"first","12":"instock","13":"shipping-taxable","14":"product-type-simple"},"acf":[],"yoast_head":"<!-- This site is optimized with the Yoast SEO plugin v27.4 - https:\/\/yoast.com\/product\/yoast-seo-wordpress\/ -->\n<title>Sterile acupuncture needles for single use 0.25*40mm<\/title>\n<meta name=\"description\" content=\"These long 0.25mm \u00d7 40mm sterile acupuncture needles are ideal for deep needling techniques, such as for back pain, sciatica, or myofascial release.\" \/>\n<meta name=\"robots\" content=\"index, follow, max-snippet:-1, max-image-preview:large, max-video-preview:-1\" \/>\n<link rel=\"canonical\" href=\"https:\/\/topkeymedical.com\/pt\/product\/agulhas-de-acupunctura-estereis-para-utilizacao-unica-0-2540mm\/\" \/>\n<meta property=\"og:locale\" content=\"pt_PT\" \/>\n<meta property=\"og:type\" content=\"article\" \/>\n<meta property=\"og:title\" content=\"Sterile acupuncture needles for single use 0.25*40mm\" \/>\n<meta property=\"og:description\" content=\"These long 0.25mm \u00d7 40mm sterile acupuncture needles are ideal for deep needling techniques, such as for back pain, sciatica, or myofascial release.\" \/>\n<meta property=\"og:url\" content=\"https:\/\/topkeymedical.com\/pt\/product\/agulhas-de-acupunctura-estereis-para-utilizacao-unica-0-2540mm\/\" \/>\n<meta property=\"og:site_name\" content=\"TOPKEY\u2013 Precision in Every Detail, Guardian of Life and Health\" \/>\n<meta property=\"article:publisher\" content=\"https:\/\/www.facebook.com\/profile.php?id=100088897294997\" \/>\n<meta property=\"article:modified_time\" content=\"2026-03-14T13:28:59+00:00\" \/>\n<meta property=\"og:image\" content=\"https:\/\/topkeymedical.com\/wp-content\/uploads\/2025\/08\/sterile-acupuncture-needles-4.webp\" \/>\n\t<meta property=\"og:image:width\" content=\"800\" \/>\n\t<meta property=\"og:image:height\" content=\"800\" \/>\n\t<meta property=\"og:image:type\" content=\"image\/webp\" \/>\n<meta name=\"twitter:card\" content=\"summary_large_image\" \/>\n<meta name=\"twitter:label1\" content=\"Tempo estimado de leitura\" \/>\n\t<meta name=\"twitter:data1\" content=\"2 minutos\" \/>\n<script type=\"application\/ld+json\" class=\"yoast-schema-graph\">{\"@context\":\"https:\\\/\\\/schema.org\",\"@graph\":[{\"@type\":\"WebPage\",\"@id\":\"https:\\\/\\\/topkeymedical.com\\\/product\\\/sterile-acupuncture-needles-for-single-use-0-2540mm\\\/\",\"url\":\"https:\\\/\\\/topkeymedical.com\\\/product\\\/sterile-acupuncture-needles-for-single-use-0-2540mm\\\/\",\"name\":\"Sterile acupuncture needles for single use 0.25*40mm\",\"isPartOf\":{\"@id\":\"https:\\\/\\\/topkeymedical.com\\\/#website\"},\"primaryImageOfPage\":{\"@id\":\"https:\\\/\\\/topkeymedical.com\\\/product\\\/sterile-acupuncture-needles-for-single-use-0-2540mm\\\/#primaryimage\"},\"image\":{\"@id\":\"https:\\\/\\\/topkeymedical.com\\\/product\\\/sterile-acupuncture-needles-for-single-use-0-2540mm\\\/#primaryimage\"},\"thumbnailUrl\":\"https:\\\/\\\/topkeymedical.com\\\/wp-content\\\/uploads\\\/2025\\\/08\\\/sterile-acupuncture-needles-4.webp\",\"datePublished\":\"2025-06-25T06:02:31+00:00\",\"dateModified\":\"2026-03-14T13:28:59+00:00\",\"description\":\"These long 0.25mm \u00d7 40mm sterile acupuncture needles are ideal for deep needling techniques, such as for back pain, sciatica, or myofascial release.\",\"breadcrumb\":{\"@id\":\"https:\\\/\\\/topkeymedical.com\\\/product\\\/sterile-acupuncture-needles-for-single-use-0-2540mm\\\/#breadcrumb\"},\"inLanguage\":\"pt-PT\",\"potentialAction\":[{\"@type\":\"ReadAction\",\"target\":[\"https:\\\/\\\/topkeymedical.com\\\/product\\\/sterile-acupuncture-needles-for-single-use-0-2540mm\\\/\"]}]},{\"@type\":\"ImageObject\",\"inLanguage\":\"pt-PT\",\"@id\":\"https:\\\/\\\/topkeymedical.com\\\/product\\\/sterile-acupuncture-needles-for-single-use-0-2540mm\\\/#primaryimage\",\"url\":\"https:\\\/\\\/topkeymedical.com\\\/wp-content\\\/uploads\\\/2025\\\/08\\\/sterile-acupuncture-needles-4.webp\",\"contentUrl\":\"https:\\\/\\\/topkeymedical.com\\\/wp-content\\\/uploads\\\/2025\\\/08\\\/sterile-acupuncture-needles-4.webp\",\"width\":800,\"height\":800,\"caption\":\"sterile acupuncture needles\"},{\"@type\":\"BreadcrumbList\",\"@id\":\"https:\\\/\\\/topkeymedical.com\\\/product\\\/sterile-acupuncture-needles-for-single-use-0-2540mm\\\/#breadcrumb\",\"itemListElement\":[{\"@type\":\"ListItem\",\"position\":1,\"name\":\"Home\",\"item\":\"https:\\\/\\\/topkeymedical.com\\\/\"},{\"@type\":\"ListItem\",\"position\":2,\"name\":\"Products\",\"item\":\"https:\\\/\\\/topkeymedical.com\\\/shop\\\/\"},{\"@type\":\"ListItem\",\"position\":3,\"name\":\"Sterile acupuncture needles for single use 0.25*40mm\"}]},{\"@type\":\"WebSite\",\"@id\":\"https:\\\/\\\/topkeymedical.com\\\/#website\",\"url\":\"https:\\\/\\\/topkeymedical.com\\\/\",\"name\":\"TOPKEY\u2013 Precision in Every Detail, Guardian of Life and Health\",\"description\":\"\",\"publisher\":{\"@id\":\"https:\\\/\\\/topkeymedical.com\\\/#organization\"},\"potentialAction\":[{\"@type\":\"SearchAction\",\"target\":{\"@type\":\"EntryPoint\",\"urlTemplate\":\"https:\\\/\\\/topkeymedical.com\\\/?s={search_term_string}\"},\"query-input\":{\"@type\":\"PropertyValueSpecification\",\"valueRequired\":true,\"valueName\":\"search_term_string\"}}],\"inLanguage\":\"pt-PT\"},{\"@type\":\"Organization\",\"@id\":\"https:\\\/\\\/topkeymedical.com\\\/#organization\",\"name\":\"TOPKEY\u2013 Precision in Every Detail, Guardian of Life and Health\",\"url\":\"https:\\\/\\\/topkeymedical.com\\\/\",\"logo\":{\"@type\":\"ImageObject\",\"inLanguage\":\"pt-PT\",\"@id\":\"https:\\\/\\\/topkeymedical.com\\\/#\\\/schema\\\/logo\\\/image\\\/\",\"url\":\"https:\\\/\\\/topkeymedical.com\\\/wp-content\\\/uploads\\\/2025\\\/05\\\/cropped-logo.jpg\",\"contentUrl\":\"https:\\\/\\\/topkeymedical.com\\\/wp-content\\\/uploads\\\/2025\\\/05\\\/cropped-logo.jpg\",\"width\":512,\"height\":512,\"caption\":\"TOPKEY\u2013 Precision in Every Detail, Guardian of Life and Health\"},\"image\":{\"@id\":\"https:\\\/\\\/topkeymedical.com\\\/#\\\/schema\\\/logo\\\/image\\\/\"},\"sameAs\":[\"https:\\\/\\\/www.facebook.com\\\/profile.php?id=100088897294997\",\"https:\\\/\\\/www.youtube.com\\\/@TopkeyMedical-Alice888\",\"https:\\\/\\\/www.linkedin.com\\\/in\\\/alice-hu-bb66a01b3\\\/\"]}]}<\/script>\n<!-- \/ Yoast SEO plugin. -->","yoast_head_json":{"title":"Agulhas de acupunctura est\u00e9reis para utiliza\u00e7\u00e3o \u00fanica 0,25*40mm","description":"Estas longas agulhas de acupunctura est\u00e9reis de 0,25 mm \u00d7 40 mm s\u00e3o ideais para t\u00e9cnicas de agulhamento profundo, como para dores nas costas, ci\u00e1tica ou liberta\u00e7\u00e3o miofascial.","robots":{"index":"index","follow":"follow","max-snippet":"max-snippet:-1","max-image-preview":"max-image-preview:large","max-video-preview":"max-video-preview:-1"},"canonical":"https:\/\/topkeymedical.com\/pt\/product\/agulhas-de-acupunctura-estereis-para-utilizacao-unica-0-2540mm\/","og_locale":"pt_PT","og_type":"article","og_title":"Sterile acupuncture needles for single use 0.25*40mm","og_description":"These long 0.25mm \u00d7 40mm sterile acupuncture needles are ideal for deep needling techniques, such as for back pain, sciatica, or myofascial release.","og_url":"https:\/\/topkeymedical.com\/pt\/product\/agulhas-de-acupunctura-estereis-para-utilizacao-unica-0-2540mm\/","og_site_name":"TOPKEY\u2013 Precision in Every Detail, Guardian of Life and Health","article_publisher":"https:\/\/www.facebook.com\/profile.php?id=100088897294997","article_modified_time":"2026-03-14T13:28:59+00:00","og_image":[{"width":800,"height":800,"url":"https:\/\/topkeymedical.com\/wp-content\/uploads\/2025\/08\/sterile-acupuncture-needles-4.webp","type":"image\/webp"}],"twitter_card":"summary_large_image","twitter_misc":{"Tempo estimado de leitura":"2 minutos"},"schema":{"@context":"https:\/\/schema.org","@graph":[{"@type":"WebPage","@id":"https:\/\/topkeymedical.com\/product\/sterile-acupuncture-needles-for-single-use-0-2540mm\/","url":"https:\/\/topkeymedical.com\/product\/sterile-acupuncture-needles-for-single-use-0-2540mm\/","name":"Agulhas de acupunctura est\u00e9reis para utiliza\u00e7\u00e3o \u00fanica 0,25*40mm","isPartOf":{"@id":"https:\/\/topkeymedical.com\/#website"},"primaryImageOfPage":{"@id":"https:\/\/topkeymedical.com\/product\/sterile-acupuncture-needles-for-single-use-0-2540mm\/#primaryimage"},"image":{"@id":"https:\/\/topkeymedical.com\/product\/sterile-acupuncture-needles-for-single-use-0-2540mm\/#primaryimage"},"thumbnailUrl":"https:\/\/topkeymedical.com\/wp-content\/uploads\/2025\/08\/sterile-acupuncture-needles-4.webp","datePublished":"2025-06-25T06:02:31+00:00","dateModified":"2026-03-14T13:28:59+00:00","description":"Estas longas agulhas de acupunctura est\u00e9reis de 0,25 mm \u00d7 40 mm s\u00e3o ideais para t\u00e9cnicas de agulhamento profundo, como para dores nas costas, ci\u00e1tica ou liberta\u00e7\u00e3o miofascial.","breadcrumb":{"@id":"https:\/\/topkeymedical.com\/product\/sterile-acupuncture-needles-for-single-use-0-2540mm\/#breadcrumb"},"inLanguage":"pt-PT","potentialAction":[{"@type":"ReadAction","target":["https:\/\/topkeymedical.com\/product\/sterile-acupuncture-needles-for-single-use-0-2540mm\/"]}]},{"@type":"ImageObject","inLanguage":"pt-PT","@id":"https:\/\/topkeymedical.com\/product\/sterile-acupuncture-needles-for-single-use-0-2540mm\/#primaryimage","url":"https:\/\/topkeymedical.com\/wp-content\/uploads\/2025\/08\/sterile-acupuncture-needles-4.webp","contentUrl":"https:\/\/topkeymedical.com\/wp-content\/uploads\/2025\/08\/sterile-acupuncture-needles-4.webp","width":800,"height":800,"caption":"sterile acupuncture needles"},{"@type":"BreadcrumbList","@id":"https:\/\/topkeymedical.com\/product\/sterile-acupuncture-needles-for-single-use-0-2540mm\/#breadcrumb","itemListElement":[{"@type":"ListItem","position":1,"name":"Home","item":"https:\/\/topkeymedical.com\/"},{"@type":"ListItem","position":2,"name":"Products","item":"https:\/\/topkeymedical.com\/shop\/"},{"@type":"ListItem","position":3,"name":"Sterile acupuncture needles for single use 0.25*40mm"}]},{"@type":"WebSite","@id":"https:\/\/topkeymedical.com\/#website","url":"https:\/\/topkeymedical.com\/","name":"TOPKEY- Precis\u00e3o em cada detalhe, guardi\u00e3o da vida e da sa\u00fade","description":"","publisher":{"@id":"https:\/\/topkeymedical.com\/#organization"},"potentialAction":[{"@type":"SearchAction","target":{"@type":"EntryPoint","urlTemplate":"https:\/\/topkeymedical.com\/?s={search_term_string}"},"query-input":{"@type":"PropertyValueSpecification","valueRequired":true,"valueName":"search_term_string"}}],"inLanguage":"pt-PT"},{"@type":"Organization","@id":"https:\/\/topkeymedical.com\/#organization","name":"TOPKEY- Precis\u00e3o em cada detalhe, guardi\u00e3o da vida e da sa\u00fade","url":"https:\/\/topkeymedical.com\/","logo":{"@type":"ImageObject","inLanguage":"pt-PT","@id":"https:\/\/topkeymedical.com\/#\/schema\/logo\/image\/","url":"https:\/\/topkeymedical.com\/wp-content\/uploads\/2025\/05\/cropped-logo.jpg","contentUrl":"https:\/\/topkeymedical.com\/wp-content\/uploads\/2025\/05\/cropped-logo.jpg","width":512,"height":512,"caption":"TOPKEY\u2013 Precision in Every Detail, Guardian of Life and Health"},"image":{"@id":"https:\/\/topkeymedical.com\/#\/schema\/logo\/image\/"},"sameAs":["https:\/\/www.facebook.com\/profile.php?id=100088897294997","https:\/\/www.youtube.com\/@TopkeyMedical-Alice888","https:\/\/www.linkedin.com\/in\/alice-hu-bb66a01b3\/"]}]}},"_links":{"self":[{"href":"https:\/\/topkeymedical.com\/pt\/wp-json\/wp\/v2\/product\/964","targetHints":{"allow":["GET"]}}],"collection":[{"href":"https:\/\/topkeymedical.com\/pt\/wp-json\/wp\/v2\/product"}],"about":[{"href":"https:\/\/topkeymedical.com\/pt\/wp-json\/wp\/v2\/types\/product"}],"version-history":[{"count":4,"href":"https:\/\/topkeymedical.com\/pt\/wp-json\/wp\/v2\/product\/964\/revisions"}],"predecessor-version":[{"id":2039,"href":"https:\/\/topkeymedical.com\/pt\/wp-json\/wp\/v2\/product\/964\/revisions\/2039"}],"wp:featuredmedia":[{"embeddable":true,"href":"https:\/\/topkeymedical.com\/pt\/wp-json\/wp\/v2\/media\/1263"}],"wp:attachment":[{"href":"https:\/\/topkeymedical.com\/pt\/wp-json\/wp\/v2\/media?parent=964"}],"wp:term":[{"taxonomy":"product_brand","embeddable":true,"href":"https:\/\/topkeymedical.com\/pt\/wp-json\/wp\/v2\/product_brand?post=964"},{"taxonomy":"product_cat","embeddable":true,"href":"https:\/\/topkeymedical.com\/pt\/wp-json\/wp\/v2\/product_cat?post=964"},{"taxonomy":"product_tag","embeddable":true,"href":"https:\/\/topkeymedical.com\/pt\/wp-json\/wp\/v2\/product_tag?post=964"}],"curies":[{"name":"wp","href":"https:\/\/api.w.org\/{rel}","templated":true}]}}