{"id":1042,"date":"2025-07-11T14:02:41","date_gmt":"2025-07-11T14:02:41","guid":{"rendered":"https:\/\/topkeymedical.com\/?post_type=product&#038;p=1042"},"modified":"2025-11-19T14:53:08","modified_gmt":"2025-11-19T14:53:08","slug":"blok-ignesi-tikama-ignesi","status":"publish","type":"product","link":"https:\/\/topkeymedical.com\/tr\/urun\/blok-ignesi-tikama-ignesi\/","title":{"rendered":"Blok \u0130\u011fnesi, T\u0131kama \u0130\u011fnesi"},"content":{"rendered":"<h2 data-start=\"414\" data-end=\"446\">Teknik \u00d6zellikler<\/h2>\n<div class=\"_tableContainer_1rjym_1\">\n<div class=\"_tableWrapper_1rjym_13 group flex w-fit flex-col-reverse\" tabindex=\"-1\">\n<table class=\"w-fit min-w-(--thread-content-width)\" data-start=\"448\" data-end=\"2349\">\n<thead data-start=\"448\" data-end=\"565\">\n<tr data-start=\"448\" data-end=\"565\">\n<th data-start=\"448\" data-end=\"480\" data-col-size=\"sm\"><strong data-start=\"450\" data-end=\"463\">Parametre<\/strong><\/th>\n<th data-start=\"480\" data-end=\"565\" data-col-size=\"md\"><strong data-start=\"482\" data-end=\"499\">\u015eartname<\/strong><\/th>\n<\/tr>\n<\/thead>\n<tbody data-start=\"685\" data-end=\"2349\">\n<tr data-start=\"685\" data-end=\"803\">\n<td data-start=\"685\" data-end=\"718\" data-col-size=\"sm\"><strong data-start=\"687\" data-end=\"703\">\u00dcr\u00fcn Ad\u0131<\/strong><\/td>\n<td data-col-size=\"md\" data-start=\"718\" data-end=\"803\">Blok \u0130\u011fnesi \/ T\u0131kama \u0130\u011fnesi (Okl\u00fczyon \u0130\u011fnesi)<\/td>\n<\/tr>\n<tr data-start=\"804\" data-end=\"922\">\n<td data-start=\"804\" data-end=\"837\" data-col-size=\"sm\"><strong data-start=\"806\" data-end=\"828\">Malzeme - Kan\u00fcl<\/strong><\/td>\n<td data-col-size=\"md\" data-start=\"837\" data-end=\"922\">T\u0131bbi s\u0131n\u0131f SUS304 paslanmaz \u00e7elik; iste\u011fe ba\u011fl\u0131 polimer k\u0131l\u0131f<\/td>\n<\/tr>\n<tr data-start=\"923\" data-end=\"1040\">\n<td data-start=\"923\" data-end=\"956\" data-col-size=\"sm\"><strong data-start=\"925\" data-end=\"945\">G\u00f6sterge Aral\u0131\u011f\u0131 (OD)<\/strong><\/td>\n<td data-col-size=\"md\" data-start=\"956\" data-end=\"1040\">Okl\u00fczyon tipine ba\u011fl\u0131 olarak 18G - 25G (1,2 mm - 0,5 mm)<\/td>\n<\/tr>\n<tr data-start=\"1041\" data-end=\"1159\">\n<td data-start=\"1041\" data-end=\"1074\" data-col-size=\"sm\"><strong data-start=\"1043\" data-end=\"1061\">Uzunluk Se\u00e7enekleri<\/strong><\/td>\n<td data-col-size=\"md\" data-start=\"1074\" data-end=\"1159\">50 mm - 200 mm (\u00b11 mm tolerans)<\/td>\n<\/tr>\n<tr data-start=\"1160\" data-end=\"1278\">\n<td data-start=\"1160\" data-end=\"1193\" data-col-size=\"sm\"><strong data-start=\"1162\" data-end=\"1176\">U\u00e7 Tasar\u0131m\u0131<\/strong><\/td>\n<td data-col-size=\"md\" data-start=\"1193\" data-end=\"1278\">K\u00fcnt, yuvarlak veya d\u00fcz u\u00e7lu (t\u0131ka\u00e7 malzemesini veya blok ortam\u0131 tutmak i\u00e7in)<\/td>\n<\/tr>\n<tr data-start=\"1279\" data-end=\"1397\">\n<td data-start=\"1279\" data-end=\"1312\" data-col-size=\"sm\"><strong data-start=\"1281\" data-end=\"1304\">Okl\u00fczyon Mekanizmas\u0131<\/strong><\/td>\n<td data-col-size=\"md\" data-start=\"1312\" data-end=\"1397\">Jelatin s\u00fcnger, embolik partik\u00fcller veya \u00f6zel t\u0131ka\u00e7lar\u0131 destekler<\/td>\n<\/tr>\n<tr data-start=\"1398\" data-end=\"1516\">\n<td data-start=\"1398\" data-end=\"1431\" data-col-size=\"sm\"><strong data-start=\"1400\" data-end=\"1416\">Tutamak \/ G\u00f6bek<\/strong><\/td>\n<td data-col-size=\"md\" data-start=\"1431\" data-end=\"1516\">Standart Luer-lock veya dokulu kaymaz g\u00f6bek<\/td>\n<\/tr>\n<tr data-start=\"1517\" data-end=\"1635\">\n<td data-start=\"1517\" data-end=\"1550\" data-col-size=\"sm\"><strong data-start=\"1519\" data-end=\"1537\">Y\u00fczey \u0130\u015flemi<\/strong><\/td>\n<td data-start=\"1550\" data-end=\"1635\" data-col-size=\"md\">Ayna cilal\u0131 paslanmaz \u00e7elik; kontroll\u00fc yerle\u015ftirme i\u00e7in p\u00fcr\u00fczs\u00fcz<\/td>\n<\/tr>\n<tr data-start=\"1636\" data-end=\"1754\">\n<td data-start=\"1636\" data-end=\"1669\" data-col-size=\"sm\"><strong data-start=\"1638\" data-end=\"1659\">E\u011frilik Se\u00e7enekleri<\/strong><\/td>\n<td data-col-size=\"md\" data-start=\"1669\" data-end=\"1754\">Hedefe y\u00f6nelik navigasyon i\u00e7in d\u00fcz veya \u00f6nceden b\u00fck\u00fclm\u00fc\u015f<\/td>\n<\/tr>\n<tr data-start=\"1755\" data-end=\"1873\">\n<td data-start=\"1755\" data-end=\"1788\" data-col-size=\"sm\"><strong data-start=\"1757\" data-end=\"1781\">Sterilizasyon Y\u00f6ntemi<\/strong><\/td>\n<td data-col-size=\"md\" data-start=\"1788\" data-end=\"1873\">Etilen Oksit (EO) veya Gama ile sterilize edilmi\u015f<\/td>\n<\/tr>\n<tr data-start=\"1874\" data-end=\"1992\">\n<td data-start=\"1874\" data-end=\"1907\" data-col-size=\"sm\"><strong data-start=\"1876\" data-end=\"1889\">Paketleme<\/strong><\/td>\n<td data-start=\"1907\" data-end=\"1992\" data-col-size=\"md\">Tek tek steril blister ambalaj, kutu ba\u015f\u0131na 10 adet<\/td>\n<\/tr>\n<tr data-start=\"1993\" data-end=\"2111\">\n<td data-start=\"1993\" data-end=\"2026\" data-col-size=\"sm\"><strong data-start=\"1995\" data-end=\"2009\">Tek Kullan\u0131ml\u0131k<\/strong><\/td>\n<td data-col-size=\"md\" data-start=\"2026\" data-end=\"2111\">Evet<\/td>\n<\/tr>\n<tr data-start=\"2112\" data-end=\"2230\">\n<td data-start=\"2112\" data-end=\"2145\" data-col-size=\"sm\"><strong data-start=\"2114\" data-end=\"2132\">Sertifikalar<\/strong><\/td>\n<td data-col-size=\"md\" data-start=\"2145\" data-end=\"2230\">ISO 13485, CE, FDA (pazar b\u00f6lgesine ba\u011fl\u0131 olarak)<\/td>\n<\/tr>\n<tr data-start=\"2231\" data-end=\"2349\">\n<td data-start=\"2231\" data-end=\"2264\" data-col-size=\"sm\"><strong data-start=\"2233\" data-end=\"2247\">Raf \u00d6mr\u00fc<\/strong><\/td>\n<td data-col-size=\"md\" data-start=\"2264\" data-end=\"2349\">Uygun saklama ko\u015fullar\u0131 alt\u0131nda 3-5 y\u0131l<\/td>\n<\/tr>\n<\/tbody>\n<\/table>\n<\/div>\n<\/div>\n<p>Blok \u0130\u011fnesi (T\u0131kama \u0130\u011fnesi): Minimal \u0130nvaziv Giri\u015fimler i\u00e7in Hassas Vask\u00fcler Okl\u00fczyon<\/p>\n<h2>Klinik Ama\u00e7<\/h2>\n<p>G\u00fcvenilir damar m\u00fch\u00fcrleme ve hedeflenen doku okl\u00fczyonu i\u00e7in tasarlanan Blok \u0130\u011fnesi, giri\u015fimsel radyoloji, biyopsi yolu m\u00fch\u00fcrleme ve embolizasyon tedavileri s\u0131ras\u0131nda kontroll\u00fc kapatma sa\u011flar. Doktorlar\u0131n kan damarlar\u0131n\u0131 veya kanallar\u0131 (\u00f6rn. safra yollar\u0131, fallop t\u00fcpleri) h\u0131zla izole etmesini sa\u011flarken, yan doku hasar\u0131n\u0131 en aza indirir.<\/p>\n<h2>Kritik Avantajlar<\/h2>\n<p><strong>\u00c7ift Modlu Okl\u00fczyon<\/strong><br \/>\n- Keskin u\u00e7lu penetrasyon: Yumu\u015fak doku giri\u015fi i\u00e7in ultra e\u011fimli 15\u00b0 u\u00e7.<br \/>\n- K\u00fcnt u\u00e7 geni\u015fletme: Yerle\u015ftirilebilir mikro t\u0131ka\u00e7 an\u0131nda 3D okl\u00fczyon olu\u015fturur.<br \/>\n<strong>Geli\u015ftirilmi\u015f G\u00fcvenlik<\/strong><br \/>\n- Floroskopi alt\u0131nda derinli\u011fe \u00f6zg\u00fc radyoopak i\u015faretleyiciler (her 5 mm'de bir).<br \/>\n- Tork kontrol g\u00f6be\u011fi kazara a\u015f\u0131r\u0131 ilerlemeyi \u00f6nler.<br \/>\n<strong>Prosed\u00fcrel Verimlilik<\/strong><br \/>\n- 30% manuel s\u0131k\u0131\u015ft\u0131rmaya k\u0131yasla daha h\u0131zl\u0131 kap s\u0131zd\u0131rmazl\u0131\u011f\u0131.<br \/>\n- E\u015fzamanl\u0131 embolik ajan iletimi i\u00e7in Luer-Lock uyumlulu\u011fu.<\/p>\n<h2>\u0130leri Malzeme M\u00fchendisli\u011fi<\/h2>\n<p>- \u00c7ekirdek: T\u0131bbi <a href=\"https:\/\/www.thyssenkrupp-materials.co.uk\/stainless-steel-304l-14307.html\" target=\"_blank\" rel=\"noopener\">304L<\/a> paslanmaz \u00e7elik (OD tolerans\u0131: \u00b10,02 mm).<br \/>\n- Y\u00fczey: Hidrofilik polimer kaplama (temas a\u00e7\u0131s\u0131: 18\u00b0) s\u00fcrt\u00fcnmeyi 40% kadar azalt\u0131r.<br \/>\n- G\u00f6r\u00fcn\u00fcrl\u00fck: CT\/MRI uyumlulu\u011fu i\u00e7in distal tungsten u\u00e7 (20% yo\u011funluk) + ultrason k\u0131lavuzlu\u011fu i\u00e7in lazerle kaz\u0131nm\u0131\u015f ekojenik bantlar.<\/p>\n<h2>Uygulamalar<\/h2>\n<p>- Biyopsi yolunun kapat\u0131lmas\u0131 (karaci\u011fer\/b\u00f6brek)<br \/>\n- Embolizasyon \u00f6ncesi damar blokaj\u0131<br \/>\n- Rekonstr\u00fcktif cerrahide mikrovask\u00fcler s\u0131z\u0131nt\u0131 kontrol\u00fc<br \/>\n- Cerrahi olmayan sterilizasyon prosed\u00fcrleri<\/p>\n<h2>Uyumluluk ve \u00d6zelle\u015ftirme<\/h2>\n<p>- Steril EO gama paketli | ISO 13485 | FDA 21 CFR 880.5570<br \/>\n- \u00d6l\u00e7\u00fc aral\u0131\u011f\u0131: 18G-25G | Uzunluklar: 5cm-20cm<br \/>\n- OEM se\u00e7enekleri: Bobin takviyeli \u015faftlar | Antibakteriyel kaplamalar<\/p>","protected":false},"excerpt":{"rendered":"<p>Hassas m\u00fchendislik \u00fcr\u00fcn\u00fc Blok \u0130\u011fnesi (Okl\u00fczyon \u0130\u011fnesi olarak da adland\u0131r\u0131l\u0131r), minimal invaziv prosed\u00fcrler s\u0131ras\u0131nda kan damarlar\u0131n\u0131, kanallar\u0131 veya cerrahi yollar\u0131 ge\u00e7ici veya kal\u0131c\u0131 olarak t\u0131kamak i\u00e7in tasarlanm\u0131\u015ft\u0131r.<\/p>","protected":false},"featured_media":1033,"template":"","meta":{"_acf_changed":false,"site-sidebar-layout":"default","site-content-layout":"","ast-site-content-layout":"default","site-content-style":"default","site-sidebar-style":"default","ast-global-header-display":"","ast-banner-title-visibility":"","ast-main-header-display":"","ast-hfb-above-header-display":"","ast-hfb-below-header-display":"","ast-hfb-mobile-header-display":"","site-post-title":"","ast-breadcrumbs-content":"","ast-featured-img":"","footer-sml-layout":"","ast-disable-related-posts":"","theme-transparent-header-meta":"default","adv-header-id-meta":"","stick-header-meta":"","header-above-stick-meta":"","header-main-stick-meta":"","header-below-stick-meta":"","astra-migrate-meta-layouts":"set","ast-page-background-enabled":"default","ast-page-background-meta":{"desktop":{"background-color":"var(--ast-global-color-5)","background-image":"","background-repeat":"repeat","background-position":"center center","background-size":"auto","background-attachment":"scroll","background-type":"","background-media":"","overlay-type":"","overlay-color":"","overlay-opacity":"","overlay-gradient":""},"tablet":{"background-color":"","background-image":"","background-repeat":"repeat","background-position":"center center","background-size":"auto","background-attachment":"scroll","background-type":"","background-media":"","overlay-type":"","overlay-color":"","overlay-opacity":"","overlay-gradient":""},"mobile":{"background-color":"","background-image":"","background-repeat":"repeat","background-position":"center center","background-size":"auto","background-attachment":"scroll","background-type":"","background-media":"","overlay-type":"","overlay-color":"","overlay-opacity":"","overlay-gradient":""}},"ast-content-background-meta":{"desktop":{"background-color":"var(--ast-global-color-4)","background-image":"","background-repeat":"repeat","background-position":"center center","background-size":"auto","background-attachment":"scroll","background-type":"","background-media":"","overlay-type":"","overlay-color":"","overlay-opacity":"","overlay-gradient":""},"tablet":{"background-color":"var(--ast-global-color-4)","background-image":"","background-repeat":"repeat","background-position":"center center","background-size":"auto","background-attachment":"scroll","background-type":"","background-media":"","overlay-type":"","overlay-color":"","overlay-opacity":"","overlay-gradient":""},"mobile":{"background-color":"var(--ast-global-color-4)","background-image":"","background-repeat":"repeat","background-position":"center center","background-size":"auto","background-attachment":"scroll","background-type":"","background-media":"","overlay-type":"","overlay-color":"","overlay-opacity":"","overlay-gradient":""}}},"product_brand":[],"product_cat":[65],"product_tag":[],"class_list":{"0":"post-1042","1":"product","2":"type-product","3":"status-publish","4":"has-post-thumbnail","6":"product_cat-specialty-needles","7":"desktop-align-left","8":"tablet-align-left","9":"mobile-align-left","11":"first","12":"instock","13":"shipping-taxable","14":"product-type-simple"},"acf":[],"yoast_head":"<!-- This site is optimized with the Yoast SEO plugin v27.4 - https:\/\/yoast.com\/product\/yoast-seo-wordpress\/ -->\n<title>Block Needle, Plugging Needle<\/title>\n<meta name=\"description\" content=\"A precision-engineered Block Needle (also called Occlusion Needle) is designed to temporarily or permanently occlude blood vessels, ducts\" \/>\n<meta name=\"robots\" content=\"index, follow, max-snippet:-1, max-image-preview:large, max-video-preview:-1\" \/>\n<link rel=\"canonical\" href=\"https:\/\/topkeymedical.com\/tr\/urun\/blok-ignesi-tikama-ignesi\/\" \/>\n<meta property=\"og:locale\" content=\"tr_TR\" \/>\n<meta property=\"og:type\" content=\"article\" \/>\n<meta property=\"og:title\" content=\"Block Needle, Plugging Needle\" \/>\n<meta property=\"og:description\" content=\"A precision-engineered Block Needle (also called Occlusion Needle) is designed to temporarily or permanently occlude blood vessels, ducts\" \/>\n<meta property=\"og:url\" content=\"https:\/\/topkeymedical.com\/tr\/urun\/blok-ignesi-tikama-ignesi\/\" \/>\n<meta property=\"og:site_name\" content=\"TOPKEY\u2013 Precision in Every Detail, Guardian of Life and Health\" \/>\n<meta property=\"article:publisher\" content=\"https:\/\/www.facebook.com\/profile.php?id=100088897294997\" \/>\n<meta property=\"article:modified_time\" content=\"2025-11-19T14:53:08+00:00\" \/>\n<meta property=\"og:image\" content=\"https:\/\/topkeymedical.com\/wp-content\/uploads\/2025\/07\/specialty-needles-block-needle.webp\" \/>\n\t<meta property=\"og:image:width\" content=\"1000\" \/>\n\t<meta property=\"og:image:height\" content=\"1000\" \/>\n\t<meta property=\"og:image:type\" content=\"image\/webp\" \/>\n<meta name=\"twitter:card\" content=\"summary_large_image\" \/>\n<meta name=\"twitter:label1\" content=\"Tahmini okuma s\u00fcresi\" \/>\n\t<meta name=\"twitter:data1\" content=\"2 dakika\" \/>\n<script type=\"application\/ld+json\" class=\"yoast-schema-graph\">{\"@context\":\"https:\\\/\\\/schema.org\",\"@graph\":[{\"@type\":\"WebPage\",\"@id\":\"https:\\\/\\\/topkeymedical.com\\\/product\\\/block-needle-plugging-needle\\\/\",\"url\":\"https:\\\/\\\/topkeymedical.com\\\/product\\\/block-needle-plugging-needle\\\/\",\"name\":\"Block Needle, Plugging Needle\",\"isPartOf\":{\"@id\":\"https:\\\/\\\/topkeymedical.com\\\/#website\"},\"primaryImageOfPage\":{\"@id\":\"https:\\\/\\\/topkeymedical.com\\\/product\\\/block-needle-plugging-needle\\\/#primaryimage\"},\"image\":{\"@id\":\"https:\\\/\\\/topkeymedical.com\\\/product\\\/block-needle-plugging-needle\\\/#primaryimage\"},\"thumbnailUrl\":\"https:\\\/\\\/topkeymedical.com\\\/wp-content\\\/uploads\\\/2025\\\/07\\\/specialty-needles-block-needle.webp\",\"datePublished\":\"2025-07-11T14:02:41+00:00\",\"dateModified\":\"2025-11-19T14:53:08+00:00\",\"description\":\"A precision-engineered Block Needle (also called Occlusion Needle) is designed to temporarily or permanently occlude blood vessels, ducts\",\"breadcrumb\":{\"@id\":\"https:\\\/\\\/topkeymedical.com\\\/product\\\/block-needle-plugging-needle\\\/#breadcrumb\"},\"inLanguage\":\"tr\",\"potentialAction\":[{\"@type\":\"ReadAction\",\"target\":[\"https:\\\/\\\/topkeymedical.com\\\/product\\\/block-needle-plugging-needle\\\/\"]}]},{\"@type\":\"ImageObject\",\"inLanguage\":\"tr\",\"@id\":\"https:\\\/\\\/topkeymedical.com\\\/product\\\/block-needle-plugging-needle\\\/#primaryimage\",\"url\":\"https:\\\/\\\/topkeymedical.com\\\/wp-content\\\/uploads\\\/2025\\\/07\\\/specialty-needles-block-needle.webp\",\"contentUrl\":\"https:\\\/\\\/topkeymedical.com\\\/wp-content\\\/uploads\\\/2025\\\/07\\\/specialty-needles-block-needle.webp\",\"width\":1000,\"height\":1000,\"caption\":\"specialty needles - block needle\"},{\"@type\":\"BreadcrumbList\",\"@id\":\"https:\\\/\\\/topkeymedical.com\\\/product\\\/block-needle-plugging-needle\\\/#breadcrumb\",\"itemListElement\":[{\"@type\":\"ListItem\",\"position\":1,\"name\":\"Home\",\"item\":\"https:\\\/\\\/topkeymedical.com\\\/\"},{\"@type\":\"ListItem\",\"position\":2,\"name\":\"Products\",\"item\":\"https:\\\/\\\/topkeymedical.com\\\/shop\\\/\"},{\"@type\":\"ListItem\",\"position\":3,\"name\":\"Block Needle, Plugging Needle\"}]},{\"@type\":\"WebSite\",\"@id\":\"https:\\\/\\\/topkeymedical.com\\\/#website\",\"url\":\"https:\\\/\\\/topkeymedical.com\\\/\",\"name\":\"TOPKEY\u2013 Precision in Every Detail, Guardian of Life and Health\",\"description\":\"\",\"publisher\":{\"@id\":\"https:\\\/\\\/topkeymedical.com\\\/#organization\"},\"potentialAction\":[{\"@type\":\"SearchAction\",\"target\":{\"@type\":\"EntryPoint\",\"urlTemplate\":\"https:\\\/\\\/topkeymedical.com\\\/?s={search_term_string}\"},\"query-input\":{\"@type\":\"PropertyValueSpecification\",\"valueRequired\":true,\"valueName\":\"search_term_string\"}}],\"inLanguage\":\"tr\"},{\"@type\":\"Organization\",\"@id\":\"https:\\\/\\\/topkeymedical.com\\\/#organization\",\"name\":\"TOPKEY\u2013 Precision in Every Detail, Guardian of Life and Health\",\"url\":\"https:\\\/\\\/topkeymedical.com\\\/\",\"logo\":{\"@type\":\"ImageObject\",\"inLanguage\":\"tr\",\"@id\":\"https:\\\/\\\/topkeymedical.com\\\/#\\\/schema\\\/logo\\\/image\\\/\",\"url\":\"https:\\\/\\\/topkeymedical.com\\\/wp-content\\\/uploads\\\/2025\\\/05\\\/cropped-logo.jpg\",\"contentUrl\":\"https:\\\/\\\/topkeymedical.com\\\/wp-content\\\/uploads\\\/2025\\\/05\\\/cropped-logo.jpg\",\"width\":512,\"height\":512,\"caption\":\"TOPKEY\u2013 Precision in Every Detail, Guardian of Life and Health\"},\"image\":{\"@id\":\"https:\\\/\\\/topkeymedical.com\\\/#\\\/schema\\\/logo\\\/image\\\/\"},\"sameAs\":[\"https:\\\/\\\/www.facebook.com\\\/profile.php?id=100088897294997\",\"https:\\\/\\\/www.youtube.com\\\/@TopkeyMedical-Alice888\",\"https:\\\/\\\/www.linkedin.com\\\/in\\\/alice-hu-bb66a01b3\\\/\"]}]}<\/script>\n<!-- \/ Yoast SEO plugin. -->","yoast_head_json":{"title":"Blok \u0130\u011fnesi, T\u0131kama \u0130\u011fnesi","description":"Hassas m\u00fchendislik \u00fcr\u00fcn\u00fc bir Blok \u0130\u011fne (Okl\u00fczyon \u0130\u011fnesi olarak da adland\u0131r\u0131l\u0131r) kan damarlar\u0131n\u0131, kanallar\u0131 ge\u00e7ici veya kal\u0131c\u0131 olarak t\u0131kamak i\u00e7in tasarlanm\u0131\u015ft\u0131r","robots":{"index":"index","follow":"follow","max-snippet":"max-snippet:-1","max-image-preview":"max-image-preview:large","max-video-preview":"max-video-preview:-1"},"canonical":"https:\/\/topkeymedical.com\/tr\/urun\/blok-ignesi-tikama-ignesi\/","og_locale":"tr_TR","og_type":"article","og_title":"Block Needle, Plugging Needle","og_description":"A precision-engineered Block Needle (also called Occlusion Needle) is designed to temporarily or permanently occlude blood vessels, ducts","og_url":"https:\/\/topkeymedical.com\/tr\/urun\/blok-ignesi-tikama-ignesi\/","og_site_name":"TOPKEY\u2013 Precision in Every Detail, Guardian of Life and Health","article_publisher":"https:\/\/www.facebook.com\/profile.php?id=100088897294997","article_modified_time":"2025-11-19T14:53:08+00:00","og_image":[{"width":1000,"height":1000,"url":"https:\/\/topkeymedical.com\/wp-content\/uploads\/2025\/07\/specialty-needles-block-needle.webp","type":"image\/webp"}],"twitter_card":"summary_large_image","twitter_misc":{"Tahmini okuma s\u00fcresi":"2 dakika"},"schema":{"@context":"https:\/\/schema.org","@graph":[{"@type":"WebPage","@id":"https:\/\/topkeymedical.com\/product\/block-needle-plugging-needle\/","url":"https:\/\/topkeymedical.com\/product\/block-needle-plugging-needle\/","name":"Blok \u0130\u011fnesi, T\u0131kama \u0130\u011fnesi","isPartOf":{"@id":"https:\/\/topkeymedical.com\/#website"},"primaryImageOfPage":{"@id":"https:\/\/topkeymedical.com\/product\/block-needle-plugging-needle\/#primaryimage"},"image":{"@id":"https:\/\/topkeymedical.com\/product\/block-needle-plugging-needle\/#primaryimage"},"thumbnailUrl":"https:\/\/topkeymedical.com\/wp-content\/uploads\/2025\/07\/specialty-needles-block-needle.webp","datePublished":"2025-07-11T14:02:41+00:00","dateModified":"2025-11-19T14:53:08+00:00","description":"Hassas m\u00fchendislik \u00fcr\u00fcn\u00fc bir Blok \u0130\u011fne (Okl\u00fczyon \u0130\u011fnesi olarak da adland\u0131r\u0131l\u0131r) kan damarlar\u0131n\u0131, kanallar\u0131 ge\u00e7ici veya kal\u0131c\u0131 olarak t\u0131kamak i\u00e7in tasarlanm\u0131\u015ft\u0131r","breadcrumb":{"@id":"https:\/\/topkeymedical.com\/product\/block-needle-plugging-needle\/#breadcrumb"},"inLanguage":"tr","potentialAction":[{"@type":"ReadAction","target":["https:\/\/topkeymedical.com\/product\/block-needle-plugging-needle\/"]}]},{"@type":"ImageObject","inLanguage":"tr","@id":"https:\/\/topkeymedical.com\/product\/block-needle-plugging-needle\/#primaryimage","url":"https:\/\/topkeymedical.com\/wp-content\/uploads\/2025\/07\/specialty-needles-block-needle.webp","contentUrl":"https:\/\/topkeymedical.com\/wp-content\/uploads\/2025\/07\/specialty-needles-block-needle.webp","width":1000,"height":1000,"caption":"specialty needles - block needle"},{"@type":"BreadcrumbList","@id":"https:\/\/topkeymedical.com\/product\/block-needle-plugging-needle\/#breadcrumb","itemListElement":[{"@type":"ListItem","position":1,"name":"Home","item":"https:\/\/topkeymedical.com\/"},{"@type":"ListItem","position":2,"name":"Products","item":"https:\/\/topkeymedical.com\/shop\/"},{"@type":"ListItem","position":3,"name":"Block Needle, Plugging Needle"}]},{"@type":"WebSite","@id":"https:\/\/topkeymedical.com\/#website","url":"https:\/\/topkeymedical.com\/","name":"TOPKEY- Her Ayr\u0131nt\u0131da Hassasiyet, Ya\u015fam ve Sa\u011fl\u0131\u011f\u0131n Koruyucusu","description":"","publisher":{"@id":"https:\/\/topkeymedical.com\/#organization"},"potentialAction":[{"@type":"SearchAction","target":{"@type":"EntryPoint","urlTemplate":"https:\/\/topkeymedical.com\/?s={search_term_string}"},"query-input":{"@type":"PropertyValueSpecification","valueRequired":true,"valueName":"search_term_string"}}],"inLanguage":"tr"},{"@type":"Organization","@id":"https:\/\/topkeymedical.com\/#organization","name":"TOPKEY- Her Ayr\u0131nt\u0131da Hassasiyet, Ya\u015fam ve Sa\u011fl\u0131\u011f\u0131n Koruyucusu","url":"https:\/\/topkeymedical.com\/","logo":{"@type":"ImageObject","inLanguage":"tr","@id":"https:\/\/topkeymedical.com\/#\/schema\/logo\/image\/","url":"https:\/\/topkeymedical.com\/wp-content\/uploads\/2025\/05\/cropped-logo.jpg","contentUrl":"https:\/\/topkeymedical.com\/wp-content\/uploads\/2025\/05\/cropped-logo.jpg","width":512,"height":512,"caption":"TOPKEY\u2013 Precision in Every Detail, Guardian of Life and Health"},"image":{"@id":"https:\/\/topkeymedical.com\/#\/schema\/logo\/image\/"},"sameAs":["https:\/\/www.facebook.com\/profile.php?id=100088897294997","https:\/\/www.youtube.com\/@TopkeyMedical-Alice888","https:\/\/www.linkedin.com\/in\/alice-hu-bb66a01b3\/"]}]}},"_links":{"self":[{"href":"https:\/\/topkeymedical.com\/tr\/wp-json\/wp\/v2\/product\/1042","targetHints":{"allow":["GET"]}}],"collection":[{"href":"https:\/\/topkeymedical.com\/tr\/wp-json\/wp\/v2\/product"}],"about":[{"href":"https:\/\/topkeymedical.com\/tr\/wp-json\/wp\/v2\/types\/product"}],"version-history":[{"count":3,"href":"https:\/\/topkeymedical.com\/tr\/wp-json\/wp\/v2\/product\/1042\/revisions"}],"predecessor-version":[{"id":1542,"href":"https:\/\/topkeymedical.com\/tr\/wp-json\/wp\/v2\/product\/1042\/revisions\/1542"}],"wp:featuredmedia":[{"embeddable":true,"href":"https:\/\/topkeymedical.com\/tr\/wp-json\/wp\/v2\/media\/1033"}],"wp:attachment":[{"href":"https:\/\/topkeymedical.com\/tr\/wp-json\/wp\/v2\/media?parent=1042"}],"wp:term":[{"taxonomy":"product_brand","embeddable":true,"href":"https:\/\/topkeymedical.com\/tr\/wp-json\/wp\/v2\/product_brand?post=1042"},{"taxonomy":"product_cat","embeddable":true,"href":"https:\/\/topkeymedical.com\/tr\/wp-json\/wp\/v2\/product_cat?post=1042"},{"taxonomy":"product_tag","embeddable":true,"href":"https:\/\/topkeymedical.com\/tr\/wp-json\/wp\/v2\/product_tag?post=1042"}],"curies":[{"name":"wp","href":"https:\/\/api.w.org\/{rel}","templated":true}]}}