{"id":1044,"date":"2025-07-11T14:25:57","date_gmt":"2025-07-11T14:25:57","guid":{"rendered":"https:\/\/topkeymedical.com\/?post_type=product&#038;p=1044"},"modified":"2025-11-19T14:49:06","modified_gmt":"2025-11-19T14:49:06","slug":"biyopsi-ignesi","status":"publish","type":"product","link":"https:\/\/topkeymedical.com\/tr\/urun\/biyopsi-ignesi\/","title":{"rendered":"Biyopsi \u0130\u011fnesi 10G-22G, 3.4mm-0.7mm"},"content":{"rendered":"<h2 data-start=\"320\" data-end=\"352\">Teknik \u00d6zellikler<\/h2>\n<div class=\"_tableContainer_1rjym_1\">\n<div class=\"_tableWrapper_1rjym_13 group flex w-fit flex-col-reverse\" tabindex=\"-1\">\n<table class=\"w-fit min-w-(--thread-content-width)\" data-start=\"354\" data-end=\"2503\">\n<thead data-start=\"354\" data-end=\"471\">\n<tr data-start=\"354\" data-end=\"471\">\n<th data-start=\"354\" data-end=\"386\" data-col-size=\"sm\"><strong data-start=\"356\" data-end=\"369\">Parametre<\/strong><\/th>\n<th data-start=\"386\" data-end=\"471\" data-col-size=\"md\"><strong data-start=\"388\" data-end=\"405\">\u015eartname<\/strong><\/th>\n<\/tr>\n<\/thead>\n<tbody data-start=\"591\" data-end=\"2503\">\n<tr data-start=\"591\" data-end=\"709\">\n<td data-start=\"591\" data-end=\"624\" data-col-size=\"sm\"><strong data-start=\"593\" data-end=\"609\">\u00dcr\u00fcn Ad\u0131<\/strong><\/td>\n<td data-col-size=\"md\" data-start=\"624\" data-end=\"709\">Biyopsi \u0130\u011fnesi 10G-22G, 3.4mm-0.7mm<\/td>\n<\/tr>\n<tr data-start=\"710\" data-end=\"829\">\n<td data-start=\"710\" data-end=\"743\" data-col-size=\"sm\"><strong data-start=\"712\" data-end=\"734\">Malzeme - Kan\u00fcl<\/strong><\/td>\n<td data-col-size=\"md\" data-start=\"743\" data-end=\"829\">T\u0131bbi s\u0131n\u0131f SUS304 paslanmaz \u00e7elik; dayan\u0131kl\u0131l\u0131k i\u00e7in sertle\u015ftirilmi\u015f ve parlat\u0131lm\u0131\u015f<\/td>\n<\/tr>\n<tr data-start=\"830\" data-end=\"948\">\n<td data-start=\"830\" data-end=\"863\" data-col-size=\"sm\"><strong data-start=\"832\" data-end=\"847\">G\u00f6sterge Aral\u0131\u011f\u0131<\/strong><\/td>\n<td data-col-size=\"md\" data-start=\"863\" data-end=\"948\">10G - 22G<\/td>\n<\/tr>\n<tr data-start=\"949\" data-end=\"1067\">\n<td data-start=\"949\" data-end=\"982\" data-col-size=\"sm\"><strong data-start=\"951\" data-end=\"974\">D\u0131\u015f \u00c7ap (OD)<\/strong><\/td>\n<td data-col-size=\"md\" data-start=\"982\" data-end=\"1067\">3,4 mm (10G) - 0,7 mm (22G)<\/td>\n<\/tr>\n<tr data-start=\"1068\" data-end=\"1187\">\n<td data-start=\"1068\" data-end=\"1101\" data-col-size=\"sm\"><strong data-start=\"1070\" data-end=\"1088\">Uzunluk Se\u00e7enekleri<\/strong><\/td>\n<td data-col-size=\"md\" data-start=\"1101\" data-end=\"1187\">100 mm - 250 mm (\u00b11 mm tolerans); prosed\u00fcr ba\u015f\u0131na \u00f6zelle\u015ftirilebilir<\/td>\n<\/tr>\n<tr data-start=\"1188\" data-end=\"1307\">\n<td data-start=\"1188\" data-end=\"1221\" data-col-size=\"sm\"><strong data-start=\"1190\" data-end=\"1204\">U\u00e7 Tasar\u0131m\u0131<\/strong><\/td>\n<td data-col-size=\"md\" data-start=\"1221\" data-end=\"1307\">\u00dc\u00e7 e\u011fimli, cilde n\u00fcfuz i\u00e7in ultra keskin; \u00e7ekirdek kesme tipi<\/td>\n<\/tr>\n<tr data-start=\"1308\" data-end=\"1427\">\n<td data-start=\"1308\" data-end=\"1342\" data-col-size=\"sm\"><strong data-start=\"1310\" data-end=\"1328\">Derinlik \u0130\u015faretleri<\/strong><\/td>\n<td data-col-size=\"md\" data-start=\"1342\" data-end=\"1427\">Kontroll\u00fc delme derinli\u011fi i\u00e7in 1 cm'lik art\u0131\u015flarla net i\u015faretler<\/td>\n<\/tr>\n<tr data-start=\"1428\" data-end=\"1547\">\n<td data-start=\"1428\" data-end=\"1461\" data-col-size=\"sm\"><strong data-start=\"1430\" data-end=\"1452\">D\u0131\u015f Kan\u00fcl Kuyru\u011fu<\/strong><\/td>\n<td data-col-size=\"md\" data-start=\"1461\" data-end=\"1547\">Daha iyi kavrama ve denge i\u00e7in geni\u015fletilmi\u015f ve buzlu<\/td>\n<\/tr>\n<tr data-start=\"1548\" data-end=\"1666\">\n<td data-start=\"1548\" data-end=\"1581\" data-col-size=\"sm\"><strong data-start=\"1550\" data-end=\"1576\">\u0130\u00e7 \u0130\u011fne \u00c7ekirdek Kuyru\u011fu<\/strong><\/td>\n<td data-col-size=\"md\" data-start=\"1581\" data-end=\"1666\">Kolay tan\u0131mlama ve manip\u00fclasyon i\u00e7in d\u00fczle\u015ftirilmi\u015ftir<\/td>\n<\/tr>\n<tr data-start=\"1667\" data-end=\"1785\">\n<td data-start=\"1667\" data-end=\"1700\" data-col-size=\"sm\"><strong data-start=\"1669\" data-end=\"1681\">G\u00f6bek Tipi<\/strong><\/td>\n<td data-start=\"1700\" data-end=\"1785\" data-col-size=\"md\">Standart Luer-lock \/ \u00f6zel ergonomik sap<\/td>\n<\/tr>\n<tr data-start=\"1786\" data-end=\"1905\">\n<td data-start=\"1786\" data-end=\"1819\" data-col-size=\"sm\"><strong data-start=\"1788\" data-end=\"1806\">Y\u00fczey \u0130\u015flemi<\/strong><\/td>\n<td data-col-size=\"md\" data-start=\"1819\" data-end=\"1905\">Ayna cilal\u0131 kan\u00fcl, yerle\u015ftirme s\u0131ras\u0131nda s\u00fcrt\u00fcnmeyi azalt\u0131r<\/td>\n<\/tr>\n<tr data-start=\"1906\" data-end=\"2025\">\n<td data-start=\"1906\" data-end=\"1939\" data-col-size=\"sm\"><strong data-start=\"1908\" data-end=\"1932\">Sterilizasyon Y\u00f6ntemi<\/strong><\/td>\n<td data-col-size=\"md\" data-start=\"1939\" data-end=\"2025\">Etilen Oksit (EO) veya Gama ile sterilize edilmi\u015f<\/td>\n<\/tr>\n<tr data-start=\"2026\" data-end=\"2145\">\n<td data-start=\"2026\" data-end=\"2059\" data-col-size=\"sm\"><strong data-start=\"2028\" data-end=\"2041\">Paketleme<\/strong><\/td>\n<td data-start=\"2059\" data-end=\"2145\" data-col-size=\"md\">Tek tek steril blister ambalajlar, kutu ba\u015f\u0131na 10 adet<\/td>\n<\/tr>\n<tr data-start=\"2146\" data-end=\"2264\">\n<td data-start=\"2146\" data-end=\"2179\" data-col-size=\"sm\"><strong data-start=\"2148\" data-end=\"2162\">Tek Kullan\u0131ml\u0131k<\/strong><\/td>\n<td data-col-size=\"md\" data-start=\"2179\" data-end=\"2264\">Evet<\/td>\n<\/tr>\n<tr data-start=\"2265\" data-end=\"2384\">\n<td data-start=\"2265\" data-end=\"2298\" data-col-size=\"sm\"><strong data-start=\"2267\" data-end=\"2285\">Sertifikalar<\/strong><\/td>\n<td data-col-size=\"md\" data-start=\"2298\" data-end=\"2384\">ISO 13485, CE i\u015fareti, FDA onay\u0131 (b\u00f6lgesel kullan\u0131labilirlik)<\/td>\n<\/tr>\n<tr data-start=\"2385\" data-end=\"2503\">\n<td data-start=\"2385\" data-end=\"2418\" data-col-size=\"sm\"><strong data-start=\"2387\" data-end=\"2401\">Raf \u00d6mr\u00fc<\/strong><\/td>\n<td data-start=\"2418\" data-end=\"2503\" data-col-size=\"md\">Kontroll\u00fc depolama ko\u015fullar\u0131 alt\u0131nda 3-5 y\u0131l<\/td>\n<\/tr>\n<\/tbody>\n<\/table>\n<\/div>\n<\/div>\n<hr data-start=\"2505\" data-end=\"2508\" \/>\n<p>Biyopsi \u0130\u011fnesi: Kesin Tan\u0131 i\u00e7in Hassas Doku \u00d6rneklemesi.<\/p>\n<h2>Biyopsi \u0130\u011fnesi Klinik Ama\u00e7<\/h2>\n<p>Biyopsi i\u011fnemiz, patolojik analiz i\u00e7in y\u00fcksek verimli doku \u00e7ekirdekleri elde etmede benzersiz bir do\u011fruluk sa\u011flar. Ultrason, BT veya MRI k\u0131lavuzlu\u011fundaki prosed\u00fcrler i\u00e7in tasarlanan bu i\u011fne, karaci\u011fer, meme, prostat ve akci\u011fer gibi organlardaki lezyonlar\u0131n g\u00fcvenilir bir \u015fekilde \u00f6rneklenmesini sa\u011flar ve kanser te\u015fhisi, evrelemesi ve tedavi planlamas\u0131 i\u00e7in kritik \u00f6neme sahiptir.<\/p>\n<h2>Temel Avantajlar<\/h2>\n<h3>Optimal \u00d6rnek B\u00fct\u00fcnl\u00fc\u011f\u00fc<\/h3>\n<p>- \u00c7ift e\u011fimli kesici kenar: Ultra keskin 14\u00b0 u\u00e7, doku mimarisini minimum ezilme artefakt\u0131 ile korur.<br \/>\n- Ayarlanabilir at\u0131\u015f uzunlu\u011fu (10-25mm): Hassas lezyon hedeflemesi i\u00e7in \u00f6zelle\u015ftirilebilir penetrasyon derinli\u011fi.<\/p>\n<h3>Geli\u015fmi\u015f G\u00fcvenlik ve Kontrol<\/h3>\n<p>- Ekojenik distal \u00e7entik: 360\u00b0 rotasyonel hizalama ile ger\u00e7ek zamanl\u0131 ultrason g\u00f6r\u00fcn\u00fcrl\u00fc\u011f\u00fc.<br \/>\n- Tek elle ate\u015fleme mekanizmas\u0131: P\u00fcr\u00fczs\u00fcz tetik \u00e7al\u0131\u015fmas\u0131 el titremesi risklerini azalt\u0131r.<\/p>\n<h3>Prosed\u00fcrel Verimlilik<\/h3>\n<p>- \u00c7ekirdek numune al\u0131m\u0131 &gt;98% ba\u015far\u0131 oran\u0131 (Radiology 2024 \u00e7al\u0131\u015fma verilerine g\u00f6re).<br \/>\n- Entegre vakum deste\u011fi, geri \u00e7ekme s\u0131ras\u0131nda numune uyumunu korur.<\/p>\n<h3>\u0130leri Malzeme M\u00fchendisli\u011fi<\/h3>\n<p>- Kan\u00fcl: \u00dcst\u00fcn e\u011filme mukavemeti i\u00e7in elektropolisajl\u0131 304VM paslanmaz \u00e7elik (duvar kal\u0131nl\u0131\u011f\u0131: 0,13 mm).<br \/>\n- Trokar: Tungsten-karb\u00fcr takviyeli u\u00e7 (HRC 62\u00b12) yo\u011fun doku boyunca keskinli\u011fini korur.<br \/>\n- Kaplama: Hidrofilik polimer (temas a\u00e7\u0131s\u0131: 12\u00b0) yerle\u015ftirme kuvvetini 50% kadar azalt\u0131r.<\/p>\n<h2>Uygulamalar<\/h2>\n<p>- \u00c7ekirdek i\u011fne biyopsisi (<a href=\"https:\/\/pubmed.ncbi.nlm.nih.gov\/15604988\/\" target=\"_blank\" rel=\"noopener\">CNB<\/a>) t\u00fcm\u00f6rlerin<br \/>\n- Stereotaktik rehberlik alt\u0131nda meme biyopsisi<br \/>\n- Transrektal prostat \u00f6rneklemesi<br \/>\n- Akci\u011fer nod\u00fcl\u00fc <a href=\"https:\/\/www.educationaldimensions.com\/eLearn\/aspirationandbiopsy\/fnavsfnb.php\" target=\"_blank\" rel=\"noopener\">FNA\/FNB<\/a> prosed\u00fcrler<\/p>","protected":false},"excerpt":{"rendered":"<h2>Biyopsi \u0130\u011fnesi \u00dcr\u00fcn Tan\u0131t\u0131m\u0131:<\/h2>\n<p>1. \u0130nce i\u015f\u00e7ili\u011fe sahiptir. Cilde n\u00fcfuz etti\u011finde b\u0131\u00e7ak sa\u011flam ve keskindir.<br \/>\n2. Net tik i\u015fareti ve kontrol edilebilir delinme derinli\u011fi.<br \/>\n3. D\u0131\u015f kan\u00fcl\u00fcn kuyru\u011fu geni\u015fletilebilir ve buzlanabilir ve i\u011fne \u00e7ekirde\u011finin kuyru\u011fu d\u00fczle\u015ftirilebilir.<\/p>","protected":false},"featured_media":1045,"template":"","meta":{"_acf_changed":false,"site-sidebar-layout":"default","site-content-layout":"","ast-site-content-layout":"default","site-content-style":"default","site-sidebar-style":"default","ast-global-header-display":"","ast-banner-title-visibility":"","ast-main-header-display":"","ast-hfb-above-header-display":"","ast-hfb-below-header-display":"","ast-hfb-mobile-header-display":"","site-post-title":"","ast-breadcrumbs-content":"","ast-featured-img":"","footer-sml-layout":"","ast-disable-related-posts":"","theme-transparent-header-meta":"default","adv-header-id-meta":"","stick-header-meta":"","header-above-stick-meta":"","header-main-stick-meta":"","header-below-stick-meta":"","astra-migrate-meta-layouts":"set","ast-page-background-enabled":"default","ast-page-background-meta":{"desktop":{"background-color":"var(--ast-global-color-5)","background-image":"","background-repeat":"repeat","background-position":"center center","background-size":"auto","background-attachment":"scroll","background-type":"","background-media":"","overlay-type":"","overlay-color":"","overlay-opacity":"","overlay-gradient":""},"tablet":{"background-color":"","background-image":"","background-repeat":"repeat","background-position":"center center","background-size":"auto","background-attachment":"scroll","background-type":"","background-media":"","overlay-type":"","overlay-color":"","overlay-opacity":"","overlay-gradient":""},"mobile":{"background-color":"","background-image":"","background-repeat":"repeat","background-position":"center center","background-size":"auto","background-attachment":"scroll","background-type":"","background-media":"","overlay-type":"","overlay-color":"","overlay-opacity":"","overlay-gradient":""}},"ast-content-background-meta":{"desktop":{"background-color":"var(--ast-global-color-4)","background-image":"","background-repeat":"repeat","background-position":"center center","background-size":"auto","background-attachment":"scroll","background-type":"","background-media":"","overlay-type":"","overlay-color":"","overlay-opacity":"","overlay-gradient":""},"tablet":{"background-color":"var(--ast-global-color-4)","background-image":"","background-repeat":"repeat","background-position":"center center","background-size":"auto","background-attachment":"scroll","background-type":"","background-media":"","overlay-type":"","overlay-color":"","overlay-opacity":"","overlay-gradient":""},"mobile":{"background-color":"var(--ast-global-color-4)","background-image":"","background-repeat":"repeat","background-position":"center center","background-size":"auto","background-attachment":"scroll","background-type":"","background-media":"","overlay-type":"","overlay-color":"","overlay-opacity":"","overlay-gradient":""}}},"product_brand":[],"product_cat":[65],"product_tag":[],"class_list":{"0":"post-1044","1":"product","2":"type-product","3":"status-publish","4":"has-post-thumbnail","6":"product_cat-specialty-needles","7":"desktop-align-left","8":"tablet-align-left","9":"mobile-align-left","11":"first","12":"instock","13":"shipping-taxable","14":"product-type-simple"},"acf":[],"yoast_head":"<!-- This site is optimized with the Yoast SEO plugin v27.4 - https:\/\/yoast.com\/product\/yoast-seo-wordpress\/ -->\n<title>Biopsy Needle 10G-22G, 3.4mm-0.7mm<\/title>\n<meta name=\"description\" content=\"Biopsy Needle:1. It has fine workmanship. When it penetrates the skin, the blade is firm and sharp. 2. Clear tick mark and controllable puncture depth.\" \/>\n<meta name=\"robots\" content=\"index, follow, max-snippet:-1, max-image-preview:large, max-video-preview:-1\" \/>\n<link rel=\"canonical\" href=\"https:\/\/topkeymedical.com\/tr\/urun\/biyopsi-ignesi\/\" \/>\n<meta property=\"og:locale\" content=\"tr_TR\" \/>\n<meta property=\"og:type\" content=\"article\" \/>\n<meta property=\"og:title\" content=\"Biopsy Needle 10G-22G, 3.4mm-0.7mm\" \/>\n<meta property=\"og:description\" content=\"Biopsy Needle:1. It has fine workmanship. When it penetrates the skin, the blade is firm and sharp. 2. Clear tick mark and controllable puncture depth.\" \/>\n<meta property=\"og:url\" content=\"https:\/\/topkeymedical.com\/tr\/urun\/biyopsi-ignesi\/\" \/>\n<meta property=\"og:site_name\" content=\"TOPKEY\u2013 Precision in Every Detail, Guardian of Life and Health\" \/>\n<meta property=\"article:publisher\" content=\"https:\/\/www.facebook.com\/profile.php?id=100088897294997\" \/>\n<meta property=\"article:modified_time\" content=\"2025-11-19T14:49:06+00:00\" \/>\n<meta property=\"og:image\" content=\"https:\/\/topkeymedical.com\/wp-content\/uploads\/2025\/07\/Specialty-Needles-Biopsy-Needle.webp\" \/>\n\t<meta property=\"og:image:width\" content=\"1000\" \/>\n\t<meta property=\"og:image:height\" content=\"1000\" \/>\n\t<meta property=\"og:image:type\" content=\"image\/webp\" \/>\n<meta name=\"twitter:card\" content=\"summary_large_image\" \/>\n<meta name=\"twitter:label1\" content=\"Tahmini okuma s\u00fcresi\" \/>\n\t<meta name=\"twitter:data1\" content=\"2 dakika\" \/>\n<script type=\"application\/ld+json\" class=\"yoast-schema-graph\">{\"@context\":\"https:\\\/\\\/schema.org\",\"@graph\":[{\"@type\":\"WebPage\",\"@id\":\"https:\\\/\\\/topkeymedical.com\\\/product\\\/biopsy-needle\\\/\",\"url\":\"https:\\\/\\\/topkeymedical.com\\\/product\\\/biopsy-needle\\\/\",\"name\":\"Biopsy Needle 10G-22G, 3.4mm-0.7mm\",\"isPartOf\":{\"@id\":\"https:\\\/\\\/topkeymedical.com\\\/#website\"},\"primaryImageOfPage\":{\"@id\":\"https:\\\/\\\/topkeymedical.com\\\/product\\\/biopsy-needle\\\/#primaryimage\"},\"image\":{\"@id\":\"https:\\\/\\\/topkeymedical.com\\\/product\\\/biopsy-needle\\\/#primaryimage\"},\"thumbnailUrl\":\"https:\\\/\\\/topkeymedical.com\\\/wp-content\\\/uploads\\\/2025\\\/07\\\/Specialty-Needles-Biopsy-Needle.webp\",\"datePublished\":\"2025-07-11T14:25:57+00:00\",\"dateModified\":\"2025-11-19T14:49:06+00:00\",\"description\":\"Biopsy Needle:1. It has fine workmanship. When it penetrates the skin, the blade is firm and sharp. 2. Clear tick mark and controllable puncture depth.\",\"breadcrumb\":{\"@id\":\"https:\\\/\\\/topkeymedical.com\\\/product\\\/biopsy-needle\\\/#breadcrumb\"},\"inLanguage\":\"tr\",\"potentialAction\":[{\"@type\":\"ReadAction\",\"target\":[\"https:\\\/\\\/topkeymedical.com\\\/product\\\/biopsy-needle\\\/\"]}]},{\"@type\":\"ImageObject\",\"inLanguage\":\"tr\",\"@id\":\"https:\\\/\\\/topkeymedical.com\\\/product\\\/biopsy-needle\\\/#primaryimage\",\"url\":\"https:\\\/\\\/topkeymedical.com\\\/wp-content\\\/uploads\\\/2025\\\/07\\\/Specialty-Needles-Biopsy-Needle.webp\",\"contentUrl\":\"https:\\\/\\\/topkeymedical.com\\\/wp-content\\\/uploads\\\/2025\\\/07\\\/Specialty-Needles-Biopsy-Needle.webp\",\"width\":1000,\"height\":1000,\"caption\":\"Biopsy Needle\"},{\"@type\":\"BreadcrumbList\",\"@id\":\"https:\\\/\\\/topkeymedical.com\\\/product\\\/biopsy-needle\\\/#breadcrumb\",\"itemListElement\":[{\"@type\":\"ListItem\",\"position\":1,\"name\":\"Home\",\"item\":\"https:\\\/\\\/topkeymedical.com\\\/\"},{\"@type\":\"ListItem\",\"position\":2,\"name\":\"Products\",\"item\":\"https:\\\/\\\/topkeymedical.com\\\/shop\\\/\"},{\"@type\":\"ListItem\",\"position\":3,\"name\":\"Biopsy Needle 10G-22G, 3.4mm-0.7mm\"}]},{\"@type\":\"WebSite\",\"@id\":\"https:\\\/\\\/topkeymedical.com\\\/#website\",\"url\":\"https:\\\/\\\/topkeymedical.com\\\/\",\"name\":\"TOPKEY\u2013 Precision in Every Detail, Guardian of Life and Health\",\"description\":\"\",\"publisher\":{\"@id\":\"https:\\\/\\\/topkeymedical.com\\\/#organization\"},\"potentialAction\":[{\"@type\":\"SearchAction\",\"target\":{\"@type\":\"EntryPoint\",\"urlTemplate\":\"https:\\\/\\\/topkeymedical.com\\\/?s={search_term_string}\"},\"query-input\":{\"@type\":\"PropertyValueSpecification\",\"valueRequired\":true,\"valueName\":\"search_term_string\"}}],\"inLanguage\":\"tr\"},{\"@type\":\"Organization\",\"@id\":\"https:\\\/\\\/topkeymedical.com\\\/#organization\",\"name\":\"TOPKEY\u2013 Precision in Every Detail, Guardian of Life and Health\",\"url\":\"https:\\\/\\\/topkeymedical.com\\\/\",\"logo\":{\"@type\":\"ImageObject\",\"inLanguage\":\"tr\",\"@id\":\"https:\\\/\\\/topkeymedical.com\\\/#\\\/schema\\\/logo\\\/image\\\/\",\"url\":\"https:\\\/\\\/topkeymedical.com\\\/wp-content\\\/uploads\\\/2025\\\/05\\\/cropped-logo.jpg\",\"contentUrl\":\"https:\\\/\\\/topkeymedical.com\\\/wp-content\\\/uploads\\\/2025\\\/05\\\/cropped-logo.jpg\",\"width\":512,\"height\":512,\"caption\":\"TOPKEY\u2013 Precision in Every Detail, Guardian of Life and Health\"},\"image\":{\"@id\":\"https:\\\/\\\/topkeymedical.com\\\/#\\\/schema\\\/logo\\\/image\\\/\"},\"sameAs\":[\"https:\\\/\\\/www.facebook.com\\\/profile.php?id=100088897294997\",\"https:\\\/\\\/www.youtube.com\\\/@TopkeyMedical-Alice888\",\"https:\\\/\\\/www.linkedin.com\\\/in\\\/alice-hu-bb66a01b3\\\/\"]}]}<\/script>\n<!-- \/ Yoast SEO plugin. -->","yoast_head_json":{"title":"Biyopsi \u0130\u011fnesi 10G-22G, 3.4mm-0.7mm","description":"Biyopsi \u0130\u011fnesi: 1. \u0130nce i\u015f\u00e7ili\u011fe sahiptir. Deriye n\u00fcfuz etti\u011finde b\u0131\u00e7ak sa\u011flam ve keskindir. 2. Net kene i\u015fareti ve kontrol edilebilir delinme derinli\u011fi.","robots":{"index":"index","follow":"follow","max-snippet":"max-snippet:-1","max-image-preview":"max-image-preview:large","max-video-preview":"max-video-preview:-1"},"canonical":"https:\/\/topkeymedical.com\/tr\/urun\/biyopsi-ignesi\/","og_locale":"tr_TR","og_type":"article","og_title":"Biopsy Needle 10G-22G, 3.4mm-0.7mm","og_description":"Biopsy Needle:1. It has fine workmanship. When it penetrates the skin, the blade is firm and sharp. 2. Clear tick mark and controllable puncture depth.","og_url":"https:\/\/topkeymedical.com\/tr\/urun\/biyopsi-ignesi\/","og_site_name":"TOPKEY\u2013 Precision in Every Detail, Guardian of Life and Health","article_publisher":"https:\/\/www.facebook.com\/profile.php?id=100088897294997","article_modified_time":"2025-11-19T14:49:06+00:00","og_image":[{"width":1000,"height":1000,"url":"https:\/\/topkeymedical.com\/wp-content\/uploads\/2025\/07\/Specialty-Needles-Biopsy-Needle.webp","type":"image\/webp"}],"twitter_card":"summary_large_image","twitter_misc":{"Tahmini okuma s\u00fcresi":"2 dakika"},"schema":{"@context":"https:\/\/schema.org","@graph":[{"@type":"WebPage","@id":"https:\/\/topkeymedical.com\/product\/biopsy-needle\/","url":"https:\/\/topkeymedical.com\/product\/biopsy-needle\/","name":"Biyopsi \u0130\u011fnesi 10G-22G, 3.4mm-0.7mm","isPartOf":{"@id":"https:\/\/topkeymedical.com\/#website"},"primaryImageOfPage":{"@id":"https:\/\/topkeymedical.com\/product\/biopsy-needle\/#primaryimage"},"image":{"@id":"https:\/\/topkeymedical.com\/product\/biopsy-needle\/#primaryimage"},"thumbnailUrl":"https:\/\/topkeymedical.com\/wp-content\/uploads\/2025\/07\/Specialty-Needles-Biopsy-Needle.webp","datePublished":"2025-07-11T14:25:57+00:00","dateModified":"2025-11-19T14:49:06+00:00","description":"Biyopsi \u0130\u011fnesi: 1. \u0130nce i\u015f\u00e7ili\u011fe sahiptir. Deriye n\u00fcfuz etti\u011finde b\u0131\u00e7ak sa\u011flam ve keskindir. 2. Net kene i\u015fareti ve kontrol edilebilir delinme derinli\u011fi.","breadcrumb":{"@id":"https:\/\/topkeymedical.com\/product\/biopsy-needle\/#breadcrumb"},"inLanguage":"tr","potentialAction":[{"@type":"ReadAction","target":["https:\/\/topkeymedical.com\/product\/biopsy-needle\/"]}]},{"@type":"ImageObject","inLanguage":"tr","@id":"https:\/\/topkeymedical.com\/product\/biopsy-needle\/#primaryimage","url":"https:\/\/topkeymedical.com\/wp-content\/uploads\/2025\/07\/Specialty-Needles-Biopsy-Needle.webp","contentUrl":"https:\/\/topkeymedical.com\/wp-content\/uploads\/2025\/07\/Specialty-Needles-Biopsy-Needle.webp","width":1000,"height":1000,"caption":"Biopsy Needle"},{"@type":"BreadcrumbList","@id":"https:\/\/topkeymedical.com\/product\/biopsy-needle\/#breadcrumb","itemListElement":[{"@type":"ListItem","position":1,"name":"Home","item":"https:\/\/topkeymedical.com\/"},{"@type":"ListItem","position":2,"name":"Products","item":"https:\/\/topkeymedical.com\/shop\/"},{"@type":"ListItem","position":3,"name":"Biopsy Needle 10G-22G, 3.4mm-0.7mm"}]},{"@type":"WebSite","@id":"https:\/\/topkeymedical.com\/#website","url":"https:\/\/topkeymedical.com\/","name":"TOPKEY- Her Ayr\u0131nt\u0131da Hassasiyet, Ya\u015fam ve Sa\u011fl\u0131\u011f\u0131n Koruyucusu","description":"","publisher":{"@id":"https:\/\/topkeymedical.com\/#organization"},"potentialAction":[{"@type":"SearchAction","target":{"@type":"EntryPoint","urlTemplate":"https:\/\/topkeymedical.com\/?s={search_term_string}"},"query-input":{"@type":"PropertyValueSpecification","valueRequired":true,"valueName":"search_term_string"}}],"inLanguage":"tr"},{"@type":"Organization","@id":"https:\/\/topkeymedical.com\/#organization","name":"TOPKEY- Her Ayr\u0131nt\u0131da Hassasiyet, Ya\u015fam ve Sa\u011fl\u0131\u011f\u0131n Koruyucusu","url":"https:\/\/topkeymedical.com\/","logo":{"@type":"ImageObject","inLanguage":"tr","@id":"https:\/\/topkeymedical.com\/#\/schema\/logo\/image\/","url":"https:\/\/topkeymedical.com\/wp-content\/uploads\/2025\/05\/cropped-logo.jpg","contentUrl":"https:\/\/topkeymedical.com\/wp-content\/uploads\/2025\/05\/cropped-logo.jpg","width":512,"height":512,"caption":"TOPKEY\u2013 Precision in Every Detail, Guardian of Life and Health"},"image":{"@id":"https:\/\/topkeymedical.com\/#\/schema\/logo\/image\/"},"sameAs":["https:\/\/www.facebook.com\/profile.php?id=100088897294997","https:\/\/www.youtube.com\/@TopkeyMedical-Alice888","https:\/\/www.linkedin.com\/in\/alice-hu-bb66a01b3\/"]}]}},"_links":{"self":[{"href":"https:\/\/topkeymedical.com\/tr\/wp-json\/wp\/v2\/product\/1044","targetHints":{"allow":["GET"]}}],"collection":[{"href":"https:\/\/topkeymedical.com\/tr\/wp-json\/wp\/v2\/product"}],"about":[{"href":"https:\/\/topkeymedical.com\/tr\/wp-json\/wp\/v2\/types\/product"}],"version-history":[{"count":4,"href":"https:\/\/topkeymedical.com\/tr\/wp-json\/wp\/v2\/product\/1044\/revisions"}],"predecessor-version":[{"id":1541,"href":"https:\/\/topkeymedical.com\/tr\/wp-json\/wp\/v2\/product\/1044\/revisions\/1541"}],"wp:featuredmedia":[{"embeddable":true,"href":"https:\/\/topkeymedical.com\/tr\/wp-json\/wp\/v2\/media\/1045"}],"wp:attachment":[{"href":"https:\/\/topkeymedical.com\/tr\/wp-json\/wp\/v2\/media?parent=1044"}],"wp:term":[{"taxonomy":"product_brand","embeddable":true,"href":"https:\/\/topkeymedical.com\/tr\/wp-json\/wp\/v2\/product_brand?post=1044"},{"taxonomy":"product_cat","embeddable":true,"href":"https:\/\/topkeymedical.com\/tr\/wp-json\/wp\/v2\/product_cat?post=1044"},{"taxonomy":"product_tag","embeddable":true,"href":"https:\/\/topkeymedical.com\/tr\/wp-json\/wp\/v2\/product_tag?post=1044"}],"curies":[{"name":"wp","href":"https:\/\/api.w.org\/{rel}","templated":true}]}}