{"id":1047,"date":"2025-07-11T14:45:52","date_gmt":"2025-07-11T14:45:52","guid":{"rendered":"https:\/\/topkeymedical.com\/?post_type=product&#038;p=1047"},"modified":"2025-11-20T07:32:46","modified_gmt":"2025-11-20T07:32:46","slug":"kalici-igne","status":"publish","type":"product","link":"https:\/\/topkeymedical.com\/tr\/urun\/kalici-igne\/","title":{"rendered":"Kal\u0131c\u0131 \u0130\u011fne (IV Kateter Kan\u00fcl\u00fc)"},"content":{"rendered":"<h2 data-start=\"360\" data-end=\"392\">Teknik \u00d6zellikler<\/h2>\n<div class=\"_tableContainer_1rjym_1\">\n<div class=\"_tableWrapper_1rjym_13 group flex w-fit flex-col-reverse\" tabindex=\"-1\">\n<table class=\"w-fit min-w-(--thread-content-width)\" data-start=\"394\" data-end=\"2417\">\n<thead data-start=\"394\" data-end=\"511\">\n<tr data-start=\"394\" data-end=\"511\">\n<th data-start=\"394\" data-end=\"426\" data-col-size=\"sm\"><strong data-start=\"396\" data-end=\"409\">Parametre<\/strong><\/th>\n<th data-start=\"426\" data-end=\"511\" data-col-size=\"md\"><strong data-start=\"428\" data-end=\"445\">\u015eartname<\/strong><\/th>\n<\/tr>\n<\/thead>\n<tbody data-start=\"631\" data-end=\"2417\">\n<tr data-start=\"631\" data-end=\"749\">\n<td data-start=\"631\" data-end=\"664\" data-col-size=\"sm\"><strong data-start=\"633\" data-end=\"649\">\u00dcr\u00fcn Ad\u0131<\/strong><\/td>\n<td data-start=\"664\" data-end=\"749\" data-col-size=\"md\">Kal\u0131c\u0131 \u0130\u011fne (IV Kateter Kan\u00fcl\u00fc)<\/td>\n<\/tr>\n<tr data-start=\"750\" data-end=\"869\">\n<td data-start=\"750\" data-end=\"783\" data-col-size=\"sm\"><strong data-start=\"752\" data-end=\"774\">Malzeme - Kan\u00fcl<\/strong><\/td>\n<td data-start=\"783\" data-end=\"869\" data-col-size=\"md\">PTFE \/ PU kateter t\u00fcp\u00fc ile t\u0131bbi s\u0131n\u0131f SUS304 paslanmaz \u00e7elik i\u011fne<\/td>\n<\/tr>\n<tr data-start=\"870\" data-end=\"988\">\n<td data-start=\"870\" data-end=\"903\" data-col-size=\"sm\"><strong data-start=\"872\" data-end=\"887\">G\u00f6sterge Aral\u0131\u011f\u0131<\/strong><\/td>\n<td data-start=\"903\" data-end=\"988\" data-col-size=\"md\">14G - 24G (D\u0131\u015f \u00e7ap: 2,0 mm - 0,6 mm)<\/td>\n<\/tr>\n<tr data-start=\"989\" data-end=\"1107\">\n<td data-start=\"989\" data-end=\"1022\" data-col-size=\"sm\"><strong data-start=\"991\" data-end=\"1018\">Kateter Uzunluk Se\u00e7enekleri<\/strong><\/td>\n<td data-start=\"1022\" data-end=\"1107\" data-col-size=\"md\">19 mm - 45 mm (\u00b11 mm tolerans)<\/td>\n<\/tr>\n<tr data-start=\"1108\" data-end=\"1227\">\n<td data-start=\"1108\" data-end=\"1141\" data-col-size=\"sm\"><strong data-start=\"1110\" data-end=\"1124\">U\u00e7 Tasar\u0131m\u0131<\/strong><\/td>\n<td data-start=\"1141\" data-end=\"1227\" data-col-size=\"md\">\u00dc\u00e7 e\u011fimli ultra keskin u\u00e7; daha az hasta a\u011fr\u0131s\u0131 ile p\u00fcr\u00fczs\u00fcz delme<\/td>\n<\/tr>\n<tr data-start=\"1228\" data-end=\"1346\">\n<td data-start=\"1228\" data-end=\"1261\" data-col-size=\"sm\"><strong data-start=\"1230\" data-end=\"1250\">X-ray G\u00f6r\u00fcn\u00fcrl\u00fc\u011f\u00fc<\/strong><\/td>\n<td data-start=\"1261\" data-end=\"1346\" data-col-size=\"md\">Floroskopik alg\u0131lama i\u00e7in radyoopak kateter \u015feridi<\/td>\n<\/tr>\n<tr data-start=\"1347\" data-end=\"1465\">\n<td data-start=\"1347\" data-end=\"1380\" data-col-size=\"sm\"><strong data-start=\"1349\" data-end=\"1374\">Kan Kontrol \u00d6zelli\u011fi<\/strong><\/td>\n<td data-start=\"1380\" data-end=\"1465\" data-col-size=\"md\">Ven\u00f6z eri\u015fim onay\u0131 i\u00e7in opsiyonel geri ak\u0131\u015f haznesi<\/td>\n<\/tr>\n<tr data-start=\"1466\" data-end=\"1584\">\n<td data-start=\"1466\" data-end=\"1499\" data-col-size=\"sm\"><strong data-start=\"1468\" data-end=\"1489\">Kateter Malzemesi<\/strong><\/td>\n<td data-start=\"1499\" data-end=\"1584\" data-col-size=\"md\">Biyouyumlu PTFE \/ Poli\u00fcretan, b\u00fck\u00fclmeye dayan\u0131kl\u0131, DEHP i\u00e7ermez<\/td>\n<\/tr>\n<tr data-start=\"1585\" data-end=\"1703\">\n<td data-start=\"1585\" data-end=\"1618\" data-col-size=\"sm\"><strong data-start=\"1587\" data-end=\"1601\">Hub Tasar\u0131m\u0131<\/strong><\/td>\n<td data-start=\"1618\" data-end=\"1703\" data-col-size=\"md\">Renk kodlu g\u00f6sterge g\u00f6stergeli \u015feffaf g\u00f6bek (ISO 10555-5 uyar\u0131nca)<\/td>\n<\/tr>\n<tr data-start=\"1704\" data-end=\"1822\">\n<td data-start=\"1704\" data-end=\"1737\" data-col-size=\"sm\"><strong data-start=\"1706\" data-end=\"1724\">G\u00fcvenlik Se\u00e7enekleri<\/strong><\/td>\n<td data-start=\"1737\" data-end=\"1822\" data-col-size=\"md\">G\u00fcvenlik mekanizmal\u0131 veya mekanizmas\u0131z (pasif \/ aktif i\u011fne geri \u00e7ekme)<\/td>\n<\/tr>\n<tr data-start=\"1823\" data-end=\"1941\">\n<td data-start=\"1823\" data-end=\"1856\" data-col-size=\"sm\"><strong data-start=\"1825\" data-end=\"1849\">Sterilizasyon Y\u00f6ntemi<\/strong><\/td>\n<td data-start=\"1856\" data-end=\"1941\" data-col-size=\"md\">Etilen Oksit (EO) ile sterilize edilmi\u015f<\/td>\n<\/tr>\n<tr data-start=\"1942\" data-end=\"2060\">\n<td data-start=\"1942\" data-end=\"1975\" data-col-size=\"sm\"><strong data-start=\"1944\" data-end=\"1957\">Paketleme<\/strong><\/td>\n<td data-start=\"1975\" data-end=\"2060\" data-col-size=\"md\">Tek tek steril blister ambalajlar, kutu ba\u015f\u0131na 50-100 adet<\/td>\n<\/tr>\n<tr data-start=\"2061\" data-end=\"2179\">\n<td data-start=\"2061\" data-end=\"2094\" data-col-size=\"sm\"><strong data-start=\"2063\" data-end=\"2077\">Tek Kullan\u0131ml\u0131k<\/strong><\/td>\n<td data-start=\"2094\" data-end=\"2179\" data-col-size=\"md\">Evet<\/td>\n<\/tr>\n<tr data-start=\"2180\" data-end=\"2298\">\n<td data-start=\"2180\" data-end=\"2213\" data-col-size=\"sm\"><strong data-start=\"2182\" data-end=\"2200\">Sertifikalar<\/strong><\/td>\n<td data-start=\"2213\" data-end=\"2298\" data-col-size=\"md\">ISO 13485, CE i\u015fareti, FDA onay\u0131 (b\u00f6lgeye ba\u011fl\u0131)<\/td>\n<\/tr>\n<tr data-start=\"2299\" data-end=\"2417\">\n<td data-start=\"2299\" data-end=\"2332\" data-col-size=\"sm\"><strong data-start=\"2301\" data-end=\"2315\">Raf \u00d6mr\u00fc<\/strong><\/td>\n<td data-start=\"2332\" data-end=\"2417\" data-col-size=\"md\">\u00d6nerilen saklama ko\u015fullar\u0131 alt\u0131nda 3-5 y\u0131l<\/td>\n<\/tr>\n<\/tbody>\n<\/table>\n<\/div>\n<\/div>\n<hr data-start=\"2419\" data-end=\"2422\" \/>\n<p>Kal\u0131c\u0131 \u0130\u011fne (IV Kateter Kan\u00fcl\u00fc): S\u00fcrekli Tedavi Sunumu i\u00e7in Geli\u015fmi\u015f Vask\u00fcler Eri\u015fim.<\/p>\n<h2>Kal\u0131c\u0131 \u0130\u011fne Klinik Ama\u00e7<\/h2>\n<p>Kal\u0131c\u0131 i\u011fnelerimiz intraven\u00f6z s\u0131v\u0131 uygulamas\u0131, ila\u00e7 verme ve kan \u00f6rne\u011fi alma i\u00e7in g\u00fcvenli, uzun s\u00fcreli damar eri\u015fimi sa\u011flar. Kritik bak\u0131m, onkoloji ve pediatrik ortamlarda tekrarlanan ponksiyonlar\u0131 en aza indiren bu i\u011fneler, 96 saate kadar kal\u0131c\u0131 olacak \u015fekilde tasarlanm\u0131\u015ft\u0131r.<\/p>\n<h2>\u00dcr\u00fcn \u00d6zellikleri:<\/h2>\n<p>1. \u00dcr\u00fcn tipi: Y tipi, d\u00fcz tip, emniyet tipi, geri \u00e7ekme tipi, girinti.<br \/>\n2. \u00d6zellikler: 10G-28G<br \/>\n3.OD: 3.4mm-0.36mm<\/p>\n<h2>Temel Avantajlar<\/h2>\n<h3>Hassas Delme Teknolojisi<\/h3>\n<p>- Lazerle bilenmi\u015f \u00fc\u00e7 e\u011fimli u\u00e7 (14\u00b0 ta\u015flama a\u00e7\u0131s\u0131), standart i\u011fnelere k\u0131yasla 30% daha az yerle\u015ftirme kuvveti ile p\u00fcr\u00fczs\u00fcz doku penetrasyonu sa\u011flar.<br \/>\n- Ultra keskin kesici kenar damar travmas\u0131n\u0131 ve hasta rahats\u0131zl\u0131\u011f\u0131n\u0131 azalt\u0131r (VAS a\u011fr\u0131 skorlar\u0131 \u22642\/10 ile do\u011frulanm\u0131\u015ft\u0131r).<\/p>\n<h3>Geli\u015fmi\u015f G\u00fcvenlik ve G\u00f6r\u00fcn\u00fcrl\u00fck<\/h3>\n<p>- Floroskopi alt\u0131nda pozisyon teyidi i\u00e7in radyoopak X-\u0131\u015f\u0131n\u0131 ile tespit edilebilir kanatlar ve kateter hatt\u0131.<br \/>\n- G\u00fcvenlik m\u00fchendisli\u011fi yap\u0131lm\u0131\u015f versiyonlar:<br \/>\n- Geri \u00e7ekildi\u011finde otomatik i\u011fne geri \u00e7ekme (geri \u00e7ekme tipi)<br \/>\n- K\u00fcnt kan\u00fcl aktivasyonu (g\u00fcvenlik tipi)<br \/>\n- Tek elle etkinle\u015ftirme (OSHA uyumlu)<\/p>\n<h3>Malzeme \u0130novasyonu<\/h3>\n<p>- Kan\u00fcl: \u0130\u00e7 k\u0131sm\u0131 elektropolisajl\u0131 t\u0131bbi s\u0131n\u0131f 316L paslanmaz \u00e7elik (OD: 0,36-3,4 mm)<br \/>\n- Kateter: <a href=\"https:\/\/www.kmedhealth.com\/dehp-vs-non-dehp-pvc\/\" target=\"_blank\" rel=\"noopener\">DEHP<\/a>-i\u00e7ermeyen poli\u00fcretan (ince duvar tasar\u0131m\u0131 300 mL\/dk'ya kadar ak\u0131\u015f h\u0131zlar\u0131n\u0131 korur)<br \/>\n- G\u00f6bek: Luer-Lock ile CT\/MRI uyumlu polikarbonat<\/p>\n<h2>Klinik Uygulamalar<\/h2>\n<p>- S\u00fcrekli kemoterapi inf\u00fczyonu<br \/>\n- Acil s\u0131v\u0131 res\u00fcsitasyonu<br \/>\n- Uzun s\u00fcreli antibiyotik tedavisi<br \/>\n- Yenido\u011fan\/Pediatrik IV eri\u015fimi<\/p>\n<h2>Kalite Uyumlulu\u011fu<\/h2>\n<p>- Steril EO gama \u0131\u015f\u0131nlama | ISO 10555-5 | FDA 510(k) K230755<br \/>\n- G\u00f6sterge tan\u0131mlamas\u0131 i\u00e7in renk kodlu g\u00f6bekler<br \/>\n- \u00d6zelle\u015ftirme: Uzatma t\u00fcp\u00fc uzunlu\u011fu (15-50cm), pasif g\u00fcvenlik klipsleri<\/p>","protected":false},"excerpt":{"rendered":"<p>Kal\u0131c\u0131 \u0130\u011fne \u00dcr\u00fcn Tan\u0131t\u0131m\u0131:<br \/>\n1. Benzersiz ta\u015flama teknolojisi, daha keskin, p\u00fcr\u00fczs\u00fcz delme ve daha az a\u011fr\u0131.<\/p>\n<p>2. X-\u0131\u015f\u0131n\u0131 ile geli\u015ftirilebilir.<\/p>","protected":false},"featured_media":1048,"template":"","meta":{"_acf_changed":false,"site-sidebar-layout":"default","site-content-layout":"","ast-site-content-layout":"default","site-content-style":"default","site-sidebar-style":"default","ast-global-header-display":"","ast-banner-title-visibility":"","ast-main-header-display":"","ast-hfb-above-header-display":"","ast-hfb-below-header-display":"","ast-hfb-mobile-header-display":"","site-post-title":"","ast-breadcrumbs-content":"","ast-featured-img":"","footer-sml-layout":"","ast-disable-related-posts":"","theme-transparent-header-meta":"default","adv-header-id-meta":"","stick-header-meta":"","header-above-stick-meta":"","header-main-stick-meta":"","header-below-stick-meta":"","astra-migrate-meta-layouts":"set","ast-page-background-enabled":"default","ast-page-background-meta":{"desktop":{"background-color":"var(--ast-global-color-5)","background-image":"","background-repeat":"repeat","background-position":"center center","background-size":"auto","background-attachment":"scroll","background-type":"","background-media":"","overlay-type":"","overlay-color":"","overlay-opacity":"","overlay-gradient":""},"tablet":{"background-color":"","background-image":"","background-repeat":"repeat","background-position":"center center","background-size":"auto","background-attachment":"scroll","background-type":"","background-media":"","overlay-type":"","overlay-color":"","overlay-opacity":"","overlay-gradient":""},"mobile":{"background-color":"","background-image":"","background-repeat":"repeat","background-position":"center center","background-size":"auto","background-attachment":"scroll","background-type":"","background-media":"","overlay-type":"","overlay-color":"","overlay-opacity":"","overlay-gradient":""}},"ast-content-background-meta":{"desktop":{"background-color":"var(--ast-global-color-4)","background-image":"","background-repeat":"repeat","background-position":"center center","background-size":"auto","background-attachment":"scroll","background-type":"","background-media":"","overlay-type":"","overlay-color":"","overlay-opacity":"","overlay-gradient":""},"tablet":{"background-color":"var(--ast-global-color-4)","background-image":"","background-repeat":"repeat","background-position":"center center","background-size":"auto","background-attachment":"scroll","background-type":"","background-media":"","overlay-type":"","overlay-color":"","overlay-opacity":"","overlay-gradient":""},"mobile":{"background-color":"var(--ast-global-color-4)","background-image":"","background-repeat":"repeat","background-position":"center center","background-size":"auto","background-attachment":"scroll","background-type":"","background-media":"","overlay-type":"","overlay-color":"","overlay-opacity":"","overlay-gradient":""}}},"product_brand":[],"product_cat":[65],"product_tag":[],"class_list":{"0":"post-1047","1":"product","2":"type-product","3":"status-publish","4":"has-post-thumbnail","6":"product_cat-specialty-needles","7":"desktop-align-left","8":"tablet-align-left","9":"mobile-align-left","11":"first","12":"instock","13":"shipping-taxable","14":"product-type-simple"},"acf":[],"yoast_head":"<!-- This site is optimized with the Yoast SEO plugin v27.4 - https:\/\/yoast.com\/product\/yoast-seo-wordpress\/ -->\n<title>Indwelling Needle, IV Catheter Cannula<\/title>\n<meta name=\"description\" content=\"Indwelling Needle Product Introduction:1. Unique grinding technology, sharper, smooth puncture and less pain.2.It can be developed ender X-ray.\" \/>\n<meta name=\"robots\" content=\"index, follow, max-snippet:-1, max-image-preview:large, max-video-preview:-1\" \/>\n<link rel=\"canonical\" href=\"https:\/\/topkeymedical.com\/tr\/urun\/kalici-igne\/\" \/>\n<meta property=\"og:locale\" content=\"tr_TR\" \/>\n<meta property=\"og:type\" content=\"article\" \/>\n<meta property=\"og:title\" content=\"Indwelling Needle, IV Catheter Cannula\" \/>\n<meta property=\"og:description\" content=\"Indwelling Needle Product Introduction:1. Unique grinding technology, sharper, smooth puncture and less pain.2.It can be developed ender X-ray.\" \/>\n<meta property=\"og:url\" content=\"https:\/\/topkeymedical.com\/tr\/urun\/kalici-igne\/\" \/>\n<meta property=\"og:site_name\" content=\"TOPKEY\u2013 Precision in Every Detail, Guardian of Life and Health\" \/>\n<meta property=\"article:publisher\" content=\"https:\/\/www.facebook.com\/profile.php?id=100088897294997\" \/>\n<meta property=\"article:modified_time\" content=\"2025-11-20T07:32:46+00:00\" \/>\n<meta property=\"og:image\" content=\"https:\/\/topkeymedical.com\/wp-content\/uploads\/2025\/07\/Specialty-Needles-Indwelling-Needle.webp\" \/>\n\t<meta property=\"og:image:width\" content=\"1000\" \/>\n\t<meta property=\"og:image:height\" content=\"1000\" \/>\n\t<meta property=\"og:image:type\" content=\"image\/webp\" \/>\n<meta name=\"twitter:card\" content=\"summary_large_image\" \/>\n<meta name=\"twitter:label1\" content=\"Tahmini okuma s\u00fcresi\" \/>\n\t<meta name=\"twitter:data1\" content=\"2 dakika\" \/>\n<script type=\"application\/ld+json\" class=\"yoast-schema-graph\">{\"@context\":\"https:\\\/\\\/schema.org\",\"@graph\":[{\"@type\":\"WebPage\",\"@id\":\"https:\\\/\\\/topkeymedical.com\\\/product\\\/indwelling-needle\\\/\",\"url\":\"https:\\\/\\\/topkeymedical.com\\\/product\\\/indwelling-needle\\\/\",\"name\":\"Indwelling Needle, IV Catheter Cannula\",\"isPartOf\":{\"@id\":\"https:\\\/\\\/topkeymedical.com\\\/#website\"},\"primaryImageOfPage\":{\"@id\":\"https:\\\/\\\/topkeymedical.com\\\/product\\\/indwelling-needle\\\/#primaryimage\"},\"image\":{\"@id\":\"https:\\\/\\\/topkeymedical.com\\\/product\\\/indwelling-needle\\\/#primaryimage\"},\"thumbnailUrl\":\"https:\\\/\\\/topkeymedical.com\\\/wp-content\\\/uploads\\\/2025\\\/07\\\/Specialty-Needles-Indwelling-Needle.webp\",\"datePublished\":\"2025-07-11T14:45:52+00:00\",\"dateModified\":\"2025-11-20T07:32:46+00:00\",\"description\":\"Indwelling Needle Product Introduction:1. Unique grinding technology, sharper, smooth puncture and less pain.2.It can be developed ender X-ray.\",\"breadcrumb\":{\"@id\":\"https:\\\/\\\/topkeymedical.com\\\/product\\\/indwelling-needle\\\/#breadcrumb\"},\"inLanguage\":\"tr\",\"potentialAction\":[{\"@type\":\"ReadAction\",\"target\":[\"https:\\\/\\\/topkeymedical.com\\\/product\\\/indwelling-needle\\\/\"]}]},{\"@type\":\"ImageObject\",\"inLanguage\":\"tr\",\"@id\":\"https:\\\/\\\/topkeymedical.com\\\/product\\\/indwelling-needle\\\/#primaryimage\",\"url\":\"https:\\\/\\\/topkeymedical.com\\\/wp-content\\\/uploads\\\/2025\\\/07\\\/Specialty-Needles-Indwelling-Needle.webp\",\"contentUrl\":\"https:\\\/\\\/topkeymedical.com\\\/wp-content\\\/uploads\\\/2025\\\/07\\\/Specialty-Needles-Indwelling-Needle.webp\",\"width\":1000,\"height\":1000,\"caption\":\"Indwelling Needle (IV Catheter Cannula)\"},{\"@type\":\"BreadcrumbList\",\"@id\":\"https:\\\/\\\/topkeymedical.com\\\/product\\\/indwelling-needle\\\/#breadcrumb\",\"itemListElement\":[{\"@type\":\"ListItem\",\"position\":1,\"name\":\"Home\",\"item\":\"https:\\\/\\\/topkeymedical.com\\\/\"},{\"@type\":\"ListItem\",\"position\":2,\"name\":\"Products\",\"item\":\"https:\\\/\\\/topkeymedical.com\\\/shop\\\/\"},{\"@type\":\"ListItem\",\"position\":3,\"name\":\"Indwelling Needle (IV Catheter Cannula)\"}]},{\"@type\":\"WebSite\",\"@id\":\"https:\\\/\\\/topkeymedical.com\\\/#website\",\"url\":\"https:\\\/\\\/topkeymedical.com\\\/\",\"name\":\"TOPKEY\u2013 Precision in Every Detail, Guardian of Life and Health\",\"description\":\"\",\"publisher\":{\"@id\":\"https:\\\/\\\/topkeymedical.com\\\/#organization\"},\"potentialAction\":[{\"@type\":\"SearchAction\",\"target\":{\"@type\":\"EntryPoint\",\"urlTemplate\":\"https:\\\/\\\/topkeymedical.com\\\/?s={search_term_string}\"},\"query-input\":{\"@type\":\"PropertyValueSpecification\",\"valueRequired\":true,\"valueName\":\"search_term_string\"}}],\"inLanguage\":\"tr\"},{\"@type\":\"Organization\",\"@id\":\"https:\\\/\\\/topkeymedical.com\\\/#organization\",\"name\":\"TOPKEY\u2013 Precision in Every Detail, Guardian of Life and Health\",\"url\":\"https:\\\/\\\/topkeymedical.com\\\/\",\"logo\":{\"@type\":\"ImageObject\",\"inLanguage\":\"tr\",\"@id\":\"https:\\\/\\\/topkeymedical.com\\\/#\\\/schema\\\/logo\\\/image\\\/\",\"url\":\"https:\\\/\\\/topkeymedical.com\\\/wp-content\\\/uploads\\\/2025\\\/05\\\/cropped-logo.jpg\",\"contentUrl\":\"https:\\\/\\\/topkeymedical.com\\\/wp-content\\\/uploads\\\/2025\\\/05\\\/cropped-logo.jpg\",\"width\":512,\"height\":512,\"caption\":\"TOPKEY\u2013 Precision in Every Detail, Guardian of Life and Health\"},\"image\":{\"@id\":\"https:\\\/\\\/topkeymedical.com\\\/#\\\/schema\\\/logo\\\/image\\\/\"},\"sameAs\":[\"https:\\\/\\\/www.facebook.com\\\/profile.php?id=100088897294997\",\"https:\\\/\\\/www.youtube.com\\\/@TopkeyMedical-Alice888\",\"https:\\\/\\\/www.linkedin.com\\\/in\\\/alice-hu-bb66a01b3\\\/\"]}]}<\/script>\n<!-- \/ Yoast SEO plugin. -->","yoast_head_json":{"title":"Kal\u0131c\u0131 \u0130\u011fne, IV Kateter Kan\u00fcl\u00fc","description":"Kal\u0131c\u0131 \u0130\u011fne \u00dcr\u00fcn Tan\u0131t\u0131m\u0131: 1. Benzersiz ta\u015flama teknolojisi, daha keskin, p\u00fcr\u00fczs\u00fcz delinme ve daha az a\u011fr\u0131. 2. Sonland\u0131r\u0131c\u0131 X-\u0131\u015f\u0131n\u0131 geli\u015ftirilebilir.","robots":{"index":"index","follow":"follow","max-snippet":"max-snippet:-1","max-image-preview":"max-image-preview:large","max-video-preview":"max-video-preview:-1"},"canonical":"https:\/\/topkeymedical.com\/tr\/urun\/kalici-igne\/","og_locale":"tr_TR","og_type":"article","og_title":"Indwelling Needle, IV Catheter Cannula","og_description":"Indwelling Needle Product Introduction:1. Unique grinding technology, sharper, smooth puncture and less pain.2.It can be developed ender X-ray.","og_url":"https:\/\/topkeymedical.com\/tr\/urun\/kalici-igne\/","og_site_name":"TOPKEY\u2013 Precision in Every Detail, Guardian of Life and Health","article_publisher":"https:\/\/www.facebook.com\/profile.php?id=100088897294997","article_modified_time":"2025-11-20T07:32:46+00:00","og_image":[{"width":1000,"height":1000,"url":"https:\/\/topkeymedical.com\/wp-content\/uploads\/2025\/07\/Specialty-Needles-Indwelling-Needle.webp","type":"image\/webp"}],"twitter_card":"summary_large_image","twitter_misc":{"Tahmini okuma s\u00fcresi":"2 dakika"},"schema":{"@context":"https:\/\/schema.org","@graph":[{"@type":"WebPage","@id":"https:\/\/topkeymedical.com\/product\/indwelling-needle\/","url":"https:\/\/topkeymedical.com\/product\/indwelling-needle\/","name":"Kal\u0131c\u0131 \u0130\u011fne, IV Kateter Kan\u00fcl\u00fc","isPartOf":{"@id":"https:\/\/topkeymedical.com\/#website"},"primaryImageOfPage":{"@id":"https:\/\/topkeymedical.com\/product\/indwelling-needle\/#primaryimage"},"image":{"@id":"https:\/\/topkeymedical.com\/product\/indwelling-needle\/#primaryimage"},"thumbnailUrl":"https:\/\/topkeymedical.com\/wp-content\/uploads\/2025\/07\/Specialty-Needles-Indwelling-Needle.webp","datePublished":"2025-07-11T14:45:52+00:00","dateModified":"2025-11-20T07:32:46+00:00","description":"Kal\u0131c\u0131 \u0130\u011fne \u00dcr\u00fcn Tan\u0131t\u0131m\u0131: 1. Benzersiz ta\u015flama teknolojisi, daha keskin, p\u00fcr\u00fczs\u00fcz delinme ve daha az a\u011fr\u0131. 2. Sonland\u0131r\u0131c\u0131 X-\u0131\u015f\u0131n\u0131 geli\u015ftirilebilir.","breadcrumb":{"@id":"https:\/\/topkeymedical.com\/product\/indwelling-needle\/#breadcrumb"},"inLanguage":"tr","potentialAction":[{"@type":"ReadAction","target":["https:\/\/topkeymedical.com\/product\/indwelling-needle\/"]}]},{"@type":"ImageObject","inLanguage":"tr","@id":"https:\/\/topkeymedical.com\/product\/indwelling-needle\/#primaryimage","url":"https:\/\/topkeymedical.com\/wp-content\/uploads\/2025\/07\/Specialty-Needles-Indwelling-Needle.webp","contentUrl":"https:\/\/topkeymedical.com\/wp-content\/uploads\/2025\/07\/Specialty-Needles-Indwelling-Needle.webp","width":1000,"height":1000,"caption":"Indwelling Needle (IV Catheter Cannula)"},{"@type":"BreadcrumbList","@id":"https:\/\/topkeymedical.com\/product\/indwelling-needle\/#breadcrumb","itemListElement":[{"@type":"ListItem","position":1,"name":"Home","item":"https:\/\/topkeymedical.com\/"},{"@type":"ListItem","position":2,"name":"Products","item":"https:\/\/topkeymedical.com\/shop\/"},{"@type":"ListItem","position":3,"name":"Indwelling Needle (IV Catheter Cannula)"}]},{"@type":"WebSite","@id":"https:\/\/topkeymedical.com\/#website","url":"https:\/\/topkeymedical.com\/","name":"TOPKEY- Her Ayr\u0131nt\u0131da Hassasiyet, Ya\u015fam ve Sa\u011fl\u0131\u011f\u0131n Koruyucusu","description":"","publisher":{"@id":"https:\/\/topkeymedical.com\/#organization"},"potentialAction":[{"@type":"SearchAction","target":{"@type":"EntryPoint","urlTemplate":"https:\/\/topkeymedical.com\/?s={search_term_string}"},"query-input":{"@type":"PropertyValueSpecification","valueRequired":true,"valueName":"search_term_string"}}],"inLanguage":"tr"},{"@type":"Organization","@id":"https:\/\/topkeymedical.com\/#organization","name":"TOPKEY- Her Ayr\u0131nt\u0131da Hassasiyet, Ya\u015fam ve Sa\u011fl\u0131\u011f\u0131n Koruyucusu","url":"https:\/\/topkeymedical.com\/","logo":{"@type":"ImageObject","inLanguage":"tr","@id":"https:\/\/topkeymedical.com\/#\/schema\/logo\/image\/","url":"https:\/\/topkeymedical.com\/wp-content\/uploads\/2025\/05\/cropped-logo.jpg","contentUrl":"https:\/\/topkeymedical.com\/wp-content\/uploads\/2025\/05\/cropped-logo.jpg","width":512,"height":512,"caption":"TOPKEY\u2013 Precision in Every Detail, Guardian of Life and Health"},"image":{"@id":"https:\/\/topkeymedical.com\/#\/schema\/logo\/image\/"},"sameAs":["https:\/\/www.facebook.com\/profile.php?id=100088897294997","https:\/\/www.youtube.com\/@TopkeyMedical-Alice888","https:\/\/www.linkedin.com\/in\/alice-hu-bb66a01b3\/"]}]}},"_links":{"self":[{"href":"https:\/\/topkeymedical.com\/tr\/wp-json\/wp\/v2\/product\/1047","targetHints":{"allow":["GET"]}}],"collection":[{"href":"https:\/\/topkeymedical.com\/tr\/wp-json\/wp\/v2\/product"}],"about":[{"href":"https:\/\/topkeymedical.com\/tr\/wp-json\/wp\/v2\/types\/product"}],"version-history":[{"count":4,"href":"https:\/\/topkeymedical.com\/tr\/wp-json\/wp\/v2\/product\/1047\/revisions"}],"predecessor-version":[{"id":1545,"href":"https:\/\/topkeymedical.com\/tr\/wp-json\/wp\/v2\/product\/1047\/revisions\/1545"}],"wp:featuredmedia":[{"embeddable":true,"href":"https:\/\/topkeymedical.com\/tr\/wp-json\/wp\/v2\/media\/1048"}],"wp:attachment":[{"href":"https:\/\/topkeymedical.com\/tr\/wp-json\/wp\/v2\/media?parent=1047"}],"wp:term":[{"taxonomy":"product_brand","embeddable":true,"href":"https:\/\/topkeymedical.com\/tr\/wp-json\/wp\/v2\/product_brand?post=1047"},{"taxonomy":"product_cat","embeddable":true,"href":"https:\/\/topkeymedical.com\/tr\/wp-json\/wp\/v2\/product_cat?post=1047"},{"taxonomy":"product_tag","embeddable":true,"href":"https:\/\/topkeymedical.com\/tr\/wp-json\/wp\/v2\/product_tag?post=1047"}],"curies":[{"name":"wp","href":"https:\/\/api.w.org\/{rel}","templated":true}]}}