{"id":1054,"date":"2025-07-11T15:39:17","date_gmt":"2025-07-11T15:39:17","guid":{"rendered":"https:\/\/topkeymedical.com\/?post_type=product&#038;p=1054"},"modified":"2025-11-19T14:28:21","modified_gmt":"2025-11-19T14:28:21","slug":"fistul-ignesi-15-16-17g","status":"publish","type":"product","link":"https:\/\/topkeymedical.com\/tr\/urun\/fistul-ignesi-15-16-17g\/","title":{"rendered":"Fist\u00fcl \u0130\u011fnesi 15\/16\/17G"},"content":{"rendered":"<p>Fist\u00fcl \u0130\u011fnesi: Optimize Edilmi\u015f Hemodiyaliz i\u00e7in Hassas Vask\u00fcler Eri\u015fim<\/p>\n<h2>Fist\u00fcl \u0130\u011fnesi Klinik Ama\u00e7<\/h2>\n<p>B\u00f6brek hastalar\u0131nda g\u00fcvenilir ve konforlu vask\u00fcler eri\u015fim i\u00e7in tasarlanan fist\u00fcl i\u011fnelerimiz, arteriyoven\u00f6z (AV) fist\u00fcller ve greftler yoluyla y\u00fcksek ak\u0131\u015fl\u0131 hemodiyaliz sa\u011flar. \u00d6zel tasar\u0131m, etkili toksin klirensi i\u00e7in gerekli kan ak\u0131\u015f h\u0131zlar\u0131n\u0131 en \u00fcst d\u00fczeye \u00e7\u0131kar\u0131rken resirk\u00fclasyonu en aza indirir.<\/p>\n<h2>Temel Avantajlar<\/h2>\n<p><strong>A\u011fr\u0131s\u0131 Azalt\u0131lm\u0131\u015f Ponksiyon <\/strong><br \/>\n- Lazerle bilenmi\u015f 12\u00b0 e\u011fimli u\u00e7, standart i\u011fnelere k\u0131yasla 35% daha az yerle\u015ftirme kuvveti gerektirir<br \/>\n- Hidrodinamik parlatma ile mikro p\u00fcr\u00fczs\u00fcz i\u00e7 l\u00fcmen trombosit yap\u0131\u015fmas\u0131n\u0131 \u00f6nler<\/p>\n<p><strong>Geli\u015ftirilmi\u015f Ak\u0131\u015f Verimlili\u011fi <\/strong><br \/>\n- Patentli yan delik konfig\u00fcrasyonu (3+1 asimetrik tasar\u0131m) etkin ak\u0131\u015f alan\u0131n\u0131 28% art\u0131r\u0131r<br \/>\n- T\u00fcrb\u00fclans\u0131 azaltan geometri, 450 mL\/dk'ya kadar laminer ak\u0131\u015f\u0131 korur<\/p>\n<p><strong>G\u00fcvenli Kan\u00fclasyon <\/strong><br \/>\n- H\u0131zl\u0131 g\u00f6sterge tan\u0131mlamas\u0131 i\u00e7in renk kodlu kanatlar<br \/>\n- Ters \u00e7ubuklar hortumu sabitlerken tedavi sonras\u0131 i\u011fnenin sorunsuz \u00e7ekilmesini sa\u011flar<\/p>\n<p><strong>\u0130leri Malzeme M\u00fchendisli\u011fi <\/strong><br \/>\n- Kan\u00fcl: T\u0131bbi s\u0131n\u0131f <a href=\"https:\/\/www.alloywire.ch\/products\/stainless-steel-316lvm\/\" target=\"_blank\" rel=\"noopener\">316LVM<\/a> paslanmaz \u00e7elik (Ra \u22640,2\u03bcm y\u00fczey p\u00fcr\u00fczl\u00fcl\u00fc\u011f\u00fc)<br \/>\n- G\u00f6bek: Entegre geri tepme hazneli \u015feffaf polis\u00fclfon<br \/>\n- Kanatlar: G\u00fcvenli tutu\u015f i\u00e7in dokulu kavrama \u00f6zelli\u011fine sahip lateks i\u00e7ermeyen TPE<\/p>\n<h2>Klinik Uygulamalar<\/h2>\n<p>- AV fist\u00fcller\/greftler arac\u0131l\u0131\u011f\u0131yla idame hemodiyaliz<br \/>\n- Akut renal replasman tedavisi<br \/>\n- Plazmaferez prosed\u00fcrleri<br \/>\n- Pediatrik diyaliz (17G varyant\u0131)<\/p>\n<h2>Kalite ve G\u00fcvenlik Uyumlulu\u011fu<\/h2>\n<p>- Gama sterilizasyonu | ISO 13926 | FDA 510(k) K230918 | CE MDR S\u0131n\u0131f IIb<br \/>\n- Pirojenik olmayan | Tek kullan\u0131ml\u0131k blister ambalaj<br \/>\n- G\u00fcvenlik se\u00e7enekleri: Kendinden s\u0131zd\u0131rmaz kanatlar | \u0130\u011fne korumalar\u0131<\/p>","protected":false},"excerpt":{"rendered":"<p>Fist\u00fcl \u0130\u011fnesi Giri\u015f: Keskin i\u011fne tasar\u0131m\u0131, keskin bir i\u011fne ucuna, d\u00fc\u015f\u00fck delme kuvvetine, a\u011fr\u0131y\u0131 azalt\u0131r ve ak\u0131\u015f\u0131 etkili bir \u015fekilde art\u0131ran p\u00fcr\u00fczs\u00fcz bir yan delik i\u015flemine sahiptir: Boyut: 15\/16\/17G OD: 1.83\/1.65\/1.47MM.<\/p>","protected":false},"featured_media":1055,"template":"","meta":{"_acf_changed":false,"site-sidebar-layout":"default","site-content-layout":"","ast-site-content-layout":"default","site-content-style":"default","site-sidebar-style":"default","ast-global-header-display":"","ast-banner-title-visibility":"","ast-main-header-display":"","ast-hfb-above-header-display":"","ast-hfb-below-header-display":"","ast-hfb-mobile-header-display":"","site-post-title":"","ast-breadcrumbs-content":"","ast-featured-img":"","footer-sml-layout":"","ast-disable-related-posts":"","theme-transparent-header-meta":"default","adv-header-id-meta":"","stick-header-meta":"","header-above-stick-meta":"","header-main-stick-meta":"","header-below-stick-meta":"","astra-migrate-meta-layouts":"set","ast-page-background-enabled":"default","ast-page-background-meta":{"desktop":{"background-color":"var(--ast-global-color-5)","background-image":"","background-repeat":"repeat","background-position":"center center","background-size":"auto","background-attachment":"scroll","background-type":"","background-media":"","overlay-type":"","overlay-color":"","overlay-opacity":"","overlay-gradient":""},"tablet":{"background-color":"","background-image":"","background-repeat":"repeat","background-position":"center center","background-size":"auto","background-attachment":"scroll","background-type":"","background-media":"","overlay-type":"","overlay-color":"","overlay-opacity":"","overlay-gradient":""},"mobile":{"background-color":"","background-image":"","background-repeat":"repeat","background-position":"center center","background-size":"auto","background-attachment":"scroll","background-type":"","background-media":"","overlay-type":"","overlay-color":"","overlay-opacity":"","overlay-gradient":""}},"ast-content-background-meta":{"desktop":{"background-color":"var(--ast-global-color-4)","background-image":"","background-repeat":"repeat","background-position":"center center","background-size":"auto","background-attachment":"scroll","background-type":"","background-media":"","overlay-type":"","overlay-color":"","overlay-opacity":"","overlay-gradient":""},"tablet":{"background-color":"var(--ast-global-color-4)","background-image":"","background-repeat":"repeat","background-position":"center center","background-size":"auto","background-attachment":"scroll","background-type":"","background-media":"","overlay-type":"","overlay-color":"","overlay-opacity":"","overlay-gradient":""},"mobile":{"background-color":"var(--ast-global-color-4)","background-image":"","background-repeat":"repeat","background-position":"center center","background-size":"auto","background-attachment":"scroll","background-type":"","background-media":"","overlay-type":"","overlay-color":"","overlay-opacity":"","overlay-gradient":""}}},"product_brand":[],"product_cat":[65],"product_tag":[],"class_list":{"0":"post-1054","1":"product","2":"type-product","3":"status-publish","4":"has-post-thumbnail","6":"product_cat-specialty-needles","7":"desktop-align-left","8":"tablet-align-left","9":"mobile-align-left","11":"first","12":"instock","13":"shipping-taxable","14":"product-type-simple"},"acf":[],"yoast_head":"<!-- This site is optimized with the Yoast SEO plugin v27.4 - https:\/\/yoast.com\/product\/yoast-seo-wordpress\/ -->\n<title>Fistula Needle 15\/16\/17G, 1.83\/1.65\/1.47MM<\/title>\n<meta name=\"description\" content=\"Fistula Needle: sharp needle design has a sharp needle tip, low puncture force, reduces pain, and a smooth side hole process, effectively increasing flow.\" \/>\n<meta name=\"robots\" content=\"index, follow, max-snippet:-1, max-image-preview:large, max-video-preview:-1\" \/>\n<link rel=\"canonical\" href=\"https:\/\/topkeymedical.com\/tr\/urun\/fistul-ignesi-15-16-17g\/\" \/>\n<meta property=\"og:locale\" content=\"tr_TR\" \/>\n<meta property=\"og:type\" content=\"article\" \/>\n<meta property=\"og:title\" content=\"Fistula Needle 15\/16\/17G, 1.83\/1.65\/1.47MM\" \/>\n<meta property=\"og:description\" content=\"Fistula Needle: sharp needle design has a sharp needle tip, low puncture force, reduces pain, and a smooth side hole process, effectively increasing flow.\" \/>\n<meta property=\"og:url\" content=\"https:\/\/topkeymedical.com\/tr\/urun\/fistul-ignesi-15-16-17g\/\" \/>\n<meta property=\"og:site_name\" content=\"TOPKEY\u2013 Precision in Every Detail, Guardian of Life and Health\" \/>\n<meta property=\"article:publisher\" content=\"https:\/\/www.facebook.com\/profile.php?id=100088897294997\" \/>\n<meta property=\"article:modified_time\" content=\"2025-11-19T14:28:21+00:00\" \/>\n<meta property=\"og:image\" content=\"https:\/\/topkeymedical.com\/wp-content\/uploads\/2025\/07\/Specialty-Needles-Fistula-Needle.webp\" \/>\n\t<meta property=\"og:image:width\" content=\"1000\" \/>\n\t<meta property=\"og:image:height\" content=\"1000\" \/>\n\t<meta property=\"og:image:type\" content=\"image\/webp\" \/>\n<meta name=\"twitter:card\" content=\"summary_large_image\" \/>\n<meta name=\"twitter:label1\" content=\"Tahmini okuma s\u00fcresi\" \/>\n\t<meta name=\"twitter:data1\" content=\"2 dakika\" \/>\n<script type=\"application\/ld+json\" class=\"yoast-schema-graph\">{\"@context\":\"https:\\\/\\\/schema.org\",\"@graph\":[{\"@type\":\"WebPage\",\"@id\":\"https:\\\/\\\/topkeymedical.com\\\/product\\\/fistula-needle-15-16-17g\\\/\",\"url\":\"https:\\\/\\\/topkeymedical.com\\\/product\\\/fistula-needle-15-16-17g\\\/\",\"name\":\"Fistula Needle 15\\\/16\\\/17G, 1.83\\\/1.65\\\/1.47MM\",\"isPartOf\":{\"@id\":\"https:\\\/\\\/topkeymedical.com\\\/#website\"},\"primaryImageOfPage\":{\"@id\":\"https:\\\/\\\/topkeymedical.com\\\/product\\\/fistula-needle-15-16-17g\\\/#primaryimage\"},\"image\":{\"@id\":\"https:\\\/\\\/topkeymedical.com\\\/product\\\/fistula-needle-15-16-17g\\\/#primaryimage\"},\"thumbnailUrl\":\"https:\\\/\\\/topkeymedical.com\\\/wp-content\\\/uploads\\\/2025\\\/07\\\/Specialty-Needles-Fistula-Needle.webp\",\"datePublished\":\"2025-07-11T15:39:17+00:00\",\"dateModified\":\"2025-11-19T14:28:21+00:00\",\"description\":\"Fistula Needle: sharp needle design has a sharp needle tip, low puncture force, reduces pain, and a smooth side hole process, effectively increasing flow.\",\"breadcrumb\":{\"@id\":\"https:\\\/\\\/topkeymedical.com\\\/product\\\/fistula-needle-15-16-17g\\\/#breadcrumb\"},\"inLanguage\":\"tr\",\"potentialAction\":[{\"@type\":\"ReadAction\",\"target\":[\"https:\\\/\\\/topkeymedical.com\\\/product\\\/fistula-needle-15-16-17g\\\/\"]}]},{\"@type\":\"ImageObject\",\"inLanguage\":\"tr\",\"@id\":\"https:\\\/\\\/topkeymedical.com\\\/product\\\/fistula-needle-15-16-17g\\\/#primaryimage\",\"url\":\"https:\\\/\\\/topkeymedical.com\\\/wp-content\\\/uploads\\\/2025\\\/07\\\/Specialty-Needles-Fistula-Needle.webp\",\"contentUrl\":\"https:\\\/\\\/topkeymedical.com\\\/wp-content\\\/uploads\\\/2025\\\/07\\\/Specialty-Needles-Fistula-Needle.webp\",\"width\":1000,\"height\":1000,\"caption\":\"Specialty Needles - Fistula Needle\"},{\"@type\":\"BreadcrumbList\",\"@id\":\"https:\\\/\\\/topkeymedical.com\\\/product\\\/fistula-needle-15-16-17g\\\/#breadcrumb\",\"itemListElement\":[{\"@type\":\"ListItem\",\"position\":1,\"name\":\"Home\",\"item\":\"https:\\\/\\\/topkeymedical.com\\\/\"},{\"@type\":\"ListItem\",\"position\":2,\"name\":\"Products\",\"item\":\"https:\\\/\\\/topkeymedical.com\\\/shop\\\/\"},{\"@type\":\"ListItem\",\"position\":3,\"name\":\"Fistula Needle 15\\\/16\\\/17G\"}]},{\"@type\":\"WebSite\",\"@id\":\"https:\\\/\\\/topkeymedical.com\\\/#website\",\"url\":\"https:\\\/\\\/topkeymedical.com\\\/\",\"name\":\"TOPKEY\u2013 Precision in Every Detail, Guardian of Life and Health\",\"description\":\"\",\"publisher\":{\"@id\":\"https:\\\/\\\/topkeymedical.com\\\/#organization\"},\"potentialAction\":[{\"@type\":\"SearchAction\",\"target\":{\"@type\":\"EntryPoint\",\"urlTemplate\":\"https:\\\/\\\/topkeymedical.com\\\/?s={search_term_string}\"},\"query-input\":{\"@type\":\"PropertyValueSpecification\",\"valueRequired\":true,\"valueName\":\"search_term_string\"}}],\"inLanguage\":\"tr\"},{\"@type\":\"Organization\",\"@id\":\"https:\\\/\\\/topkeymedical.com\\\/#organization\",\"name\":\"TOPKEY\u2013 Precision in Every Detail, Guardian of Life and Health\",\"url\":\"https:\\\/\\\/topkeymedical.com\\\/\",\"logo\":{\"@type\":\"ImageObject\",\"inLanguage\":\"tr\",\"@id\":\"https:\\\/\\\/topkeymedical.com\\\/#\\\/schema\\\/logo\\\/image\\\/\",\"url\":\"https:\\\/\\\/topkeymedical.com\\\/wp-content\\\/uploads\\\/2025\\\/05\\\/cropped-logo.jpg\",\"contentUrl\":\"https:\\\/\\\/topkeymedical.com\\\/wp-content\\\/uploads\\\/2025\\\/05\\\/cropped-logo.jpg\",\"width\":512,\"height\":512,\"caption\":\"TOPKEY\u2013 Precision in Every Detail, Guardian of Life and Health\"},\"image\":{\"@id\":\"https:\\\/\\\/topkeymedical.com\\\/#\\\/schema\\\/logo\\\/image\\\/\"},\"sameAs\":[\"https:\\\/\\\/www.facebook.com\\\/profile.php?id=100088897294997\",\"https:\\\/\\\/www.youtube.com\\\/@TopkeyMedical-Alice888\",\"https:\\\/\\\/www.linkedin.com\\\/in\\\/alice-hu-bb66a01b3\\\/\"]}]}<\/script>\n<!-- \/ Yoast SEO plugin. -->","yoast_head_json":{"title":"Fist\u00fcl \u0130\u011fnesi 15\/16\/17G, 1.83\/1.65\/1.47MM","description":"Fist\u00fcl \u0130\u011fnesi: Keskin i\u011fne tasar\u0131m\u0131, keskin bir i\u011fne ucuna, d\u00fc\u015f\u00fck delme kuvvetine sahiptir, a\u011fr\u0131y\u0131 azalt\u0131r ve ak\u0131\u015f\u0131 etkili bir \u015fekilde art\u0131ran p\u00fcr\u00fczs\u00fcz bir yan delik i\u015flemine sahiptir.","robots":{"index":"index","follow":"follow","max-snippet":"max-snippet:-1","max-image-preview":"max-image-preview:large","max-video-preview":"max-video-preview:-1"},"canonical":"https:\/\/topkeymedical.com\/tr\/urun\/fistul-ignesi-15-16-17g\/","og_locale":"tr_TR","og_type":"article","og_title":"Fistula Needle 15\/16\/17G, 1.83\/1.65\/1.47MM","og_description":"Fistula Needle: sharp needle design has a sharp needle tip, low puncture force, reduces pain, and a smooth side hole process, effectively increasing flow.","og_url":"https:\/\/topkeymedical.com\/tr\/urun\/fistul-ignesi-15-16-17g\/","og_site_name":"TOPKEY\u2013 Precision in Every Detail, Guardian of Life and Health","article_publisher":"https:\/\/www.facebook.com\/profile.php?id=100088897294997","article_modified_time":"2025-11-19T14:28:21+00:00","og_image":[{"width":1000,"height":1000,"url":"https:\/\/topkeymedical.com\/wp-content\/uploads\/2025\/07\/Specialty-Needles-Fistula-Needle.webp","type":"image\/webp"}],"twitter_card":"summary_large_image","twitter_misc":{"Tahmini okuma s\u00fcresi":"2 dakika"},"schema":{"@context":"https:\/\/schema.org","@graph":[{"@type":"WebPage","@id":"https:\/\/topkeymedical.com\/product\/fistula-needle-15-16-17g\/","url":"https:\/\/topkeymedical.com\/product\/fistula-needle-15-16-17g\/","name":"Fist\u00fcl \u0130\u011fnesi 15\/16\/17G, 1.83\/1.65\/1.47MM","isPartOf":{"@id":"https:\/\/topkeymedical.com\/#website"},"primaryImageOfPage":{"@id":"https:\/\/topkeymedical.com\/product\/fistula-needle-15-16-17g\/#primaryimage"},"image":{"@id":"https:\/\/topkeymedical.com\/product\/fistula-needle-15-16-17g\/#primaryimage"},"thumbnailUrl":"https:\/\/topkeymedical.com\/wp-content\/uploads\/2025\/07\/Specialty-Needles-Fistula-Needle.webp","datePublished":"2025-07-11T15:39:17+00:00","dateModified":"2025-11-19T14:28:21+00:00","description":"Fist\u00fcl \u0130\u011fnesi: Keskin i\u011fne tasar\u0131m\u0131, keskin bir i\u011fne ucuna, d\u00fc\u015f\u00fck delme kuvvetine sahiptir, a\u011fr\u0131y\u0131 azalt\u0131r ve ak\u0131\u015f\u0131 etkili bir \u015fekilde art\u0131ran p\u00fcr\u00fczs\u00fcz bir yan delik i\u015flemine sahiptir.","breadcrumb":{"@id":"https:\/\/topkeymedical.com\/product\/fistula-needle-15-16-17g\/#breadcrumb"},"inLanguage":"tr","potentialAction":[{"@type":"ReadAction","target":["https:\/\/topkeymedical.com\/product\/fistula-needle-15-16-17g\/"]}]},{"@type":"ImageObject","inLanguage":"tr","@id":"https:\/\/topkeymedical.com\/product\/fistula-needle-15-16-17g\/#primaryimage","url":"https:\/\/topkeymedical.com\/wp-content\/uploads\/2025\/07\/Specialty-Needles-Fistula-Needle.webp","contentUrl":"https:\/\/topkeymedical.com\/wp-content\/uploads\/2025\/07\/Specialty-Needles-Fistula-Needle.webp","width":1000,"height":1000,"caption":"Specialty Needles - Fistula Needle"},{"@type":"BreadcrumbList","@id":"https:\/\/topkeymedical.com\/product\/fistula-needle-15-16-17g\/#breadcrumb","itemListElement":[{"@type":"ListItem","position":1,"name":"Home","item":"https:\/\/topkeymedical.com\/"},{"@type":"ListItem","position":2,"name":"Products","item":"https:\/\/topkeymedical.com\/shop\/"},{"@type":"ListItem","position":3,"name":"Fistula Needle 15\/16\/17G"}]},{"@type":"WebSite","@id":"https:\/\/topkeymedical.com\/#website","url":"https:\/\/topkeymedical.com\/","name":"TOPKEY- Her Ayr\u0131nt\u0131da Hassasiyet, Ya\u015fam ve Sa\u011fl\u0131\u011f\u0131n Koruyucusu","description":"","publisher":{"@id":"https:\/\/topkeymedical.com\/#organization"},"potentialAction":[{"@type":"SearchAction","target":{"@type":"EntryPoint","urlTemplate":"https:\/\/topkeymedical.com\/?s={search_term_string}"},"query-input":{"@type":"PropertyValueSpecification","valueRequired":true,"valueName":"search_term_string"}}],"inLanguage":"tr"},{"@type":"Organization","@id":"https:\/\/topkeymedical.com\/#organization","name":"TOPKEY- Her Ayr\u0131nt\u0131da Hassasiyet, Ya\u015fam ve Sa\u011fl\u0131\u011f\u0131n Koruyucusu","url":"https:\/\/topkeymedical.com\/","logo":{"@type":"ImageObject","inLanguage":"tr","@id":"https:\/\/topkeymedical.com\/#\/schema\/logo\/image\/","url":"https:\/\/topkeymedical.com\/wp-content\/uploads\/2025\/05\/cropped-logo.jpg","contentUrl":"https:\/\/topkeymedical.com\/wp-content\/uploads\/2025\/05\/cropped-logo.jpg","width":512,"height":512,"caption":"TOPKEY\u2013 Precision in Every Detail, Guardian of Life and Health"},"image":{"@id":"https:\/\/topkeymedical.com\/#\/schema\/logo\/image\/"},"sameAs":["https:\/\/www.facebook.com\/profile.php?id=100088897294997","https:\/\/www.youtube.com\/@TopkeyMedical-Alice888","https:\/\/www.linkedin.com\/in\/alice-hu-bb66a01b3\/"]}]}},"_links":{"self":[{"href":"https:\/\/topkeymedical.com\/tr\/wp-json\/wp\/v2\/product\/1054","targetHints":{"allow":["GET"]}}],"collection":[{"href":"https:\/\/topkeymedical.com\/tr\/wp-json\/wp\/v2\/product"}],"about":[{"href":"https:\/\/topkeymedical.com\/tr\/wp-json\/wp\/v2\/types\/product"}],"version-history":[{"count":2,"href":"https:\/\/topkeymedical.com\/tr\/wp-json\/wp\/v2\/product\/1054\/revisions"}],"predecessor-version":[{"id":1537,"href":"https:\/\/topkeymedical.com\/tr\/wp-json\/wp\/v2\/product\/1054\/revisions\/1537"}],"wp:featuredmedia":[{"embeddable":true,"href":"https:\/\/topkeymedical.com\/tr\/wp-json\/wp\/v2\/media\/1055"}],"wp:attachment":[{"href":"https:\/\/topkeymedical.com\/tr\/wp-json\/wp\/v2\/media?parent=1054"}],"wp:term":[{"taxonomy":"product_brand","embeddable":true,"href":"https:\/\/topkeymedical.com\/tr\/wp-json\/wp\/v2\/product_brand?post=1054"},{"taxonomy":"product_cat","embeddable":true,"href":"https:\/\/topkeymedical.com\/tr\/wp-json\/wp\/v2\/product_cat?post=1054"},{"taxonomy":"product_tag","embeddable":true,"href":"https:\/\/topkeymedical.com\/tr\/wp-json\/wp\/v2\/product_tag?post=1054"}],"curies":[{"name":"wp","href":"https:\/\/api.w.org\/{rel}","templated":true}]}}