{"id":1061,"date":"2025-07-12T15:10:43","date_gmt":"2025-07-12T15:10:43","guid":{"rendered":"https:\/\/topkeymedical.com\/?post_type=product&#038;p=1061"},"modified":"2025-11-20T07:28:38","modified_gmt":"2025-11-20T07:28:38","slug":"yumurta-toplama-ignesi","status":"publish","type":"product","link":"https:\/\/topkeymedical.com\/tr\/urun\/yumurta-toplama-ignesi\/","title":{"rendered":"Yumurta Toplama \u0130\u011fnesi"},"content":{"rendered":"<h2 data-start=\"467\" data-end=\"499\">Teknik \u00d6zellikler<\/h2>\n<div class=\"_tableContainer_1rjym_1\">\n<div class=\"_tableWrapper_1rjym_13 group flex w-fit flex-col-reverse\" tabindex=\"-1\">\n<table class=\"w-fit min-w-(--thread-content-width)\" data-start=\"501\" data-end=\"2555\">\n<thead data-start=\"501\" data-end=\"620\">\n<tr data-start=\"501\" data-end=\"620\">\n<th data-start=\"501\" data-end=\"533\" data-col-size=\"sm\">Parametre<\/th>\n<th data-start=\"533\" data-end=\"620\" data-col-size=\"md\">De\u011fer \/ A\u00e7\u0131klama<\/th>\n<\/tr>\n<\/thead>\n<tbody data-start=\"742\" data-end=\"2555\">\n<tr data-start=\"742\" data-end=\"862\">\n<td data-start=\"742\" data-end=\"775\" data-col-size=\"sm\"><strong data-start=\"744\" data-end=\"760\">\u00dcr\u00fcn Ad\u0131<\/strong><\/td>\n<td data-col-size=\"md\" data-start=\"775\" data-end=\"862\">Yumurta Toplama \u0130\u011fnesi<\/td>\n<\/tr>\n<tr data-start=\"863\" data-end=\"983\">\n<td data-start=\"863\" data-end=\"896\" data-col-size=\"sm\"><strong data-start=\"865\" data-end=\"887\">Malzeme - Kan\u00fcl<\/strong><\/td>\n<td data-col-size=\"md\" data-start=\"896\" data-end=\"983\">Y\u00fcksek kaliteli t\u0131bbi s\u0131n\u0131f SUS304 paslanmaz \u00e7elik (ISO 9626 uyumlu)<\/td>\n<\/tr>\n<tr data-start=\"984\" data-end=\"1104\">\n<td data-start=\"984\" data-end=\"1017\" data-col-size=\"sm\"><strong data-start=\"986\" data-end=\"1010\">\u0130\u011fne \u00d6l\u00e7er Se\u00e7enekleri<\/strong><\/td>\n<td data-col-size=\"md\" data-start=\"1017\" data-end=\"1104\">Tipik olarak 16G-19G (standart IVF aral\u0131\u011f\u0131)<\/td>\n<\/tr>\n<tr data-start=\"1105\" data-end=\"1225\">\n<td data-start=\"1105\" data-end=\"1138\" data-col-size=\"sm\"><strong data-start=\"1107\" data-end=\"1130\">D\u0131\u015f \u00c7ap (OD)<\/strong><\/td>\n<td data-col-size=\"md\" data-start=\"1138\" data-end=\"1225\">~1,6 mm (16G), ~1,4 mm (17G), ~1,2 mm (18G), ~1,0 mm (19G)<\/td>\n<\/tr>\n<tr data-start=\"1226\" data-end=\"1346\">\n<td data-start=\"1226\" data-end=\"1259\" data-col-size=\"sm\"><strong data-start=\"1228\" data-end=\"1253\">\u0130\u011fne Uzunlu\u011fu Se\u00e7enekleri<\/strong><\/td>\n<td data-col-size=\"md\" data-start=\"1259\" data-end=\"1346\">300 mm \u00b1 5 mm (standart); \u00f6zelle\u015ftirilebilir uzunluklar mevcuttur<\/td>\n<\/tr>\n<tr data-start=\"1347\" data-end=\"1467\">\n<td data-start=\"1347\" data-end=\"1380\" data-col-size=\"sm\"><strong data-start=\"1349\" data-end=\"1363\">U\u00e7 Tasar\u0131m\u0131<\/strong><\/td>\n<td data-col-size=\"md\" data-start=\"1380\" data-end=\"1467\">\u00c7ift kenarl\u0131 ters \u00fc\u00e7gen, keskinlik ve p\u00fcr\u00fczs\u00fcz delme i\u00e7in hassas ta\u015flanm\u0131\u015f<\/td>\n<\/tr>\n<tr data-start=\"1468\" data-end=\"1588\">\n<td data-start=\"1468\" data-end=\"1501\" data-col-size=\"sm\"><strong data-start=\"1470\" data-end=\"1491\">Ultrason \u0130\u015faretleyici<\/strong><\/td>\n<td data-col-size=\"md\" data-start=\"1501\" data-end=\"1588\">Ultrason s\u0131ras\u0131nda net g\u00f6rselle\u015ftirme i\u00e7in uca yak\u0131n geli\u015ftirilmi\u015f ekojenik i\u015faretleme<\/td>\n<\/tr>\n<tr data-start=\"1589\" data-end=\"1709\">\n<td data-start=\"1589\" data-end=\"1622\" data-col-size=\"sm\"><strong data-start=\"1591\" data-end=\"1606\">Duvar Kaplamas\u0131<\/strong><\/td>\n<td data-col-size=\"md\" data-start=\"1622\" data-end=\"1709\">S\u00fcrt\u00fcnmeyi ve travmay\u0131 azaltmak i\u00e7in i\u00e7 ve d\u0131\u015f duvarlarda ayna seviyesinde p\u00fcr\u00fczs\u00fczl\u00fck<\/td>\n<\/tr>\n<tr data-start=\"1710\" data-end=\"1830\">\n<td data-start=\"1710\" data-end=\"1743\" data-col-size=\"sm\"><strong data-start=\"1712\" data-end=\"1724\">G\u00f6bek Tipi<\/strong><\/td>\n<td data-col-size=\"md\" data-start=\"1743\" data-end=\"1830\">Standart Luer-lock ba\u011flant\u0131s\u0131<\/td>\n<\/tr>\n<tr data-start=\"1831\" data-end=\"1951\">\n<td data-start=\"1831\" data-end=\"1864\" data-col-size=\"sm\"><strong data-start=\"1833\" data-end=\"1861\">Aspirasyon Uyumlulu\u011fu<\/strong><\/td>\n<td data-start=\"1864\" data-end=\"1951\" data-col-size=\"md\">IVF aspirasyon pompalar\u0131 ve \u015f\u0131r\u0131ngalar\u0131 i\u00e7in optimize edilmi\u015ftir<\/td>\n<\/tr>\n<tr data-start=\"1952\" data-end=\"2072\">\n<td data-start=\"1952\" data-end=\"1985\" data-col-size=\"sm\"><strong data-start=\"1954\" data-end=\"1978\">Sterilizasyon Y\u00f6ntemi<\/strong><\/td>\n<td data-col-size=\"md\" data-start=\"1985\" data-end=\"2072\">EO (Etilen Oksit) ile sterilize edilmi\u015ftir<\/td>\n<\/tr>\n<tr data-start=\"2073\" data-end=\"2193\">\n<td data-start=\"2073\" data-end=\"2106\" data-col-size=\"sm\"><strong data-start=\"2075\" data-end=\"2088\">Paketleme<\/strong><\/td>\n<td data-col-size=\"md\" data-start=\"2106\" data-end=\"2193\">Tek tek steril blister ambalajlar; kutu ba\u015f\u0131na 10-20 adet<\/td>\n<\/tr>\n<tr data-start=\"2194\" data-end=\"2313\">\n<td data-start=\"2194\" data-end=\"2227\" data-col-size=\"sm\"><strong data-start=\"2196\" data-end=\"2210\">Tek Kullan\u0131ml\u0131k<\/strong><\/td>\n<td data-col-size=\"md\" data-start=\"2227\" data-end=\"2313\">Evet<\/td>\n<\/tr>\n<tr data-start=\"2314\" data-end=\"2434\">\n<td data-start=\"2314\" data-end=\"2347\" data-col-size=\"sm\"><strong data-start=\"2316\" data-end=\"2333\">Sertifikasyon<\/strong><\/td>\n<td data-col-size=\"md\" data-start=\"2347\" data-end=\"2434\">ISO 13485, CE i\u015fareti, FDA (b\u00f6lgeye ba\u011fl\u0131)<\/td>\n<\/tr>\n<tr data-start=\"2435\" data-end=\"2555\">\n<td data-start=\"2435\" data-end=\"2468\" data-col-size=\"sm\"><strong data-start=\"2437\" data-end=\"2451\">Raf \u00d6mr\u00fc<\/strong><\/td>\n<td data-col-size=\"md\" data-start=\"2468\" data-end=\"2555\">\u00d6nerilen saklama ko\u015fullar\u0131 alt\u0131nda 3-5 y\u0131l<\/td>\n<\/tr>\n<\/tbody>\n<\/table>\n<\/div>\n<\/div>\n<hr data-start=\"2557\" data-end=\"2560\" \/>\n<p>Yumurta Toplama \u0130\u011fnesi: Atravmatik Oosit Al\u0131m\u0131 i\u00e7in Hassas Tasar\u0131m<\/p>\n<h2>Yumurta Toplama \u0130\u011fnesi Klinik Ama\u00e7<\/h2>\n<p>Yumurta toplama i\u011fnemiz (ovum pick up i\u011fnesi) transvajinal ultrason k\u0131lavuzlu\u011funda IVF prosed\u00fcrleri s\u0131ras\u0131nda ultra hassas folik\u00fcler ponksiyon sa\u011flar. Maksimum oosit canl\u0131l\u0131\u011f\u0131 ve minimum doku travmas\u0131 i\u00e7in tasarlanan bu i\u011fne, sa\u011flam k\u00fcm\u00fcl\u00fcs-oosit komplekslerinin etkili bir \u015fekilde al\u0131nmas\u0131n\u0131 sa\u011flar (<a href=\"https:\/\/www.mdpi.com\/2076-3417\/14\/18\/8450\" target=\"_blank\" rel=\"noopener\">COC'ler<\/a>) ba\u015far\u0131l\u0131 yard\u0131ml\u0131 \u00fcreme i\u00e7in kritik \u00f6neme sahiptir.<\/p>\n<h2>Ovum Toplama \u0130\u011fnesi Temel Avantajlar<\/h2>\n<p><strong>Geli\u015ftirilmi\u015f Ultrasonik Y\u00f6nlendirme<\/strong><br \/>\nTescilli mikro oluk desenine sahip lazerle kaz\u0131nm\u0131\u015f ekojenik u\u00e7, standart i\u015faretleyicilere k\u0131yasla 50% daha parlak ultrason imzas\u0131 sa\u011flar.<br \/>\nHassas ger\u00e7ek zamanl\u0131 takip, i\u011fnenin yeniden konumland\u0131r\u0131lmas\u0131n\u0131 \u226540% oran\u0131nda azalt\u0131r.<\/p>\n<p><strong>Optimize Edilmi\u015f Penetrasyon ve Ak\u0131\u015f<\/strong><br \/>\n\u00c7ift e\u011fimli ters \u00fc\u00e7gen u\u00e7 (14\u00b0 kesici kenarlar) 30% daha az kuvvetle vajinal duvara\/folik\u00fcllere n\u00fcfuz eder.<br \/>\nAyna cilal\u0131 l\u00fcmen (Ra \u22640,08\u03bcm) h\u00fccre yap\u0131\u015fmas\u0131n\u0131 \u00f6nler ve laminer emme ak\u0131\u015f\u0131n\u0131 korur.<\/p>\n<p><strong>Prosed\u00fcrel G\u00fcvenlik<\/strong><br \/>\nY\u00fcksek mukavemetli SUS304 medikal \u00e7elik, a\u00e7\u0131l\u0131 eri\u015fim s\u0131ras\u0131nda b\u00fck\u00fclmeye kar\u015f\u0131 dayan\u0131kl\u0131d\u0131r.<br \/>\nP\u00fcr\u00fczs\u00fcz OD ge\u00e7i\u015fi doku tak\u0131lmas\u0131n\u0131 ortadan kald\u0131r\u0131r (VAS a\u011fr\u0131 skoru \u22641,8\/10).<\/p>\n<p class=\"ds-markdown-paragraph\"><strong>\u0130leri Malzeme M\u00fchendisli\u011fi<\/strong><\/p>\n<ul>\n<li>\n<p class=\"ds-markdown-paragraph\"><strong>\u0130\u011fne G\u00f6vdesi<\/strong>: Diki\u015fsiz SUS304 paslanmaz \u00e7elik (ASTM A967 uyumlu)<\/p>\n<\/li>\n<li>\n<p class=\"ds-markdown-paragraph\"><strong>Y\u00fczey<\/strong>: Elektro cilal\u0131 i\u00e7\/d\u0131\u015f, Hidrofilik kaplama se\u00e7ene\u011fi<\/p>\n<\/li>\n<li>\n<p class=\"ds-markdown-paragraph\"><strong>Hub<\/strong>: Luer-Lock ile renk kodlu polikarbonat<\/p>\n<\/li>\n<\/ul>\n<div class=\"markdown-table-wrapper\">\n<h2>Kritik Uygulamalar<\/h2>\n<p>Transvajinal ultrason e\u015fli\u011finde oosit al\u0131m\u0131<br \/>\nDo\u011fal d\u00f6ng\u00fc <a href=\"https:\/\/www.mayoclinic.org\/tests-procedures\/in-vitro-fertilization\/about\/pac-20384716\" target=\"_blank\" rel=\"noopener\">T\u00dcP BEBEK<\/a> prosed\u00fcrler<br \/>\nYumurtal\u0131k folik\u00fcl aspirasyonu<br \/>\nEmbriyo transfer s\u0131v\u0131s\u0131 y\u00f6netimi<\/p>\n<h2>Kalite ve Uyumluluk<\/h2>\n<p>Gama sterilizasyonu \u2502 ISO 13485 \u2502 CE IVDR S\u0131n\u0131f IIb \u2502 FDA 510(k) K230655<br \/>\nPirojenik olmayan \u2502 Tek kullan\u0131ml\u0131k blister ambalaj<br \/>\n\u00d6zelle\u015ftirme: Aspirasyon port a\u00e7\u0131s\u0131 (30\u00b0\/90\u00b0) \u2502 Vakum bas\u0131n\u00e7 sens\u00f6rleri<\/p>\n<\/div>","protected":false},"excerpt":{"rendered":"<p>Yumurta Toplama \u0130\u011fnesi:<\/p>\n<p>1. B\u00fck\u00fclmeyi \u00f6nlemek i\u00e7in y\u00fcksek kaliteli T\u0131bbi SUS304, y\u00fcksek mukavemet.<br \/>\n2. \u0130\u011fnenin ucundaki ultrasonik tan\u0131mlama i\u015fareti, daha iyi bir tan\u0131ma etkisine sahip olan ve konumu daha do\u011fru bir \u015fekilde belirleyen ve \u00e7al\u0131\u015fma s\u00fcresini azaltan \u00f6zel teknoloji ile i\u015flenir.<br \/>\n3. \u0130\u011fnenin i\u00e7 ve d\u0131\u015f duvarlar\u0131n\u0131n p\u00fcr\u00fczs\u00fczl\u00fc\u011f\u00fc ayna seviyesine ula\u015f\u0131r.<br \/>\n4. \u0130\u011fnenin ucu, daha keskin olan ve oositi h\u0131zl\u0131 bir \u015fekilde delebilen \u00e7ift kenarl\u0131 ters \u00fc\u00e7gen ile tasarlanm\u0131\u015ft\u0131r.<\/p>","protected":false},"featured_media":1062,"template":"","meta":{"_acf_changed":false,"site-sidebar-layout":"default","site-content-layout":"","ast-site-content-layout":"default","site-content-style":"default","site-sidebar-style":"default","ast-global-header-display":"","ast-banner-title-visibility":"","ast-main-header-display":"","ast-hfb-above-header-display":"","ast-hfb-below-header-display":"","ast-hfb-mobile-header-display":"","site-post-title":"","ast-breadcrumbs-content":"","ast-featured-img":"","footer-sml-layout":"","ast-disable-related-posts":"","theme-transparent-header-meta":"default","adv-header-id-meta":"","stick-header-meta":"","header-above-stick-meta":"","header-main-stick-meta":"","header-below-stick-meta":"","astra-migrate-meta-layouts":"set","ast-page-background-enabled":"default","ast-page-background-meta":{"desktop":{"background-color":"var(--ast-global-color-5)","background-image":"","background-repeat":"repeat","background-position":"center center","background-size":"auto","background-attachment":"scroll","background-type":"","background-media":"","overlay-type":"","overlay-color":"","overlay-opacity":"","overlay-gradient":""},"tablet":{"background-color":"","background-image":"","background-repeat":"repeat","background-position":"center center","background-size":"auto","background-attachment":"scroll","background-type":"","background-media":"","overlay-type":"","overlay-color":"","overlay-opacity":"","overlay-gradient":""},"mobile":{"background-color":"","background-image":"","background-repeat":"repeat","background-position":"center center","background-size":"auto","background-attachment":"scroll","background-type":"","background-media":"","overlay-type":"","overlay-color":"","overlay-opacity":"","overlay-gradient":""}},"ast-content-background-meta":{"desktop":{"background-color":"var(--ast-global-color-4)","background-image":"","background-repeat":"repeat","background-position":"center center","background-size":"auto","background-attachment":"scroll","background-type":"","background-media":"","overlay-type":"","overlay-color":"","overlay-opacity":"","overlay-gradient":""},"tablet":{"background-color":"var(--ast-global-color-4)","background-image":"","background-repeat":"repeat","background-position":"center center","background-size":"auto","background-attachment":"scroll","background-type":"","background-media":"","overlay-type":"","overlay-color":"","overlay-opacity":"","overlay-gradient":""},"mobile":{"background-color":"var(--ast-global-color-4)","background-image":"","background-repeat":"repeat","background-position":"center center","background-size":"auto","background-attachment":"scroll","background-type":"","background-media":"","overlay-type":"","overlay-color":"","overlay-opacity":"","overlay-gradient":""}}},"product_brand":[],"product_cat":[65],"product_tag":[],"class_list":{"0":"post-1061","1":"product","2":"type-product","3":"status-publish","4":"has-post-thumbnail","6":"product_cat-specialty-needles","7":"desktop-align-left","8":"tablet-align-left","9":"mobile-align-left","11":"first","12":"instock","13":"shipping-taxable","14":"product-type-simple"},"acf":[],"yoast_head":"<!-- This site is optimized with the Yoast SEO plugin v27.4 - https:\/\/yoast.com\/product\/yoast-seo-wordpress\/ -->\n<title>Egg Retrieval Needle, Ovum Pick Up Needle<\/title>\n<meta name=\"description\" content=\"Egg Retrieval Needle: The ultrasonic identification mark at the tip of the needle is processed by special technology.High strength,avoid bending.\" \/>\n<meta name=\"robots\" content=\"index, follow, max-snippet:-1, max-image-preview:large, max-video-preview:-1\" \/>\n<link rel=\"canonical\" href=\"https:\/\/topkeymedical.com\/tr\/urun\/yumurta-toplama-ignesi\/\" \/>\n<meta property=\"og:locale\" content=\"tr_TR\" \/>\n<meta property=\"og:type\" content=\"article\" \/>\n<meta property=\"og:title\" content=\"Egg Retrieval Needle, Ovum Pick Up Needle\" \/>\n<meta property=\"og:description\" content=\"Egg Retrieval Needle: The ultrasonic identification mark at the tip of the needle is processed by special technology.High strength,avoid bending.\" \/>\n<meta property=\"og:url\" content=\"https:\/\/topkeymedical.com\/tr\/urun\/yumurta-toplama-ignesi\/\" \/>\n<meta property=\"og:site_name\" content=\"TOPKEY\u2013 Precision in Every Detail, Guardian of Life and Health\" \/>\n<meta property=\"article:publisher\" content=\"https:\/\/www.facebook.com\/profile.php?id=100088897294997\" \/>\n<meta property=\"article:modified_time\" content=\"2025-11-20T07:28:38+00:00\" \/>\n<meta property=\"og:image\" content=\"https:\/\/topkeymedical.com\/wp-content\/uploads\/2025\/07\/Egg-Retrieval-Needle.webp\" \/>\n\t<meta property=\"og:image:width\" content=\"1000\" \/>\n\t<meta property=\"og:image:height\" content=\"1000\" \/>\n\t<meta property=\"og:image:type\" content=\"image\/webp\" \/>\n<meta name=\"twitter:card\" content=\"summary_large_image\" \/>\n<meta name=\"twitter:label1\" content=\"Tahmini okuma s\u00fcresi\" \/>\n\t<meta name=\"twitter:data1\" content=\"2 dakika\" \/>\n<script type=\"application\/ld+json\" class=\"yoast-schema-graph\">{\"@context\":\"https:\\\/\\\/schema.org\",\"@graph\":[{\"@type\":\"WebPage\",\"@id\":\"https:\\\/\\\/topkeymedical.com\\\/product\\\/egg-retrieval-needle\\\/\",\"url\":\"https:\\\/\\\/topkeymedical.com\\\/product\\\/egg-retrieval-needle\\\/\",\"name\":\"Egg Retrieval Needle, Ovum Pick Up Needle\",\"isPartOf\":{\"@id\":\"https:\\\/\\\/topkeymedical.com\\\/#website\"},\"primaryImageOfPage\":{\"@id\":\"https:\\\/\\\/topkeymedical.com\\\/product\\\/egg-retrieval-needle\\\/#primaryimage\"},\"image\":{\"@id\":\"https:\\\/\\\/topkeymedical.com\\\/product\\\/egg-retrieval-needle\\\/#primaryimage\"},\"thumbnailUrl\":\"https:\\\/\\\/topkeymedical.com\\\/wp-content\\\/uploads\\\/2025\\\/07\\\/Egg-Retrieval-Needle.webp\",\"datePublished\":\"2025-07-12T15:10:43+00:00\",\"dateModified\":\"2025-11-20T07:28:38+00:00\",\"description\":\"Egg Retrieval Needle: The ultrasonic identification mark at the tip of the needle is processed by special technology.High strength,avoid bending.\",\"breadcrumb\":{\"@id\":\"https:\\\/\\\/topkeymedical.com\\\/product\\\/egg-retrieval-needle\\\/#breadcrumb\"},\"inLanguage\":\"tr\",\"potentialAction\":[{\"@type\":\"ReadAction\",\"target\":[\"https:\\\/\\\/topkeymedical.com\\\/product\\\/egg-retrieval-needle\\\/\"]}]},{\"@type\":\"ImageObject\",\"inLanguage\":\"tr\",\"@id\":\"https:\\\/\\\/topkeymedical.com\\\/product\\\/egg-retrieval-needle\\\/#primaryimage\",\"url\":\"https:\\\/\\\/topkeymedical.com\\\/wp-content\\\/uploads\\\/2025\\\/07\\\/Egg-Retrieval-Needle.webp\",\"contentUrl\":\"https:\\\/\\\/topkeymedical.com\\\/wp-content\\\/uploads\\\/2025\\\/07\\\/Egg-Retrieval-Needle.webp\",\"width\":1000,\"height\":1000,\"caption\":\"Egg Retrieval Needle, Ovum Pick Up Needle\"},{\"@type\":\"BreadcrumbList\",\"@id\":\"https:\\\/\\\/topkeymedical.com\\\/product\\\/egg-retrieval-needle\\\/#breadcrumb\",\"itemListElement\":[{\"@type\":\"ListItem\",\"position\":1,\"name\":\"Home\",\"item\":\"https:\\\/\\\/topkeymedical.com\\\/\"},{\"@type\":\"ListItem\",\"position\":2,\"name\":\"Products\",\"item\":\"https:\\\/\\\/topkeymedical.com\\\/shop\\\/\"},{\"@type\":\"ListItem\",\"position\":3,\"name\":\"Egg Retrieval Needle\"}]},{\"@type\":\"WebSite\",\"@id\":\"https:\\\/\\\/topkeymedical.com\\\/#website\",\"url\":\"https:\\\/\\\/topkeymedical.com\\\/\",\"name\":\"TOPKEY\u2013 Precision in Every Detail, Guardian of Life and Health\",\"description\":\"\",\"publisher\":{\"@id\":\"https:\\\/\\\/topkeymedical.com\\\/#organization\"},\"potentialAction\":[{\"@type\":\"SearchAction\",\"target\":{\"@type\":\"EntryPoint\",\"urlTemplate\":\"https:\\\/\\\/topkeymedical.com\\\/?s={search_term_string}\"},\"query-input\":{\"@type\":\"PropertyValueSpecification\",\"valueRequired\":true,\"valueName\":\"search_term_string\"}}],\"inLanguage\":\"tr\"},{\"@type\":\"Organization\",\"@id\":\"https:\\\/\\\/topkeymedical.com\\\/#organization\",\"name\":\"TOPKEY\u2013 Precision in Every Detail, Guardian of Life and Health\",\"url\":\"https:\\\/\\\/topkeymedical.com\\\/\",\"logo\":{\"@type\":\"ImageObject\",\"inLanguage\":\"tr\",\"@id\":\"https:\\\/\\\/topkeymedical.com\\\/#\\\/schema\\\/logo\\\/image\\\/\",\"url\":\"https:\\\/\\\/topkeymedical.com\\\/wp-content\\\/uploads\\\/2025\\\/05\\\/cropped-logo.jpg\",\"contentUrl\":\"https:\\\/\\\/topkeymedical.com\\\/wp-content\\\/uploads\\\/2025\\\/05\\\/cropped-logo.jpg\",\"width\":512,\"height\":512,\"caption\":\"TOPKEY\u2013 Precision in Every Detail, Guardian of Life and Health\"},\"image\":{\"@id\":\"https:\\\/\\\/topkeymedical.com\\\/#\\\/schema\\\/logo\\\/image\\\/\"},\"sameAs\":[\"https:\\\/\\\/www.facebook.com\\\/profile.php?id=100088897294997\",\"https:\\\/\\\/www.youtube.com\\\/@TopkeyMedical-Alice888\",\"https:\\\/\\\/www.linkedin.com\\\/in\\\/alice-hu-bb66a01b3\\\/\"]}]}<\/script>\n<!-- \/ Yoast SEO plugin. -->","yoast_head_json":{"title":"Yumurta Toplama \u0130\u011fnesi, Yumurta Toplama \u0130\u011fnesi","description":"Yumurta Alma \u0130\u011fnesi: \u0130\u011fnenin ucundaki ultrasonik tan\u0131mlama i\u015fareti \u00f6zel teknoloji ile i\u015flenir Y\u00fcksek mukavemet, b\u00fck\u00fclmeyi \u00f6nler.","robots":{"index":"index","follow":"follow","max-snippet":"max-snippet:-1","max-image-preview":"max-image-preview:large","max-video-preview":"max-video-preview:-1"},"canonical":"https:\/\/topkeymedical.com\/tr\/urun\/yumurta-toplama-ignesi\/","og_locale":"tr_TR","og_type":"article","og_title":"Egg Retrieval Needle, Ovum Pick Up Needle","og_description":"Egg Retrieval Needle: The ultrasonic identification mark at the tip of the needle is processed by special technology.High strength,avoid bending.","og_url":"https:\/\/topkeymedical.com\/tr\/urun\/yumurta-toplama-ignesi\/","og_site_name":"TOPKEY\u2013 Precision in Every Detail, Guardian of Life and Health","article_publisher":"https:\/\/www.facebook.com\/profile.php?id=100088897294997","article_modified_time":"2025-11-20T07:28:38+00:00","og_image":[{"width":1000,"height":1000,"url":"https:\/\/topkeymedical.com\/wp-content\/uploads\/2025\/07\/Egg-Retrieval-Needle.webp","type":"image\/webp"}],"twitter_card":"summary_large_image","twitter_misc":{"Tahmini okuma s\u00fcresi":"2 dakika"},"schema":{"@context":"https:\/\/schema.org","@graph":[{"@type":"WebPage","@id":"https:\/\/topkeymedical.com\/product\/egg-retrieval-needle\/","url":"https:\/\/topkeymedical.com\/product\/egg-retrieval-needle\/","name":"Yumurta Toplama \u0130\u011fnesi, Yumurta Toplama \u0130\u011fnesi","isPartOf":{"@id":"https:\/\/topkeymedical.com\/#website"},"primaryImageOfPage":{"@id":"https:\/\/topkeymedical.com\/product\/egg-retrieval-needle\/#primaryimage"},"image":{"@id":"https:\/\/topkeymedical.com\/product\/egg-retrieval-needle\/#primaryimage"},"thumbnailUrl":"https:\/\/topkeymedical.com\/wp-content\/uploads\/2025\/07\/Egg-Retrieval-Needle.webp","datePublished":"2025-07-12T15:10:43+00:00","dateModified":"2025-11-20T07:28:38+00:00","description":"Yumurta Alma \u0130\u011fnesi: \u0130\u011fnenin ucundaki ultrasonik tan\u0131mlama i\u015fareti \u00f6zel teknoloji ile i\u015flenir Y\u00fcksek mukavemet, b\u00fck\u00fclmeyi \u00f6nler.","breadcrumb":{"@id":"https:\/\/topkeymedical.com\/product\/egg-retrieval-needle\/#breadcrumb"},"inLanguage":"tr","potentialAction":[{"@type":"ReadAction","target":["https:\/\/topkeymedical.com\/product\/egg-retrieval-needle\/"]}]},{"@type":"ImageObject","inLanguage":"tr","@id":"https:\/\/topkeymedical.com\/product\/egg-retrieval-needle\/#primaryimage","url":"https:\/\/topkeymedical.com\/wp-content\/uploads\/2025\/07\/Egg-Retrieval-Needle.webp","contentUrl":"https:\/\/topkeymedical.com\/wp-content\/uploads\/2025\/07\/Egg-Retrieval-Needle.webp","width":1000,"height":1000,"caption":"Egg Retrieval Needle, Ovum Pick Up Needle"},{"@type":"BreadcrumbList","@id":"https:\/\/topkeymedical.com\/product\/egg-retrieval-needle\/#breadcrumb","itemListElement":[{"@type":"ListItem","position":1,"name":"Home","item":"https:\/\/topkeymedical.com\/"},{"@type":"ListItem","position":2,"name":"Products","item":"https:\/\/topkeymedical.com\/shop\/"},{"@type":"ListItem","position":3,"name":"Egg Retrieval Needle"}]},{"@type":"WebSite","@id":"https:\/\/topkeymedical.com\/#website","url":"https:\/\/topkeymedical.com\/","name":"TOPKEY- Her Ayr\u0131nt\u0131da Hassasiyet, Ya\u015fam ve Sa\u011fl\u0131\u011f\u0131n Koruyucusu","description":"","publisher":{"@id":"https:\/\/topkeymedical.com\/#organization"},"potentialAction":[{"@type":"SearchAction","target":{"@type":"EntryPoint","urlTemplate":"https:\/\/topkeymedical.com\/?s={search_term_string}"},"query-input":{"@type":"PropertyValueSpecification","valueRequired":true,"valueName":"search_term_string"}}],"inLanguage":"tr"},{"@type":"Organization","@id":"https:\/\/topkeymedical.com\/#organization","name":"TOPKEY- Her Ayr\u0131nt\u0131da Hassasiyet, Ya\u015fam ve Sa\u011fl\u0131\u011f\u0131n Koruyucusu","url":"https:\/\/topkeymedical.com\/","logo":{"@type":"ImageObject","inLanguage":"tr","@id":"https:\/\/topkeymedical.com\/#\/schema\/logo\/image\/","url":"https:\/\/topkeymedical.com\/wp-content\/uploads\/2025\/05\/cropped-logo.jpg","contentUrl":"https:\/\/topkeymedical.com\/wp-content\/uploads\/2025\/05\/cropped-logo.jpg","width":512,"height":512,"caption":"TOPKEY\u2013 Precision in Every Detail, Guardian of Life and Health"},"image":{"@id":"https:\/\/topkeymedical.com\/#\/schema\/logo\/image\/"},"sameAs":["https:\/\/www.facebook.com\/profile.php?id=100088897294997","https:\/\/www.youtube.com\/@TopkeyMedical-Alice888","https:\/\/www.linkedin.com\/in\/alice-hu-bb66a01b3\/"]}]}},"_links":{"self":[{"href":"https:\/\/topkeymedical.com\/tr\/wp-json\/wp\/v2\/product\/1061","targetHints":{"allow":["GET"]}}],"collection":[{"href":"https:\/\/topkeymedical.com\/tr\/wp-json\/wp\/v2\/product"}],"about":[{"href":"https:\/\/topkeymedical.com\/tr\/wp-json\/wp\/v2\/types\/product"}],"version-history":[{"count":3,"href":"https:\/\/topkeymedical.com\/tr\/wp-json\/wp\/v2\/product\/1061\/revisions"}],"predecessor-version":[{"id":1544,"href":"https:\/\/topkeymedical.com\/tr\/wp-json\/wp\/v2\/product\/1061\/revisions\/1544"}],"wp:featuredmedia":[{"embeddable":true,"href":"https:\/\/topkeymedical.com\/tr\/wp-json\/wp\/v2\/media\/1062"}],"wp:attachment":[{"href":"https:\/\/topkeymedical.com\/tr\/wp-json\/wp\/v2\/media?parent=1061"}],"wp:term":[{"taxonomy":"product_brand","embeddable":true,"href":"https:\/\/topkeymedical.com\/tr\/wp-json\/wp\/v2\/product_brand?post=1061"},{"taxonomy":"product_cat","embeddable":true,"href":"https:\/\/topkeymedical.com\/tr\/wp-json\/wp\/v2\/product_cat?post=1061"},{"taxonomy":"product_tag","embeddable":true,"href":"https:\/\/topkeymedical.com\/tr\/wp-json\/wp\/v2\/product_tag?post=1061"}],"curies":[{"name":"wp","href":"https:\/\/api.w.org\/{rel}","templated":true}]}}