{"id":1068,"date":"2025-07-13T02:34:47","date_gmt":"2025-07-13T02:34:47","guid":{"rendered":"https:\/\/topkeymedical.com\/?post_type=product&#038;p=1068"},"modified":"2025-11-20T07:26:10","modified_gmt":"2025-11-20T07:26:10","slug":"koaksiyel-igne-17g-18g","status":"publish","type":"product","link":"https:\/\/topkeymedical.com\/tr\/urun\/koaksiyel-igne-17g-18g\/","title":{"rendered":"Koaksiyel \u0130\u011fne 17G, 18G"},"content":{"rendered":"<h2 data-start=\"1483\" data-end=\"1515\">Teknik \u00d6zellikler<\/h2>\n<div class=\"_tableContainer_1rjym_1\">\n<div class=\"_tableWrapper_1rjym_13 group flex w-fit flex-col-reverse\" tabindex=\"-1\">\n<table class=\"w-fit min-w-(--thread-content-width)\" data-start=\"1517\" data-end=\"3758\">\n<thead data-start=\"1517\" data-end=\"1633\">\n<tr data-start=\"1517\" data-end=\"1633\">\n<th data-start=\"1517\" data-end=\"1549\" data-col-size=\"sm\">Parametre<\/th>\n<th data-start=\"1549\" data-end=\"1633\" data-col-size=\"md\">De\u011fer \/ A\u00e7\u0131klama<\/th>\n<\/tr>\n<\/thead>\n<tbody data-start=\"1752\" data-end=\"3758\">\n<tr data-start=\"1752\" data-end=\"1869\">\n<td data-start=\"1752\" data-end=\"1785\" data-col-size=\"sm\"><strong data-start=\"1754\" data-end=\"1770\">\u00dcr\u00fcn Ad\u0131<\/strong><\/td>\n<td data-start=\"1785\" data-end=\"1869\" data-col-size=\"md\">Koaksiyel \u0130\u011fne<\/td>\n<\/tr>\n<tr data-start=\"1870\" data-end=\"1987\">\n<td data-start=\"1870\" data-end=\"1903\" data-col-size=\"sm\"><strong data-start=\"1872\" data-end=\"1892\">Mevcut G\u00f6stergeler<\/strong><\/td>\n<td data-start=\"1903\" data-end=\"1987\" data-col-size=\"md\">10G - 22G<\/td>\n<\/tr>\n<tr data-start=\"1988\" data-end=\"2105\">\n<td data-start=\"1988\" data-end=\"2021\" data-col-size=\"sm\"><strong data-start=\"1990\" data-end=\"2010\">Vurgulanan SKU'lar<\/strong><\/td>\n<td data-start=\"2021\" data-end=\"2105\" data-col-size=\"md\">17G, 18G<\/td>\n<\/tr>\n<tr data-start=\"2106\" data-end=\"2223\">\n<td data-start=\"2106\" data-end=\"2139\" data-col-size=\"sm\"><strong data-start=\"2108\" data-end=\"2131\">D\u0131\u015f \u00c7ap (OD)<\/strong><\/td>\n<td data-start=\"2139\" data-end=\"2223\" data-col-size=\"md\">3,4 mm (10G) - 0,7 mm (22G)<\/td>\n<\/tr>\n<tr data-start=\"2224\" data-end=\"2341\">\n<td data-start=\"2224\" data-end=\"2257\" data-col-size=\"sm\"><strong data-start=\"2226\" data-end=\"2248\">Malzeme - Kan\u00fcl<\/strong><\/td>\n<td data-start=\"2257\" data-end=\"2341\" data-col-size=\"md\">T\u0131bbi s\u0131n\u0131f SUS304 paslanmaz \u00e7elik (ISO 9626 uyumlu)<\/td>\n<\/tr>\n<tr data-start=\"2342\" data-end=\"2459\">\n<td data-start=\"2342\" data-end=\"2375\" data-col-size=\"sm\"><strong data-start=\"2344\" data-end=\"2362\">Malzeme - G\u00f6bek<\/strong><\/td>\n<td data-start=\"2375\" data-end=\"2459\" data-col-size=\"md\">Ergonomik tasar\u0131ma sahip t\u0131bbi s\u0131n\u0131f polimer<\/td>\n<\/tr>\n<tr data-start=\"2460\" data-end=\"2577\">\n<td data-start=\"2460\" data-end=\"2493\" data-col-size=\"sm\"><strong data-start=\"2462\" data-end=\"2472\">Tasar\u0131m<\/strong><\/td>\n<td data-start=\"2493\" data-end=\"2577\" data-col-size=\"md\">D\u0131\u015f kan\u00fcl + i\u00e7 stilet (koaksiyel yap\u0131)<\/td>\n<\/tr>\n<tr data-start=\"2578\" data-end=\"2696\">\n<td data-start=\"2578\" data-end=\"2611\" data-col-size=\"sm\"><strong data-start=\"2580\" data-end=\"2597\">E\u011fim \/ B\u0131\u00e7ak<\/strong><\/td>\n<td data-start=\"2611\" data-end=\"2696\" data-col-size=\"md\">Hassas ta\u015flanm\u0131\u015f, sa\u011flam ve keskin, d\u00fc\u015f\u00fck ekleme direnci<\/td>\n<\/tr>\n<tr data-start=\"2697\" data-end=\"2814\">\n<td data-start=\"2697\" data-end=\"2730\" data-col-size=\"sm\"><strong data-start=\"2699\" data-end=\"2716\">Derinlik Kontrol\u00fc<\/strong><\/td>\n<td data-start=\"2730\" data-end=\"2814\" data-col-size=\"md\">Kan\u00fcl y\u00fczeyinde lazerle kaz\u0131nm\u0131\u015f veya oyulmu\u015f onay i\u015faretleri<\/td>\n<\/tr>\n<tr data-start=\"2815\" data-end=\"2932\">\n<td data-start=\"2815\" data-end=\"2848\" data-col-size=\"sm\"><strong data-start=\"2817\" data-end=\"2842\">Kuyruk Tasar\u0131m\u0131 - Kan\u00fcl<\/strong><\/td>\n<td data-start=\"2848\" data-end=\"2932\" data-col-size=\"md\">Daha iyi kavrama i\u00e7in geni\u015fletilmi\u015f veya buzlu y\u00fczey<\/td>\n<\/tr>\n<tr data-start=\"2933\" data-end=\"3050\">\n<td data-start=\"2933\" data-end=\"2966\" data-col-size=\"sm\"><strong data-start=\"2935\" data-end=\"2959\">Kuyruk Tasar\u0131m\u0131 - Stylet<\/strong><\/td>\n<td data-start=\"2966\" data-end=\"3050\" data-col-size=\"md\">Y\u00f6nlendirme i\u00e7in d\u00fczle\u015ftirilmi\u015f veya i\u015faretlenmi\u015f<\/td>\n<\/tr>\n<tr data-start=\"3051\" data-end=\"3168\">\n<td data-start=\"3051\" data-end=\"3084\" data-col-size=\"sm\"><strong data-start=\"3053\" data-end=\"3072\">Ba\u011flant\u0131 T\u00fcr\u00fc<\/strong><\/td>\n<td data-start=\"3084\" data-end=\"3168\" data-col-size=\"md\">Luer-lock uyumlu<\/td>\n<\/tr>\n<tr data-start=\"3169\" data-end=\"3286\">\n<td data-start=\"3169\" data-end=\"3202\" data-col-size=\"sm\"><strong data-start=\"3171\" data-end=\"3195\">Sterilizasyon Y\u00f6ntemi<\/strong><\/td>\n<td data-start=\"3202\" data-end=\"3286\" data-col-size=\"md\">EO (Etilen Oksit) ile sterilize edilmi\u015ftir<\/td>\n<\/tr>\n<tr data-start=\"3287\" data-end=\"3404\">\n<td data-start=\"3287\" data-end=\"3320\" data-col-size=\"sm\"><strong data-start=\"3289\" data-end=\"3302\">Paketleme<\/strong><\/td>\n<td data-start=\"3320\" data-end=\"3404\" data-col-size=\"md\">Tek tek steril blister ambalajlar; kutu ba\u015f\u0131na 10-50 adet<\/td>\n<\/tr>\n<tr data-start=\"3405\" data-end=\"3522\">\n<td data-start=\"3405\" data-end=\"3438\" data-col-size=\"sm\"><strong data-start=\"3407\" data-end=\"3421\">Tek Kullan\u0131ml\u0131k<\/strong><\/td>\n<td data-start=\"3438\" data-end=\"3522\" data-col-size=\"md\">Evet<\/td>\n<\/tr>\n<tr data-start=\"3523\" data-end=\"3640\">\n<td data-start=\"3523\" data-end=\"3556\" data-col-size=\"sm\"><strong data-start=\"3525\" data-end=\"3542\">Sertifikasyon<\/strong><\/td>\n<td data-start=\"3556\" data-end=\"3640\" data-col-size=\"md\">ISO 13485, CE i\u015fareti, FDA kayd\u0131 (b\u00f6lgeye ba\u011fl\u0131)<\/td>\n<\/tr>\n<tr data-start=\"3641\" data-end=\"3758\">\n<td data-start=\"3641\" data-end=\"3674\" data-col-size=\"sm\"><strong data-start=\"3643\" data-end=\"3657\">Raf \u00d6mr\u00fc<\/strong><\/td>\n<td data-start=\"3674\" data-end=\"3758\" data-col-size=\"md\">\u00d6nerilen saklama ko\u015fullar\u0131 alt\u0131nda 3-5 y\u0131l<\/td>\n<\/tr>\n<\/tbody>\n<\/table>\n<\/div>\n<\/div>\n<hr data-start=\"3760\" data-end=\"3763\" \/>\n<p>Koaksiyel \u0130\u011fne: G\u00f6r\u00fcnt\u00fc K\u0131lavuzlu Giri\u015fimler i\u00e7in Hassas Katmanl\u0131 Eri\u015fim.<\/p>\n<h2>Koaksiyel \u0130\u011fne Klinik Ama\u00e7<\/h2>\n<p>Karma\u015f\u0131k biyopsiler ve ablasyonlar s\u0131ras\u0131nda s\u0131ral\u0131 cihaz yerle\u015ftirme i\u00e7in tasarlanan koaksiyel sistemimiz, tek bir doku penetrasyonu ile birden fazla cihaz\u0131n (biyopsi tabancalar\u0131, RF problar\u0131, kriyoaplikat\u00f6rler) sokulabilece\u011fi sabit bir eri\u015fim yolu olu\u015fturur. \u00d6rnek b\u00fct\u00fcnl\u00fc\u011f\u00fcn\u00fc korumak ve komplikasyonlar\u0131 azaltmak i\u00e7in tekrarlanan ponksiyonlar\u0131 ortadan kald\u0131r\u0131r.<\/p>\n<h2>Koaksiyel \u0130\u011fne Temel Avantajlar\u0131<\/h2>\n<p><strong>\u00c7ift A\u015famal\u0131 Hassasiyet<\/strong><br \/>\nTrokar u\u00e7lu i\u00e7 stilet: Ultra e\u011fimli 12\u00b0 kesme kenar\u0131 (HRC 58\u00b12 sertlik) temiz bir ilk penetrasyon sa\u011flar.<br \/>\nE\u011fim uyumlu d\u0131\u015f kan\u00fcl: Ayna cilal\u0131 i\u00e7 k\u0131s\u0131m (Ra \u22640,1\u03bcm) s\u0131f\u0131r doku s\u00fcr\u00fcklemesi ile stilet \u00fczerinde sorunsuz ilerler.<\/p>\n<p><strong>Prosed\u00fcrel Kontrol<\/strong><br \/>\nLazerle kaz\u0131nm\u0131\u015f derinlik i\u015faretleri (1 mm derecelendirmeler) BT\/ultrason alt\u0131nda milimetre hassasiyetinde yerle\u015ftirme sa\u011flar.<br \/>\nBuzlu\/flared kan\u00fcl g\u00f6be\u011fi, cihaz de\u011fi\u015fimleri s\u0131ras\u0131nda pozitif kilitli bir kavrama sa\u011flar.<\/p>\n<p><strong>\u0130zlenebilirlik ve G\u00fcvenlik<\/strong><br \/>\nD\u00fcz i\u015faretli stilet taban\u0131: G\u00f6rsel\/dokunsal y\u00f6nlendirme rotasyonel hizalamay\u0131 do\u011frular.<br \/>\nKonik ge\u00e7i\u015f b\u00f6lgesi, g\u00f6bek ba\u011flant\u0131s\u0131nda s\u0131v\u0131 s\u0131z\u0131nt\u0131s\u0131n\u0131 \u00f6nler.<\/p>\n<p><strong>\u0130leri Malzeme M\u00fchendisli\u011fi<\/strong><br \/>\nKan\u00fcl: Diki\u015fsiz SUS 304 paslanmaz \u00e7elik (<a href=\"https:\/\/www.astm.org\/\" target=\"_blank\" rel=\"noopener\">ASTM<\/a> F899 uyumlu).<br \/>\nY\u00fczey: Elektropasivasyonlu d\u0131\u015f y\u00fczey, Hidrofilik kaplama se\u00e7ene\u011fi.<br \/>\nG\u00f6bek: Luer-Lock ile MRI g\u00fcvenli polikarbonat.<\/p>\n<div class=\"markdown-table-wrapper\">\n<h2>Kritik Uygulamalar<\/h2>\n<p>\u00c7ok ge\u00e7i\u015fli kemik t\u00fcm\u00f6r\u00fc biyopsileri.<br \/>\nKaraci\u011fer\/b\u00f6brek ablasyon probu yerle\u015ftirme.<br \/>\nAkci\u011fer nod\u00fcl\u00fc fiducial i\u015faretleyici yerle\u015ftirme.<br \/>\nBrakiterapi kateterlerinin tohumlanmas\u0131.<\/p>\n<\/div>","protected":false},"excerpt":{"rendered":"<p>Koaksiyel \u0130\u011fne \u00dcr\u00fcn Tan\u0131t\u0131m\u0131:<br \/>\n1. \u0130nce i\u015f\u00e7ili\u011fe sahiptir. Cilde n\u00fcfuz etti\u011finde b\u0131\u00e7ak sa\u011flam ve keskindir.<br \/>\n2 . Net tik i\u015fareti ve kontrol edilebilir delinme derinli\u011fi.<br \/>\n3. D\u0131\u015f kan\u00fcl\u00fcn kuyru\u011fu geni\u015fletilebilir ve buzlanabilir ve i\u011fne \u00e7ekirde\u011finin kuyru\u011fu d\u00fczle\u015ftirilebilir (i\u015faretlenebilir).<\/p>\n<p>\u00dcr\u00fcn \u00d6zellikleri:<br \/>\n\u015eartname: 10G-22G 0D: 3.4mm-0.7mm<\/p>","protected":false},"featured_media":1069,"template":"","meta":{"_acf_changed":false,"site-sidebar-layout":"default","site-content-layout":"","ast-site-content-layout":"default","site-content-style":"default","site-sidebar-style":"default","ast-global-header-display":"","ast-banner-title-visibility":"","ast-main-header-display":"","ast-hfb-above-header-display":"","ast-hfb-below-header-display":"","ast-hfb-mobile-header-display":"","site-post-title":"","ast-breadcrumbs-content":"","ast-featured-img":"","footer-sml-layout":"","ast-disable-related-posts":"","theme-transparent-header-meta":"default","adv-header-id-meta":"","stick-header-meta":"","header-above-stick-meta":"","header-main-stick-meta":"","header-below-stick-meta":"","astra-migrate-meta-layouts":"set","ast-page-background-enabled":"default","ast-page-background-meta":{"desktop":{"background-color":"var(--ast-global-color-5)","background-image":"","background-repeat":"repeat","background-position":"center center","background-size":"auto","background-attachment":"scroll","background-type":"","background-media":"","overlay-type":"","overlay-color":"","overlay-opacity":"","overlay-gradient":""},"tablet":{"background-color":"","background-image":"","background-repeat":"repeat","background-position":"center center","background-size":"auto","background-attachment":"scroll","background-type":"","background-media":"","overlay-type":"","overlay-color":"","overlay-opacity":"","overlay-gradient":""},"mobile":{"background-color":"","background-image":"","background-repeat":"repeat","background-position":"center center","background-size":"auto","background-attachment":"scroll","background-type":"","background-media":"","overlay-type":"","overlay-color":"","overlay-opacity":"","overlay-gradient":""}},"ast-content-background-meta":{"desktop":{"background-color":"var(--ast-global-color-4)","background-image":"","background-repeat":"repeat","background-position":"center center","background-size":"auto","background-attachment":"scroll","background-type":"","background-media":"","overlay-type":"","overlay-color":"","overlay-opacity":"","overlay-gradient":""},"tablet":{"background-color":"var(--ast-global-color-4)","background-image":"","background-repeat":"repeat","background-position":"center center","background-size":"auto","background-attachment":"scroll","background-type":"","background-media":"","overlay-type":"","overlay-color":"","overlay-opacity":"","overlay-gradient":""},"mobile":{"background-color":"var(--ast-global-color-4)","background-image":"","background-repeat":"repeat","background-position":"center center","background-size":"auto","background-attachment":"scroll","background-type":"","background-media":"","overlay-type":"","overlay-color":"","overlay-opacity":"","overlay-gradient":""}}},"product_brand":[],"product_cat":[65],"product_tag":[],"class_list":{"0":"post-1068","1":"product","2":"type-product","3":"status-publish","4":"has-post-thumbnail","6":"product_cat-specialty-needles","7":"desktop-align-left","8":"tablet-align-left","9":"mobile-align-left","11":"first","12":"instock","13":"shipping-taxable","14":"product-type-simple"},"acf":[],"yoast_head":"<!-- This site is optimized with the Yoast SEO plugin v27.4 - https:\/\/yoast.com\/product\/yoast-seo-wordpress\/ -->\n<title>Coaxial Needle 10G-22G, 0D:3.4mm-0.7mm<\/title>\n<meta name=\"description\" content=\"Coaxial Needle Specification: Specification:10G-22G 0D:3.4mm-0.7mm. It has fine workmanship. When it penetrates the skin, the blade is firm and sharp.\" \/>\n<meta name=\"robots\" content=\"index, follow, max-snippet:-1, max-image-preview:large, max-video-preview:-1\" \/>\n<link rel=\"canonical\" href=\"https:\/\/topkeymedical.com\/tr\/urun\/koaksiyel-igne-17g-18g\/\" \/>\n<meta property=\"og:locale\" content=\"tr_TR\" \/>\n<meta property=\"og:type\" content=\"article\" \/>\n<meta property=\"og:title\" content=\"Coaxial Needle 10G-22G, 0D:3.4mm-0.7mm\" \/>\n<meta property=\"og:description\" content=\"Coaxial Needle Specification: Specification:10G-22G 0D:3.4mm-0.7mm. It has fine workmanship. When it penetrates the skin, the blade is firm and sharp.\" \/>\n<meta property=\"og:url\" content=\"https:\/\/topkeymedical.com\/tr\/urun\/koaksiyel-igne-17g-18g\/\" \/>\n<meta property=\"og:site_name\" content=\"TOPKEY\u2013 Precision in Every Detail, Guardian of Life and Health\" \/>\n<meta property=\"article:publisher\" content=\"https:\/\/www.facebook.com\/profile.php?id=100088897294997\" \/>\n<meta property=\"article:modified_time\" content=\"2025-11-20T07:26:10+00:00\" \/>\n<meta property=\"og:image\" content=\"https:\/\/topkeymedical.com\/wp-content\/uploads\/2025\/07\/Coaxial-Needle-10G-22G.webp\" \/>\n\t<meta property=\"og:image:width\" content=\"1000\" \/>\n\t<meta property=\"og:image:height\" content=\"1000\" \/>\n\t<meta property=\"og:image:type\" content=\"image\/webp\" \/>\n<meta name=\"twitter:card\" content=\"summary_large_image\" \/>\n<meta name=\"twitter:label1\" content=\"Tahmini okuma s\u00fcresi\" \/>\n\t<meta name=\"twitter:data1\" content=\"2 dakika\" \/>\n<script type=\"application\/ld+json\" class=\"yoast-schema-graph\">{\"@context\":\"https:\\\/\\\/schema.org\",\"@graph\":[{\"@type\":\"WebPage\",\"@id\":\"https:\\\/\\\/topkeymedical.com\\\/product\\\/coaxial-needle-17g-18g\\\/\",\"url\":\"https:\\\/\\\/topkeymedical.com\\\/product\\\/coaxial-needle-17g-18g\\\/\",\"name\":\"Coaxial Needle 10G-22G, 0D:3.4mm-0.7mm\",\"isPartOf\":{\"@id\":\"https:\\\/\\\/topkeymedical.com\\\/#website\"},\"primaryImageOfPage\":{\"@id\":\"https:\\\/\\\/topkeymedical.com\\\/product\\\/coaxial-needle-17g-18g\\\/#primaryimage\"},\"image\":{\"@id\":\"https:\\\/\\\/topkeymedical.com\\\/product\\\/coaxial-needle-17g-18g\\\/#primaryimage\"},\"thumbnailUrl\":\"https:\\\/\\\/topkeymedical.com\\\/wp-content\\\/uploads\\\/2025\\\/07\\\/Coaxial-Needle-10G-22G.webp\",\"datePublished\":\"2025-07-13T02:34:47+00:00\",\"dateModified\":\"2025-11-20T07:26:10+00:00\",\"description\":\"Coaxial Needle Specification: Specification:10G-22G 0D:3.4mm-0.7mm. It has fine workmanship. When it penetrates the skin, the blade is firm and sharp.\",\"breadcrumb\":{\"@id\":\"https:\\\/\\\/topkeymedical.com\\\/product\\\/coaxial-needle-17g-18g\\\/#breadcrumb\"},\"inLanguage\":\"tr\",\"potentialAction\":[{\"@type\":\"ReadAction\",\"target\":[\"https:\\\/\\\/topkeymedical.com\\\/product\\\/coaxial-needle-17g-18g\\\/\"]}]},{\"@type\":\"ImageObject\",\"inLanguage\":\"tr\",\"@id\":\"https:\\\/\\\/topkeymedical.com\\\/product\\\/coaxial-needle-17g-18g\\\/#primaryimage\",\"url\":\"https:\\\/\\\/topkeymedical.com\\\/wp-content\\\/uploads\\\/2025\\\/07\\\/Coaxial-Needle-10G-22G.webp\",\"contentUrl\":\"https:\\\/\\\/topkeymedical.com\\\/wp-content\\\/uploads\\\/2025\\\/07\\\/Coaxial-Needle-10G-22G.webp\",\"width\":1000,\"height\":1000,\"caption\":\"Coaxial Needle 10G-22G, 0D:3.4mm-0.7mm\"},{\"@type\":\"BreadcrumbList\",\"@id\":\"https:\\\/\\\/topkeymedical.com\\\/product\\\/coaxial-needle-17g-18g\\\/#breadcrumb\",\"itemListElement\":[{\"@type\":\"ListItem\",\"position\":1,\"name\":\"Home\",\"item\":\"https:\\\/\\\/topkeymedical.com\\\/\"},{\"@type\":\"ListItem\",\"position\":2,\"name\":\"Products\",\"item\":\"https:\\\/\\\/topkeymedical.com\\\/shop\\\/\"},{\"@type\":\"ListItem\",\"position\":3,\"name\":\"Coaxial Needle 17G, 18G\"}]},{\"@type\":\"WebSite\",\"@id\":\"https:\\\/\\\/topkeymedical.com\\\/#website\",\"url\":\"https:\\\/\\\/topkeymedical.com\\\/\",\"name\":\"TOPKEY\u2013 Precision in Every Detail, Guardian of Life and Health\",\"description\":\"\",\"publisher\":{\"@id\":\"https:\\\/\\\/topkeymedical.com\\\/#organization\"},\"potentialAction\":[{\"@type\":\"SearchAction\",\"target\":{\"@type\":\"EntryPoint\",\"urlTemplate\":\"https:\\\/\\\/topkeymedical.com\\\/?s={search_term_string}\"},\"query-input\":{\"@type\":\"PropertyValueSpecification\",\"valueRequired\":true,\"valueName\":\"search_term_string\"}}],\"inLanguage\":\"tr\"},{\"@type\":\"Organization\",\"@id\":\"https:\\\/\\\/topkeymedical.com\\\/#organization\",\"name\":\"TOPKEY\u2013 Precision in Every Detail, Guardian of Life and Health\",\"url\":\"https:\\\/\\\/topkeymedical.com\\\/\",\"logo\":{\"@type\":\"ImageObject\",\"inLanguage\":\"tr\",\"@id\":\"https:\\\/\\\/topkeymedical.com\\\/#\\\/schema\\\/logo\\\/image\\\/\",\"url\":\"https:\\\/\\\/topkeymedical.com\\\/wp-content\\\/uploads\\\/2025\\\/05\\\/cropped-logo.jpg\",\"contentUrl\":\"https:\\\/\\\/topkeymedical.com\\\/wp-content\\\/uploads\\\/2025\\\/05\\\/cropped-logo.jpg\",\"width\":512,\"height\":512,\"caption\":\"TOPKEY\u2013 Precision in Every Detail, Guardian of Life and Health\"},\"image\":{\"@id\":\"https:\\\/\\\/topkeymedical.com\\\/#\\\/schema\\\/logo\\\/image\\\/\"},\"sameAs\":[\"https:\\\/\\\/www.facebook.com\\\/profile.php?id=100088897294997\",\"https:\\\/\\\/www.youtube.com\\\/@TopkeyMedical-Alice888\",\"https:\\\/\\\/www.linkedin.com\\\/in\\\/alice-hu-bb66a01b3\\\/\"]}]}<\/script>\n<!-- \/ Yoast SEO plugin. -->","yoast_head_json":{"title":"Koaksiyel \u0130\u011fne 10G-22G, 0D:3.4mm-0.7mm","description":"Koaksiyel \u0130\u011fne \u00d6zellikleri: Specification:10G-22G 0D:3.4mm-0.7mm. \u0130nce i\u015f\u00e7ili\u011fe sahiptir. Cilde n\u00fcfuz etti\u011finde b\u0131\u00e7ak sa\u011flam ve keskindir.","robots":{"index":"index","follow":"follow","max-snippet":"max-snippet:-1","max-image-preview":"max-image-preview:large","max-video-preview":"max-video-preview:-1"},"canonical":"https:\/\/topkeymedical.com\/tr\/urun\/koaksiyel-igne-17g-18g\/","og_locale":"tr_TR","og_type":"article","og_title":"Coaxial Needle 10G-22G, 0D:3.4mm-0.7mm","og_description":"Coaxial Needle Specification: Specification:10G-22G 0D:3.4mm-0.7mm. It has fine workmanship. When it penetrates the skin, the blade is firm and sharp.","og_url":"https:\/\/topkeymedical.com\/tr\/urun\/koaksiyel-igne-17g-18g\/","og_site_name":"TOPKEY\u2013 Precision in Every Detail, Guardian of Life and Health","article_publisher":"https:\/\/www.facebook.com\/profile.php?id=100088897294997","article_modified_time":"2025-11-20T07:26:10+00:00","og_image":[{"width":1000,"height":1000,"url":"https:\/\/topkeymedical.com\/wp-content\/uploads\/2025\/07\/Coaxial-Needle-10G-22G.webp","type":"image\/webp"}],"twitter_card":"summary_large_image","twitter_misc":{"Tahmini okuma s\u00fcresi":"2 dakika"},"schema":{"@context":"https:\/\/schema.org","@graph":[{"@type":"WebPage","@id":"https:\/\/topkeymedical.com\/product\/coaxial-needle-17g-18g\/","url":"https:\/\/topkeymedical.com\/product\/coaxial-needle-17g-18g\/","name":"Koaksiyel \u0130\u011fne 10G-22G, 0D:3.4mm-0.7mm","isPartOf":{"@id":"https:\/\/topkeymedical.com\/#website"},"primaryImageOfPage":{"@id":"https:\/\/topkeymedical.com\/product\/coaxial-needle-17g-18g\/#primaryimage"},"image":{"@id":"https:\/\/topkeymedical.com\/product\/coaxial-needle-17g-18g\/#primaryimage"},"thumbnailUrl":"https:\/\/topkeymedical.com\/wp-content\/uploads\/2025\/07\/Coaxial-Needle-10G-22G.webp","datePublished":"2025-07-13T02:34:47+00:00","dateModified":"2025-11-20T07:26:10+00:00","description":"Koaksiyel \u0130\u011fne \u00d6zellikleri: Specification:10G-22G 0D:3.4mm-0.7mm. \u0130nce i\u015f\u00e7ili\u011fe sahiptir. Cilde n\u00fcfuz etti\u011finde b\u0131\u00e7ak sa\u011flam ve keskindir.","breadcrumb":{"@id":"https:\/\/topkeymedical.com\/product\/coaxial-needle-17g-18g\/#breadcrumb"},"inLanguage":"tr","potentialAction":[{"@type":"ReadAction","target":["https:\/\/topkeymedical.com\/product\/coaxial-needle-17g-18g\/"]}]},{"@type":"ImageObject","inLanguage":"tr","@id":"https:\/\/topkeymedical.com\/product\/coaxial-needle-17g-18g\/#primaryimage","url":"https:\/\/topkeymedical.com\/wp-content\/uploads\/2025\/07\/Coaxial-Needle-10G-22G.webp","contentUrl":"https:\/\/topkeymedical.com\/wp-content\/uploads\/2025\/07\/Coaxial-Needle-10G-22G.webp","width":1000,"height":1000,"caption":"Coaxial Needle 10G-22G, 0D:3.4mm-0.7mm"},{"@type":"BreadcrumbList","@id":"https:\/\/topkeymedical.com\/product\/coaxial-needle-17g-18g\/#breadcrumb","itemListElement":[{"@type":"ListItem","position":1,"name":"Home","item":"https:\/\/topkeymedical.com\/"},{"@type":"ListItem","position":2,"name":"Products","item":"https:\/\/topkeymedical.com\/shop\/"},{"@type":"ListItem","position":3,"name":"Coaxial Needle 17G, 18G"}]},{"@type":"WebSite","@id":"https:\/\/topkeymedical.com\/#website","url":"https:\/\/topkeymedical.com\/","name":"TOPKEY- Her Ayr\u0131nt\u0131da Hassasiyet, Ya\u015fam ve Sa\u011fl\u0131\u011f\u0131n Koruyucusu","description":"","publisher":{"@id":"https:\/\/topkeymedical.com\/#organization"},"potentialAction":[{"@type":"SearchAction","target":{"@type":"EntryPoint","urlTemplate":"https:\/\/topkeymedical.com\/?s={search_term_string}"},"query-input":{"@type":"PropertyValueSpecification","valueRequired":true,"valueName":"search_term_string"}}],"inLanguage":"tr"},{"@type":"Organization","@id":"https:\/\/topkeymedical.com\/#organization","name":"TOPKEY- Her Ayr\u0131nt\u0131da Hassasiyet, Ya\u015fam ve Sa\u011fl\u0131\u011f\u0131n Koruyucusu","url":"https:\/\/topkeymedical.com\/","logo":{"@type":"ImageObject","inLanguage":"tr","@id":"https:\/\/topkeymedical.com\/#\/schema\/logo\/image\/","url":"https:\/\/topkeymedical.com\/wp-content\/uploads\/2025\/05\/cropped-logo.jpg","contentUrl":"https:\/\/topkeymedical.com\/wp-content\/uploads\/2025\/05\/cropped-logo.jpg","width":512,"height":512,"caption":"TOPKEY\u2013 Precision in Every Detail, Guardian of Life and Health"},"image":{"@id":"https:\/\/topkeymedical.com\/#\/schema\/logo\/image\/"},"sameAs":["https:\/\/www.facebook.com\/profile.php?id=100088897294997","https:\/\/www.youtube.com\/@TopkeyMedical-Alice888","https:\/\/www.linkedin.com\/in\/alice-hu-bb66a01b3\/"]}]}},"_links":{"self":[{"href":"https:\/\/topkeymedical.com\/tr\/wp-json\/wp\/v2\/product\/1068","targetHints":{"allow":["GET"]}}],"collection":[{"href":"https:\/\/topkeymedical.com\/tr\/wp-json\/wp\/v2\/product"}],"about":[{"href":"https:\/\/topkeymedical.com\/tr\/wp-json\/wp\/v2\/types\/product"}],"version-history":[{"count":4,"href":"https:\/\/topkeymedical.com\/tr\/wp-json\/wp\/v2\/product\/1068\/revisions"}],"predecessor-version":[{"id":1543,"href":"https:\/\/topkeymedical.com\/tr\/wp-json\/wp\/v2\/product\/1068\/revisions\/1543"}],"wp:featuredmedia":[{"embeddable":true,"href":"https:\/\/topkeymedical.com\/tr\/wp-json\/wp\/v2\/media\/1069"}],"wp:attachment":[{"href":"https:\/\/topkeymedical.com\/tr\/wp-json\/wp\/v2\/media?parent=1068"}],"wp:term":[{"taxonomy":"product_brand","embeddable":true,"href":"https:\/\/topkeymedical.com\/tr\/wp-json\/wp\/v2\/product_brand?post=1068"},{"taxonomy":"product_cat","embeddable":true,"href":"https:\/\/topkeymedical.com\/tr\/wp-json\/wp\/v2\/product_cat?post=1068"},{"taxonomy":"product_tag","embeddable":true,"href":"https:\/\/topkeymedical.com\/tr\/wp-json\/wp\/v2\/product_tag?post=1068"}],"curies":[{"name":"wp","href":"https:\/\/api.w.org\/{rel}","templated":true}]}}