{"id":1077,"date":"2025-07-13T03:48:53","date_gmt":"2025-07-13T03:48:53","guid":{"rendered":"https:\/\/topkeymedical.com\/?post_type=product&#038;p=1077"},"modified":"2025-11-20T07:47:38","modified_gmt":"2025-11-20T07:47:38","slug":"duzensiz-igne-bicagi-sekilli-igne-bicagi","status":"publish","type":"product","link":"https:\/\/topkeymedical.com\/tr\/urun\/duzensiz-igne-bicagi-sekilli-igne-bicagi\/","title":{"rendered":"D\u00fczensiz \u0130\u011fne B\u0131\u00e7a\u011f\u0131, \u015eekilli \u0130\u011fne B\u0131\u00e7a\u011f\u0131"},"content":{"rendered":"<h2 data-start=\"1621\" data-end=\"1653\">Teknik \u00d6zellikler<\/h2>\n<div class=\"_tableContainer_1rjym_1\">\n<div class=\"_tableWrapper_1rjym_13 group flex w-fit flex-col-reverse\" tabindex=\"-1\">\n<table class=\"w-fit min-w-(--thread-content-width)\" data-start=\"1655\" data-end=\"3276\">\n<thead data-start=\"1655\" data-end=\"1769\">\n<tr data-start=\"1655\" data-end=\"1769\">\n<th data-start=\"1655\" data-end=\"1687\" data-col-size=\"sm\">Parametre<\/th>\n<th data-start=\"1687\" data-end=\"1769\" data-col-size=\"md\">De\u011fer \/ A\u00e7\u0131klama<\/th>\n<\/tr>\n<\/thead>\n<tbody data-start=\"1886\" data-end=\"3276\">\n<tr data-start=\"1886\" data-end=\"2001\">\n<td data-start=\"1886\" data-end=\"1919\" data-col-size=\"sm\"><strong data-start=\"1888\" data-end=\"1904\">\u00dcr\u00fcn Ad\u0131<\/strong><\/td>\n<td data-start=\"1919\" data-end=\"2001\" data-col-size=\"md\">D\u00fczensiz \u0130\u011fne B\u0131\u00e7a\u011f\u0131 \/ \u015eekilli \u0130\u011fne B\u0131\u00e7a\u011f\u0131<\/td>\n<\/tr>\n<tr data-start=\"2002\" data-end=\"2117\">\n<td data-start=\"2002\" data-end=\"2035\" data-col-size=\"sm\"><strong data-start=\"2004\" data-end=\"2024\">Malzeme - B\u0131\u00e7ak<\/strong><\/td>\n<td data-start=\"2035\" data-end=\"2117\" data-col-size=\"md\">T\u0131bbi s\u0131n\u0131f paslanmaz \u00e7elik SUS304 (ISO 9626 uyumlu)<\/td>\n<\/tr>\n<tr data-start=\"2118\" data-end=\"2233\">\n<td data-start=\"2118\" data-end=\"2151\" data-col-size=\"sm\"><strong data-start=\"2120\" data-end=\"2141\">Malzeme - Sap<\/strong><\/td>\n<td data-start=\"2151\" data-end=\"2233\" data-col-size=\"md\">Kaymay\u0131 \u00f6nleyici dokuya sahip paslanmaz \u00e7elik \/ polipropilen (pagoda, t\u0131rt\u0131l vb.)<\/td>\n<\/tr>\n<tr data-start=\"2234\" data-end=\"2349\">\n<td data-start=\"2234\" data-end=\"2267\" data-col-size=\"sm\"><strong data-start=\"2236\" data-end=\"2250\">B\u0131\u00e7ak Tipi<\/strong><\/td>\n<td data-start=\"2267\" data-end=\"2349\" data-col-size=\"md\">Optimize edilmi\u015f kesme a\u00e7\u0131s\u0131na sahip hassas ta\u015flanm\u0131\u015f, d\u00fczensiz \u015fekilli b\u0131\u00e7ak<\/td>\n<\/tr>\n<tr data-start=\"2350\" data-end=\"2465\">\n<td data-start=\"2350\" data-end=\"2383\" data-col-size=\"sm\"><strong data-start=\"2352\" data-end=\"2370\">B\u0131\u00e7ak \u00d6zellikleri<\/strong><\/td>\n<td data-start=\"2383\" data-end=\"2465\" data-col-size=\"md\">Ultra keskin kenar, d\u00fc\u015f\u00fck diren\u00e7, daha az a\u011fr\u0131, orta k\u0131s\u0131m b\u00fck\u00fclebilir<\/td>\n<\/tr>\n<tr data-start=\"2466\" data-end=\"2580\">\n<td data-start=\"2466\" data-end=\"2499\" data-col-size=\"sm\"><strong data-start=\"2468\" data-end=\"2482\">Boyut Aral\u0131\u011f\u0131<\/strong><\/td>\n<td data-start=\"2499\" data-end=\"2580\" data-col-size=\"md\">10Fr - 25Fr (1 Fr = 0,33 mm \u00e7ap; boyut aral\u0131\u011f\u0131 \u2248 3,3 mm - 8,3 mm)<\/td>\n<\/tr>\n<tr data-start=\"2581\" data-end=\"2696\">\n<td data-start=\"2581\" data-end=\"2614\" data-col-size=\"sm\"><strong data-start=\"2583\" data-end=\"2604\">Ba\u011flant\u0131 \/ Kavrama<\/strong><\/td>\n<td data-start=\"2614\" data-end=\"2696\" data-col-size=\"md\">Kaymaz tasar\u0131mlar mevcuttur (pagoda stili, t\u0131rt\u0131kl\u0131 veya \u00f6zelle\u015ftirilmi\u015f)<\/td>\n<\/tr>\n<tr data-start=\"2697\" data-end=\"2812\">\n<td data-start=\"2697\" data-end=\"2730\" data-col-size=\"sm\"><strong data-start=\"2699\" data-end=\"2723\">Sterilizasyon Y\u00f6ntemi<\/strong><\/td>\n<td data-start=\"2730\" data-end=\"2812\" data-col-size=\"md\">EO (Etilen Oksit) ile sterilize edilmi\u015f veya Gamma ile sterilize edilmi\u015f<\/td>\n<\/tr>\n<tr data-start=\"2813\" data-end=\"2928\">\n<td data-start=\"2813\" data-end=\"2846\" data-col-size=\"sm\"><strong data-start=\"2815\" data-end=\"2828\">Paketleme<\/strong><\/td>\n<td data-start=\"2846\" data-end=\"2928\" data-col-size=\"md\">Tek tek steril blister ambalajlar, kutu ba\u015f\u0131na 10-50 adet<\/td>\n<\/tr>\n<tr data-start=\"2929\" data-end=\"3044\">\n<td data-start=\"2929\" data-end=\"2962\" data-col-size=\"sm\"><strong data-start=\"2931\" data-end=\"2945\">Tek Kullan\u0131ml\u0131k<\/strong><\/td>\n<td data-start=\"2962\" data-end=\"3044\" data-col-size=\"md\">Evet<\/td>\n<\/tr>\n<tr data-start=\"3045\" data-end=\"3160\">\n<td data-start=\"3045\" data-end=\"3078\" data-col-size=\"sm\"><strong data-start=\"3047\" data-end=\"3064\">Sertifikasyon<\/strong><\/td>\n<td data-start=\"3078\" data-end=\"3160\" data-col-size=\"md\">ISO 13485, CE i\u015fareti, FDA uyumlulu\u011fu (b\u00f6lgesel)<\/td>\n<\/tr>\n<tr data-start=\"3161\" data-end=\"3276\">\n<td data-start=\"3161\" data-end=\"3194\" data-col-size=\"sm\"><strong data-start=\"3163\" data-end=\"3177\">Raf \u00d6mr\u00fc<\/strong><\/td>\n<td data-start=\"3194\" data-end=\"3276\" data-col-size=\"md\">\u00d6nerilen saklama ko\u015fullar\u0131 alt\u0131nda 3-5 y\u0131l<\/td>\n<\/tr>\n<\/tbody>\n<\/table>\n<\/div>\n<\/div>\n<hr data-start=\"3278\" data-end=\"3281\" \/>\n<p>D\u00fczensiz \u0130\u011fne B\u0131\u00e7a\u011f\u0131 (\u015eekilli \u0130\u011fne B\u0131\u00e7a\u011f\u0131): Geli\u015fmi\u015f Mikrocerrahi Serbest B\u0131rakma i\u00e7in Biyomekanik Olarak Optimize Edildi<\/p>\n<h2>\u015eekilli \u0130\u011fne B\u0131\u00e7ak Klinik Ama\u00e7l\u0131<\/h2>\n<p>Geometrik olarak tasarlanm\u0131\u015f i\u011fne b\u0131\u00e7a\u011f\u0131m\u0131z, dar alanl\u0131 cerrahi prosed\u00fcrlerde benzersiz hassasiyet sa\u011flar. Endoskopik, ortopedik ve n\u00f6ro\u015fir\u00fcrjikal m\u00fcdahalelerde se\u00e7ici doku serbest b\u0131rakma i\u00e7in tasarlanan de\u011fi\u015fken profilli b\u0131\u00e7a\u011f\u0131, kritik yap\u0131lar\u0131 korurken kontroll\u00fc diseksiyon sa\u011flar.<\/p>\n<h2>D\u00fczensiz \u0130\u011fne B\u0131\u00e7a\u011f\u0131n\u0131n Temel Avantajlar\u0131<\/h2>\n<p><strong>Ultra Hassas Kesim Biyomekani\u011fi<\/strong><br \/>\nHesaplamal\u0131 olarak optimize edilmi\u015f b\u0131\u00e7ak a\u00e7\u0131lar\u0131 (patent beklemede) doku direncini standart b\u0131\u00e7aklara k\u0131yasla 60% azalt\u0131r.<br \/>\nNano \u00f6l\u00e7ekli ayna kenarlar\u0131 (Ra \u22640,05\u03bcm) 50+ prosed\u00fcr boyunca keskinli\u011fini korur.<\/p>\n<p><strong>Dinamik \u015eekillendirme \u00d6zelli\u011fi<\/strong><br \/>\nOrta b\u0131\u00e7ak red\u00fcksiyon b\u00f6lgesi, k\u0131r\u0131lma riski olmadan i\u015flem s\u0131ras\u0131nda b\u00fck\u00fclmeyi (0\u00b0-90\u00b0) sa\u011flar.<br \/>\nDokunsal geri bildirim geli\u015ftirme, doku yo\u011funlu\u011fu ge\u00e7i\u015flerini tespit eder.<\/p>\n<p><strong>Prosed\u00fcrel G\u00fcvenlik<\/strong><br \/>\nPagoda\/t\u0131rnakl\u0131 kuyruklar kanl\u0131\/ak\u0131\u015fkan alanlarda pozitif kavrama sa\u011flar.<br \/>\nKademeli konik ge\u00e7i\u015f, ikincil hasar\u0131 en aza indirir (onaylanm\u0131\u015f nekroz b\u00f6lgesi &lt;200\u03bcm).<\/p>\n<p class=\"ds-markdown-paragraph\"><strong>\u0130leri Malzeme Bilimi<\/strong><\/p>\n<div class=\"markdown-table-wrapper\">\n<table>\n<thead>\n<tr>\n<th>Bile\u015fen<\/th>\n<th>\u015eartname<\/th>\n<\/tr>\n<\/thead>\n<tbody>\n<tr>\n<td><strong>B\u0131\u00e7ak \u00c7ekirde\u011fi<\/strong><\/td>\n<td>T\u0131bbi SUS304 (HRC 58\u00b11, ASTM F899)<\/td>\n<\/tr>\n<tr>\n<td><strong>Kenar \u0130\u015flemi<\/strong><\/td>\n<td>Kriyojenik sertle\u015ftirme + elmas benzeri karbon kaplama<\/td>\n<\/tr>\n<tr>\n<td><strong>Tutamak<\/strong><\/td>\n<td>ERGAL\u2122 havac\u0131l\u0131k al\u00fcminyumundan dokulu kavrama<\/td>\n<\/tr>\n<\/tbody>\n<\/table>\n<\/div>\n<p class=\"ds-markdown-paragraph\"><strong>Teknik \u00d6zellikler<\/strong><\/p>\n<div class=\"markdown-table-wrapper\">\n<table>\n<thead>\n<tr>\n<th>Parametre<\/th>\n<th>\u015eartname<\/th>\n<\/tr>\n<\/thead>\n<tbody>\n<tr>\n<td>Boyutlar<\/td>\n<td><strong>10Fr (3,3 mm) - 25Fr (8,3 mm)<\/strong><\/td>\n<\/tr>\n<tr>\n<td>B\u0131\u00e7ak Uzunlu\u011fu<\/td>\n<td>3mm \/ 5mm \/ 10mm (\u00b10.05mm)<\/td>\n<\/tr>\n<tr>\n<td>B\u00fck\u00fclme Yar\u0131\u00e7ap\u0131<\/td>\n<td>\u22651,5 mm (30+ d\u00f6ng\u00fc)<\/td>\n<\/tr>\n<tr>\n<td>Kesme Kuvveti<\/td>\n<td>0,15-0,8N (dokuya ba\u011fl\u0131)<\/td>\n<\/tr>\n<\/tbody>\n<\/table>\n<p class=\"ds-markdown-paragraph\"><strong>Kritik Uygulamalar<\/strong><\/p>\n<ul>\n<li>\n<p class=\"ds-markdown-paragraph\">Endoskopik submukozal diseksiyon (<a href=\"https:\/\/gleneagles.hk\/medical-treatments\/endoscopic-submucosal-dissection-esd\" target=\"_blank\" rel=\"noopener\">ESD<\/a>)<\/p>\n<\/li>\n<li>\n<p class=\"ds-markdown-paragraph\">Spinal ligamentum flavum gev\u015femesi<\/p>\n<\/li>\n<li>\n<p class=\"ds-markdown-paragraph\">Periferik sinir dekompresyonu<\/p>\n<\/li>\n<li>\n<p class=\"ds-markdown-paragraph\">Artroskopik adezyon lizisi<\/p>\n<\/li>\n<\/ul>\n<\/div>","protected":false},"excerpt":{"rendered":"<p>D\u00fczensiz \u0130\u011fne B\u0131\u00e7a\u011f\u0131 \u00dcr\u00fcn Tan\u0131t\u0131m\u0131:<br \/>\nY\u00fcksek kaliteli T\u0131bbi SuS304, b\u0131\u00e7a\u011f\u0131n a\u00e7\u0131s\u0131 profesyonelce hesaplanm\u0131\u015ft\u0131r ve b\u0131\u00e7ak, d\u00fc\u015f\u00fck kesme direnci ve azalt\u0131lm\u0131\u015f a\u011fr\u0131 ile son derece keskin olan say\u0131s\u0131z kez hassas bir \u015fekilde ta\u015flanm\u0131\u015ft\u0131r. B\u0131\u00e7a\u011f\u0131n orta k\u0131sm\u0131 azalt\u0131labilir, bu da doktorlar\u0131n daha pratik olan b\u00fck\u00fclmesi i\u00e7in uygundur. Kuyruk pagoda, t\u0131rt\u0131l ve di\u011fer kaymaz i\u015flemlerden yap\u0131labilir.<\/p>\n<p>\u00dcr\u00fcn \u00d6zellikleri:<br \/>\nBoyut: 10Fr-25Fr<\/p>","protected":false},"featured_media":1078,"template":"","meta":{"_acf_changed":false,"site-sidebar-layout":"default","site-content-layout":"","ast-site-content-layout":"default","site-content-style":"default","site-sidebar-style":"default","ast-global-header-display":"","ast-banner-title-visibility":"","ast-main-header-display":"","ast-hfb-above-header-display":"","ast-hfb-below-header-display":"","ast-hfb-mobile-header-display":"","site-post-title":"","ast-breadcrumbs-content":"","ast-featured-img":"","footer-sml-layout":"","ast-disable-related-posts":"","theme-transparent-header-meta":"default","adv-header-id-meta":"","stick-header-meta":"","header-above-stick-meta":"","header-main-stick-meta":"","header-below-stick-meta":"","astra-migrate-meta-layouts":"set","ast-page-background-enabled":"default","ast-page-background-meta":{"desktop":{"background-color":"var(--ast-global-color-5)","background-image":"","background-repeat":"repeat","background-position":"center center","background-size":"auto","background-attachment":"scroll","background-type":"","background-media":"","overlay-type":"","overlay-color":"","overlay-opacity":"","overlay-gradient":""},"tablet":{"background-color":"","background-image":"","background-repeat":"repeat","background-position":"center center","background-size":"auto","background-attachment":"scroll","background-type":"","background-media":"","overlay-type":"","overlay-color":"","overlay-opacity":"","overlay-gradient":""},"mobile":{"background-color":"","background-image":"","background-repeat":"repeat","background-position":"center center","background-size":"auto","background-attachment":"scroll","background-type":"","background-media":"","overlay-type":"","overlay-color":"","overlay-opacity":"","overlay-gradient":""}},"ast-content-background-meta":{"desktop":{"background-color":"var(--ast-global-color-4)","background-image":"","background-repeat":"repeat","background-position":"center center","background-size":"auto","background-attachment":"scroll","background-type":"","background-media":"","overlay-type":"","overlay-color":"","overlay-opacity":"","overlay-gradient":""},"tablet":{"background-color":"var(--ast-global-color-4)","background-image":"","background-repeat":"repeat","background-position":"center center","background-size":"auto","background-attachment":"scroll","background-type":"","background-media":"","overlay-type":"","overlay-color":"","overlay-opacity":"","overlay-gradient":""},"mobile":{"background-color":"var(--ast-global-color-4)","background-image":"","background-repeat":"repeat","background-position":"center center","background-size":"auto","background-attachment":"scroll","background-type":"","background-media":"","overlay-type":"","overlay-color":"","overlay-opacity":"","overlay-gradient":""}}},"product_brand":[],"product_cat":[65],"product_tag":[],"class_list":{"0":"post-1077","1":"product","2":"type-product","3":"status-publish","4":"has-post-thumbnail","6":"product_cat-specialty-needles","7":"desktop-align-left","8":"tablet-align-left","9":"mobile-align-left","11":"first","12":"instock","13":"shipping-taxable","14":"product-type-simple"},"acf":[],"yoast_head":"<!-- This site is optimized with the Yoast SEO plugin v27.4 - https:\/\/yoast.com\/product\/yoast-seo-wordpress\/ -->\n<title>Irregular Needle Knife, Shaped Needle Knife 10Fr-25Fr<\/title>\n<meta name=\"description\" content=\"Irregular Needle Knife: High-quality Medical SuS304, the angle of the blade is professionally calculated, and the blade has been precision ground\" \/>\n<meta name=\"robots\" content=\"index, follow, max-snippet:-1, max-image-preview:large, max-video-preview:-1\" \/>\n<link rel=\"canonical\" href=\"https:\/\/topkeymedical.com\/tr\/urun\/duzensiz-igne-bicagi-sekilli-igne-bicagi\/\" \/>\n<meta property=\"og:locale\" content=\"tr_TR\" \/>\n<meta property=\"og:type\" content=\"article\" \/>\n<meta property=\"og:title\" content=\"Irregular Needle Knife, Shaped Needle Knife 10Fr-25Fr\" \/>\n<meta property=\"og:description\" content=\"Irregular Needle Knife: High-quality Medical SuS304, the angle of the blade is professionally calculated, and the blade has been precision ground\" \/>\n<meta property=\"og:url\" content=\"https:\/\/topkeymedical.com\/tr\/urun\/duzensiz-igne-bicagi-sekilli-igne-bicagi\/\" \/>\n<meta property=\"og:site_name\" content=\"TOPKEY\u2013 Precision in Every Detail, Guardian of Life and Health\" \/>\n<meta property=\"article:publisher\" content=\"https:\/\/www.facebook.com\/profile.php?id=100088897294997\" \/>\n<meta property=\"article:modified_time\" content=\"2025-11-20T07:47:38+00:00\" \/>\n<meta property=\"og:image\" content=\"https:\/\/topkeymedical.com\/wp-content\/uploads\/2025\/07\/Irregular-Needle-Knife.webp\" \/>\n\t<meta property=\"og:image:width\" content=\"1000\" \/>\n\t<meta property=\"og:image:height\" content=\"1000\" \/>\n\t<meta property=\"og:image:type\" content=\"image\/webp\" \/>\n<meta name=\"twitter:card\" content=\"summary_large_image\" \/>\n<meta name=\"twitter:label1\" content=\"Tahmini okuma s\u00fcresi\" \/>\n\t<meta name=\"twitter:data1\" content=\"2 dakika\" \/>\n<script type=\"application\/ld+json\" class=\"yoast-schema-graph\">{\"@context\":\"https:\\\/\\\/schema.org\",\"@graph\":[{\"@type\":\"WebPage\",\"@id\":\"https:\\\/\\\/topkeymedical.com\\\/product\\\/irregular-needle-knife-shaped-needle-knife\\\/\",\"url\":\"https:\\\/\\\/topkeymedical.com\\\/product\\\/irregular-needle-knife-shaped-needle-knife\\\/\",\"name\":\"Irregular Needle Knife, Shaped Needle Knife 10Fr-25Fr\",\"isPartOf\":{\"@id\":\"https:\\\/\\\/topkeymedical.com\\\/#website\"},\"primaryImageOfPage\":{\"@id\":\"https:\\\/\\\/topkeymedical.com\\\/product\\\/irregular-needle-knife-shaped-needle-knife\\\/#primaryimage\"},\"image\":{\"@id\":\"https:\\\/\\\/topkeymedical.com\\\/product\\\/irregular-needle-knife-shaped-needle-knife\\\/#primaryimage\"},\"thumbnailUrl\":\"https:\\\/\\\/topkeymedical.com\\\/wp-content\\\/uploads\\\/2025\\\/07\\\/Irregular-Needle-Knife.webp\",\"datePublished\":\"2025-07-13T03:48:53+00:00\",\"dateModified\":\"2025-11-20T07:47:38+00:00\",\"description\":\"Irregular Needle Knife: High-quality Medical SuS304, the angle of the blade is professionally calculated, and the blade has been precision ground\",\"breadcrumb\":{\"@id\":\"https:\\\/\\\/topkeymedical.com\\\/product\\\/irregular-needle-knife-shaped-needle-knife\\\/#breadcrumb\"},\"inLanguage\":\"tr\",\"potentialAction\":[{\"@type\":\"ReadAction\",\"target\":[\"https:\\\/\\\/topkeymedical.com\\\/product\\\/irregular-needle-knife-shaped-needle-knife\\\/\"]}]},{\"@type\":\"ImageObject\",\"inLanguage\":\"tr\",\"@id\":\"https:\\\/\\\/topkeymedical.com\\\/product\\\/irregular-needle-knife-shaped-needle-knife\\\/#primaryimage\",\"url\":\"https:\\\/\\\/topkeymedical.com\\\/wp-content\\\/uploads\\\/2025\\\/07\\\/Irregular-Needle-Knife.webp\",\"contentUrl\":\"https:\\\/\\\/topkeymedical.com\\\/wp-content\\\/uploads\\\/2025\\\/07\\\/Irregular-Needle-Knife.webp\",\"width\":1000,\"height\":1000,\"caption\":\"Irregular Needle Knife, Shaped Needle Knife\"},{\"@type\":\"BreadcrumbList\",\"@id\":\"https:\\\/\\\/topkeymedical.com\\\/product\\\/irregular-needle-knife-shaped-needle-knife\\\/#breadcrumb\",\"itemListElement\":[{\"@type\":\"ListItem\",\"position\":1,\"name\":\"Home\",\"item\":\"https:\\\/\\\/topkeymedical.com\\\/\"},{\"@type\":\"ListItem\",\"position\":2,\"name\":\"Products\",\"item\":\"https:\\\/\\\/topkeymedical.com\\\/shop\\\/\"},{\"@type\":\"ListItem\",\"position\":3,\"name\":\"Irregular Needle Knife, Shaped Needle Knife\"}]},{\"@type\":\"WebSite\",\"@id\":\"https:\\\/\\\/topkeymedical.com\\\/#website\",\"url\":\"https:\\\/\\\/topkeymedical.com\\\/\",\"name\":\"TOPKEY\u2013 Precision in Every Detail, Guardian of Life and Health\",\"description\":\"\",\"publisher\":{\"@id\":\"https:\\\/\\\/topkeymedical.com\\\/#organization\"},\"potentialAction\":[{\"@type\":\"SearchAction\",\"target\":{\"@type\":\"EntryPoint\",\"urlTemplate\":\"https:\\\/\\\/topkeymedical.com\\\/?s={search_term_string}\"},\"query-input\":{\"@type\":\"PropertyValueSpecification\",\"valueRequired\":true,\"valueName\":\"search_term_string\"}}],\"inLanguage\":\"tr\"},{\"@type\":\"Organization\",\"@id\":\"https:\\\/\\\/topkeymedical.com\\\/#organization\",\"name\":\"TOPKEY\u2013 Precision in Every Detail, Guardian of Life and Health\",\"url\":\"https:\\\/\\\/topkeymedical.com\\\/\",\"logo\":{\"@type\":\"ImageObject\",\"inLanguage\":\"tr\",\"@id\":\"https:\\\/\\\/topkeymedical.com\\\/#\\\/schema\\\/logo\\\/image\\\/\",\"url\":\"https:\\\/\\\/topkeymedical.com\\\/wp-content\\\/uploads\\\/2025\\\/05\\\/cropped-logo.jpg\",\"contentUrl\":\"https:\\\/\\\/topkeymedical.com\\\/wp-content\\\/uploads\\\/2025\\\/05\\\/cropped-logo.jpg\",\"width\":512,\"height\":512,\"caption\":\"TOPKEY\u2013 Precision in Every Detail, Guardian of Life and Health\"},\"image\":{\"@id\":\"https:\\\/\\\/topkeymedical.com\\\/#\\\/schema\\\/logo\\\/image\\\/\"},\"sameAs\":[\"https:\\\/\\\/www.facebook.com\\\/profile.php?id=100088897294997\",\"https:\\\/\\\/www.youtube.com\\\/@TopkeyMedical-Alice888\",\"https:\\\/\\\/www.linkedin.com\\\/in\\\/alice-hu-bb66a01b3\\\/\"]}]}<\/script>\n<!-- \/ Yoast SEO plugin. -->","yoast_head_json":{"title":"D\u00fczensiz \u0130\u011fne B\u0131\u00e7a\u011f\u0131, \u015eekilli \u0130\u011fne B\u0131\u00e7a\u011f\u0131 10Fr-25Fr","description":"D\u00fczensiz \u0130\u011fne B\u0131\u00e7a\u011f\u0131: Y\u00fcksek kaliteli T\u0131bbi SuS304, b\u0131\u00e7a\u011f\u0131n a\u00e7\u0131s\u0131 profesyonelce hesaplanm\u0131\u015f ve b\u0131\u00e7ak hassas bir \u015fekilde ta\u015flanm\u0131\u015ft\u0131r","robots":{"index":"index","follow":"follow","max-snippet":"max-snippet:-1","max-image-preview":"max-image-preview:large","max-video-preview":"max-video-preview:-1"},"canonical":"https:\/\/topkeymedical.com\/tr\/urun\/duzensiz-igne-bicagi-sekilli-igne-bicagi\/","og_locale":"tr_TR","og_type":"article","og_title":"Irregular Needle Knife, Shaped Needle Knife 10Fr-25Fr","og_description":"Irregular Needle Knife: High-quality Medical SuS304, the angle of the blade is professionally calculated, and the blade has been precision ground","og_url":"https:\/\/topkeymedical.com\/tr\/urun\/duzensiz-igne-bicagi-sekilli-igne-bicagi\/","og_site_name":"TOPKEY\u2013 Precision in Every Detail, Guardian of Life and Health","article_publisher":"https:\/\/www.facebook.com\/profile.php?id=100088897294997","article_modified_time":"2025-11-20T07:47:38+00:00","og_image":[{"width":1000,"height":1000,"url":"https:\/\/topkeymedical.com\/wp-content\/uploads\/2025\/07\/Irregular-Needle-Knife.webp","type":"image\/webp"}],"twitter_card":"summary_large_image","twitter_misc":{"Tahmini okuma s\u00fcresi":"2 dakika"},"schema":{"@context":"https:\/\/schema.org","@graph":[{"@type":"WebPage","@id":"https:\/\/topkeymedical.com\/product\/irregular-needle-knife-shaped-needle-knife\/","url":"https:\/\/topkeymedical.com\/product\/irregular-needle-knife-shaped-needle-knife\/","name":"D\u00fczensiz \u0130\u011fne B\u0131\u00e7a\u011f\u0131, \u015eekilli \u0130\u011fne B\u0131\u00e7a\u011f\u0131 10Fr-25Fr","isPartOf":{"@id":"https:\/\/topkeymedical.com\/#website"},"primaryImageOfPage":{"@id":"https:\/\/topkeymedical.com\/product\/irregular-needle-knife-shaped-needle-knife\/#primaryimage"},"image":{"@id":"https:\/\/topkeymedical.com\/product\/irregular-needle-knife-shaped-needle-knife\/#primaryimage"},"thumbnailUrl":"https:\/\/topkeymedical.com\/wp-content\/uploads\/2025\/07\/Irregular-Needle-Knife.webp","datePublished":"2025-07-13T03:48:53+00:00","dateModified":"2025-11-20T07:47:38+00:00","description":"D\u00fczensiz \u0130\u011fne B\u0131\u00e7a\u011f\u0131: Y\u00fcksek kaliteli T\u0131bbi SuS304, b\u0131\u00e7a\u011f\u0131n a\u00e7\u0131s\u0131 profesyonelce hesaplanm\u0131\u015f ve b\u0131\u00e7ak hassas bir \u015fekilde ta\u015flanm\u0131\u015ft\u0131r","breadcrumb":{"@id":"https:\/\/topkeymedical.com\/product\/irregular-needle-knife-shaped-needle-knife\/#breadcrumb"},"inLanguage":"tr","potentialAction":[{"@type":"ReadAction","target":["https:\/\/topkeymedical.com\/product\/irregular-needle-knife-shaped-needle-knife\/"]}]},{"@type":"ImageObject","inLanguage":"tr","@id":"https:\/\/topkeymedical.com\/product\/irregular-needle-knife-shaped-needle-knife\/#primaryimage","url":"https:\/\/topkeymedical.com\/wp-content\/uploads\/2025\/07\/Irregular-Needle-Knife.webp","contentUrl":"https:\/\/topkeymedical.com\/wp-content\/uploads\/2025\/07\/Irregular-Needle-Knife.webp","width":1000,"height":1000,"caption":"Irregular Needle Knife, Shaped Needle Knife"},{"@type":"BreadcrumbList","@id":"https:\/\/topkeymedical.com\/product\/irregular-needle-knife-shaped-needle-knife\/#breadcrumb","itemListElement":[{"@type":"ListItem","position":1,"name":"Home","item":"https:\/\/topkeymedical.com\/"},{"@type":"ListItem","position":2,"name":"Products","item":"https:\/\/topkeymedical.com\/shop\/"},{"@type":"ListItem","position":3,"name":"Irregular Needle Knife, Shaped Needle Knife"}]},{"@type":"WebSite","@id":"https:\/\/topkeymedical.com\/#website","url":"https:\/\/topkeymedical.com\/","name":"TOPKEY- Her Ayr\u0131nt\u0131da Hassasiyet, Ya\u015fam ve Sa\u011fl\u0131\u011f\u0131n Koruyucusu","description":"","publisher":{"@id":"https:\/\/topkeymedical.com\/#organization"},"potentialAction":[{"@type":"SearchAction","target":{"@type":"EntryPoint","urlTemplate":"https:\/\/topkeymedical.com\/?s={search_term_string}"},"query-input":{"@type":"PropertyValueSpecification","valueRequired":true,"valueName":"search_term_string"}}],"inLanguage":"tr"},{"@type":"Organization","@id":"https:\/\/topkeymedical.com\/#organization","name":"TOPKEY- Her Ayr\u0131nt\u0131da Hassasiyet, Ya\u015fam ve Sa\u011fl\u0131\u011f\u0131n Koruyucusu","url":"https:\/\/topkeymedical.com\/","logo":{"@type":"ImageObject","inLanguage":"tr","@id":"https:\/\/topkeymedical.com\/#\/schema\/logo\/image\/","url":"https:\/\/topkeymedical.com\/wp-content\/uploads\/2025\/05\/cropped-logo.jpg","contentUrl":"https:\/\/topkeymedical.com\/wp-content\/uploads\/2025\/05\/cropped-logo.jpg","width":512,"height":512,"caption":"TOPKEY\u2013 Precision in Every Detail, Guardian of Life and Health"},"image":{"@id":"https:\/\/topkeymedical.com\/#\/schema\/logo\/image\/"},"sameAs":["https:\/\/www.facebook.com\/profile.php?id=100088897294997","https:\/\/www.youtube.com\/@TopkeyMedical-Alice888","https:\/\/www.linkedin.com\/in\/alice-hu-bb66a01b3\/"]}]}},"_links":{"self":[{"href":"https:\/\/topkeymedical.com\/tr\/wp-json\/wp\/v2\/product\/1077","targetHints":{"allow":["GET"]}}],"collection":[{"href":"https:\/\/topkeymedical.com\/tr\/wp-json\/wp\/v2\/product"}],"about":[{"href":"https:\/\/topkeymedical.com\/tr\/wp-json\/wp\/v2\/types\/product"}],"version-history":[{"count":4,"href":"https:\/\/topkeymedical.com\/tr\/wp-json\/wp\/v2\/product\/1077\/revisions"}],"predecessor-version":[{"id":1548,"href":"https:\/\/topkeymedical.com\/tr\/wp-json\/wp\/v2\/product\/1077\/revisions\/1548"}],"wp:featuredmedia":[{"embeddable":true,"href":"https:\/\/topkeymedical.com\/tr\/wp-json\/wp\/v2\/media\/1078"}],"wp:attachment":[{"href":"https:\/\/topkeymedical.com\/tr\/wp-json\/wp\/v2\/media?parent=1077"}],"wp:term":[{"taxonomy":"product_brand","embeddable":true,"href":"https:\/\/topkeymedical.com\/tr\/wp-json\/wp\/v2\/product_brand?post=1077"},{"taxonomy":"product_cat","embeddable":true,"href":"https:\/\/topkeymedical.com\/tr\/wp-json\/wp\/v2\/product_cat?post=1077"},{"taxonomy":"product_tag","embeddable":true,"href":"https:\/\/topkeymedical.com\/tr\/wp-json\/wp\/v2\/product_tag?post=1077"}],"curies":[{"name":"wp","href":"https:\/\/api.w.org\/{rel}","templated":true}]}}