{"id":1101,"date":"2025-07-19T11:52:22","date_gmt":"2025-07-19T11:52:22","guid":{"rendered":"https:\/\/topkeymedical.com\/?post_type=product&#038;p=1101"},"modified":"2025-11-29T15:33:06","modified_gmt":"2025-11-29T15:33:06","slug":"manuel-12-kanalli-pipet","status":"publish","type":"product","link":"https:\/\/topkeymedical.com\/tr\/urun\/manuel-12-kanalli-pipet\/","title":{"rendered":"Manuel 12 Kanall\u0131 Pipet, Pipet \u00dcreticisi"},"content":{"rendered":"<h2>Manuel 12 kanall\u0131 pipet teknik parametresi:<\/h2>\n<table>\n<tbody>\n<tr>\n<td rowspan=\"3\" width=\"101\">Model<\/td>\n<td rowspan=\"3\" width=\"108\">spesifikasyon<\/td>\n<td rowspan=\"3\" width=\"81\">Art\u0131\u015f<\/td>\n<td rowspan=\"2\" width=\"86\">\u00d6l\u00e7\u00fcm noktas\u0131<\/td>\n<td width=\"103\">\u0130zin verilen maksimum hata<\/td>\n<td width=\"100\">\u0130zin verilen maksimum hata<\/td>\n<\/tr>\n<tr>\n<td width=\"103\">Yanl\u0131\u015fl\u0131k<\/td>\n<td width=\"100\">Yanl\u0131\u015fl\u0131k<\/td>\n<\/tr>\n<tr>\n<td width=\"86\">\u03bcL<\/td>\n<td width=\"103\">%<\/td>\n<td width=\"100\">%<\/td>\n<\/tr>\n<tr>\n<td rowspan=\"3\" width=\"101\">0,5~10\u03bcL<\/td>\n<td rowspan=\"3\" width=\"108\">0,5~10\u03bcL<\/td>\n<td rowspan=\"3\" width=\"81\">0.1\u03bcL<\/td>\n<td width=\"86\">10\u03bcL<\/td>\n<td width=\"103\">\u00b11.50%<\/td>\n<td width=\"100\">1.50%<\/td>\n<\/tr>\n<tr>\n<td width=\"86\">5\u03bcL<\/td>\n<td width=\"103\">\u00b12.50%<\/td>\n<td width=\"100\">2.50%<\/td>\n<\/tr>\n<tr>\n<td width=\"86\">1\u03bcL<\/td>\n<td width=\"103\">\u00b14.00%<\/td>\n<td width=\"100\">4.00%<\/td>\n<\/tr>\n<tr>\n<td rowspan=\"3\" width=\"101\">5~50\u03bcL<\/td>\n<td rowspan=\"3\" width=\"108\">5~50\u03bcL<\/td>\n<td rowspan=\"3\" width=\"81\">0.5\u03bcL<\/td>\n<td width=\"86\">50\u03bcL<\/td>\n<td width=\"103\">\u00b11.00%<\/td>\n<td width=\"100\">0.50%<\/td>\n<\/tr>\n<tr>\n<td width=\"86\">25\u03bcL<\/td>\n<td width=\"103\">\u00b11.50%<\/td>\n<td width=\"100\">1.00%<\/td>\n<\/tr>\n<tr>\n<td width=\"86\">5\u03bcL<\/td>\n<td width=\"103\">\u00b13.00%<\/td>\n<td width=\"100\">2.00%<\/td>\n<\/tr>\n<tr>\n<td rowspan=\"3\" width=\"101\">50~300\u03bcL<\/td>\n<td rowspan=\"3\" width=\"108\">50~300\u03bcL<\/td>\n<td rowspan=\"3\" width=\"81\">5\u03bcL<\/td>\n<td width=\"86\">300\u03bcL<\/td>\n<td width=\"103\">\u00b10.70%<\/td>\n<td width=\"100\">0.25%<\/td>\n<\/tr>\n<tr>\n<td width=\"86\">150\u03bcL<\/td>\n<td width=\"103\">\u00b11.00%<\/td>\n<td width=\"100\">0.50%<\/td>\n<\/tr>\n<tr>\n<td width=\"86\">50\u03bcL<\/td>\n<td width=\"103\">\u00b11.50%<\/td>\n<td width=\"100\">0.80%<\/td>\n<\/tr>\n<\/tbody>\n<\/table>\n<figure id=\"attachment_1102\" aria-describedby=\"caption-attachment-1102\" style=\"width: 1000px\" class=\"wp-caption aligncenter\"><img fetchpriority=\"high\" decoding=\"async\" class=\"wp-image-1102 size-full\" src=\"https:\/\/topkeymedical.com\/wp-content\/uploads\/2025\/07\/Manual-12-channel-pipette-0.5-10ul.webp\" alt=\"Manuel 12 kanall\u0131 pipet 0,5-10\u03bcl\" width=\"1000\" height=\"1000\" srcset=\"https:\/\/topkeymedical.com\/wp-content\/uploads\/2025\/07\/Manual-12-channel-pipette-0.5-10ul.webp 1000w, https:\/\/topkeymedical.com\/wp-content\/uploads\/2025\/07\/Manual-12-channel-pipette-0.5-10ul-300x300.webp 300w, https:\/\/topkeymedical.com\/wp-content\/uploads\/2025\/07\/Manual-12-channel-pipette-0.5-10ul-150x150.webp 150w, https:\/\/topkeymedical.com\/wp-content\/uploads\/2025\/07\/Manual-12-channel-pipette-0.5-10ul-768x768.webp 768w, https:\/\/topkeymedical.com\/wp-content\/uploads\/2025\/07\/Manual-12-channel-pipette-0.5-10ul-600x600.webp 600w, https:\/\/topkeymedical.com\/wp-content\/uploads\/2025\/07\/Manual-12-channel-pipette-0.5-10ul-100x100.webp 100w\" sizes=\"(max-width: 1000px) 100vw, 1000px\" \/><figcaption id=\"caption-attachment-1102\" class=\"wp-caption-text\">Manuel 12 kanall\u0131 pipet 0,5-10\u03bcl<\/figcaption><\/figure>\n<figure id=\"attachment_1104\" aria-describedby=\"caption-attachment-1104\" style=\"width: 1000px\" class=\"wp-caption aligncenter\"><img decoding=\"async\" class=\"wp-image-1104 size-full\" src=\"https:\/\/topkeymedical.com\/wp-content\/uploads\/2025\/07\/Manual-12-channel-pipette-5-50ul.webp\" alt=\"Manuel 12 kanall\u0131 pipet 5-50\u03bcl\" width=\"1000\" height=\"1000\" srcset=\"https:\/\/topkeymedical.com\/wp-content\/uploads\/2025\/07\/Manual-12-channel-pipette-5-50ul.webp 1000w, https:\/\/topkeymedical.com\/wp-content\/uploads\/2025\/07\/Manual-12-channel-pipette-5-50ul-300x300.webp 300w, https:\/\/topkeymedical.com\/wp-content\/uploads\/2025\/07\/Manual-12-channel-pipette-5-50ul-150x150.webp 150w, https:\/\/topkeymedical.com\/wp-content\/uploads\/2025\/07\/Manual-12-channel-pipette-5-50ul-768x768.webp 768w, https:\/\/topkeymedical.com\/wp-content\/uploads\/2025\/07\/Manual-12-channel-pipette-5-50ul-600x600.webp 600w, https:\/\/topkeymedical.com\/wp-content\/uploads\/2025\/07\/Manual-12-channel-pipette-5-50ul-100x100.webp 100w\" sizes=\"(max-width: 1000px) 100vw, 1000px\" \/><figcaption id=\"caption-attachment-1104\" class=\"wp-caption-text\">Manuel 12 kanall\u0131 pipet 5-50\u03bcl<\/figcaption><\/figure>\n<figure id=\"attachment_1105\" aria-describedby=\"caption-attachment-1105\" style=\"width: 1000px\" class=\"wp-caption aligncenter\"><img decoding=\"async\" class=\"wp-image-1105 size-full\" src=\"https:\/\/topkeymedical.com\/wp-content\/uploads\/2025\/07\/Manual-12-channel-pipette-50-300\u03bcl.webp\" alt=\"Manuel 12 kanall\u0131 pipet 50-300\u03bcl\" width=\"1000\" height=\"1000\" srcset=\"https:\/\/topkeymedical.com\/wp-content\/uploads\/2025\/07\/Manual-12-channel-pipette-50-300\u03bcl.webp 1000w, https:\/\/topkeymedical.com\/wp-content\/uploads\/2025\/07\/Manual-12-channel-pipette-50-300\u03bcl-300x300.webp 300w, https:\/\/topkeymedical.com\/wp-content\/uploads\/2025\/07\/Manual-12-channel-pipette-50-300\u03bcl-150x150.webp 150w, https:\/\/topkeymedical.com\/wp-content\/uploads\/2025\/07\/Manual-12-channel-pipette-50-300\u03bcl-768x768.webp 768w, https:\/\/topkeymedical.com\/wp-content\/uploads\/2025\/07\/Manual-12-channel-pipette-50-300\u03bcl-600x600.webp 600w, https:\/\/topkeymedical.com\/wp-content\/uploads\/2025\/07\/Manual-12-channel-pipette-50-300\u03bcl-100x100.webp 100w\" sizes=\"(max-width: 1000px) 100vw, 1000px\" \/><figcaption id=\"caption-attachment-1105\" class=\"wp-caption-text\">Manuel 12 kanall\u0131 pipet 50-300\u03bcl<\/figcaption><\/figure>","protected":false},"excerpt":{"rendered":"<p>Topkey en iyi pipet \u00fcreticilerinden biridir. Manuel 12 kanall\u0131 pipet, daha geni\u015f bir ayarlanabilir hacim aral\u0131\u011f\u0131 ve y\u00fcksek hassasiyet ile ergonomik bir tasar\u0131ma sahiptir. Darbeye dayan\u0131kl\u0131, UV \u0131\u015f\u0131nlar\u0131na dayan\u0131kl\u0131 ve kimyasal korozyona kar\u015f\u0131 diren\u00e7lidir. Pipet ucu bile\u015fenleri, y\u00fcksek s\u0131cakl\u0131k ve y\u00fcksek bas\u0131n\u00e7 sterilizasyonu i\u00e7in s\u00f6k\u00fclebilen ve ba\u011f\u0131ms\u0131z hacim kalibrasyonunu destekleyen \u00f6zel malzemelerden yap\u0131lm\u0131\u015ft\u0131r.<\/p>","protected":false},"featured_media":1103,"template":"","meta":{"_acf_changed":false,"site-sidebar-layout":"default","site-content-layout":"","ast-site-content-layout":"default","site-content-style":"default","site-sidebar-style":"default","ast-global-header-display":"","ast-banner-title-visibility":"","ast-main-header-display":"","ast-hfb-above-header-display":"","ast-hfb-below-header-display":"","ast-hfb-mobile-header-display":"","site-post-title":"","ast-breadcrumbs-content":"","ast-featured-img":"","footer-sml-layout":"","ast-disable-related-posts":"","theme-transparent-header-meta":"default","adv-header-id-meta":"","stick-header-meta":"","header-above-stick-meta":"","header-main-stick-meta":"","header-below-stick-meta":"","astra-migrate-meta-layouts":"set","ast-page-background-enabled":"default","ast-page-background-meta":{"desktop":{"background-color":"var(--ast-global-color-5)","background-image":"","background-repeat":"repeat","background-position":"center center","background-size":"auto","background-attachment":"scroll","background-type":"","background-media":"","overlay-type":"","overlay-color":"","overlay-opacity":"","overlay-gradient":""},"tablet":{"background-color":"","background-image":"","background-repeat":"repeat","background-position":"center center","background-size":"auto","background-attachment":"scroll","background-type":"","background-media":"","overlay-type":"","overlay-color":"","overlay-opacity":"","overlay-gradient":""},"mobile":{"background-color":"","background-image":"","background-repeat":"repeat","background-position":"center center","background-size":"auto","background-attachment":"scroll","background-type":"","background-media":"","overlay-type":"","overlay-color":"","overlay-opacity":"","overlay-gradient":""}},"ast-content-background-meta":{"desktop":{"background-color":"var(--ast-global-color-4)","background-image":"","background-repeat":"repeat","background-position":"center center","background-size":"auto","background-attachment":"scroll","background-type":"","background-media":"","overlay-type":"","overlay-color":"","overlay-opacity":"","overlay-gradient":""},"tablet":{"background-color":"var(--ast-global-color-4)","background-image":"","background-repeat":"repeat","background-position":"center center","background-size":"auto","background-attachment":"scroll","background-type":"","background-media":"","overlay-type":"","overlay-color":"","overlay-opacity":"","overlay-gradient":""},"mobile":{"background-color":"var(--ast-global-color-4)","background-image":"","background-repeat":"repeat","background-position":"center center","background-size":"auto","background-attachment":"scroll","background-type":"","background-media":"","overlay-type":"","overlay-color":"","overlay-opacity":"","overlay-gradient":""}}},"product_brand":[],"product_cat":[66],"product_tag":[],"class_list":{"0":"post-1101","1":"product","2":"type-product","3":"status-publish","4":"has-post-thumbnail","6":"product_cat-manual-pipette","7":"desktop-align-left","8":"tablet-align-left","9":"mobile-align-left","11":"first","12":"instock","13":"shipping-taxable","14":"product-type-simple"},"acf":[],"yoast_head":"<!-- This site is optimized with the Yoast SEO plugin v27.4 - https:\/\/yoast.com\/product\/yoast-seo-wordpress\/ -->\n<title>Manual 12-Channel Pipette, Pipette Manufacturer 0.50\u03bcl - 300\u03bcl<\/title>\n<meta name=\"description\" content=\"The manual 12-channel pipette features an ergonomic design, with a wider adjustable volume range and high precision. It is impact-resistant.\" \/>\n<meta name=\"robots\" content=\"index, follow, max-snippet:-1, max-image-preview:large, max-video-preview:-1\" \/>\n<link rel=\"canonical\" href=\"https:\/\/topkeymedical.com\/tr\/urun\/manuel-12-kanalli-pipet\/\" \/>\n<meta property=\"og:locale\" content=\"tr_TR\" \/>\n<meta property=\"og:type\" content=\"article\" \/>\n<meta property=\"og:title\" content=\"Manual 12-Channel Pipette, Pipette Manufacturer 0.50\u03bcl - 300\u03bcl\" \/>\n<meta property=\"og:description\" content=\"The manual 12-channel pipette features an ergonomic design, with a wider adjustable volume range and high precision. It is impact-resistant.\" \/>\n<meta property=\"og:url\" content=\"https:\/\/topkeymedical.com\/tr\/urun\/manuel-12-kanalli-pipet\/\" \/>\n<meta property=\"og:site_name\" content=\"TOPKEY\u2013 Precision in Every Detail, Guardian of Life and Health\" \/>\n<meta property=\"article:publisher\" content=\"https:\/\/www.facebook.com\/profile.php?id=100088897294997\" \/>\n<meta property=\"article:modified_time\" content=\"2025-11-29T15:33:06+00:00\" \/>\n<meta property=\"og:image\" content=\"https:\/\/topkeymedical.com\/wp-content\/uploads\/2025\/07\/Manual-12-channel-pipette-0.5-10\u03bcl-2.webp\" \/>\n\t<meta property=\"og:image:width\" content=\"1000\" \/>\n\t<meta property=\"og:image:height\" content=\"1000\" \/>\n\t<meta property=\"og:image:type\" content=\"image\/webp\" \/>\n<meta name=\"twitter:card\" content=\"summary_large_image\" \/>\n<meta name=\"twitter:label1\" content=\"Tahmini okuma s\u00fcresi\" \/>\n\t<meta name=\"twitter:data1\" content=\"2 dakika\" \/>\n<script type=\"application\/ld+json\" class=\"yoast-schema-graph\">{\"@context\":\"https:\\\/\\\/schema.org\",\"@graph\":[{\"@type\":\"WebPage\",\"@id\":\"https:\\\/\\\/topkeymedical.com\\\/product\\\/manual-12-channel-pipette\\\/\",\"url\":\"https:\\\/\\\/topkeymedical.com\\\/product\\\/manual-12-channel-pipette\\\/\",\"name\":\"Manual 12-Channel Pipette, Pipette Manufacturer 0.50\u03bcl - 300\u03bcl\",\"isPartOf\":{\"@id\":\"https:\\\/\\\/topkeymedical.com\\\/#website\"},\"primaryImageOfPage\":{\"@id\":\"https:\\\/\\\/topkeymedical.com\\\/product\\\/manual-12-channel-pipette\\\/#primaryimage\"},\"image\":{\"@id\":\"https:\\\/\\\/topkeymedical.com\\\/product\\\/manual-12-channel-pipette\\\/#primaryimage\"},\"thumbnailUrl\":\"https:\\\/\\\/topkeymedical.com\\\/wp-content\\\/uploads\\\/2025\\\/07\\\/Manual-12-channel-pipette-0.5-10\u03bcl-2.webp\",\"datePublished\":\"2025-07-19T11:52:22+00:00\",\"dateModified\":\"2025-11-29T15:33:06+00:00\",\"description\":\"The manual 12-channel pipette features an ergonomic design, with a wider adjustable volume range and high precision. It is impact-resistant.\",\"breadcrumb\":{\"@id\":\"https:\\\/\\\/topkeymedical.com\\\/product\\\/manual-12-channel-pipette\\\/#breadcrumb\"},\"inLanguage\":\"tr\",\"potentialAction\":[{\"@type\":\"ReadAction\",\"target\":[\"https:\\\/\\\/topkeymedical.com\\\/product\\\/manual-12-channel-pipette\\\/\"]}]},{\"@type\":\"ImageObject\",\"inLanguage\":\"tr\",\"@id\":\"https:\\\/\\\/topkeymedical.com\\\/product\\\/manual-12-channel-pipette\\\/#primaryimage\",\"url\":\"https:\\\/\\\/topkeymedical.com\\\/wp-content\\\/uploads\\\/2025\\\/07\\\/Manual-12-channel-pipette-0.5-10\u03bcl-2.webp\",\"contentUrl\":\"https:\\\/\\\/topkeymedical.com\\\/wp-content\\\/uploads\\\/2025\\\/07\\\/Manual-12-channel-pipette-0.5-10\u03bcl-2.webp\",\"width\":1000,\"height\":1000,\"caption\":\"Manual 12-channel pipette 0.5-10\u03bcl\"},{\"@type\":\"BreadcrumbList\",\"@id\":\"https:\\\/\\\/topkeymedical.com\\\/product\\\/manual-12-channel-pipette\\\/#breadcrumb\",\"itemListElement\":[{\"@type\":\"ListItem\",\"position\":1,\"name\":\"Home\",\"item\":\"https:\\\/\\\/topkeymedical.com\\\/\"},{\"@type\":\"ListItem\",\"position\":2,\"name\":\"Products\",\"item\":\"https:\\\/\\\/topkeymedical.com\\\/shop\\\/\"},{\"@type\":\"ListItem\",\"position\":3,\"name\":\"Manual 12-Channel Pipette, Pipette Manufacturer\"}]},{\"@type\":\"WebSite\",\"@id\":\"https:\\\/\\\/topkeymedical.com\\\/#website\",\"url\":\"https:\\\/\\\/topkeymedical.com\\\/\",\"name\":\"TOPKEY\u2013 Precision in Every Detail, Guardian of Life and Health\",\"description\":\"\",\"publisher\":{\"@id\":\"https:\\\/\\\/topkeymedical.com\\\/#organization\"},\"potentialAction\":[{\"@type\":\"SearchAction\",\"target\":{\"@type\":\"EntryPoint\",\"urlTemplate\":\"https:\\\/\\\/topkeymedical.com\\\/?s={search_term_string}\"},\"query-input\":{\"@type\":\"PropertyValueSpecification\",\"valueRequired\":true,\"valueName\":\"search_term_string\"}}],\"inLanguage\":\"tr\"},{\"@type\":\"Organization\",\"@id\":\"https:\\\/\\\/topkeymedical.com\\\/#organization\",\"name\":\"TOPKEY\u2013 Precision in Every Detail, Guardian of Life and Health\",\"url\":\"https:\\\/\\\/topkeymedical.com\\\/\",\"logo\":{\"@type\":\"ImageObject\",\"inLanguage\":\"tr\",\"@id\":\"https:\\\/\\\/topkeymedical.com\\\/#\\\/schema\\\/logo\\\/image\\\/\",\"url\":\"https:\\\/\\\/topkeymedical.com\\\/wp-content\\\/uploads\\\/2025\\\/05\\\/cropped-logo.jpg\",\"contentUrl\":\"https:\\\/\\\/topkeymedical.com\\\/wp-content\\\/uploads\\\/2025\\\/05\\\/cropped-logo.jpg\",\"width\":512,\"height\":512,\"caption\":\"TOPKEY\u2013 Precision in Every Detail, Guardian of Life and Health\"},\"image\":{\"@id\":\"https:\\\/\\\/topkeymedical.com\\\/#\\\/schema\\\/logo\\\/image\\\/\"},\"sameAs\":[\"https:\\\/\\\/www.facebook.com\\\/profile.php?id=100088897294997\",\"https:\\\/\\\/www.youtube.com\\\/@TopkeyMedical-Alice888\",\"https:\\\/\\\/www.linkedin.com\\\/in\\\/alice-hu-bb66a01b3\\\/\"]}]}<\/script>\n<!-- \/ Yoast SEO plugin. -->","yoast_head_json":{"title":"Manuel 12 Kanall\u0131 Pipet, Pipet \u00dcreticisi 0,50\u03bcl - 300\u03bcl","description":"Manuel 12 kanall\u0131 pipet, daha geni\u015f bir ayarlanabilir hacim aral\u0131\u011f\u0131 ve y\u00fcksek hassasiyet ile ergonomik bir tasar\u0131ma sahiptir. Darbelere kar\u015f\u0131 dayan\u0131kl\u0131d\u0131r.","robots":{"index":"index","follow":"follow","max-snippet":"max-snippet:-1","max-image-preview":"max-image-preview:large","max-video-preview":"max-video-preview:-1"},"canonical":"https:\/\/topkeymedical.com\/tr\/urun\/manuel-12-kanalli-pipet\/","og_locale":"tr_TR","og_type":"article","og_title":"Manual 12-Channel Pipette, Pipette Manufacturer 0.50\u03bcl - 300\u03bcl","og_description":"The manual 12-channel pipette features an ergonomic design, with a wider adjustable volume range and high precision. It is impact-resistant.","og_url":"https:\/\/topkeymedical.com\/tr\/urun\/manuel-12-kanalli-pipet\/","og_site_name":"TOPKEY\u2013 Precision in Every Detail, Guardian of Life and Health","article_publisher":"https:\/\/www.facebook.com\/profile.php?id=100088897294997","article_modified_time":"2025-11-29T15:33:06+00:00","og_image":[{"width":1000,"height":1000,"url":"https:\/\/topkeymedical.com\/wp-content\/uploads\/2025\/07\/Manual-12-channel-pipette-0.5-10\u03bcl-2.webp","type":"image\/webp"}],"twitter_card":"summary_large_image","twitter_misc":{"Tahmini okuma s\u00fcresi":"2 dakika"},"schema":{"@context":"https:\/\/schema.org","@graph":[{"@type":"WebPage","@id":"https:\/\/topkeymedical.com\/product\/manual-12-channel-pipette\/","url":"https:\/\/topkeymedical.com\/product\/manual-12-channel-pipette\/","name":"Manuel 12 Kanall\u0131 Pipet, Pipet \u00dcreticisi 0,50\u03bcl - 300\u03bcl","isPartOf":{"@id":"https:\/\/topkeymedical.com\/#website"},"primaryImageOfPage":{"@id":"https:\/\/topkeymedical.com\/product\/manual-12-channel-pipette\/#primaryimage"},"image":{"@id":"https:\/\/topkeymedical.com\/product\/manual-12-channel-pipette\/#primaryimage"},"thumbnailUrl":"https:\/\/topkeymedical.com\/wp-content\/uploads\/2025\/07\/Manual-12-channel-pipette-0.5-10\u03bcl-2.webp","datePublished":"2025-07-19T11:52:22+00:00","dateModified":"2025-11-29T15:33:06+00:00","description":"Manuel 12 kanall\u0131 pipet, daha geni\u015f bir ayarlanabilir hacim aral\u0131\u011f\u0131 ve y\u00fcksek hassasiyet ile ergonomik bir tasar\u0131ma sahiptir. Darbelere kar\u015f\u0131 dayan\u0131kl\u0131d\u0131r.","breadcrumb":{"@id":"https:\/\/topkeymedical.com\/product\/manual-12-channel-pipette\/#breadcrumb"},"inLanguage":"tr","potentialAction":[{"@type":"ReadAction","target":["https:\/\/topkeymedical.com\/product\/manual-12-channel-pipette\/"]}]},{"@type":"ImageObject","inLanguage":"tr","@id":"https:\/\/topkeymedical.com\/product\/manual-12-channel-pipette\/#primaryimage","url":"https:\/\/topkeymedical.com\/wp-content\/uploads\/2025\/07\/Manual-12-channel-pipette-0.5-10\u03bcl-2.webp","contentUrl":"https:\/\/topkeymedical.com\/wp-content\/uploads\/2025\/07\/Manual-12-channel-pipette-0.5-10\u03bcl-2.webp","width":1000,"height":1000,"caption":"Manual 12-channel pipette 0.5-10\u03bcl"},{"@type":"BreadcrumbList","@id":"https:\/\/topkeymedical.com\/product\/manual-12-channel-pipette\/#breadcrumb","itemListElement":[{"@type":"ListItem","position":1,"name":"Home","item":"https:\/\/topkeymedical.com\/"},{"@type":"ListItem","position":2,"name":"Products","item":"https:\/\/topkeymedical.com\/shop\/"},{"@type":"ListItem","position":3,"name":"Manual 12-Channel Pipette, Pipette Manufacturer"}]},{"@type":"WebSite","@id":"https:\/\/topkeymedical.com\/#website","url":"https:\/\/topkeymedical.com\/","name":"TOPKEY- Her Ayr\u0131nt\u0131da Hassasiyet, Ya\u015fam ve Sa\u011fl\u0131\u011f\u0131n Koruyucusu","description":"","publisher":{"@id":"https:\/\/topkeymedical.com\/#organization"},"potentialAction":[{"@type":"SearchAction","target":{"@type":"EntryPoint","urlTemplate":"https:\/\/topkeymedical.com\/?s={search_term_string}"},"query-input":{"@type":"PropertyValueSpecification","valueRequired":true,"valueName":"search_term_string"}}],"inLanguage":"tr"},{"@type":"Organization","@id":"https:\/\/topkeymedical.com\/#organization","name":"TOPKEY- Her Ayr\u0131nt\u0131da Hassasiyet, Ya\u015fam ve Sa\u011fl\u0131\u011f\u0131n Koruyucusu","url":"https:\/\/topkeymedical.com\/","logo":{"@type":"ImageObject","inLanguage":"tr","@id":"https:\/\/topkeymedical.com\/#\/schema\/logo\/image\/","url":"https:\/\/topkeymedical.com\/wp-content\/uploads\/2025\/05\/cropped-logo.jpg","contentUrl":"https:\/\/topkeymedical.com\/wp-content\/uploads\/2025\/05\/cropped-logo.jpg","width":512,"height":512,"caption":"TOPKEY\u2013 Precision in Every Detail, Guardian of Life and Health"},"image":{"@id":"https:\/\/topkeymedical.com\/#\/schema\/logo\/image\/"},"sameAs":["https:\/\/www.facebook.com\/profile.php?id=100088897294997","https:\/\/www.youtube.com\/@TopkeyMedical-Alice888","https:\/\/www.linkedin.com\/in\/alice-hu-bb66a01b3\/"]}]}},"_links":{"self":[{"href":"https:\/\/topkeymedical.com\/tr\/wp-json\/wp\/v2\/product\/1101","targetHints":{"allow":["GET"]}}],"collection":[{"href":"https:\/\/topkeymedical.com\/tr\/wp-json\/wp\/v2\/product"}],"about":[{"href":"https:\/\/topkeymedical.com\/tr\/wp-json\/wp\/v2\/types\/product"}],"version-history":[{"count":4,"href":"https:\/\/topkeymedical.com\/tr\/wp-json\/wp\/v2\/product\/1101\/revisions"}],"predecessor-version":[{"id":1616,"href":"https:\/\/topkeymedical.com\/tr\/wp-json\/wp\/v2\/product\/1101\/revisions\/1616"}],"wp:featuredmedia":[{"embeddable":true,"href":"https:\/\/topkeymedical.com\/tr\/wp-json\/wp\/v2\/media\/1103"}],"wp:attachment":[{"href":"https:\/\/topkeymedical.com\/tr\/wp-json\/wp\/v2\/media?parent=1101"}],"wp:term":[{"taxonomy":"product_brand","embeddable":true,"href":"https:\/\/topkeymedical.com\/tr\/wp-json\/wp\/v2\/product_brand?post=1101"},{"taxonomy":"product_cat","embeddable":true,"href":"https:\/\/topkeymedical.com\/tr\/wp-json\/wp\/v2\/product_cat?post=1101"},{"taxonomy":"product_tag","embeddable":true,"href":"https:\/\/topkeymedical.com\/tr\/wp-json\/wp\/v2\/product_tag?post=1101"}],"curies":[{"name":"wp","href":"https:\/\/api.w.org\/{rel}","templated":true}]}}