{"id":1107,"date":"2025-07-19T12:01:04","date_gmt":"2025-07-19T12:01:04","guid":{"rendered":"https:\/\/topkeymedical.com\/?post_type=product&#038;p=1107"},"modified":"2025-11-20T08:32:53","modified_gmt":"2025-11-20T08:32:53","slug":"ayarlanabilir-hacimli-cam-mikro-buret","status":"publish","type":"product","link":"https:\/\/topkeymedical.com\/tr\/urun\/ayarlanabilir-hacimli-cam-mikro-buret\/","title":{"rendered":"Ayarlanabilir hacimli cam mikro b\u00fcret 5ml\/10ml"},"content":{"rendered":"<h2 data-start=\"429\" data-end=\"461\">Teknik \u00d6zellikler<\/h2>\n<div class=\"_tableContainer_1rjym_1\">\n<div class=\"_tableWrapper_1rjym_13 group flex w-fit flex-col-reverse\" tabindex=\"-1\">\n<table class=\"w-fit min-w-(--thread-content-width)\" data-start=\"463\" data-end=\"2612\">\n<thead data-start=\"463\" data-end=\"581\">\n<tr data-start=\"463\" data-end=\"581\">\n<th data-start=\"463\" data-end=\"496\" data-col-size=\"sm\"><strong data-start=\"465\" data-end=\"478\">Parametre<\/strong><\/th>\n<th data-start=\"496\" data-end=\"581\" data-col-size=\"md\"><strong data-start=\"498\" data-end=\"515\">\u015eartname<\/strong><\/th>\n<\/tr>\n<\/thead>\n<tbody data-start=\"701\" data-end=\"2612\">\n<tr data-start=\"701\" data-end=\"819\">\n<td data-start=\"701\" data-end=\"734\" data-col-size=\"sm\"><strong data-start=\"703\" data-end=\"719\">\u00dcr\u00fcn Ad\u0131<\/strong><\/td>\n<td data-col-size=\"md\" data-start=\"734\" data-end=\"819\">Ayarlanabilir Hacimli Cam Mikro B\u00fcret<\/td>\n<\/tr>\n<tr data-start=\"820\" data-end=\"938\">\n<td data-start=\"820\" data-end=\"853\" data-col-size=\"sm\"><strong data-start=\"822\" data-end=\"838\">Hacim Aral\u0131\u011f\u0131<\/strong><\/td>\n<td data-col-size=\"md\" data-start=\"853\" data-end=\"938\">0,1 ml - 5 ml \/ 0,2 ml - 10 ml (ayarlanabilir)<\/td>\n<\/tr>\n<tr data-start=\"939\" data-end=\"1057\">\n<td data-start=\"939\" data-end=\"972\" data-col-size=\"sm\"><strong data-start=\"941\" data-end=\"962\">Ses Ayar\u0131<\/strong><\/td>\n<td data-col-size=\"md\" data-start=\"972\" data-end=\"1057\">Hassas vida mekanizmal\u0131 mikro piston<\/td>\n<\/tr>\n<tr data-start=\"1058\" data-end=\"1177\">\n<td data-start=\"1058\" data-end=\"1091\" data-col-size=\"sm\"><strong data-start=\"1060\" data-end=\"1091\">Do\u011fruluk (Sistematik Hata)<\/strong><\/td>\n<td data-col-size=\"md\" data-start=\"1091\" data-end=\"1177\">Nominal hacmin \u00b10,5%'si (ISO 8655 uyumlu)<\/td>\n<\/tr>\n<tr data-start=\"1178\" data-end=\"1298\">\n<td data-start=\"1178\" data-end=\"1215\" data-col-size=\"sm\"><strong data-start=\"1180\" data-end=\"1214\">Hassasiyet (CV \/ Tekrarlanabilirlik)<\/strong><\/td>\n<td data-col-size=\"md\" data-start=\"1215\" data-end=\"1298\">Tam hacimde \u22640,2%; k\u0131smi hacimde \u22640,4%<\/td>\n<\/tr>\n<tr data-start=\"1299\" data-end=\"1418\">\n<td data-start=\"1299\" data-end=\"1332\" data-col-size=\"sm\"><strong data-start=\"1301\" data-end=\"1328\">Malzeme (B\u00fcret G\u00f6vdesi)<\/strong><\/td>\n<td data-col-size=\"md\" data-start=\"1332\" data-end=\"1418\">Asitlere, alkalilere ve tuzlara dayan\u0131kl\u0131 y\u00fcksek kaliteli borosilikat cam<\/td>\n<\/tr>\n<tr data-start=\"1419\" data-end=\"1539\">\n<td data-start=\"1419\" data-end=\"1452\" data-col-size=\"sm\"><strong data-start=\"1421\" data-end=\"1449\">Malzeme (Piston \/ Conta)<\/strong><\/td>\n<td data-col-size=\"md\" data-start=\"1452\" data-end=\"1539\">G\u00fc\u00e7l\u00fc s\u0131zd\u0131rmazl\u0131k performans\u0131 i\u00e7in PTFE s\u0131zd\u0131rmazl\u0131k halkal\u0131 hassas ta\u015flanm\u0131\u015f cam piston<\/td>\n<\/tr>\n<tr data-start=\"1540\" data-end=\"1658\">\n<td data-start=\"1540\" data-end=\"1573\" data-col-size=\"sm\"><strong data-start=\"1542\" data-end=\"1556\">Mezuniyet<\/strong><\/td>\n<td data-col-size=\"md\" data-start=\"1573\" data-end=\"1658\">Y\u00fcksek kontrastl\u0131, kal\u0131c\u0131 derecelendirmeler (kolay okunabilirlik)<\/td>\n<\/tr>\n<tr data-start=\"1659\" data-end=\"1777\">\n<td data-start=\"1659\" data-end=\"1692\" data-col-size=\"sm\"><strong data-start=\"1661\" data-end=\"1678\">Sterilizasyon<\/strong><\/td>\n<td data-col-size=\"md\" data-start=\"1692\" data-end=\"1777\">120 \u00b0C \/ 250 \u00b0F'de otoklavlanabilir (y\u00fcksek bas\u0131n\u00e7l\u0131 buhar sterilizasyonu)<\/td>\n<\/tr>\n<tr data-start=\"1778\" data-end=\"1897\">\n<td data-start=\"1778\" data-end=\"1811\" data-col-size=\"sm\"><strong data-start=\"1780\" data-end=\"1803\">Kimyasal Diren\u00e7<\/strong><\/td>\n<td data-start=\"1811\" data-end=\"1897\" data-col-size=\"md\">A\u015f\u0131nd\u0131r\u0131c\u0131 \u00e7\u00f6zeltilere, organik solventlere, asitlere, alkalilere ve tuzlara kar\u015f\u0131 dayan\u0131kl\u0131<\/td>\n<\/tr>\n<tr data-start=\"1898\" data-end=\"2016\">\n<td data-start=\"1898\" data-end=\"1931\" data-col-size=\"sm\"><strong data-start=\"1900\" data-end=\"1925\">S\u0131cakl\u0131k Tolerans\u0131<\/strong><\/td>\n<td data-col-size=\"md\" data-start=\"1931\" data-end=\"2016\">-20 \u00b0C ila +120 \u00b0C<\/td>\n<\/tr>\n<tr data-start=\"2017\" data-end=\"2136\">\n<td data-start=\"2017\" data-end=\"2050\" data-col-size=\"sm\"><strong data-start=\"2019\" data-end=\"2042\">Tekrarlanabilirlik Hatas\u0131<\/strong><\/td>\n<td data-col-size=\"md\" data-start=\"2050\" data-end=\"2136\">Minimal, 5 ml b\u00fcret i\u00e7in \u22640,1 ml, 10 ml b\u00fcret i\u00e7in \u22640,2 ml<\/td>\n<\/tr>\n<tr data-start=\"2137\" data-end=\"2255\">\n<td data-start=\"2137\" data-end=\"2170\" data-col-size=\"sm\"><strong data-start=\"2139\" data-end=\"2158\">G\u00fcvenlik \u00d6zellikleri<\/strong><\/td>\n<td data-start=\"2170\" data-end=\"2255\" data-col-size=\"md\">S\u0131z\u0131nt\u0131s\u0131z \u00e7al\u0131\u015fma i\u00e7in p\u00fcr\u00fczs\u00fcz ta\u015flama; damlama \u00f6nleyici u\u00e7<\/td>\n<\/tr>\n<tr data-start=\"2256\" data-end=\"2374\">\n<td data-start=\"2256\" data-end=\"2289\" data-col-size=\"sm\"><strong data-start=\"2258\" data-end=\"2271\">Paketleme<\/strong><\/td>\n<td data-col-size=\"md\" data-start=\"2289\" data-end=\"2374\">Koruyucu k\u0131l\u0131f ile ayr\u0131 ayr\u0131 paketlenmi\u015ftir<\/td>\n<\/tr>\n<tr data-start=\"2375\" data-end=\"2493\">\n<td data-start=\"2375\" data-end=\"2408\" data-col-size=\"sm\"><strong data-start=\"2377\" data-end=\"2395\">Sertifikalar<\/strong><\/td>\n<td data-col-size=\"md\" data-start=\"2408\" data-end=\"2493\">ISO 8655, CE, GMP uyumlu \u00fcretim<\/td>\n<\/tr>\n<tr data-start=\"2494\" data-end=\"2612\">\n<td data-start=\"2494\" data-end=\"2527\" data-col-size=\"sm\"><strong data-start=\"2496\" data-end=\"2510\">Raf \u00d6mr\u00fc<\/strong><\/td>\n<td data-col-size=\"md\" data-start=\"2527\" data-end=\"2612\">Uygun laboratuvar bak\u0131m\u0131 alt\u0131nda uzun s\u00fcreli dayan\u0131kl\u0131l\u0131k<\/td>\n<\/tr>\n<\/tbody>\n<\/table>\n<\/div>\n<\/div>\n<hr data-start=\"2614\" data-end=\"2617\" \/>\n<h2>Ayarlanabilir hacimli cam mikro b\u00fcret parametresi:<\/h2>\n<ul>\n<li>\u00dcr\u00fcn renkleri: beyaz \u015fi\u015fe\u3001kahverengi \u015fi\u015fe<\/li>\n<li>\u00dcr\u00fcn malzemesi: borosilikat cam<\/li>\n<li>\u00dcr\u00fcn \u00f6zellikleri: y\u00fcksek s\u0131cakl\u0131k ve y\u00fcksek bas\u0131n\u00e7l\u0131 sterilizasyona dayan\u0131kl\u0131; asitler, alkaliler ve tuzlar gibi a\u015f\u0131nd\u0131r\u0131c\u0131 s\u0131v\u0131larla uyumlu; ayr\u0131labilir.<\/li>\n<li>Uygulama alanlar\u0131: laboratuvarlarda ve test odalar\u0131nda s\u00fcrekli kantitatif s\u0131v\u0131 ekleme i\u00e7in uygundur ve petrol ve kimya end\u00fcstrilerinde, t\u0131p ve sa\u011fl\u0131k alanlar\u0131nda, metalurji, bilimsel ara\u015ft\u0131rma, \u00e7evre koruma ve di\u011fer ilgili alanlarda kullan\u0131labilir.<\/li>\n<\/ul>","protected":false},"excerpt":{"rendered":"<p>5ml\/10ml mikro piston i\u00e7eren Ayarlanabilir hacimli cam mikro b\u00fcret, hassas ta\u015flama ve eleme i\u015flemlerinden ge\u00e7erek g\u00fc\u00e7l\u00fc s\u0131zd\u0131rmazl\u0131k performans\u0131, y\u00fcksek do\u011fruluk ve minimum tekrarlanabilirlik hatas\u0131 sunar. 120\u00b0C\/250\u00b0F'de y\u00fcksek s\u0131cakl\u0131k ve y\u00fcksek bas\u0131n\u00e7l\u0131 sterilizasyona dayanabilir ve asitler, alkaliler ve tuzlar dahil olmak \u00fczere a\u015f\u0131nd\u0131r\u0131c\u0131 s\u0131v\u0131lara kar\u015f\u0131 dayan\u0131kl\u0131d\u0131r.<\/p>","protected":false},"featured_media":1109,"template":"","meta":{"_acf_changed":false,"site-sidebar-layout":"default","site-content-layout":"","ast-site-content-layout":"default","site-content-style":"default","site-sidebar-style":"default","ast-global-header-display":"","ast-banner-title-visibility":"","ast-main-header-display":"","ast-hfb-above-header-display":"","ast-hfb-below-header-display":"","ast-hfb-mobile-header-display":"","site-post-title":"","ast-breadcrumbs-content":"","ast-featured-img":"","footer-sml-layout":"","ast-disable-related-posts":"","theme-transparent-header-meta":"default","adv-header-id-meta":"","stick-header-meta":"","header-above-stick-meta":"","header-main-stick-meta":"","header-below-stick-meta":"","astra-migrate-meta-layouts":"set","ast-page-background-enabled":"default","ast-page-background-meta":{"desktop":{"background-color":"var(--ast-global-color-5)","background-image":"","background-repeat":"repeat","background-position":"center center","background-size":"auto","background-attachment":"scroll","background-type":"","background-media":"","overlay-type":"","overlay-color":"","overlay-opacity":"","overlay-gradient":""},"tablet":{"background-color":"","background-image":"","background-repeat":"repeat","background-position":"center center","background-size":"auto","background-attachment":"scroll","background-type":"","background-media":"","overlay-type":"","overlay-color":"","overlay-opacity":"","overlay-gradient":""},"mobile":{"background-color":"","background-image":"","background-repeat":"repeat","background-position":"center center","background-size":"auto","background-attachment":"scroll","background-type":"","background-media":"","overlay-type":"","overlay-color":"","overlay-opacity":"","overlay-gradient":""}},"ast-content-background-meta":{"desktop":{"background-color":"var(--ast-global-color-4)","background-image":"","background-repeat":"repeat","background-position":"center center","background-size":"auto","background-attachment":"scroll","background-type":"","background-media":"","overlay-type":"","overlay-color":"","overlay-opacity":"","overlay-gradient":""},"tablet":{"background-color":"var(--ast-global-color-4)","background-image":"","background-repeat":"repeat","background-position":"center center","background-size":"auto","background-attachment":"scroll","background-type":"","background-media":"","overlay-type":"","overlay-color":"","overlay-opacity":"","overlay-gradient":""},"mobile":{"background-color":"var(--ast-global-color-4)","background-image":"","background-repeat":"repeat","background-position":"center center","background-size":"auto","background-attachment":"scroll","background-type":"","background-media":"","overlay-type":"","overlay-color":"","overlay-opacity":"","overlay-gradient":""}}},"product_brand":[],"product_cat":[66],"product_tag":[],"class_list":{"0":"post-1107","1":"product","2":"type-product","3":"status-publish","4":"has-post-thumbnail","6":"product_cat-manual-pipette","7":"desktop-align-left","8":"tablet-align-left","9":"mobile-align-left","11":"first","12":"instock","13":"shipping-taxable","14":"product-type-simple"},"acf":[],"yoast_head":"<!-- This site is optimized with the Yoast SEO plugin v27.4 - https:\/\/yoast.com\/product\/yoast-seo-wordpress\/ -->\n<title>Adjustable-volume glass micro burette 5ml\/10ml<\/title>\n<meta name=\"description\" content=\"The Adjustable-volume glass micro burette, featuring a 5ml\/10ml micro piston, undergoes precision grinding and screening.\" \/>\n<meta name=\"robots\" content=\"index, follow, max-snippet:-1, max-image-preview:large, max-video-preview:-1\" \/>\n<link rel=\"canonical\" href=\"https:\/\/topkeymedical.com\/tr\/urun\/ayarlanabilir-hacimli-cam-mikro-buret\/\" \/>\n<meta property=\"og:locale\" content=\"tr_TR\" \/>\n<meta property=\"og:type\" content=\"article\" \/>\n<meta property=\"og:title\" content=\"Adjustable-volume glass micro burette 5ml\/10ml\" \/>\n<meta property=\"og:description\" content=\"The Adjustable-volume glass micro burette, featuring a 5ml\/10ml micro piston, undergoes precision grinding and screening.\" \/>\n<meta property=\"og:url\" content=\"https:\/\/topkeymedical.com\/tr\/urun\/ayarlanabilir-hacimli-cam-mikro-buret\/\" \/>\n<meta property=\"og:site_name\" content=\"TOPKEY\u2013 Precision in Every Detail, Guardian of Life and Health\" \/>\n<meta property=\"article:publisher\" content=\"https:\/\/www.facebook.com\/profile.php?id=100088897294997\" \/>\n<meta property=\"article:modified_time\" content=\"2025-11-20T08:32:53+00:00\" \/>\n<meta property=\"og:image\" content=\"https:\/\/topkeymedical.com\/wp-content\/uploads\/2025\/07\/Adjustable-volume-glass-micro-burette.webp\" \/>\n\t<meta property=\"og:image:width\" content=\"1000\" \/>\n\t<meta property=\"og:image:height\" content=\"1000\" \/>\n\t<meta property=\"og:image:type\" content=\"image\/webp\" \/>\n<meta name=\"twitter:card\" content=\"summary_large_image\" \/>\n<meta name=\"twitter:label1\" content=\"Tahmini okuma s\u00fcresi\" \/>\n\t<meta name=\"twitter:data1\" content=\"2 dakika\" \/>\n<script type=\"application\/ld+json\" class=\"yoast-schema-graph\">{\"@context\":\"https:\\\/\\\/schema.org\",\"@graph\":[{\"@type\":\"WebPage\",\"@id\":\"https:\\\/\\\/topkeymedical.com\\\/product\\\/adjustable-volume-glass-micro-burette\\\/\",\"url\":\"https:\\\/\\\/topkeymedical.com\\\/product\\\/adjustable-volume-glass-micro-burette\\\/\",\"name\":\"Adjustable-volume glass micro burette 5ml\\\/10ml\",\"isPartOf\":{\"@id\":\"https:\\\/\\\/topkeymedical.com\\\/#website\"},\"primaryImageOfPage\":{\"@id\":\"https:\\\/\\\/topkeymedical.com\\\/product\\\/adjustable-volume-glass-micro-burette\\\/#primaryimage\"},\"image\":{\"@id\":\"https:\\\/\\\/topkeymedical.com\\\/product\\\/adjustable-volume-glass-micro-burette\\\/#primaryimage\"},\"thumbnailUrl\":\"https:\\\/\\\/topkeymedical.com\\\/wp-content\\\/uploads\\\/2025\\\/07\\\/Adjustable-volume-glass-micro-burette.webp\",\"datePublished\":\"2025-07-19T12:01:04+00:00\",\"dateModified\":\"2025-11-20T08:32:53+00:00\",\"description\":\"The Adjustable-volume glass micro burette, featuring a 5ml\\\/10ml micro piston, undergoes precision grinding and screening.\",\"breadcrumb\":{\"@id\":\"https:\\\/\\\/topkeymedical.com\\\/product\\\/adjustable-volume-glass-micro-burette\\\/#breadcrumb\"},\"inLanguage\":\"tr\",\"potentialAction\":[{\"@type\":\"ReadAction\",\"target\":[\"https:\\\/\\\/topkeymedical.com\\\/product\\\/adjustable-volume-glass-micro-burette\\\/\"]}]},{\"@type\":\"ImageObject\",\"inLanguage\":\"tr\",\"@id\":\"https:\\\/\\\/topkeymedical.com\\\/product\\\/adjustable-volume-glass-micro-burette\\\/#primaryimage\",\"url\":\"https:\\\/\\\/topkeymedical.com\\\/wp-content\\\/uploads\\\/2025\\\/07\\\/Adjustable-volume-glass-micro-burette.webp\",\"contentUrl\":\"https:\\\/\\\/topkeymedical.com\\\/wp-content\\\/uploads\\\/2025\\\/07\\\/Adjustable-volume-glass-micro-burette.webp\",\"width\":1000,\"height\":1000,\"caption\":\"Adjustable-volume glass micro burette 5ml\\\/10ml\"},{\"@type\":\"BreadcrumbList\",\"@id\":\"https:\\\/\\\/topkeymedical.com\\\/product\\\/adjustable-volume-glass-micro-burette\\\/#breadcrumb\",\"itemListElement\":[{\"@type\":\"ListItem\",\"position\":1,\"name\":\"Home\",\"item\":\"https:\\\/\\\/topkeymedical.com\\\/\"},{\"@type\":\"ListItem\",\"position\":2,\"name\":\"Products\",\"item\":\"https:\\\/\\\/topkeymedical.com\\\/shop\\\/\"},{\"@type\":\"ListItem\",\"position\":3,\"name\":\"Adjustable-volume glass micro burette 5ml\\\/10ml\"}]},{\"@type\":\"WebSite\",\"@id\":\"https:\\\/\\\/topkeymedical.com\\\/#website\",\"url\":\"https:\\\/\\\/topkeymedical.com\\\/\",\"name\":\"TOPKEY\u2013 Precision in Every Detail, Guardian of Life and Health\",\"description\":\"\",\"publisher\":{\"@id\":\"https:\\\/\\\/topkeymedical.com\\\/#organization\"},\"potentialAction\":[{\"@type\":\"SearchAction\",\"target\":{\"@type\":\"EntryPoint\",\"urlTemplate\":\"https:\\\/\\\/topkeymedical.com\\\/?s={search_term_string}\"},\"query-input\":{\"@type\":\"PropertyValueSpecification\",\"valueRequired\":true,\"valueName\":\"search_term_string\"}}],\"inLanguage\":\"tr\"},{\"@type\":\"Organization\",\"@id\":\"https:\\\/\\\/topkeymedical.com\\\/#organization\",\"name\":\"TOPKEY\u2013 Precision in Every Detail, Guardian of Life and Health\",\"url\":\"https:\\\/\\\/topkeymedical.com\\\/\",\"logo\":{\"@type\":\"ImageObject\",\"inLanguage\":\"tr\",\"@id\":\"https:\\\/\\\/topkeymedical.com\\\/#\\\/schema\\\/logo\\\/image\\\/\",\"url\":\"https:\\\/\\\/topkeymedical.com\\\/wp-content\\\/uploads\\\/2025\\\/05\\\/cropped-logo.jpg\",\"contentUrl\":\"https:\\\/\\\/topkeymedical.com\\\/wp-content\\\/uploads\\\/2025\\\/05\\\/cropped-logo.jpg\",\"width\":512,\"height\":512,\"caption\":\"TOPKEY\u2013 Precision in Every Detail, Guardian of Life and Health\"},\"image\":{\"@id\":\"https:\\\/\\\/topkeymedical.com\\\/#\\\/schema\\\/logo\\\/image\\\/\"},\"sameAs\":[\"https:\\\/\\\/www.facebook.com\\\/profile.php?id=100088897294997\",\"https:\\\/\\\/www.youtube.com\\\/@TopkeyMedical-Alice888\",\"https:\\\/\\\/www.linkedin.com\\\/in\\\/alice-hu-bb66a01b3\\\/\"]}]}<\/script>\n<!-- \/ Yoast SEO plugin. -->","yoast_head_json":{"title":"Ayarlanabilir hacimli cam mikro b\u00fcret 5ml\/10ml","description":"5ml\/10ml mikro piston i\u00e7eren ayarlanabilir hacimli cam mikro b\u00fcret, hassas ta\u015flama ve eleme i\u015flemlerinden ge\u00e7irilir.","robots":{"index":"index","follow":"follow","max-snippet":"max-snippet:-1","max-image-preview":"max-image-preview:large","max-video-preview":"max-video-preview:-1"},"canonical":"https:\/\/topkeymedical.com\/tr\/urun\/ayarlanabilir-hacimli-cam-mikro-buret\/","og_locale":"tr_TR","og_type":"article","og_title":"Adjustable-volume glass micro burette 5ml\/10ml","og_description":"The Adjustable-volume glass micro burette, featuring a 5ml\/10ml micro piston, undergoes precision grinding and screening.","og_url":"https:\/\/topkeymedical.com\/tr\/urun\/ayarlanabilir-hacimli-cam-mikro-buret\/","og_site_name":"TOPKEY\u2013 Precision in Every Detail, Guardian of Life and Health","article_publisher":"https:\/\/www.facebook.com\/profile.php?id=100088897294997","article_modified_time":"2025-11-20T08:32:53+00:00","og_image":[{"width":1000,"height":1000,"url":"https:\/\/topkeymedical.com\/wp-content\/uploads\/2025\/07\/Adjustable-volume-glass-micro-burette.webp","type":"image\/webp"}],"twitter_card":"summary_large_image","twitter_misc":{"Tahmini okuma s\u00fcresi":"2 dakika"},"schema":{"@context":"https:\/\/schema.org","@graph":[{"@type":"WebPage","@id":"https:\/\/topkeymedical.com\/product\/adjustable-volume-glass-micro-burette\/","url":"https:\/\/topkeymedical.com\/product\/adjustable-volume-glass-micro-burette\/","name":"Ayarlanabilir hacimli cam mikro b\u00fcret 5ml\/10ml","isPartOf":{"@id":"https:\/\/topkeymedical.com\/#website"},"primaryImageOfPage":{"@id":"https:\/\/topkeymedical.com\/product\/adjustable-volume-glass-micro-burette\/#primaryimage"},"image":{"@id":"https:\/\/topkeymedical.com\/product\/adjustable-volume-glass-micro-burette\/#primaryimage"},"thumbnailUrl":"https:\/\/topkeymedical.com\/wp-content\/uploads\/2025\/07\/Adjustable-volume-glass-micro-burette.webp","datePublished":"2025-07-19T12:01:04+00:00","dateModified":"2025-11-20T08:32:53+00:00","description":"5ml\/10ml mikro piston i\u00e7eren ayarlanabilir hacimli cam mikro b\u00fcret, hassas ta\u015flama ve eleme i\u015flemlerinden ge\u00e7irilir.","breadcrumb":{"@id":"https:\/\/topkeymedical.com\/product\/adjustable-volume-glass-micro-burette\/#breadcrumb"},"inLanguage":"tr","potentialAction":[{"@type":"ReadAction","target":["https:\/\/topkeymedical.com\/product\/adjustable-volume-glass-micro-burette\/"]}]},{"@type":"ImageObject","inLanguage":"tr","@id":"https:\/\/topkeymedical.com\/product\/adjustable-volume-glass-micro-burette\/#primaryimage","url":"https:\/\/topkeymedical.com\/wp-content\/uploads\/2025\/07\/Adjustable-volume-glass-micro-burette.webp","contentUrl":"https:\/\/topkeymedical.com\/wp-content\/uploads\/2025\/07\/Adjustable-volume-glass-micro-burette.webp","width":1000,"height":1000,"caption":"Adjustable-volume glass micro burette 5ml\/10ml"},{"@type":"BreadcrumbList","@id":"https:\/\/topkeymedical.com\/product\/adjustable-volume-glass-micro-burette\/#breadcrumb","itemListElement":[{"@type":"ListItem","position":1,"name":"Home","item":"https:\/\/topkeymedical.com\/"},{"@type":"ListItem","position":2,"name":"Products","item":"https:\/\/topkeymedical.com\/shop\/"},{"@type":"ListItem","position":3,"name":"Adjustable-volume glass micro burette 5ml\/10ml"}]},{"@type":"WebSite","@id":"https:\/\/topkeymedical.com\/#website","url":"https:\/\/topkeymedical.com\/","name":"TOPKEY- Her Ayr\u0131nt\u0131da Hassasiyet, Ya\u015fam ve Sa\u011fl\u0131\u011f\u0131n Koruyucusu","description":"","publisher":{"@id":"https:\/\/topkeymedical.com\/#organization"},"potentialAction":[{"@type":"SearchAction","target":{"@type":"EntryPoint","urlTemplate":"https:\/\/topkeymedical.com\/?s={search_term_string}"},"query-input":{"@type":"PropertyValueSpecification","valueRequired":true,"valueName":"search_term_string"}}],"inLanguage":"tr"},{"@type":"Organization","@id":"https:\/\/topkeymedical.com\/#organization","name":"TOPKEY- Her Ayr\u0131nt\u0131da Hassasiyet, Ya\u015fam ve Sa\u011fl\u0131\u011f\u0131n Koruyucusu","url":"https:\/\/topkeymedical.com\/","logo":{"@type":"ImageObject","inLanguage":"tr","@id":"https:\/\/topkeymedical.com\/#\/schema\/logo\/image\/","url":"https:\/\/topkeymedical.com\/wp-content\/uploads\/2025\/05\/cropped-logo.jpg","contentUrl":"https:\/\/topkeymedical.com\/wp-content\/uploads\/2025\/05\/cropped-logo.jpg","width":512,"height":512,"caption":"TOPKEY\u2013 Precision in Every Detail, Guardian of Life and Health"},"image":{"@id":"https:\/\/topkeymedical.com\/#\/schema\/logo\/image\/"},"sameAs":["https:\/\/www.facebook.com\/profile.php?id=100088897294997","https:\/\/www.youtube.com\/@TopkeyMedical-Alice888","https:\/\/www.linkedin.com\/in\/alice-hu-bb66a01b3\/"]}]}},"_links":{"self":[{"href":"https:\/\/topkeymedical.com\/tr\/wp-json\/wp\/v2\/product\/1107","targetHints":{"allow":["GET"]}}],"collection":[{"href":"https:\/\/topkeymedical.com\/tr\/wp-json\/wp\/v2\/product"}],"about":[{"href":"https:\/\/topkeymedical.com\/tr\/wp-json\/wp\/v2\/types\/product"}],"version-history":[{"count":4,"href":"https:\/\/topkeymedical.com\/tr\/wp-json\/wp\/v2\/product\/1107\/revisions"}],"predecessor-version":[{"id":1552,"href":"https:\/\/topkeymedical.com\/tr\/wp-json\/wp\/v2\/product\/1107\/revisions\/1552"}],"wp:featuredmedia":[{"embeddable":true,"href":"https:\/\/topkeymedical.com\/tr\/wp-json\/wp\/v2\/media\/1109"}],"wp:attachment":[{"href":"https:\/\/topkeymedical.com\/tr\/wp-json\/wp\/v2\/media?parent=1107"}],"wp:term":[{"taxonomy":"product_brand","embeddable":true,"href":"https:\/\/topkeymedical.com\/tr\/wp-json\/wp\/v2\/product_brand?post=1107"},{"taxonomy":"product_cat","embeddable":true,"href":"https:\/\/topkeymedical.com\/tr\/wp-json\/wp\/v2\/product_cat?post=1107"},{"taxonomy":"product_tag","embeddable":true,"href":"https:\/\/topkeymedical.com\/tr\/wp-json\/wp\/v2\/product_tag?post=1107"}],"curies":[{"name":"wp","href":"https:\/\/api.w.org\/{rel}","templated":true}]}}