{"id":1130,"date":"2025-07-20T02:51:33","date_gmt":"2025-07-20T02:51:33","guid":{"rendered":"https:\/\/topkeymedical.com\/?post_type=product&#038;p=1130"},"modified":"2025-11-21T06:38:34","modified_gmt":"2025-11-21T06:38:34","slug":"dereceli-santrifuj-tupu-15ml-50ml","status":"publish","type":"product","link":"https:\/\/topkeymedical.com\/tr\/urun\/dereceli-santrifuj-tupu-15ml-50ml\/","title":{"rendered":"Dereceli santrif\u00fcj t\u00fcp\u00fc 15ml - 50ml"},"content":{"rendered":"<h2>Dereceli santrif\u00fcj t\u00fcp\u00fcn\u00fcn \u00dcr\u00fcn \u00d6zellikleri:<\/h2>\n<p>1. S\u0131cakl\u0131k direnci aral\u0131\u011f\u0131: -80\u00b0C ila 120\u00b0C, y\u00fcksek s\u0131cakl\u0131k ve y\u00fcksek bas\u0131n\u00e7l\u0131 sterilizasyonu destekler.<br \/>\n2. Test edilen ortalama maksimum h\u0131z: 8500 RPM (dakika ba\u015f\u0131na devir say\u0131s\u0131).<br \/>\n3. Y\u00fcksek s\u0131cakl\u0131k s\u0131z\u0131nt\u0131 testi: 65\u00b0C'de 2 saatlik sabit s\u0131cakl\u0131k rotasyonundan sonra s\u0131z\u0131nt\u0131 yok.<br \/>\n4. P\u00fcr\u00fczs\u00fcz t\u00fcp duvar\u0131 ve y\u00fcksek \u015feffafl\u0131k, deneysel \u00e7al\u0131\u015fmay\u0131 ve g\u00f6zlemi kolayla\u015ft\u0131r\u0131r.<br \/>\n5. \u0130ste\u011fe ba\u011fl\u0131 \u03b3-\u0131\u015f\u0131n\u0131 sterilizasyonu. \u00d6zellikler 1.5ml\/2ml mikro santrif\u00fcj t\u00fcpleri ve 15ml\/50ml santrif\u00fcj t\u00fcplerini i\u00e7erir. Polipropilen (PP) malzemeden yap\u0131lm\u0131\u015f olup, konik tabanl\u0131 ve keskin tabanl\u0131 olarak s\u0131n\u0131fland\u0131r\u0131l\u0131rlar.<br \/>\n6. Net mezuniyet \u00e7izgileri, iyi s\u0131zd\u0131rmazl\u0131k performans\u0131, enzim i\u00e7ermeyen ve pirojen i\u00e7ermeyen, eksiksiz \u00f6zellikler.<\/p>\n<p><strong>\u00dcr\u00fcn Malzemesi:<\/strong> T\u00fcp g\u00f6vdesi (polipropilen), t\u00fcp kapa\u011f\u0131 (polietilen).<br \/>\n<strong>\u00dcr\u00fcn Kullan\u0131m\u0131:<\/strong> Santrif\u00fcjlerle birlikte kullan\u0131lan, s\u0131zd\u0131rmaz bir kapak veya pres kapakla donat\u0131lm\u0131\u015f boru \u015feklinde bir numune kab\u0131.<\/p>\n<table>\n<tbody>\n<tr>\n<td width=\"104\">\u015eartname<\/td>\n<td width=\"110\">\u00c7ap (mm)<\/td>\n<td width=\"114\">Kapak \u00e7ap\u0131 (mm)<\/td>\n<td width=\"117\">Kapak y\u00fcksekli\u011fi (mm)<\/td>\n<td width=\"132\">Kapak dahil y\u00fckseklik (mm)<\/td>\n<\/tr>\n<tr>\n<td width=\"104\">15ml<\/td>\n<td width=\"110\">16<\/td>\n<td width=\"114\">10.6<\/td>\n<td width=\"117\">10.75<\/td>\n<td width=\"132\">120.58<\/td>\n<\/tr>\n<tr>\n<td width=\"104\">50ml<\/td>\n<td width=\"110\">28.69<\/td>\n<td width=\"114\">33.88<\/td>\n<td width=\"117\">12.6<\/td>\n<td width=\"132\">116.4<\/td>\n<\/tr>\n<\/tbody>\n<\/table>\n<figure id=\"attachment_1133\" aria-describedby=\"caption-attachment-1133\" style=\"width: 1000px\" class=\"wp-caption aligncenter\"><img fetchpriority=\"high\" decoding=\"async\" class=\"wp-image-1133 size-full\" title=\"Dereceli santrif\u00fcj t\u00fcp\u00fc 15ml\" src=\"https:\/\/topkeymedical.com\/wp-content\/uploads\/2025\/07\/15ml-centrifuge-tube.webp\" alt=\"Dereceli santrif\u00fcj t\u00fcp\u00fc 15ml \" width=\"1000\" height=\"1000\" srcset=\"https:\/\/topkeymedical.com\/wp-content\/uploads\/2025\/07\/15ml-centrifuge-tube.webp 1000w, https:\/\/topkeymedical.com\/wp-content\/uploads\/2025\/07\/15ml-centrifuge-tube-300x300.webp 300w, https:\/\/topkeymedical.com\/wp-content\/uploads\/2025\/07\/15ml-centrifuge-tube-150x150.webp 150w, https:\/\/topkeymedical.com\/wp-content\/uploads\/2025\/07\/15ml-centrifuge-tube-768x768.webp 768w, https:\/\/topkeymedical.com\/wp-content\/uploads\/2025\/07\/15ml-centrifuge-tube-600x600.webp 600w, https:\/\/topkeymedical.com\/wp-content\/uploads\/2025\/07\/15ml-centrifuge-tube-100x100.webp 100w\" sizes=\"(max-width: 1000px) 100vw, 1000px\" \/><figcaption id=\"caption-attachment-1133\" class=\"wp-caption-text\">Dereceli santrif\u00fcj t\u00fcp\u00fc 15ml<\/figcaption><\/figure>\n<figure id=\"attachment_1134\" aria-describedby=\"caption-attachment-1134\" style=\"width: 1000px\" class=\"wp-caption aligncenter\"><img decoding=\"async\" class=\"wp-image-1134 size-full\" title=\"Dereceli santrif\u00fcj t\u00fcp\u00fc 50ml \" src=\"https:\/\/topkeymedical.com\/wp-content\/uploads\/2025\/07\/50ml-centrifuge-tube.webp\" alt=\"Dereceli santrif\u00fcj t\u00fcp\u00fc 50ml \" width=\"1000\" height=\"1000\" srcset=\"https:\/\/topkeymedical.com\/wp-content\/uploads\/2025\/07\/50ml-centrifuge-tube.webp 1000w, https:\/\/topkeymedical.com\/wp-content\/uploads\/2025\/07\/50ml-centrifuge-tube-300x300.webp 300w, https:\/\/topkeymedical.com\/wp-content\/uploads\/2025\/07\/50ml-centrifuge-tube-150x150.webp 150w, https:\/\/topkeymedical.com\/wp-content\/uploads\/2025\/07\/50ml-centrifuge-tube-768x768.webp 768w, https:\/\/topkeymedical.com\/wp-content\/uploads\/2025\/07\/50ml-centrifuge-tube-600x600.webp 600w, https:\/\/topkeymedical.com\/wp-content\/uploads\/2025\/07\/50ml-centrifuge-tube-100x100.webp 100w\" sizes=\"(max-width: 1000px) 100vw, 1000px\" \/><figcaption id=\"caption-attachment-1134\" class=\"wp-caption-text\">Santrif\u00fcj t\u00fcp\u00fc 50ml<\/figcaption><\/figure>","protected":false},"excerpt":{"rendered":"<p>Dereceli santrif\u00fcj t\u00fcp\u00fc, bakteriler, h\u00fccreler, proteinler ve n\u00fckleik asitler dahil olmak \u00fczere \u00e7e\u015fitli biyolojik numunelerin toplanmas\u0131, alt paketlenmesi ve santrif\u00fcjlenmesi i\u00e7in uygundur. USP-6'ya uygun, a\u011f\u0131r metal iyonlar\u0131 i\u00e7ermeyen PP malzemeden yap\u0131lm\u0131\u015ft\u0131r. \u0130\u00e7 duvar, numune kal\u0131nt\u0131s\u0131 kalmamas\u0131n\u0131 sa\u011flamak i\u00e7in p\u00fcr\u00fczs\u00fczd\u00fcr ve kolay g\u00f6zlem i\u00e7in y\u00fcksek \u015feffafl\u0131\u011fa sahiptir. Piyasada yayg\u0131n olarak kullan\u0131lan santrif\u00fcjler i\u00e7in uygundur ve -80\u00b0C ila 120\u00b0C aras\u0131nda de\u011fi\u015fen s\u0131cakl\u0131klara dayanabilir.<\/p>","protected":false},"featured_media":1127,"template":"","meta":{"_acf_changed":false,"site-sidebar-layout":"default","site-content-layout":"","ast-site-content-layout":"default","site-content-style":"default","site-sidebar-style":"default","ast-global-header-display":"","ast-banner-title-visibility":"","ast-main-header-display":"","ast-hfb-above-header-display":"","ast-hfb-below-header-display":"","ast-hfb-mobile-header-display":"","site-post-title":"","ast-breadcrumbs-content":"","ast-featured-img":"","footer-sml-layout":"","ast-disable-related-posts":"","theme-transparent-header-meta":"default","adv-header-id-meta":"","stick-header-meta":"","header-above-stick-meta":"","header-main-stick-meta":"","header-below-stick-meta":"","astra-migrate-meta-layouts":"set","ast-page-background-enabled":"default","ast-page-background-meta":{"desktop":{"background-color":"var(--ast-global-color-5)","background-image":"","background-repeat":"repeat","background-position":"center center","background-size":"auto","background-attachment":"scroll","background-type":"","background-media":"","overlay-type":"","overlay-color":"","overlay-opacity":"","overlay-gradient":""},"tablet":{"background-color":"","background-image":"","background-repeat":"repeat","background-position":"center center","background-size":"auto","background-attachment":"scroll","background-type":"","background-media":"","overlay-type":"","overlay-color":"","overlay-opacity":"","overlay-gradient":""},"mobile":{"background-color":"","background-image":"","background-repeat":"repeat","background-position":"center center","background-size":"auto","background-attachment":"scroll","background-type":"","background-media":"","overlay-type":"","overlay-color":"","overlay-opacity":"","overlay-gradient":""}},"ast-content-background-meta":{"desktop":{"background-color":"var(--ast-global-color-4)","background-image":"","background-repeat":"repeat","background-position":"center center","background-size":"auto","background-attachment":"scroll","background-type":"","background-media":"","overlay-type":"","overlay-color":"","overlay-opacity":"","overlay-gradient":""},"tablet":{"background-color":"var(--ast-global-color-4)","background-image":"","background-repeat":"repeat","background-position":"center center","background-size":"auto","background-attachment":"scroll","background-type":"","background-media":"","overlay-type":"","overlay-color":"","overlay-opacity":"","overlay-gradient":""},"mobile":{"background-color":"var(--ast-global-color-4)","background-image":"","background-repeat":"repeat","background-position":"center center","background-size":"auto","background-attachment":"scroll","background-type":"","background-media":"","overlay-type":"","overlay-color":"","overlay-opacity":"","overlay-gradient":""}}},"product_brand":[],"product_cat":[67],"product_tag":[],"class_list":{"0":"post-1130","1":"product","2":"type-product","3":"status-publish","4":"has-post-thumbnail","6":"product_cat-laboratory-consumables","7":"desktop-align-left","8":"tablet-align-left","9":"mobile-align-left","11":"first","12":"instock","13":"shipping-taxable","14":"product-type-simple"},"acf":[],"yoast_head":"<!-- This site is optimized with the Yoast SEO plugin v27.4 - https:\/\/yoast.com\/product\/yoast-seo-wordpress\/ -->\n<title>Graduated centrifuge tube 15ml - 50ml<\/title>\n<meta name=\"description\" content=\"Graduated centrifuge tube is suitable for the collection, subpackaging, and centrifugation of various biological samples, including bacteria, cells...\" \/>\n<meta name=\"robots\" content=\"index, follow, max-snippet:-1, max-image-preview:large, max-video-preview:-1\" \/>\n<link rel=\"canonical\" href=\"https:\/\/topkeymedical.com\/tr\/urun\/dereceli-santrifuj-tupu-15ml-50ml\/\" \/>\n<meta property=\"og:locale\" content=\"tr_TR\" \/>\n<meta property=\"og:type\" content=\"article\" \/>\n<meta property=\"og:title\" content=\"Graduated centrifuge tube 15ml - 50ml\" \/>\n<meta property=\"og:description\" content=\"Graduated centrifuge tube is suitable for the collection, subpackaging, and centrifugation of various biological samples, including bacteria, cells...\" \/>\n<meta property=\"og:url\" content=\"https:\/\/topkeymedical.com\/tr\/urun\/dereceli-santrifuj-tupu-15ml-50ml\/\" \/>\n<meta property=\"og:site_name\" content=\"TOPKEY\u2013 Precision in Every Detail, Guardian of Life and Health\" \/>\n<meta property=\"article:publisher\" content=\"https:\/\/www.facebook.com\/profile.php?id=100088897294997\" \/>\n<meta property=\"article:modified_time\" content=\"2025-11-21T06:38:34+00:00\" \/>\n<meta property=\"og:image\" content=\"https:\/\/topkeymedical.com\/wp-content\/uploads\/2025\/07\/Laboratory-Consumables-centrifuge-tube.webp\" \/>\n\t<meta property=\"og:image:width\" content=\"1000\" \/>\n\t<meta property=\"og:image:height\" content=\"1000\" \/>\n\t<meta property=\"og:image:type\" content=\"image\/webp\" \/>\n<meta name=\"twitter:card\" content=\"summary_large_image\" \/>\n<meta name=\"twitter:label1\" content=\"Tahmini okuma s\u00fcresi\" \/>\n\t<meta name=\"twitter:data1\" content=\"2 dakika\" \/>\n<script type=\"application\/ld+json\" class=\"yoast-schema-graph\">{\"@context\":\"https:\\\/\\\/schema.org\",\"@graph\":[{\"@type\":\"WebPage\",\"@id\":\"https:\\\/\\\/topkeymedical.com\\\/product\\\/graduated-centrifuge-tube-15ml-50ml\\\/\",\"url\":\"https:\\\/\\\/topkeymedical.com\\\/product\\\/graduated-centrifuge-tube-15ml-50ml\\\/\",\"name\":\"Graduated centrifuge tube 15ml - 50ml\",\"isPartOf\":{\"@id\":\"https:\\\/\\\/topkeymedical.com\\\/#website\"},\"primaryImageOfPage\":{\"@id\":\"https:\\\/\\\/topkeymedical.com\\\/product\\\/graduated-centrifuge-tube-15ml-50ml\\\/#primaryimage\"},\"image\":{\"@id\":\"https:\\\/\\\/topkeymedical.com\\\/product\\\/graduated-centrifuge-tube-15ml-50ml\\\/#primaryimage\"},\"thumbnailUrl\":\"https:\\\/\\\/topkeymedical.com\\\/wp-content\\\/uploads\\\/2025\\\/07\\\/Laboratory-Consumables-centrifuge-tube.webp\",\"datePublished\":\"2025-07-20T02:51:33+00:00\",\"dateModified\":\"2025-11-21T06:38:34+00:00\",\"description\":\"Graduated centrifuge tube is suitable for the collection, subpackaging, and centrifugation of various biological samples, including bacteria, cells...\",\"breadcrumb\":{\"@id\":\"https:\\\/\\\/topkeymedical.com\\\/product\\\/graduated-centrifuge-tube-15ml-50ml\\\/#breadcrumb\"},\"inLanguage\":\"tr\",\"potentialAction\":[{\"@type\":\"ReadAction\",\"target\":[\"https:\\\/\\\/topkeymedical.com\\\/product\\\/graduated-centrifuge-tube-15ml-50ml\\\/\"]}]},{\"@type\":\"ImageObject\",\"inLanguage\":\"tr\",\"@id\":\"https:\\\/\\\/topkeymedical.com\\\/product\\\/graduated-centrifuge-tube-15ml-50ml\\\/#primaryimage\",\"url\":\"https:\\\/\\\/topkeymedical.com\\\/wp-content\\\/uploads\\\/2025\\\/07\\\/Laboratory-Consumables-centrifuge-tube.webp\",\"contentUrl\":\"https:\\\/\\\/topkeymedical.com\\\/wp-content\\\/uploads\\\/2025\\\/07\\\/Laboratory-Consumables-centrifuge-tube.webp\",\"width\":1000,\"height\":1000,\"caption\":\"Laboratory Consumables centrifuge tube\"},{\"@type\":\"BreadcrumbList\",\"@id\":\"https:\\\/\\\/topkeymedical.com\\\/product\\\/graduated-centrifuge-tube-15ml-50ml\\\/#breadcrumb\",\"itemListElement\":[{\"@type\":\"ListItem\",\"position\":1,\"name\":\"Home\",\"item\":\"https:\\\/\\\/topkeymedical.com\\\/\"},{\"@type\":\"ListItem\",\"position\":2,\"name\":\"Products\",\"item\":\"https:\\\/\\\/topkeymedical.com\\\/shop\\\/\"},{\"@type\":\"ListItem\",\"position\":3,\"name\":\"Graduated centrifuge tube 15ml &#8211; 50ml\"}]},{\"@type\":\"WebSite\",\"@id\":\"https:\\\/\\\/topkeymedical.com\\\/#website\",\"url\":\"https:\\\/\\\/topkeymedical.com\\\/\",\"name\":\"TOPKEY\u2013 Precision in Every Detail, Guardian of Life and Health\",\"description\":\"\",\"publisher\":{\"@id\":\"https:\\\/\\\/topkeymedical.com\\\/#organization\"},\"potentialAction\":[{\"@type\":\"SearchAction\",\"target\":{\"@type\":\"EntryPoint\",\"urlTemplate\":\"https:\\\/\\\/topkeymedical.com\\\/?s={search_term_string}\"},\"query-input\":{\"@type\":\"PropertyValueSpecification\",\"valueRequired\":true,\"valueName\":\"search_term_string\"}}],\"inLanguage\":\"tr\"},{\"@type\":\"Organization\",\"@id\":\"https:\\\/\\\/topkeymedical.com\\\/#organization\",\"name\":\"TOPKEY\u2013 Precision in Every Detail, Guardian of Life and Health\",\"url\":\"https:\\\/\\\/topkeymedical.com\\\/\",\"logo\":{\"@type\":\"ImageObject\",\"inLanguage\":\"tr\",\"@id\":\"https:\\\/\\\/topkeymedical.com\\\/#\\\/schema\\\/logo\\\/image\\\/\",\"url\":\"https:\\\/\\\/topkeymedical.com\\\/wp-content\\\/uploads\\\/2025\\\/05\\\/cropped-logo.jpg\",\"contentUrl\":\"https:\\\/\\\/topkeymedical.com\\\/wp-content\\\/uploads\\\/2025\\\/05\\\/cropped-logo.jpg\",\"width\":512,\"height\":512,\"caption\":\"TOPKEY\u2013 Precision in Every Detail, Guardian of Life and Health\"},\"image\":{\"@id\":\"https:\\\/\\\/topkeymedical.com\\\/#\\\/schema\\\/logo\\\/image\\\/\"},\"sameAs\":[\"https:\\\/\\\/www.facebook.com\\\/profile.php?id=100088897294997\",\"https:\\\/\\\/www.youtube.com\\\/@TopkeyMedical-Alice888\",\"https:\\\/\\\/www.linkedin.com\\\/in\\\/alice-hu-bb66a01b3\\\/\"]}]}<\/script>\n<!-- \/ Yoast SEO plugin. -->","yoast_head_json":{"title":"Dereceli santrif\u00fcj t\u00fcp\u00fc 15ml - 50ml","description":"Dereceli santrif\u00fcj t\u00fcp\u00fc, bakteriler, h\u00fccreler ve di\u011fer canl\u0131lar dahil olmak \u00fczere \u00e7e\u015fitli biyolojik \u00f6rneklerin toplanmas\u0131, alt paketlenmesi ve santrif\u00fcjlenmesi i\u00e7in...","robots":{"index":"index","follow":"follow","max-snippet":"max-snippet:-1","max-image-preview":"max-image-preview:large","max-video-preview":"max-video-preview:-1"},"canonical":"https:\/\/topkeymedical.com\/tr\/urun\/dereceli-santrifuj-tupu-15ml-50ml\/","og_locale":"tr_TR","og_type":"article","og_title":"Graduated centrifuge tube 15ml - 50ml","og_description":"Graduated centrifuge tube is suitable for the collection, subpackaging, and centrifugation of various biological samples, including bacteria, cells...","og_url":"https:\/\/topkeymedical.com\/tr\/urun\/dereceli-santrifuj-tupu-15ml-50ml\/","og_site_name":"TOPKEY\u2013 Precision in Every Detail, Guardian of Life and Health","article_publisher":"https:\/\/www.facebook.com\/profile.php?id=100088897294997","article_modified_time":"2025-11-21T06:38:34+00:00","og_image":[{"width":1000,"height":1000,"url":"https:\/\/topkeymedical.com\/wp-content\/uploads\/2025\/07\/Laboratory-Consumables-centrifuge-tube.webp","type":"image\/webp"}],"twitter_card":"summary_large_image","twitter_misc":{"Tahmini okuma s\u00fcresi":"2 dakika"},"schema":{"@context":"https:\/\/schema.org","@graph":[{"@type":"WebPage","@id":"https:\/\/topkeymedical.com\/product\/graduated-centrifuge-tube-15ml-50ml\/","url":"https:\/\/topkeymedical.com\/product\/graduated-centrifuge-tube-15ml-50ml\/","name":"Dereceli santrif\u00fcj t\u00fcp\u00fc 15ml - 50ml","isPartOf":{"@id":"https:\/\/topkeymedical.com\/#website"},"primaryImageOfPage":{"@id":"https:\/\/topkeymedical.com\/product\/graduated-centrifuge-tube-15ml-50ml\/#primaryimage"},"image":{"@id":"https:\/\/topkeymedical.com\/product\/graduated-centrifuge-tube-15ml-50ml\/#primaryimage"},"thumbnailUrl":"https:\/\/topkeymedical.com\/wp-content\/uploads\/2025\/07\/Laboratory-Consumables-centrifuge-tube.webp","datePublished":"2025-07-20T02:51:33+00:00","dateModified":"2025-11-21T06:38:34+00:00","description":"Dereceli santrif\u00fcj t\u00fcp\u00fc, bakteriler, h\u00fccreler ve di\u011fer canl\u0131lar dahil olmak \u00fczere \u00e7e\u015fitli biyolojik \u00f6rneklerin toplanmas\u0131, alt paketlenmesi ve santrif\u00fcjlenmesi i\u00e7in...","breadcrumb":{"@id":"https:\/\/topkeymedical.com\/product\/graduated-centrifuge-tube-15ml-50ml\/#breadcrumb"},"inLanguage":"tr","potentialAction":[{"@type":"ReadAction","target":["https:\/\/topkeymedical.com\/product\/graduated-centrifuge-tube-15ml-50ml\/"]}]},{"@type":"ImageObject","inLanguage":"tr","@id":"https:\/\/topkeymedical.com\/product\/graduated-centrifuge-tube-15ml-50ml\/#primaryimage","url":"https:\/\/topkeymedical.com\/wp-content\/uploads\/2025\/07\/Laboratory-Consumables-centrifuge-tube.webp","contentUrl":"https:\/\/topkeymedical.com\/wp-content\/uploads\/2025\/07\/Laboratory-Consumables-centrifuge-tube.webp","width":1000,"height":1000,"caption":"Laboratory Consumables centrifuge tube"},{"@type":"BreadcrumbList","@id":"https:\/\/topkeymedical.com\/product\/graduated-centrifuge-tube-15ml-50ml\/#breadcrumb","itemListElement":[{"@type":"ListItem","position":1,"name":"Home","item":"https:\/\/topkeymedical.com\/"},{"@type":"ListItem","position":2,"name":"Products","item":"https:\/\/topkeymedical.com\/shop\/"},{"@type":"ListItem","position":3,"name":"Graduated centrifuge tube 15ml &#8211; 50ml"}]},{"@type":"WebSite","@id":"https:\/\/topkeymedical.com\/#website","url":"https:\/\/topkeymedical.com\/","name":"TOPKEY- Her Ayr\u0131nt\u0131da Hassasiyet, Ya\u015fam ve Sa\u011fl\u0131\u011f\u0131n Koruyucusu","description":"","publisher":{"@id":"https:\/\/topkeymedical.com\/#organization"},"potentialAction":[{"@type":"SearchAction","target":{"@type":"EntryPoint","urlTemplate":"https:\/\/topkeymedical.com\/?s={search_term_string}"},"query-input":{"@type":"PropertyValueSpecification","valueRequired":true,"valueName":"search_term_string"}}],"inLanguage":"tr"},{"@type":"Organization","@id":"https:\/\/topkeymedical.com\/#organization","name":"TOPKEY- Her Ayr\u0131nt\u0131da Hassasiyet, Ya\u015fam ve Sa\u011fl\u0131\u011f\u0131n Koruyucusu","url":"https:\/\/topkeymedical.com\/","logo":{"@type":"ImageObject","inLanguage":"tr","@id":"https:\/\/topkeymedical.com\/#\/schema\/logo\/image\/","url":"https:\/\/topkeymedical.com\/wp-content\/uploads\/2025\/05\/cropped-logo.jpg","contentUrl":"https:\/\/topkeymedical.com\/wp-content\/uploads\/2025\/05\/cropped-logo.jpg","width":512,"height":512,"caption":"TOPKEY\u2013 Precision in Every Detail, Guardian of Life and Health"},"image":{"@id":"https:\/\/topkeymedical.com\/#\/schema\/logo\/image\/"},"sameAs":["https:\/\/www.facebook.com\/profile.php?id=100088897294997","https:\/\/www.youtube.com\/@TopkeyMedical-Alice888","https:\/\/www.linkedin.com\/in\/alice-hu-bb66a01b3\/"]}]}},"_links":{"self":[{"href":"https:\/\/topkeymedical.com\/tr\/wp-json\/wp\/v2\/product\/1130","targetHints":{"allow":["GET"]}}],"collection":[{"href":"https:\/\/topkeymedical.com\/tr\/wp-json\/wp\/v2\/product"}],"about":[{"href":"https:\/\/topkeymedical.com\/tr\/wp-json\/wp\/v2\/types\/product"}],"version-history":[{"count":2,"href":"https:\/\/topkeymedical.com\/tr\/wp-json\/wp\/v2\/product\/1130\/revisions"}],"predecessor-version":[{"id":1561,"href":"https:\/\/topkeymedical.com\/tr\/wp-json\/wp\/v2\/product\/1130\/revisions\/1561"}],"wp:featuredmedia":[{"embeddable":true,"href":"https:\/\/topkeymedical.com\/tr\/wp-json\/wp\/v2\/media\/1127"}],"wp:attachment":[{"href":"https:\/\/topkeymedical.com\/tr\/wp-json\/wp\/v2\/media?parent=1130"}],"wp:term":[{"taxonomy":"product_brand","embeddable":true,"href":"https:\/\/topkeymedical.com\/tr\/wp-json\/wp\/v2\/product_brand?post=1130"},{"taxonomy":"product_cat","embeddable":true,"href":"https:\/\/topkeymedical.com\/tr\/wp-json\/wp\/v2\/product_cat?post=1130"},{"taxonomy":"product_tag","embeddable":true,"href":"https:\/\/topkeymedical.com\/tr\/wp-json\/wp\/v2\/product_tag?post=1130"}],"curies":[{"name":"wp","href":"https:\/\/api.w.org\/{rel}","templated":true}]}}