{"id":1145,"date":"2025-07-20T14:22:57","date_gmt":"2025-07-20T14:22:57","guid":{"rendered":"https:\/\/topkeymedical.com\/?post_type=product&#038;p=1145"},"modified":"2025-11-21T06:43:35","modified_gmt":"2025-11-21T06:43:35","slug":"pipet-uclari-10ul-200ul-1000ul-5ml-10ml","status":"publish","type":"product","link":"https:\/\/topkeymedical.com\/tr\/urun\/pipet-uclari-10ul-200ul-1000ul-5ml-10ml\/","title":{"rendered":"Pipet u\u00e7lar\u0131 10ul, 200ul, 1000ul, 5ml, 10ml"},"content":{"rendered":"<p>M\u00fckemmel \u015feffafl\u0131\u011f\u0131 ile kullan\u0131m s\u0131ras\u0131nda s\u0131v\u0131 seviyesinin g\u00f6zlemlenmesini kolayla\u015ft\u0131r\u0131r. G\u00fc\u00e7l\u00fc toleransa sahiptir ve \u00e7e\u015fitli organik \u00e7\u00f6zeltilerin aspirasyonu i\u00e7in kullan\u0131labilir. \u0130yi s\u0131zd\u0131rmazl\u0131k performans\u0131na sahiptir ve hem tek kanall\u0131 hem de \u00e7ok kanall\u0131 pipetlerle uyumludur.<\/p>\n<h2>Pipet U\u00e7lar\u0131 Parametreleri<\/h2>\n<p><strong>\u00dcr\u00fcn Yap\u0131s\u0131 Kompozisyonu:<\/strong> Polipropilen (<a href=\"https:\/\/www.bpf.co.uk\/plastipedia\/polymers\/PP.aspx\" target=\"_blank\" rel=\"noopener\">PP<\/a>)<br \/>\n<strong>Paketleme:<\/strong> Steril torbalanm\u0131\u015f (y\u00fcksek s\u0131cakl\u0131k ve y\u00fcksek bas\u0131n\u00e7l\u0131 sterilizasyona uygun)<br \/>\n<strong>\u00dcr\u00fcn Uygulamas\u0131:<\/strong> Pipetlerle birlikte kullan\u0131ld\u0131\u011f\u0131nda, s\u0131v\u0131 transferi, s\u0131v\u0131 al\u0131koyma, s\u0131v\u0131 kar\u0131\u015ft\u0131rma, \u00e7al\u0131\u015fma plakalar\u0131na ve reaksiyon kaplar\u0131na numune ekleme, ekstraksiyondan sonra s\u00fcpernatan\u0131n \u00e7\u0131kar\u0131lmas\u0131 vb. i\u00e7in uygulanabilir.<\/p>\n<table>\n<tbody>\n<tr>\n<td width=\"113\">\u00dcr\u00fcn Model No<\/td>\n<td width=\"125\">\u0130sim<\/td>\n<td width=\"79\">Kapasite<\/td>\n<td width=\"95\">Renk<\/td>\n<td width=\"164\">Ambalaj \u00d6zellikleri<\/td>\n<\/tr>\n<tr>\n<td width=\"113\">2302A0010<\/td>\n<td width=\"125\">10\u03bcL \u015feffaf torbal\u0131 u\u00e7lar<\/td>\n<td width=\"79\">10\u03bcL<\/td>\n<td width=\"95\">\u015feffaf<\/td>\n<td width=\"164\">1000 adet\/paket, 20 paket\/kutu<\/td>\n<\/tr>\n<tr>\n<td width=\"113\">2302A0200<\/td>\n<td width=\"125\">200\u03bcL Sar\u0131 Torba U\u00e7lar\u0131<\/td>\n<td width=\"79\">200\u03bcL<\/td>\n<td width=\"95\">sar\u0131<\/td>\n<td width=\"164\">1000 adet\/paket, 20 paket\/kutu<\/td>\n<\/tr>\n<tr>\n<td width=\"113\">2302A1250<\/td>\n<td width=\"125\">1000\u03bcL \u015feffaf torbal\u0131 u\u00e7lar<\/td>\n<td width=\"79\">1000\u03bcL<\/td>\n<td width=\"95\">\u015feffaf<\/td>\n<td width=\"164\">1000 adet\/paket, 5 paket\/kutu<\/td>\n<\/tr>\n<tr>\n<td width=\"113\">2302A5000<\/td>\n<td width=\"125\">5000\u03bcL \u015feffaf torba u\u00e7lar\u0131<\/td>\n<td width=\"79\">5000\u03bcL<\/td>\n<td width=\"95\">\u015feffaf<\/td>\n<td width=\"164\">400 adet\/paket, 5 paket\/kutu<\/td>\n<\/tr>\n<tr>\n<td width=\"113\">2302A0010<\/td>\n<td width=\"125\">10 mL \u015feffaf torbal\u0131 u\u00e7lar<\/td>\n<td width=\"79\">10 mL<\/td>\n<td width=\"95\">\u015feffaf<\/td>\n<td width=\"164\">100 adet\/paket, 20 paket\/kutu<\/td>\n<\/tr>\n<\/tbody>\n<\/table>\n<p>Pipetler ve u\u00e7lar farkl\u0131 boyutlarda ve \u00f6zelliklerde gelir ve \u00f6zelliklerinin pipetlerle uyumlu olmas\u0131 gerekir. Genel olarak bunlar a\u015fa\u011f\u0131daki gibidir:<\/p>\n<ul>\n<li>10\u03bcl u\u00e7lar, 1-10\u03bcl ve ara aral\u0131klara sahip pipetlerle uyumludur ve genellikle beyaz renktedir.<\/li>\n<li>200\u03bcl u\u00e7lar, 20-200\u03bcl ve ara aral\u0131klara sahip pipetlerle uyumludur ve genellikle sar\u0131 renktedir.<\/li>\n<li>1000\u03bcl u\u00e7lar 100-1000\u03bcl aral\u0131\u011f\u0131ndaki pipetlerle uyumludur; 1000\u03bcl u\u00e7lar genellikle beyaz veya mavidir.<\/li>\n<li>5 ml u\u00e7lar, 1-5 ml aral\u0131\u011f\u0131ndaki pipetlerle uyumludur.<\/li>\n<li>10 ml u\u00e7lar, 1-10 ml aral\u0131\u011f\u0131ndaki pipetlerle uyumludur.<\/li>\n<\/ul>\n<figure id=\"attachment_1146\" aria-describedby=\"caption-attachment-1146\" style=\"width: 1000px\" class=\"wp-caption aligncenter\"><img fetchpriority=\"high\" decoding=\"async\" class=\"wp-image-1146 size-full\" title=\"Pipet ve u\u00e7lar 10ul\" src=\"https:\/\/topkeymedical.com\/wp-content\/uploads\/2025\/07\/Pipette-tips-10ul.webp\" alt=\"Pipet ve u\u00e7lar 10ul\" width=\"1000\" height=\"1000\" srcset=\"https:\/\/topkeymedical.com\/wp-content\/uploads\/2025\/07\/Pipette-tips-10ul.webp 1000w, https:\/\/topkeymedical.com\/wp-content\/uploads\/2025\/07\/Pipette-tips-10ul-300x300.webp 300w, https:\/\/topkeymedical.com\/wp-content\/uploads\/2025\/07\/Pipette-tips-10ul-150x150.webp 150w, https:\/\/topkeymedical.com\/wp-content\/uploads\/2025\/07\/Pipette-tips-10ul-768x768.webp 768w, https:\/\/topkeymedical.com\/wp-content\/uploads\/2025\/07\/Pipette-tips-10ul-600x600.webp 600w, https:\/\/topkeymedical.com\/wp-content\/uploads\/2025\/07\/Pipette-tips-10ul-100x100.webp 100w\" sizes=\"(max-width: 1000px) 100vw, 1000px\" \/><figcaption id=\"caption-attachment-1146\" class=\"wp-caption-text\">Pipet ve u\u00e7lar 10ul<\/figcaption><\/figure>\n<figure id=\"attachment_1149\" aria-describedby=\"caption-attachment-1149\" style=\"width: 1000px\" class=\"wp-caption aligncenter\"><img decoding=\"async\" class=\"wp-image-1149 size-full\" title=\"Pipet ve u\u00e7lar 200ul\" src=\"https:\/\/topkeymedical.com\/wp-content\/uploads\/2025\/07\/Pipette-tips-200ul.webp\" alt=\"Pipet ve u\u00e7lar 200ul\" width=\"1000\" height=\"1000\" srcset=\"https:\/\/topkeymedical.com\/wp-content\/uploads\/2025\/07\/Pipette-tips-200ul.webp 1000w, https:\/\/topkeymedical.com\/wp-content\/uploads\/2025\/07\/Pipette-tips-200ul-300x300.webp 300w, https:\/\/topkeymedical.com\/wp-content\/uploads\/2025\/07\/Pipette-tips-200ul-150x150.webp 150w, https:\/\/topkeymedical.com\/wp-content\/uploads\/2025\/07\/Pipette-tips-200ul-768x768.webp 768w, https:\/\/topkeymedical.com\/wp-content\/uploads\/2025\/07\/Pipette-tips-200ul-600x600.webp 600w, https:\/\/topkeymedical.com\/wp-content\/uploads\/2025\/07\/Pipette-tips-200ul-100x100.webp 100w\" sizes=\"(max-width: 1000px) 100vw, 1000px\" \/><figcaption id=\"caption-attachment-1149\" class=\"wp-caption-text\">Pipet u\u00e7lar\u0131 200ul<\/figcaption><\/figure>\n<figure id=\"attachment_1150\" aria-describedby=\"caption-attachment-1150\" style=\"width: 1000px\" class=\"wp-caption aligncenter\"><img decoding=\"async\" class=\"wp-image-1150 size-full\" title=\"Pipet u\u00e7lar\u0131 1000ul\" src=\"https:\/\/topkeymedical.com\/wp-content\/uploads\/2025\/07\/Pipette-tips-1000ul.webp\" alt=\"Pipet u\u00e7lar\u0131 1000ul\" width=\"1000\" height=\"1000\" srcset=\"https:\/\/topkeymedical.com\/wp-content\/uploads\/2025\/07\/Pipette-tips-1000ul.webp 1000w, https:\/\/topkeymedical.com\/wp-content\/uploads\/2025\/07\/Pipette-tips-1000ul-300x300.webp 300w, https:\/\/topkeymedical.com\/wp-content\/uploads\/2025\/07\/Pipette-tips-1000ul-150x150.webp 150w, https:\/\/topkeymedical.com\/wp-content\/uploads\/2025\/07\/Pipette-tips-1000ul-768x768.webp 768w, https:\/\/topkeymedical.com\/wp-content\/uploads\/2025\/07\/Pipette-tips-1000ul-600x600.webp 600w, https:\/\/topkeymedical.com\/wp-content\/uploads\/2025\/07\/Pipette-tips-1000ul-100x100.webp 100w\" sizes=\"(max-width: 1000px) 100vw, 1000px\" \/><figcaption id=\"caption-attachment-1150\" class=\"wp-caption-text\">Pipet u\u00e7lar\u0131 1000ul<\/figcaption><\/figure>\n<figure id=\"attachment_1147\" aria-describedby=\"caption-attachment-1147\" style=\"width: 1000px\" class=\"wp-caption aligncenter\"><img loading=\"lazy\" decoding=\"async\" class=\"wp-image-1147 size-full\" title=\"Pipetler ve u\u00e7lar 5ml\" src=\"https:\/\/topkeymedical.com\/wp-content\/uploads\/2025\/07\/Pipette-tips-5ml.webp\" alt=\"Pipetler ve u\u00e7lar 5ml\" width=\"1000\" height=\"1000\" srcset=\"https:\/\/topkeymedical.com\/wp-content\/uploads\/2025\/07\/Pipette-tips-5ml.webp 1000w, https:\/\/topkeymedical.com\/wp-content\/uploads\/2025\/07\/Pipette-tips-5ml-300x300.webp 300w, https:\/\/topkeymedical.com\/wp-content\/uploads\/2025\/07\/Pipette-tips-5ml-150x150.webp 150w, https:\/\/topkeymedical.com\/wp-content\/uploads\/2025\/07\/Pipette-tips-5ml-768x768.webp 768w, https:\/\/topkeymedical.com\/wp-content\/uploads\/2025\/07\/Pipette-tips-5ml-600x600.webp 600w, https:\/\/topkeymedical.com\/wp-content\/uploads\/2025\/07\/Pipette-tips-5ml-100x100.webp 100w\" sizes=\"(max-width: 1000px) 100vw, 1000px\" \/><figcaption id=\"caption-attachment-1147\" class=\"wp-caption-text\">Pipetler ve u\u00e7lar 5ml<\/figcaption><\/figure>\n<figure id=\"attachment_1148\" aria-describedby=\"caption-attachment-1148\" style=\"width: 1000px\" class=\"wp-caption aligncenter\"><img loading=\"lazy\" decoding=\"async\" class=\"wp-image-1148 size-full\" title=\"Pipetler ve u\u00e7lar 10ml\" src=\"https:\/\/topkeymedical.com\/wp-content\/uploads\/2025\/07\/Pipette-tips-10ml.webp\" alt=\"Pipetler ve u\u00e7lar 10ml\" width=\"1000\" height=\"1000\" srcset=\"https:\/\/topkeymedical.com\/wp-content\/uploads\/2025\/07\/Pipette-tips-10ml.webp 1000w, https:\/\/topkeymedical.com\/wp-content\/uploads\/2025\/07\/Pipette-tips-10ml-300x300.webp 300w, https:\/\/topkeymedical.com\/wp-content\/uploads\/2025\/07\/Pipette-tips-10ml-150x150.webp 150w, https:\/\/topkeymedical.com\/wp-content\/uploads\/2025\/07\/Pipette-tips-10ml-768x768.webp 768w, https:\/\/topkeymedical.com\/wp-content\/uploads\/2025\/07\/Pipette-tips-10ml-600x600.webp 600w, https:\/\/topkeymedical.com\/wp-content\/uploads\/2025\/07\/Pipette-tips-10ml-100x100.webp 100w\" sizes=\"(max-width: 1000px) 100vw, 1000px\" \/><figcaption id=\"caption-attachment-1148\" class=\"wp-caption-text\">Pipetler ve u\u00e7lar 10ml<\/figcaption><\/figure>","protected":false},"excerpt":{"rendered":"<p>Pipet u\u00e7lar\u0131n\u0131n piyojen i\u00e7ermedi\u011fi, endotoksin i\u00e7ermedi\u011fi, DNAse i\u00e7ermedi\u011fi ve RNAse i\u00e7ermedi\u011fi garanti edilmektedir. P\u00fcr\u00fczs\u00fcz bir i\u00e7 duvara ve optimize edilmi\u015f bir diyafram a\u00e7\u0131kl\u0131\u011f\u0131na sahiptir, b\u00f6ylece engelsiz numune aspirasyonu, s\u0131v\u0131 s\u0131z\u0131nt\u0131s\u0131 ve duvardan sarkma olmaz, b\u00f6ylece s\u0131v\u0131 aspirasyonunun do\u011frulu\u011fu garanti edilir.<\/p>","protected":false},"featured_media":1146,"template":"","meta":{"_acf_changed":false,"site-sidebar-layout":"default","site-content-layout":"","ast-site-content-layout":"default","site-content-style":"default","site-sidebar-style":"default","ast-global-header-display":"","ast-banner-title-visibility":"","ast-main-header-display":"","ast-hfb-above-header-display":"","ast-hfb-below-header-display":"","ast-hfb-mobile-header-display":"","site-post-title":"","ast-breadcrumbs-content":"","ast-featured-img":"","footer-sml-layout":"","ast-disable-related-posts":"","theme-transparent-header-meta":"default","adv-header-id-meta":"","stick-header-meta":"","header-above-stick-meta":"","header-main-stick-meta":"","header-below-stick-meta":"","astra-migrate-meta-layouts":"set","ast-page-background-enabled":"default","ast-page-background-meta":{"desktop":{"background-color":"var(--ast-global-color-5)","background-image":"","background-repeat":"repeat","background-position":"center center","background-size":"auto","background-attachment":"scroll","background-type":"","background-media":"","overlay-type":"","overlay-color":"","overlay-opacity":"","overlay-gradient":""},"tablet":{"background-color":"","background-image":"","background-repeat":"repeat","background-position":"center center","background-size":"auto","background-attachment":"scroll","background-type":"","background-media":"","overlay-type":"","overlay-color":"","overlay-opacity":"","overlay-gradient":""},"mobile":{"background-color":"","background-image":"","background-repeat":"repeat","background-position":"center center","background-size":"auto","background-attachment":"scroll","background-type":"","background-media":"","overlay-type":"","overlay-color":"","overlay-opacity":"","overlay-gradient":""}},"ast-content-background-meta":{"desktop":{"background-color":"var(--ast-global-color-4)","background-image":"","background-repeat":"repeat","background-position":"center center","background-size":"auto","background-attachment":"scroll","background-type":"","background-media":"","overlay-type":"","overlay-color":"","overlay-opacity":"","overlay-gradient":""},"tablet":{"background-color":"var(--ast-global-color-4)","background-image":"","background-repeat":"repeat","background-position":"center center","background-size":"auto","background-attachment":"scroll","background-type":"","background-media":"","overlay-type":"","overlay-color":"","overlay-opacity":"","overlay-gradient":""},"mobile":{"background-color":"var(--ast-global-color-4)","background-image":"","background-repeat":"repeat","background-position":"center center","background-size":"auto","background-attachment":"scroll","background-type":"","background-media":"","overlay-type":"","overlay-color":"","overlay-opacity":"","overlay-gradient":""}}},"product_brand":[],"product_cat":[67],"product_tag":[],"class_list":{"0":"post-1145","1":"product","2":"type-product","3":"status-publish","4":"has-post-thumbnail","6":"product_cat-laboratory-consumables","7":"desktop-align-left","8":"tablet-align-left","9":"mobile-align-left","11":"first","12":"instock","13":"shipping-taxable","14":"product-type-simple"},"acf":[],"yoast_head":"<!-- This site is optimized with the Yoast SEO plugin v27.4 - https:\/\/yoast.com\/product\/yoast-seo-wordpress\/ -->\n<title>Pipette tips 10ul, 200ul, 1000ul, 5ml, 10ml<\/title>\n<meta name=\"description\" content=\"The pipette tips are guaranteed to be pyogen-free, endotoxin-free, DNAse-free, and RNAse-free. It features a smooth inner wall and optimized aperture.\" \/>\n<meta name=\"robots\" content=\"index, follow, max-snippet:-1, max-image-preview:large, max-video-preview:-1\" \/>\n<link rel=\"canonical\" href=\"https:\/\/topkeymedical.com\/tr\/urun\/pipet-uclari-10ul-200ul-1000ul-5ml-10ml\/\" \/>\n<meta property=\"og:locale\" content=\"tr_TR\" \/>\n<meta property=\"og:type\" content=\"article\" \/>\n<meta property=\"og:title\" content=\"Pipette tips 10ul, 200ul, 1000ul, 5ml, 10ml\" \/>\n<meta property=\"og:description\" content=\"The pipette tips are guaranteed to be pyogen-free, endotoxin-free, DNAse-free, and RNAse-free. It features a smooth inner wall and optimized aperture.\" \/>\n<meta property=\"og:url\" content=\"https:\/\/topkeymedical.com\/tr\/urun\/pipet-uclari-10ul-200ul-1000ul-5ml-10ml\/\" \/>\n<meta property=\"og:site_name\" content=\"TOPKEY\u2013 Precision in Every Detail, Guardian of Life and Health\" \/>\n<meta property=\"article:publisher\" content=\"https:\/\/www.facebook.com\/profile.php?id=100088897294997\" \/>\n<meta property=\"article:modified_time\" content=\"2025-11-21T06:43:35+00:00\" \/>\n<meta property=\"og:image\" content=\"https:\/\/topkeymedical.com\/wp-content\/uploads\/2025\/07\/Pipette-tips-10ul.webp\" \/>\n\t<meta property=\"og:image:width\" content=\"1000\" \/>\n\t<meta property=\"og:image:height\" content=\"1000\" \/>\n\t<meta property=\"og:image:type\" content=\"image\/webp\" \/>\n<meta name=\"twitter:card\" content=\"summary_large_image\" \/>\n<meta name=\"twitter:label1\" content=\"Tahmini okuma s\u00fcresi\" \/>\n\t<meta name=\"twitter:data1\" content=\"3 dakika\" \/>\n<script type=\"application\/ld+json\" class=\"yoast-schema-graph\">{\"@context\":\"https:\\\/\\\/schema.org\",\"@graph\":[{\"@type\":\"WebPage\",\"@id\":\"https:\\\/\\\/topkeymedical.com\\\/product\\\/pipette-tips-10ul-200ul-1000ul-5ml-10ml\\\/\",\"url\":\"https:\\\/\\\/topkeymedical.com\\\/product\\\/pipette-tips-10ul-200ul-1000ul-5ml-10ml\\\/\",\"name\":\"Pipette tips 10ul, 200ul, 1000ul, 5ml, 10ml\",\"isPartOf\":{\"@id\":\"https:\\\/\\\/topkeymedical.com\\\/#website\"},\"primaryImageOfPage\":{\"@id\":\"https:\\\/\\\/topkeymedical.com\\\/product\\\/pipette-tips-10ul-200ul-1000ul-5ml-10ml\\\/#primaryimage\"},\"image\":{\"@id\":\"https:\\\/\\\/topkeymedical.com\\\/product\\\/pipette-tips-10ul-200ul-1000ul-5ml-10ml\\\/#primaryimage\"},\"thumbnailUrl\":\"https:\\\/\\\/topkeymedical.com\\\/wp-content\\\/uploads\\\/2025\\\/07\\\/Pipette-tips-10ul.webp\",\"datePublished\":\"2025-07-20T14:22:57+00:00\",\"dateModified\":\"2025-11-21T06:43:35+00:00\",\"description\":\"The pipette tips are guaranteed to be pyogen-free, endotoxin-free, DNAse-free, and RNAse-free. It features a smooth inner wall and optimized aperture.\",\"breadcrumb\":{\"@id\":\"https:\\\/\\\/topkeymedical.com\\\/product\\\/pipette-tips-10ul-200ul-1000ul-5ml-10ml\\\/#breadcrumb\"},\"inLanguage\":\"tr\",\"potentialAction\":[{\"@type\":\"ReadAction\",\"target\":[\"https:\\\/\\\/topkeymedical.com\\\/product\\\/pipette-tips-10ul-200ul-1000ul-5ml-10ml\\\/\"]}]},{\"@type\":\"ImageObject\",\"inLanguage\":\"tr\",\"@id\":\"https:\\\/\\\/topkeymedical.com\\\/product\\\/pipette-tips-10ul-200ul-1000ul-5ml-10ml\\\/#primaryimage\",\"url\":\"https:\\\/\\\/topkeymedical.com\\\/wp-content\\\/uploads\\\/2025\\\/07\\\/Pipette-tips-10ul.webp\",\"contentUrl\":\"https:\\\/\\\/topkeymedical.com\\\/wp-content\\\/uploads\\\/2025\\\/07\\\/Pipette-tips-10ul.webp\",\"width\":1000,\"height\":1000,\"caption\":\"Pipette tips 10ul\"},{\"@type\":\"BreadcrumbList\",\"@id\":\"https:\\\/\\\/topkeymedical.com\\\/product\\\/pipette-tips-10ul-200ul-1000ul-5ml-10ml\\\/#breadcrumb\",\"itemListElement\":[{\"@type\":\"ListItem\",\"position\":1,\"name\":\"Home\",\"item\":\"https:\\\/\\\/topkeymedical.com\\\/\"},{\"@type\":\"ListItem\",\"position\":2,\"name\":\"Products\",\"item\":\"https:\\\/\\\/topkeymedical.com\\\/shop\\\/\"},{\"@type\":\"ListItem\",\"position\":3,\"name\":\"Pipette tips 10ul, 200ul, 1000ul, 5ml, 10ml\"}]},{\"@type\":\"WebSite\",\"@id\":\"https:\\\/\\\/topkeymedical.com\\\/#website\",\"url\":\"https:\\\/\\\/topkeymedical.com\\\/\",\"name\":\"TOPKEY\u2013 Precision in Every Detail, Guardian of Life and Health\",\"description\":\"\",\"publisher\":{\"@id\":\"https:\\\/\\\/topkeymedical.com\\\/#organization\"},\"potentialAction\":[{\"@type\":\"SearchAction\",\"target\":{\"@type\":\"EntryPoint\",\"urlTemplate\":\"https:\\\/\\\/topkeymedical.com\\\/?s={search_term_string}\"},\"query-input\":{\"@type\":\"PropertyValueSpecification\",\"valueRequired\":true,\"valueName\":\"search_term_string\"}}],\"inLanguage\":\"tr\"},{\"@type\":\"Organization\",\"@id\":\"https:\\\/\\\/topkeymedical.com\\\/#organization\",\"name\":\"TOPKEY\u2013 Precision in Every Detail, Guardian of Life and Health\",\"url\":\"https:\\\/\\\/topkeymedical.com\\\/\",\"logo\":{\"@type\":\"ImageObject\",\"inLanguage\":\"tr\",\"@id\":\"https:\\\/\\\/topkeymedical.com\\\/#\\\/schema\\\/logo\\\/image\\\/\",\"url\":\"https:\\\/\\\/topkeymedical.com\\\/wp-content\\\/uploads\\\/2025\\\/05\\\/cropped-logo.jpg\",\"contentUrl\":\"https:\\\/\\\/topkeymedical.com\\\/wp-content\\\/uploads\\\/2025\\\/05\\\/cropped-logo.jpg\",\"width\":512,\"height\":512,\"caption\":\"TOPKEY\u2013 Precision in Every Detail, Guardian of Life and Health\"},\"image\":{\"@id\":\"https:\\\/\\\/topkeymedical.com\\\/#\\\/schema\\\/logo\\\/image\\\/\"},\"sameAs\":[\"https:\\\/\\\/www.facebook.com\\\/profile.php?id=100088897294997\",\"https:\\\/\\\/www.youtube.com\\\/@TopkeyMedical-Alice888\",\"https:\\\/\\\/www.linkedin.com\\\/in\\\/alice-hu-bb66a01b3\\\/\"]}]}<\/script>\n<!-- \/ Yoast SEO plugin. -->","yoast_head_json":{"title":"Pipet u\u00e7lar\u0131 10ul, 200ul, 1000ul, 5ml, 10ml","description":"Pipet u\u00e7lar\u0131n\u0131n piyojen i\u00e7ermedi\u011fi, endotoksin i\u00e7ermedi\u011fi, DNAse i\u00e7ermedi\u011fi ve RNAse i\u00e7ermedi\u011fi garanti edilir. P\u00fcr\u00fczs\u00fcz bir i\u00e7 duvara ve optimize edilmi\u015f diyafram a\u00e7\u0131kl\u0131\u011f\u0131na sahiptir.","robots":{"index":"index","follow":"follow","max-snippet":"max-snippet:-1","max-image-preview":"max-image-preview:large","max-video-preview":"max-video-preview:-1"},"canonical":"https:\/\/topkeymedical.com\/tr\/urun\/pipet-uclari-10ul-200ul-1000ul-5ml-10ml\/","og_locale":"tr_TR","og_type":"article","og_title":"Pipette tips 10ul, 200ul, 1000ul, 5ml, 10ml","og_description":"The pipette tips are guaranteed to be pyogen-free, endotoxin-free, DNAse-free, and RNAse-free. It features a smooth inner wall and optimized aperture.","og_url":"https:\/\/topkeymedical.com\/tr\/urun\/pipet-uclari-10ul-200ul-1000ul-5ml-10ml\/","og_site_name":"TOPKEY\u2013 Precision in Every Detail, Guardian of Life and Health","article_publisher":"https:\/\/www.facebook.com\/profile.php?id=100088897294997","article_modified_time":"2025-11-21T06:43:35+00:00","og_image":[{"width":1000,"height":1000,"url":"https:\/\/topkeymedical.com\/wp-content\/uploads\/2025\/07\/Pipette-tips-10ul.webp","type":"image\/webp"}],"twitter_card":"summary_large_image","twitter_misc":{"Tahmini okuma s\u00fcresi":"3 dakika"},"schema":{"@context":"https:\/\/schema.org","@graph":[{"@type":"WebPage","@id":"https:\/\/topkeymedical.com\/product\/pipette-tips-10ul-200ul-1000ul-5ml-10ml\/","url":"https:\/\/topkeymedical.com\/product\/pipette-tips-10ul-200ul-1000ul-5ml-10ml\/","name":"Pipet u\u00e7lar\u0131 10ul, 200ul, 1000ul, 5ml, 10ml","isPartOf":{"@id":"https:\/\/topkeymedical.com\/#website"},"primaryImageOfPage":{"@id":"https:\/\/topkeymedical.com\/product\/pipette-tips-10ul-200ul-1000ul-5ml-10ml\/#primaryimage"},"image":{"@id":"https:\/\/topkeymedical.com\/product\/pipette-tips-10ul-200ul-1000ul-5ml-10ml\/#primaryimage"},"thumbnailUrl":"https:\/\/topkeymedical.com\/wp-content\/uploads\/2025\/07\/Pipette-tips-10ul.webp","datePublished":"2025-07-20T14:22:57+00:00","dateModified":"2025-11-21T06:43:35+00:00","description":"Pipet u\u00e7lar\u0131n\u0131n piyojen i\u00e7ermedi\u011fi, endotoksin i\u00e7ermedi\u011fi, DNAse i\u00e7ermedi\u011fi ve RNAse i\u00e7ermedi\u011fi garanti edilir. P\u00fcr\u00fczs\u00fcz bir i\u00e7 duvara ve optimize edilmi\u015f diyafram a\u00e7\u0131kl\u0131\u011f\u0131na sahiptir.","breadcrumb":{"@id":"https:\/\/topkeymedical.com\/product\/pipette-tips-10ul-200ul-1000ul-5ml-10ml\/#breadcrumb"},"inLanguage":"tr","potentialAction":[{"@type":"ReadAction","target":["https:\/\/topkeymedical.com\/product\/pipette-tips-10ul-200ul-1000ul-5ml-10ml\/"]}]},{"@type":"ImageObject","inLanguage":"tr","@id":"https:\/\/topkeymedical.com\/product\/pipette-tips-10ul-200ul-1000ul-5ml-10ml\/#primaryimage","url":"https:\/\/topkeymedical.com\/wp-content\/uploads\/2025\/07\/Pipette-tips-10ul.webp","contentUrl":"https:\/\/topkeymedical.com\/wp-content\/uploads\/2025\/07\/Pipette-tips-10ul.webp","width":1000,"height":1000,"caption":"Pipette tips 10ul"},{"@type":"BreadcrumbList","@id":"https:\/\/topkeymedical.com\/product\/pipette-tips-10ul-200ul-1000ul-5ml-10ml\/#breadcrumb","itemListElement":[{"@type":"ListItem","position":1,"name":"Home","item":"https:\/\/topkeymedical.com\/"},{"@type":"ListItem","position":2,"name":"Products","item":"https:\/\/topkeymedical.com\/shop\/"},{"@type":"ListItem","position":3,"name":"Pipette tips 10ul, 200ul, 1000ul, 5ml, 10ml"}]},{"@type":"WebSite","@id":"https:\/\/topkeymedical.com\/#website","url":"https:\/\/topkeymedical.com\/","name":"TOPKEY- Her Ayr\u0131nt\u0131da Hassasiyet, Ya\u015fam ve Sa\u011fl\u0131\u011f\u0131n Koruyucusu","description":"","publisher":{"@id":"https:\/\/topkeymedical.com\/#organization"},"potentialAction":[{"@type":"SearchAction","target":{"@type":"EntryPoint","urlTemplate":"https:\/\/topkeymedical.com\/?s={search_term_string}"},"query-input":{"@type":"PropertyValueSpecification","valueRequired":true,"valueName":"search_term_string"}}],"inLanguage":"tr"},{"@type":"Organization","@id":"https:\/\/topkeymedical.com\/#organization","name":"TOPKEY- Her Ayr\u0131nt\u0131da Hassasiyet, Ya\u015fam ve Sa\u011fl\u0131\u011f\u0131n Koruyucusu","url":"https:\/\/topkeymedical.com\/","logo":{"@type":"ImageObject","inLanguage":"tr","@id":"https:\/\/topkeymedical.com\/#\/schema\/logo\/image\/","url":"https:\/\/topkeymedical.com\/wp-content\/uploads\/2025\/05\/cropped-logo.jpg","contentUrl":"https:\/\/topkeymedical.com\/wp-content\/uploads\/2025\/05\/cropped-logo.jpg","width":512,"height":512,"caption":"TOPKEY\u2013 Precision in Every Detail, Guardian of Life and Health"},"image":{"@id":"https:\/\/topkeymedical.com\/#\/schema\/logo\/image\/"},"sameAs":["https:\/\/www.facebook.com\/profile.php?id=100088897294997","https:\/\/www.youtube.com\/@TopkeyMedical-Alice888","https:\/\/www.linkedin.com\/in\/alice-hu-bb66a01b3\/"]}]}},"_links":{"self":[{"href":"https:\/\/topkeymedical.com\/tr\/wp-json\/wp\/v2\/product\/1145","targetHints":{"allow":["GET"]}}],"collection":[{"href":"https:\/\/topkeymedical.com\/tr\/wp-json\/wp\/v2\/product"}],"about":[{"href":"https:\/\/topkeymedical.com\/tr\/wp-json\/wp\/v2\/types\/product"}],"version-history":[{"count":2,"href":"https:\/\/topkeymedical.com\/tr\/wp-json\/wp\/v2\/product\/1145\/revisions"}],"predecessor-version":[{"id":1563,"href":"https:\/\/topkeymedical.com\/tr\/wp-json\/wp\/v2\/product\/1145\/revisions\/1563"}],"wp:featuredmedia":[{"embeddable":true,"href":"https:\/\/topkeymedical.com\/tr\/wp-json\/wp\/v2\/media\/1146"}],"wp:attachment":[{"href":"https:\/\/topkeymedical.com\/tr\/wp-json\/wp\/v2\/media?parent=1145"}],"wp:term":[{"taxonomy":"product_brand","embeddable":true,"href":"https:\/\/topkeymedical.com\/tr\/wp-json\/wp\/v2\/product_brand?post=1145"},{"taxonomy":"product_cat","embeddable":true,"href":"https:\/\/topkeymedical.com\/tr\/wp-json\/wp\/v2\/product_cat?post=1145"},{"taxonomy":"product_tag","embeddable":true,"href":"https:\/\/topkeymedical.com\/tr\/wp-json\/wp\/v2\/product_tag?post=1145"}],"curies":[{"name":"wp","href":"https:\/\/api.w.org\/{rel}","templated":true}]}}