{"id":1527,"date":"2025-11-14T12:13:53","date_gmt":"2025-11-14T12:13:53","guid":{"rendered":"https:\/\/topkeymedical.com\/?post_type=product&#038;p=1527"},"modified":"2025-11-20T08:30:36","modified_gmt":"2025-11-20T08:30:36","slug":"ayarlanabilir-hacimli-mikropipet-8-kanal","status":"publish","type":"product","link":"https:\/\/topkeymedical.com\/tr\/urun\/ayarlanabilir-hacimli-mikropipet-8-kanal\/","title":{"rendered":"Ayarlanabilir hacimli mikropipet, 8 kanal, manuel aral\u0131k: 0,5-10\u03bcL"},"content":{"rendered":"<h2>Ayarlanabilir hacimli mikropipet, 8 kanal a\u00e7\u0131klamas\u0131<\/h2>\n<p>Modern laboratuvarlarda yayg\u0131n olarak kullan\u0131lan pipetler, rahat kullan\u0131m ve geli\u015fmi\u015f ergonomi sunar. Dereceli silindirlerle kar\u015f\u0131la\u015ft\u0131r\u0131ld\u0131\u011f\u0131nda, tehlikeli kimyasallar\u0131n daha g\u00fcvenli bir \u015fekilde ta\u015f\u0131nmas\u0131n\u0131 sa\u011flarlar. Pipetler, \u00e7\u00f6zelti aktar\u0131m\u0131 s\u0131ras\u0131nda hassas \u00f6l\u00e7\u00fcm yap\u0131lmas\u0131n\u0131 sa\u011flayarak daha y\u00fcksek do\u011fruluk sunar. Pipetler zamandan tasarruf sa\u011flayarak laboratuvar verimlili\u011fini art\u0131r\u0131r. \u00c7ok kanall\u0131 pipetler, y\u00fcksek hassasiyet, verimlilik ve tekrarlanabilirlik gerektiren y\u00fcksek verimli deneyler i\u00e7in ideal se\u00e7imdir. K\u00f6p\u00fckl\u00fc s\u0131v\u0131lar, y\u00fcksek buhar bas\u0131nc\u0131na sahip s\u0131v\u0131lar ve y\u00fcksek s\u0131cakl\u0131ktaki s\u0131v\u0131lar dahil olmak \u00fczere \u00e7e\u015fitli s\u0131v\u0131lar\u0131 i\u015fleyebilirler. <a href=\"https:\/\/en.wikipedia.org\/wiki\/Viscous_liquid\" target=\"_blank\" rel=\"noopener\">viskoz s\u0131v\u0131lar<\/a>.<\/p>\n<h3>\u00dcr\u00fcn yap\u0131 \u015femas\u0131:<\/h3>\n<p><img fetchpriority=\"high\" decoding=\"async\" class=\"alignnone wp-image-1528 size-full\" title=\"Ayarlanabilir hacimli mikropipet, 8 kanal\" src=\"https:\/\/topkeymedical.com\/wp-content\/uploads\/2025\/11\/CONSTRUCTION-DIAGRAM.webp\" alt=\"Ayarlanabilir hacimli mikropipet, 8 kanal YAPI \u015eEMASI\" width=\"1000\" height=\"1000\" srcset=\"https:\/\/topkeymedical.com\/wp-content\/uploads\/2025\/11\/CONSTRUCTION-DIAGRAM.webp 1000w, https:\/\/topkeymedical.com\/wp-content\/uploads\/2025\/11\/CONSTRUCTION-DIAGRAM-300x300.webp 300w, https:\/\/topkeymedical.com\/wp-content\/uploads\/2025\/11\/CONSTRUCTION-DIAGRAM-150x150.webp 150w, https:\/\/topkeymedical.com\/wp-content\/uploads\/2025\/11\/CONSTRUCTION-DIAGRAM-768x768.webp 768w, https:\/\/topkeymedical.com\/wp-content\/uploads\/2025\/11\/CONSTRUCTION-DIAGRAM-12x12.webp 12w, https:\/\/topkeymedical.com\/wp-content\/uploads\/2025\/11\/CONSTRUCTION-DIAGRAM-600x600.webp 600w, https:\/\/topkeymedical.com\/wp-content\/uploads\/2025\/11\/CONSTRUCTION-DIAGRAM-100x100.webp 100w\" sizes=\"(max-width: 1000px) 100vw, 1000px\" \/><\/p>\n<h3>Teknik parametreler:<\/h3>\n<table>\n<tbody>\n<tr>\n<td rowspan=\"3\" width=\"101\">Tip<\/td>\n<td rowspan=\"3\" width=\"108\">Hacim Aral\u0131\u011f\u0131<\/td>\n<td rowspan=\"3\" width=\"81\">Art\u0131\u015f<\/td>\n<td rowspan=\"2\" width=\"86\">Test Hacmi<\/td>\n<td width=\"103\">\u0130zin Verilen Maksimum Hatalar<\/td>\n<td width=\"100\">\u0130zin Verilen Maksimum Hatalar<\/td>\n<\/tr>\n<tr>\n<td width=\"103\">Do\u011fruluk Hatalar\u0131<\/td>\n<td width=\"100\">Kesinlik Hatalar\u0131<\/td>\n<\/tr>\n<tr>\n<td width=\"86\">\u03bcL<\/td>\n<td width=\"103\">%<\/td>\n<td width=\"100\">%<\/td>\n<\/tr>\n<tr>\n<td rowspan=\"3\" width=\"101\">0,5~10\u03bcL<\/td>\n<td rowspan=\"3\" width=\"108\">0,5~10\u03bcL<\/td>\n<td rowspan=\"3\" width=\"81\">0.1\u03bcL<\/td>\n<td width=\"86\">10\u03bcL<\/td>\n<td width=\"103\">\u00b11.50%<\/td>\n<td width=\"100\">1.50%<\/td>\n<\/tr>\n<tr>\n<td width=\"86\">5\u03bcL<\/td>\n<td width=\"103\">\u00b12.50%<\/td>\n<td width=\"100\">2.50%<\/td>\n<\/tr>\n<tr>\n<td width=\"86\">1\u03bcL<\/td>\n<td width=\"103\">\u00b14.00%<\/td>\n<td width=\"100\">4.00%<\/td>\n<\/tr>\n<tr>\n<td rowspan=\"3\" width=\"101\">5~50\u03bcL<\/td>\n<td rowspan=\"3\" width=\"108\">5~50\u03bcL<\/td>\n<td rowspan=\"3\" width=\"81\">0.5\u03bcL<\/td>\n<td width=\"86\">50\u03bcL<\/td>\n<td width=\"103\">\u00b11.00%<\/td>\n<td width=\"100\">0.50%<\/td>\n<\/tr>\n<tr>\n<td width=\"86\">25\u03bcL<\/td>\n<td width=\"103\">\u00b11.50%<\/td>\n<td width=\"100\">1.00%<\/td>\n<\/tr>\n<tr>\n<td width=\"86\">5\u03bcL<\/td>\n<td width=\"103\">\u00b13.00%<\/td>\n<td width=\"100\">2.00%<\/td>\n<\/tr>\n<tr>\n<td rowspan=\"3\" width=\"101\">50~300\u03bcL<\/td>\n<td rowspan=\"3\" width=\"108\">50~300\u03bcL<\/td>\n<td rowspan=\"3\" width=\"81\">5\u03bcL<\/td>\n<td width=\"86\">300\u03bcL<\/td>\n<td width=\"103\">\u00b10.70%<\/td>\n<td width=\"100\">0.25%<\/td>\n<\/tr>\n<tr>\n<td width=\"86\">150\u03bcL<\/td>\n<td width=\"103\">\u00b11.00%<\/td>\n<td width=\"100\">0.50%<\/td>\n<\/tr>\n<tr>\n<td width=\"86\">50\u03bcL<\/td>\n<td width=\"103\">\u00b11.50%<\/td>\n<td width=\"100\">0.80%<\/td>\n<\/tr>\n<\/tbody>\n<\/table>","protected":false},"excerpt":{"rendered":"<p>Topkey'in yeni 8 kanall\u0131 Ayarlanabilir hacimli mikropipeti, modern laboratuvarlar\u0131n \u00e7e\u015fitli uygulama ihtiya\u00e7lar\u0131n\u0131 kar\u015f\u0131lamak i\u00e7in daha g\u00fcvenilir do\u011fruluk sunan, minimum 0,1 \u03bcL'den maksimum 10 mL'ye kadar daha geni\u015f bir hacim aral\u0131\u011f\u0131na sahip ergonomik bir tasar\u0131ma sahiptir. Darbeye, UV \u0131\u015f\u0131nlar\u0131na ve kimyasal korozyona kar\u015f\u0131 dayan\u0131kl\u0131 olan bu \u00fcr\u00fcn, uzun s\u00fcreli istikrarl\u0131 pipetleme performans\u0131 sa\u011flar. \u00d6zel malzemelerden \u00fcretilen u\u00e7 tertibat\u0131 \u00e7\u0131kar\u0131labilir ve y\u00fcksek s\u0131cakl\u0131k, y\u00fcksek bas\u0131n\u00e7 sterilizasyonunu destekler. Ek avantajlar aras\u0131nda hacim aral\u0131klar\u0131 i\u00e7in kendi kendine kalibrasyon \u00f6zellikleri yer al\u0131r.<\/p>","protected":false},"featured_media":1524,"template":"","meta":{"_acf_changed":false,"site-sidebar-layout":"default","site-content-layout":"","ast-site-content-layout":"default","site-content-style":"default","site-sidebar-style":"default","ast-global-header-display":"","ast-banner-title-visibility":"","ast-main-header-display":"","ast-hfb-above-header-display":"","ast-hfb-below-header-display":"","ast-hfb-mobile-header-display":"","site-post-title":"","ast-breadcrumbs-content":"","ast-featured-img":"","footer-sml-layout":"","ast-disable-related-posts":"","theme-transparent-header-meta":"default","adv-header-id-meta":"","stick-header-meta":"","header-above-stick-meta":"","header-main-stick-meta":"","header-below-stick-meta":"","astra-migrate-meta-layouts":"set","ast-page-background-enabled":"default","ast-page-background-meta":{"desktop":{"background-color":"var(--ast-global-color-5)","background-image":"","background-repeat":"repeat","background-position":"center center","background-size":"auto","background-attachment":"scroll","background-type":"","background-media":"","overlay-type":"","overlay-color":"","overlay-opacity":"","overlay-gradient":""},"tablet":{"background-color":"","background-image":"","background-repeat":"repeat","background-position":"center center","background-size":"auto","background-attachment":"scroll","background-type":"","background-media":"","overlay-type":"","overlay-color":"","overlay-opacity":"","overlay-gradient":""},"mobile":{"background-color":"","background-image":"","background-repeat":"repeat","background-position":"center center","background-size":"auto","background-attachment":"scroll","background-type":"","background-media":"","overlay-type":"","overlay-color":"","overlay-opacity":"","overlay-gradient":""}},"ast-content-background-meta":{"desktop":{"background-color":"var(--ast-global-color-4)","background-image":"","background-repeat":"repeat","background-position":"center center","background-size":"auto","background-attachment":"scroll","background-type":"","background-media":"","overlay-type":"","overlay-color":"","overlay-opacity":"","overlay-gradient":""},"tablet":{"background-color":"var(--ast-global-color-4)","background-image":"","background-repeat":"repeat","background-position":"center center","background-size":"auto","background-attachment":"scroll","background-type":"","background-media":"","overlay-type":"","overlay-color":"","overlay-opacity":"","overlay-gradient":""},"mobile":{"background-color":"var(--ast-global-color-4)","background-image":"","background-repeat":"repeat","background-position":"center center","background-size":"auto","background-attachment":"scroll","background-type":"","background-media":"","overlay-type":"","overlay-color":"","overlay-opacity":"","overlay-gradient":""}}},"product_brand":[],"product_cat":[66],"product_tag":[],"class_list":{"0":"post-1527","1":"product","2":"type-product","3":"status-publish","4":"has-post-thumbnail","6":"product_cat-manual-pipette","7":"desktop-align-left","8":"tablet-align-left","9":"mobile-align-left","11":"first","12":"instock","13":"shipping-taxable","14":"product-type-simple"},"acf":[],"yoast_head":"<!-- This site is optimized with the Yoast SEO plugin v27.4 - https:\/\/yoast.com\/product\/yoast-seo-wordpress\/ -->\n<title>Adjustable volume micropipette, 8 channels, manual 0.5\u201310\u03bcL<\/title>\n<meta name=\"description\" content=\"Topkey&#039;s newly upgraded 8-channel Adjustable volume micropipette features an ergonomic design with a broader volume range from a minimum of 0.1 \u03bcL to10 mL.\" \/>\n<meta name=\"robots\" content=\"index, follow, max-snippet:-1, max-image-preview:large, max-video-preview:-1\" \/>\n<link rel=\"canonical\" href=\"https:\/\/topkeymedical.com\/tr\/urun\/ayarlanabilir-hacimli-mikropipet-8-kanal\/\" \/>\n<meta property=\"og:locale\" content=\"tr_TR\" \/>\n<meta property=\"og:type\" content=\"article\" \/>\n<meta property=\"og:title\" content=\"Adjustable volume micropipette, 8 channels, manual 0.5\u201310\u03bcL\" \/>\n<meta property=\"og:description\" content=\"Topkey&#039;s newly upgraded 8-channel Adjustable volume micropipette features an ergonomic design with a broader volume range from a minimum of 0.1 \u03bcL to10 mL.\" \/>\n<meta property=\"og:url\" content=\"https:\/\/topkeymedical.com\/tr\/urun\/ayarlanabilir-hacimli-mikropipet-8-kanal\/\" \/>\n<meta property=\"og:site_name\" content=\"TOPKEY\u2013 Precision in Every Detail, Guardian of Life and Health\" \/>\n<meta property=\"article:publisher\" content=\"https:\/\/www.facebook.com\/profile.php?id=100088897294997\" \/>\n<meta property=\"article:modified_time\" content=\"2025-11-20T08:30:36+00:00\" \/>\n<meta property=\"og:image\" content=\"https:\/\/topkeymedical.com\/wp-content\/uploads\/2025\/11\/adjustable-volume-micropipette-2.webp\" \/>\n\t<meta property=\"og:image:width\" content=\"1000\" \/>\n\t<meta property=\"og:image:height\" content=\"1000\" \/>\n\t<meta property=\"og:image:type\" content=\"image\/webp\" \/>\n<meta name=\"twitter:card\" content=\"summary_large_image\" \/>\n<meta name=\"twitter:label1\" content=\"Tahmini okuma s\u00fcresi\" \/>\n\t<meta name=\"twitter:data1\" content=\"2 dakika\" \/>\n<script type=\"application\/ld+json\" class=\"yoast-schema-graph\">{\"@context\":\"https:\\\/\\\/schema.org\",\"@graph\":[{\"@type\":\"WebPage\",\"@id\":\"https:\\\/\\\/topkeymedical.com\\\/product\\\/adjustable-volume-micropipette-8-channels\\\/\",\"url\":\"https:\\\/\\\/topkeymedical.com\\\/product\\\/adjustable-volume-micropipette-8-channels\\\/\",\"name\":\"Adjustable volume micropipette, 8 channels, manual 0.5\u201310\u03bcL\",\"isPartOf\":{\"@id\":\"https:\\\/\\\/topkeymedical.com\\\/#website\"},\"primaryImageOfPage\":{\"@id\":\"https:\\\/\\\/topkeymedical.com\\\/product\\\/adjustable-volume-micropipette-8-channels\\\/#primaryimage\"},\"image\":{\"@id\":\"https:\\\/\\\/topkeymedical.com\\\/product\\\/adjustable-volume-micropipette-8-channels\\\/#primaryimage\"},\"thumbnailUrl\":\"https:\\\/\\\/topkeymedical.com\\\/wp-content\\\/uploads\\\/2025\\\/11\\\/adjustable-volume-micropipette-2.webp\",\"datePublished\":\"2025-11-14T12:13:53+00:00\",\"dateModified\":\"2025-11-20T08:30:36+00:00\",\"description\":\"Topkey's newly upgraded 8-channel Adjustable volume micropipette features an ergonomic design with a broader volume range from a minimum of 0.1 \u03bcL to10 mL.\",\"breadcrumb\":{\"@id\":\"https:\\\/\\\/topkeymedical.com\\\/product\\\/adjustable-volume-micropipette-8-channels\\\/#breadcrumb\"},\"inLanguage\":\"tr\",\"potentialAction\":[{\"@type\":\"ReadAction\",\"target\":[\"https:\\\/\\\/topkeymedical.com\\\/product\\\/adjustable-volume-micropipette-8-channels\\\/\"]}]},{\"@type\":\"ImageObject\",\"inLanguage\":\"tr\",\"@id\":\"https:\\\/\\\/topkeymedical.com\\\/product\\\/adjustable-volume-micropipette-8-channels\\\/#primaryimage\",\"url\":\"https:\\\/\\\/topkeymedical.com\\\/wp-content\\\/uploads\\\/2025\\\/11\\\/adjustable-volume-micropipette-2.webp\",\"contentUrl\":\"https:\\\/\\\/topkeymedical.com\\\/wp-content\\\/uploads\\\/2025\\\/11\\\/adjustable-volume-micropipette-2.webp\",\"width\":1000,\"height\":1000,\"caption\":\"Adjustable volume micropipette, 8 channels\"},{\"@type\":\"BreadcrumbList\",\"@id\":\"https:\\\/\\\/topkeymedical.com\\\/product\\\/adjustable-volume-micropipette-8-channels\\\/#breadcrumb\",\"itemListElement\":[{\"@type\":\"ListItem\",\"position\":1,\"name\":\"Home\",\"item\":\"https:\\\/\\\/topkeymedical.com\\\/\"},{\"@type\":\"ListItem\",\"position\":2,\"name\":\"Products\",\"item\":\"https:\\\/\\\/topkeymedical.com\\\/shop\\\/\"},{\"@type\":\"ListItem\",\"position\":3,\"name\":\"Adjustable volume micropipette, 8 channels, manual range:0.5\u201310\u03bcL\"}]},{\"@type\":\"WebSite\",\"@id\":\"https:\\\/\\\/topkeymedical.com\\\/#website\",\"url\":\"https:\\\/\\\/topkeymedical.com\\\/\",\"name\":\"TOPKEY\u2013 Precision in Every Detail, Guardian of Life and Health\",\"description\":\"\",\"publisher\":{\"@id\":\"https:\\\/\\\/topkeymedical.com\\\/#organization\"},\"potentialAction\":[{\"@type\":\"SearchAction\",\"target\":{\"@type\":\"EntryPoint\",\"urlTemplate\":\"https:\\\/\\\/topkeymedical.com\\\/?s={search_term_string}\"},\"query-input\":{\"@type\":\"PropertyValueSpecification\",\"valueRequired\":true,\"valueName\":\"search_term_string\"}}],\"inLanguage\":\"tr\"},{\"@type\":\"Organization\",\"@id\":\"https:\\\/\\\/topkeymedical.com\\\/#organization\",\"name\":\"TOPKEY\u2013 Precision in Every Detail, Guardian of Life and Health\",\"url\":\"https:\\\/\\\/topkeymedical.com\\\/\",\"logo\":{\"@type\":\"ImageObject\",\"inLanguage\":\"tr\",\"@id\":\"https:\\\/\\\/topkeymedical.com\\\/#\\\/schema\\\/logo\\\/image\\\/\",\"url\":\"https:\\\/\\\/topkeymedical.com\\\/wp-content\\\/uploads\\\/2025\\\/05\\\/cropped-logo.jpg\",\"contentUrl\":\"https:\\\/\\\/topkeymedical.com\\\/wp-content\\\/uploads\\\/2025\\\/05\\\/cropped-logo.jpg\",\"width\":512,\"height\":512,\"caption\":\"TOPKEY\u2013 Precision in Every Detail, Guardian of Life and Health\"},\"image\":{\"@id\":\"https:\\\/\\\/topkeymedical.com\\\/#\\\/schema\\\/logo\\\/image\\\/\"},\"sameAs\":[\"https:\\\/\\\/www.facebook.com\\\/profile.php?id=100088897294997\",\"https:\\\/\\\/www.youtube.com\\\/@TopkeyMedical-Alice888\",\"https:\\\/\\\/www.linkedin.com\\\/in\\\/alice-hu-bb66a01b3\\\/\"]}]}<\/script>\n<!-- \/ Yoast SEO plugin. -->","yoast_head_json":{"title":"Ayarlanabilir hacimli mikropipet, 8 kanal, manuel 0,5-10\u03bcL","description":"Topkey'in yeni geli\u015ftirilmi\u015f 8 kanall\u0131 Ayarlanabilir hacimli mikropipeti, minimum 0,1 \u03bcL'den 10 mL'ye kadar daha geni\u015f bir hacim aral\u0131\u011f\u0131na sahip ergonomik bir tasar\u0131ma sahiptir.","robots":{"index":"index","follow":"follow","max-snippet":"max-snippet:-1","max-image-preview":"max-image-preview:large","max-video-preview":"max-video-preview:-1"},"canonical":"https:\/\/topkeymedical.com\/tr\/urun\/ayarlanabilir-hacimli-mikropipet-8-kanal\/","og_locale":"tr_TR","og_type":"article","og_title":"Adjustable volume micropipette, 8 channels, manual 0.5\u201310\u03bcL","og_description":"Topkey's newly upgraded 8-channel Adjustable volume micropipette features an ergonomic design with a broader volume range from a minimum of 0.1 \u03bcL to10 mL.","og_url":"https:\/\/topkeymedical.com\/tr\/urun\/ayarlanabilir-hacimli-mikropipet-8-kanal\/","og_site_name":"TOPKEY\u2013 Precision in Every Detail, Guardian of Life and Health","article_publisher":"https:\/\/www.facebook.com\/profile.php?id=100088897294997","article_modified_time":"2025-11-20T08:30:36+00:00","og_image":[{"width":1000,"height":1000,"url":"https:\/\/topkeymedical.com\/wp-content\/uploads\/2025\/11\/adjustable-volume-micropipette-2.webp","type":"image\/webp"}],"twitter_card":"summary_large_image","twitter_misc":{"Tahmini okuma s\u00fcresi":"2 dakika"},"schema":{"@context":"https:\/\/schema.org","@graph":[{"@type":"WebPage","@id":"https:\/\/topkeymedical.com\/product\/adjustable-volume-micropipette-8-channels\/","url":"https:\/\/topkeymedical.com\/product\/adjustable-volume-micropipette-8-channels\/","name":"Ayarlanabilir hacimli mikropipet, 8 kanal, manuel 0,5-10\u03bcL","isPartOf":{"@id":"https:\/\/topkeymedical.com\/#website"},"primaryImageOfPage":{"@id":"https:\/\/topkeymedical.com\/product\/adjustable-volume-micropipette-8-channels\/#primaryimage"},"image":{"@id":"https:\/\/topkeymedical.com\/product\/adjustable-volume-micropipette-8-channels\/#primaryimage"},"thumbnailUrl":"https:\/\/topkeymedical.com\/wp-content\/uploads\/2025\/11\/adjustable-volume-micropipette-2.webp","datePublished":"2025-11-14T12:13:53+00:00","dateModified":"2025-11-20T08:30:36+00:00","description":"Topkey'in yeni geli\u015ftirilmi\u015f 8 kanall\u0131 Ayarlanabilir hacimli mikropipeti, minimum 0,1 \u03bcL'den 10 mL'ye kadar daha geni\u015f bir hacim aral\u0131\u011f\u0131na sahip ergonomik bir tasar\u0131ma sahiptir.","breadcrumb":{"@id":"https:\/\/topkeymedical.com\/product\/adjustable-volume-micropipette-8-channels\/#breadcrumb"},"inLanguage":"tr","potentialAction":[{"@type":"ReadAction","target":["https:\/\/topkeymedical.com\/product\/adjustable-volume-micropipette-8-channels\/"]}]},{"@type":"ImageObject","inLanguage":"tr","@id":"https:\/\/topkeymedical.com\/product\/adjustable-volume-micropipette-8-channels\/#primaryimage","url":"https:\/\/topkeymedical.com\/wp-content\/uploads\/2025\/11\/adjustable-volume-micropipette-2.webp","contentUrl":"https:\/\/topkeymedical.com\/wp-content\/uploads\/2025\/11\/adjustable-volume-micropipette-2.webp","width":1000,"height":1000,"caption":"Adjustable volume micropipette, 8 channels"},{"@type":"BreadcrumbList","@id":"https:\/\/topkeymedical.com\/product\/adjustable-volume-micropipette-8-channels\/#breadcrumb","itemListElement":[{"@type":"ListItem","position":1,"name":"Home","item":"https:\/\/topkeymedical.com\/"},{"@type":"ListItem","position":2,"name":"Products","item":"https:\/\/topkeymedical.com\/shop\/"},{"@type":"ListItem","position":3,"name":"Adjustable volume micropipette, 8 channels, manual range:0.5\u201310\u03bcL"}]},{"@type":"WebSite","@id":"https:\/\/topkeymedical.com\/#website","url":"https:\/\/topkeymedical.com\/","name":"TOPKEY- Her Ayr\u0131nt\u0131da Hassasiyet, Ya\u015fam ve Sa\u011fl\u0131\u011f\u0131n Koruyucusu","description":"","publisher":{"@id":"https:\/\/topkeymedical.com\/#organization"},"potentialAction":[{"@type":"SearchAction","target":{"@type":"EntryPoint","urlTemplate":"https:\/\/topkeymedical.com\/?s={search_term_string}"},"query-input":{"@type":"PropertyValueSpecification","valueRequired":true,"valueName":"search_term_string"}}],"inLanguage":"tr"},{"@type":"Organization","@id":"https:\/\/topkeymedical.com\/#organization","name":"TOPKEY- Her Ayr\u0131nt\u0131da Hassasiyet, Ya\u015fam ve Sa\u011fl\u0131\u011f\u0131n Koruyucusu","url":"https:\/\/topkeymedical.com\/","logo":{"@type":"ImageObject","inLanguage":"tr","@id":"https:\/\/topkeymedical.com\/#\/schema\/logo\/image\/","url":"https:\/\/topkeymedical.com\/wp-content\/uploads\/2025\/05\/cropped-logo.jpg","contentUrl":"https:\/\/topkeymedical.com\/wp-content\/uploads\/2025\/05\/cropped-logo.jpg","width":512,"height":512,"caption":"TOPKEY\u2013 Precision in Every Detail, Guardian of Life and Health"},"image":{"@id":"https:\/\/topkeymedical.com\/#\/schema\/logo\/image\/"},"sameAs":["https:\/\/www.facebook.com\/profile.php?id=100088897294997","https:\/\/www.youtube.com\/@TopkeyMedical-Alice888","https:\/\/www.linkedin.com\/in\/alice-hu-bb66a01b3\/"]}]}},"_links":{"self":[{"href":"https:\/\/topkeymedical.com\/tr\/wp-json\/wp\/v2\/product\/1527","targetHints":{"allow":["GET"]}}],"collection":[{"href":"https:\/\/topkeymedical.com\/tr\/wp-json\/wp\/v2\/product"}],"about":[{"href":"https:\/\/topkeymedical.com\/tr\/wp-json\/wp\/v2\/types\/product"}],"version-history":[{"count":5,"href":"https:\/\/topkeymedical.com\/tr\/wp-json\/wp\/v2\/product\/1527\/revisions"}],"predecessor-version":[{"id":1551,"href":"https:\/\/topkeymedical.com\/tr\/wp-json\/wp\/v2\/product\/1527\/revisions\/1551"}],"wp:featuredmedia":[{"embeddable":true,"href":"https:\/\/topkeymedical.com\/tr\/wp-json\/wp\/v2\/media\/1524"}],"wp:attachment":[{"href":"https:\/\/topkeymedical.com\/tr\/wp-json\/wp\/v2\/media?parent=1527"}],"wp:term":[{"taxonomy":"product_brand","embeddable":true,"href":"https:\/\/topkeymedical.com\/tr\/wp-json\/wp\/v2\/product_brand?post=1527"},{"taxonomy":"product_cat","embeddable":true,"href":"https:\/\/topkeymedical.com\/tr\/wp-json\/wp\/v2\/product_cat?post=1527"},{"taxonomy":"product_tag","embeddable":true,"href":"https:\/\/topkeymedical.com\/tr\/wp-json\/wp\/v2\/product_tag?post=1527"}],"curies":[{"name":"wp","href":"https:\/\/api.w.org\/{rel}","templated":true}]}}