{"id":1567,"date":"2025-11-21T14:15:04","date_gmt":"2025-11-21T14:15:04","guid":{"rendered":"https:\/\/topkeymedical.com\/?post_type=product&#038;p=1567"},"modified":"2025-11-21T14:15:04","modified_gmt":"2025-11-21T14:15:04","slug":"manuel-ayarlanabilir-mikropipet-12-kanal","status":"publish","type":"product","link":"https:\/\/topkeymedical.com\/tr\/urun\/manuel-ayarlanabilir-mikropipet-12-kanal\/","title":{"rendered":"Manuel ayarlanabilir mikropipet, 12 kanal, hacim aral\u0131\u011f\u0131: 50-300 \u03bcL"},"content":{"rendered":"<p>12 kanall\u0131 manuel ayarlanabilir mikropipet, g\u00fcn\u00fcm\u00fcz toplumunda yayg\u0131n olarak kullan\u0131lmakta, rahat ve kullan\u0131c\u0131 dostu bir kullan\u0131m sunmaktad\u0131r.<\/p>\n<p>Dereceli silindirlerle kar\u015f\u0131la\u015ft\u0131r\u0131ld\u0131\u011f\u0131nda, tehlikeli kimyasallar\u0131n daha g\u00fcvenli bir \u015fekilde kullan\u0131lmas\u0131n\u0131 sa\u011flarlar. Pipetler, \u00e7\u00f6zelti aktar\u0131m\u0131 s\u0131ras\u0131nda hassas \u00f6l\u00e7\u00fcm yap\u0131lmas\u0131n\u0131 sa\u011flayarak daha y\u00fcksek do\u011fruluk sunar. Pipetler zamandan tasarruf sa\u011flayarak laboratuvar verimlili\u011fini art\u0131r\u0131r.<\/p>\n<p>\u00c7ok kanall\u0131 pipetler; hassasiyet, verimlilik ve tekrarlanabilirlik gerektiren y\u00fcksek verimli deneyler i\u00e7in ideal se\u00e7imdir.<br \/>\nK\u00f6p\u00fckl\u00fc s\u0131v\u0131lar, y\u00fcksek buhar bas\u0131n\u00e7l\u0131 s\u0131v\u0131lar ve y\u00fcksek viskoziteli s\u0131v\u0131lar dahil olmak \u00fczere \u00e7e\u015fitli s\u0131v\u0131lar\u0131 i\u015flerler.<\/p>\n<p>Qiu Jing'in yeni geli\u015ftirilmi\u015f 12 kanall\u0131 \u00e7ok i\u015flevli pipeti, 0,1 \u03bcL'den 10 mL'ye kadar daha geni\u015f bir hacim aral\u0131\u011f\u0131na sahip ergonomik bir tasar\u0131ma sahiptir ve modern laboratuvarlar\u0131n \u00e7e\u015fitli taleplerini kar\u015f\u0131lamak i\u00e7in geli\u015fmi\u015f g\u00fcvenilirlik ve hassasiyet sunar.<\/p>\n<p>Darbelere kar\u015f\u0131 dayan\u0131kl\u0131d\u0131r, <a href=\"https:\/\/www.epa.gov\/radtown\/ultraviolet-uv-radiation-and-sun-exposure\" target=\"_blank\" rel=\"noopener\">UV \u0131\u015f\u0131nlar\u0131na maruz kalma<\/a>, ve kimyasal korozyona kar\u015f\u0131 dayan\u0131kl\u0131d\u0131r, uzun s\u00fcreli istikrarl\u0131 pipetleme performans\u0131 sa\u011flar. \u00d6zel malzemelerden \u00fcretilen u\u00e7 tertibat\u0131 \u00e7\u0131kar\u0131labilir ve y\u00fcksek s\u0131cakl\u0131k, y\u00fcksek bas\u0131n\u00e7 sterilizasyonunu destekler. Ek avantajlar aras\u0131nda hacim aral\u0131klar\u0131 i\u00e7in kendi kendine kalibrasyon \u00f6zellikleri yer al\u0131r.<\/p>\n<h2>Manuel ayarlanabilir mikropipet yap\u0131 \u015femas\u0131:<\/h2>\n<p><img fetchpriority=\"high\" decoding=\"async\" class=\"wp-image-1568 size-full aligncenter\" title=\"Manuel ayarlanabilir mikropipet\" src=\"https:\/\/topkeymedical.com\/wp-content\/uploads\/2025\/11\/Manual-adjustable-micropipette.webp\" alt=\"Manuel ayarlanabilir mikropipet\" width=\"629\" height=\"629\" srcset=\"https:\/\/topkeymedical.com\/wp-content\/uploads\/2025\/11\/Manual-adjustable-micropipette.webp 629w, https:\/\/topkeymedical.com\/wp-content\/uploads\/2025\/11\/Manual-adjustable-micropipette-300x300.webp 300w, https:\/\/topkeymedical.com\/wp-content\/uploads\/2025\/11\/Manual-adjustable-micropipette-150x150.webp 150w, https:\/\/topkeymedical.com\/wp-content\/uploads\/2025\/11\/Manual-adjustable-micropipette-12x12.webp 12w, https:\/\/topkeymedical.com\/wp-content\/uploads\/2025\/11\/Manual-adjustable-micropipette-600x600.webp 600w, https:\/\/topkeymedical.com\/wp-content\/uploads\/2025\/11\/Manual-adjustable-micropipette-100x100.webp 100w\" sizes=\"(max-width: 629px) 100vw, 629px\" \/><\/p>\n<h2>Teknik parametreler:<\/h2>\n<table>\n<tbody>\n<tr>\n<td rowspan=\"3\" width=\"101\">Tip<\/td>\n<td rowspan=\"3\" width=\"108\">Cilt<\/p>\n<p>Menzil<\/td>\n<td rowspan=\"3\" width=\"81\">Art\u0131\u015f<\/td>\n<td rowspan=\"2\" width=\"86\">Test<\/p>\n<p>Cilt<\/td>\n<td width=\"103\">Maksimum<\/p>\n<p>\u0130zin verilebilir<\/p>\n<p>Hatalar<\/td>\n<td width=\"100\">Maksimum<\/p>\n<p>\u0130zin verilebilir<\/p>\n<p>Hatalar<\/td>\n<\/tr>\n<tr>\n<td width=\"103\">Do\u011fruluk<\/p>\n<p>Hatalar<\/td>\n<td width=\"100\">Precicion<\/p>\n<p>Hatalar<\/td>\n<\/tr>\n<tr>\n<td width=\"86\">\u03bcL<\/td>\n<td width=\"103\">%<\/td>\n<td width=\"100\">%<\/td>\n<\/tr>\n<tr>\n<td rowspan=\"3\" width=\"101\">0,5~10\u03bcL<\/td>\n<td rowspan=\"3\" width=\"108\">0,5~10\u03bcL<\/td>\n<td rowspan=\"3\" width=\"81\">0.1\u03bcL<\/td>\n<td width=\"86\">10\u03bcL<\/td>\n<td width=\"103\">\u00b11.50%<\/td>\n<td width=\"100\">1.50%<\/td>\n<\/tr>\n<tr>\n<td width=\"86\">5\u03bcL<\/td>\n<td width=\"103\">\u00b12.50%<\/td>\n<td width=\"100\">2.50%<\/td>\n<\/tr>\n<tr>\n<td width=\"86\">1\u03bcL<\/td>\n<td width=\"103\">\u00b14.00%<\/td>\n<td width=\"100\">4.00%<\/td>\n<\/tr>\n<tr>\n<td rowspan=\"3\" width=\"101\">5~50\u03bcL<\/td>\n<td rowspan=\"3\" width=\"108\">5~50\u03bcL<\/td>\n<td rowspan=\"3\" width=\"81\">0.5\u03bcL<\/td>\n<td width=\"86\">50\u03bcL<\/td>\n<td width=\"103\">\u00b11.00%<\/td>\n<td width=\"100\">0.50%<\/td>\n<\/tr>\n<tr>\n<td width=\"86\">25\u03bcL<\/td>\n<td width=\"103\">\u00b11.50%<\/td>\n<td width=\"100\">1.00%<\/td>\n<\/tr>\n<tr>\n<td width=\"86\">5\u03bcL<\/td>\n<td width=\"103\">\u00b13.00%<\/td>\n<td width=\"100\">2.00%<\/td>\n<\/tr>\n<tr>\n<td rowspan=\"3\" width=\"101\">50~300\u03bcL<\/td>\n<td rowspan=\"3\" width=\"108\">50~300\u03bcL<\/td>\n<td rowspan=\"3\" width=\"81\">5\u03bcL<\/td>\n<td width=\"86\">300\u03bcL<\/td>\n<td width=\"103\">\u00b10.70%<\/td>\n<td width=\"100\">0.25%<\/td>\n<\/tr>\n<tr>\n<td width=\"86\">150\u03bcL<\/td>\n<td width=\"103\">\u00b11.00%<\/td>\n<td width=\"100\">0.50%<\/td>\n<\/tr>\n<tr>\n<td width=\"86\">50\u03bcL<\/td>\n<td width=\"103\">\u00b11.50%<\/td>\n<td width=\"100\">0.80%<\/td>\n<\/tr>\n<\/tbody>\n<\/table>\n<h2>\u00dcr\u00fcn Detaylar\u0131<\/h2>\n<p><img decoding=\"async\" class=\"aligncenter wp-image-1569 size-full\" title=\"12 kanall\u0131 manuel ayarlanabilir mikropipet\" src=\"https:\/\/topkeymedical.com\/wp-content\/uploads\/2025\/11\/12-channel-manual-adjustable-micropipette-6.webp\" alt=\"12 kanall\u0131 manuel ayarlanabilir mikropipet\" width=\"571\" height=\"1049\" srcset=\"https:\/\/topkeymedical.com\/wp-content\/uploads\/2025\/11\/12-channel-manual-adjustable-micropipette-6.webp 571w, https:\/\/topkeymedical.com\/wp-content\/uploads\/2025\/11\/12-channel-manual-adjustable-micropipette-6-163x300.webp 163w, https:\/\/topkeymedical.com\/wp-content\/uploads\/2025\/11\/12-channel-manual-adjustable-micropipette-6-557x1024.webp 557w, https:\/\/topkeymedical.com\/wp-content\/uploads\/2025\/11\/12-channel-manual-adjustable-micropipette-6-7x12.webp 7w\" sizes=\"(max-width: 571px) 100vw, 571px\" \/> <img decoding=\"async\" class=\"aligncenter wp-image-1570 size-full\" title=\"12 kanall\u0131 manuel ayarlanabilir mikropipet\" src=\"https:\/\/topkeymedical.com\/wp-content\/uploads\/2025\/11\/12-channel-manual-adjustable-micropipette-5.webp\" alt=\"12 kanall\u0131 manuel ayarlanabilir mikropipet\" width=\"682\" height=\"1031\" srcset=\"https:\/\/topkeymedical.com\/wp-content\/uploads\/2025\/11\/12-channel-manual-adjustable-micropipette-5.webp 682w, https:\/\/topkeymedical.com\/wp-content\/uploads\/2025\/11\/12-channel-manual-adjustable-micropipette-5-198x300.webp 198w, https:\/\/topkeymedical.com\/wp-content\/uploads\/2025\/11\/12-channel-manual-adjustable-micropipette-5-677x1024.webp 677w, https:\/\/topkeymedical.com\/wp-content\/uploads\/2025\/11\/12-channel-manual-adjustable-micropipette-5-8x12.webp 8w, https:\/\/topkeymedical.com\/wp-content\/uploads\/2025\/11\/12-channel-manual-adjustable-micropipette-5-600x907.webp 600w\" sizes=\"(max-width: 682px) 100vw, 682px\" \/> <img loading=\"lazy\" decoding=\"async\" class=\"aligncenter wp-image-1571 size-full\" title=\"12 kanall\u0131 manuel ayarlanabilir mikropipet\" src=\"https:\/\/topkeymedical.com\/wp-content\/uploads\/2025\/11\/12-channel-manual-adjustable-micropipette-4.webp\" alt=\"12 kanall\u0131 manuel ayarlanabilir mikropipet\" width=\"597\" height=\"1018\" srcset=\"https:\/\/topkeymedical.com\/wp-content\/uploads\/2025\/11\/12-channel-manual-adjustable-micropipette-4.webp 597w, https:\/\/topkeymedical.com\/wp-content\/uploads\/2025\/11\/12-channel-manual-adjustable-micropipette-4-176x300.webp 176w, https:\/\/topkeymedical.com\/wp-content\/uploads\/2025\/11\/12-channel-manual-adjustable-micropipette-4-7x12.webp 7w\" sizes=\"(max-width: 597px) 100vw, 597px\" \/> <img loading=\"lazy\" decoding=\"async\" class=\"aligncenter wp-image-1572 size-full\" title=\"12 kanall\u0131 manuel ayarlanabilir mikropipet\" src=\"https:\/\/topkeymedical.com\/wp-content\/uploads\/2025\/11\/12-channel-manual-adjustable-micropipette-3.webp\" alt=\"12 kanall\u0131 manuel ayarlanabilir mikropipet\" width=\"639\" height=\"1111\" srcset=\"https:\/\/topkeymedical.com\/wp-content\/uploads\/2025\/11\/12-channel-manual-adjustable-micropipette-3.webp 639w, https:\/\/topkeymedical.com\/wp-content\/uploads\/2025\/11\/12-channel-manual-adjustable-micropipette-3-173x300.webp 173w, https:\/\/topkeymedical.com\/wp-content\/uploads\/2025\/11\/12-channel-manual-adjustable-micropipette-3-589x1024.webp 589w, https:\/\/topkeymedical.com\/wp-content\/uploads\/2025\/11\/12-channel-manual-adjustable-micropipette-3-7x12.webp 7w, https:\/\/topkeymedical.com\/wp-content\/uploads\/2025\/11\/12-channel-manual-adjustable-micropipette-3-600x1043.webp 600w\" sizes=\"(max-width: 639px) 100vw, 639px\" \/> <img loading=\"lazy\" decoding=\"async\" class=\"aligncenter wp-image-1573 size-full\" title=\"12 kanall\u0131 manuel ayarlanabilir mikropipet\" src=\"https:\/\/topkeymedical.com\/wp-content\/uploads\/2025\/11\/12-channel-manual-adjustable-micropipette-2.webp\" alt=\"12 kanall\u0131 manuel ayarlanabilir mikropipet\" width=\"616\" height=\"891\" srcset=\"https:\/\/topkeymedical.com\/wp-content\/uploads\/2025\/11\/12-channel-manual-adjustable-micropipette-2.webp 616w, https:\/\/topkeymedical.com\/wp-content\/uploads\/2025\/11\/12-channel-manual-adjustable-micropipette-2-207x300.webp 207w, https:\/\/topkeymedical.com\/wp-content\/uploads\/2025\/11\/12-channel-manual-adjustable-micropipette-2-8x12.webp 8w, https:\/\/topkeymedical.com\/wp-content\/uploads\/2025\/11\/12-channel-manual-adjustable-micropipette-2-600x868.webp 600w\" sizes=\"(max-width: 616px) 100vw, 616px\" \/><\/p>","protected":false},"excerpt":{"rendered":"<p>12 kanall\u0131 manuel ayarlanabilir mikropipet (hacim aral\u0131\u011f\u0131: 50-300) g\u00fcn\u00fcm\u00fcz toplumunda yayg\u0131n olarak kullan\u0131lmaktad\u0131r ve rahat ve kullan\u0131c\u0131 dostu bir kullan\u0131m sunar.<\/p>","protected":false},"featured_media":1556,"template":"","meta":{"_acf_changed":false,"site-sidebar-layout":"default","site-content-layout":"","ast-site-content-layout":"default","site-content-style":"default","site-sidebar-style":"default","ast-global-header-display":"","ast-banner-title-visibility":"","ast-main-header-display":"","ast-hfb-above-header-display":"","ast-hfb-below-header-display":"","ast-hfb-mobile-header-display":"","site-post-title":"","ast-breadcrumbs-content":"","ast-featured-img":"","footer-sml-layout":"","ast-disable-related-posts":"","theme-transparent-header-meta":"default","adv-header-id-meta":"","stick-header-meta":"","header-above-stick-meta":"","header-main-stick-meta":"","header-below-stick-meta":"","astra-migrate-meta-layouts":"set","ast-page-background-enabled":"default","ast-page-background-meta":{"desktop":{"background-color":"var(--ast-global-color-5)","background-image":"","background-repeat":"repeat","background-position":"center center","background-size":"auto","background-attachment":"scroll","background-type":"","background-media":"","overlay-type":"","overlay-color":"","overlay-opacity":"","overlay-gradient":""},"tablet":{"background-color":"","background-image":"","background-repeat":"repeat","background-position":"center center","background-size":"auto","background-attachment":"scroll","background-type":"","background-media":"","overlay-type":"","overlay-color":"","overlay-opacity":"","overlay-gradient":""},"mobile":{"background-color":"","background-image":"","background-repeat":"repeat","background-position":"center center","background-size":"auto","background-attachment":"scroll","background-type":"","background-media":"","overlay-type":"","overlay-color":"","overlay-opacity":"","overlay-gradient":""}},"ast-content-background-meta":{"desktop":{"background-color":"var(--ast-global-color-4)","background-image":"","background-repeat":"repeat","background-position":"center center","background-size":"auto","background-attachment":"scroll","background-type":"","background-media":"","overlay-type":"","overlay-color":"","overlay-opacity":"","overlay-gradient":""},"tablet":{"background-color":"var(--ast-global-color-4)","background-image":"","background-repeat":"repeat","background-position":"center center","background-size":"auto","background-attachment":"scroll","background-type":"","background-media":"","overlay-type":"","overlay-color":"","overlay-opacity":"","overlay-gradient":""},"mobile":{"background-color":"var(--ast-global-color-4)","background-image":"","background-repeat":"repeat","background-position":"center center","background-size":"auto","background-attachment":"scroll","background-type":"","background-media":"","overlay-type":"","overlay-color":"","overlay-opacity":"","overlay-gradient":""}}},"product_brand":[],"product_cat":[66],"product_tag":[],"class_list":{"0":"post-1567","1":"product","2":"type-product","3":"status-publish","4":"has-post-thumbnail","6":"product_cat-manual-pipette","7":"desktop-align-left","8":"tablet-align-left","9":"mobile-align-left","11":"first","12":"instock","13":"shipping-taxable","14":"product-type-simple"},"acf":[],"yoast_head":"<!-- This site is optimized with the Yoast SEO plugin v27.4 - https:\/\/yoast.com\/product\/yoast-seo-wordpress\/ -->\n<title>Manual adjustable micropipette, 12 channels, 50\u2013300 \u03bcL<\/title>\n<meta name=\"description\" content=\"12-channel manual adjustable micropipette is widely used in today&#039;s society, offering comfortable and user-friendly operation.\" \/>\n<meta name=\"robots\" content=\"index, follow, max-snippet:-1, max-image-preview:large, max-video-preview:-1\" \/>\n<link rel=\"canonical\" href=\"https:\/\/topkeymedical.com\/tr\/urun\/manuel-ayarlanabilir-mikropipet-12-kanal\/\" \/>\n<meta property=\"og:locale\" content=\"tr_TR\" \/>\n<meta property=\"og:type\" content=\"article\" \/>\n<meta property=\"og:title\" content=\"Manual adjustable micropipette, 12 channels, 50\u2013300 \u03bcL\" \/>\n<meta property=\"og:description\" content=\"12-channel manual adjustable micropipette is widely used in today&#039;s society, offering comfortable and user-friendly operation.\" \/>\n<meta property=\"og:url\" content=\"https:\/\/topkeymedical.com\/tr\/urun\/manuel-ayarlanabilir-mikropipet-12-kanal\/\" \/>\n<meta property=\"og:site_name\" content=\"TOPKEY\u2013 Precision in Every Detail, Guardian of Life and Health\" \/>\n<meta property=\"article:publisher\" content=\"https:\/\/www.facebook.com\/profile.php?id=100088897294997\" \/>\n<meta property=\"og:image\" content=\"https:\/\/topkeymedical.com\/wp-content\/uploads\/2025\/11\/12-channel-pipette-3.webp\" \/>\n\t<meta property=\"og:image:width\" content=\"1000\" \/>\n\t<meta property=\"og:image:height\" content=\"1000\" \/>\n\t<meta property=\"og:image:type\" content=\"image\/webp\" \/>\n<meta name=\"twitter:card\" content=\"summary_large_image\" \/>\n<meta name=\"twitter:label1\" content=\"Tahmini okuma s\u00fcresi\" \/>\n\t<meta name=\"twitter:data1\" content=\"3 dakika\" \/>\n<script type=\"application\/ld+json\" class=\"yoast-schema-graph\">{\"@context\":\"https:\\\/\\\/schema.org\",\"@graph\":[{\"@type\":\"WebPage\",\"@id\":\"https:\\\/\\\/topkeymedical.com\\\/product\\\/manual-adjustable-micropipette-12-channels\\\/\",\"url\":\"https:\\\/\\\/topkeymedical.com\\\/product\\\/manual-adjustable-micropipette-12-channels\\\/\",\"name\":\"Manual adjustable micropipette, 12 channels, 50\u2013300 \u03bcL\",\"isPartOf\":{\"@id\":\"https:\\\/\\\/topkeymedical.com\\\/#website\"},\"primaryImageOfPage\":{\"@id\":\"https:\\\/\\\/topkeymedical.com\\\/product\\\/manual-adjustable-micropipette-12-channels\\\/#primaryimage\"},\"image\":{\"@id\":\"https:\\\/\\\/topkeymedical.com\\\/product\\\/manual-adjustable-micropipette-12-channels\\\/#primaryimage\"},\"thumbnailUrl\":\"https:\\\/\\\/topkeymedical.com\\\/wp-content\\\/uploads\\\/2025\\\/11\\\/12-channel-pipette-3.webp\",\"datePublished\":\"2025-11-21T14:15:04+00:00\",\"description\":\"12-channel manual adjustable micropipette is widely used in today's society, offering comfortable and user-friendly operation.\",\"breadcrumb\":{\"@id\":\"https:\\\/\\\/topkeymedical.com\\\/product\\\/manual-adjustable-micropipette-12-channels\\\/#breadcrumb\"},\"inLanguage\":\"tr\",\"potentialAction\":[{\"@type\":\"ReadAction\",\"target\":[\"https:\\\/\\\/topkeymedical.com\\\/product\\\/manual-adjustable-micropipette-12-channels\\\/\"]}]},{\"@type\":\"ImageObject\",\"inLanguage\":\"tr\",\"@id\":\"https:\\\/\\\/topkeymedical.com\\\/product\\\/manual-adjustable-micropipette-12-channels\\\/#primaryimage\",\"url\":\"https:\\\/\\\/topkeymedical.com\\\/wp-content\\\/uploads\\\/2025\\\/11\\\/12-channel-pipette-3.webp\",\"contentUrl\":\"https:\\\/\\\/topkeymedical.com\\\/wp-content\\\/uploads\\\/2025\\\/11\\\/12-channel-pipette-3.webp\",\"width\":1000,\"height\":1000,\"caption\":\"12-Channel Manual Adjustable Micropipette\"},{\"@type\":\"BreadcrumbList\",\"@id\":\"https:\\\/\\\/topkeymedical.com\\\/product\\\/manual-adjustable-micropipette-12-channels\\\/#breadcrumb\",\"itemListElement\":[{\"@type\":\"ListItem\",\"position\":1,\"name\":\"Home\",\"item\":\"https:\\\/\\\/topkeymedical.com\\\/\"},{\"@type\":\"ListItem\",\"position\":2,\"name\":\"Products\",\"item\":\"https:\\\/\\\/topkeymedical.com\\\/shop\\\/\"},{\"@type\":\"ListItem\",\"position\":3,\"name\":\"Manual adjustable micropipette, 12 channels, volume range:50\u2013300 \u03bcL\"}]},{\"@type\":\"WebSite\",\"@id\":\"https:\\\/\\\/topkeymedical.com\\\/#website\",\"url\":\"https:\\\/\\\/topkeymedical.com\\\/\",\"name\":\"TOPKEY\u2013 Precision in Every Detail, Guardian of Life and Health\",\"description\":\"\",\"publisher\":{\"@id\":\"https:\\\/\\\/topkeymedical.com\\\/#organization\"},\"potentialAction\":[{\"@type\":\"SearchAction\",\"target\":{\"@type\":\"EntryPoint\",\"urlTemplate\":\"https:\\\/\\\/topkeymedical.com\\\/?s={search_term_string}\"},\"query-input\":{\"@type\":\"PropertyValueSpecification\",\"valueRequired\":true,\"valueName\":\"search_term_string\"}}],\"inLanguage\":\"tr\"},{\"@type\":\"Organization\",\"@id\":\"https:\\\/\\\/topkeymedical.com\\\/#organization\",\"name\":\"TOPKEY\u2013 Precision in Every Detail, Guardian of Life and Health\",\"url\":\"https:\\\/\\\/topkeymedical.com\\\/\",\"logo\":{\"@type\":\"ImageObject\",\"inLanguage\":\"tr\",\"@id\":\"https:\\\/\\\/topkeymedical.com\\\/#\\\/schema\\\/logo\\\/image\\\/\",\"url\":\"https:\\\/\\\/topkeymedical.com\\\/wp-content\\\/uploads\\\/2025\\\/05\\\/cropped-logo.jpg\",\"contentUrl\":\"https:\\\/\\\/topkeymedical.com\\\/wp-content\\\/uploads\\\/2025\\\/05\\\/cropped-logo.jpg\",\"width\":512,\"height\":512,\"caption\":\"TOPKEY\u2013 Precision in Every Detail, Guardian of Life and Health\"},\"image\":{\"@id\":\"https:\\\/\\\/topkeymedical.com\\\/#\\\/schema\\\/logo\\\/image\\\/\"},\"sameAs\":[\"https:\\\/\\\/www.facebook.com\\\/profile.php?id=100088897294997\",\"https:\\\/\\\/www.youtube.com\\\/@TopkeyMedical-Alice888\",\"https:\\\/\\\/www.linkedin.com\\\/in\\\/alice-hu-bb66a01b3\\\/\"]}]}<\/script>\n<!-- \/ Yoast SEO plugin. -->","yoast_head_json":{"title":"Manuel ayarlanabilir mikropipet, 12 kanal, 50-300 \u03bcL","description":"12 kanall\u0131 manuel ayarlanabilir mikropipet, g\u00fcn\u00fcm\u00fcz toplumunda yayg\u0131n olarak kullan\u0131lmakta, rahat ve kullan\u0131c\u0131 dostu bir kullan\u0131m sunmaktad\u0131r.","robots":{"index":"index","follow":"follow","max-snippet":"max-snippet:-1","max-image-preview":"max-image-preview:large","max-video-preview":"max-video-preview:-1"},"canonical":"https:\/\/topkeymedical.com\/tr\/urun\/manuel-ayarlanabilir-mikropipet-12-kanal\/","og_locale":"tr_TR","og_type":"article","og_title":"Manual adjustable micropipette, 12 channels, 50\u2013300 \u03bcL","og_description":"12-channel manual adjustable micropipette is widely used in today's society, offering comfortable and user-friendly operation.","og_url":"https:\/\/topkeymedical.com\/tr\/urun\/manuel-ayarlanabilir-mikropipet-12-kanal\/","og_site_name":"TOPKEY\u2013 Precision in Every Detail, Guardian of Life and Health","article_publisher":"https:\/\/www.facebook.com\/profile.php?id=100088897294997","og_image":[{"width":1000,"height":1000,"url":"https:\/\/topkeymedical.com\/wp-content\/uploads\/2025\/11\/12-channel-pipette-3.webp","type":"image\/webp"}],"twitter_card":"summary_large_image","twitter_misc":{"Tahmini okuma s\u00fcresi":"3 dakika"},"schema":{"@context":"https:\/\/schema.org","@graph":[{"@type":"WebPage","@id":"https:\/\/topkeymedical.com\/product\/manual-adjustable-micropipette-12-channels\/","url":"https:\/\/topkeymedical.com\/product\/manual-adjustable-micropipette-12-channels\/","name":"Manuel ayarlanabilir mikropipet, 12 kanal, 50-300 \u03bcL","isPartOf":{"@id":"https:\/\/topkeymedical.com\/#website"},"primaryImageOfPage":{"@id":"https:\/\/topkeymedical.com\/product\/manual-adjustable-micropipette-12-channels\/#primaryimage"},"image":{"@id":"https:\/\/topkeymedical.com\/product\/manual-adjustable-micropipette-12-channels\/#primaryimage"},"thumbnailUrl":"https:\/\/topkeymedical.com\/wp-content\/uploads\/2025\/11\/12-channel-pipette-3.webp","datePublished":"2025-11-21T14:15:04+00:00","description":"12 kanall\u0131 manuel ayarlanabilir mikropipet, g\u00fcn\u00fcm\u00fcz toplumunda yayg\u0131n olarak kullan\u0131lmakta, rahat ve kullan\u0131c\u0131 dostu bir kullan\u0131m sunmaktad\u0131r.","breadcrumb":{"@id":"https:\/\/topkeymedical.com\/product\/manual-adjustable-micropipette-12-channels\/#breadcrumb"},"inLanguage":"tr","potentialAction":[{"@type":"ReadAction","target":["https:\/\/topkeymedical.com\/product\/manual-adjustable-micropipette-12-channels\/"]}]},{"@type":"ImageObject","inLanguage":"tr","@id":"https:\/\/topkeymedical.com\/product\/manual-adjustable-micropipette-12-channels\/#primaryimage","url":"https:\/\/topkeymedical.com\/wp-content\/uploads\/2025\/11\/12-channel-pipette-3.webp","contentUrl":"https:\/\/topkeymedical.com\/wp-content\/uploads\/2025\/11\/12-channel-pipette-3.webp","width":1000,"height":1000,"caption":"12-Channel Manual Adjustable Micropipette"},{"@type":"BreadcrumbList","@id":"https:\/\/topkeymedical.com\/product\/manual-adjustable-micropipette-12-channels\/#breadcrumb","itemListElement":[{"@type":"ListItem","position":1,"name":"Home","item":"https:\/\/topkeymedical.com\/"},{"@type":"ListItem","position":2,"name":"Products","item":"https:\/\/topkeymedical.com\/shop\/"},{"@type":"ListItem","position":3,"name":"Manual adjustable micropipette, 12 channels, volume range:50\u2013300 \u03bcL"}]},{"@type":"WebSite","@id":"https:\/\/topkeymedical.com\/#website","url":"https:\/\/topkeymedical.com\/","name":"TOPKEY- Her Ayr\u0131nt\u0131da Hassasiyet, Ya\u015fam ve Sa\u011fl\u0131\u011f\u0131n Koruyucusu","description":"","publisher":{"@id":"https:\/\/topkeymedical.com\/#organization"},"potentialAction":[{"@type":"SearchAction","target":{"@type":"EntryPoint","urlTemplate":"https:\/\/topkeymedical.com\/?s={search_term_string}"},"query-input":{"@type":"PropertyValueSpecification","valueRequired":true,"valueName":"search_term_string"}}],"inLanguage":"tr"},{"@type":"Organization","@id":"https:\/\/topkeymedical.com\/#organization","name":"TOPKEY- Her Ayr\u0131nt\u0131da Hassasiyet, Ya\u015fam ve Sa\u011fl\u0131\u011f\u0131n Koruyucusu","url":"https:\/\/topkeymedical.com\/","logo":{"@type":"ImageObject","inLanguage":"tr","@id":"https:\/\/topkeymedical.com\/#\/schema\/logo\/image\/","url":"https:\/\/topkeymedical.com\/wp-content\/uploads\/2025\/05\/cropped-logo.jpg","contentUrl":"https:\/\/topkeymedical.com\/wp-content\/uploads\/2025\/05\/cropped-logo.jpg","width":512,"height":512,"caption":"TOPKEY\u2013 Precision in Every Detail, Guardian of Life and Health"},"image":{"@id":"https:\/\/topkeymedical.com\/#\/schema\/logo\/image\/"},"sameAs":["https:\/\/www.facebook.com\/profile.php?id=100088897294997","https:\/\/www.youtube.com\/@TopkeyMedical-Alice888","https:\/\/www.linkedin.com\/in\/alice-hu-bb66a01b3\/"]}]}},"_links":{"self":[{"href":"https:\/\/topkeymedical.com\/tr\/wp-json\/wp\/v2\/product\/1567","targetHints":{"allow":["GET"]}}],"collection":[{"href":"https:\/\/topkeymedical.com\/tr\/wp-json\/wp\/v2\/product"}],"about":[{"href":"https:\/\/topkeymedical.com\/tr\/wp-json\/wp\/v2\/types\/product"}],"version-history":[{"count":2,"href":"https:\/\/topkeymedical.com\/tr\/wp-json\/wp\/v2\/product\/1567\/revisions"}],"predecessor-version":[{"id":1739,"href":"https:\/\/topkeymedical.com\/tr\/wp-json\/wp\/v2\/product\/1567\/revisions\/1739"}],"wp:featuredmedia":[{"embeddable":true,"href":"https:\/\/topkeymedical.com\/tr\/wp-json\/wp\/v2\/media\/1556"}],"wp:attachment":[{"href":"https:\/\/topkeymedical.com\/tr\/wp-json\/wp\/v2\/media?parent=1567"}],"wp:term":[{"taxonomy":"product_brand","embeddable":true,"href":"https:\/\/topkeymedical.com\/tr\/wp-json\/wp\/v2\/product_brand?post=1567"},{"taxonomy":"product_cat","embeddable":true,"href":"https:\/\/topkeymedical.com\/tr\/wp-json\/wp\/v2\/product_cat?post=1567"},{"taxonomy":"product_tag","embeddable":true,"href":"https:\/\/topkeymedical.com\/tr\/wp-json\/wp\/v2\/product_tag?post=1567"}],"curies":[{"name":"wp","href":"https:\/\/api.w.org\/{rel}","templated":true}]}}