{"id":1745,"date":"2025-12-22T13:31:38","date_gmt":"2025-12-22T13:31:38","guid":{"rendered":"https:\/\/topkeymedical.com\/?post_type=product&#038;p=1745"},"modified":"2025-12-22T13:31:39","modified_gmt":"2025-12-22T13:31:39","slug":"laboratuvarda-kullanilan-manyetik-karistirici","status":"publish","type":"product","link":"https:\/\/topkeymedical.com\/tr\/urun\/laboratuvarda-kullanilan-manyetik-karistirici\/","title":{"rendered":"Laboratuvarda Kullan\u0131lan Manyetik Kar\u0131\u015ft\u0131r\u0131c\u0131, Kimya Manyetik Kar\u0131\u015ft\u0131r\u0131c\u0131"},"content":{"rendered":"<p>Manyetik kar\u0131\u015ft\u0131r\u0131c\u0131n\u0131n \u00e7al\u0131\u015fma y\u00fczeyi a\u015f\u0131nmaya ve korozyona dayan\u0131kl\u0131 bir cam panel ile kapl\u0131d\u0131r, y\u00fcksek s\u0131cakl\u0131\u011fa dayan\u0131kl\u0131, g\u00fc\u00e7l\u00fc bir manyetik rotor ve seramik kaplamal\u0131 entegre bir d\u00f6k\u00fcm al\u00fcminyum g\u00f6vde ile e\u015fle\u015ftirilerek g\u00fc\u00e7l\u00fc bir kar\u0131\u015ft\u0131rma kuvveti ve uzun \u00f6m\u00fcrl\u00fc dayan\u0131kl\u0131l\u0131k sa\u011flar.<\/p>\n<p>PT100 sens\u00f6rl\u00fc opsiyonel \u0131s\u0131tma fonksiyonu (oda s\u0131cakl\u0131\u011f\u0131nda maksimum 105\u00b0C) hassas s\u0131cakl\u0131k kontrol\u00fc sa\u011flayarak kimyasal sentez ve biyolojik k\u00fclt\u00fcr gibi zorlu deneysel senaryolar i\u00e7in uygun hale getirir. Kimya manyetik kar\u0131\u015ft\u0131r\u0131c\u0131s\u0131, \u00e7ok \u00e7e\u015fitli s\u0131v\u0131lar\u0131n i\u015flenmesi i\u00e7in ideal kar\u0131\u015ft\u0131rma ekipman\u0131d\u0131r.<\/p>\n<h2>D\u00f6rt kanall\u0131 manyetik kar\u0131\u015ft\u0131r\u0131c\u0131 (\u0131s\u0131tmas\u0131z tip)<\/h2>\n<table>\n<tbody>\n<tr>\n<td width=\"284\">Besleme gerilimi<\/td>\n<td width=\"284\">AC100-240V<\/td>\n<\/tr>\n<tr>\n<td width=\"284\">G\u00fc\u00e7<\/td>\n<td width=\"284\">45W<\/td>\n<\/tr>\n<tr>\n<td width=\"284\">Ekran Modu<\/td>\n<td width=\"284\">LCD<\/td>\n<\/tr>\n<tr>\n<td width=\"284\">D\u00f6nme H\u0131z\u0131<\/td>\n<td width=\"284\">200-1600<\/td>\n<\/tr>\n<tr>\n<td width=\"284\">H\u0131z kontrol aral\u0131\u011f\u0131<\/td>\n<td width=\"284\">\u00b110rpm<\/td>\n<\/tr>\n<tr>\n<td width=\"284\">Etkili Santrif\u00fcj S\u00fcresi<\/td>\n<td width=\"284\">1-99 saat 59 dakika<\/td>\n<\/tr>\n<tr>\n<td width=\"284\">Maksimum kar\u0131\u015ft\u0131r\u0131c\u0131 kapasitesi<\/td>\n<td width=\"284\">2L<\/td>\n<\/tr>\n<tr>\n<td width=\"284\">\u00c7al\u0131\u015fma diski malzemesi<\/td>\n<td width=\"284\">Kaplamal\u0131 PC, korozyon direnci<\/td>\n<\/tr>\n<tr>\n<td width=\"284\">\u00c7al\u0131\u015fma plakas\u0131 alan boyutu<\/td>\n<td width=\"284\">150*150<\/td>\n<\/tr>\n<tr>\n<td width=\"284\">Motor tipi<\/td>\n<td width=\"284\">F\u0131r\u00e7as\u0131z DC motor<\/td>\n<\/tr>\n<tr>\n<td width=\"284\">Zaman kontrol modu<\/td>\n<td width=\"284\">Sol d\u00fc\u011fme kontrol\u00fc<\/td>\n<\/tr>\n<tr>\n<td width=\"284\">H\u0131z kontrol modu<\/td>\n<td width=\"284\">Sa\u011f d\u00fc\u011fme kontrolleri<\/td>\n<\/tr>\n<\/tbody>\n<\/table>\n<h2>D\u00f6rt kanall\u0131 manyetik kar\u0131\u015ft\u0131r\u0131c\u0131 (Is\u0131tmal\u0131 tip)<\/h2>\n<table>\n<tbody>\n<tr>\n<td width=\"284\">Besleme gerilimi<\/td>\n<td width=\"284\">AC100-240V<\/td>\n<\/tr>\n<tr>\n<td width=\"284\">G\u00fc\u00e7<\/td>\n<td width=\"284\">45W<\/td>\n<\/tr>\n<tr>\n<td width=\"284\">Ekran Modu<\/td>\n<td width=\"284\">LCD<\/td>\n<\/tr>\n<tr>\n<td width=\"284\">D\u00f6nme H\u0131z\u0131<\/td>\n<td width=\"284\">200-1600<\/td>\n<\/tr>\n<tr>\n<td width=\"284\">H\u0131z kontrol aral\u0131\u011f\u0131<\/td>\n<td width=\"284\">\u00b110rpm<\/td>\n<\/tr>\n<tr>\n<td width=\"284\">Etkili Santrif\u00fcj S\u00fcresi<\/td>\n<td width=\"284\">1-99 saat ve 59 dakika<\/td>\n<\/tr>\n<tr>\n<td width=\"284\">Is\u0131tma s\u0131cakl\u0131\u011f\u0131<\/td>\n<td width=\"284\">RT-105\u00b0C<\/td>\n<\/tr>\n<tr>\n<td width=\"284\">S\u0131cakl\u0131k kontrol\u00fc<\/td>\n<td width=\"284\">Dahili s\u0131cakl\u0131k hatt\u0131<\/td>\n<\/tr>\n<tr>\n<td width=\"284\">Maksimum kar\u0131\u015ft\u0131r\u0131c\u0131 kapasitesi<\/td>\n<td width=\"284\">2L<\/td>\n<\/tr>\n<tr>\n<td width=\"284\">\u00c7al\u0131\u015fma diski malzemesi<\/td>\n<td width=\"284\">304 Paslanmaz \u00e7elik<\/td>\n<\/tr>\n<tr>\n<td width=\"284\">\u00c7al\u0131\u015fma disk alan\u0131 boyutu<\/td>\n<td width=\"284\">150*150<\/td>\n<\/tr>\n<tr>\n<td width=\"284\">Motor tipi<\/td>\n<td width=\"284\">F\u0131r\u00e7as\u0131z DC motor<\/td>\n<\/tr>\n<tr>\n<td width=\"284\">Zaman kontrol modu<\/td>\n<td width=\"284\">Sol d\u00fc\u011fme kontrol\u00fc<\/td>\n<\/tr>\n<tr>\n<td width=\"284\">H\u0131z kontrol modu<\/td>\n<td width=\"284\">Sa\u011f d\u00fc\u011fme kontrolleri<\/td>\n<\/tr>\n<\/tbody>\n<\/table>","protected":false},"excerpt":{"rendered":"<p>Laboratuvarda kullan\u0131lan manyetik kar\u0131\u015ft\u0131r\u0131c\u0131, tek kanall\u0131 ve \u00e7ok kanall\u0131 modellerde mevcuttur, \u00e7al\u0131\u015fma parametreleri i\u00e7in sezgisel bir LCD \u00e7ok renkli ekrana sahiptir ve 200 ila 1800 rpm aras\u0131nda kademesiz h\u0131z ayar\u0131n\u0131 destekler.<\/p>","protected":false},"featured_media":1748,"template":"","meta":{"_acf_changed":false,"site-sidebar-layout":"default","site-content-layout":"","ast-site-content-layout":"default","site-content-style":"default","site-sidebar-style":"default","ast-global-header-display":"","ast-banner-title-visibility":"","ast-main-header-display":"","ast-hfb-above-header-display":"","ast-hfb-below-header-display":"","ast-hfb-mobile-header-display":"","site-post-title":"","ast-breadcrumbs-content":"","ast-featured-img":"","footer-sml-layout":"","ast-disable-related-posts":"","theme-transparent-header-meta":"default","adv-header-id-meta":"","stick-header-meta":"","header-above-stick-meta":"","header-main-stick-meta":"","header-below-stick-meta":"","astra-migrate-meta-layouts":"set","ast-page-background-enabled":"default","ast-page-background-meta":{"desktop":{"background-color":"var(--ast-global-color-5)","background-image":"","background-repeat":"repeat","background-position":"center center","background-size":"auto","background-attachment":"scroll","background-type":"","background-media":"","overlay-type":"","overlay-color":"","overlay-opacity":"","overlay-gradient":""},"tablet":{"background-color":"","background-image":"","background-repeat":"repeat","background-position":"center center","background-size":"auto","background-attachment":"scroll","background-type":"","background-media":"","overlay-type":"","overlay-color":"","overlay-opacity":"","overlay-gradient":""},"mobile":{"background-color":"","background-image":"","background-repeat":"repeat","background-position":"center center","background-size":"auto","background-attachment":"scroll","background-type":"","background-media":"","overlay-type":"","overlay-color":"","overlay-opacity":"","overlay-gradient":""}},"ast-content-background-meta":{"desktop":{"background-color":"var(--ast-global-color-4)","background-image":"","background-repeat":"repeat","background-position":"center center","background-size":"auto","background-attachment":"scroll","background-type":"","background-media":"","overlay-type":"","overlay-color":"","overlay-opacity":"","overlay-gradient":""},"tablet":{"background-color":"var(--ast-global-color-4)","background-image":"","background-repeat":"repeat","background-position":"center center","background-size":"auto","background-attachment":"scroll","background-type":"","background-media":"","overlay-type":"","overlay-color":"","overlay-opacity":"","overlay-gradient":""},"mobile":{"background-color":"var(--ast-global-color-4)","background-image":"","background-repeat":"repeat","background-position":"center center","background-size":"auto","background-attachment":"scroll","background-type":"","background-media":"","overlay-type":"","overlay-color":"","overlay-opacity":"","overlay-gradient":""}}},"product_brand":[],"product_cat":[70],"product_tag":[],"class_list":{"0":"post-1745","1":"product","2":"type-product","3":"status-publish","4":"has-post-thumbnail","6":"product_cat-magnetic-stirrer-manufacturer","7":"desktop-align-left","8":"tablet-align-left","9":"mobile-align-left","11":"first","12":"instock","13":"shipping-taxable","14":"product-type-simple"},"acf":[],"yoast_head":"<!-- This site is optimized with the Yoast SEO plugin v27.4 - https:\/\/yoast.com\/product\/yoast-seo-wordpress\/ -->\n<title>Magnetic Stirrer Used In Laboratory, Chemistry Magnetic Stirrer<\/title>\n<meta name=\"description\" content=\"The Magnetic Stirrer Used In Laboratory&#039;s working surface is covered with a wear-resistant and corrosion-resistant glass panel\" \/>\n<meta name=\"robots\" content=\"index, follow, max-snippet:-1, max-image-preview:large, max-video-preview:-1\" \/>\n<link rel=\"canonical\" href=\"https:\/\/topkeymedical.com\/tr\/urun\/laboratuvarda-kullanilan-manyetik-karistirici\/\" \/>\n<meta property=\"og:locale\" content=\"tr_TR\" \/>\n<meta property=\"og:type\" content=\"article\" \/>\n<meta property=\"og:title\" content=\"Magnetic Stirrer Used In Laboratory, Chemistry Magnetic Stirrer\" \/>\n<meta property=\"og:description\" content=\"The Magnetic Stirrer Used In Laboratory&#039;s working surface is covered with a wear-resistant and corrosion-resistant glass panel\" \/>\n<meta property=\"og:url\" content=\"https:\/\/topkeymedical.com\/tr\/urun\/laboratuvarda-kullanilan-manyetik-karistirici\/\" \/>\n<meta property=\"og:site_name\" content=\"TOPKEY\u2013 Precision in Every Detail, Guardian of Life and Health\" \/>\n<meta property=\"article:publisher\" content=\"https:\/\/www.facebook.com\/profile.php?id=100088897294997\" \/>\n<meta property=\"article:modified_time\" content=\"2025-12-22T13:31:39+00:00\" \/>\n<meta property=\"og:image\" content=\"https:\/\/topkeymedical.com\/wp-content\/uploads\/2025\/12\/Magnetic-Stirrer-Used-In-Laboratory-4.webp\" \/>\n\t<meta property=\"og:image:width\" content=\"455\" \/>\n\t<meta property=\"og:image:height\" content=\"455\" \/>\n\t<meta property=\"og:image:type\" content=\"image\/webp\" \/>\n<meta name=\"twitter:card\" content=\"summary_large_image\" \/>\n<meta name=\"twitter:label1\" content=\"Tahmini okuma s\u00fcresi\" \/>\n\t<meta name=\"twitter:data1\" content=\"2 dakika\" \/>\n<script type=\"application\/ld+json\" class=\"yoast-schema-graph\">{\"@context\":\"https:\\\/\\\/schema.org\",\"@graph\":[{\"@type\":\"WebPage\",\"@id\":\"https:\\\/\\\/topkeymedical.com\\\/product\\\/magnetic-stirrer-used-in-laboratory\\\/\",\"url\":\"https:\\\/\\\/topkeymedical.com\\\/product\\\/magnetic-stirrer-used-in-laboratory\\\/\",\"name\":\"Magnetic Stirrer Used In Laboratory, Chemistry Magnetic Stirrer\",\"isPartOf\":{\"@id\":\"https:\\\/\\\/topkeymedical.com\\\/#website\"},\"primaryImageOfPage\":{\"@id\":\"https:\\\/\\\/topkeymedical.com\\\/product\\\/magnetic-stirrer-used-in-laboratory\\\/#primaryimage\"},\"image\":{\"@id\":\"https:\\\/\\\/topkeymedical.com\\\/product\\\/magnetic-stirrer-used-in-laboratory\\\/#primaryimage\"},\"thumbnailUrl\":\"https:\\\/\\\/topkeymedical.com\\\/wp-content\\\/uploads\\\/2025\\\/12\\\/Magnetic-Stirrer-Used-In-Laboratory-4.webp\",\"datePublished\":\"2025-12-22T13:31:38+00:00\",\"dateModified\":\"2025-12-22T13:31:39+00:00\",\"description\":\"The Magnetic Stirrer Used In Laboratory's working surface is covered with a wear-resistant and corrosion-resistant glass panel\",\"breadcrumb\":{\"@id\":\"https:\\\/\\\/topkeymedical.com\\\/product\\\/magnetic-stirrer-used-in-laboratory\\\/#breadcrumb\"},\"inLanguage\":\"tr\",\"potentialAction\":[{\"@type\":\"ReadAction\",\"target\":[\"https:\\\/\\\/topkeymedical.com\\\/product\\\/magnetic-stirrer-used-in-laboratory\\\/\"]}]},{\"@type\":\"ImageObject\",\"inLanguage\":\"tr\",\"@id\":\"https:\\\/\\\/topkeymedical.com\\\/product\\\/magnetic-stirrer-used-in-laboratory\\\/#primaryimage\",\"url\":\"https:\\\/\\\/topkeymedical.com\\\/wp-content\\\/uploads\\\/2025\\\/12\\\/Magnetic-Stirrer-Used-In-Laboratory-4.webp\",\"contentUrl\":\"https:\\\/\\\/topkeymedical.com\\\/wp-content\\\/uploads\\\/2025\\\/12\\\/Magnetic-Stirrer-Used-In-Laboratory-4.webp\",\"width\":455,\"height\":455,\"caption\":\"magnetic stirrer used in laboratory, chemistry magnetic stirrer\"},{\"@type\":\"BreadcrumbList\",\"@id\":\"https:\\\/\\\/topkeymedical.com\\\/product\\\/magnetic-stirrer-used-in-laboratory\\\/#breadcrumb\",\"itemListElement\":[{\"@type\":\"ListItem\",\"position\":1,\"name\":\"Home\",\"item\":\"https:\\\/\\\/topkeymedical.com\\\/\"},{\"@type\":\"ListItem\",\"position\":2,\"name\":\"Products\",\"item\":\"https:\\\/\\\/topkeymedical.com\\\/shop\\\/\"},{\"@type\":\"ListItem\",\"position\":3,\"name\":\"Magnetic Stirrer Used In Laboratory, Chemistry Magnetic Stirrer\"}]},{\"@type\":\"WebSite\",\"@id\":\"https:\\\/\\\/topkeymedical.com\\\/#website\",\"url\":\"https:\\\/\\\/topkeymedical.com\\\/\",\"name\":\"TOPKEY\u2013 Precision in Every Detail, Guardian of Life and Health\",\"description\":\"\",\"publisher\":{\"@id\":\"https:\\\/\\\/topkeymedical.com\\\/#organization\"},\"potentialAction\":[{\"@type\":\"SearchAction\",\"target\":{\"@type\":\"EntryPoint\",\"urlTemplate\":\"https:\\\/\\\/topkeymedical.com\\\/?s={search_term_string}\"},\"query-input\":{\"@type\":\"PropertyValueSpecification\",\"valueRequired\":true,\"valueName\":\"search_term_string\"}}],\"inLanguage\":\"tr\"},{\"@type\":\"Organization\",\"@id\":\"https:\\\/\\\/topkeymedical.com\\\/#organization\",\"name\":\"TOPKEY\u2013 Precision in Every Detail, Guardian of Life and Health\",\"url\":\"https:\\\/\\\/topkeymedical.com\\\/\",\"logo\":{\"@type\":\"ImageObject\",\"inLanguage\":\"tr\",\"@id\":\"https:\\\/\\\/topkeymedical.com\\\/#\\\/schema\\\/logo\\\/image\\\/\",\"url\":\"https:\\\/\\\/topkeymedical.com\\\/wp-content\\\/uploads\\\/2025\\\/05\\\/cropped-logo.jpg\",\"contentUrl\":\"https:\\\/\\\/topkeymedical.com\\\/wp-content\\\/uploads\\\/2025\\\/05\\\/cropped-logo.jpg\",\"width\":512,\"height\":512,\"caption\":\"TOPKEY\u2013 Precision in Every Detail, Guardian of Life and Health\"},\"image\":{\"@id\":\"https:\\\/\\\/topkeymedical.com\\\/#\\\/schema\\\/logo\\\/image\\\/\"},\"sameAs\":[\"https:\\\/\\\/www.facebook.com\\\/profile.php?id=100088897294997\",\"https:\\\/\\\/www.youtube.com\\\/@TopkeyMedical-Alice888\",\"https:\\\/\\\/www.linkedin.com\\\/in\\\/alice-hu-bb66a01b3\\\/\"]}]}<\/script>\n<!-- \/ Yoast SEO plugin. -->","yoast_head_json":{"title":"Laboratuvarda Kullan\u0131lan Manyetik Kar\u0131\u015ft\u0131r\u0131c\u0131, Kimya Manyetik Kar\u0131\u015ft\u0131r\u0131c\u0131","description":"Laboratuvarda Kullan\u0131lan Manyetik Kar\u0131\u015ft\u0131r\u0131c\u0131n\u0131n \u00e7al\u0131\u015fma y\u00fczeyi a\u015f\u0131nmaya ve korozyona dayan\u0131kl\u0131 cam panel ile kaplanm\u0131\u015ft\u0131r","robots":{"index":"index","follow":"follow","max-snippet":"max-snippet:-1","max-image-preview":"max-image-preview:large","max-video-preview":"max-video-preview:-1"},"canonical":"https:\/\/topkeymedical.com\/tr\/urun\/laboratuvarda-kullanilan-manyetik-karistirici\/","og_locale":"tr_TR","og_type":"article","og_title":"Magnetic Stirrer Used In Laboratory, Chemistry Magnetic Stirrer","og_description":"The Magnetic Stirrer Used In Laboratory's working surface is covered with a wear-resistant and corrosion-resistant glass panel","og_url":"https:\/\/topkeymedical.com\/tr\/urun\/laboratuvarda-kullanilan-manyetik-karistirici\/","og_site_name":"TOPKEY\u2013 Precision in Every Detail, Guardian of Life and Health","article_publisher":"https:\/\/www.facebook.com\/profile.php?id=100088897294997","article_modified_time":"2025-12-22T13:31:39+00:00","og_image":[{"width":455,"height":455,"url":"https:\/\/topkeymedical.com\/wp-content\/uploads\/2025\/12\/Magnetic-Stirrer-Used-In-Laboratory-4.webp","type":"image\/webp"}],"twitter_card":"summary_large_image","twitter_misc":{"Tahmini okuma s\u00fcresi":"2 dakika"},"schema":{"@context":"https:\/\/schema.org","@graph":[{"@type":"WebPage","@id":"https:\/\/topkeymedical.com\/product\/magnetic-stirrer-used-in-laboratory\/","url":"https:\/\/topkeymedical.com\/product\/magnetic-stirrer-used-in-laboratory\/","name":"Laboratuvarda Kullan\u0131lan Manyetik Kar\u0131\u015ft\u0131r\u0131c\u0131, Kimya Manyetik Kar\u0131\u015ft\u0131r\u0131c\u0131","isPartOf":{"@id":"https:\/\/topkeymedical.com\/#website"},"primaryImageOfPage":{"@id":"https:\/\/topkeymedical.com\/product\/magnetic-stirrer-used-in-laboratory\/#primaryimage"},"image":{"@id":"https:\/\/topkeymedical.com\/product\/magnetic-stirrer-used-in-laboratory\/#primaryimage"},"thumbnailUrl":"https:\/\/topkeymedical.com\/wp-content\/uploads\/2025\/12\/Magnetic-Stirrer-Used-In-Laboratory-4.webp","datePublished":"2025-12-22T13:31:38+00:00","dateModified":"2025-12-22T13:31:39+00:00","description":"Laboratuvarda Kullan\u0131lan Manyetik Kar\u0131\u015ft\u0131r\u0131c\u0131n\u0131n \u00e7al\u0131\u015fma y\u00fczeyi a\u015f\u0131nmaya ve korozyona dayan\u0131kl\u0131 cam panel ile kaplanm\u0131\u015ft\u0131r","breadcrumb":{"@id":"https:\/\/topkeymedical.com\/product\/magnetic-stirrer-used-in-laboratory\/#breadcrumb"},"inLanguage":"tr","potentialAction":[{"@type":"ReadAction","target":["https:\/\/topkeymedical.com\/product\/magnetic-stirrer-used-in-laboratory\/"]}]},{"@type":"ImageObject","inLanguage":"tr","@id":"https:\/\/topkeymedical.com\/product\/magnetic-stirrer-used-in-laboratory\/#primaryimage","url":"https:\/\/topkeymedical.com\/wp-content\/uploads\/2025\/12\/Magnetic-Stirrer-Used-In-Laboratory-4.webp","contentUrl":"https:\/\/topkeymedical.com\/wp-content\/uploads\/2025\/12\/Magnetic-Stirrer-Used-In-Laboratory-4.webp","width":455,"height":455,"caption":"magnetic stirrer used in laboratory, chemistry magnetic stirrer"},{"@type":"BreadcrumbList","@id":"https:\/\/topkeymedical.com\/product\/magnetic-stirrer-used-in-laboratory\/#breadcrumb","itemListElement":[{"@type":"ListItem","position":1,"name":"Home","item":"https:\/\/topkeymedical.com\/"},{"@type":"ListItem","position":2,"name":"Products","item":"https:\/\/topkeymedical.com\/shop\/"},{"@type":"ListItem","position":3,"name":"Magnetic Stirrer Used In Laboratory, Chemistry Magnetic Stirrer"}]},{"@type":"WebSite","@id":"https:\/\/topkeymedical.com\/#website","url":"https:\/\/topkeymedical.com\/","name":"TOPKEY- Her Ayr\u0131nt\u0131da Hassasiyet, Ya\u015fam ve Sa\u011fl\u0131\u011f\u0131n Koruyucusu","description":"","publisher":{"@id":"https:\/\/topkeymedical.com\/#organization"},"potentialAction":[{"@type":"SearchAction","target":{"@type":"EntryPoint","urlTemplate":"https:\/\/topkeymedical.com\/?s={search_term_string}"},"query-input":{"@type":"PropertyValueSpecification","valueRequired":true,"valueName":"search_term_string"}}],"inLanguage":"tr"},{"@type":"Organization","@id":"https:\/\/topkeymedical.com\/#organization","name":"TOPKEY- Her Ayr\u0131nt\u0131da Hassasiyet, Ya\u015fam ve Sa\u011fl\u0131\u011f\u0131n Koruyucusu","url":"https:\/\/topkeymedical.com\/","logo":{"@type":"ImageObject","inLanguage":"tr","@id":"https:\/\/topkeymedical.com\/#\/schema\/logo\/image\/","url":"https:\/\/topkeymedical.com\/wp-content\/uploads\/2025\/05\/cropped-logo.jpg","contentUrl":"https:\/\/topkeymedical.com\/wp-content\/uploads\/2025\/05\/cropped-logo.jpg","width":512,"height":512,"caption":"TOPKEY\u2013 Precision in Every Detail, Guardian of Life and Health"},"image":{"@id":"https:\/\/topkeymedical.com\/#\/schema\/logo\/image\/"},"sameAs":["https:\/\/www.facebook.com\/profile.php?id=100088897294997","https:\/\/www.youtube.com\/@TopkeyMedical-Alice888","https:\/\/www.linkedin.com\/in\/alice-hu-bb66a01b3\/"]}]}},"_links":{"self":[{"href":"https:\/\/topkeymedical.com\/tr\/wp-json\/wp\/v2\/product\/1745","targetHints":{"allow":["GET"]}}],"collection":[{"href":"https:\/\/topkeymedical.com\/tr\/wp-json\/wp\/v2\/product"}],"about":[{"href":"https:\/\/topkeymedical.com\/tr\/wp-json\/wp\/v2\/types\/product"}],"version-history":[{"count":1,"href":"https:\/\/topkeymedical.com\/tr\/wp-json\/wp\/v2\/product\/1745\/revisions"}],"predecessor-version":[{"id":1750,"href":"https:\/\/topkeymedical.com\/tr\/wp-json\/wp\/v2\/product\/1745\/revisions\/1750"}],"wp:featuredmedia":[{"embeddable":true,"href":"https:\/\/topkeymedical.com\/tr\/wp-json\/wp\/v2\/media\/1748"}],"wp:attachment":[{"href":"https:\/\/topkeymedical.com\/tr\/wp-json\/wp\/v2\/media?parent=1745"}],"wp:term":[{"taxonomy":"product_brand","embeddable":true,"href":"https:\/\/topkeymedical.com\/tr\/wp-json\/wp\/v2\/product_brand?post=1745"},{"taxonomy":"product_cat","embeddable":true,"href":"https:\/\/topkeymedical.com\/tr\/wp-json\/wp\/v2\/product_cat?post=1745"},{"taxonomy":"product_tag","embeddable":true,"href":"https:\/\/topkeymedical.com\/tr\/wp-json\/wp\/v2\/product_tag?post=1745"}],"curies":[{"name":"wp","href":"https:\/\/api.w.org\/{rel}","templated":true}]}}