{"id":1751,"date":"2025-12-22T13:48:50","date_gmt":"2025-12-22T13:48:50","guid":{"rendered":"https:\/\/topkeymedical.com\/?post_type=product&#038;p=1751"},"modified":"2025-12-22T13:48:50","modified_gmt":"2025-12-22T13:48:50","slug":"mini-manyetik-karistirici-kompakt-manyetik-karistirici","status":"publish","type":"product","link":"https:\/\/topkeymedical.com\/tr\/urun\/mini-manyetik-karistirici-kompakt-manyetik-karistirici\/","title":{"rendered":"Mini Manyetik Kar\u0131\u015ft\u0131r\u0131c\u0131, Kompakt Manyetik Kar\u0131\u015ft\u0131r\u0131c\u0131"},"content":{"rendered":"<p>Bu kompakt cihaz, s\u0131v\u0131lara dald\u0131r\u0131lm\u0131\u015f bir kar\u0131\u015ft\u0131rma \u00e7ubu\u011funu d\u00f6nd\u00fcrmek i\u00e7in d\u00f6nen bir manyetik alan kullan\u0131r ve do\u011frudan mekanik temas olmadan girdapl\u0131 kar\u0131\u015ft\u0131rma olu\u015fturur.<\/p>\n<p>\u00c7ap\u0131 sadece 4-6 in\u00e7 olan mini manyetik kar\u0131\u015ft\u0131r\u0131c\u0131, alan\u0131n s\u0131n\u0131rl\u0131 oldu\u011fu ancak performanstan \u00f6d\u00fcn verilemeyen kimya laboratuvarlar\u0131, ara\u015ft\u0131rma tesisleri ve e\u011fitim kurumlar\u0131nda tezgah \u00fcst\u00fc kullan\u0131m i\u00e7in m\u00fckemmeldir.<\/p>\n<p>Eloksall\u0131 al\u00fcminyum veya kimyasallara dayan\u0131kl\u0131 plastik g\u00f6vdeden \u00fcretilen laboratuvar mini manyetik kar\u0131\u015ft\u0131r\u0131c\u0131, yayg\u0131n laboratuvar kimyasallar\u0131na ve \u00e7\u00f6z\u00fcc\u00fclere maruz kalmaya dayanabilen dayan\u0131kl\u0131 bir \u00fcst plakaya sahiptir.<\/p>\n<p>\u00dcnite, 100 ila 1.500 RPM aras\u0131nda d\u00f6n\u00fc\u015f h\u0131zlar\u0131 \u00fcretebilen sessiz bir DC motorla \u00e7al\u0131\u015f\u0131r ve 10 RPM kadar k\u00fc\u00e7\u00fck art\u0131\u015flarla ayarlamalara izin veren hassas dijital kontrollere sahiptir.<\/p>\n<p>Bir\u00e7ok modelde ortam s\u0131cakl\u0131\u011f\u0131 ile 300\u00b0C aras\u0131nda de\u011fi\u015fen entegre bir \u0131s\u0131tma i\u015flevi bulunur; bu da mini manyetik kar\u0131\u015ft\u0131r\u0131c\u0131y\u0131 kimyasal sentez ve numune haz\u0131rlama gibi hem kar\u0131\u015ft\u0131rma hem de kontroll\u00fc \u0131s\u0131tma gerektiren uygulamalar i\u00e7in ideal hale getirir.<\/p>\n<p>Mini manyetik kar\u0131\u015ft\u0131r\u0131c\u0131, 50 ml ila 2000 ml kapasiteli beherler, \u015fi\u015feler ve test t\u00fcpleri dahil olmak \u00fczere \u00e7e\u015fitli kap t\u00fcrlerini bar\u0131nd\u0131r\u0131r.<\/p>\n<p>Geli\u015fmi\u015f modellerde programlanabilir zamanlay\u0131c\u0131lar, h\u0131z art\u0131rma i\u015flevleri ve s\u0131k kullan\u0131lan protokolleri saklamak i\u00e7in bellek ayarlar\u0131 bulunur.<\/p>\n<p>G\u00fcvenlik \u00f6zellikleri aras\u0131nda genellikle a\u015f\u0131r\u0131 \u0131s\u0131nma korumas\u0131, otomatik kapanma ve dengeli \u00e7al\u0131\u015fmay\u0131 sa\u011flamak i\u00e7in kaymaz lastik ayaklar bulunur.<\/p>\n<p>Enerji tasarruflu tasar\u0131m, y\u00fcksek viskozite seviyelerinde bile tutarl\u0131 tork sa\u011flarken minimum g\u00fc\u00e7 t\u00fcketir.<\/p>\n<h2>Kompakt Manyetik Kar\u0131\u015ft\u0131r\u0131c\u0131 \u00d6zellikleri<\/h2>\n<table>\n<tbody>\n<tr>\n<td width=\"284\">G\u00fc\u00e7<\/td>\n<td width=\"284\">5W<\/td>\n<\/tr>\n<tr>\n<td width=\"284\">Ekran Modu<\/td>\n<td width=\"284\">LCD<\/td>\n<\/tr>\n<tr>\n<td width=\"284\">H\u0131z kontrol aral\u0131\u011f\u0131<\/td>\n<td width=\"284\">1500-1800 d\u00f6n\u00fc\u015f<\/td>\n<\/tr>\n<tr>\n<td width=\"284\">H\u0131z kontrol hassasiyeti<\/td>\n<td width=\"284\">\u00b110rpm<\/td>\n<\/tr>\n<tr>\n<td width=\"284\">\u0130zin verilen ortam s\u0131cakl\u0131\u011f\u0131<\/td>\n<td width=\"284\">Oda s\u0131cakl\u0131\u011f\u0131 -40\u00b0C<\/td>\n<\/tr>\n<tr>\n<td width=\"284\">Maksimum kar\u0131\u015ft\u0131rma kapasitesi<\/td>\n<td width=\"284\">2L\/5L<\/td>\n<\/tr>\n<tr>\n<td width=\"284\">\u00c7al\u0131\u015fma diski malzemesi<\/td>\n<td width=\"284\">Kaplamal\u0131 PC, korozyona dayan\u0131kl\u0131<\/td>\n<\/tr>\n<tr>\n<td width=\"284\">Boyut<\/td>\n<td width=\"284\">132x122x40 mm<\/td>\n<\/tr>\n<tr>\n<td width=\"284\">Motor tipi<\/td>\n<td width=\"284\">Minyat\u00fcr f\u0131r\u00e7as\u0131z motor<\/td>\n<\/tr>\n<tr>\n<td width=\"284\">Zaman kontrol modu<\/td>\n<td width=\"284\">Dokunmatik ekran ayar\u0131<\/td>\n<\/tr>\n<tr>\n<td width=\"284\">H\u0131z kontrol modu<\/td>\n<td width=\"284\">Dokunmatik ekran ayar\u0131<\/td>\n<\/tr>\n<\/tbody>\n<\/table>","protected":false},"excerpt":{"rendered":"<p>Mini manyetik kar\u0131\u015ft\u0131r\u0131c\u0131, \u00e7e\u015fitli bilimsel uygulamalar i\u00e7in hassas ve tutarl\u0131 kar\u0131\u015ft\u0131rma performans\u0131 sunan, k\u00fc\u00e7\u00fck hacimlerde verimli s\u0131v\u0131 kar\u0131\u015ft\u0131rma i\u00e7in tasarlanm\u0131\u015f temel bir laboratuvar arac\u0131d\u0131r.<\/p>","protected":false},"featured_media":1755,"template":"","meta":{"_acf_changed":false,"site-sidebar-layout":"default","site-content-layout":"","ast-site-content-layout":"default","site-content-style":"default","site-sidebar-style":"default","ast-global-header-display":"","ast-banner-title-visibility":"","ast-main-header-display":"","ast-hfb-above-header-display":"","ast-hfb-below-header-display":"","ast-hfb-mobile-header-display":"","site-post-title":"","ast-breadcrumbs-content":"","ast-featured-img":"","footer-sml-layout":"","ast-disable-related-posts":"","theme-transparent-header-meta":"default","adv-header-id-meta":"","stick-header-meta":"","header-above-stick-meta":"","header-main-stick-meta":"","header-below-stick-meta":"","astra-migrate-meta-layouts":"set","ast-page-background-enabled":"default","ast-page-background-meta":{"desktop":{"background-color":"var(--ast-global-color-5)","background-image":"","background-repeat":"repeat","background-position":"center center","background-size":"auto","background-attachment":"scroll","background-type":"","background-media":"","overlay-type":"","overlay-color":"","overlay-opacity":"","overlay-gradient":""},"tablet":{"background-color":"","background-image":"","background-repeat":"repeat","background-position":"center center","background-size":"auto","background-attachment":"scroll","background-type":"","background-media":"","overlay-type":"","overlay-color":"","overlay-opacity":"","overlay-gradient":""},"mobile":{"background-color":"","background-image":"","background-repeat":"repeat","background-position":"center center","background-size":"auto","background-attachment":"scroll","background-type":"","background-media":"","overlay-type":"","overlay-color":"","overlay-opacity":"","overlay-gradient":""}},"ast-content-background-meta":{"desktop":{"background-color":"var(--ast-global-color-4)","background-image":"","background-repeat":"repeat","background-position":"center center","background-size":"auto","background-attachment":"scroll","background-type":"","background-media":"","overlay-type":"","overlay-color":"","overlay-opacity":"","overlay-gradient":""},"tablet":{"background-color":"var(--ast-global-color-4)","background-image":"","background-repeat":"repeat","background-position":"center center","background-size":"auto","background-attachment":"scroll","background-type":"","background-media":"","overlay-type":"","overlay-color":"","overlay-opacity":"","overlay-gradient":""},"mobile":{"background-color":"var(--ast-global-color-4)","background-image":"","background-repeat":"repeat","background-position":"center center","background-size":"auto","background-attachment":"scroll","background-type":"","background-media":"","overlay-type":"","overlay-color":"","overlay-opacity":"","overlay-gradient":""}}},"product_brand":[],"product_cat":[70],"product_tag":[],"class_list":{"0":"post-1751","1":"product","2":"type-product","3":"status-publish","4":"has-post-thumbnail","6":"product_cat-magnetic-stirrer-manufacturer","7":"desktop-align-left","8":"tablet-align-left","9":"mobile-align-left","11":"first","12":"instock","13":"shipping-taxable","14":"product-type-simple"},"acf":[],"yoast_head":"<!-- This site is optimized with the Yoast SEO plugin v27.4 - https:\/\/yoast.com\/product\/yoast-seo-wordpress\/ -->\n<title>Mini Magnetic Stirrer, Compact Magnetic Stirrer<\/title>\n<meta name=\"description\" content=\"The mini magnetic stirrer is an essential laboratory tool designed for efficient liquid mixing in small volumes, offering precise and consistent stirring\" \/>\n<meta name=\"robots\" content=\"index, follow, max-snippet:-1, max-image-preview:large, max-video-preview:-1\" \/>\n<link rel=\"canonical\" href=\"https:\/\/topkeymedical.com\/tr\/urun\/mini-manyetik-karistirici-kompakt-manyetik-karistirici\/\" \/>\n<meta property=\"og:locale\" content=\"tr_TR\" \/>\n<meta property=\"og:type\" content=\"article\" \/>\n<meta property=\"og:title\" content=\"Mini Magnetic Stirrer, Compact Magnetic Stirrer\" \/>\n<meta property=\"og:description\" content=\"The mini magnetic stirrer is an essential laboratory tool designed for efficient liquid mixing in small volumes, offering precise and consistent stirring\" \/>\n<meta property=\"og:url\" content=\"https:\/\/topkeymedical.com\/tr\/urun\/mini-manyetik-karistirici-kompakt-manyetik-karistirici\/\" \/>\n<meta property=\"og:site_name\" content=\"TOPKEY\u2013 Precision in Every Detail, Guardian of Life and Health\" \/>\n<meta property=\"article:publisher\" content=\"https:\/\/www.facebook.com\/profile.php?id=100088897294997\" \/>\n<meta property=\"og:image\" content=\"https:\/\/topkeymedical.com\/wp-content\/uploads\/2025\/12\/Mini-Magnetic-Stirrer-1.webp\" \/>\n\t<meta property=\"og:image:width\" content=\"645\" \/>\n\t<meta property=\"og:image:height\" content=\"645\" \/>\n\t<meta property=\"og:image:type\" content=\"image\/webp\" \/>\n<meta name=\"twitter:card\" content=\"summary_large_image\" \/>\n<meta name=\"twitter:label1\" content=\"Tahmini okuma s\u00fcresi\" \/>\n\t<meta name=\"twitter:data1\" content=\"2 dakika\" \/>\n<script type=\"application\/ld+json\" class=\"yoast-schema-graph\">{\"@context\":\"https:\\\/\\\/schema.org\",\"@graph\":[{\"@type\":\"WebPage\",\"@id\":\"https:\\\/\\\/topkeymedical.com\\\/product\\\/mini-magnetic-stirrer-compact-magnetic-stirrer\\\/\",\"url\":\"https:\\\/\\\/topkeymedical.com\\\/product\\\/mini-magnetic-stirrer-compact-magnetic-stirrer\\\/\",\"name\":\"Mini Magnetic Stirrer, Compact Magnetic Stirrer\",\"isPartOf\":{\"@id\":\"https:\\\/\\\/topkeymedical.com\\\/#website\"},\"primaryImageOfPage\":{\"@id\":\"https:\\\/\\\/topkeymedical.com\\\/product\\\/mini-magnetic-stirrer-compact-magnetic-stirrer\\\/#primaryimage\"},\"image\":{\"@id\":\"https:\\\/\\\/topkeymedical.com\\\/product\\\/mini-magnetic-stirrer-compact-magnetic-stirrer\\\/#primaryimage\"},\"thumbnailUrl\":\"https:\\\/\\\/topkeymedical.com\\\/wp-content\\\/uploads\\\/2025\\\/12\\\/Mini-Magnetic-Stirrer-1.webp\",\"datePublished\":\"2025-12-22T13:48:50+00:00\",\"description\":\"The mini magnetic stirrer is an essential laboratory tool designed for efficient liquid mixing in small volumes, offering precise and consistent stirring\",\"breadcrumb\":{\"@id\":\"https:\\\/\\\/topkeymedical.com\\\/product\\\/mini-magnetic-stirrer-compact-magnetic-stirrer\\\/#breadcrumb\"},\"inLanguage\":\"tr\",\"potentialAction\":[{\"@type\":\"ReadAction\",\"target\":[\"https:\\\/\\\/topkeymedical.com\\\/product\\\/mini-magnetic-stirrer-compact-magnetic-stirrer\\\/\"]}]},{\"@type\":\"ImageObject\",\"inLanguage\":\"tr\",\"@id\":\"https:\\\/\\\/topkeymedical.com\\\/product\\\/mini-magnetic-stirrer-compact-magnetic-stirrer\\\/#primaryimage\",\"url\":\"https:\\\/\\\/topkeymedical.com\\\/wp-content\\\/uploads\\\/2025\\\/12\\\/Mini-Magnetic-Stirrer-1.webp\",\"contentUrl\":\"https:\\\/\\\/topkeymedical.com\\\/wp-content\\\/uploads\\\/2025\\\/12\\\/Mini-Magnetic-Stirrer-1.webp\",\"width\":645,\"height\":645,\"caption\":\"Mini Magnetic Stirrer, Compact Magnetic Stirrer\"},{\"@type\":\"BreadcrumbList\",\"@id\":\"https:\\\/\\\/topkeymedical.com\\\/product\\\/mini-magnetic-stirrer-compact-magnetic-stirrer\\\/#breadcrumb\",\"itemListElement\":[{\"@type\":\"ListItem\",\"position\":1,\"name\":\"Home\",\"item\":\"https:\\\/\\\/topkeymedical.com\\\/\"},{\"@type\":\"ListItem\",\"position\":2,\"name\":\"Products\",\"item\":\"https:\\\/\\\/topkeymedical.com\\\/shop\\\/\"},{\"@type\":\"ListItem\",\"position\":3,\"name\":\"Mini Magnetic Stirrer, Compact Magnetic Stirrer\"}]},{\"@type\":\"WebSite\",\"@id\":\"https:\\\/\\\/topkeymedical.com\\\/#website\",\"url\":\"https:\\\/\\\/topkeymedical.com\\\/\",\"name\":\"TOPKEY\u2013 Precision in Every Detail, Guardian of Life and Health\",\"description\":\"\",\"publisher\":{\"@id\":\"https:\\\/\\\/topkeymedical.com\\\/#organization\"},\"potentialAction\":[{\"@type\":\"SearchAction\",\"target\":{\"@type\":\"EntryPoint\",\"urlTemplate\":\"https:\\\/\\\/topkeymedical.com\\\/?s={search_term_string}\"},\"query-input\":{\"@type\":\"PropertyValueSpecification\",\"valueRequired\":true,\"valueName\":\"search_term_string\"}}],\"inLanguage\":\"tr\"},{\"@type\":\"Organization\",\"@id\":\"https:\\\/\\\/topkeymedical.com\\\/#organization\",\"name\":\"TOPKEY\u2013 Precision in Every Detail, Guardian of Life and Health\",\"url\":\"https:\\\/\\\/topkeymedical.com\\\/\",\"logo\":{\"@type\":\"ImageObject\",\"inLanguage\":\"tr\",\"@id\":\"https:\\\/\\\/topkeymedical.com\\\/#\\\/schema\\\/logo\\\/image\\\/\",\"url\":\"https:\\\/\\\/topkeymedical.com\\\/wp-content\\\/uploads\\\/2025\\\/05\\\/cropped-logo.jpg\",\"contentUrl\":\"https:\\\/\\\/topkeymedical.com\\\/wp-content\\\/uploads\\\/2025\\\/05\\\/cropped-logo.jpg\",\"width\":512,\"height\":512,\"caption\":\"TOPKEY\u2013 Precision in Every Detail, Guardian of Life and Health\"},\"image\":{\"@id\":\"https:\\\/\\\/topkeymedical.com\\\/#\\\/schema\\\/logo\\\/image\\\/\"},\"sameAs\":[\"https:\\\/\\\/www.facebook.com\\\/profile.php?id=100088897294997\",\"https:\\\/\\\/www.youtube.com\\\/@TopkeyMedical-Alice888\",\"https:\\\/\\\/www.linkedin.com\\\/in\\\/alice-hu-bb66a01b3\\\/\"]}]}<\/script>\n<!-- \/ Yoast SEO plugin. -->","yoast_head_json":{"title":"Mini Manyetik Kar\u0131\u015ft\u0131r\u0131c\u0131, Kompakt Manyetik Kar\u0131\u015ft\u0131r\u0131c\u0131","description":"Mini manyetik kar\u0131\u015ft\u0131r\u0131c\u0131, k\u00fc\u00e7\u00fck hacimlerde verimli s\u0131v\u0131 kar\u0131\u015ft\u0131rma i\u00e7in tasarlanm\u0131\u015f, hassas ve tutarl\u0131 kar\u0131\u015ft\u0131rma sunan \u00f6nemli bir laboratuvar arac\u0131d\u0131r","robots":{"index":"index","follow":"follow","max-snippet":"max-snippet:-1","max-image-preview":"max-image-preview:large","max-video-preview":"max-video-preview:-1"},"canonical":"https:\/\/topkeymedical.com\/tr\/urun\/mini-manyetik-karistirici-kompakt-manyetik-karistirici\/","og_locale":"tr_TR","og_type":"article","og_title":"Mini Magnetic Stirrer, Compact Magnetic Stirrer","og_description":"The mini magnetic stirrer is an essential laboratory tool designed for efficient liquid mixing in small volumes, offering precise and consistent stirring","og_url":"https:\/\/topkeymedical.com\/tr\/urun\/mini-manyetik-karistirici-kompakt-manyetik-karistirici\/","og_site_name":"TOPKEY\u2013 Precision in Every Detail, Guardian of Life and Health","article_publisher":"https:\/\/www.facebook.com\/profile.php?id=100088897294997","og_image":[{"width":645,"height":645,"url":"https:\/\/topkeymedical.com\/wp-content\/uploads\/2025\/12\/Mini-Magnetic-Stirrer-1.webp","type":"image\/webp"}],"twitter_card":"summary_large_image","twitter_misc":{"Tahmini okuma s\u00fcresi":"2 dakika"},"schema":{"@context":"https:\/\/schema.org","@graph":[{"@type":"WebPage","@id":"https:\/\/topkeymedical.com\/product\/mini-magnetic-stirrer-compact-magnetic-stirrer\/","url":"https:\/\/topkeymedical.com\/product\/mini-magnetic-stirrer-compact-magnetic-stirrer\/","name":"Mini Manyetik Kar\u0131\u015ft\u0131r\u0131c\u0131, Kompakt Manyetik Kar\u0131\u015ft\u0131r\u0131c\u0131","isPartOf":{"@id":"https:\/\/topkeymedical.com\/#website"},"primaryImageOfPage":{"@id":"https:\/\/topkeymedical.com\/product\/mini-magnetic-stirrer-compact-magnetic-stirrer\/#primaryimage"},"image":{"@id":"https:\/\/topkeymedical.com\/product\/mini-magnetic-stirrer-compact-magnetic-stirrer\/#primaryimage"},"thumbnailUrl":"https:\/\/topkeymedical.com\/wp-content\/uploads\/2025\/12\/Mini-Magnetic-Stirrer-1.webp","datePublished":"2025-12-22T13:48:50+00:00","description":"Mini manyetik kar\u0131\u015ft\u0131r\u0131c\u0131, k\u00fc\u00e7\u00fck hacimlerde verimli s\u0131v\u0131 kar\u0131\u015ft\u0131rma i\u00e7in tasarlanm\u0131\u015f, hassas ve tutarl\u0131 kar\u0131\u015ft\u0131rma sunan \u00f6nemli bir laboratuvar arac\u0131d\u0131r","breadcrumb":{"@id":"https:\/\/topkeymedical.com\/product\/mini-magnetic-stirrer-compact-magnetic-stirrer\/#breadcrumb"},"inLanguage":"tr","potentialAction":[{"@type":"ReadAction","target":["https:\/\/topkeymedical.com\/product\/mini-magnetic-stirrer-compact-magnetic-stirrer\/"]}]},{"@type":"ImageObject","inLanguage":"tr","@id":"https:\/\/topkeymedical.com\/product\/mini-magnetic-stirrer-compact-magnetic-stirrer\/#primaryimage","url":"https:\/\/topkeymedical.com\/wp-content\/uploads\/2025\/12\/Mini-Magnetic-Stirrer-1.webp","contentUrl":"https:\/\/topkeymedical.com\/wp-content\/uploads\/2025\/12\/Mini-Magnetic-Stirrer-1.webp","width":645,"height":645,"caption":"Mini Magnetic Stirrer, Compact Magnetic Stirrer"},{"@type":"BreadcrumbList","@id":"https:\/\/topkeymedical.com\/product\/mini-magnetic-stirrer-compact-magnetic-stirrer\/#breadcrumb","itemListElement":[{"@type":"ListItem","position":1,"name":"Home","item":"https:\/\/topkeymedical.com\/"},{"@type":"ListItem","position":2,"name":"Products","item":"https:\/\/topkeymedical.com\/shop\/"},{"@type":"ListItem","position":3,"name":"Mini Magnetic Stirrer, Compact Magnetic Stirrer"}]},{"@type":"WebSite","@id":"https:\/\/topkeymedical.com\/#website","url":"https:\/\/topkeymedical.com\/","name":"TOPKEY- Her Ayr\u0131nt\u0131da Hassasiyet, Ya\u015fam ve Sa\u011fl\u0131\u011f\u0131n Koruyucusu","description":"","publisher":{"@id":"https:\/\/topkeymedical.com\/#organization"},"potentialAction":[{"@type":"SearchAction","target":{"@type":"EntryPoint","urlTemplate":"https:\/\/topkeymedical.com\/?s={search_term_string}"},"query-input":{"@type":"PropertyValueSpecification","valueRequired":true,"valueName":"search_term_string"}}],"inLanguage":"tr"},{"@type":"Organization","@id":"https:\/\/topkeymedical.com\/#organization","name":"TOPKEY- Her Ayr\u0131nt\u0131da Hassasiyet, Ya\u015fam ve Sa\u011fl\u0131\u011f\u0131n Koruyucusu","url":"https:\/\/topkeymedical.com\/","logo":{"@type":"ImageObject","inLanguage":"tr","@id":"https:\/\/topkeymedical.com\/#\/schema\/logo\/image\/","url":"https:\/\/topkeymedical.com\/wp-content\/uploads\/2025\/05\/cropped-logo.jpg","contentUrl":"https:\/\/topkeymedical.com\/wp-content\/uploads\/2025\/05\/cropped-logo.jpg","width":512,"height":512,"caption":"TOPKEY\u2013 Precision in Every Detail, Guardian of Life and Health"},"image":{"@id":"https:\/\/topkeymedical.com\/#\/schema\/logo\/image\/"},"sameAs":["https:\/\/www.facebook.com\/profile.php?id=100088897294997","https:\/\/www.youtube.com\/@TopkeyMedical-Alice888","https:\/\/www.linkedin.com\/in\/alice-hu-bb66a01b3\/"]}]}},"_links":{"self":[{"href":"https:\/\/topkeymedical.com\/tr\/wp-json\/wp\/v2\/product\/1751","targetHints":{"allow":["GET"]}}],"collection":[{"href":"https:\/\/topkeymedical.com\/tr\/wp-json\/wp\/v2\/product"}],"about":[{"href":"https:\/\/topkeymedical.com\/tr\/wp-json\/wp\/v2\/types\/product"}],"version-history":[{"count":1,"href":"https:\/\/topkeymedical.com\/tr\/wp-json\/wp\/v2\/product\/1751\/revisions"}],"predecessor-version":[{"id":1756,"href":"https:\/\/topkeymedical.com\/tr\/wp-json\/wp\/v2\/product\/1751\/revisions\/1756"}],"wp:featuredmedia":[{"embeddable":true,"href":"https:\/\/topkeymedical.com\/tr\/wp-json\/wp\/v2\/media\/1755"}],"wp:attachment":[{"href":"https:\/\/topkeymedical.com\/tr\/wp-json\/wp\/v2\/media?parent=1751"}],"wp:term":[{"taxonomy":"product_brand","embeddable":true,"href":"https:\/\/topkeymedical.com\/tr\/wp-json\/wp\/v2\/product_brand?post=1751"},{"taxonomy":"product_cat","embeddable":true,"href":"https:\/\/topkeymedical.com\/tr\/wp-json\/wp\/v2\/product_cat?post=1751"},{"taxonomy":"product_tag","embeddable":true,"href":"https:\/\/topkeymedical.com\/tr\/wp-json\/wp\/v2\/product_tag?post=1751"}],"curies":[{"name":"wp","href":"https:\/\/api.w.org\/{rel}","templated":true}]}}