{"id":1759,"date":"2025-12-23T13:17:52","date_gmt":"2025-12-23T13:17:52","guid":{"rendered":"https:\/\/topkeymedical.com\/?post_type=product&#038;p=1759"},"modified":"2025-12-23T13:17:52","modified_gmt":"2025-12-23T13:17:52","slug":"isitmasiz-manyetik-karistirici","status":"publish","type":"product","link":"https:\/\/topkeymedical.com\/tr\/urun\/isitmasiz-manyetik-karistirici\/","title":{"rendered":"Is\u0131tmal\u0131 Manyetik Kar\u0131\u015ft\u0131r\u0131c\u0131, Is\u0131tmas\u0131z Manyetik Kar\u0131\u015ft\u0131r\u0131c\u0131"},"content":{"rendered":"<p>TOPKEY \u0131s\u0131tmal\u0131\/\u0131s\u0131tmas\u0131z manyetik kar\u0131\u015ft\u0131r\u0131c\u0131, tek kanall\u0131 ve \u00e7ok kanall\u0131 modellerde mevcuttur, \u00e7al\u0131\u015fma parametreleri i\u00e7in sezgisel bir LCD \u00e7ok renkli ekrana sahiptir ve 200 ila 1800 rpm aras\u0131nda kademesiz h\u0131z ayar\u0131n\u0131 destekler.<\/p>\n<p>Bu kar\u0131\u015ft\u0131rma y\u00f6ntemi son derece verimlidir ve manuel m\u00fcdahaleye gerek kalmadan tam bir kar\u0131\u015ft\u0131rma sa\u011flar, bu da onu \u00e7e\u015fitli deneysel senaryolarda \u00f6nemli bir ara\u00e7 haline getirir.<\/p>\n<h2>Tek Kanall\u0131 Is\u0131tmal\u0131 Manyetik Kar\u0131\u015ft\u0131r\u0131c\u0131<\/h2>\n<table>\n<tbody>\n<tr>\n<td width=\"284\">Besleme gerilimi<\/td>\n<td width=\"284\">AC100-240V<\/td>\n<\/tr>\n<tr>\n<td width=\"284\">G\u00fc\u00e7<\/td>\n<td width=\"284\">45W<\/td>\n<\/tr>\n<tr>\n<td width=\"284\">Ekran Modu<\/td>\n<td width=\"284\">LCD<\/td>\n<\/tr>\n<tr>\n<td width=\"284\">D\u00f6nme H\u0131z\u0131<\/td>\n<td width=\"284\">200-1600<\/td>\n<\/tr>\n<tr>\n<td width=\"284\">H\u0131z kontrol aral\u0131\u011f\u0131<\/td>\n<td width=\"284\">\u00b110rpm<\/td>\n<\/tr>\n<tr>\n<td width=\"284\">Etkili Santrif\u00fcj S\u00fcresi<\/td>\n<td width=\"284\">1-99 saat ve 59 dakika<\/td>\n<\/tr>\n<tr>\n<td width=\"284\">Is\u0131tma s\u0131cakl\u0131\u011f\u0131<\/td>\n<td width=\"284\">RT-105\u00b0C<\/td>\n<\/tr>\n<tr>\n<td width=\"284\">S\u0131cakl\u0131k kontrol\u00fc<\/td>\n<td width=\"284\">Dahili s\u0131cakl\u0131k hatt\u0131<\/td>\n<\/tr>\n<tr>\n<td width=\"284\">Maksimum kar\u0131\u015ft\u0131r\u0131c\u0131 kapasitesi<\/td>\n<td width=\"284\">5L<\/td>\n<\/tr>\n<tr>\n<td width=\"284\">\u00c7al\u0131\u015fma diski malzemesi<\/td>\n<td width=\"284\">304 Paslanmaz \u00e7elik<\/td>\n<\/tr>\n<tr>\n<td width=\"284\">\u00c7al\u0131\u015fma disk alan\u0131 boyutu<\/td>\n<td width=\"284\">150*150<\/td>\n<\/tr>\n<tr>\n<td width=\"284\">Motor tipi<\/td>\n<td width=\"284\">F\u0131r\u00e7as\u0131z DC motor<\/td>\n<\/tr>\n<tr>\n<td width=\"284\">Zaman kontrol modu<\/td>\n<td width=\"284\">Sol d\u00fc\u011fme kontrol\u00fc<\/td>\n<\/tr>\n<tr>\n<td width=\"284\">H\u0131z kontrol modu<\/td>\n<td width=\"284\">Sa\u011f d\u00fc\u011fme kontrolleri<\/td>\n<\/tr>\n<\/tbody>\n<\/table>\n<h2>Is\u0131tmas\u0131z Tek Kanall\u0131 Manyetik Kar\u0131\u015ft\u0131r\u0131c\u0131<\/h2>\n<table>\n<tbody>\n<tr>\n<td width=\"284\">Besleme gerilimi<\/td>\n<td width=\"284\">AC100-240V<\/td>\n<\/tr>\n<tr>\n<td width=\"284\">G\u00fc\u00e7<\/td>\n<td width=\"284\">45W<\/td>\n<\/tr>\n<tr>\n<td width=\"284\">Ekran Modu<\/td>\n<td width=\"284\">LCD<\/td>\n<\/tr>\n<tr>\n<td width=\"284\">D\u00f6nme H\u0131z\u0131<\/td>\n<td width=\"284\">200-1600<\/td>\n<\/tr>\n<tr>\n<td width=\"284\">H\u0131z kontrol aral\u0131\u011f\u0131<\/td>\n<td width=\"284\">\u00b110rpm<\/td>\n<\/tr>\n<tr>\n<td width=\"284\">Etkili Santrif\u00fcj S\u00fcresi<\/td>\n<td width=\"284\">1-99 saat 59 dakika<\/td>\n<\/tr>\n<tr>\n<td width=\"284\">Maksimum kar\u0131\u015ft\u0131r\u0131c\u0131 kapasitesi<\/td>\n<td width=\"284\">5L<\/td>\n<\/tr>\n<tr>\n<td width=\"284\">\u00c7al\u0131\u015fma diski malzemesi<\/td>\n<td width=\"284\">Kaplamal\u0131 PC, korozyon direnci<\/td>\n<\/tr>\n<tr>\n<td width=\"284\">\u00c7al\u0131\u015fma plakas\u0131 alan boyutu<\/td>\n<td width=\"284\">150*150<\/td>\n<\/tr>\n<tr>\n<td width=\"284\">Motor tipi<\/td>\n<td width=\"284\">F\u0131r\u00e7as\u0131z DC motor<\/td>\n<\/tr>\n<tr>\n<td width=\"284\">Zaman kontrol modu<\/td>\n<td width=\"284\">Sol d\u00fc\u011fme kontrol\u00fc<\/td>\n<\/tr>\n<tr>\n<td width=\"284\">H\u0131z kontrol modu<\/td>\n<td width=\"284\">Sa\u011f d\u00fc\u011fme kontrolleri<\/td>\n<\/tr>\n<\/tbody>\n<\/table>\n<p>&nbsp;<\/p>","protected":false},"excerpt":{"rendered":"<p>Is\u0131tmal\u0131 manyetik kar\u0131\u015ft\u0131r\u0131c\u0131 (\u0131s\u0131tmas\u0131z manyetik kar\u0131\u015ft\u0131r\u0131c\u0131), k\u00fc\u00e7\u00fck, kaplamal\u0131 bir m\u0131knat\u0131s\u0131 (kar\u0131\u015ft\u0131rma \u00e7ubu\u011fu) bir s\u0131v\u0131n\u0131n i\u00e7inde d\u00f6nd\u00fcrmek i\u00e7in d\u00f6nen bir manyetik alan kullanan ve do\u011frudan temas olmadan kar\u0131\u015ft\u0131ran bir laboratuvar cihaz\u0131d\u0131r.<\/p>","protected":false},"featured_media":1763,"template":"","meta":{"_acf_changed":false,"site-sidebar-layout":"default","site-content-layout":"","ast-site-content-layout":"default","site-content-style":"default","site-sidebar-style":"default","ast-global-header-display":"","ast-banner-title-visibility":"","ast-main-header-display":"","ast-hfb-above-header-display":"","ast-hfb-below-header-display":"","ast-hfb-mobile-header-display":"","site-post-title":"","ast-breadcrumbs-content":"","ast-featured-img":"","footer-sml-layout":"","ast-disable-related-posts":"","theme-transparent-header-meta":"default","adv-header-id-meta":"","stick-header-meta":"","header-above-stick-meta":"","header-main-stick-meta":"","header-below-stick-meta":"","astra-migrate-meta-layouts":"set","ast-page-background-enabled":"default","ast-page-background-meta":{"desktop":{"background-color":"var(--ast-global-color-5)","background-image":"","background-repeat":"repeat","background-position":"center center","background-size":"auto","background-attachment":"scroll","background-type":"","background-media":"","overlay-type":"","overlay-color":"","overlay-opacity":"","overlay-gradient":""},"tablet":{"background-color":"","background-image":"","background-repeat":"repeat","background-position":"center center","background-size":"auto","background-attachment":"scroll","background-type":"","background-media":"","overlay-type":"","overlay-color":"","overlay-opacity":"","overlay-gradient":""},"mobile":{"background-color":"","background-image":"","background-repeat":"repeat","background-position":"center center","background-size":"auto","background-attachment":"scroll","background-type":"","background-media":"","overlay-type":"","overlay-color":"","overlay-opacity":"","overlay-gradient":""}},"ast-content-background-meta":{"desktop":{"background-color":"var(--ast-global-color-4)","background-image":"","background-repeat":"repeat","background-position":"center center","background-size":"auto","background-attachment":"scroll","background-type":"","background-media":"","overlay-type":"","overlay-color":"","overlay-opacity":"","overlay-gradient":""},"tablet":{"background-color":"var(--ast-global-color-4)","background-image":"","background-repeat":"repeat","background-position":"center center","background-size":"auto","background-attachment":"scroll","background-type":"","background-media":"","overlay-type":"","overlay-color":"","overlay-opacity":"","overlay-gradient":""},"mobile":{"background-color":"var(--ast-global-color-4)","background-image":"","background-repeat":"repeat","background-position":"center center","background-size":"auto","background-attachment":"scroll","background-type":"","background-media":"","overlay-type":"","overlay-color":"","overlay-opacity":"","overlay-gradient":""}}},"product_brand":[],"product_cat":[70],"product_tag":[],"class_list":{"0":"post-1759","1":"product","2":"type-product","3":"status-publish","4":"has-post-thumbnail","6":"product_cat-magnetic-stirrer-manufacturer","7":"desktop-align-left","8":"tablet-align-left","9":"mobile-align-left","11":"first","12":"instock","13":"shipping-taxable","14":"product-type-simple"},"acf":[],"yoast_head":"<!-- This site is optimized with the Yoast SEO plugin v27.4 - https:\/\/yoast.com\/product\/yoast-seo-wordpress\/ -->\n<title>Heating Magnetic Stirrer, Magnetic Stirrer Without Heating<\/title>\n<meta name=\"description\" content=\"The heating magnetic stirrer (magnetic stirrer without heating) is a lab device that uses a rotating magnetic field to spin a small\" \/>\n<meta name=\"robots\" content=\"index, follow, max-snippet:-1, max-image-preview:large, max-video-preview:-1\" \/>\n<link rel=\"canonical\" href=\"https:\/\/topkeymedical.com\/tr\/urun\/isitmasiz-manyetik-karistirici\/\" \/>\n<meta property=\"og:locale\" content=\"tr_TR\" \/>\n<meta property=\"og:type\" content=\"article\" \/>\n<meta property=\"og:title\" content=\"Heating Magnetic Stirrer, Magnetic Stirrer Without Heating\" \/>\n<meta property=\"og:description\" content=\"The heating magnetic stirrer (magnetic stirrer without heating) is a lab device that uses a rotating magnetic field to spin a small\" \/>\n<meta property=\"og:url\" content=\"https:\/\/topkeymedical.com\/tr\/urun\/isitmasiz-manyetik-karistirici\/\" \/>\n<meta property=\"og:site_name\" content=\"TOPKEY\u2013 Precision in Every Detail, Guardian of Life and Health\" \/>\n<meta property=\"article:publisher\" content=\"https:\/\/www.facebook.com\/profile.php?id=100088897294997\" \/>\n<meta property=\"og:image\" content=\"https:\/\/topkeymedical.com\/wp-content\/uploads\/2025\/12\/Heating-Magnetic-Stirrer-1.webp\" \/>\n\t<meta property=\"og:image:width\" content=\"605\" \/>\n\t<meta property=\"og:image:height\" content=\"605\" \/>\n\t<meta property=\"og:image:type\" content=\"image\/webp\" \/>\n<meta name=\"twitter:card\" content=\"summary_large_image\" \/>\n<meta name=\"twitter:label1\" content=\"Tahmini okuma s\u00fcresi\" \/>\n\t<meta name=\"twitter:data1\" content=\"2 dakika\" \/>\n<script type=\"application\/ld+json\" class=\"yoast-schema-graph\">{\"@context\":\"https:\\\/\\\/schema.org\",\"@graph\":[{\"@type\":\"WebPage\",\"@id\":\"https:\\\/\\\/topkeymedical.com\\\/product\\\/heating-magnetic-stirrer-without-heating\\\/\",\"url\":\"https:\\\/\\\/topkeymedical.com\\\/product\\\/heating-magnetic-stirrer-without-heating\\\/\",\"name\":\"Heating Magnetic Stirrer, Magnetic Stirrer Without Heating\",\"isPartOf\":{\"@id\":\"https:\\\/\\\/topkeymedical.com\\\/#website\"},\"primaryImageOfPage\":{\"@id\":\"https:\\\/\\\/topkeymedical.com\\\/product\\\/heating-magnetic-stirrer-without-heating\\\/#primaryimage\"},\"image\":{\"@id\":\"https:\\\/\\\/topkeymedical.com\\\/product\\\/heating-magnetic-stirrer-without-heating\\\/#primaryimage\"},\"thumbnailUrl\":\"https:\\\/\\\/topkeymedical.com\\\/wp-content\\\/uploads\\\/2025\\\/12\\\/Heating-Magnetic-Stirrer-1.webp\",\"datePublished\":\"2025-12-23T13:17:52+00:00\",\"description\":\"The heating magnetic stirrer (magnetic stirrer without heating) is a lab device that uses a rotating magnetic field to spin a small\",\"breadcrumb\":{\"@id\":\"https:\\\/\\\/topkeymedical.com\\\/product\\\/heating-magnetic-stirrer-without-heating\\\/#breadcrumb\"},\"inLanguage\":\"tr\",\"potentialAction\":[{\"@type\":\"ReadAction\",\"target\":[\"https:\\\/\\\/topkeymedical.com\\\/product\\\/heating-magnetic-stirrer-without-heating\\\/\"]}]},{\"@type\":\"ImageObject\",\"inLanguage\":\"tr\",\"@id\":\"https:\\\/\\\/topkeymedical.com\\\/product\\\/heating-magnetic-stirrer-without-heating\\\/#primaryimage\",\"url\":\"https:\\\/\\\/topkeymedical.com\\\/wp-content\\\/uploads\\\/2025\\\/12\\\/Heating-Magnetic-Stirrer-1.webp\",\"contentUrl\":\"https:\\\/\\\/topkeymedical.com\\\/wp-content\\\/uploads\\\/2025\\\/12\\\/Heating-Magnetic-Stirrer-1.webp\",\"width\":605,\"height\":605,\"caption\":\"Heating Magnetic Stirrer, Magnetic Stirrer Without Heating\"},{\"@type\":\"BreadcrumbList\",\"@id\":\"https:\\\/\\\/topkeymedical.com\\\/product\\\/heating-magnetic-stirrer-without-heating\\\/#breadcrumb\",\"itemListElement\":[{\"@type\":\"ListItem\",\"position\":1,\"name\":\"Home\",\"item\":\"https:\\\/\\\/topkeymedical.com\\\/\"},{\"@type\":\"ListItem\",\"position\":2,\"name\":\"Products\",\"item\":\"https:\\\/\\\/topkeymedical.com\\\/shop\\\/\"},{\"@type\":\"ListItem\",\"position\":3,\"name\":\"Heating Magnetic Stirrer, Magnetic Stirrer Without Heating\"}]},{\"@type\":\"WebSite\",\"@id\":\"https:\\\/\\\/topkeymedical.com\\\/#website\",\"url\":\"https:\\\/\\\/topkeymedical.com\\\/\",\"name\":\"TOPKEY\u2013 Precision in Every Detail, Guardian of Life and Health\",\"description\":\"\",\"publisher\":{\"@id\":\"https:\\\/\\\/topkeymedical.com\\\/#organization\"},\"potentialAction\":[{\"@type\":\"SearchAction\",\"target\":{\"@type\":\"EntryPoint\",\"urlTemplate\":\"https:\\\/\\\/topkeymedical.com\\\/?s={search_term_string}\"},\"query-input\":{\"@type\":\"PropertyValueSpecification\",\"valueRequired\":true,\"valueName\":\"search_term_string\"}}],\"inLanguage\":\"tr\"},{\"@type\":\"Organization\",\"@id\":\"https:\\\/\\\/topkeymedical.com\\\/#organization\",\"name\":\"TOPKEY\u2013 Precision in Every Detail, Guardian of Life and Health\",\"url\":\"https:\\\/\\\/topkeymedical.com\\\/\",\"logo\":{\"@type\":\"ImageObject\",\"inLanguage\":\"tr\",\"@id\":\"https:\\\/\\\/topkeymedical.com\\\/#\\\/schema\\\/logo\\\/image\\\/\",\"url\":\"https:\\\/\\\/topkeymedical.com\\\/wp-content\\\/uploads\\\/2025\\\/05\\\/cropped-logo.jpg\",\"contentUrl\":\"https:\\\/\\\/topkeymedical.com\\\/wp-content\\\/uploads\\\/2025\\\/05\\\/cropped-logo.jpg\",\"width\":512,\"height\":512,\"caption\":\"TOPKEY\u2013 Precision in Every Detail, Guardian of Life and Health\"},\"image\":{\"@id\":\"https:\\\/\\\/topkeymedical.com\\\/#\\\/schema\\\/logo\\\/image\\\/\"},\"sameAs\":[\"https:\\\/\\\/www.facebook.com\\\/profile.php?id=100088897294997\",\"https:\\\/\\\/www.youtube.com\\\/@TopkeyMedical-Alice888\",\"https:\\\/\\\/www.linkedin.com\\\/in\\\/alice-hu-bb66a01b3\\\/\"]}]}<\/script>\n<!-- \/ Yoast SEO plugin. -->","yoast_head_json":{"title":"Is\u0131tmal\u0131 Manyetik Kar\u0131\u015ft\u0131r\u0131c\u0131, Is\u0131tmas\u0131z Manyetik Kar\u0131\u015ft\u0131r\u0131c\u0131","description":"Is\u0131tmal\u0131 manyetik kar\u0131\u015ft\u0131r\u0131c\u0131 (\u0131s\u0131tmas\u0131z manyetik kar\u0131\u015ft\u0131r\u0131c\u0131), k\u00fc\u00e7\u00fck bir manyetik alan\u0131 d\u00f6nd\u00fcrmek i\u00e7in d\u00f6nen bir manyetik alan kullanan bir laboratuvar cihaz\u0131d\u0131r.","robots":{"index":"index","follow":"follow","max-snippet":"max-snippet:-1","max-image-preview":"max-image-preview:large","max-video-preview":"max-video-preview:-1"},"canonical":"https:\/\/topkeymedical.com\/tr\/urun\/isitmasiz-manyetik-karistirici\/","og_locale":"tr_TR","og_type":"article","og_title":"Heating Magnetic Stirrer, Magnetic Stirrer Without Heating","og_description":"The heating magnetic stirrer (magnetic stirrer without heating) is a lab device that uses a rotating magnetic field to spin a small","og_url":"https:\/\/topkeymedical.com\/tr\/urun\/isitmasiz-manyetik-karistirici\/","og_site_name":"TOPKEY\u2013 Precision in Every Detail, Guardian of Life and Health","article_publisher":"https:\/\/www.facebook.com\/profile.php?id=100088897294997","og_image":[{"width":605,"height":605,"url":"https:\/\/topkeymedical.com\/wp-content\/uploads\/2025\/12\/Heating-Magnetic-Stirrer-1.webp","type":"image\/webp"}],"twitter_card":"summary_large_image","twitter_misc":{"Tahmini okuma s\u00fcresi":"2 dakika"},"schema":{"@context":"https:\/\/schema.org","@graph":[{"@type":"WebPage","@id":"https:\/\/topkeymedical.com\/product\/heating-magnetic-stirrer-without-heating\/","url":"https:\/\/topkeymedical.com\/product\/heating-magnetic-stirrer-without-heating\/","name":"Is\u0131tmal\u0131 Manyetik Kar\u0131\u015ft\u0131r\u0131c\u0131, Is\u0131tmas\u0131z Manyetik Kar\u0131\u015ft\u0131r\u0131c\u0131","isPartOf":{"@id":"https:\/\/topkeymedical.com\/#website"},"primaryImageOfPage":{"@id":"https:\/\/topkeymedical.com\/product\/heating-magnetic-stirrer-without-heating\/#primaryimage"},"image":{"@id":"https:\/\/topkeymedical.com\/product\/heating-magnetic-stirrer-without-heating\/#primaryimage"},"thumbnailUrl":"https:\/\/topkeymedical.com\/wp-content\/uploads\/2025\/12\/Heating-Magnetic-Stirrer-1.webp","datePublished":"2025-12-23T13:17:52+00:00","description":"Is\u0131tmal\u0131 manyetik kar\u0131\u015ft\u0131r\u0131c\u0131 (\u0131s\u0131tmas\u0131z manyetik kar\u0131\u015ft\u0131r\u0131c\u0131), k\u00fc\u00e7\u00fck bir manyetik alan\u0131 d\u00f6nd\u00fcrmek i\u00e7in d\u00f6nen bir manyetik alan kullanan bir laboratuvar cihaz\u0131d\u0131r.","breadcrumb":{"@id":"https:\/\/topkeymedical.com\/product\/heating-magnetic-stirrer-without-heating\/#breadcrumb"},"inLanguage":"tr","potentialAction":[{"@type":"ReadAction","target":["https:\/\/topkeymedical.com\/product\/heating-magnetic-stirrer-without-heating\/"]}]},{"@type":"ImageObject","inLanguage":"tr","@id":"https:\/\/topkeymedical.com\/product\/heating-magnetic-stirrer-without-heating\/#primaryimage","url":"https:\/\/topkeymedical.com\/wp-content\/uploads\/2025\/12\/Heating-Magnetic-Stirrer-1.webp","contentUrl":"https:\/\/topkeymedical.com\/wp-content\/uploads\/2025\/12\/Heating-Magnetic-Stirrer-1.webp","width":605,"height":605,"caption":"Heating Magnetic Stirrer, Magnetic Stirrer Without Heating"},{"@type":"BreadcrumbList","@id":"https:\/\/topkeymedical.com\/product\/heating-magnetic-stirrer-without-heating\/#breadcrumb","itemListElement":[{"@type":"ListItem","position":1,"name":"Home","item":"https:\/\/topkeymedical.com\/"},{"@type":"ListItem","position":2,"name":"Products","item":"https:\/\/topkeymedical.com\/shop\/"},{"@type":"ListItem","position":3,"name":"Heating Magnetic Stirrer, Magnetic Stirrer Without Heating"}]},{"@type":"WebSite","@id":"https:\/\/topkeymedical.com\/#website","url":"https:\/\/topkeymedical.com\/","name":"TOPKEY- Her Ayr\u0131nt\u0131da Hassasiyet, Ya\u015fam ve Sa\u011fl\u0131\u011f\u0131n Koruyucusu","description":"","publisher":{"@id":"https:\/\/topkeymedical.com\/#organization"},"potentialAction":[{"@type":"SearchAction","target":{"@type":"EntryPoint","urlTemplate":"https:\/\/topkeymedical.com\/?s={search_term_string}"},"query-input":{"@type":"PropertyValueSpecification","valueRequired":true,"valueName":"search_term_string"}}],"inLanguage":"tr"},{"@type":"Organization","@id":"https:\/\/topkeymedical.com\/#organization","name":"TOPKEY- Her Ayr\u0131nt\u0131da Hassasiyet, Ya\u015fam ve Sa\u011fl\u0131\u011f\u0131n Koruyucusu","url":"https:\/\/topkeymedical.com\/","logo":{"@type":"ImageObject","inLanguage":"tr","@id":"https:\/\/topkeymedical.com\/#\/schema\/logo\/image\/","url":"https:\/\/topkeymedical.com\/wp-content\/uploads\/2025\/05\/cropped-logo.jpg","contentUrl":"https:\/\/topkeymedical.com\/wp-content\/uploads\/2025\/05\/cropped-logo.jpg","width":512,"height":512,"caption":"TOPKEY\u2013 Precision in Every Detail, Guardian of Life and Health"},"image":{"@id":"https:\/\/topkeymedical.com\/#\/schema\/logo\/image\/"},"sameAs":["https:\/\/www.facebook.com\/profile.php?id=100088897294997","https:\/\/www.youtube.com\/@TopkeyMedical-Alice888","https:\/\/www.linkedin.com\/in\/alice-hu-bb66a01b3\/"]}]}},"_links":{"self":[{"href":"https:\/\/topkeymedical.com\/tr\/wp-json\/wp\/v2\/product\/1759","targetHints":{"allow":["GET"]}}],"collection":[{"href":"https:\/\/topkeymedical.com\/tr\/wp-json\/wp\/v2\/product"}],"about":[{"href":"https:\/\/topkeymedical.com\/tr\/wp-json\/wp\/v2\/types\/product"}],"version-history":[{"count":1,"href":"https:\/\/topkeymedical.com\/tr\/wp-json\/wp\/v2\/product\/1759\/revisions"}],"predecessor-version":[{"id":1764,"href":"https:\/\/topkeymedical.com\/tr\/wp-json\/wp\/v2\/product\/1759\/revisions\/1764"}],"wp:featuredmedia":[{"embeddable":true,"href":"https:\/\/topkeymedical.com\/tr\/wp-json\/wp\/v2\/media\/1763"}],"wp:attachment":[{"href":"https:\/\/topkeymedical.com\/tr\/wp-json\/wp\/v2\/media?parent=1759"}],"wp:term":[{"taxonomy":"product_brand","embeddable":true,"href":"https:\/\/topkeymedical.com\/tr\/wp-json\/wp\/v2\/product_brand?post=1759"},{"taxonomy":"product_cat","embeddable":true,"href":"https:\/\/topkeymedical.com\/tr\/wp-json\/wp\/v2\/product_cat?post=1759"},{"taxonomy":"product_tag","embeddable":true,"href":"https:\/\/topkeymedical.com\/tr\/wp-json\/wp\/v2\/product_tag?post=1759"}],"curies":[{"name":"wp","href":"https:\/\/api.w.org\/{rel}","templated":true}]}}