{"id":1809,"date":"2026-01-06T07:38:15","date_gmt":"2026-01-06T07:38:15","guid":{"rendered":"https:\/\/topkeymedical.com\/?post_type=product&#038;p=1809"},"modified":"2026-01-06T07:38:15","modified_gmt":"2026-01-06T07:38:15","slug":"hucre-sayim-odasi-lamlari","status":"publish","type":"product","link":"https:\/\/topkeymedical.com\/tr\/urun\/hucre-sayim-odasi-lamlari\/","title":{"rendered":"H\u00fccre Sayma Odas\u0131 Slaytlar\u0131, Kan h\u00fccresi sayma odas\u0131"},"content":{"rendered":"<p>Genellikle kan h\u00fccresi say\u0131m haznesi olarak adland\u0131r\u0131lan bu hassas m\u00fchendislik \u00fcr\u00fcn\u00fc cam lam, modas\u0131 ge\u00e7mi\u015f olmaktan \u00e7ok uzakt\u0131r.<\/p>\n<p>Devam eden yayg\u0131nl\u0131\u011f\u0131, sofistike, pahal\u0131 makinelerin tam olarak kopyalayamayaca\u011f\u0131 benzersiz bir dizi avantaj\u0131n kan\u0131t\u0131d\u0131r.<\/p>\n<p>Ara\u015ft\u0131rmac\u0131lar, klinisyenler ve \u00f6\u011frenciler i\u00e7in h\u00fccre say\u0131m odas\u0131, do\u011frudan g\u00f6rselle\u015ftirme, eri\u015filebilirlik ve g\u00fcvenilirli\u011fin bir kombinasyonunu sa\u011flayarak kantitatif h\u00fccre biyolojisindeki hayati rol\u00fcn\u00fc g\u00fcvence alt\u0131na al\u0131r.<\/p>\n<p>H\u00fccre say\u0131m odas\u0131 kullanman\u0131n en \u00f6nemli avantaj\u0131, do\u011frudan, g\u00f6rsel onay sa\u011flamas\u0131d\u0131r.<\/p>\n<p>\u201cKara kutu\u201d olarak \u00e7al\u0131\u015fan ve \u00f6rnekleri kullan\u0131c\u0131 g\u00f6zetimi olmadan i\u015fleyen otomatik sistemlerin aksine, hemositometre bilim insan\u0131n\u0131n h\u00fccreleri do\u011frudan mikroskop alt\u0131nda g\u00f6zlemlemesine olanak tan\u0131r.<\/p>\n<p>Bu, nicel verilerin yan\u0131 s\u0131ra ele\u015ftirel nitel de\u011ferlendirmeyi de m\u00fcmk\u00fcn k\u0131lar.<\/p>\n<p>Ara\u015ft\u0131rmac\u0131, tripan mavisi d\u0131\u015flama yoluyla h\u00fccre canl\u0131l\u0131\u011f\u0131n\u0131 hemen belirleyebilir, say\u0131mlar\u0131 \u00e7arp\u0131tabilecek k\u00fcmelerin veya d\u00f6k\u00fcnt\u00fclerin varl\u0131\u011f\u0131n\u0131 tespit edebilir ve k\u00fclt\u00fcr\u00fcn genel sa\u011fl\u0131\u011f\u0131n\u0131 ve morfolojisini g\u00f6zlemleyebilir.<\/p>\n<p>Numune ile bu uygulamal\u0131 etkile\u015fim, yeri doldurulamaz bir kalite kontrol katman\u0131 sa\u011flayarak say\u0131lan say\u0131lar\u0131n biyolojik olarak anlaml\u0131 olmas\u0131n\u0131 sa\u011flar.<\/p>\n<p>Ayr\u0131ca, h\u00fccre say\u0131m odas\u0131 eri\u015filebilirli\u011fi ve maliyet etkinli\u011fi a\u00e7\u0131s\u0131ndan benzersizdir.<\/p>\n<p>Y\u00fcksek kaliteli bir hemositometre, \u00e7al\u0131\u015ft\u0131rmak i\u00e7in yaln\u0131zca standart bir laboratuvar mikroskobu gerektiren tek seferlik bir yat\u0131r\u0131md\u0131r.<\/p>\n<p>Bu, b\u00fct\u00e7e k\u0131s\u0131tlamalar\u0131na bak\u0131lmaks\u0131z\u0131n, hassas h\u00fccresel miktar tayinini neredeyse t\u00fcm laboratuvarlar\u0131n eri\u015fimine sunar.<\/p>\n<p>Pahal\u0131 hizmet s\u00f6zle\u015fmeleri, tescilli reaktifler veya yaz\u0131l\u0131m lisans \u00fccretleri yoktur.<\/p>\n<p>Bu d\u00fc\u015f\u00fck giri\u015f engeli, h\u00fccre say\u0131m odas\u0131n\u0131 kaynaklar\u0131n s\u0131n\u0131rl\u0131 oldu\u011fu e\u011fitim laboratuvarlar\u0131, saha klinikleri ve ba\u015flang\u0131\u00e7 ara\u015ft\u0131rma tesislerinde temel bir ara\u00e7 haline getirmektedir.<\/p>\n<p>Basitli\u011fi, hayati \u00e7al\u0131\u015fmalar\u0131n karma\u015f\u0131k enstr\u00fcmantasyona ba\u011f\u0131ml\u0131 olmadan devam edebilmesini sa\u011flar.<\/p>\n<h2>H\u00fccre sayma odas\u0131 slayt verimlilik diyagram\u0131:<\/h2>\n<p><img fetchpriority=\"high\" decoding=\"async\" class=\"wp-image-1810 size-full alignnone\" src=\"https:\/\/topkeymedical.com\/wp-content\/uploads\/2026\/01\/Cell-counting-chamber-slide-efficiency-diagram.png\" alt=\"H\u00fccre sayma odas\u0131 slayt verimlilik diyagram\u0131:\" width=\"644\" height=\"219\" srcset=\"https:\/\/topkeymedical.com\/wp-content\/uploads\/2026\/01\/Cell-counting-chamber-slide-efficiency-diagram.png 644w, https:\/\/topkeymedical.com\/wp-content\/uploads\/2026\/01\/Cell-counting-chamber-slide-efficiency-diagram-300x102.png 300w, https:\/\/topkeymedical.com\/wp-content\/uploads\/2026\/01\/Cell-counting-chamber-slide-efficiency-diagram-18x6.png 18w, https:\/\/topkeymedical.com\/wp-content\/uploads\/2026\/01\/Cell-counting-chamber-slide-efficiency-diagram-600x204.png 600w\" sizes=\"(max-width: 644px) 100vw, 644px\" \/><\/p>\n<h2>\u00dcr\u00fcn \u00d6zellikleri:<\/h2>\n<table>\n<tbody>\n<tr>\n<td width=\"117\">\u00dcr\u00fcn ad\u0131<\/td>\n<td colspan=\"5\" width=\"450\">Koyu \u00c7izgi H\u00fccre Say\u0131m Odas\u0131 Slaytlar\u0131<\/td>\n<\/tr>\n<tr>\n<td width=\"117\">\u00dcr\u00fcn numaras\u0131<\/td>\n<td colspan=\"5\" width=\"450\">XB-K-25Pro<\/td>\n<\/tr>\n<tr>\n<td width=\"117\">Yap\u0131sal<\/p>\n<p>Kompozisyon<\/td>\n<td colspan=\"5\" width=\"450\">Parlak \u00e7izgi hesaplama alan\u0131 merkezde yer al\u0131r ve her bir hesaplama paneli i\u00e7in parlak \u00e7izgilerle g\u00f6sterilen, 0,1 mm derinli\u011fe ve h\u00fccre ba\u015f\u0131na 0,0025 mm2 alana sahip 2 hesaplama alan\u0131 vard\u0131r<\/td>\n<\/tr>\n<tr>\n<td width=\"117\">\u00dcr\u00fcn \u00f6zelli\u011fi<\/td>\n<td colspan=\"5\" width=\"450\">Net ve okunmas\u0131 kolay \\ Do\u011fru sayma \\ Tekrarlanan ay\u0131rma \u00e7izgilerinden sonra bile g\u00f6z yorgunlu\u011funu hafifletir. Durulama hala berrakt\u0131r, uzun s\u00fcreli kullan\u0131m i\u00e7in dayan\u0131kl\u0131l\u0131\u011f\u0131n\u0131 ve do\u011frulu\u011funu garanti eder<\/td>\n<\/tr>\n<tr>\n<td width=\"117\">Uygulama<\/td>\n<td colspan=\"5\" width=\"450\">K\u0131rm\u0131z\u0131 ve beyaz kan h\u00fccrelerinin ve trombositlerin kan analizi de h\u00fccrelere uygulanabilir, Bakteriler, mantar sporlar\u0131, polenler vb. mikroskop alt\u0131nda partik\u00fcller olarak say\u0131ld\u0131.<\/td>\n<\/tr>\n<tr>\n<td colspan=\"2\" width=\"149\">\u00dcr\u00fcn ad\u0131<\/td>\n<td width=\"104\">Tip<\/p>\n<p>&nbsp;<\/td>\n<td width=\"86\">uzunluk (mm)<\/td>\n<td width=\"113\">geni\u015flik (mm)<\/td>\n<td width=\"113\">kal\u0131nl\u0131k (mm)<\/td>\n<\/tr>\n<tr>\n<td colspan=\"2\" width=\"149\">Koyu \u00e7izgi h\u00fccre say\u0131m\u0131<\/p>\n<p>oda slaytlar\u0131<\/td>\n<td width=\"104\">Neubauer<\/p>\n<p>geli\u015ftirilmi\u015f<\/p>\n<p>oda<\/td>\n<td width=\"86\">75.6<\/td>\n<td width=\"113\">32.6<\/td>\n<td width=\"113\">4.5<\/td>\n<\/tr>\n<\/tbody>\n<\/table>\n<table>\n<tbody>\n<tr>\n<td width=\"117\">\u00dcr\u00fcn ad\u0131<\/td>\n<td colspan=\"6\" width=\"450\">D\u00fcz H\u00fccre Say\u0131m Odas\u0131 Slaytlar\u0131<\/td>\n<\/tr>\n<tr>\n<td width=\"117\">\u00dcr\u00fcn numaras\u0131<\/td>\n<td colspan=\"6\" width=\"450\">XB-K-25<\/td>\n<\/tr>\n<tr>\n<td width=\"117\">Yap\u0131sal<\/p>\n<p>Kompozisyon<\/td>\n<td colspan=\"6\" width=\"450\">Cam, organik cam veya polikarbonattan yap\u0131lm\u0131\u015ft\u0131r,<\/p>\n<p>Hassas bir \u00f6l\u00e7ek i\u015fareti vard\u0131r<\/td>\n<\/tr>\n<tr>\n<td width=\"117\">\u00dcr\u00fcn \u00f6zelli\u011fi<\/td>\n<td colspan=\"6\" width=\"450\">Net grav\u00fcr, iyi g\u00f6r\u00fcn\u00fcrl\u00fck, iyi i\u015f\u00e7ilik,<\/p>\n<p>iyi ge\u00e7irgenlik, do\u011fru veriler, H \u015feklinde oluk<\/td>\n<\/tr>\n<tr>\n<td width=\"117\">Uygulama<\/td>\n<td colspan=\"6\" width=\"450\">kan ve v\u00fccut s\u0131v\u0131s\u0131 \u00f6rneklerinde g\u00f6r\u00fcn\u00fcr bile\u015fenlerin klinik say\u0131m\u0131<\/td>\n<\/tr>\n<tr>\n<td colspan=\"2\" width=\"132\">\u00dcr\u00fcn ad\u0131<\/td>\n<td colspan=\"2\" width=\"121\">Tip<\/p>\n<p>&nbsp;<\/td>\n<td width=\"86\">uzunluk (mm)<\/td>\n<td width=\"113\">geni\u015flik (mm)<\/td>\n<td width=\"113\">kal\u0131nl\u0131k (mm)<\/td>\n<\/tr>\n<tr>\n<td colspan=\"3\" width=\"149\">H\u00fccre say\u0131m\u0131<\/p>\n<p>oda slaytlar\u0131<\/td>\n<td width=\"104\">Neubauer<\/p>\n<p>25x16 tip<\/td>\n<td width=\"86\">74<\/td>\n<td width=\"113\">34<\/td>\n<td width=\"113\">5<\/td>\n<\/tr>\n<\/tbody>\n<\/table>\n<table>\n<tbody>\n<tr>\n<td width=\"90\">\u00dcr\u00fcn ad\u0131<\/td>\n<td colspan=\"5\" width=\"477\">Parlak \u00c7izgi H\u00fccre Say\u0131m Odas\u0131 Slaytlar\u0131<\/td>\n<\/tr>\n<tr>\n<td width=\"90\">\u00dcr\u00fcn numaras\u0131<\/td>\n<td colspan=\"5\" width=\"477\">XB-K-25Plus<\/td>\n<\/tr>\n<tr>\n<td width=\"90\">Yap\u0131sal<\/p>\n<p>Kompozisyon<\/td>\n<td colspan=\"5\" width=\"477\">Parlak \u00e7izgi hesaplama alan\u0131 merkezde yer al\u0131r ve her hesaplama paneli i\u00e7in 2 hesaplama alan\u0131 vard\u0131r<\/p>\n<p>\u00c7izgi karakterizasyonu 0,1 mm derinlik ve h\u00fccre ba\u015f\u0131na 0,0025 mm2 alan ile ger\u00e7ekle\u015ftirilmi\u015ftir.<\/td>\n<\/tr>\n<tr>\n<td width=\"90\">\u00dcr\u00fcn \u00f6zelli\u011fi<\/td>\n<td colspan=\"5\" width=\"477\">Metal g\u00fcm\u00fc\u015f taban, net kesim \u00e7izgisi g\u00f6r\u00fcn\u00fcrl\u00fc\u011f\u00fc iyi i\u015f\u00e7ilik<\/p>\n<p>\u0130yi yar\u0131 saydaml\u0131k, hassas veriler, H-\u015fekilli oluk, \u00f6zel y\u00fczey i\u015fleme ve parlatma.<\/td>\n<\/tr>\n<tr>\n<td width=\"90\">Uygulama<\/td>\n<td colspan=\"5\" width=\"477\">K\u0131rm\u0131z\u0131 ve beyaz kan h\u00fccreleri ve trombositlerin kan analizi de h\u00fccrelere uygulanabilir,<\/p>\n<p>Bakteriler, mantar sporlar\u0131, polenler vb. mikroskop alt\u0131nda partik\u00fcl olarak say\u0131lm\u0131\u015ft\u0131r.<\/td>\n<\/tr>\n<tr>\n<td colspan=\"2\" width=\"141\">\u00dcr\u00fcn ad\u0131<\/td>\n<td width=\"95\">Tip<\/td>\n<td width=\"117\">uzunluk (mm)<\/td>\n<td width=\"100\">geni\u015flik (mm)<\/td>\n<td width=\"113\">kal\u0131nl\u0131k (mm)<\/td>\n<\/tr>\n<tr>\n<td colspan=\"2\" width=\"141\">Parlak \u00e7izgili h\u00fccre<\/p>\n<p>say\u0131m odas\u0131<\/p>\n<p>slaytlar<\/td>\n<td width=\"95\">Neubauer<\/p>\n<p>geli\u015ftirilmi\u015f<\/p>\n<p>oda<\/td>\n<td width=\"117\">75<\/td>\n<td width=\"100\">33<\/td>\n<td width=\"113\">4<\/p>\n<p>&nbsp;<\/td>\n<\/tr>\n<\/tbody>\n<\/table>\n<p>\u0130pu\u00e7lar\u0131: Yukar\u0131daki veriler manuel \u00f6l\u00e7\u00fcmlerdir; hata varsa l\u00fctfen malzemeyi kontrol edin.<\/p>","protected":false},"excerpt":{"rendered":"<p>Y\u00fcksek verimli ak\u0131\u015f sitometreleri ve otomatik g\u00f6r\u00fcnt\u00fc analiz sistemlerinin hakim oldu\u011fu bir \u00e7a\u011fda, m\u00fctevaz\u0131 h\u00fccre sayma kamaralar\u0131 d\u00fcnya \u00e7ap\u0131nda biyolojik ve t\u0131bbi laboratuvarlarda vazge\u00e7ilmez bir ara\u00e7 olmaya devam etmektedir.<\/p>","protected":false},"featured_media":1805,"template":"","meta":{"_acf_changed":false,"site-sidebar-layout":"default","site-content-layout":"","ast-site-content-layout":"default","site-content-style":"default","site-sidebar-style":"default","ast-global-header-display":"","ast-banner-title-visibility":"","ast-main-header-display":"","ast-hfb-above-header-display":"","ast-hfb-below-header-display":"","ast-hfb-mobile-header-display":"","site-post-title":"","ast-breadcrumbs-content":"","ast-featured-img":"","footer-sml-layout":"","ast-disable-related-posts":"","theme-transparent-header-meta":"default","adv-header-id-meta":"","stick-header-meta":"","header-above-stick-meta":"","header-main-stick-meta":"","header-below-stick-meta":"","astra-migrate-meta-layouts":"set","ast-page-background-enabled":"default","ast-page-background-meta":{"desktop":{"background-color":"var(--ast-global-color-5)","background-image":"","background-repeat":"repeat","background-position":"center center","background-size":"auto","background-attachment":"scroll","background-type":"","background-media":"","overlay-type":"","overlay-color":"","overlay-opacity":"","overlay-gradient":""},"tablet":{"background-color":"","background-image":"","background-repeat":"repeat","background-position":"center center","background-size":"auto","background-attachment":"scroll","background-type":"","background-media":"","overlay-type":"","overlay-color":"","overlay-opacity":"","overlay-gradient":""},"mobile":{"background-color":"","background-image":"","background-repeat":"repeat","background-position":"center center","background-size":"auto","background-attachment":"scroll","background-type":"","background-media":"","overlay-type":"","overlay-color":"","overlay-opacity":"","overlay-gradient":""}},"ast-content-background-meta":{"desktop":{"background-color":"var(--ast-global-color-4)","background-image":"","background-repeat":"repeat","background-position":"center center","background-size":"auto","background-attachment":"scroll","background-type":"","background-media":"","overlay-type":"","overlay-color":"","overlay-opacity":"","overlay-gradient":""},"tablet":{"background-color":"var(--ast-global-color-4)","background-image":"","background-repeat":"repeat","background-position":"center center","background-size":"auto","background-attachment":"scroll","background-type":"","background-media":"","overlay-type":"","overlay-color":"","overlay-opacity":"","overlay-gradient":""},"mobile":{"background-color":"var(--ast-global-color-4)","background-image":"","background-repeat":"repeat","background-position":"center center","background-size":"auto","background-attachment":"scroll","background-type":"","background-media":"","overlay-type":"","overlay-color":"","overlay-opacity":"","overlay-gradient":""}}},"product_brand":[],"product_cat":[67],"product_tag":[],"class_list":{"0":"post-1809","1":"product","2":"type-product","3":"status-publish","4":"has-post-thumbnail","6":"product_cat-laboratory-consumables","7":"desktop-align-left","8":"tablet-align-left","9":"mobile-align-left","11":"first","12":"instock","13":"shipping-taxable","14":"product-type-simple"},"acf":[],"yoast_head":"<!-- This site is optimized with the Yoast SEO plugin v27.4 - https:\/\/yoast.com\/product\/yoast-seo-wordpress\/ -->\n<title>Cell Counting Chamber Slides, Blood cell counting chamber<\/title>\n<meta name=\"description\" content=\"In an era dominated by high-throughput flow cytometers, the humble cell counting chamber slides\u00a0remain an indispensable tool in biological\" \/>\n<meta name=\"robots\" content=\"index, follow, max-snippet:-1, max-image-preview:large, max-video-preview:-1\" \/>\n<link rel=\"canonical\" href=\"https:\/\/topkeymedical.com\/tr\/urun\/hucre-sayim-odasi-lamlari\/\" \/>\n<meta property=\"og:locale\" content=\"tr_TR\" \/>\n<meta property=\"og:type\" content=\"article\" \/>\n<meta property=\"og:title\" content=\"Cell Counting Chamber Slides, Blood cell counting chamber\" \/>\n<meta property=\"og:description\" content=\"In an era dominated by high-throughput flow cytometers, the humble cell counting chamber slides\u00a0remain an indispensable tool in biological\" \/>\n<meta property=\"og:url\" content=\"https:\/\/topkeymedical.com\/tr\/urun\/hucre-sayim-odasi-lamlari\/\" \/>\n<meta property=\"og:site_name\" content=\"TOPKEY\u2013 Precision in Every Detail, Guardian of Life and Health\" \/>\n<meta property=\"article:publisher\" content=\"https:\/\/www.facebook.com\/profile.php?id=100088897294997\" \/>\n<meta property=\"og:image\" content=\"https:\/\/topkeymedical.com\/wp-content\/uploads\/2026\/01\/Cell-Counting-Chamber-Slides-1.webp\" \/>\n\t<meta property=\"og:image:width\" content=\"500\" \/>\n\t<meta property=\"og:image:height\" content=\"500\" \/>\n\t<meta property=\"og:image:type\" content=\"image\/webp\" \/>\n<meta name=\"twitter:card\" content=\"summary_large_image\" \/>\n<meta name=\"twitter:label1\" content=\"Tahmini okuma s\u00fcresi\" \/>\n\t<meta name=\"twitter:data1\" content=\"4 dakika\" \/>\n<script type=\"application\/ld+json\" class=\"yoast-schema-graph\">{\"@context\":\"https:\\\/\\\/schema.org\",\"@graph\":[{\"@type\":\"WebPage\",\"@id\":\"https:\\\/\\\/topkeymedical.com\\\/product\\\/cell-counting-chamber-slides\\\/\",\"url\":\"https:\\\/\\\/topkeymedical.com\\\/product\\\/cell-counting-chamber-slides\\\/\",\"name\":\"Cell Counting Chamber Slides, Blood cell counting chamber\",\"isPartOf\":{\"@id\":\"https:\\\/\\\/topkeymedical.com\\\/#website\"},\"primaryImageOfPage\":{\"@id\":\"https:\\\/\\\/topkeymedical.com\\\/product\\\/cell-counting-chamber-slides\\\/#primaryimage\"},\"image\":{\"@id\":\"https:\\\/\\\/topkeymedical.com\\\/product\\\/cell-counting-chamber-slides\\\/#primaryimage\"},\"thumbnailUrl\":\"https:\\\/\\\/topkeymedical.com\\\/wp-content\\\/uploads\\\/2026\\\/01\\\/Cell-Counting-Chamber-Slides-1.webp\",\"datePublished\":\"2026-01-06T07:38:15+00:00\",\"description\":\"In an era dominated by high-throughput flow cytometers, the humble cell counting chamber slides\u00a0remain an indispensable tool in biological\",\"breadcrumb\":{\"@id\":\"https:\\\/\\\/topkeymedical.com\\\/product\\\/cell-counting-chamber-slides\\\/#breadcrumb\"},\"inLanguage\":\"tr\",\"potentialAction\":[{\"@type\":\"ReadAction\",\"target\":[\"https:\\\/\\\/topkeymedical.com\\\/product\\\/cell-counting-chamber-slides\\\/\"]}]},{\"@type\":\"ImageObject\",\"inLanguage\":\"tr\",\"@id\":\"https:\\\/\\\/topkeymedical.com\\\/product\\\/cell-counting-chamber-slides\\\/#primaryimage\",\"url\":\"https:\\\/\\\/topkeymedical.com\\\/wp-content\\\/uploads\\\/2026\\\/01\\\/Cell-Counting-Chamber-Slides-1.webp\",\"contentUrl\":\"https:\\\/\\\/topkeymedical.com\\\/wp-content\\\/uploads\\\/2026\\\/01\\\/Cell-Counting-Chamber-Slides-1.webp\",\"width\":500,\"height\":500,\"caption\":\"Cell Counting Chamber Slides, Blood cell counting chamber\"},{\"@type\":\"BreadcrumbList\",\"@id\":\"https:\\\/\\\/topkeymedical.com\\\/product\\\/cell-counting-chamber-slides\\\/#breadcrumb\",\"itemListElement\":[{\"@type\":\"ListItem\",\"position\":1,\"name\":\"Home\",\"item\":\"https:\\\/\\\/topkeymedical.com\\\/\"},{\"@type\":\"ListItem\",\"position\":2,\"name\":\"Products\",\"item\":\"https:\\\/\\\/topkeymedical.com\\\/shop\\\/\"},{\"@type\":\"ListItem\",\"position\":3,\"name\":\"Cell Counting Chamber Slides, Blood cell counting chamber\"}]},{\"@type\":\"WebSite\",\"@id\":\"https:\\\/\\\/topkeymedical.com\\\/#website\",\"url\":\"https:\\\/\\\/topkeymedical.com\\\/\",\"name\":\"TOPKEY\u2013 Precision in Every Detail, Guardian of Life and Health\",\"description\":\"\",\"publisher\":{\"@id\":\"https:\\\/\\\/topkeymedical.com\\\/#organization\"},\"potentialAction\":[{\"@type\":\"SearchAction\",\"target\":{\"@type\":\"EntryPoint\",\"urlTemplate\":\"https:\\\/\\\/topkeymedical.com\\\/?s={search_term_string}\"},\"query-input\":{\"@type\":\"PropertyValueSpecification\",\"valueRequired\":true,\"valueName\":\"search_term_string\"}}],\"inLanguage\":\"tr\"},{\"@type\":\"Organization\",\"@id\":\"https:\\\/\\\/topkeymedical.com\\\/#organization\",\"name\":\"TOPKEY\u2013 Precision in Every Detail, Guardian of Life and Health\",\"url\":\"https:\\\/\\\/topkeymedical.com\\\/\",\"logo\":{\"@type\":\"ImageObject\",\"inLanguage\":\"tr\",\"@id\":\"https:\\\/\\\/topkeymedical.com\\\/#\\\/schema\\\/logo\\\/image\\\/\",\"url\":\"https:\\\/\\\/topkeymedical.com\\\/wp-content\\\/uploads\\\/2025\\\/05\\\/cropped-logo.jpg\",\"contentUrl\":\"https:\\\/\\\/topkeymedical.com\\\/wp-content\\\/uploads\\\/2025\\\/05\\\/cropped-logo.jpg\",\"width\":512,\"height\":512,\"caption\":\"TOPKEY\u2013 Precision in Every Detail, Guardian of Life and Health\"},\"image\":{\"@id\":\"https:\\\/\\\/topkeymedical.com\\\/#\\\/schema\\\/logo\\\/image\\\/\"},\"sameAs\":[\"https:\\\/\\\/www.facebook.com\\\/profile.php?id=100088897294997\",\"https:\\\/\\\/www.youtube.com\\\/@TopkeyMedical-Alice888\",\"https:\\\/\\\/www.linkedin.com\\\/in\\\/alice-hu-bb66a01b3\\\/\"]}]}<\/script>\n<!-- \/ Yoast SEO plugin. -->","yoast_head_json":{"title":"H\u00fccre Sayma Odas\u0131 Slaytlar\u0131, Kan h\u00fccresi sayma odas\u0131","description":"Y\u00fcksek verimli ak\u0131\u015f sitometrelerinin hakim oldu\u011fu bir \u00e7a\u011fda, m\u00fctevaz\u0131 h\u00fccre sayma kamaralar\u0131 biyolojik \u00e7al\u0131\u015fmalarda vazge\u00e7ilmez bir ara\u00e7 olmaya devam ediyor.","robots":{"index":"index","follow":"follow","max-snippet":"max-snippet:-1","max-image-preview":"max-image-preview:large","max-video-preview":"max-video-preview:-1"},"canonical":"https:\/\/topkeymedical.com\/tr\/urun\/hucre-sayim-odasi-lamlari\/","og_locale":"tr_TR","og_type":"article","og_title":"Cell Counting Chamber Slides, Blood cell counting chamber","og_description":"In an era dominated by high-throughput flow cytometers, the humble cell counting chamber slides\u00a0remain an indispensable tool in biological","og_url":"https:\/\/topkeymedical.com\/tr\/urun\/hucre-sayim-odasi-lamlari\/","og_site_name":"TOPKEY\u2013 Precision in Every Detail, Guardian of Life and Health","article_publisher":"https:\/\/www.facebook.com\/profile.php?id=100088897294997","og_image":[{"width":500,"height":500,"url":"https:\/\/topkeymedical.com\/wp-content\/uploads\/2026\/01\/Cell-Counting-Chamber-Slides-1.webp","type":"image\/webp"}],"twitter_card":"summary_large_image","twitter_misc":{"Tahmini okuma s\u00fcresi":"4 dakika"},"schema":{"@context":"https:\/\/schema.org","@graph":[{"@type":"WebPage","@id":"https:\/\/topkeymedical.com\/product\/cell-counting-chamber-slides\/","url":"https:\/\/topkeymedical.com\/product\/cell-counting-chamber-slides\/","name":"H\u00fccre Sayma Odas\u0131 Slaytlar\u0131, Kan h\u00fccresi sayma odas\u0131","isPartOf":{"@id":"https:\/\/topkeymedical.com\/#website"},"primaryImageOfPage":{"@id":"https:\/\/topkeymedical.com\/product\/cell-counting-chamber-slides\/#primaryimage"},"image":{"@id":"https:\/\/topkeymedical.com\/product\/cell-counting-chamber-slides\/#primaryimage"},"thumbnailUrl":"https:\/\/topkeymedical.com\/wp-content\/uploads\/2026\/01\/Cell-Counting-Chamber-Slides-1.webp","datePublished":"2026-01-06T07:38:15+00:00","description":"Y\u00fcksek verimli ak\u0131\u015f sitometrelerinin hakim oldu\u011fu bir \u00e7a\u011fda, m\u00fctevaz\u0131 h\u00fccre sayma kamaralar\u0131 biyolojik \u00e7al\u0131\u015fmalarda vazge\u00e7ilmez bir ara\u00e7 olmaya devam ediyor.","breadcrumb":{"@id":"https:\/\/topkeymedical.com\/product\/cell-counting-chamber-slides\/#breadcrumb"},"inLanguage":"tr","potentialAction":[{"@type":"ReadAction","target":["https:\/\/topkeymedical.com\/product\/cell-counting-chamber-slides\/"]}]},{"@type":"ImageObject","inLanguage":"tr","@id":"https:\/\/topkeymedical.com\/product\/cell-counting-chamber-slides\/#primaryimage","url":"https:\/\/topkeymedical.com\/wp-content\/uploads\/2026\/01\/Cell-Counting-Chamber-Slides-1.webp","contentUrl":"https:\/\/topkeymedical.com\/wp-content\/uploads\/2026\/01\/Cell-Counting-Chamber-Slides-1.webp","width":500,"height":500,"caption":"Cell Counting Chamber Slides, Blood cell counting chamber"},{"@type":"BreadcrumbList","@id":"https:\/\/topkeymedical.com\/product\/cell-counting-chamber-slides\/#breadcrumb","itemListElement":[{"@type":"ListItem","position":1,"name":"Home","item":"https:\/\/topkeymedical.com\/"},{"@type":"ListItem","position":2,"name":"Products","item":"https:\/\/topkeymedical.com\/shop\/"},{"@type":"ListItem","position":3,"name":"Cell Counting Chamber Slides, Blood cell counting chamber"}]},{"@type":"WebSite","@id":"https:\/\/topkeymedical.com\/#website","url":"https:\/\/topkeymedical.com\/","name":"TOPKEY- Her Ayr\u0131nt\u0131da Hassasiyet, Ya\u015fam ve Sa\u011fl\u0131\u011f\u0131n Koruyucusu","description":"","publisher":{"@id":"https:\/\/topkeymedical.com\/#organization"},"potentialAction":[{"@type":"SearchAction","target":{"@type":"EntryPoint","urlTemplate":"https:\/\/topkeymedical.com\/?s={search_term_string}"},"query-input":{"@type":"PropertyValueSpecification","valueRequired":true,"valueName":"search_term_string"}}],"inLanguage":"tr"},{"@type":"Organization","@id":"https:\/\/topkeymedical.com\/#organization","name":"TOPKEY- Her Ayr\u0131nt\u0131da Hassasiyet, Ya\u015fam ve Sa\u011fl\u0131\u011f\u0131n Koruyucusu","url":"https:\/\/topkeymedical.com\/","logo":{"@type":"ImageObject","inLanguage":"tr","@id":"https:\/\/topkeymedical.com\/#\/schema\/logo\/image\/","url":"https:\/\/topkeymedical.com\/wp-content\/uploads\/2025\/05\/cropped-logo.jpg","contentUrl":"https:\/\/topkeymedical.com\/wp-content\/uploads\/2025\/05\/cropped-logo.jpg","width":512,"height":512,"caption":"TOPKEY\u2013 Precision in Every Detail, Guardian of Life and Health"},"image":{"@id":"https:\/\/topkeymedical.com\/#\/schema\/logo\/image\/"},"sameAs":["https:\/\/www.facebook.com\/profile.php?id=100088897294997","https:\/\/www.youtube.com\/@TopkeyMedical-Alice888","https:\/\/www.linkedin.com\/in\/alice-hu-bb66a01b3\/"]}]}},"_links":{"self":[{"href":"https:\/\/topkeymedical.com\/tr\/wp-json\/wp\/v2\/product\/1809","targetHints":{"allow":["GET"]}}],"collection":[{"href":"https:\/\/topkeymedical.com\/tr\/wp-json\/wp\/v2\/product"}],"about":[{"href":"https:\/\/topkeymedical.com\/tr\/wp-json\/wp\/v2\/types\/product"}],"version-history":[{"count":1,"href":"https:\/\/topkeymedical.com\/tr\/wp-json\/wp\/v2\/product\/1809\/revisions"}],"predecessor-version":[{"id":1811,"href":"https:\/\/topkeymedical.com\/tr\/wp-json\/wp\/v2\/product\/1809\/revisions\/1811"}],"wp:featuredmedia":[{"embeddable":true,"href":"https:\/\/topkeymedical.com\/tr\/wp-json\/wp\/v2\/media\/1805"}],"wp:attachment":[{"href":"https:\/\/topkeymedical.com\/tr\/wp-json\/wp\/v2\/media?parent=1809"}],"wp:term":[{"taxonomy":"product_brand","embeddable":true,"href":"https:\/\/topkeymedical.com\/tr\/wp-json\/wp\/v2\/product_brand?post=1809"},{"taxonomy":"product_cat","embeddable":true,"href":"https:\/\/topkeymedical.com\/tr\/wp-json\/wp\/v2\/product_cat?post=1809"},{"taxonomy":"product_tag","embeddable":true,"href":"https:\/\/topkeymedical.com\/tr\/wp-json\/wp\/v2\/product_tag?post=1809"}],"curies":[{"name":"wp","href":"https:\/\/api.w.org\/{rel}","templated":true}]}}