{"id":1816,"date":"2026-01-06T13:23:29","date_gmt":"2026-01-06T13:23:29","guid":{"rendered":"https:\/\/topkeymedical.com\/?post_type=product&#038;p=1816"},"modified":"2026-01-06T13:23:30","modified_gmt":"2026-01-06T13:23:30","slug":"0-22-0-45-mikron-igne-filtre","status":"publish","type":"product","link":"https:\/\/topkeymedical.com\/tr\/urun\/0-22-0-45-mikron-igne-filtre\/","title":{"rendered":"0,22 - 0,45 mikron i\u011fne filtre, K\u0131rm\u0131z\u0131 filtre i\u011fneleri"},"content":{"rendered":"<h2>\u00dcr\u00fcn Tan\u0131t\u0131m\u0131:<\/h2>\n<p>P\u00fcr\u00fczs\u00fcz, \u00e7apaks\u0131z yap\u0131s\u0131 \u015f\u0131r\u0131ngalarla s\u0131k\u0131 bir uyum sa\u011flarken, y\u00fcksek contal\u0131 tasar\u0131m\u0131 filtrasyon s\u0131ras\u0131nda s\u0131z\u0131nt\u0131lar\u0131 \u00f6nler.<\/p>\n<p>\u0130\u011fne filtre ayn\u0131 zamanda y\u00fcksek filtrasyon verimlili\u011fi sa\u011flar, numune safl\u0131\u011f\u0131n\u0131 sa\u011flamak ve a\u015fa\u011f\u0131 ak\u0131\u015f ekipman\u0131n\u0131 korumak i\u00e7in safs\u0131zl\u0131klar\u0131 tamamen yakalar ve farkl\u0131 deneysel senaryolara uyum sa\u011flayarak \u00e7e\u015fitli \u00e7\u00f6z\u00fcc\u00fcler ve s\u0131v\u0131 t\u00fcrleriyle uyumludur.<\/p>\n<p>Hafif, tek kullan\u0131ml\u0131k bir tasar\u0131ma sahip olan bu filtrenin kullan\u0131m\u0131 kolayd\u0131r ve \u00e7apraz kontaminasyonu \u00f6nler; renk kodlu ambalaj\u0131, spesifikasyonlar\u0131n h\u0131zl\u0131 bir \u015fekilde tan\u0131mlanmas\u0131n\u0131 sa\u011flar.<\/p>\n<p>\u0130ster numune haz\u0131rlama, ister solvent ar\u0131tma veya rutin laboratuvar filtrasyonu i\u00e7in olsun, y\u00fcksek verimlili\u011fi, \u00e7ok y\u00f6nl\u00fcl\u00fc\u011f\u00fc ve kullan\u0131c\u0131 dostu performans\u0131 ile sorunsuz safla\u015ft\u0131rma g\u00f6revlerini destekler.<\/p>\n<h2>\u0130\u011fne Filtre Parametreleri:<\/h2>\n<table>\n<tbody>\n<tr>\n<td width=\"128\">\u00dcr\u00fcn ad\u0131<\/td>\n<td width=\"409\">\u0130\u011fne filtresi<\/td>\n<\/tr>\n<tr>\n<td width=\"128\">\u00dcr\u00fcn rengi<\/td>\n<td width=\"409\">Ye\u015fil, k\u0131rm\u0131z\u0131, mor, sar\u0131<\/td>\n<\/tr>\n<tr>\n<td width=\"128\">\u00dcr\u00fcn malzemesi<\/td>\n<td width=\"409\">Poliviniliden flor\u00fcr <a href=\"https:\/\/www.specialchem.com\/plastics\/guide\/polyvinylidene-fluoride-pvdf-plastic\" target=\"_blank\" rel=\"noopener\">PVDF<\/a>, politetrafloroetilen <a href=\"https:\/\/en.wikipedia.org\/wiki\/Polytetrafluoroethylene\" target=\"_blank\" rel=\"noopener\">PTFE<\/a>, polieter s\u00fclfon PES, Kar\u0131\u015f\u0131k sel\u00fcloz MCE ve organik naylon 6<\/td>\n<\/tr>\n<tr>\n<td width=\"128\">\u00dcr\u00fcn<\/p>\n<p>spesifikasyon<\/td>\n<td width=\"409\">13mm*0.22\u03bcm, 13mm*0.45\u03bcm, 25mm*0.22\u03bcm,<\/p>\n<p>25mm*0.45um<\/td>\n<\/tr>\n<tr>\n<td width=\"128\">\u00dcr\u00fcn kullan\u0131m\u0131<\/td>\n<td width=\"409\">Partik\u00fcl kirleticileri gidermek i\u00e7in numunelerin ve solventlerin \u00f6n filtrasyonu i\u00e7in, S\u0131v\u0131lar\u0131n ve gazlar\u0131n bakterisidal filtrasyonu i\u00e7in<\/td>\n<\/tr>\n<\/tbody>\n<\/table>\n<h2>Parametre Bilgi Tablosu:<\/h2>\n<table width=\"0\">\n<thead>\n<tr>\n<td width=\"87\">Tip<\/td>\n<td width=\"126\">Malzeme<\/td>\n<td width=\"57\">Renk<\/td>\n<td width=\"67\">\u00c7ap<\/td>\n<td width=\"65\">Diyafram<\/td>\n<td width=\"56\">Ge\u00e7erlilik<\/td>\n<td width=\"90\">Miktar\/kutu<\/td>\n<\/tr>\n<\/thead>\n<tbody>\n<tr>\n<td width=\"87\">Organik<\/p>\n<p>sistem<\/td>\n<td width=\"126\">Organik naylon 6<\/td>\n<td width=\"57\">sar\u0131<\/td>\n<td width=\"67\">13mm<\/td>\n<td width=\"65\">0.22um<\/td>\n<td width=\"56\">5Y\u0131l<\/td>\n<td width=\"90\">100 ADET\/kutu<\/td>\n<\/tr>\n<tr>\n<td width=\"87\">Organik<\/p>\n<p>sistem<\/td>\n<td width=\"126\">Organik naylon 6<\/td>\n<td width=\"57\">sar\u0131<\/td>\n<td width=\"67\">13mm<\/td>\n<td width=\"65\">0.45um<\/td>\n<td width=\"56\">5Y\u0131l<\/td>\n<td width=\"90\">100 ADET\/kutu<\/td>\n<\/tr>\n<tr>\n<td width=\"87\">Organik<\/p>\n<p>sistem<\/td>\n<td width=\"126\">Organik naylon 6<\/td>\n<td width=\"57\">sar\u0131<\/td>\n<td width=\"67\">25 mm<\/td>\n<td width=\"65\">0.22um<\/td>\n<td width=\"56\">5Y\u0131l<\/td>\n<td width=\"90\">100 ADET\/kutu<\/td>\n<\/tr>\n<tr>\n<td width=\"87\">Organik<\/p>\n<p>sistem<\/td>\n<td width=\"126\">Organik naylon 6<\/td>\n<td width=\"57\">sar\u0131<\/td>\n<td width=\"67\">25 mm<\/td>\n<td width=\"65\">0.45um<\/td>\n<td width=\"56\">5Y\u0131l<\/td>\n<td width=\"90\">100 ADET\/kutu<\/td>\n<\/tr>\n<tr>\n<td width=\"87\">Drenaj<\/td>\n<td width=\"126\">Kar\u0131\u015f\u0131k sel\u00fcloz MCE<\/td>\n<td width=\"57\">Ye\u015fil<\/td>\n<td width=\"67\">13mm<\/td>\n<td width=\"65\">0.22um<\/td>\n<td width=\"56\">5Y\u0131l<\/td>\n<td width=\"90\">100 ADET\/kutu<\/td>\n<\/tr>\n<tr>\n<td width=\"87\">Drenaj<\/td>\n<td width=\"126\">Kar\u0131\u015f\u0131k sel\u00fcloz MCE<\/td>\n<td width=\"57\">Ye\u015fil<\/td>\n<td width=\"67\">13mm<\/td>\n<td width=\"65\">0.45um<\/td>\n<td width=\"56\">5Y\u0131l<\/td>\n<td width=\"90\">100 ADET\/kutu<\/td>\n<\/tr>\n<tr>\n<td width=\"87\">Drenaj<\/td>\n<td width=\"126\">Kar\u0131\u015f\u0131k sel\u00fcloz MCE<\/td>\n<td width=\"57\">Ye\u015fil<\/td>\n<td width=\"67\">25 mm<\/td>\n<td width=\"65\">0.22um<\/td>\n<td width=\"56\">5Y\u0131l<\/td>\n<td width=\"90\">100 ADET\/kutu<\/td>\n<\/tr>\n<tr>\n<td width=\"87\">Drenaj<\/td>\n<td width=\"126\">Kar\u0131\u015f\u0131k sel\u00fcloz MCE<\/td>\n<td width=\"57\">Ye\u015fil<\/td>\n<td width=\"67\">25 mm<\/td>\n<td width=\"65\">0.45um<\/td>\n<td width=\"56\">5Y\u0131l<\/td>\n<td width=\"90\">100 ADET\/kutu<\/td>\n<\/tr>\n<tr>\n<td width=\"87\">Drenaj<\/td>\n<td width=\"126\">Polieter s\u00fclfon PES<\/td>\n<td width=\"57\">Ye\u015fil<\/td>\n<td width=\"67\">13mm<\/td>\n<td width=\"65\">0.22um<\/td>\n<td width=\"56\">5Y\u0131l<\/td>\n<td width=\"90\">100 ADET\/kutu<\/td>\n<\/tr>\n<tr>\n<td width=\"87\">Drenaj<\/td>\n<td width=\"126\">Polieter s\u00fclfon PES<\/td>\n<td width=\"57\">Ye\u015fil<\/td>\n<td width=\"67\">13mm<\/td>\n<td width=\"65\">0.45um<\/td>\n<td width=\"56\">5Y\u0131l<\/td>\n<td width=\"90\">100 ADET\/kutu<\/td>\n<\/tr>\n<tr>\n<td width=\"87\">Drenaj<\/td>\n<td width=\"126\">Polieter s\u00fclfon PES<\/td>\n<td width=\"57\">Ye\u015fil<\/td>\n<td width=\"67\">25 mm<\/td>\n<td width=\"65\">0.22um<\/td>\n<td width=\"56\">5Y\u0131l<\/td>\n<td width=\"90\">100 ADET\/kutu<\/td>\n<\/tr>\n<tr>\n<td width=\"87\">Drenaj<\/td>\n<td width=\"126\">Polieter s\u00fclfon PES<\/td>\n<td width=\"57\">Ye\u015fil<\/td>\n<td width=\"67\">25 mm<\/td>\n<td width=\"65\">0.45um<\/td>\n<td width=\"56\">5Y\u0131l<\/td>\n<td width=\"90\">100 ADET\/kutu<\/td>\n<\/tr>\n<tr>\n<td width=\"87\">Hidrofilik<\/td>\n<td width=\"126\">Tetrafloroetilen PTFE(Q)<\/td>\n<td width=\"57\">K\u0131rm\u0131z\u0131<\/td>\n<td width=\"67\">13mm<\/td>\n<td width=\"65\">0.22um<\/td>\n<td width=\"56\">5Y\u0131l<\/td>\n<td width=\"90\">100 ADET\/kutu<\/td>\n<\/tr>\n<tr>\n<td width=\"87\">Hidrofilik<\/td>\n<td width=\"126\">Tetrafloroetilen PTFE(Q)<\/td>\n<td width=\"57\">K\u0131rm\u0131z\u0131<\/td>\n<td width=\"67\">13mm<\/td>\n<td width=\"65\">0.45um<\/td>\n<td width=\"56\">5Y\u0131l<\/td>\n<td width=\"90\">100 ADET\/kutu<\/td>\n<\/tr>\n<tr>\n<td width=\"87\">Hidrofobik<\/td>\n<td width=\"126\">PTFE (S)<\/td>\n<td width=\"57\">K\u0131rm\u0131z\u0131<\/td>\n<td width=\"67\">13mm<\/td>\n<td width=\"65\">0.22\u00b5m<\/td>\n<td width=\"56\">5Y\u0131l<\/td>\n<td width=\"90\">100 ADET\/kutu<\/td>\n<\/tr>\n<tr>\n<td width=\"87\">Hidrofobik<\/td>\n<td width=\"126\">PTFE (S)<\/td>\n<td width=\"57\">K\u0131rm\u0131z\u0131<\/td>\n<td width=\"67\">13mm<\/td>\n<td width=\"65\">0.45um<\/td>\n<td width=\"56\">5Y\u0131l<\/td>\n<td width=\"90\">100 ADET\/kutu<\/td>\n<\/tr>\n<tr>\n<td width=\"87\">Hidrofilik<\/td>\n<td width=\"126\">Tetrafloroetilen PTFE[Q)<\/td>\n<td width=\"57\">K\u0131rm\u0131z\u0131<\/td>\n<td width=\"67\">25 mm<\/td>\n<td width=\"65\">0.22\u00b5m<\/td>\n<td width=\"56\">5Y\u0131l<\/td>\n<td width=\"90\">100 ADET\/kutu<\/td>\n<\/tr>\n<tr>\n<td width=\"87\">Hidrofilik<\/td>\n<td width=\"126\">Tetrafloroetilen PTFE[O)<\/td>\n<td width=\"57\">K\u0131rm\u0131z\u0131<\/td>\n<td width=\"67\">25 mm<\/td>\n<td width=\"65\">0.45um<\/p>\n<p>&nbsp;<\/td>\n<td width=\"56\">5Y\u0131l<\/td>\n<td width=\"90\">100 ADET\/kutu<\/td>\n<\/tr>\n<tr>\n<td width=\"87\">Hidrofobik<\/td>\n<td width=\"126\">PTFE (S)<\/td>\n<td width=\"57\">K\u0131rm\u0131z\u0131<\/td>\n<td width=\"67\">25 mm<\/td>\n<td width=\"65\">0.22um<\/td>\n<td width=\"56\">5Y\u0131l<\/td>\n<td width=\"90\">100 ADET\/kutu<\/td>\n<\/tr>\n<tr>\n<td width=\"87\">Hidrofobik<\/td>\n<td width=\"126\">PTFE (S)<\/td>\n<td width=\"57\">K\u0131rm\u0131z\u0131<\/td>\n<td width=\"67\">25 mm<\/td>\n<td width=\"65\">0.45um<\/td>\n<td width=\"56\">5Y\u0131l<\/td>\n<td width=\"90\">100 ADET\/kutu<\/td>\n<\/tr>\n<tr>\n<td width=\"87\">Hidrofilik<\/td>\n<td width=\"126\">Poliviniliden flor\u00fcr PVDF(Q)<\/td>\n<td width=\"57\">Fu\u015fya<\/td>\n<td width=\"67\">13mm<\/td>\n<td width=\"65\">0.22\u00b5m<\/td>\n<td width=\"56\">5Y\u0131l<\/td>\n<td width=\"90\">100 ADET\/kutu<\/td>\n<\/tr>\n<tr>\n<td width=\"87\">Hidrofilik<\/td>\n<td width=\"126\">Poliviniliden flor\u00fcr PVDF(Q)<\/td>\n<td width=\"57\">Fu\u015fya<\/td>\n<td width=\"67\">13mm<\/td>\n<td width=\"65\">0.45um<\/td>\n<td width=\"56\">5Y\u0131l<\/td>\n<td width=\"90\">100 ADET\/kutu<\/td>\n<\/tr>\n<tr>\n<td width=\"87\">Hidrofobik<\/td>\n<td width=\"126\">Poliviniliden flor\u00fcr PVDF(S)<\/td>\n<td width=\"57\">Fu\u015fya<\/td>\n<td width=\"67\">13mm<\/td>\n<td width=\"65\">0.22um<\/td>\n<td width=\"56\">5Y\u0131l<\/td>\n<td width=\"90\">100 ADET\/kutu<\/td>\n<\/tr>\n<tr>\n<td width=\"87\">Hidrofobik<\/td>\n<td width=\"126\">Poliviniliden flor\u00fcr PVDF(S)<\/td>\n<td width=\"57\">Fu\u015fya<\/td>\n<td width=\"67\">13mm<\/td>\n<td width=\"65\">0.45um<\/td>\n<td width=\"56\">5Y\u0131l<\/td>\n<td width=\"90\">100 ADET\/kutu<\/td>\n<\/tr>\n<tr>\n<td width=\"87\">Hidrofilik<\/td>\n<td width=\"126\">Poliviniliden flor\u00fcr PVDF(Q)<\/td>\n<td width=\"57\">Fu\u015fya<\/td>\n<td width=\"67\">25 mm<\/td>\n<td width=\"65\">0.22um<\/td>\n<td width=\"56\">5Y\u0131l<\/td>\n<td width=\"90\">100 ADET\/kutu<\/td>\n<\/tr>\n<tr>\n<td width=\"87\">Hidrofilik<\/td>\n<td width=\"126\">Poliviniliden flor\u00fcr PVDF(Q)<\/td>\n<td width=\"57\">Fu\u015fya<\/td>\n<td width=\"67\">25 mm<\/td>\n<td width=\"65\">0.45um<\/td>\n<td width=\"56\">5Y\u0131l<\/td>\n<td width=\"90\">100 ADET\/kutu<\/td>\n<\/tr>\n<tr>\n<td width=\"87\">Hidrofobik<\/td>\n<td width=\"126\">Poliviniliden flor\u00fcr PVDF(S)<\/td>\n<td width=\"57\">Fu\u015fya<\/td>\n<td width=\"67\">25 mm<\/td>\n<td width=\"65\">0.22um<\/td>\n<td width=\"56\">5Y\u0131l<\/td>\n<td width=\"90\">100 ADET\/kutu<\/td>\n<\/tr>\n<tr>\n<td width=\"87\">Hidrofobik<\/td>\n<td width=\"126\">Poliviniliden flor\u00fcr PVDF(S)<\/td>\n<td width=\"57\">Fu\u015fya<\/td>\n<td width=\"67\">25 mm<\/td>\n<td width=\"65\">0.45um<\/td>\n<td width=\"56\">5Y\u0131l<\/td>\n<td width=\"90\">100 ADET\/kutu<\/td>\n<\/tr>\n<\/tbody>\n<\/table>","protected":false},"excerpt":{"rendered":"<p>Laboratuvar, ara\u015ft\u0131rma ve end\u00fcstriyel ortamlar i\u00e7in \u00f6zel olarak tasarlanan TOPKEY i\u011fne filtre, hassas s\u0131v\u0131 filtrasyonu i\u00e7in g\u00fcvenilir bir ortakt\u0131r.<br \/>\nPolipropilen (PP) g\u00f6vde ve elyaf\/polyester (PE\/PET) filtre membran\u0131ndan olu\u015fan bu \u00fcr\u00fcn, farkl\u0131 filtreleme ihtiya\u00e7lar\u0131na uyacak \u00e7e\u015fitli \u00f6zelliklere sahiptir.<\/p>","protected":false},"featured_media":1815,"template":"","meta":{"_acf_changed":false,"site-sidebar-layout":"default","site-content-layout":"","ast-site-content-layout":"default","site-content-style":"default","site-sidebar-style":"default","ast-global-header-display":"","ast-banner-title-visibility":"","ast-main-header-display":"","ast-hfb-above-header-display":"","ast-hfb-below-header-display":"","ast-hfb-mobile-header-display":"","site-post-title":"","ast-breadcrumbs-content":"","ast-featured-img":"","footer-sml-layout":"","ast-disable-related-posts":"","theme-transparent-header-meta":"default","adv-header-id-meta":"","stick-header-meta":"","header-above-stick-meta":"","header-main-stick-meta":"","header-below-stick-meta":"","astra-migrate-meta-layouts":"set","ast-page-background-enabled":"default","ast-page-background-meta":{"desktop":{"background-color":"var(--ast-global-color-5)","background-image":"","background-repeat":"repeat","background-position":"center center","background-size":"auto","background-attachment":"scroll","background-type":"","background-media":"","overlay-type":"","overlay-color":"","overlay-opacity":"","overlay-gradient":""},"tablet":{"background-color":"","background-image":"","background-repeat":"repeat","background-position":"center center","background-size":"auto","background-attachment":"scroll","background-type":"","background-media":"","overlay-type":"","overlay-color":"","overlay-opacity":"","overlay-gradient":""},"mobile":{"background-color":"","background-image":"","background-repeat":"repeat","background-position":"center center","background-size":"auto","background-attachment":"scroll","background-type":"","background-media":"","overlay-type":"","overlay-color":"","overlay-opacity":"","overlay-gradient":""}},"ast-content-background-meta":{"desktop":{"background-color":"var(--ast-global-color-4)","background-image":"","background-repeat":"repeat","background-position":"center center","background-size":"auto","background-attachment":"scroll","background-type":"","background-media":"","overlay-type":"","overlay-color":"","overlay-opacity":"","overlay-gradient":""},"tablet":{"background-color":"var(--ast-global-color-4)","background-image":"","background-repeat":"repeat","background-position":"center center","background-size":"auto","background-attachment":"scroll","background-type":"","background-media":"","overlay-type":"","overlay-color":"","overlay-opacity":"","overlay-gradient":""},"mobile":{"background-color":"var(--ast-global-color-4)","background-image":"","background-repeat":"repeat","background-position":"center center","background-size":"auto","background-attachment":"scroll","background-type":"","background-media":"","overlay-type":"","overlay-color":"","overlay-opacity":"","overlay-gradient":""}}},"product_brand":[],"product_cat":[67],"product_tag":[],"class_list":{"0":"post-1816","1":"product","2":"type-product","3":"status-publish","4":"has-post-thumbnail","6":"product_cat-laboratory-consumables","7":"desktop-align-left","8":"tablet-align-left","9":"mobile-align-left","11":"first","12":"instock","13":"shipping-taxable","14":"product-type-simple"},"acf":[],"yoast_head":"<!-- This site is optimized with the Yoast SEO plugin v27.4 - https:\/\/yoast.com\/product\/yoast-seo-wordpress\/ -->\n<title>0.22 - 0.45 micron needle filter, Red filter needles<\/title>\n<meta name=\"description\" content=\"Needle filter is a reliable partner for precise liquid filtration\u2014constructed with a polypropylene (PP) housing and fiber\/polyester (PE\/PET) filter membrane\" \/>\n<meta name=\"robots\" content=\"index, follow, max-snippet:-1, max-image-preview:large, max-video-preview:-1\" \/>\n<link rel=\"canonical\" href=\"https:\/\/topkeymedical.com\/tr\/urun\/0-22-0-45-mikron-igne-filtre\/\" \/>\n<meta property=\"og:locale\" content=\"tr_TR\" \/>\n<meta property=\"og:type\" content=\"article\" \/>\n<meta property=\"og:title\" content=\"0.22 - 0.45 micron needle filter, Red filter needles\" \/>\n<meta property=\"og:description\" content=\"Needle filter is a reliable partner for precise liquid filtration\u2014constructed with a polypropylene (PP) housing and fiber\/polyester (PE\/PET) filter membrane\" \/>\n<meta property=\"og:url\" content=\"https:\/\/topkeymedical.com\/tr\/urun\/0-22-0-45-mikron-igne-filtre\/\" \/>\n<meta property=\"og:site_name\" content=\"TOPKEY\u2013 Precision in Every Detail, Guardian of Life and Health\" \/>\n<meta property=\"article:publisher\" content=\"https:\/\/www.facebook.com\/profile.php?id=100088897294997\" \/>\n<meta property=\"article:modified_time\" content=\"2026-01-06T13:23:30+00:00\" \/>\n<meta property=\"og:image\" content=\"https:\/\/topkeymedical.com\/wp-content\/uploads\/2026\/01\/needle-filter-1.webp\" \/>\n\t<meta property=\"og:image:width\" content=\"488\" \/>\n\t<meta property=\"og:image:height\" content=\"488\" \/>\n\t<meta property=\"og:image:type\" content=\"image\/webp\" \/>\n<meta name=\"twitter:card\" content=\"summary_large_image\" \/>\n<meta name=\"twitter:label1\" content=\"Tahmini okuma s\u00fcresi\" \/>\n\t<meta name=\"twitter:data1\" content=\"2 dakika\" \/>\n<script type=\"application\/ld+json\" class=\"yoast-schema-graph\">{\"@context\":\"https:\\\/\\\/schema.org\",\"@graph\":[{\"@type\":\"WebPage\",\"@id\":\"https:\\\/\\\/topkeymedical.com\\\/product\\\/0-22-0-45-micron-needle-filter\\\/\",\"url\":\"https:\\\/\\\/topkeymedical.com\\\/product\\\/0-22-0-45-micron-needle-filter\\\/\",\"name\":\"0.22 - 0.45 micron needle filter, Red filter needles\",\"isPartOf\":{\"@id\":\"https:\\\/\\\/topkeymedical.com\\\/#website\"},\"primaryImageOfPage\":{\"@id\":\"https:\\\/\\\/topkeymedical.com\\\/product\\\/0-22-0-45-micron-needle-filter\\\/#primaryimage\"},\"image\":{\"@id\":\"https:\\\/\\\/topkeymedical.com\\\/product\\\/0-22-0-45-micron-needle-filter\\\/#primaryimage\"},\"thumbnailUrl\":\"https:\\\/\\\/topkeymedical.com\\\/wp-content\\\/uploads\\\/2026\\\/01\\\/needle-filter-1.webp\",\"datePublished\":\"2026-01-06T13:23:29+00:00\",\"dateModified\":\"2026-01-06T13:23:30+00:00\",\"description\":\"Needle filter is a reliable partner for precise liquid filtration\u2014constructed with a polypropylene (PP) housing and fiber\\\/polyester (PE\\\/PET) filter membrane\",\"breadcrumb\":{\"@id\":\"https:\\\/\\\/topkeymedical.com\\\/product\\\/0-22-0-45-micron-needle-filter\\\/#breadcrumb\"},\"inLanguage\":\"tr\",\"potentialAction\":[{\"@type\":\"ReadAction\",\"target\":[\"https:\\\/\\\/topkeymedical.com\\\/product\\\/0-22-0-45-micron-needle-filter\\\/\"]}]},{\"@type\":\"ImageObject\",\"inLanguage\":\"tr\",\"@id\":\"https:\\\/\\\/topkeymedical.com\\\/product\\\/0-22-0-45-micron-needle-filter\\\/#primaryimage\",\"url\":\"https:\\\/\\\/topkeymedical.com\\\/wp-content\\\/uploads\\\/2026\\\/01\\\/needle-filter-1.webp\",\"contentUrl\":\"https:\\\/\\\/topkeymedical.com\\\/wp-content\\\/uploads\\\/2026\\\/01\\\/needle-filter-1.webp\",\"width\":488,\"height\":488,\"caption\":\"0.22 - 0.45 micron needle filter, Red filter needles\"},{\"@type\":\"BreadcrumbList\",\"@id\":\"https:\\\/\\\/topkeymedical.com\\\/product\\\/0-22-0-45-micron-needle-filter\\\/#breadcrumb\",\"itemListElement\":[{\"@type\":\"ListItem\",\"position\":1,\"name\":\"Home\",\"item\":\"https:\\\/\\\/topkeymedical.com\\\/\"},{\"@type\":\"ListItem\",\"position\":2,\"name\":\"Products\",\"item\":\"https:\\\/\\\/topkeymedical.com\\\/shop\\\/\"},{\"@type\":\"ListItem\",\"position\":3,\"name\":\"0.22 &#8211; 0.45 micron needle filter, Red filter needles\"}]},{\"@type\":\"WebSite\",\"@id\":\"https:\\\/\\\/topkeymedical.com\\\/#website\",\"url\":\"https:\\\/\\\/topkeymedical.com\\\/\",\"name\":\"TOPKEY\u2013 Precision in Every Detail, Guardian of Life and Health\",\"description\":\"\",\"publisher\":{\"@id\":\"https:\\\/\\\/topkeymedical.com\\\/#organization\"},\"potentialAction\":[{\"@type\":\"SearchAction\",\"target\":{\"@type\":\"EntryPoint\",\"urlTemplate\":\"https:\\\/\\\/topkeymedical.com\\\/?s={search_term_string}\"},\"query-input\":{\"@type\":\"PropertyValueSpecification\",\"valueRequired\":true,\"valueName\":\"search_term_string\"}}],\"inLanguage\":\"tr\"},{\"@type\":\"Organization\",\"@id\":\"https:\\\/\\\/topkeymedical.com\\\/#organization\",\"name\":\"TOPKEY\u2013 Precision in Every Detail, Guardian of Life and Health\",\"url\":\"https:\\\/\\\/topkeymedical.com\\\/\",\"logo\":{\"@type\":\"ImageObject\",\"inLanguage\":\"tr\",\"@id\":\"https:\\\/\\\/topkeymedical.com\\\/#\\\/schema\\\/logo\\\/image\\\/\",\"url\":\"https:\\\/\\\/topkeymedical.com\\\/wp-content\\\/uploads\\\/2025\\\/05\\\/cropped-logo.jpg\",\"contentUrl\":\"https:\\\/\\\/topkeymedical.com\\\/wp-content\\\/uploads\\\/2025\\\/05\\\/cropped-logo.jpg\",\"width\":512,\"height\":512,\"caption\":\"TOPKEY\u2013 Precision in Every Detail, Guardian of Life and Health\"},\"image\":{\"@id\":\"https:\\\/\\\/topkeymedical.com\\\/#\\\/schema\\\/logo\\\/image\\\/\"},\"sameAs\":[\"https:\\\/\\\/www.facebook.com\\\/profile.php?id=100088897294997\",\"https:\\\/\\\/www.youtube.com\\\/@TopkeyMedical-Alice888\",\"https:\\\/\\\/www.linkedin.com\\\/in\\\/alice-hu-bb66a01b3\\\/\"]}]}<\/script>\n<!-- \/ Yoast SEO plugin. -->","yoast_head_json":{"title":"0,22 - 0,45 mikron i\u011fne filtre, K\u0131rm\u0131z\u0131 filtre i\u011fneleri","description":"\u0130\u011fne filtre, polipropilen (PP) g\u00f6vde ve elyaf\/polyester (PE\/PET) filtre membran\u0131ndan olu\u015fan hassas s\u0131v\u0131 filtrasyonu i\u00e7in g\u00fcvenilir bir ortakt\u0131r","robots":{"index":"index","follow":"follow","max-snippet":"max-snippet:-1","max-image-preview":"max-image-preview:large","max-video-preview":"max-video-preview:-1"},"canonical":"https:\/\/topkeymedical.com\/tr\/urun\/0-22-0-45-mikron-igne-filtre\/","og_locale":"tr_TR","og_type":"article","og_title":"0.22 - 0.45 micron needle filter, Red filter needles","og_description":"Needle filter is a reliable partner for precise liquid filtration\u2014constructed with a polypropylene (PP) housing and fiber\/polyester (PE\/PET) filter membrane","og_url":"https:\/\/topkeymedical.com\/tr\/urun\/0-22-0-45-mikron-igne-filtre\/","og_site_name":"TOPKEY\u2013 Precision in Every Detail, Guardian of Life and Health","article_publisher":"https:\/\/www.facebook.com\/profile.php?id=100088897294997","article_modified_time":"2026-01-06T13:23:30+00:00","og_image":[{"width":488,"height":488,"url":"https:\/\/topkeymedical.com\/wp-content\/uploads\/2026\/01\/needle-filter-1.webp","type":"image\/webp"}],"twitter_card":"summary_large_image","twitter_misc":{"Tahmini okuma s\u00fcresi":"2 dakika"},"schema":{"@context":"https:\/\/schema.org","@graph":[{"@type":"WebPage","@id":"https:\/\/topkeymedical.com\/product\/0-22-0-45-micron-needle-filter\/","url":"https:\/\/topkeymedical.com\/product\/0-22-0-45-micron-needle-filter\/","name":"0,22 - 0,45 mikron i\u011fne filtre, K\u0131rm\u0131z\u0131 filtre i\u011fneleri","isPartOf":{"@id":"https:\/\/topkeymedical.com\/#website"},"primaryImageOfPage":{"@id":"https:\/\/topkeymedical.com\/product\/0-22-0-45-micron-needle-filter\/#primaryimage"},"image":{"@id":"https:\/\/topkeymedical.com\/product\/0-22-0-45-micron-needle-filter\/#primaryimage"},"thumbnailUrl":"https:\/\/topkeymedical.com\/wp-content\/uploads\/2026\/01\/needle-filter-1.webp","datePublished":"2026-01-06T13:23:29+00:00","dateModified":"2026-01-06T13:23:30+00:00","description":"\u0130\u011fne filtre, polipropilen (PP) g\u00f6vde ve elyaf\/polyester (PE\/PET) filtre membran\u0131ndan olu\u015fan hassas s\u0131v\u0131 filtrasyonu i\u00e7in g\u00fcvenilir bir ortakt\u0131r","breadcrumb":{"@id":"https:\/\/topkeymedical.com\/product\/0-22-0-45-micron-needle-filter\/#breadcrumb"},"inLanguage":"tr","potentialAction":[{"@type":"ReadAction","target":["https:\/\/topkeymedical.com\/product\/0-22-0-45-micron-needle-filter\/"]}]},{"@type":"ImageObject","inLanguage":"tr","@id":"https:\/\/topkeymedical.com\/product\/0-22-0-45-micron-needle-filter\/#primaryimage","url":"https:\/\/topkeymedical.com\/wp-content\/uploads\/2026\/01\/needle-filter-1.webp","contentUrl":"https:\/\/topkeymedical.com\/wp-content\/uploads\/2026\/01\/needle-filter-1.webp","width":488,"height":488,"caption":"0.22 - 0.45 micron needle filter, Red filter needles"},{"@type":"BreadcrumbList","@id":"https:\/\/topkeymedical.com\/product\/0-22-0-45-micron-needle-filter\/#breadcrumb","itemListElement":[{"@type":"ListItem","position":1,"name":"Home","item":"https:\/\/topkeymedical.com\/"},{"@type":"ListItem","position":2,"name":"Products","item":"https:\/\/topkeymedical.com\/shop\/"},{"@type":"ListItem","position":3,"name":"0.22 &#8211; 0.45 micron needle filter, Red filter needles"}]},{"@type":"WebSite","@id":"https:\/\/topkeymedical.com\/#website","url":"https:\/\/topkeymedical.com\/","name":"TOPKEY- Her Ayr\u0131nt\u0131da Hassasiyet, Ya\u015fam ve Sa\u011fl\u0131\u011f\u0131n Koruyucusu","description":"","publisher":{"@id":"https:\/\/topkeymedical.com\/#organization"},"potentialAction":[{"@type":"SearchAction","target":{"@type":"EntryPoint","urlTemplate":"https:\/\/topkeymedical.com\/?s={search_term_string}"},"query-input":{"@type":"PropertyValueSpecification","valueRequired":true,"valueName":"search_term_string"}}],"inLanguage":"tr"},{"@type":"Organization","@id":"https:\/\/topkeymedical.com\/#organization","name":"TOPKEY- Her Ayr\u0131nt\u0131da Hassasiyet, Ya\u015fam ve Sa\u011fl\u0131\u011f\u0131n Koruyucusu","url":"https:\/\/topkeymedical.com\/","logo":{"@type":"ImageObject","inLanguage":"tr","@id":"https:\/\/topkeymedical.com\/#\/schema\/logo\/image\/","url":"https:\/\/topkeymedical.com\/wp-content\/uploads\/2025\/05\/cropped-logo.jpg","contentUrl":"https:\/\/topkeymedical.com\/wp-content\/uploads\/2025\/05\/cropped-logo.jpg","width":512,"height":512,"caption":"TOPKEY\u2013 Precision in Every Detail, Guardian of Life and Health"},"image":{"@id":"https:\/\/topkeymedical.com\/#\/schema\/logo\/image\/"},"sameAs":["https:\/\/www.facebook.com\/profile.php?id=100088897294997","https:\/\/www.youtube.com\/@TopkeyMedical-Alice888","https:\/\/www.linkedin.com\/in\/alice-hu-bb66a01b3\/"]}]}},"_links":{"self":[{"href":"https:\/\/topkeymedical.com\/tr\/wp-json\/wp\/v2\/product\/1816","targetHints":{"allow":["GET"]}}],"collection":[{"href":"https:\/\/topkeymedical.com\/tr\/wp-json\/wp\/v2\/product"}],"about":[{"href":"https:\/\/topkeymedical.com\/tr\/wp-json\/wp\/v2\/types\/product"}],"version-history":[{"count":1,"href":"https:\/\/topkeymedical.com\/tr\/wp-json\/wp\/v2\/product\/1816\/revisions"}],"predecessor-version":[{"id":1817,"href":"https:\/\/topkeymedical.com\/tr\/wp-json\/wp\/v2\/product\/1816\/revisions\/1817"}],"wp:featuredmedia":[{"embeddable":true,"href":"https:\/\/topkeymedical.com\/tr\/wp-json\/wp\/v2\/media\/1815"}],"wp:attachment":[{"href":"https:\/\/topkeymedical.com\/tr\/wp-json\/wp\/v2\/media?parent=1816"}],"wp:term":[{"taxonomy":"product_brand","embeddable":true,"href":"https:\/\/topkeymedical.com\/tr\/wp-json\/wp\/v2\/product_brand?post=1816"},{"taxonomy":"product_cat","embeddable":true,"href":"https:\/\/topkeymedical.com\/tr\/wp-json\/wp\/v2\/product_cat?post=1816"},{"taxonomy":"product_tag","embeddable":true,"href":"https:\/\/topkeymedical.com\/tr\/wp-json\/wp\/v2\/product_tag?post=1816"}],"curies":[{"name":"wp","href":"https:\/\/api.w.org\/{rel}","templated":true}]}}