{"id":820,"date":"2025-06-17T06:43:04","date_gmt":"2025-06-17T06:43:04","guid":{"rendered":"https:\/\/topkeymedical.com\/?post_type=product&#038;p=820"},"modified":"2025-09-06T03:10:50","modified_gmt":"2025-09-06T03:10:50","slug":"dagitim-igneleri-tt27g","status":"publish","type":"product","link":"https:\/\/topkeymedical.com\/tr\/urun\/dagitim-igneleri-tt27g\/","title":{"rendered":"Da\u011f\u0131t\u0131m \u0130\u011fneleri TT27G (\u00f80,4) Koyu Mavi Opak"},"content":{"rendered":"<h2 data-start=\"1268\" data-end=\"1300\">Teknik \u00d6zellikler<\/h2>\n<div class=\"_tableContainer_1rjym_1\">\n<div class=\"_tableWrapper_1rjym_13 group flex w-fit flex-col-reverse\" tabindex=\"-1\">\n<table class=\"w-fit min-w-(--thread-content-width)\" data-start=\"1302\" data-end=\"3184\">\n<thead data-start=\"1302\" data-end=\"1418\">\n<tr data-start=\"1302\" data-end=\"1418\">\n<th data-start=\"1302\" data-end=\"1331\" data-col-size=\"sm\">Parametre<\/th>\n<th data-start=\"1331\" data-end=\"1418\" data-col-size=\"md\">De\u011fer \/ A\u00e7\u0131klama<\/th>\n<\/tr>\n<\/thead>\n<tbody data-start=\"1537\" data-end=\"3184\">\n<tr data-start=\"1537\" data-end=\"1654\">\n<td data-start=\"1537\" data-end=\"1567\" data-col-size=\"sm\"><strong data-start=\"1539\" data-end=\"1555\">\u00dcr\u00fcn Ad\u0131<\/strong><\/td>\n<td data-col-size=\"md\" data-start=\"1567\" data-end=\"1654\">Da\u011f\u0131t\u0131m \u0130\u011fneleri TT27G<\/td>\n<\/tr>\n<tr data-start=\"1655\" data-end=\"1772\">\n<td data-start=\"1655\" data-end=\"1685\" data-col-size=\"sm\"><strong data-start=\"1657\" data-end=\"1672\">SKU \u00d6rne\u011fi<\/strong><\/td>\n<td data-col-size=\"md\" data-start=\"1685\" data-end=\"1772\">TT27G (\u00f80,4 mm) Koyu Mavi Opak<\/td>\n<\/tr>\n<tr data-start=\"1773\" data-end=\"1889\">\n<td data-start=\"1773\" data-end=\"1803\" data-col-size=\"sm\"><strong data-start=\"1775\" data-end=\"1789\">\u00d6l\u00e7\u00fc Boyutu<\/strong><\/td>\n<td data-col-size=\"md\" data-start=\"1803\" data-end=\"1889\">27G<\/td>\n<\/tr>\n<tr data-start=\"1890\" data-end=\"2006\">\n<td data-start=\"1890\" data-end=\"1920\" data-col-size=\"sm\"><strong data-start=\"1892\" data-end=\"1915\">\u0130\u00e7 \u00c7ap (ID)<\/strong><\/td>\n<td data-col-size=\"md\" data-start=\"1920\" data-end=\"2006\">0,40 mm<\/td>\n<\/tr>\n<tr data-start=\"2007\" data-end=\"2123\">\n<td data-start=\"2007\" data-end=\"2037\" data-col-size=\"sm\"><strong data-start=\"2009\" data-end=\"2032\">D\u0131\u015f \u00c7ap (OD)<\/strong><\/td>\n<td data-col-size=\"md\" data-start=\"2037\" data-end=\"2123\">~0,45-0,46 mm<\/td>\n<\/tr>\n<tr data-start=\"2124\" data-end=\"2241\">\n<td data-start=\"2124\" data-end=\"2154\" data-col-size=\"sm\"><strong data-start=\"2126\" data-end=\"2151\">\u0130\u011fne Uzunlu\u011fu Se\u00e7enekleri<\/strong><\/td>\n<td data-col-size=\"md\" data-start=\"2154\" data-end=\"2241\">13 mm (\u00bd in\u00e7), 19 mm (\u00be in\u00e7), 25 mm (1 in\u00e7); \u00f6zel uzunluklar mevcuttur<\/td>\n<\/tr>\n<tr data-start=\"2242\" data-end=\"2359\">\n<td data-start=\"2242\" data-end=\"2272\" data-col-size=\"sm\"><strong data-start=\"2244\" data-end=\"2266\">Malzeme - Kan\u00fcl<\/strong><\/td>\n<td data-col-size=\"md\" data-start=\"2272\" data-end=\"2359\">Cerrahi paslanmaz \u00e7elik, ISO 9626 uyumlu<\/td>\n<\/tr>\n<tr data-start=\"2360\" data-end=\"2477\">\n<td data-start=\"2360\" data-end=\"2390\" data-col-size=\"sm\"><strong data-start=\"2362\" data-end=\"2380\">Malzeme - G\u00f6bek<\/strong><\/td>\n<td data-col-size=\"md\" data-start=\"2390\" data-end=\"2477\">T\u0131bbi s\u0131n\u0131f polipropilen, koyu mavi opak, ISO 6009 kodlu<\/td>\n<\/tr>\n<tr data-start=\"2478\" data-end=\"2595\">\n<td data-start=\"2478\" data-end=\"2508\" data-col-size=\"sm\"><strong data-start=\"2480\" data-end=\"2499\">Ba\u011flant\u0131 T\u00fcr\u00fc<\/strong><\/td>\n<td data-col-size=\"md\" data-start=\"2508\" data-end=\"2595\">Luer-lock \/ Luer-slip uyumlu<\/td>\n<\/tr>\n<tr data-start=\"2596\" data-end=\"2713\">\n<td data-start=\"2596\" data-end=\"2626\" data-col-size=\"sm\"><strong data-start=\"2598\" data-end=\"2622\">Sterilizasyon Y\u00f6ntemi<\/strong><\/td>\n<td data-col-size=\"md\" data-start=\"2626\" data-end=\"2713\">EO (Etilen Oksit) ile sterilize edilmi\u015ftir<\/td>\n<\/tr>\n<tr data-start=\"2714\" data-end=\"2831\">\n<td data-start=\"2714\" data-end=\"2744\" data-col-size=\"sm\"><strong data-start=\"2716\" data-end=\"2729\">Paketleme<\/strong><\/td>\n<td data-col-size=\"md\" data-start=\"2744\" data-end=\"2831\">Ayr\u0131 ayr\u0131 kapat\u0131lm\u0131\u015f blister ambalajlar, 100 adet\/kutu<\/td>\n<\/tr>\n<tr data-start=\"2832\" data-end=\"2948\">\n<td data-start=\"2832\" data-end=\"2862\" data-col-size=\"sm\"><strong data-start=\"2834\" data-end=\"2848\">Tek Kullan\u0131ml\u0131k<\/strong><\/td>\n<td data-col-size=\"md\" data-start=\"2862\" data-end=\"2948\">Evet<\/td>\n<\/tr>\n<tr data-start=\"2949\" data-end=\"3066\">\n<td data-start=\"2949\" data-end=\"2979\" data-col-size=\"sm\"><strong data-start=\"2951\" data-end=\"2968\">Sertifikasyon<\/strong><\/td>\n<td data-col-size=\"md\" data-start=\"2979\" data-end=\"3066\">ISO 13485, CE i\u015fareti, FDA uyumlulu\u011fu (b\u00f6lgeye ba\u011fl\u0131)<\/td>\n<\/tr>\n<tr data-start=\"3067\" data-end=\"3184\">\n<td data-start=\"3067\" data-end=\"3097\" data-col-size=\"sm\"><strong data-start=\"3069\" data-end=\"3083\">Raf \u00d6mr\u00fc<\/strong><\/td>\n<td data-col-size=\"md\" data-start=\"3097\" data-end=\"3184\">\u00d6nerilen ko\u015fullar alt\u0131nda sakland\u0131\u011f\u0131nda 3-5 y\u0131l<\/td>\n<\/tr>\n<\/tbody>\n<\/table>\n<\/div>\n<\/div>\n<hr data-start=\"3186\" data-end=\"3189\" \/>\n<h2>Hassas Uygulamalar i\u00e7in Hassas Mikro Da\u011f\u0131t\u0131m<\/h2>\n<p>Ultra ince s\u0131v\u0131 kontrol\u00fc i\u00e7in tasarlanan TT27G Koyu Mavi da\u011f\u0131t\u0131m i\u011fnelerimiz, hassas 0,4 mm i\u00e7 \u00e7apa sahiptir ve bu da onlar\u0131 mikroelektronik, t\u0131bbi cihaz montaj\u0131 ve titiz malzeme yerle\u015ftirme gerektiren hassas optik uygulamalar i\u00e7in m\u00fckemmel hale getirir.<\/p>\n<p>Temel Avantajlar:<br \/>\n\u2714 0,4 mm ultra ince delik - Mikro nokta da\u011f\u0131t\u0131m\u0131 i\u00e7in nokta hassasiyet sa\u011flar<br \/>\n\u2714 T\u0131bbi s\u0131n\u0131f koyu mavi polimer - Biyouyumlu uygulamalar i\u00e7in m\u00fckemmel kimyasal diren\u00e7<br \/>\n\u2714 Geli\u015fmi\u015f sertlik - Otomatik hassas da\u011f\u0131t\u0131m s\u0131ras\u0131nda esnemeyi \u00f6nler<br \/>\nOpak UV engelleyici malzeme - I\u015f\u0131kla sertle\u015fen yap\u0131\u015ft\u0131r\u0131c\u0131lar\u0131 i\u015fleme s\u0131ras\u0131nda korur<br \/>\n\u2714 Konik t\u0131kanma \u00f6nleyici tasar\u0131m - D\u00fc\u015f\u00fck viskoziteli s\u0131v\u0131lar i\u00e7in tutarl\u0131 ak\u0131\u015f sa\u011flar<\/p>\n<p>Teknik M\u00fckemmellik:<br \/>\n- \u00dcst\u00fcn s\u0131v\u0131 uyumlulu\u011fu i\u00e7in y\u00fcksek yo\u011funluklu polietilenden (HDPE) \u00fcretilmi\u015ftir<br \/>\n- \u00c7al\u0131\u015fma aral\u0131\u011f\u0131: \u00c7ok y\u00f6nl\u00fc uygulama ortamlar\u0131 i\u00e7in -30\u00b0C ila 80\u00b0C<br \/>\n- Siyanoakrilatlar, UV yap\u0131\u015ft\u0131r\u0131c\u0131lar ve iletken m\u00fcrekkepler i\u00e7in optimize edilmi\u015ftir<br \/>\n- \u00c7ok i\u011fneli kurulumlarda h\u0131zl\u0131 tan\u0131mlama i\u00e7in koyu mavi renk kodlu<\/p>\n<p>\u0130deal Uygulamalar:<br \/>\n- Mikro\u00e7ip dolgu alt\u0131 ve SMT bile\u015fen yap\u0131\u015ft\u0131rma<br \/>\n- T\u0131bbi kateter d\u00fczene\u011fi ve mikroak\u0131\u015fkan cihazlar<br \/>\n- Saat\u00e7ilik ve hassas alet tamiri<br \/>\n- OLED ekran \u00fcretimi ve mikro-optikler<\/p>\n<h2>Da\u011f\u0131t\u0131m i\u011fneleri TT27G, mikroskobik hassasiyet elde etmek i\u00e7in hassas tasar\u0131m<\/h2>\n<p>TT27G serisi, en zorlu mikro da\u011f\u0131t\u0131m zorluklar\u0131n\u0131n \u00fcstesinden gelmek i\u00e7in milimetrenin alt\u0131ndaki hassasiyeti ola\u011fan\u00fcst\u00fc dayan\u0131kl\u0131l\u0131kla birle\u015ftirir. Koyu mavi opak yap\u0131, a\u00e7\u0131k renkli \u00e7al\u0131\u015fma y\u00fczeylerine kar\u015f\u0131 m\u00fckemmel g\u00f6r\u00fcn\u00fcrl\u00fck sa\u011flarken malzemenin korunmas\u0131n\u0131 sa\u011flar.<br \/>\nHer mikronun \u00f6nemli oldu\u011fu yerlerde kusursuz mikro biriktirme i\u00e7in TT27G'ye g\u00fcvenin.<\/p>\n<p>Teknik Not: Hassas da\u011f\u0131t\u0131m sistemlerine s\u0131zd\u0131rmaz ba\u011flant\u0131lar i\u00e7in Luer-lock uyumlulu\u011funa sahiptir.<\/p>","protected":false},"excerpt":{"rendered":"<p>T\u0131bbi s\u0131n\u0131f 27-gauge (0,4 mm) da\u011f\u0131t\u0131m i\u011fneleri TT27G, ila\u00e7lar\u0131n, a\u015f\u0131lar\u0131n veya biyolojik s\u0131v\u0131lar\u0131n hassas bir \u015fekilde verilmesi i\u00e7in tasarlanm\u0131\u015ft\u0131r. Koyu mavi renk kodlamas\u0131 klinik ortamlarda h\u0131zl\u0131 tan\u0131mlamay\u0131 kolayla\u015ft\u0131r\u0131r. Subkutan enjeksiyonlar, ince aspirasyon prosed\u00fcrleri veya minimal travman\u0131n gerekli oldu\u011fu hassas doku uygulamalar\u0131 i\u00e7in idealdir.<\/p>","protected":false},"featured_media":1209,"template":"","meta":{"_acf_changed":false,"site-sidebar-layout":"default","site-content-layout":"","ast-site-content-layout":"default","site-content-style":"default","site-sidebar-style":"default","ast-global-header-display":"","ast-banner-title-visibility":"","ast-main-header-display":"","ast-hfb-above-header-display":"","ast-hfb-below-header-display":"","ast-hfb-mobile-header-display":"","site-post-title":"","ast-breadcrumbs-content":"","ast-featured-img":"","footer-sml-layout":"","ast-disable-related-posts":"","theme-transparent-header-meta":"default","adv-header-id-meta":"","stick-header-meta":"","header-above-stick-meta":"","header-main-stick-meta":"","header-below-stick-meta":"","astra-migrate-meta-layouts":"set","ast-page-background-enabled":"default","ast-page-background-meta":{"desktop":{"background-color":"var(--ast-global-color-5)","background-image":"","background-repeat":"repeat","background-position":"center center","background-size":"auto","background-attachment":"scroll","background-type":"","background-media":"","overlay-type":"","overlay-color":"","overlay-opacity":"","overlay-gradient":""},"tablet":{"background-color":"","background-image":"","background-repeat":"repeat","background-position":"center center","background-size":"auto","background-attachment":"scroll","background-type":"","background-media":"","overlay-type":"","overlay-color":"","overlay-opacity":"","overlay-gradient":""},"mobile":{"background-color":"","background-image":"","background-repeat":"repeat","background-position":"center center","background-size":"auto","background-attachment":"scroll","background-type":"","background-media":"","overlay-type":"","overlay-color":"","overlay-opacity":"","overlay-gradient":""}},"ast-content-background-meta":{"desktop":{"background-color":"var(--ast-global-color-4)","background-image":"","background-repeat":"repeat","background-position":"center center","background-size":"auto","background-attachment":"scroll","background-type":"","background-media":"","overlay-type":"","overlay-color":"","overlay-opacity":"","overlay-gradient":""},"tablet":{"background-color":"var(--ast-global-color-4)","background-image":"","background-repeat":"repeat","background-position":"center center","background-size":"auto","background-attachment":"scroll","background-type":"","background-media":"","overlay-type":"","overlay-color":"","overlay-opacity":"","overlay-gradient":""},"mobile":{"background-color":"var(--ast-global-color-4)","background-image":"","background-repeat":"repeat","background-position":"center center","background-size":"auto","background-attachment":"scroll","background-type":"","background-media":"","overlay-type":"","overlay-color":"","overlay-opacity":"","overlay-gradient":""}}},"product_brand":[],"product_cat":[58,64],"product_tag":[],"class_list":{"0":"post-820","1":"product","2":"type-product","3":"status-publish","4":"has-post-thumbnail","6":"product_cat-dispensing-needles","7":"product_cat-dispensing-needles-and-tips","8":"desktop-align-left","9":"tablet-align-left","10":"mobile-align-left","12":"first","13":"instock","14":"shipping-taxable","15":"product-type-simple"},"acf":[],"yoast_head":"<!-- This site is optimized with the Yoast SEO plugin v27.4 - https:\/\/yoast.com\/product\/yoast-seo-wordpress\/ -->\n<title>Dispensing Needles TT27G(\u00f80.4) Dark Blue Opaque<\/title>\n<meta name=\"description\" content=\"These precision 27-gauge (0.4mm inner diameter) dispensing needles TT27G feature a dark blue opaque design for easy identification.\" \/>\n<meta name=\"robots\" content=\"index, follow, max-snippet:-1, max-image-preview:large, max-video-preview:-1\" \/>\n<link rel=\"canonical\" href=\"https:\/\/topkeymedical.com\/tr\/urun\/dagitim-igneleri-tt27g\/\" \/>\n<meta property=\"og:locale\" content=\"tr_TR\" \/>\n<meta property=\"og:type\" content=\"article\" \/>\n<meta property=\"og:title\" content=\"Dispensing Needles TT27G(\u00f80.4) Dark Blue Opaque\" \/>\n<meta property=\"og:description\" content=\"These precision 27-gauge (0.4mm inner diameter) dispensing needles TT27G feature a dark blue opaque design for easy identification.\" \/>\n<meta property=\"og:url\" content=\"https:\/\/topkeymedical.com\/tr\/urun\/dagitim-igneleri-tt27g\/\" \/>\n<meta property=\"og:site_name\" content=\"TOPKEY\u2013 Precision in Every Detail, Guardian of Life and Health\" \/>\n<meta property=\"article:publisher\" content=\"https:\/\/www.facebook.com\/profile.php?id=100088897294997\" \/>\n<meta property=\"article:modified_time\" content=\"2025-09-06T03:10:50+00:00\" \/>\n<meta property=\"og:image\" content=\"https:\/\/topkeymedical.com\/wp-content\/uploads\/2025\/08\/Dispensing-Needles-TT27G-2.webp\" \/>\n\t<meta property=\"og:image:width\" content=\"800\" \/>\n\t<meta property=\"og:image:height\" content=\"800\" \/>\n\t<meta property=\"og:image:type\" content=\"image\/webp\" \/>\n<meta name=\"twitter:card\" content=\"summary_large_image\" \/>\n<meta name=\"twitter:label1\" content=\"Tahmini okuma s\u00fcresi\" \/>\n\t<meta name=\"twitter:data1\" content=\"2 dakika\" \/>\n<script type=\"application\/ld+json\" class=\"yoast-schema-graph\">{\"@context\":\"https:\\\/\\\/schema.org\",\"@graph\":[{\"@type\":\"WebPage\",\"@id\":\"https:\\\/\\\/topkeymedical.com\\\/product\\\/dispensing-needles-tt27g\\\/\",\"url\":\"https:\\\/\\\/topkeymedical.com\\\/product\\\/dispensing-needles-tt27g\\\/\",\"name\":\"Dispensing Needles TT27G(\u00f80.4) Dark Blue Opaque\",\"isPartOf\":{\"@id\":\"https:\\\/\\\/topkeymedical.com\\\/#website\"},\"primaryImageOfPage\":{\"@id\":\"https:\\\/\\\/topkeymedical.com\\\/product\\\/dispensing-needles-tt27g\\\/#primaryimage\"},\"image\":{\"@id\":\"https:\\\/\\\/topkeymedical.com\\\/product\\\/dispensing-needles-tt27g\\\/#primaryimage\"},\"thumbnailUrl\":\"https:\\\/\\\/topkeymedical.com\\\/wp-content\\\/uploads\\\/2025\\\/08\\\/Dispensing-Needles-TT27G-2.webp\",\"datePublished\":\"2025-06-17T06:43:04+00:00\",\"dateModified\":\"2025-09-06T03:10:50+00:00\",\"description\":\"These precision 27-gauge (0.4mm inner diameter) dispensing needles TT27G feature a dark blue opaque design for easy identification.\",\"breadcrumb\":{\"@id\":\"https:\\\/\\\/topkeymedical.com\\\/product\\\/dispensing-needles-tt27g\\\/#breadcrumb\"},\"inLanguage\":\"tr\",\"potentialAction\":[{\"@type\":\"ReadAction\",\"target\":[\"https:\\\/\\\/topkeymedical.com\\\/product\\\/dispensing-needles-tt27g\\\/\"]}]},{\"@type\":\"ImageObject\",\"inLanguage\":\"tr\",\"@id\":\"https:\\\/\\\/topkeymedical.com\\\/product\\\/dispensing-needles-tt27g\\\/#primaryimage\",\"url\":\"https:\\\/\\\/topkeymedical.com\\\/wp-content\\\/uploads\\\/2025\\\/08\\\/Dispensing-Needles-TT27G-2.webp\",\"contentUrl\":\"https:\\\/\\\/topkeymedical.com\\\/wp-content\\\/uploads\\\/2025\\\/08\\\/Dispensing-Needles-TT27G-2.webp\",\"width\":800,\"height\":800,\"caption\":\"dispensing needles TT27G\"},{\"@type\":\"BreadcrumbList\",\"@id\":\"https:\\\/\\\/topkeymedical.com\\\/product\\\/dispensing-needles-tt27g\\\/#breadcrumb\",\"itemListElement\":[{\"@type\":\"ListItem\",\"position\":1,\"name\":\"Home\",\"item\":\"https:\\\/\\\/topkeymedical.com\\\/\"},{\"@type\":\"ListItem\",\"position\":2,\"name\":\"Products\",\"item\":\"https:\\\/\\\/topkeymedical.com\\\/shop\\\/\"},{\"@type\":\"ListItem\",\"position\":3,\"name\":\"Dispensing Needles TT27G(\u00f80.4) Dark Blue Opaque\"}]},{\"@type\":\"WebSite\",\"@id\":\"https:\\\/\\\/topkeymedical.com\\\/#website\",\"url\":\"https:\\\/\\\/topkeymedical.com\\\/\",\"name\":\"TOPKEY\u2013 Precision in Every Detail, Guardian of Life and Health\",\"description\":\"\",\"publisher\":{\"@id\":\"https:\\\/\\\/topkeymedical.com\\\/#organization\"},\"potentialAction\":[{\"@type\":\"SearchAction\",\"target\":{\"@type\":\"EntryPoint\",\"urlTemplate\":\"https:\\\/\\\/topkeymedical.com\\\/?s={search_term_string}\"},\"query-input\":{\"@type\":\"PropertyValueSpecification\",\"valueRequired\":true,\"valueName\":\"search_term_string\"}}],\"inLanguage\":\"tr\"},{\"@type\":\"Organization\",\"@id\":\"https:\\\/\\\/topkeymedical.com\\\/#organization\",\"name\":\"TOPKEY\u2013 Precision in Every Detail, Guardian of Life and Health\",\"url\":\"https:\\\/\\\/topkeymedical.com\\\/\",\"logo\":{\"@type\":\"ImageObject\",\"inLanguage\":\"tr\",\"@id\":\"https:\\\/\\\/topkeymedical.com\\\/#\\\/schema\\\/logo\\\/image\\\/\",\"url\":\"https:\\\/\\\/topkeymedical.com\\\/wp-content\\\/uploads\\\/2025\\\/05\\\/cropped-logo.jpg\",\"contentUrl\":\"https:\\\/\\\/topkeymedical.com\\\/wp-content\\\/uploads\\\/2025\\\/05\\\/cropped-logo.jpg\",\"width\":512,\"height\":512,\"caption\":\"TOPKEY\u2013 Precision in Every Detail, Guardian of Life and Health\"},\"image\":{\"@id\":\"https:\\\/\\\/topkeymedical.com\\\/#\\\/schema\\\/logo\\\/image\\\/\"},\"sameAs\":[\"https:\\\/\\\/www.facebook.com\\\/profile.php?id=100088897294997\",\"https:\\\/\\\/www.youtube.com\\\/@TopkeyMedical-Alice888\",\"https:\\\/\\\/www.linkedin.com\\\/in\\\/alice-hu-bb66a01b3\\\/\"]}]}<\/script>\n<!-- \/ Yoast SEO plugin. -->","yoast_head_json":{"title":"Da\u011f\u0131t\u0131m \u0130\u011fneleri TT27G (\u00f80,4) Koyu Mavi Opak","description":"Bu hassas 27-gauge (0,4 mm i\u00e7 \u00e7ap) da\u011f\u0131t\u0131m i\u011fneleri TT27G, kolay tan\u0131mlama i\u00e7in koyu mavi opak bir tasar\u0131ma sahiptir.","robots":{"index":"index","follow":"follow","max-snippet":"max-snippet:-1","max-image-preview":"max-image-preview:large","max-video-preview":"max-video-preview:-1"},"canonical":"https:\/\/topkeymedical.com\/tr\/urun\/dagitim-igneleri-tt27g\/","og_locale":"tr_TR","og_type":"article","og_title":"Dispensing Needles TT27G(\u00f80.4) Dark Blue Opaque","og_description":"These precision 27-gauge (0.4mm inner diameter) dispensing needles TT27G feature a dark blue opaque design for easy identification.","og_url":"https:\/\/topkeymedical.com\/tr\/urun\/dagitim-igneleri-tt27g\/","og_site_name":"TOPKEY\u2013 Precision in Every Detail, Guardian of Life and Health","article_publisher":"https:\/\/www.facebook.com\/profile.php?id=100088897294997","article_modified_time":"2025-09-06T03:10:50+00:00","og_image":[{"width":800,"height":800,"url":"https:\/\/topkeymedical.com\/wp-content\/uploads\/2025\/08\/Dispensing-Needles-TT27G-2.webp","type":"image\/webp"}],"twitter_card":"summary_large_image","twitter_misc":{"Tahmini okuma s\u00fcresi":"2 dakika"},"schema":{"@context":"https:\/\/schema.org","@graph":[{"@type":"WebPage","@id":"https:\/\/topkeymedical.com\/product\/dispensing-needles-tt27g\/","url":"https:\/\/topkeymedical.com\/product\/dispensing-needles-tt27g\/","name":"Da\u011f\u0131t\u0131m \u0130\u011fneleri TT27G (\u00f80,4) Koyu Mavi Opak","isPartOf":{"@id":"https:\/\/topkeymedical.com\/#website"},"primaryImageOfPage":{"@id":"https:\/\/topkeymedical.com\/product\/dispensing-needles-tt27g\/#primaryimage"},"image":{"@id":"https:\/\/topkeymedical.com\/product\/dispensing-needles-tt27g\/#primaryimage"},"thumbnailUrl":"https:\/\/topkeymedical.com\/wp-content\/uploads\/2025\/08\/Dispensing-Needles-TT27G-2.webp","datePublished":"2025-06-17T06:43:04+00:00","dateModified":"2025-09-06T03:10:50+00:00","description":"Bu hassas 27-gauge (0,4 mm i\u00e7 \u00e7ap) da\u011f\u0131t\u0131m i\u011fneleri TT27G, kolay tan\u0131mlama i\u00e7in koyu mavi opak bir tasar\u0131ma sahiptir.","breadcrumb":{"@id":"https:\/\/topkeymedical.com\/product\/dispensing-needles-tt27g\/#breadcrumb"},"inLanguage":"tr","potentialAction":[{"@type":"ReadAction","target":["https:\/\/topkeymedical.com\/product\/dispensing-needles-tt27g\/"]}]},{"@type":"ImageObject","inLanguage":"tr","@id":"https:\/\/topkeymedical.com\/product\/dispensing-needles-tt27g\/#primaryimage","url":"https:\/\/topkeymedical.com\/wp-content\/uploads\/2025\/08\/Dispensing-Needles-TT27G-2.webp","contentUrl":"https:\/\/topkeymedical.com\/wp-content\/uploads\/2025\/08\/Dispensing-Needles-TT27G-2.webp","width":800,"height":800,"caption":"dispensing needles TT27G"},{"@type":"BreadcrumbList","@id":"https:\/\/topkeymedical.com\/product\/dispensing-needles-tt27g\/#breadcrumb","itemListElement":[{"@type":"ListItem","position":1,"name":"Home","item":"https:\/\/topkeymedical.com\/"},{"@type":"ListItem","position":2,"name":"Products","item":"https:\/\/topkeymedical.com\/shop\/"},{"@type":"ListItem","position":3,"name":"Dispensing Needles TT27G(\u00f80.4) Dark Blue Opaque"}]},{"@type":"WebSite","@id":"https:\/\/topkeymedical.com\/#website","url":"https:\/\/topkeymedical.com\/","name":"TOPKEY- Her Ayr\u0131nt\u0131da Hassasiyet, Ya\u015fam ve Sa\u011fl\u0131\u011f\u0131n Koruyucusu","description":"","publisher":{"@id":"https:\/\/topkeymedical.com\/#organization"},"potentialAction":[{"@type":"SearchAction","target":{"@type":"EntryPoint","urlTemplate":"https:\/\/topkeymedical.com\/?s={search_term_string}"},"query-input":{"@type":"PropertyValueSpecification","valueRequired":true,"valueName":"search_term_string"}}],"inLanguage":"tr"},{"@type":"Organization","@id":"https:\/\/topkeymedical.com\/#organization","name":"TOPKEY- Her Ayr\u0131nt\u0131da Hassasiyet, Ya\u015fam ve Sa\u011fl\u0131\u011f\u0131n Koruyucusu","url":"https:\/\/topkeymedical.com\/","logo":{"@type":"ImageObject","inLanguage":"tr","@id":"https:\/\/topkeymedical.com\/#\/schema\/logo\/image\/","url":"https:\/\/topkeymedical.com\/wp-content\/uploads\/2025\/05\/cropped-logo.jpg","contentUrl":"https:\/\/topkeymedical.com\/wp-content\/uploads\/2025\/05\/cropped-logo.jpg","width":512,"height":512,"caption":"TOPKEY\u2013 Precision in Every Detail, Guardian of Life and Health"},"image":{"@id":"https:\/\/topkeymedical.com\/#\/schema\/logo\/image\/"},"sameAs":["https:\/\/www.facebook.com\/profile.php?id=100088897294997","https:\/\/www.youtube.com\/@TopkeyMedical-Alice888","https:\/\/www.linkedin.com\/in\/alice-hu-bb66a01b3\/"]}]}},"_links":{"self":[{"href":"https:\/\/topkeymedical.com\/tr\/wp-json\/wp\/v2\/product\/820","targetHints":{"allow":["GET"]}}],"collection":[{"href":"https:\/\/topkeymedical.com\/tr\/wp-json\/wp\/v2\/product"}],"about":[{"href":"https:\/\/topkeymedical.com\/tr\/wp-json\/wp\/v2\/types\/product"}],"version-history":[{"count":6,"href":"https:\/\/topkeymedical.com\/tr\/wp-json\/wp\/v2\/product\/820\/revisions"}],"predecessor-version":[{"id":1380,"href":"https:\/\/topkeymedical.com\/tr\/wp-json\/wp\/v2\/product\/820\/revisions\/1380"}],"wp:featuredmedia":[{"embeddable":true,"href":"https:\/\/topkeymedical.com\/tr\/wp-json\/wp\/v2\/media\/1209"}],"wp:attachment":[{"href":"https:\/\/topkeymedical.com\/tr\/wp-json\/wp\/v2\/media?parent=820"}],"wp:term":[{"taxonomy":"product_brand","embeddable":true,"href":"https:\/\/topkeymedical.com\/tr\/wp-json\/wp\/v2\/product_brand?post=820"},{"taxonomy":"product_cat","embeddable":true,"href":"https:\/\/topkeymedical.com\/tr\/wp-json\/wp\/v2\/product_cat?post=820"},{"taxonomy":"product_tag","embeddable":true,"href":"https:\/\/topkeymedical.com\/tr\/wp-json\/wp\/v2\/product_tag?post=820"}],"curies":[{"name":"wp","href":"https:\/\/api.w.org\/{rel}","templated":true}]}}