{"id":826,"date":"2025-06-17T06:56:31","date_gmt":"2025-06-17T06:56:31","guid":{"rendered":"https:\/\/topkeymedical.com\/?post_type=product&#038;p=826"},"modified":"2025-09-06T02:05:20","modified_gmt":"2025-09-06T02:05:20","slug":"dagitim-ignesi-uclari-tt14g","status":"publish","type":"product","link":"https:\/\/topkeymedical.com\/tr\/urun\/dagitim-ignesi-uclari-tt14g\/","title":{"rendered":"Da\u011f\u0131t\u0131m \u0130\u011fne U\u00e7lar\u0131 TT14G (\u00f81.6) Ordu Ye\u015fili Opak"},"content":{"rendered":"<h2 data-start=\"1231\" data-end=\"1263\">Teknik \u00d6zellikler<\/h2>\n<div class=\"_tableContainer_1rjym_1\">\n<div class=\"_tableWrapper_1rjym_13 group flex w-fit flex-col-reverse\" tabindex=\"-1\">\n<table class=\"w-fit min-w-(--thread-content-width)\" data-start=\"1265\" data-end=\"3147\">\n<thead data-start=\"1265\" data-end=\"1381\">\n<tr data-start=\"1265\" data-end=\"1381\">\n<th data-start=\"1265\" data-end=\"1294\" data-col-size=\"sm\">Parametre<\/th>\n<th data-start=\"1294\" data-end=\"1381\" data-col-size=\"md\">De\u011fer \/ A\u00e7\u0131klama<\/th>\n<\/tr>\n<\/thead>\n<tbody data-start=\"1500\" data-end=\"3147\">\n<tr data-start=\"1500\" data-end=\"1617\">\n<td data-start=\"1500\" data-end=\"1530\" data-col-size=\"sm\"><strong data-start=\"1502\" data-end=\"1518\">\u00dcr\u00fcn Ad\u0131<\/strong><\/td>\n<td data-start=\"1530\" data-end=\"1617\" data-col-size=\"md\">Da\u011f\u0131t\u0131m \u0130\u011fne U\u00e7lar\u0131 TT14G<\/td>\n<\/tr>\n<tr data-start=\"1618\" data-end=\"1735\">\n<td data-start=\"1618\" data-end=\"1648\" data-col-size=\"sm\"><strong data-start=\"1620\" data-end=\"1635\">SKU \u00d6rne\u011fi<\/strong><\/td>\n<td data-start=\"1648\" data-end=\"1735\" data-col-size=\"md\">TT14G (\u00f81,6 mm) Ordu Ye\u015fili Opak<\/td>\n<\/tr>\n<tr data-start=\"1736\" data-end=\"1852\">\n<td data-start=\"1736\" data-end=\"1766\" data-col-size=\"sm\"><strong data-start=\"1738\" data-end=\"1752\">\u00d6l\u00e7\u00fc Boyutu<\/strong><\/td>\n<td data-start=\"1766\" data-end=\"1852\" data-col-size=\"md\">14G<\/td>\n<\/tr>\n<tr data-start=\"1853\" data-end=\"1969\">\n<td data-start=\"1853\" data-end=\"1883\" data-col-size=\"sm\"><strong data-start=\"1855\" data-end=\"1878\">\u0130\u00e7 \u00c7ap (ID)<\/strong><\/td>\n<td data-start=\"1883\" data-end=\"1969\" data-col-size=\"md\">1.60 mm<\/td>\n<\/tr>\n<tr data-start=\"1970\" data-end=\"2086\">\n<td data-start=\"1970\" data-end=\"2000\" data-col-size=\"sm\"><strong data-start=\"1972\" data-end=\"1995\">D\u0131\u015f \u00c7ap (OD)<\/strong><\/td>\n<td data-start=\"2000\" data-end=\"2086\" data-col-size=\"md\">~2.10 mm<\/td>\n<\/tr>\n<tr data-start=\"2087\" data-end=\"2204\">\n<td data-start=\"2087\" data-end=\"2117\" data-col-size=\"sm\"><strong data-start=\"2089\" data-end=\"2114\">\u0130\u011fne Uzunlu\u011fu Se\u00e7enekleri<\/strong><\/td>\n<td data-start=\"2117\" data-end=\"2204\" data-col-size=\"md\">Standart 1 in\u00e7 (25 mm), 1,5 in\u00e7 (38 mm), 2 in\u00e7 (50 mm); \u00f6zel uzunluklar mevcuttur<\/td>\n<\/tr>\n<tr data-start=\"2205\" data-end=\"2322\">\n<td data-start=\"2205\" data-end=\"2235\" data-col-size=\"sm\"><strong data-start=\"2207\" data-end=\"2229\">Malzeme - Kan\u00fcl<\/strong><\/td>\n<td data-start=\"2235\" data-end=\"2322\" data-col-size=\"md\">T\u0131bbi s\u0131n\u0131f paslanmaz \u00e7elik (ISO 9626 uyumlu)<\/td>\n<\/tr>\n<tr data-start=\"2323\" data-end=\"2440\">\n<td data-start=\"2323\" data-end=\"2353\" data-col-size=\"sm\"><strong data-start=\"2325\" data-end=\"2343\">Malzeme - G\u00f6bek<\/strong><\/td>\n<td data-start=\"2353\" data-end=\"2440\" data-col-size=\"md\">Polipropilen, ordu ye\u015fili opak, ISO 6009 g\u00f6sterge kodlu<\/td>\n<\/tr>\n<tr data-start=\"2441\" data-end=\"2558\">\n<td data-start=\"2441\" data-end=\"2471\" data-col-size=\"sm\"><strong data-start=\"2443\" data-end=\"2462\">Ba\u011flant\u0131 T\u00fcr\u00fc<\/strong><\/td>\n<td data-start=\"2471\" data-end=\"2558\" data-col-size=\"md\">Evrensel Luer-lock \/ Luer-slip<\/td>\n<\/tr>\n<tr data-start=\"2559\" data-end=\"2676\">\n<td data-start=\"2559\" data-end=\"2589\" data-col-size=\"sm\"><strong data-start=\"2561\" data-end=\"2585\">Sterilizasyon Y\u00f6ntemi<\/strong><\/td>\n<td data-start=\"2589\" data-end=\"2676\" data-col-size=\"md\">EO (Etilen Oksit) ile sterilize edilmi\u015ftir<\/td>\n<\/tr>\n<tr data-start=\"2677\" data-end=\"2794\">\n<td data-start=\"2677\" data-end=\"2707\" data-col-size=\"sm\"><strong data-start=\"2679\" data-end=\"2692\">Paketleme<\/strong><\/td>\n<td data-start=\"2707\" data-end=\"2794\" data-col-size=\"md\">Tek tek blister ambalajl\u0131, kutu ba\u015f\u0131na 100 adet<\/td>\n<\/tr>\n<tr data-start=\"2795\" data-end=\"2911\">\n<td data-start=\"2795\" data-end=\"2825\" data-col-size=\"sm\"><strong data-start=\"2797\" data-end=\"2811\">Tek Kullan\u0131ml\u0131k<\/strong><\/td>\n<td data-start=\"2825\" data-end=\"2911\" data-col-size=\"md\">Evet<\/td>\n<\/tr>\n<tr data-start=\"2912\" data-end=\"3029\">\n<td data-start=\"2912\" data-end=\"2942\" data-col-size=\"sm\"><strong data-start=\"2914\" data-end=\"2931\">Sertifikasyon<\/strong><\/td>\n<td data-start=\"2942\" data-end=\"3029\" data-col-size=\"md\">ISO 13485, CE i\u015fareti, FDA uyumlulu\u011fu (uygulanabildi\u011fi yerlerde)<\/td>\n<\/tr>\n<tr data-start=\"3030\" data-end=\"3147\">\n<td data-start=\"3030\" data-end=\"3060\" data-col-size=\"sm\"><strong data-start=\"3032\" data-end=\"3046\">Raf \u00d6mr\u00fc<\/strong><\/td>\n<td data-start=\"3060\" data-end=\"3147\" data-col-size=\"md\">3-5 y\u0131l (serin ve kuru ko\u015fullarda uygun \u015fekilde saklan\u0131rsa)<\/td>\n<\/tr>\n<\/tbody>\n<\/table>\n<\/div>\n<\/div>\n<hr data-start=\"3149\" data-end=\"3152\" \/>\n<h2>A\u011f\u0131r Hizmet Uygulamalar\u0131 i\u00e7in End\u00fcstriyel S\u0131n\u0131f Da\u011f\u0131t\u0131m \u00c7\u00f6z\u00fcm\u00fc<\/h2>\n<p>Zorlu end\u00fcstriyel ortamlar i\u00e7in tasarlanan TT14G Ordu Ye\u015fili da\u011f\u0131t\u0131m i\u011fnelerimiz, ekstra b\u00fcy\u00fck 1,6 mm i\u00e7 \u00e7apa sahiptir ve bu da onlar\u0131 otomotiv, elektrik ve a\u011f\u0131r imalat uygulamalar\u0131nda y\u00fcksek viskoziteli s\u0131v\u0131lar, \u00e7\u00f6mlek\u00e7ilik bile\u015fikleri ve s\u0131zd\u0131rmazl\u0131k malzemeleri i\u00e7in ideal se\u00e7im haline getirir.<\/p>\n<p>Temel \u00d6zellikler:<br \/>\n\u2714 1,6 mm mega delik - En kal\u0131n yap\u0131\u015ft\u0131r\u0131c\u0131lar\u0131, gresleri ve kaps\u00fclleyicileri kolayl\u0131kla i\u015fler<br \/>\n\u2714 Askeri s\u0131n\u0131f ordu ye\u015fili polimer - Solventlere ve ya\u011flara kar\u015f\u0131 \u00fcst\u00fcn kimyasal diren\u00e7<br \/>\n\u2714 G\u00fc\u00e7lendirilmi\u015f duvar yap\u0131s\u0131 - 500psi'ye kadar y\u00fcksek bas\u0131n\u00e7l\u0131 da\u011f\u0131t\u0131m sistemlerine dayan\u0131r<br \/>\n\u2714 Opak UV diren\u00e7li malzeme - Uygulama s\u0131ras\u0131nda \u0131\u015f\u0131\u011fa duyarl\u0131 bile\u015fenleri korur<br \/>\nT\u0131kanmay\u0131 \u00f6nleyen konik tasar\u0131m - Partik\u00fcl dolu malzemelerin tutarl\u0131 ak\u0131\u015f\u0131n\u0131 sa\u011flar<\/p>\n<p>Teknik \u00dcst\u00fcnl\u00fck:<br \/>\n- A\u015f\u0131r\u0131 dayan\u0131kl\u0131l\u0131k i\u00e7in 30% cam dolgulu naylondan \u00fcretilmi\u015ftir<br \/>\n- 40\u00b0C ila 150\u00b0C aras\u0131ndaki s\u0131cakl\u0131klarda yap\u0131sal b\u00fct\u00fcnl\u00fc\u011f\u00fcn\u00fc korur<br \/>\n- Poli\u00fcretanlar, epoksiler ve silikon bazl\u0131 bile\u015fiklerle kullan\u0131m i\u00e7in optimize edilmi\u015ftir<br \/>\n- \u00dcretim hatlar\u0131nda kolay tan\u0131mlama i\u00e7in asker ye\u015fili renk kodlu<\/p>\n<p>\u015eunun i\u00e7in ideal:<br \/>\n- Otomotiv astar ve conta uygulamalar\u0131<br \/>\n- Elektrik transformat\u00f6r\u00fc potlama ve kaps\u00fclleme<br \/>\n- End\u00fcstriyel ekipman s\u0131zd\u0131rmazl\u0131\u011f\u0131 ve bak\u0131m\u0131<br \/>\n- \u0130n\u015faat ve makinelerde a\u011f\u0131r hizmet yap\u0131\u015ft\u0131rma<\/p>\n<h2>Neden TT14G Da\u011f\u0131t\u0131m \u0130\u011fne U\u00e7lar\u0131n\u0131 Se\u00e7melisiniz?<\/h2>\n<p>Askeriyeden ilham alan ordu ye\u015fili i\u011fnelerimiz, en zorlu ortamlarda standart da\u011f\u0131t\u0131m u\u00e7lar\u0131ndan daha iyi performans g\u00f6stermek i\u00e7in maksimum ak\u0131\u015f kapasitesini ola\u011fan\u00fcst\u00fc dayan\u0131kl\u0131l\u0131kla birle\u015ftirir. B\u00fcy\u00fck boyutlu delik geri bas\u0131nc\u0131 azalt\u0131rken, sert yap\u0131 y\u00fcksek hacimli uygulamalar s\u0131ras\u0131nda b\u00fck\u00fclmeyi \u00f6nler.<\/p>\n<p>Hassasiyetin kaba kuvvetle bulu\u015ftu\u011fu end\u00fcstriyel sava\u015f\u00e7\u0131lar i\u00e7in \u00fcretilmi\u015ftir.<\/p>\n<p>Teknik Not: T\u00fcm standart da\u011f\u0131t\u0131m sistemlerine g\u00fcvenli ba\u011flant\u0131 i\u00e7in Luer-lock uyumlulu\u011fu i\u00e7erir.<\/p>\n<p>&nbsp;<\/p>","protected":false},"excerpt":{"rendered":"<p>Viskoz ila\u00e7 uygulamas\u0131, yara irigasyonu veya cerrahi emme gibi daha y\u00fcksek ak\u0131\u015f h\u0131zlar\u0131 gerektiren t\u0131bbi uygulamalar i\u00e7in steril 14-gauge (1,6 mm) i\u011fne u\u00e7lar\u0131. Da\u011f\u0131t\u0131m i\u011fnesi u\u00e7lar\u0131 TT14G ordu ye\u015fili opak tasar\u0131m\u0131, \u0131\u015f\u0131\u011fa duyarl\u0131 bile\u015fiklerin \u0131\u015f\u0131\u011fa maruz kalmas\u0131n\u0131 \u00f6nlerken prosed\u00fcr tepsilerinde net g\u00f6r\u00fcn\u00fcrl\u00fck sa\u011flar.<\/p>","protected":false},"featured_media":1188,"template":"","meta":{"_acf_changed":false,"site-sidebar-layout":"default","site-content-layout":"","ast-site-content-layout":"default","site-content-style":"default","site-sidebar-style":"default","ast-global-header-display":"","ast-banner-title-visibility":"","ast-main-header-display":"","ast-hfb-above-header-display":"","ast-hfb-below-header-display":"","ast-hfb-mobile-header-display":"","site-post-title":"","ast-breadcrumbs-content":"","ast-featured-img":"","footer-sml-layout":"","ast-disable-related-posts":"","theme-transparent-header-meta":"default","adv-header-id-meta":"","stick-header-meta":"","header-above-stick-meta":"","header-main-stick-meta":"","header-below-stick-meta":"","astra-migrate-meta-layouts":"set","ast-page-background-enabled":"default","ast-page-background-meta":{"desktop":{"background-color":"var(--ast-global-color-5)","background-image":"","background-repeat":"repeat","background-position":"center center","background-size":"auto","background-attachment":"scroll","background-type":"","background-media":"","overlay-type":"","overlay-color":"","overlay-opacity":"","overlay-gradient":""},"tablet":{"background-color":"","background-image":"","background-repeat":"repeat","background-position":"center center","background-size":"auto","background-attachment":"scroll","background-type":"","background-media":"","overlay-type":"","overlay-color":"","overlay-opacity":"","overlay-gradient":""},"mobile":{"background-color":"","background-image":"","background-repeat":"repeat","background-position":"center center","background-size":"auto","background-attachment":"scroll","background-type":"","background-media":"","overlay-type":"","overlay-color":"","overlay-opacity":"","overlay-gradient":""}},"ast-content-background-meta":{"desktop":{"background-color":"var(--ast-global-color-4)","background-image":"","background-repeat":"repeat","background-position":"center center","background-size":"auto","background-attachment":"scroll","background-type":"","background-media":"","overlay-type":"","overlay-color":"","overlay-opacity":"","overlay-gradient":""},"tablet":{"background-color":"var(--ast-global-color-4)","background-image":"","background-repeat":"repeat","background-position":"center center","background-size":"auto","background-attachment":"scroll","background-type":"","background-media":"","overlay-type":"","overlay-color":"","overlay-opacity":"","overlay-gradient":""},"mobile":{"background-color":"var(--ast-global-color-4)","background-image":"","background-repeat":"repeat","background-position":"center center","background-size":"auto","background-attachment":"scroll","background-type":"","background-media":"","overlay-type":"","overlay-color":"","overlay-opacity":"","overlay-gradient":""}}},"product_brand":[],"product_cat":[58,64],"product_tag":[],"class_list":{"0":"post-826","1":"product","2":"type-product","3":"status-publish","4":"has-post-thumbnail","6":"product_cat-dispensing-needles","7":"product_cat-dispensing-needles-and-tips","8":"desktop-align-left","9":"tablet-align-left","10":"mobile-align-left","12":"first","13":"instock","14":"shipping-taxable","15":"product-type-simple"},"acf":[],"yoast_head":"<!-- This site is optimized with the Yoast SEO plugin v27.4 - https:\/\/yoast.com\/product\/yoast-seo-wordpress\/ -->\n<title>Dispensing Needle Tips TT14G(\u00f81.6) Army Green Opaque<\/title>\n<meta name=\"description\" content=\"With a large 1.6mm bore (14-gauge), these dispensing needle tips TT14G army green opaque tips are optimized for high-viscosity fluids like epoxies\" \/>\n<meta name=\"robots\" content=\"index, follow, max-snippet:-1, max-image-preview:large, max-video-preview:-1\" \/>\n<link rel=\"canonical\" href=\"https:\/\/topkeymedical.com\/tr\/urun\/dagitim-ignesi-uclari-tt14g\/\" \/>\n<meta property=\"og:locale\" content=\"tr_TR\" \/>\n<meta property=\"og:type\" content=\"article\" \/>\n<meta property=\"og:title\" content=\"Dispensing Needle Tips TT14G(\u00f81.6) Army Green Opaque\" \/>\n<meta property=\"og:description\" content=\"With a large 1.6mm bore (14-gauge), these dispensing needle tips TT14G army green opaque tips are optimized for high-viscosity fluids like epoxies\" \/>\n<meta property=\"og:url\" content=\"https:\/\/topkeymedical.com\/tr\/urun\/dagitim-ignesi-uclari-tt14g\/\" \/>\n<meta property=\"og:site_name\" content=\"TOPKEY\u2013 Precision in Every Detail, Guardian of Life and Health\" \/>\n<meta property=\"article:publisher\" content=\"https:\/\/www.facebook.com\/profile.php?id=100088897294997\" \/>\n<meta property=\"article:modified_time\" content=\"2025-09-06T02:05:20+00:00\" \/>\n<meta property=\"og:image\" content=\"https:\/\/topkeymedical.com\/wp-content\/uploads\/2025\/08\/Dispensing-Needle-Tips-TT14G-1.webp\" \/>\n\t<meta property=\"og:image:width\" content=\"800\" \/>\n\t<meta property=\"og:image:height\" content=\"800\" \/>\n\t<meta property=\"og:image:type\" content=\"image\/webp\" \/>\n<meta name=\"twitter:card\" content=\"summary_large_image\" \/>\n<meta name=\"twitter:label1\" content=\"Tahmini okuma s\u00fcresi\" \/>\n\t<meta name=\"twitter:data1\" content=\"2 dakika\" \/>\n<script type=\"application\/ld+json\" class=\"yoast-schema-graph\">{\"@context\":\"https:\\\/\\\/schema.org\",\"@graph\":[{\"@type\":\"WebPage\",\"@id\":\"https:\\\/\\\/topkeymedical.com\\\/product\\\/dispensing-needle-tips-tt14g\\\/\",\"url\":\"https:\\\/\\\/topkeymedical.com\\\/product\\\/dispensing-needle-tips-tt14g\\\/\",\"name\":\"Dispensing Needle Tips TT14G(\u00f81.6) Army Green Opaque\",\"isPartOf\":{\"@id\":\"https:\\\/\\\/topkeymedical.com\\\/#website\"},\"primaryImageOfPage\":{\"@id\":\"https:\\\/\\\/topkeymedical.com\\\/product\\\/dispensing-needle-tips-tt14g\\\/#primaryimage\"},\"image\":{\"@id\":\"https:\\\/\\\/topkeymedical.com\\\/product\\\/dispensing-needle-tips-tt14g\\\/#primaryimage\"},\"thumbnailUrl\":\"https:\\\/\\\/topkeymedical.com\\\/wp-content\\\/uploads\\\/2025\\\/08\\\/Dispensing-Needle-Tips-TT14G-1.webp\",\"datePublished\":\"2025-06-17T06:56:31+00:00\",\"dateModified\":\"2025-09-06T02:05:20+00:00\",\"description\":\"With a large 1.6mm bore (14-gauge), these dispensing needle tips TT14G army green opaque tips are optimized for high-viscosity fluids like epoxies\",\"breadcrumb\":{\"@id\":\"https:\\\/\\\/topkeymedical.com\\\/product\\\/dispensing-needle-tips-tt14g\\\/#breadcrumb\"},\"inLanguage\":\"tr\",\"potentialAction\":[{\"@type\":\"ReadAction\",\"target\":[\"https:\\\/\\\/topkeymedical.com\\\/product\\\/dispensing-needle-tips-tt14g\\\/\"]}]},{\"@type\":\"ImageObject\",\"inLanguage\":\"tr\",\"@id\":\"https:\\\/\\\/topkeymedical.com\\\/product\\\/dispensing-needle-tips-tt14g\\\/#primaryimage\",\"url\":\"https:\\\/\\\/topkeymedical.com\\\/wp-content\\\/uploads\\\/2025\\\/08\\\/Dispensing-Needle-Tips-TT14G-1.webp\",\"contentUrl\":\"https:\\\/\\\/topkeymedical.com\\\/wp-content\\\/uploads\\\/2025\\\/08\\\/Dispensing-Needle-Tips-TT14G-1.webp\",\"width\":800,\"height\":800,\"caption\":\"Dispensing Needle Tips TT14G\"},{\"@type\":\"BreadcrumbList\",\"@id\":\"https:\\\/\\\/topkeymedical.com\\\/product\\\/dispensing-needle-tips-tt14g\\\/#breadcrumb\",\"itemListElement\":[{\"@type\":\"ListItem\",\"position\":1,\"name\":\"Home\",\"item\":\"https:\\\/\\\/topkeymedical.com\\\/\"},{\"@type\":\"ListItem\",\"position\":2,\"name\":\"Products\",\"item\":\"https:\\\/\\\/topkeymedical.com\\\/shop\\\/\"},{\"@type\":\"ListItem\",\"position\":3,\"name\":\"Dispensing Needle Tips TT14G(\u00f81.6) Army Green Opaque\"}]},{\"@type\":\"WebSite\",\"@id\":\"https:\\\/\\\/topkeymedical.com\\\/#website\",\"url\":\"https:\\\/\\\/topkeymedical.com\\\/\",\"name\":\"TOPKEY\u2013 Precision in Every Detail, Guardian of Life and Health\",\"description\":\"\",\"publisher\":{\"@id\":\"https:\\\/\\\/topkeymedical.com\\\/#organization\"},\"potentialAction\":[{\"@type\":\"SearchAction\",\"target\":{\"@type\":\"EntryPoint\",\"urlTemplate\":\"https:\\\/\\\/topkeymedical.com\\\/?s={search_term_string}\"},\"query-input\":{\"@type\":\"PropertyValueSpecification\",\"valueRequired\":true,\"valueName\":\"search_term_string\"}}],\"inLanguage\":\"tr\"},{\"@type\":\"Organization\",\"@id\":\"https:\\\/\\\/topkeymedical.com\\\/#organization\",\"name\":\"TOPKEY\u2013 Precision in Every Detail, Guardian of Life and Health\",\"url\":\"https:\\\/\\\/topkeymedical.com\\\/\",\"logo\":{\"@type\":\"ImageObject\",\"inLanguage\":\"tr\",\"@id\":\"https:\\\/\\\/topkeymedical.com\\\/#\\\/schema\\\/logo\\\/image\\\/\",\"url\":\"https:\\\/\\\/topkeymedical.com\\\/wp-content\\\/uploads\\\/2025\\\/05\\\/cropped-logo.jpg\",\"contentUrl\":\"https:\\\/\\\/topkeymedical.com\\\/wp-content\\\/uploads\\\/2025\\\/05\\\/cropped-logo.jpg\",\"width\":512,\"height\":512,\"caption\":\"TOPKEY\u2013 Precision in Every Detail, Guardian of Life and Health\"},\"image\":{\"@id\":\"https:\\\/\\\/topkeymedical.com\\\/#\\\/schema\\\/logo\\\/image\\\/\"},\"sameAs\":[\"https:\\\/\\\/www.facebook.com\\\/profile.php?id=100088897294997\",\"https:\\\/\\\/www.youtube.com\\\/@TopkeyMedical-Alice888\",\"https:\\\/\\\/www.linkedin.com\\\/in\\\/alice-hu-bb66a01b3\\\/\"]}]}<\/script>\n<!-- \/ Yoast SEO plugin. -->","yoast_head_json":{"title":"Da\u011f\u0131t\u0131m \u0130\u011fne U\u00e7lar\u0131 TT14G (\u00f81.6) Ordu Ye\u015fili Opak","description":"1,6 mm'lik geni\u015f bir deli\u011fe (14-gauge) sahip bu da\u011f\u0131t\u0131m i\u011fnesi u\u00e7lar\u0131 TT14G ordu ye\u015fili opak u\u00e7lar, epoksiler gibi y\u00fcksek viskoziteli s\u0131v\u0131lar i\u00e7in optimize edilmi\u015ftir","robots":{"index":"index","follow":"follow","max-snippet":"max-snippet:-1","max-image-preview":"max-image-preview:large","max-video-preview":"max-video-preview:-1"},"canonical":"https:\/\/topkeymedical.com\/tr\/urun\/dagitim-ignesi-uclari-tt14g\/","og_locale":"tr_TR","og_type":"article","og_title":"Dispensing Needle Tips TT14G(\u00f81.6) Army Green Opaque","og_description":"With a large 1.6mm bore (14-gauge), these dispensing needle tips TT14G army green opaque tips are optimized for high-viscosity fluids like epoxies","og_url":"https:\/\/topkeymedical.com\/tr\/urun\/dagitim-ignesi-uclari-tt14g\/","og_site_name":"TOPKEY\u2013 Precision in Every Detail, Guardian of Life and Health","article_publisher":"https:\/\/www.facebook.com\/profile.php?id=100088897294997","article_modified_time":"2025-09-06T02:05:20+00:00","og_image":[{"width":800,"height":800,"url":"https:\/\/topkeymedical.com\/wp-content\/uploads\/2025\/08\/Dispensing-Needle-Tips-TT14G-1.webp","type":"image\/webp"}],"twitter_card":"summary_large_image","twitter_misc":{"Tahmini okuma s\u00fcresi":"2 dakika"},"schema":{"@context":"https:\/\/schema.org","@graph":[{"@type":"WebPage","@id":"https:\/\/topkeymedical.com\/product\/dispensing-needle-tips-tt14g\/","url":"https:\/\/topkeymedical.com\/product\/dispensing-needle-tips-tt14g\/","name":"Da\u011f\u0131t\u0131m \u0130\u011fne U\u00e7lar\u0131 TT14G (\u00f81.6) Ordu Ye\u015fili Opak","isPartOf":{"@id":"https:\/\/topkeymedical.com\/#website"},"primaryImageOfPage":{"@id":"https:\/\/topkeymedical.com\/product\/dispensing-needle-tips-tt14g\/#primaryimage"},"image":{"@id":"https:\/\/topkeymedical.com\/product\/dispensing-needle-tips-tt14g\/#primaryimage"},"thumbnailUrl":"https:\/\/topkeymedical.com\/wp-content\/uploads\/2025\/08\/Dispensing-Needle-Tips-TT14G-1.webp","datePublished":"2025-06-17T06:56:31+00:00","dateModified":"2025-09-06T02:05:20+00:00","description":"1,6 mm'lik geni\u015f bir deli\u011fe (14-gauge) sahip bu da\u011f\u0131t\u0131m i\u011fnesi u\u00e7lar\u0131 TT14G ordu ye\u015fili opak u\u00e7lar, epoksiler gibi y\u00fcksek viskoziteli s\u0131v\u0131lar i\u00e7in optimize edilmi\u015ftir","breadcrumb":{"@id":"https:\/\/topkeymedical.com\/product\/dispensing-needle-tips-tt14g\/#breadcrumb"},"inLanguage":"tr","potentialAction":[{"@type":"ReadAction","target":["https:\/\/topkeymedical.com\/product\/dispensing-needle-tips-tt14g\/"]}]},{"@type":"ImageObject","inLanguage":"tr","@id":"https:\/\/topkeymedical.com\/product\/dispensing-needle-tips-tt14g\/#primaryimage","url":"https:\/\/topkeymedical.com\/wp-content\/uploads\/2025\/08\/Dispensing-Needle-Tips-TT14G-1.webp","contentUrl":"https:\/\/topkeymedical.com\/wp-content\/uploads\/2025\/08\/Dispensing-Needle-Tips-TT14G-1.webp","width":800,"height":800,"caption":"Dispensing Needle Tips TT14G"},{"@type":"BreadcrumbList","@id":"https:\/\/topkeymedical.com\/product\/dispensing-needle-tips-tt14g\/#breadcrumb","itemListElement":[{"@type":"ListItem","position":1,"name":"Home","item":"https:\/\/topkeymedical.com\/"},{"@type":"ListItem","position":2,"name":"Products","item":"https:\/\/topkeymedical.com\/shop\/"},{"@type":"ListItem","position":3,"name":"Dispensing Needle Tips TT14G(\u00f81.6) Army Green Opaque"}]},{"@type":"WebSite","@id":"https:\/\/topkeymedical.com\/#website","url":"https:\/\/topkeymedical.com\/","name":"TOPKEY- Her Ayr\u0131nt\u0131da Hassasiyet, Ya\u015fam ve Sa\u011fl\u0131\u011f\u0131n Koruyucusu","description":"","publisher":{"@id":"https:\/\/topkeymedical.com\/#organization"},"potentialAction":[{"@type":"SearchAction","target":{"@type":"EntryPoint","urlTemplate":"https:\/\/topkeymedical.com\/?s={search_term_string}"},"query-input":{"@type":"PropertyValueSpecification","valueRequired":true,"valueName":"search_term_string"}}],"inLanguage":"tr"},{"@type":"Organization","@id":"https:\/\/topkeymedical.com\/#organization","name":"TOPKEY- Her Ayr\u0131nt\u0131da Hassasiyet, Ya\u015fam ve Sa\u011fl\u0131\u011f\u0131n Koruyucusu","url":"https:\/\/topkeymedical.com\/","logo":{"@type":"ImageObject","inLanguage":"tr","@id":"https:\/\/topkeymedical.com\/#\/schema\/logo\/image\/","url":"https:\/\/topkeymedical.com\/wp-content\/uploads\/2025\/05\/cropped-logo.jpg","contentUrl":"https:\/\/topkeymedical.com\/wp-content\/uploads\/2025\/05\/cropped-logo.jpg","width":512,"height":512,"caption":"TOPKEY\u2013 Precision in Every Detail, Guardian of Life and Health"},"image":{"@id":"https:\/\/topkeymedical.com\/#\/schema\/logo\/image\/"},"sameAs":["https:\/\/www.facebook.com\/profile.php?id=100088897294997","https:\/\/www.youtube.com\/@TopkeyMedical-Alice888","https:\/\/www.linkedin.com\/in\/alice-hu-bb66a01b3\/"]}]}},"_links":{"self":[{"href":"https:\/\/topkeymedical.com\/tr\/wp-json\/wp\/v2\/product\/826","targetHints":{"allow":["GET"]}}],"collection":[{"href":"https:\/\/topkeymedical.com\/tr\/wp-json\/wp\/v2\/product"}],"about":[{"href":"https:\/\/topkeymedical.com\/tr\/wp-json\/wp\/v2\/types\/product"}],"version-history":[{"count":7,"href":"https:\/\/topkeymedical.com\/tr\/wp-json\/wp\/v2\/product\/826\/revisions"}],"predecessor-version":[{"id":1379,"href":"https:\/\/topkeymedical.com\/tr\/wp-json\/wp\/v2\/product\/826\/revisions\/1379"}],"wp:featuredmedia":[{"embeddable":true,"href":"https:\/\/topkeymedical.com\/tr\/wp-json\/wp\/v2\/media\/1188"}],"wp:attachment":[{"href":"https:\/\/topkeymedical.com\/tr\/wp-json\/wp\/v2\/media?parent=826"}],"wp:term":[{"taxonomy":"product_brand","embeddable":true,"href":"https:\/\/topkeymedical.com\/tr\/wp-json\/wp\/v2\/product_brand?post=826"},{"taxonomy":"product_cat","embeddable":true,"href":"https:\/\/topkeymedical.com\/tr\/wp-json\/wp\/v2\/product_cat?post=826"},{"taxonomy":"product_tag","embeddable":true,"href":"https:\/\/topkeymedical.com\/tr\/wp-json\/wp\/v2\/product_tag?post=826"}],"curies":[{"name":"wp","href":"https:\/\/api.w.org\/{rel}","templated":true}]}}