{"id":839,"date":"2025-06-17T07:10:44","date_gmt":"2025-06-17T07:10:44","guid":{"rendered":"https:\/\/topkeymedical.com\/?post_type=product&#038;p=839"},"modified":"2025-09-06T02:02:33","modified_gmt":"2025-09-06T02:02:33","slug":"dagitim-ignesi-uclari-tt20g","status":"publish","type":"product","link":"https:\/\/topkeymedical.com\/tr\/urun\/dagitim-ignesi-uclari-tt20g\/","title":{"rendered":"Da\u011f\u0131t\u0131m \u0130\u011fne U\u00e7lar\u0131 TT20G (\u00f80,6) Pembe Opak"},"content":{"rendered":"<h2 data-start=\"1100\" data-end=\"1132\">Teknik \u00d6zellikler<\/h2>\n<div class=\"_tableContainer_1rjym_1\">\n<div class=\"_tableWrapper_1rjym_13 group flex w-fit flex-col-reverse\" tabindex=\"-1\">\n<table class=\"w-fit min-w-(--thread-content-width)\" data-start=\"1134\" data-end=\"3016\">\n<thead data-start=\"1134\" data-end=\"1250\">\n<tr data-start=\"1134\" data-end=\"1250\">\n<th data-start=\"1134\" data-end=\"1163\" data-col-size=\"sm\">Parametre<\/th>\n<th data-start=\"1163\" data-end=\"1250\" data-col-size=\"md\">De\u011fer \/ A\u00e7\u0131klama<\/th>\n<\/tr>\n<\/thead>\n<tbody data-start=\"1369\" data-end=\"3016\">\n<tr data-start=\"1369\" data-end=\"1486\">\n<td data-start=\"1369\" data-end=\"1399\" data-col-size=\"sm\"><strong data-start=\"1371\" data-end=\"1387\">\u00dcr\u00fcn Ad\u0131<\/strong><\/td>\n<td data-start=\"1399\" data-end=\"1486\" data-col-size=\"md\">Da\u011f\u0131t\u0131m \u0130\u011fne U\u00e7lar\u0131 TT20G<\/td>\n<\/tr>\n<tr data-start=\"1487\" data-end=\"1604\">\n<td data-start=\"1487\" data-end=\"1517\" data-col-size=\"sm\"><strong data-start=\"1489\" data-end=\"1504\">SKU \u00d6rne\u011fi<\/strong><\/td>\n<td data-start=\"1517\" data-end=\"1604\" data-col-size=\"md\">TT20G (\u00f80,6 mm) Pembe Opak<\/td>\n<\/tr>\n<tr data-start=\"1605\" data-end=\"1721\">\n<td data-start=\"1605\" data-end=\"1635\" data-col-size=\"sm\"><strong data-start=\"1607\" data-end=\"1621\">\u00d6l\u00e7\u00fc Boyutu<\/strong><\/td>\n<td data-start=\"1635\" data-end=\"1721\" data-col-size=\"md\">20G<\/td>\n<\/tr>\n<tr data-start=\"1722\" data-end=\"1838\">\n<td data-start=\"1722\" data-end=\"1752\" data-col-size=\"sm\"><strong data-start=\"1724\" data-end=\"1747\">\u0130\u00e7 \u00c7ap (ID)<\/strong><\/td>\n<td data-start=\"1752\" data-end=\"1838\" data-col-size=\"md\">0,60 mm<\/td>\n<\/tr>\n<tr data-start=\"1839\" data-end=\"1955\">\n<td data-start=\"1839\" data-end=\"1869\" data-col-size=\"sm\"><strong data-start=\"1841\" data-end=\"1864\">D\u0131\u015f \u00c7ap (OD)<\/strong><\/td>\n<td data-start=\"1869\" data-end=\"1955\" data-col-size=\"md\">~0,91 mm<\/td>\n<\/tr>\n<tr data-start=\"1956\" data-end=\"2073\">\n<td data-start=\"1956\" data-end=\"1986\" data-col-size=\"sm\"><strong data-start=\"1958\" data-end=\"1983\">\u0130\u011fne Uzunlu\u011fu Se\u00e7enekleri<\/strong><\/td>\n<td data-start=\"1986\" data-end=\"2073\" data-col-size=\"md\">Standart: 1 in\u00e7 (25 mm), 1,5 in\u00e7 (38 mm); di\u011fer boyutlar mevcuttur<\/td>\n<\/tr>\n<tr data-start=\"2074\" data-end=\"2191\">\n<td data-start=\"2074\" data-end=\"2104\" data-col-size=\"sm\"><strong data-start=\"2076\" data-end=\"2098\">Malzeme - Kan\u00fcl<\/strong><\/td>\n<td data-start=\"2104\" data-end=\"2191\" data-col-size=\"md\">T\u0131bbi s\u0131n\u0131f paslanmaz \u00e7elik (ISO 9626 uyumlu)<\/td>\n<\/tr>\n<tr data-start=\"2192\" data-end=\"2309\">\n<td data-start=\"2192\" data-end=\"2222\" data-col-size=\"sm\"><strong data-start=\"2194\" data-end=\"2212\">Malzeme - G\u00f6bek<\/strong><\/td>\n<td data-start=\"2222\" data-end=\"2309\" data-col-size=\"md\">Polipropilen, pembe opak, ISO 6009 g\u00f6sterge kodlu<\/td>\n<\/tr>\n<tr data-start=\"2310\" data-end=\"2427\">\n<td data-start=\"2310\" data-end=\"2340\" data-col-size=\"sm\"><strong data-start=\"2312\" data-end=\"2331\">Ba\u011flant\u0131 T\u00fcr\u00fc<\/strong><\/td>\n<td data-start=\"2340\" data-end=\"2427\" data-col-size=\"md\">Evrensel Luer-lock \/ Luer-slip<\/td>\n<\/tr>\n<tr data-start=\"2428\" data-end=\"2545\">\n<td data-start=\"2428\" data-end=\"2458\" data-col-size=\"sm\"><strong data-start=\"2430\" data-end=\"2454\">Sterilizasyon Y\u00f6ntemi<\/strong><\/td>\n<td data-start=\"2458\" data-end=\"2545\" data-col-size=\"md\">EO (Etilen Oksit) ile sterilize edilmi\u015ftir<\/td>\n<\/tr>\n<tr data-start=\"2546\" data-end=\"2663\">\n<td data-start=\"2546\" data-end=\"2576\" data-col-size=\"sm\"><strong data-start=\"2548\" data-end=\"2561\">Paketleme<\/strong><\/td>\n<td data-start=\"2576\" data-end=\"2663\" data-col-size=\"md\">Ayr\u0131 ayr\u0131 kapat\u0131lm\u0131\u015f blister ambalajlar, 100 adet\/kutu<\/td>\n<\/tr>\n<tr data-start=\"2664\" data-end=\"2780\">\n<td data-start=\"2664\" data-end=\"2694\" data-col-size=\"sm\"><strong data-start=\"2666\" data-end=\"2680\">Tek Kullan\u0131ml\u0131k<\/strong><\/td>\n<td data-start=\"2694\" data-end=\"2780\" data-col-size=\"md\">Evet<\/td>\n<\/tr>\n<tr data-start=\"2781\" data-end=\"2898\">\n<td data-start=\"2781\" data-end=\"2811\" data-col-size=\"sm\"><strong data-start=\"2783\" data-end=\"2800\">Sertifikasyon<\/strong><\/td>\n<td data-start=\"2811\" data-end=\"2898\" data-col-size=\"md\">ISO 13485, CE i\u015fareti, FDA uyumlulu\u011fu (pazara ba\u011fl\u0131 olarak)<\/td>\n<\/tr>\n<tr data-start=\"2899\" data-end=\"3016\">\n<td data-start=\"2899\" data-end=\"2929\" data-col-size=\"sm\"><strong data-start=\"2901\" data-end=\"2915\">Raf \u00d6mr\u00fc<\/strong><\/td>\n<td data-start=\"2929\" data-end=\"3016\" data-col-size=\"md\">Temiz ve kuru ko\u015fullarda sakland\u0131\u011f\u0131nda 3-5 y\u0131l<\/td>\n<\/tr>\n<\/tbody>\n<\/table>\n<\/div>\n<\/div>\n<hr data-start=\"3018\" data-end=\"3021\" \/>\n<p>TT20G (\u00f80,6) Pembe Opak Da\u011f\u0131t\u0131m \u0130\u011fne U\u00e7lar\u0131, elektronik montaj, t\u0131bbi cihaz \u00fcretimi ve hassas yap\u0131\u015ft\u0131rma uygulamalar\u0131nda orta viskoziteli s\u0131v\u0131lar\u0131n kontroll\u00fc da\u011f\u0131t\u0131m\u0131 i\u00e7in hassas bir \u015fekilde tasarlanm\u0131\u015ft\u0131r. 0,6 mm i\u00e7 \u00e7apa sahip bu i\u011fne u\u00e7lar\u0131, yap\u0131\u015ft\u0131r\u0131c\u0131lar, epoksiler, silikonlar ve dengeli hassasiyet ve verim gerektiren di\u011fer end\u00fcstriyel s\u0131v\u0131lar i\u00e7in optimum ak\u0131\u015f kontrol\u00fc sa\u011flar.<\/p>\n<p>Y\u00fcksek kaliteli pembe opak polimerden \u00fcretilen bu u\u00e7lar, otomatik \u00fcretim hatlar\u0131nda kolay g\u00f6rsel tan\u0131mlama sa\u011flarken m\u00fckemmel kimyasal diren\u00e7 sa\u011flar. Sert ancak hafif yap\u0131, \u00e7al\u0131\u015fma s\u0131ras\u0131nda b\u00fck\u00fclmeyi \u00f6nler ve do\u011fru nokta, \u00e7izgi veya y\u00fczey da\u011f\u0131t\u0131m\u0131 i\u00e7in tutarl\u0131 hizalamay\u0131 korur. Konik tasar\u0131mlar\u0131 t\u0131kanma risklerini en aza indirir ve dolgulu bile\u015fiklerde bile d\u00fczg\u00fcn malzeme ak\u0131\u015f\u0131 sa\u011flar.<\/p>\n<p>Temel Avantajlar:<br \/>\n\u2714 0,6 mm i\u00e7 \u00e7ap - Hassasiyet ve ak\u0131\u015f h\u0131z\u0131 aras\u0131nda ideal denge<br \/>\n\u2714 Pembe opak malzeme - H\u0131zl\u0131 tan\u0131mlama ve UV\/\u0131\u015f\u0131\u011fa duyarl\u0131 malzeme korumas\u0131<br \/>\nKimyasallara dayan\u0131kl\u0131 ve uzun \u00f6m\u00fcrl\u00fc - Solventlere ve agresif maddelere kar\u015f\u0131 dayan\u0131kl\u0131d\u0131r<br \/>\nT\u0131kanma \u00f6nleyici konik u\u00e7 - Partik\u00fcl dolgulu malzemelerle g\u00fcvenilir performans<br \/>\n\u2714 Sertlik i\u00e7in optimize edilmi\u015ftir - Stabil otomatik da\u011f\u0131t\u0131m i\u00e7in b\u00fck\u00fclmeye kar\u015f\u0131 dayan\u0131kl\u0131d\u0131r<\/p>\n<p>SMT montaj\u0131, LED paketleme ve t\u0131bbi cihaz \u00fcretimi i\u00e7in m\u00fckemmel olan TT20G serisi, zorlu ortamlarda tekrarlanabilir do\u011fruluk ve proses verimlili\u011fi sa\u011flar.<\/p>\n<p>Hassasiyet i\u00e7in tasarland\u0131. \u00dcretkenlik i\u00e7in tasarland\u0131.<\/p>\n<p>&nbsp;<\/p>","protected":false},"excerpt":{"rendered":"<p>Pembe kodlu 20-gauge (0,6 mm) steril da\u011f\u0131t\u0131m i\u011fnesi u\u00e7lar\u0131 TT20G, pediatri, dermatoloji prosed\u00fcrleri veya ince aspirasyon biyopsilerinde hassas ila\u00e7 da\u011f\u0131t\u0131m\u0131 i\u00e7in tasarlanm\u0131\u015ft\u0131r. Opak malzeme ila\u00e7 stabilitesini sa\u011flarken renk kodlamas\u0131 hastane g\u00fcvenlik protokollerini destekler.<\/p>","protected":false},"featured_media":1193,"template":"","meta":{"_acf_changed":false,"site-sidebar-layout":"default","site-content-layout":"","ast-site-content-layout":"default","site-content-style":"default","site-sidebar-style":"default","ast-global-header-display":"","ast-banner-title-visibility":"","ast-main-header-display":"","ast-hfb-above-header-display":"","ast-hfb-below-header-display":"","ast-hfb-mobile-header-display":"","site-post-title":"","ast-breadcrumbs-content":"","ast-featured-img":"","footer-sml-layout":"","ast-disable-related-posts":"","theme-transparent-header-meta":"default","adv-header-id-meta":"","stick-header-meta":"","header-above-stick-meta":"","header-main-stick-meta":"","header-below-stick-meta":"","astra-migrate-meta-layouts":"set","ast-page-background-enabled":"default","ast-page-background-meta":{"desktop":{"background-color":"var(--ast-global-color-5)","background-image":"","background-repeat":"repeat","background-position":"center center","background-size":"auto","background-attachment":"scroll","background-type":"","background-media":"","overlay-type":"","overlay-color":"","overlay-opacity":"","overlay-gradient":""},"tablet":{"background-color":"","background-image":"","background-repeat":"repeat","background-position":"center center","background-size":"auto","background-attachment":"scroll","background-type":"","background-media":"","overlay-type":"","overlay-color":"","overlay-opacity":"","overlay-gradient":""},"mobile":{"background-color":"","background-image":"","background-repeat":"repeat","background-position":"center center","background-size":"auto","background-attachment":"scroll","background-type":"","background-media":"","overlay-type":"","overlay-color":"","overlay-opacity":"","overlay-gradient":""}},"ast-content-background-meta":{"desktop":{"background-color":"var(--ast-global-color-4)","background-image":"","background-repeat":"repeat","background-position":"center center","background-size":"auto","background-attachment":"scroll","background-type":"","background-media":"","overlay-type":"","overlay-color":"","overlay-opacity":"","overlay-gradient":""},"tablet":{"background-color":"var(--ast-global-color-4)","background-image":"","background-repeat":"repeat","background-position":"center center","background-size":"auto","background-attachment":"scroll","background-type":"","background-media":"","overlay-type":"","overlay-color":"","overlay-opacity":"","overlay-gradient":""},"mobile":{"background-color":"var(--ast-global-color-4)","background-image":"","background-repeat":"repeat","background-position":"center center","background-size":"auto","background-attachment":"scroll","background-type":"","background-media":"","overlay-type":"","overlay-color":"","overlay-opacity":"","overlay-gradient":""}}},"product_brand":[],"product_cat":[58,64],"product_tag":[],"class_list":{"0":"post-839","1":"product","2":"type-product","3":"status-publish","4":"has-post-thumbnail","6":"product_cat-dispensing-needles","7":"product_cat-dispensing-needles-and-tips","8":"desktop-align-left","9":"tablet-align-left","10":"mobile-align-left","12":"first","13":"instock","14":"shipping-taxable","15":"product-type-simple"},"acf":[],"yoast_head":"<!-- This site is optimized with the Yoast SEO plugin v27.4 - https:\/\/yoast.com\/product\/yoast-seo-wordpress\/ -->\n<title>Dispensing Needle Tips TT20G(\u00f80.6) Pink Opaque<\/title>\n<meta name=\"description\" content=\"Pink-coded 20-gauge (0.6mm) sterile dispensing needle tips TT20G designed for precise medication delivery in pediatrics, dermatology procedures\" \/>\n<meta name=\"robots\" content=\"index, follow, max-snippet:-1, max-image-preview:large, max-video-preview:-1\" \/>\n<link rel=\"canonical\" href=\"https:\/\/topkeymedical.com\/tr\/urun\/dagitim-ignesi-uclari-tt20g\/\" \/>\n<meta property=\"og:locale\" content=\"tr_TR\" \/>\n<meta property=\"og:type\" content=\"article\" \/>\n<meta property=\"og:title\" content=\"Dispensing Needle Tips TT20G(\u00f80.6) Pink Opaque\" \/>\n<meta property=\"og:description\" content=\"Pink-coded 20-gauge (0.6mm) sterile dispensing needle tips TT20G designed for precise medication delivery in pediatrics, dermatology procedures\" \/>\n<meta property=\"og:url\" content=\"https:\/\/topkeymedical.com\/tr\/urun\/dagitim-ignesi-uclari-tt20g\/\" \/>\n<meta property=\"og:site_name\" content=\"TOPKEY\u2013 Precision in Every Detail, Guardian of Life and Health\" \/>\n<meta property=\"article:publisher\" content=\"https:\/\/www.facebook.com\/profile.php?id=100088897294997\" \/>\n<meta property=\"article:modified_time\" content=\"2025-09-06T02:02:33+00:00\" \/>\n<meta property=\"og:image\" content=\"https:\/\/topkeymedical.com\/wp-content\/uploads\/2025\/08\/Dispensing-Needle-Tips-TT20G-2.webp\" \/>\n\t<meta property=\"og:image:width\" content=\"800\" \/>\n\t<meta property=\"og:image:height\" content=\"800\" \/>\n\t<meta property=\"og:image:type\" content=\"image\/webp\" \/>\n<meta name=\"twitter:card\" content=\"summary_large_image\" \/>\n<meta name=\"twitter:label1\" content=\"Tahmini okuma s\u00fcresi\" \/>\n\t<meta name=\"twitter:data1\" content=\"2 dakika\" \/>\n<script type=\"application\/ld+json\" class=\"yoast-schema-graph\">{\"@context\":\"https:\\\/\\\/schema.org\",\"@graph\":[{\"@type\":\"WebPage\",\"@id\":\"https:\\\/\\\/topkeymedical.com\\\/product\\\/dispensing-needle-tips-tt20g\\\/\",\"url\":\"https:\\\/\\\/topkeymedical.com\\\/product\\\/dispensing-needle-tips-tt20g\\\/\",\"name\":\"Dispensing Needle Tips TT20G(\u00f80.6) Pink Opaque\",\"isPartOf\":{\"@id\":\"https:\\\/\\\/topkeymedical.com\\\/#website\"},\"primaryImageOfPage\":{\"@id\":\"https:\\\/\\\/topkeymedical.com\\\/product\\\/dispensing-needle-tips-tt20g\\\/#primaryimage\"},\"image\":{\"@id\":\"https:\\\/\\\/topkeymedical.com\\\/product\\\/dispensing-needle-tips-tt20g\\\/#primaryimage\"},\"thumbnailUrl\":\"https:\\\/\\\/topkeymedical.com\\\/wp-content\\\/uploads\\\/2025\\\/08\\\/Dispensing-Needle-Tips-TT20G-2.webp\",\"datePublished\":\"2025-06-17T07:10:44+00:00\",\"dateModified\":\"2025-09-06T02:02:33+00:00\",\"description\":\"Pink-coded 20-gauge (0.6mm) sterile dispensing needle tips TT20G designed for precise medication delivery in pediatrics, dermatology procedures\",\"breadcrumb\":{\"@id\":\"https:\\\/\\\/topkeymedical.com\\\/product\\\/dispensing-needle-tips-tt20g\\\/#breadcrumb\"},\"inLanguage\":\"tr\",\"potentialAction\":[{\"@type\":\"ReadAction\",\"target\":[\"https:\\\/\\\/topkeymedical.com\\\/product\\\/dispensing-needle-tips-tt20g\\\/\"]}]},{\"@type\":\"ImageObject\",\"inLanguage\":\"tr\",\"@id\":\"https:\\\/\\\/topkeymedical.com\\\/product\\\/dispensing-needle-tips-tt20g\\\/#primaryimage\",\"url\":\"https:\\\/\\\/topkeymedical.com\\\/wp-content\\\/uploads\\\/2025\\\/08\\\/Dispensing-Needle-Tips-TT20G-2.webp\",\"contentUrl\":\"https:\\\/\\\/topkeymedical.com\\\/wp-content\\\/uploads\\\/2025\\\/08\\\/Dispensing-Needle-Tips-TT20G-2.webp\",\"width\":800,\"height\":800,\"caption\":\"Dispensing Needle Tips TT20G\"},{\"@type\":\"BreadcrumbList\",\"@id\":\"https:\\\/\\\/topkeymedical.com\\\/product\\\/dispensing-needle-tips-tt20g\\\/#breadcrumb\",\"itemListElement\":[{\"@type\":\"ListItem\",\"position\":1,\"name\":\"Home\",\"item\":\"https:\\\/\\\/topkeymedical.com\\\/\"},{\"@type\":\"ListItem\",\"position\":2,\"name\":\"Products\",\"item\":\"https:\\\/\\\/topkeymedical.com\\\/shop\\\/\"},{\"@type\":\"ListItem\",\"position\":3,\"name\":\"Dispensing Needle Tips TT20G(\u00f80.6) Pink Opaque\"}]},{\"@type\":\"WebSite\",\"@id\":\"https:\\\/\\\/topkeymedical.com\\\/#website\",\"url\":\"https:\\\/\\\/topkeymedical.com\\\/\",\"name\":\"TOPKEY\u2013 Precision in Every Detail, Guardian of Life and Health\",\"description\":\"\",\"publisher\":{\"@id\":\"https:\\\/\\\/topkeymedical.com\\\/#organization\"},\"potentialAction\":[{\"@type\":\"SearchAction\",\"target\":{\"@type\":\"EntryPoint\",\"urlTemplate\":\"https:\\\/\\\/topkeymedical.com\\\/?s={search_term_string}\"},\"query-input\":{\"@type\":\"PropertyValueSpecification\",\"valueRequired\":true,\"valueName\":\"search_term_string\"}}],\"inLanguage\":\"tr\"},{\"@type\":\"Organization\",\"@id\":\"https:\\\/\\\/topkeymedical.com\\\/#organization\",\"name\":\"TOPKEY\u2013 Precision in Every Detail, Guardian of Life and Health\",\"url\":\"https:\\\/\\\/topkeymedical.com\\\/\",\"logo\":{\"@type\":\"ImageObject\",\"inLanguage\":\"tr\",\"@id\":\"https:\\\/\\\/topkeymedical.com\\\/#\\\/schema\\\/logo\\\/image\\\/\",\"url\":\"https:\\\/\\\/topkeymedical.com\\\/wp-content\\\/uploads\\\/2025\\\/05\\\/cropped-logo.jpg\",\"contentUrl\":\"https:\\\/\\\/topkeymedical.com\\\/wp-content\\\/uploads\\\/2025\\\/05\\\/cropped-logo.jpg\",\"width\":512,\"height\":512,\"caption\":\"TOPKEY\u2013 Precision in Every Detail, Guardian of Life and Health\"},\"image\":{\"@id\":\"https:\\\/\\\/topkeymedical.com\\\/#\\\/schema\\\/logo\\\/image\\\/\"},\"sameAs\":[\"https:\\\/\\\/www.facebook.com\\\/profile.php?id=100088897294997\",\"https:\\\/\\\/www.youtube.com\\\/@TopkeyMedical-Alice888\",\"https:\\\/\\\/www.linkedin.com\\\/in\\\/alice-hu-bb66a01b3\\\/\"]}]}<\/script>\n<!-- \/ Yoast SEO plugin. -->","yoast_head_json":{"title":"Da\u011f\u0131t\u0131m \u0130\u011fne U\u00e7lar\u0131 TT20G (\u00f80,6) Pembe Opak","description":"Pembe kodlu 20-gauge (0.6mm) steril da\u011f\u0131t\u0131m i\u011fnesi u\u00e7lar\u0131 TT20G, pediatri ve dermatoloji prosed\u00fcrlerinde hassas ila\u00e7 da\u011f\u0131t\u0131m\u0131 i\u00e7in tasarlanm\u0131\u015ft\u0131r","robots":{"index":"index","follow":"follow","max-snippet":"max-snippet:-1","max-image-preview":"max-image-preview:large","max-video-preview":"max-video-preview:-1"},"canonical":"https:\/\/topkeymedical.com\/tr\/urun\/dagitim-ignesi-uclari-tt20g\/","og_locale":"tr_TR","og_type":"article","og_title":"Dispensing Needle Tips TT20G(\u00f80.6) Pink Opaque","og_description":"Pink-coded 20-gauge (0.6mm) sterile dispensing needle tips TT20G designed for precise medication delivery in pediatrics, dermatology procedures","og_url":"https:\/\/topkeymedical.com\/tr\/urun\/dagitim-ignesi-uclari-tt20g\/","og_site_name":"TOPKEY\u2013 Precision in Every Detail, Guardian of Life and Health","article_publisher":"https:\/\/www.facebook.com\/profile.php?id=100088897294997","article_modified_time":"2025-09-06T02:02:33+00:00","og_image":[{"width":800,"height":800,"url":"https:\/\/topkeymedical.com\/wp-content\/uploads\/2025\/08\/Dispensing-Needle-Tips-TT20G-2.webp","type":"image\/webp"}],"twitter_card":"summary_large_image","twitter_misc":{"Tahmini okuma s\u00fcresi":"2 dakika"},"schema":{"@context":"https:\/\/schema.org","@graph":[{"@type":"WebPage","@id":"https:\/\/topkeymedical.com\/product\/dispensing-needle-tips-tt20g\/","url":"https:\/\/topkeymedical.com\/product\/dispensing-needle-tips-tt20g\/","name":"Da\u011f\u0131t\u0131m \u0130\u011fne U\u00e7lar\u0131 TT20G (\u00f80,6) Pembe Opak","isPartOf":{"@id":"https:\/\/topkeymedical.com\/#website"},"primaryImageOfPage":{"@id":"https:\/\/topkeymedical.com\/product\/dispensing-needle-tips-tt20g\/#primaryimage"},"image":{"@id":"https:\/\/topkeymedical.com\/product\/dispensing-needle-tips-tt20g\/#primaryimage"},"thumbnailUrl":"https:\/\/topkeymedical.com\/wp-content\/uploads\/2025\/08\/Dispensing-Needle-Tips-TT20G-2.webp","datePublished":"2025-06-17T07:10:44+00:00","dateModified":"2025-09-06T02:02:33+00:00","description":"Pembe kodlu 20-gauge (0.6mm) steril da\u011f\u0131t\u0131m i\u011fnesi u\u00e7lar\u0131 TT20G, pediatri ve dermatoloji prosed\u00fcrlerinde hassas ila\u00e7 da\u011f\u0131t\u0131m\u0131 i\u00e7in tasarlanm\u0131\u015ft\u0131r","breadcrumb":{"@id":"https:\/\/topkeymedical.com\/product\/dispensing-needle-tips-tt20g\/#breadcrumb"},"inLanguage":"tr","potentialAction":[{"@type":"ReadAction","target":["https:\/\/topkeymedical.com\/product\/dispensing-needle-tips-tt20g\/"]}]},{"@type":"ImageObject","inLanguage":"tr","@id":"https:\/\/topkeymedical.com\/product\/dispensing-needle-tips-tt20g\/#primaryimage","url":"https:\/\/topkeymedical.com\/wp-content\/uploads\/2025\/08\/Dispensing-Needle-Tips-TT20G-2.webp","contentUrl":"https:\/\/topkeymedical.com\/wp-content\/uploads\/2025\/08\/Dispensing-Needle-Tips-TT20G-2.webp","width":800,"height":800,"caption":"Dispensing Needle Tips TT20G"},{"@type":"BreadcrumbList","@id":"https:\/\/topkeymedical.com\/product\/dispensing-needle-tips-tt20g\/#breadcrumb","itemListElement":[{"@type":"ListItem","position":1,"name":"Home","item":"https:\/\/topkeymedical.com\/"},{"@type":"ListItem","position":2,"name":"Products","item":"https:\/\/topkeymedical.com\/shop\/"},{"@type":"ListItem","position":3,"name":"Dispensing Needle Tips TT20G(\u00f80.6) Pink Opaque"}]},{"@type":"WebSite","@id":"https:\/\/topkeymedical.com\/#website","url":"https:\/\/topkeymedical.com\/","name":"TOPKEY- Her Ayr\u0131nt\u0131da Hassasiyet, Ya\u015fam ve Sa\u011fl\u0131\u011f\u0131n Koruyucusu","description":"","publisher":{"@id":"https:\/\/topkeymedical.com\/#organization"},"potentialAction":[{"@type":"SearchAction","target":{"@type":"EntryPoint","urlTemplate":"https:\/\/topkeymedical.com\/?s={search_term_string}"},"query-input":{"@type":"PropertyValueSpecification","valueRequired":true,"valueName":"search_term_string"}}],"inLanguage":"tr"},{"@type":"Organization","@id":"https:\/\/topkeymedical.com\/#organization","name":"TOPKEY- Her Ayr\u0131nt\u0131da Hassasiyet, Ya\u015fam ve Sa\u011fl\u0131\u011f\u0131n Koruyucusu","url":"https:\/\/topkeymedical.com\/","logo":{"@type":"ImageObject","inLanguage":"tr","@id":"https:\/\/topkeymedical.com\/#\/schema\/logo\/image\/","url":"https:\/\/topkeymedical.com\/wp-content\/uploads\/2025\/05\/cropped-logo.jpg","contentUrl":"https:\/\/topkeymedical.com\/wp-content\/uploads\/2025\/05\/cropped-logo.jpg","width":512,"height":512,"caption":"TOPKEY\u2013 Precision in Every Detail, Guardian of Life and Health"},"image":{"@id":"https:\/\/topkeymedical.com\/#\/schema\/logo\/image\/"},"sameAs":["https:\/\/www.facebook.com\/profile.php?id=100088897294997","https:\/\/www.youtube.com\/@TopkeyMedical-Alice888","https:\/\/www.linkedin.com\/in\/alice-hu-bb66a01b3\/"]}]}},"_links":{"self":[{"href":"https:\/\/topkeymedical.com\/tr\/wp-json\/wp\/v2\/product\/839","targetHints":{"allow":["GET"]}}],"collection":[{"href":"https:\/\/topkeymedical.com\/tr\/wp-json\/wp\/v2\/product"}],"about":[{"href":"https:\/\/topkeymedical.com\/tr\/wp-json\/wp\/v2\/types\/product"}],"version-history":[{"count":5,"href":"https:\/\/topkeymedical.com\/tr\/wp-json\/wp\/v2\/product\/839\/revisions"}],"predecessor-version":[{"id":1377,"href":"https:\/\/topkeymedical.com\/tr\/wp-json\/wp\/v2\/product\/839\/revisions\/1377"}],"wp:featuredmedia":[{"embeddable":true,"href":"https:\/\/topkeymedical.com\/tr\/wp-json\/wp\/v2\/media\/1193"}],"wp:attachment":[{"href":"https:\/\/topkeymedical.com\/tr\/wp-json\/wp\/v2\/media?parent=839"}],"wp:term":[{"taxonomy":"product_brand","embeddable":true,"href":"https:\/\/topkeymedical.com\/tr\/wp-json\/wp\/v2\/product_brand?post=839"},{"taxonomy":"product_cat","embeddable":true,"href":"https:\/\/topkeymedical.com\/tr\/wp-json\/wp\/v2\/product_cat?post=839"},{"taxonomy":"product_tag","embeddable":true,"href":"https:\/\/topkeymedical.com\/tr\/wp-json\/wp\/v2\/product_tag?post=839"}],"curies":[{"name":"wp","href":"https:\/\/api.w.org\/{rel}","templated":true}]}}