{"id":849,"date":"2025-06-17T07:18:51","date_gmt":"2025-06-17T07:18:51","guid":{"rendered":"https:\/\/topkeymedical.com\/?post_type=product&#038;p=849"},"modified":"2025-09-06T02:00:09","modified_gmt":"2025-09-06T02:00:09","slug":"dagitim-igneleri-tt18g","status":"publish","type":"product","link":"https:\/\/topkeymedical.com\/tr\/urun\/dagitim-igneleri-tt18g\/","title":{"rendered":"Da\u011f\u0131t\u0131m \u0130\u011fneleri TT18G (\u00f80.8) Ye\u015fil Opak"},"content":{"rendered":"<h2 data-start=\"1121\" data-end=\"1153\">Teknik \u00d6zellikler<\/h2>\n<div class=\"_tableContainer_1rjym_1\">\n<div class=\"_tableWrapper_1rjym_13 group flex w-fit flex-col-reverse\" tabindex=\"-1\">\n<table class=\"w-fit min-w-(--thread-content-width)\" data-start=\"1155\" data-end=\"3036\">\n<thead data-start=\"1155\" data-end=\"1271\">\n<tr data-start=\"1155\" data-end=\"1271\">\n<th data-start=\"1155\" data-end=\"1184\" data-col-size=\"sm\">Parametre<\/th>\n<th data-start=\"1184\" data-end=\"1271\" data-col-size=\"md\">De\u011fer \/ A\u00e7\u0131klama<\/th>\n<\/tr>\n<\/thead>\n<tbody data-start=\"1390\" data-end=\"3036\">\n<tr data-start=\"1390\" data-end=\"1507\">\n<td data-start=\"1390\" data-end=\"1420\" data-col-size=\"sm\"><strong data-start=\"1392\" data-end=\"1408\">\u00dcr\u00fcn Ad\u0131<\/strong><\/td>\n<td data-start=\"1420\" data-end=\"1507\" data-col-size=\"md\">Da\u011f\u0131t\u0131m \u0130\u011fneleri TT18G<\/td>\n<\/tr>\n<tr data-start=\"1508\" data-end=\"1625\">\n<td data-start=\"1508\" data-end=\"1538\" data-col-size=\"sm\"><strong data-start=\"1510\" data-end=\"1525\">SKU \u00d6rne\u011fi<\/strong><\/td>\n<td data-start=\"1538\" data-end=\"1625\" data-col-size=\"md\">TT18G (\u00f80,8 mm) Ye\u015fil Opak<\/td>\n<\/tr>\n<tr data-start=\"1626\" data-end=\"1742\">\n<td data-start=\"1626\" data-end=\"1656\" data-col-size=\"sm\"><strong data-start=\"1628\" data-end=\"1642\">\u00d6l\u00e7\u00fc Boyutu<\/strong><\/td>\n<td data-start=\"1656\" data-end=\"1742\" data-col-size=\"md\">18G<\/td>\n<\/tr>\n<tr data-start=\"1743\" data-end=\"1859\">\n<td data-start=\"1743\" data-end=\"1773\" data-col-size=\"sm\"><strong data-start=\"1745\" data-end=\"1768\">\u0130\u00e7 \u00c7ap (ID)<\/strong><\/td>\n<td data-start=\"1773\" data-end=\"1859\" data-col-size=\"md\">0,8 mm<\/td>\n<\/tr>\n<tr data-start=\"1860\" data-end=\"1976\">\n<td data-start=\"1860\" data-end=\"1890\" data-col-size=\"sm\"><strong data-start=\"1862\" data-end=\"1885\">D\u0131\u015f \u00c7ap (OD)<\/strong><\/td>\n<td data-start=\"1890\" data-end=\"1976\" data-col-size=\"md\">~1.27 mm<\/td>\n<\/tr>\n<tr data-start=\"1977\" data-end=\"2094\">\n<td data-start=\"1977\" data-end=\"2007\" data-col-size=\"sm\"><strong data-start=\"1979\" data-end=\"2004\">\u0130\u011fne Uzunlu\u011fu Se\u00e7enekleri<\/strong><\/td>\n<td data-start=\"2007\" data-end=\"2094\" data-col-size=\"md\">Genellikle 1 in\u00e7 (25 mm), 1,5 in\u00e7 (38 mm), 2 in\u00e7 (50 mm); \u00f6zelle\u015ftirilebilir<\/td>\n<\/tr>\n<tr data-start=\"2095\" data-end=\"2212\">\n<td data-start=\"2095\" data-end=\"2125\" data-col-size=\"sm\"><strong data-start=\"2097\" data-end=\"2119\">Malzeme - Kan\u00fcl<\/strong><\/td>\n<td data-start=\"2125\" data-end=\"2212\" data-col-size=\"md\">Cerrahi s\u0131n\u0131f paslanmaz \u00e7elik (ISO 9626 uyumlu)<\/td>\n<\/tr>\n<tr data-start=\"2213\" data-end=\"2329\">\n<td data-start=\"2213\" data-end=\"2243\" data-col-size=\"sm\"><strong data-start=\"2215\" data-end=\"2233\">Malzeme - G\u00f6bek<\/strong><\/td>\n<td data-start=\"2243\" data-end=\"2329\" data-col-size=\"md\">T\u0131bbi polipropilen, ye\u015fil opak, ISO renk kodlu<\/td>\n<\/tr>\n<tr data-start=\"2330\" data-end=\"2447\">\n<td data-start=\"2330\" data-end=\"2360\" data-col-size=\"sm\"><strong data-start=\"2332\" data-end=\"2351\">Ba\u011flant\u0131 T\u00fcr\u00fc<\/strong><\/td>\n<td data-start=\"2360\" data-end=\"2447\" data-col-size=\"md\">Standart Luer-lock \/ Luer-slip<\/td>\n<\/tr>\n<tr data-start=\"2448\" data-end=\"2565\">\n<td data-start=\"2448\" data-end=\"2478\" data-col-size=\"sm\"><strong data-start=\"2450\" data-end=\"2474\">Sterilizasyon Y\u00f6ntemi<\/strong><\/td>\n<td data-start=\"2478\" data-end=\"2565\" data-col-size=\"md\">EO (Etilen Oksit) ile sterilize edilmi\u015ftir<\/td>\n<\/tr>\n<tr data-start=\"2566\" data-end=\"2683\">\n<td data-start=\"2566\" data-end=\"2596\" data-col-size=\"sm\"><strong data-start=\"2568\" data-end=\"2581\">Paketleme<\/strong><\/td>\n<td data-start=\"2596\" data-end=\"2683\" data-col-size=\"md\">Ayr\u0131 ayr\u0131 kapat\u0131lm\u0131\u015f blister ambalajlar; kutu ba\u015f\u0131na 100 adet<\/td>\n<\/tr>\n<tr data-start=\"2684\" data-end=\"2800\">\n<td data-start=\"2684\" data-end=\"2714\" data-col-size=\"sm\"><strong data-start=\"2686\" data-end=\"2700\">Tek Kullan\u0131ml\u0131k<\/strong><\/td>\n<td data-start=\"2714\" data-end=\"2800\" data-col-size=\"md\">Evet<\/td>\n<\/tr>\n<tr data-start=\"2801\" data-end=\"2918\">\n<td data-start=\"2801\" data-end=\"2831\" data-col-size=\"sm\"><strong data-start=\"2803\" data-end=\"2820\">Sertifikasyon<\/strong><\/td>\n<td data-start=\"2831\" data-end=\"2918\" data-col-size=\"md\">ISO 13485, CE i\u015fareti, FDA (pazara ba\u011fl\u0131 olarak)<\/td>\n<\/tr>\n<tr data-start=\"2919\" data-end=\"3036\">\n<td data-start=\"2919\" data-end=\"2949\" data-col-size=\"sm\"><strong data-start=\"2921\" data-end=\"2935\">Raf \u00d6mr\u00fc<\/strong><\/td>\n<td data-start=\"2949\" data-end=\"3036\" data-col-size=\"md\">3-5 y\u0131l (uygun \u015fekilde sakland\u0131\u011f\u0131nda)<\/td>\n<\/tr>\n<\/tbody>\n<\/table>\n<\/div>\n<\/div>\n<hr data-start=\"3038\" data-end=\"3041\" \/>\n<p>TT18G (\u00f80,8) Ye\u015fil Opak Da\u011f\u0131t\u0131m \u0130\u011fneleri end\u00fcstriyel, otomotiv ve elektronik montaj uygulamalar\u0131nda orta ila y\u00fcksek viskoziteli s\u0131v\u0131lar i\u00e7in tasarlanm\u0131\u015f sa\u011flam ve g\u00fcvenilir da\u011f\u0131t\u0131m u\u00e7lar\u0131d\u0131r. 0,8 mm i\u00e7 \u00e7apa sahip bu i\u011fneler yap\u0131\u015ft\u0131r\u0131c\u0131lar, dolgu macunlar\u0131, gresler ve di\u011fer kal\u0131n malzemelerin tutarl\u0131 ve kontroll\u00fc bir \u015fekilde da\u011f\u0131t\u0131lmas\u0131n\u0131 sa\u011flayarak verimli ve d\u00fczg\u00fcn bir uygulama sa\u011flar.<\/p>\n<p>Y\u00fcksek mukavemetli, ye\u015fil opak polimerden \u00fcretilen bu i\u011fneler, \u00fcst\u00fcn dayan\u0131kl\u0131l\u0131k ve kimyasal diren\u00e7 sunarak zorlu \u00e7al\u0131\u015fma ortamlar\u0131 i\u00e7in idealdir. Opak ye\u015fil renk, y\u00fcksek hacimli \u00fcretim ortamlar\u0131nda kolay tan\u0131mlama ve ay\u0131rma sa\u011flar. G\u00fc\u00e7lendirilmi\u015f yap\u0131lar\u0131 b\u00fck\u00fclme ve t\u0131kanmay\u0131 en aza indirerek hem otomatik hem de manuel da\u011f\u0131t\u0131m sistemlerinde uzun \u00f6m\u00fcrl\u00fc performans sa\u011flar.<\/p>\n<p>Temel Avantajlar:<br \/>\n\u2714 Orta\/y\u00fcksek viskoziteli s\u0131v\u0131lar\u0131n sorunsuz da\u011f\u0131t\u0131m\u0131 i\u00e7in 0,8 mm i\u00e7 \u00e7ap<br \/>\n\u2714 H\u0131zl\u0131 tan\u0131mlama ve d\u00fc\u015f\u00fck \u0131\u015f\u0131k hassasiyeti i\u00e7in ye\u015fil opak malzeme<br \/>\n\u2714 Uzun kullan\u0131m \u00f6mr\u00fc i\u00e7in y\u00fcksek kimyasal ve a\u015f\u0131nma direnci<br \/>\n\u2714 Kesintisiz \u00e7al\u0131\u015fma i\u00e7in t\u0131kanma \u00f6nleyici tasar\u0131m<br \/>\n\u2714 End\u00fcstriyel yap\u0131\u015ft\u0131r\u0131c\u0131lar, s\u0131zd\u0131rmazl\u0131k malzemeleri, ya\u011flay\u0131c\u0131lar ve saks\u0131 bile\u015fikleri i\u00e7in ideal<\/p>\n<p>Da\u011f\u0131t\u0131m s\u00fcrecinizi dayan\u0131kl\u0131l\u0131k, hassasiyet ve verimlilik i\u00e7in tasarlanm\u0131\u015f TT18G da\u011f\u0131t\u0131m i\u011fneleri ile geli\u015ftirin.<\/p>","protected":false},"excerpt":{"rendered":"<p>Kas i\u00e7i enjeksiyonlar, lokal anestezi uygulamas\u0131 veya a\u015f\u0131 uygulamas\u0131 i\u00e7in \u00e7ok y\u00f6nl\u00fc 18-gauge (0.8mm) t\u0131bbi da\u011f\u0131t\u0131m i\u011fneleri TT18G. Ye\u015fil opak tasar\u0131m, acil ve rutin klinik durumlarda kolay tan\u0131mlama i\u00e7in ISO renk kodlama standartlar\u0131n\u0131 kar\u015f\u0131lar.<\/p>","protected":false},"featured_media":1204,"template":"","meta":{"_acf_changed":false,"site-sidebar-layout":"default","site-content-layout":"","ast-site-content-layout":"default","site-content-style":"default","site-sidebar-style":"default","ast-global-header-display":"","ast-banner-title-visibility":"","ast-main-header-display":"","ast-hfb-above-header-display":"","ast-hfb-below-header-display":"","ast-hfb-mobile-header-display":"","site-post-title":"","ast-breadcrumbs-content":"","ast-featured-img":"","footer-sml-layout":"","ast-disable-related-posts":"","theme-transparent-header-meta":"default","adv-header-id-meta":"","stick-header-meta":"","header-above-stick-meta":"","header-main-stick-meta":"","header-below-stick-meta":"","astra-migrate-meta-layouts":"set","ast-page-background-enabled":"default","ast-page-background-meta":{"desktop":{"background-color":"var(--ast-global-color-5)","background-image":"","background-repeat":"repeat","background-position":"center center","background-size":"auto","background-attachment":"scroll","background-type":"","background-media":"","overlay-type":"","overlay-color":"","overlay-opacity":"","overlay-gradient":""},"tablet":{"background-color":"","background-image":"","background-repeat":"repeat","background-position":"center center","background-size":"auto","background-attachment":"scroll","background-type":"","background-media":"","overlay-type":"","overlay-color":"","overlay-opacity":"","overlay-gradient":""},"mobile":{"background-color":"","background-image":"","background-repeat":"repeat","background-position":"center center","background-size":"auto","background-attachment":"scroll","background-type":"","background-media":"","overlay-type":"","overlay-color":"","overlay-opacity":"","overlay-gradient":""}},"ast-content-background-meta":{"desktop":{"background-color":"var(--ast-global-color-4)","background-image":"","background-repeat":"repeat","background-position":"center center","background-size":"auto","background-attachment":"scroll","background-type":"","background-media":"","overlay-type":"","overlay-color":"","overlay-opacity":"","overlay-gradient":""},"tablet":{"background-color":"var(--ast-global-color-4)","background-image":"","background-repeat":"repeat","background-position":"center center","background-size":"auto","background-attachment":"scroll","background-type":"","background-media":"","overlay-type":"","overlay-color":"","overlay-opacity":"","overlay-gradient":""},"mobile":{"background-color":"var(--ast-global-color-4)","background-image":"","background-repeat":"repeat","background-position":"center center","background-size":"auto","background-attachment":"scroll","background-type":"","background-media":"","overlay-type":"","overlay-color":"","overlay-opacity":"","overlay-gradient":""}}},"product_brand":[],"product_cat":[58,64],"product_tag":[],"class_list":{"0":"post-849","1":"product","2":"type-product","3":"status-publish","4":"has-post-thumbnail","6":"product_cat-dispensing-needles","7":"product_cat-dispensing-needles-and-tips","8":"desktop-align-left","9":"tablet-align-left","10":"mobile-align-left","12":"first","13":"instock","14":"shipping-taxable","15":"product-type-simple"},"acf":[],"yoast_head":"<!-- This site is optimized with the Yoast SEO plugin v27.4 - https:\/\/yoast.com\/product\/yoast-seo-wordpress\/ -->\n<title>Dispensing Needles TT18G(\u00f80.8) Green Opaque<\/title>\n<meta name=\"description\" content=\"Versatile 18-gauge (0.8mm) medical dispensing needles TT18G for intramuscular injections, local anesthesia administration, or vaccine delivery.\" \/>\n<meta name=\"robots\" content=\"index, follow, max-snippet:-1, max-image-preview:large, max-video-preview:-1\" \/>\n<link rel=\"canonical\" href=\"https:\/\/topkeymedical.com\/tr\/urun\/dagitim-igneleri-tt18g\/\" \/>\n<meta property=\"og:locale\" content=\"tr_TR\" \/>\n<meta property=\"og:type\" content=\"article\" \/>\n<meta property=\"og:title\" content=\"Dispensing Needles TT18G(\u00f80.8) Green Opaque\" \/>\n<meta property=\"og:description\" content=\"Versatile 18-gauge (0.8mm) medical dispensing needles TT18G for intramuscular injections, local anesthesia administration, or vaccine delivery.\" \/>\n<meta property=\"og:url\" content=\"https:\/\/topkeymedical.com\/tr\/urun\/dagitim-igneleri-tt18g\/\" \/>\n<meta property=\"og:site_name\" content=\"TOPKEY\u2013 Precision in Every Detail, Guardian of Life and Health\" \/>\n<meta property=\"article:publisher\" content=\"https:\/\/www.facebook.com\/profile.php?id=100088897294997\" \/>\n<meta property=\"article:modified_time\" content=\"2025-09-06T02:00:09+00:00\" \/>\n<meta property=\"og:image\" content=\"https:\/\/topkeymedical.com\/wp-content\/uploads\/2025\/08\/Dispensing-Needles-TT18G-1.webp\" \/>\n\t<meta property=\"og:image:width\" content=\"800\" \/>\n\t<meta property=\"og:image:height\" content=\"800\" \/>\n\t<meta property=\"og:image:type\" content=\"image\/webp\" \/>\n<meta name=\"twitter:card\" content=\"summary_large_image\" \/>\n<meta name=\"twitter:label1\" content=\"Tahmini okuma s\u00fcresi\" \/>\n\t<meta name=\"twitter:data1\" content=\"2 dakika\" \/>\n<script type=\"application\/ld+json\" class=\"yoast-schema-graph\">{\"@context\":\"https:\\\/\\\/schema.org\",\"@graph\":[{\"@type\":\"WebPage\",\"@id\":\"https:\\\/\\\/topkeymedical.com\\\/product\\\/dispensing-needles-tt18g\\\/\",\"url\":\"https:\\\/\\\/topkeymedical.com\\\/product\\\/dispensing-needles-tt18g\\\/\",\"name\":\"Dispensing Needles TT18G(\u00f80.8) Green Opaque\",\"isPartOf\":{\"@id\":\"https:\\\/\\\/topkeymedical.com\\\/#website\"},\"primaryImageOfPage\":{\"@id\":\"https:\\\/\\\/topkeymedical.com\\\/product\\\/dispensing-needles-tt18g\\\/#primaryimage\"},\"image\":{\"@id\":\"https:\\\/\\\/topkeymedical.com\\\/product\\\/dispensing-needles-tt18g\\\/#primaryimage\"},\"thumbnailUrl\":\"https:\\\/\\\/topkeymedical.com\\\/wp-content\\\/uploads\\\/2025\\\/08\\\/Dispensing-Needles-TT18G-1.webp\",\"datePublished\":\"2025-06-17T07:18:51+00:00\",\"dateModified\":\"2025-09-06T02:00:09+00:00\",\"description\":\"Versatile 18-gauge (0.8mm) medical dispensing needles TT18G for intramuscular injections, local anesthesia administration, or vaccine delivery.\",\"breadcrumb\":{\"@id\":\"https:\\\/\\\/topkeymedical.com\\\/product\\\/dispensing-needles-tt18g\\\/#breadcrumb\"},\"inLanguage\":\"tr\",\"potentialAction\":[{\"@type\":\"ReadAction\",\"target\":[\"https:\\\/\\\/topkeymedical.com\\\/product\\\/dispensing-needles-tt18g\\\/\"]}]},{\"@type\":\"ImageObject\",\"inLanguage\":\"tr\",\"@id\":\"https:\\\/\\\/topkeymedical.com\\\/product\\\/dispensing-needles-tt18g\\\/#primaryimage\",\"url\":\"https:\\\/\\\/topkeymedical.com\\\/wp-content\\\/uploads\\\/2025\\\/08\\\/Dispensing-Needles-TT18G-1.webp\",\"contentUrl\":\"https:\\\/\\\/topkeymedical.com\\\/wp-content\\\/uploads\\\/2025\\\/08\\\/Dispensing-Needles-TT18G-1.webp\",\"width\":800,\"height\":800,\"caption\":\"Dispensing Needles TT18G\"},{\"@type\":\"BreadcrumbList\",\"@id\":\"https:\\\/\\\/topkeymedical.com\\\/product\\\/dispensing-needles-tt18g\\\/#breadcrumb\",\"itemListElement\":[{\"@type\":\"ListItem\",\"position\":1,\"name\":\"Home\",\"item\":\"https:\\\/\\\/topkeymedical.com\\\/\"},{\"@type\":\"ListItem\",\"position\":2,\"name\":\"Products\",\"item\":\"https:\\\/\\\/topkeymedical.com\\\/shop\\\/\"},{\"@type\":\"ListItem\",\"position\":3,\"name\":\"Dispensing Needles TT18G(\u00f80.8) Green Opaque\"}]},{\"@type\":\"WebSite\",\"@id\":\"https:\\\/\\\/topkeymedical.com\\\/#website\",\"url\":\"https:\\\/\\\/topkeymedical.com\\\/\",\"name\":\"TOPKEY\u2013 Precision in Every Detail, Guardian of Life and Health\",\"description\":\"\",\"publisher\":{\"@id\":\"https:\\\/\\\/topkeymedical.com\\\/#organization\"},\"potentialAction\":[{\"@type\":\"SearchAction\",\"target\":{\"@type\":\"EntryPoint\",\"urlTemplate\":\"https:\\\/\\\/topkeymedical.com\\\/?s={search_term_string}\"},\"query-input\":{\"@type\":\"PropertyValueSpecification\",\"valueRequired\":true,\"valueName\":\"search_term_string\"}}],\"inLanguage\":\"tr\"},{\"@type\":\"Organization\",\"@id\":\"https:\\\/\\\/topkeymedical.com\\\/#organization\",\"name\":\"TOPKEY\u2013 Precision in Every Detail, Guardian of Life and Health\",\"url\":\"https:\\\/\\\/topkeymedical.com\\\/\",\"logo\":{\"@type\":\"ImageObject\",\"inLanguage\":\"tr\",\"@id\":\"https:\\\/\\\/topkeymedical.com\\\/#\\\/schema\\\/logo\\\/image\\\/\",\"url\":\"https:\\\/\\\/topkeymedical.com\\\/wp-content\\\/uploads\\\/2025\\\/05\\\/cropped-logo.jpg\",\"contentUrl\":\"https:\\\/\\\/topkeymedical.com\\\/wp-content\\\/uploads\\\/2025\\\/05\\\/cropped-logo.jpg\",\"width\":512,\"height\":512,\"caption\":\"TOPKEY\u2013 Precision in Every Detail, Guardian of Life and Health\"},\"image\":{\"@id\":\"https:\\\/\\\/topkeymedical.com\\\/#\\\/schema\\\/logo\\\/image\\\/\"},\"sameAs\":[\"https:\\\/\\\/www.facebook.com\\\/profile.php?id=100088897294997\",\"https:\\\/\\\/www.youtube.com\\\/@TopkeyMedical-Alice888\",\"https:\\\/\\\/www.linkedin.com\\\/in\\\/alice-hu-bb66a01b3\\\/\"]}]}<\/script>\n<!-- \/ Yoast SEO plugin. -->","yoast_head_json":{"title":"Da\u011f\u0131t\u0131m \u0130\u011fneleri TT18G (\u00f80.8) Ye\u015fil Opak","description":"Kas i\u00e7i enjeksiyonlar, lokal anestezi uygulamas\u0131 veya a\u015f\u0131 uygulamas\u0131 i\u00e7in \u00e7ok y\u00f6nl\u00fc 18-gauge (0.8mm) t\u0131bbi da\u011f\u0131t\u0131m i\u011fneleri TT18G.","robots":{"index":"index","follow":"follow","max-snippet":"max-snippet:-1","max-image-preview":"max-image-preview:large","max-video-preview":"max-video-preview:-1"},"canonical":"https:\/\/topkeymedical.com\/tr\/urun\/dagitim-igneleri-tt18g\/","og_locale":"tr_TR","og_type":"article","og_title":"Dispensing Needles TT18G(\u00f80.8) Green Opaque","og_description":"Versatile 18-gauge (0.8mm) medical dispensing needles TT18G for intramuscular injections, local anesthesia administration, or vaccine delivery.","og_url":"https:\/\/topkeymedical.com\/tr\/urun\/dagitim-igneleri-tt18g\/","og_site_name":"TOPKEY\u2013 Precision in Every Detail, Guardian of Life and Health","article_publisher":"https:\/\/www.facebook.com\/profile.php?id=100088897294997","article_modified_time":"2025-09-06T02:00:09+00:00","og_image":[{"width":800,"height":800,"url":"https:\/\/topkeymedical.com\/wp-content\/uploads\/2025\/08\/Dispensing-Needles-TT18G-1.webp","type":"image\/webp"}],"twitter_card":"summary_large_image","twitter_misc":{"Tahmini okuma s\u00fcresi":"2 dakika"},"schema":{"@context":"https:\/\/schema.org","@graph":[{"@type":"WebPage","@id":"https:\/\/topkeymedical.com\/product\/dispensing-needles-tt18g\/","url":"https:\/\/topkeymedical.com\/product\/dispensing-needles-tt18g\/","name":"Da\u011f\u0131t\u0131m \u0130\u011fneleri TT18G (\u00f80.8) Ye\u015fil Opak","isPartOf":{"@id":"https:\/\/topkeymedical.com\/#website"},"primaryImageOfPage":{"@id":"https:\/\/topkeymedical.com\/product\/dispensing-needles-tt18g\/#primaryimage"},"image":{"@id":"https:\/\/topkeymedical.com\/product\/dispensing-needles-tt18g\/#primaryimage"},"thumbnailUrl":"https:\/\/topkeymedical.com\/wp-content\/uploads\/2025\/08\/Dispensing-Needles-TT18G-1.webp","datePublished":"2025-06-17T07:18:51+00:00","dateModified":"2025-09-06T02:00:09+00:00","description":"Kas i\u00e7i enjeksiyonlar, lokal anestezi uygulamas\u0131 veya a\u015f\u0131 uygulamas\u0131 i\u00e7in \u00e7ok y\u00f6nl\u00fc 18-gauge (0.8mm) t\u0131bbi da\u011f\u0131t\u0131m i\u011fneleri TT18G.","breadcrumb":{"@id":"https:\/\/topkeymedical.com\/product\/dispensing-needles-tt18g\/#breadcrumb"},"inLanguage":"tr","potentialAction":[{"@type":"ReadAction","target":["https:\/\/topkeymedical.com\/product\/dispensing-needles-tt18g\/"]}]},{"@type":"ImageObject","inLanguage":"tr","@id":"https:\/\/topkeymedical.com\/product\/dispensing-needles-tt18g\/#primaryimage","url":"https:\/\/topkeymedical.com\/wp-content\/uploads\/2025\/08\/Dispensing-Needles-TT18G-1.webp","contentUrl":"https:\/\/topkeymedical.com\/wp-content\/uploads\/2025\/08\/Dispensing-Needles-TT18G-1.webp","width":800,"height":800,"caption":"Dispensing Needles TT18G"},{"@type":"BreadcrumbList","@id":"https:\/\/topkeymedical.com\/product\/dispensing-needles-tt18g\/#breadcrumb","itemListElement":[{"@type":"ListItem","position":1,"name":"Home","item":"https:\/\/topkeymedical.com\/"},{"@type":"ListItem","position":2,"name":"Products","item":"https:\/\/topkeymedical.com\/shop\/"},{"@type":"ListItem","position":3,"name":"Dispensing Needles TT18G(\u00f80.8) Green Opaque"}]},{"@type":"WebSite","@id":"https:\/\/topkeymedical.com\/#website","url":"https:\/\/topkeymedical.com\/","name":"TOPKEY- Her Ayr\u0131nt\u0131da Hassasiyet, Ya\u015fam ve Sa\u011fl\u0131\u011f\u0131n Koruyucusu","description":"","publisher":{"@id":"https:\/\/topkeymedical.com\/#organization"},"potentialAction":[{"@type":"SearchAction","target":{"@type":"EntryPoint","urlTemplate":"https:\/\/topkeymedical.com\/?s={search_term_string}"},"query-input":{"@type":"PropertyValueSpecification","valueRequired":true,"valueName":"search_term_string"}}],"inLanguage":"tr"},{"@type":"Organization","@id":"https:\/\/topkeymedical.com\/#organization","name":"TOPKEY- Her Ayr\u0131nt\u0131da Hassasiyet, Ya\u015fam ve Sa\u011fl\u0131\u011f\u0131n Koruyucusu","url":"https:\/\/topkeymedical.com\/","logo":{"@type":"ImageObject","inLanguage":"tr","@id":"https:\/\/topkeymedical.com\/#\/schema\/logo\/image\/","url":"https:\/\/topkeymedical.com\/wp-content\/uploads\/2025\/05\/cropped-logo.jpg","contentUrl":"https:\/\/topkeymedical.com\/wp-content\/uploads\/2025\/05\/cropped-logo.jpg","width":512,"height":512,"caption":"TOPKEY\u2013 Precision in Every Detail, Guardian of Life and Health"},"image":{"@id":"https:\/\/topkeymedical.com\/#\/schema\/logo\/image\/"},"sameAs":["https:\/\/www.facebook.com\/profile.php?id=100088897294997","https:\/\/www.youtube.com\/@TopkeyMedical-Alice888","https:\/\/www.linkedin.com\/in\/alice-hu-bb66a01b3\/"]}]}},"_links":{"self":[{"href":"https:\/\/topkeymedical.com\/tr\/wp-json\/wp\/v2\/product\/849","targetHints":{"allow":["GET"]}}],"collection":[{"href":"https:\/\/topkeymedical.com\/tr\/wp-json\/wp\/v2\/product"}],"about":[{"href":"https:\/\/topkeymedical.com\/tr\/wp-json\/wp\/v2\/types\/product"}],"version-history":[{"count":5,"href":"https:\/\/topkeymedical.com\/tr\/wp-json\/wp\/v2\/product\/849\/revisions"}],"predecessor-version":[{"id":1376,"href":"https:\/\/topkeymedical.com\/tr\/wp-json\/wp\/v2\/product\/849\/revisions\/1376"}],"wp:featuredmedia":[{"embeddable":true,"href":"https:\/\/topkeymedical.com\/tr\/wp-json\/wp\/v2\/media\/1204"}],"wp:attachment":[{"href":"https:\/\/topkeymedical.com\/tr\/wp-json\/wp\/v2\/media?parent=849"}],"wp:term":[{"taxonomy":"product_brand","embeddable":true,"href":"https:\/\/topkeymedical.com\/tr\/wp-json\/wp\/v2\/product_brand?post=849"},{"taxonomy":"product_cat","embeddable":true,"href":"https:\/\/topkeymedical.com\/tr\/wp-json\/wp\/v2\/product_cat?post=849"},{"taxonomy":"product_tag","embeddable":true,"href":"https:\/\/topkeymedical.com\/tr\/wp-json\/wp\/v2\/product_tag?post=849"}],"curies":[{"name":"wp","href":"https:\/\/api.w.org\/{rel}","templated":true}]}}