{"id":855,"date":"2025-06-17T07:23:05","date_gmt":"2025-06-17T07:23:05","guid":{"rendered":"https:\/\/topkeymedical.com\/?post_type=product&#038;p=855"},"modified":"2025-09-06T01:58:09","modified_gmt":"2025-09-06T01:58:09","slug":"dagitim-ignesi-uclari-tt30g","status":"publish","type":"product","link":"https:\/\/topkeymedical.com\/tr\/urun\/dagitim-ignesi-uclari-tt30g\/","title":{"rendered":"Da\u011f\u0131t\u0131m \u0130\u011fne U\u00e7lar\u0131 TT30G (\u00f80,16) \u015eeffaf Sar\u0131"},"content":{"rendered":"<h2 data-start=\"1223\" data-end=\"1255\">Teknik \u00d6zellikler<\/h2>\n<div class=\"_tableContainer_1rjym_1\">\n<div class=\"_tableWrapper_1rjym_13 group flex w-fit flex-col-reverse\" tabindex=\"-1\">\n<table class=\"w-fit min-w-(--thread-content-width)\" data-start=\"1257\" data-end=\"3138\">\n<thead data-start=\"1257\" data-end=\"1373\">\n<tr data-start=\"1257\" data-end=\"1373\">\n<th data-start=\"1257\" data-end=\"1286\" data-col-size=\"sm\">Parametre<\/th>\n<th data-start=\"1286\" data-end=\"1373\" data-col-size=\"md\">De\u011fer \/ A\u00e7\u0131klama<\/th>\n<\/tr>\n<\/thead>\n<tbody data-start=\"1492\" data-end=\"3138\">\n<tr data-start=\"1492\" data-end=\"1609\">\n<td data-start=\"1492\" data-end=\"1522\" data-col-size=\"sm\"><strong data-start=\"1494\" data-end=\"1510\">\u00dcr\u00fcn Ad\u0131<\/strong><\/td>\n<td data-start=\"1522\" data-end=\"1609\" data-col-size=\"md\">Da\u011f\u0131t\u0131m \u0130\u011fne U\u00e7lar\u0131 TT30G<\/td>\n<\/tr>\n<tr data-start=\"1610\" data-end=\"1727\">\n<td data-start=\"1610\" data-end=\"1640\" data-col-size=\"sm\"><strong data-start=\"1612\" data-end=\"1627\">SKU \u00d6rne\u011fi<\/strong><\/td>\n<td data-start=\"1640\" data-end=\"1727\" data-col-size=\"md\">TT30G (\u00f80,16 mm) \u015eeffaf Sar\u0131<\/td>\n<\/tr>\n<tr data-start=\"1728\" data-end=\"1844\">\n<td data-start=\"1728\" data-end=\"1758\" data-col-size=\"sm\"><strong data-start=\"1730\" data-end=\"1744\">\u00d6l\u00e7\u00fc Boyutu<\/strong><\/td>\n<td data-start=\"1758\" data-end=\"1844\" data-col-size=\"md\">30G<\/td>\n<\/tr>\n<tr data-start=\"1845\" data-end=\"1961\">\n<td data-start=\"1845\" data-end=\"1875\" data-col-size=\"sm\"><strong data-start=\"1847\" data-end=\"1870\">\u0130\u00e7 \u00c7ap (ID)<\/strong><\/td>\n<td data-start=\"1875\" data-end=\"1961\" data-col-size=\"md\">0,16 mm<\/td>\n<\/tr>\n<tr data-start=\"1962\" data-end=\"2078\">\n<td data-start=\"1962\" data-end=\"1992\" data-col-size=\"sm\"><strong data-start=\"1964\" data-end=\"1987\">D\u0131\u015f \u00c7ap (OD)<\/strong><\/td>\n<td data-start=\"1992\" data-end=\"2078\" data-col-size=\"md\">~0,31 mm<\/td>\n<\/tr>\n<tr data-start=\"2079\" data-end=\"2196\">\n<td data-start=\"2079\" data-end=\"2109\" data-col-size=\"sm\"><strong data-start=\"2081\" data-end=\"2098\">\u0130\u011fne Uzunlu\u011fu<\/strong><\/td>\n<td data-start=\"2109\" data-end=\"2196\" data-col-size=\"md\">Standart uzunluk \u00bd in\u00e7 (12,7 mm) veya \u00f6zelle\u015ftirilebilir (tedarik\u00e7iye ba\u011fl\u0131 olarak)<\/td>\n<\/tr>\n<tr data-start=\"2197\" data-end=\"2314\">\n<td data-start=\"2197\" data-end=\"2227\" data-col-size=\"sm\"><strong data-start=\"2199\" data-end=\"2221\">Malzeme - Kan\u00fcl<\/strong><\/td>\n<td data-start=\"2227\" data-end=\"2314\" data-col-size=\"md\">Paslanmaz \u00e7elik, korozyona dayan\u0131kl\u0131<\/td>\n<\/tr>\n<tr data-start=\"2315\" data-end=\"2431\">\n<td data-start=\"2315\" data-end=\"2345\" data-col-size=\"sm\"><strong data-start=\"2317\" data-end=\"2335\">Malzeme - G\u00f6bek<\/strong><\/td>\n<td data-start=\"2345\" data-end=\"2431\" data-col-size=\"md\">Polipropilen, \u015feffaf sar\u0131, Luer-lock uyumlu<\/td>\n<\/tr>\n<tr data-start=\"2432\" data-end=\"2549\">\n<td data-start=\"2432\" data-end=\"2462\" data-col-size=\"sm\"><strong data-start=\"2434\" data-end=\"2453\">Ba\u011flant\u0131 T\u00fcr\u00fc<\/strong><\/td>\n<td data-start=\"2462\" data-end=\"2549\" data-col-size=\"md\">Standart Luer-lock veya Luer-slip<\/td>\n<\/tr>\n<tr data-start=\"2550\" data-end=\"2667\">\n<td data-start=\"2550\" data-end=\"2580\" data-col-size=\"sm\"><strong data-start=\"2552\" data-end=\"2576\">Sterilizasyon Y\u00f6ntemi<\/strong><\/td>\n<td data-start=\"2580\" data-end=\"2667\" data-col-size=\"md\">EO gaz sterilizasyonu<\/td>\n<\/tr>\n<tr data-start=\"2668\" data-end=\"2785\">\n<td data-start=\"2668\" data-end=\"2698\" data-col-size=\"sm\"><strong data-start=\"2670\" data-end=\"2683\">Paketleme<\/strong><\/td>\n<td data-start=\"2698\" data-end=\"2785\" data-col-size=\"md\">Ayr\u0131 ayr\u0131 m\u00fch\u00fcrlenmi\u015f, kutu ba\u015f\u0131na 100 adet<\/td>\n<\/tr>\n<tr data-start=\"2786\" data-end=\"2902\">\n<td data-start=\"2786\" data-end=\"2816\" data-col-size=\"sm\"><strong data-start=\"2788\" data-end=\"2802\">Tek Kullan\u0131ml\u0131k<\/strong><\/td>\n<td data-start=\"2816\" data-end=\"2902\" data-col-size=\"md\">Evet<\/td>\n<\/tr>\n<tr data-start=\"2903\" data-end=\"3020\">\n<td data-start=\"2903\" data-end=\"2933\" data-col-size=\"sm\"><strong data-start=\"2905\" data-end=\"2922\">Sertifikasyon<\/strong><\/td>\n<td data-start=\"2933\" data-end=\"3020\" data-col-size=\"md\">ISO 13485, CE i\u015fareti, FDA uyumlulu\u011fu<\/td>\n<\/tr>\n<tr data-start=\"3021\" data-end=\"3138\">\n<td data-start=\"3021\" data-end=\"3051\" data-col-size=\"sm\"><strong data-start=\"3023\" data-end=\"3037\">Raf \u00d6mr\u00fc<\/strong><\/td>\n<td data-start=\"3051\" data-end=\"3138\" data-col-size=\"md\">Uygun saklama ko\u015fullar\u0131 alt\u0131nda 3-5 y\u0131l<\/td>\n<\/tr>\n<\/tbody>\n<\/table>\n<\/div>\n<\/div>\n<hr data-start=\"3140\" data-end=\"3143\" \/>\n<p>TT30G (\u00f80,16) \u015eeffaf Sar\u0131 Da\u011f\u0131t\u0131m \u0130\u011fne U\u00e7lar\u0131, elektronik, t\u0131bbi cihaz montaj\u0131 ve mikroelektronik dahil olmak \u00fczere \u00e7e\u015fitli sekt\u00f6rlerde do\u011fru ve tutarl\u0131 s\u0131v\u0131 uygulamas\u0131 i\u00e7in tasarlanm\u0131\u015f hassas m\u00fchendislik \u00fcr\u00fcn\u00fc da\u011f\u0131t\u0131m i\u011fneleridir. Ultra ince 0,16 mm i\u00e7 \u00e7apa sahip bu i\u011fne u\u00e7lar\u0131, yap\u0131\u015ft\u0131r\u0131c\u0131lar, ya\u011flay\u0131c\u0131lar, solventler ve di\u011fer d\u00fc\u015f\u00fck ila orta viskoziteli s\u0131v\u0131lar\u0131n y\u00fcksek hassasiyetle da\u011f\u0131t\u0131lmas\u0131n\u0131 sa\u011flayarak minimum malzeme israf\u0131 gerektiren hassas uygulamalar i\u00e7in idealdir.<\/p>\n<p>Y\u00fcksek kaliteli \u015feffaf sar\u0131 polimerden \u00fcretilen bu u\u00e7lar, m\u00fckemmel kimyasal diren\u00e7 ve dayan\u0131kl\u0131l\u0131k sunarken s\u0131v\u0131 ak\u0131\u015f\u0131n\u0131n kolayca g\u00f6rsel olarak denetlenmesini sa\u011flar. Konik tasar\u0131mlar\u0131 t\u0131kanmay\u0131 en aza indirir ve p\u00fcr\u00fczs\u00fcz, kabarc\u0131ks\u0131z da\u011f\u0131t\u0131m sa\u011flar. \u00c7o\u011fu standart da\u011f\u0131t\u0131m sistemiyle uyumlu olan TT30G i\u011fneler, otomatik ve manuel da\u011f\u0131t\u0131m s\u00fcre\u00e7leri i\u00e7in g\u00fcvenilir performans sa\u011flar.<\/p>\n<p>Temel Avantajlar:<br \/>\n\u2714 Nokta hassasiyet i\u00e7in ultra ince 0,16 mm i\u00e7 \u00e7ap<br \/>\n\u2714 Net ak\u0131\u015f izleme i\u00e7in \u015feffaf sar\u0131 malzeme<br \/>\n\u2714 Kimyasallara Dayan\u0131kl\u0131 ve Dayan\u0131kl\u0131 Yap\u0131<br \/>\n\u2714 Optimize edilmi\u015f konik tasar\u0131m\u0131 ile daha az t\u0131kanma<br \/>\n\u2714 Elektronik, t\u0131bbi ve end\u00fcstriyel uygulamalar i\u00e7in uygundur**<\/p>\n<p>Do\u011frulu\u011fun g\u00fcvenilirlikle bulu\u015ftu\u011fu TT30G hassas i\u011fne u\u00e7lar\u0131 ile da\u011f\u0131t\u0131m s\u00fcrecinizi geli\u015ftirin.<\/p>\n<p>&nbsp;<\/p>","protected":false},"excerpt":{"rendered":"<p>\u0130ns\u00fclin uygulamas\u0131, intradermal enjeksiyonlar veya oftalmik prosed\u00fcrler gibi \u00f6zel t\u0131bbi uygulamalar i\u00e7in ultra ince 30-gauge (0.16mm) da\u011f\u0131t\u0131m i\u011fnesi u\u00e7lar\u0131 TT30G. \u015eeffaf sar\u0131 malzeme, hassas tedavilerde hassasiyeti korurken ila\u00e7 ak\u0131\u015f\u0131n\u0131n g\u00f6rsel olarak onaylanmas\u0131n\u0131 sa\u011flar.<\/p>","protected":false},"featured_media":1196,"template":"","meta":{"_acf_changed":false,"site-sidebar-layout":"default","site-content-layout":"","ast-site-content-layout":"default","site-content-style":"default","site-sidebar-style":"default","ast-global-header-display":"","ast-banner-title-visibility":"","ast-main-header-display":"","ast-hfb-above-header-display":"","ast-hfb-below-header-display":"","ast-hfb-mobile-header-display":"","site-post-title":"","ast-breadcrumbs-content":"","ast-featured-img":"","footer-sml-layout":"","ast-disable-related-posts":"","theme-transparent-header-meta":"default","adv-header-id-meta":"","stick-header-meta":"","header-above-stick-meta":"","header-main-stick-meta":"","header-below-stick-meta":"","astra-migrate-meta-layouts":"set","ast-page-background-enabled":"default","ast-page-background-meta":{"desktop":{"background-color":"var(--ast-global-color-5)","background-image":"","background-repeat":"repeat","background-position":"center center","background-size":"auto","background-attachment":"scroll","background-type":"","background-media":"","overlay-type":"","overlay-color":"","overlay-opacity":"","overlay-gradient":""},"tablet":{"background-color":"","background-image":"","background-repeat":"repeat","background-position":"center center","background-size":"auto","background-attachment":"scroll","background-type":"","background-media":"","overlay-type":"","overlay-color":"","overlay-opacity":"","overlay-gradient":""},"mobile":{"background-color":"","background-image":"","background-repeat":"repeat","background-position":"center center","background-size":"auto","background-attachment":"scroll","background-type":"","background-media":"","overlay-type":"","overlay-color":"","overlay-opacity":"","overlay-gradient":""}},"ast-content-background-meta":{"desktop":{"background-color":"var(--ast-global-color-4)","background-image":"","background-repeat":"repeat","background-position":"center center","background-size":"auto","background-attachment":"scroll","background-type":"","background-media":"","overlay-type":"","overlay-color":"","overlay-opacity":"","overlay-gradient":""},"tablet":{"background-color":"var(--ast-global-color-4)","background-image":"","background-repeat":"repeat","background-position":"center center","background-size":"auto","background-attachment":"scroll","background-type":"","background-media":"","overlay-type":"","overlay-color":"","overlay-opacity":"","overlay-gradient":""},"mobile":{"background-color":"var(--ast-global-color-4)","background-image":"","background-repeat":"repeat","background-position":"center center","background-size":"auto","background-attachment":"scroll","background-type":"","background-media":"","overlay-type":"","overlay-color":"","overlay-opacity":"","overlay-gradient":""}}},"product_brand":[],"product_cat":[58,64],"product_tag":[],"class_list":{"0":"post-855","1":"product","2":"type-product","3":"status-publish","4":"has-post-thumbnail","6":"product_cat-dispensing-needles","7":"product_cat-dispensing-needles-and-tips","8":"desktop-align-left","9":"tablet-align-left","10":"mobile-align-left","12":"first","13":"instock","14":"shipping-taxable","15":"product-type-simple"},"acf":[],"yoast_head":"<!-- This site is optimized with the Yoast SEO plugin v27.4 - https:\/\/yoast.com\/product\/yoast-seo-wordpress\/ -->\n<title>Dispensing Needle Tips TT30G(\u00f80.16) Transparent Yellow<\/title>\n<meta name=\"description\" content=\"Ultra-fine 30-gauge (0.16mm) dispensing needle tips TT30G for specialized medical applications including insulin delivery.\" \/>\n<meta name=\"robots\" content=\"index, follow, max-snippet:-1, max-image-preview:large, max-video-preview:-1\" \/>\n<link rel=\"canonical\" href=\"https:\/\/topkeymedical.com\/tr\/urun\/dagitim-ignesi-uclari-tt30g\/\" \/>\n<meta property=\"og:locale\" content=\"tr_TR\" \/>\n<meta property=\"og:type\" content=\"article\" \/>\n<meta property=\"og:title\" content=\"Dispensing Needle Tips TT30G(\u00f80.16) Transparent Yellow\" \/>\n<meta property=\"og:description\" content=\"Ultra-fine 30-gauge (0.16mm) dispensing needle tips TT30G for specialized medical applications including insulin delivery.\" \/>\n<meta property=\"og:url\" content=\"https:\/\/topkeymedical.com\/tr\/urun\/dagitim-ignesi-uclari-tt30g\/\" \/>\n<meta property=\"og:site_name\" content=\"TOPKEY\u2013 Precision in Every Detail, Guardian of Life and Health\" \/>\n<meta property=\"article:publisher\" content=\"https:\/\/www.facebook.com\/profile.php?id=100088897294997\" \/>\n<meta property=\"article:modified_time\" content=\"2025-09-06T01:58:09+00:00\" \/>\n<meta property=\"og:image\" content=\"https:\/\/topkeymedical.com\/wp-content\/uploads\/2025\/08\/Dispensing-Needle-Tips-TT30G-1.webp\" \/>\n\t<meta property=\"og:image:width\" content=\"800\" \/>\n\t<meta property=\"og:image:height\" content=\"800\" \/>\n\t<meta property=\"og:image:type\" content=\"image\/webp\" \/>\n<meta name=\"twitter:card\" content=\"summary_large_image\" \/>\n<meta name=\"twitter:label1\" content=\"Tahmini okuma s\u00fcresi\" \/>\n\t<meta name=\"twitter:data1\" content=\"2 dakika\" \/>\n<script type=\"application\/ld+json\" class=\"yoast-schema-graph\">{\"@context\":\"https:\\\/\\\/schema.org\",\"@graph\":[{\"@type\":\"WebPage\",\"@id\":\"https:\\\/\\\/topkeymedical.com\\\/product\\\/dispensing-needle-tips-tt30g\\\/\",\"url\":\"https:\\\/\\\/topkeymedical.com\\\/product\\\/dispensing-needle-tips-tt30g\\\/\",\"name\":\"Dispensing Needle Tips TT30G(\u00f80.16) Transparent Yellow\",\"isPartOf\":{\"@id\":\"https:\\\/\\\/topkeymedical.com\\\/#website\"},\"primaryImageOfPage\":{\"@id\":\"https:\\\/\\\/topkeymedical.com\\\/product\\\/dispensing-needle-tips-tt30g\\\/#primaryimage\"},\"image\":{\"@id\":\"https:\\\/\\\/topkeymedical.com\\\/product\\\/dispensing-needle-tips-tt30g\\\/#primaryimage\"},\"thumbnailUrl\":\"https:\\\/\\\/topkeymedical.com\\\/wp-content\\\/uploads\\\/2025\\\/08\\\/Dispensing-Needle-Tips-TT30G-1.webp\",\"datePublished\":\"2025-06-17T07:23:05+00:00\",\"dateModified\":\"2025-09-06T01:58:09+00:00\",\"description\":\"Ultra-fine 30-gauge (0.16mm) dispensing needle tips TT30G for specialized medical applications including insulin delivery.\",\"breadcrumb\":{\"@id\":\"https:\\\/\\\/topkeymedical.com\\\/product\\\/dispensing-needle-tips-tt30g\\\/#breadcrumb\"},\"inLanguage\":\"tr\",\"potentialAction\":[{\"@type\":\"ReadAction\",\"target\":[\"https:\\\/\\\/topkeymedical.com\\\/product\\\/dispensing-needle-tips-tt30g\\\/\"]}]},{\"@type\":\"ImageObject\",\"inLanguage\":\"tr\",\"@id\":\"https:\\\/\\\/topkeymedical.com\\\/product\\\/dispensing-needle-tips-tt30g\\\/#primaryimage\",\"url\":\"https:\\\/\\\/topkeymedical.com\\\/wp-content\\\/uploads\\\/2025\\\/08\\\/Dispensing-Needle-Tips-TT30G-1.webp\",\"contentUrl\":\"https:\\\/\\\/topkeymedical.com\\\/wp-content\\\/uploads\\\/2025\\\/08\\\/Dispensing-Needle-Tips-TT30G-1.webp\",\"width\":800,\"height\":800,\"caption\":\"Dispensing Needle Tips TT30G\"},{\"@type\":\"BreadcrumbList\",\"@id\":\"https:\\\/\\\/topkeymedical.com\\\/product\\\/dispensing-needle-tips-tt30g\\\/#breadcrumb\",\"itemListElement\":[{\"@type\":\"ListItem\",\"position\":1,\"name\":\"Home\",\"item\":\"https:\\\/\\\/topkeymedical.com\\\/\"},{\"@type\":\"ListItem\",\"position\":2,\"name\":\"Products\",\"item\":\"https:\\\/\\\/topkeymedical.com\\\/shop\\\/\"},{\"@type\":\"ListItem\",\"position\":3,\"name\":\"Dispensing Needle Tips TT30G(\u00f80.16) Transparent Yellow\"}]},{\"@type\":\"WebSite\",\"@id\":\"https:\\\/\\\/topkeymedical.com\\\/#website\",\"url\":\"https:\\\/\\\/topkeymedical.com\\\/\",\"name\":\"TOPKEY\u2013 Precision in Every Detail, Guardian of Life and Health\",\"description\":\"\",\"publisher\":{\"@id\":\"https:\\\/\\\/topkeymedical.com\\\/#organization\"},\"potentialAction\":[{\"@type\":\"SearchAction\",\"target\":{\"@type\":\"EntryPoint\",\"urlTemplate\":\"https:\\\/\\\/topkeymedical.com\\\/?s={search_term_string}\"},\"query-input\":{\"@type\":\"PropertyValueSpecification\",\"valueRequired\":true,\"valueName\":\"search_term_string\"}}],\"inLanguage\":\"tr\"},{\"@type\":\"Organization\",\"@id\":\"https:\\\/\\\/topkeymedical.com\\\/#organization\",\"name\":\"TOPKEY\u2013 Precision in Every Detail, Guardian of Life and Health\",\"url\":\"https:\\\/\\\/topkeymedical.com\\\/\",\"logo\":{\"@type\":\"ImageObject\",\"inLanguage\":\"tr\",\"@id\":\"https:\\\/\\\/topkeymedical.com\\\/#\\\/schema\\\/logo\\\/image\\\/\",\"url\":\"https:\\\/\\\/topkeymedical.com\\\/wp-content\\\/uploads\\\/2025\\\/05\\\/cropped-logo.jpg\",\"contentUrl\":\"https:\\\/\\\/topkeymedical.com\\\/wp-content\\\/uploads\\\/2025\\\/05\\\/cropped-logo.jpg\",\"width\":512,\"height\":512,\"caption\":\"TOPKEY\u2013 Precision in Every Detail, Guardian of Life and Health\"},\"image\":{\"@id\":\"https:\\\/\\\/topkeymedical.com\\\/#\\\/schema\\\/logo\\\/image\\\/\"},\"sameAs\":[\"https:\\\/\\\/www.facebook.com\\\/profile.php?id=100088897294997\",\"https:\\\/\\\/www.youtube.com\\\/@TopkeyMedical-Alice888\",\"https:\\\/\\\/www.linkedin.com\\\/in\\\/alice-hu-bb66a01b3\\\/\"]}]}<\/script>\n<!-- \/ Yoast SEO plugin. -->","yoast_head_json":{"title":"Da\u011f\u0131t\u0131m \u0130\u011fne U\u00e7lar\u0131 TT30G (\u00f80,16) \u015eeffaf Sar\u0131","description":"\u0130ns\u00fclin da\u011f\u0131t\u0131m\u0131 dahil \u00f6zel t\u0131bbi uygulamalar i\u00e7in ultra ince 30-gauge (0.16mm) da\u011f\u0131t\u0131m i\u011fnesi u\u00e7lar\u0131 TT30G.","robots":{"index":"index","follow":"follow","max-snippet":"max-snippet:-1","max-image-preview":"max-image-preview:large","max-video-preview":"max-video-preview:-1"},"canonical":"https:\/\/topkeymedical.com\/tr\/urun\/dagitim-ignesi-uclari-tt30g\/","og_locale":"tr_TR","og_type":"article","og_title":"Dispensing Needle Tips TT30G(\u00f80.16) Transparent Yellow","og_description":"Ultra-fine 30-gauge (0.16mm) dispensing needle tips TT30G for specialized medical applications including insulin delivery.","og_url":"https:\/\/topkeymedical.com\/tr\/urun\/dagitim-ignesi-uclari-tt30g\/","og_site_name":"TOPKEY\u2013 Precision in Every Detail, Guardian of Life and Health","article_publisher":"https:\/\/www.facebook.com\/profile.php?id=100088897294997","article_modified_time":"2025-09-06T01:58:09+00:00","og_image":[{"width":800,"height":800,"url":"https:\/\/topkeymedical.com\/wp-content\/uploads\/2025\/08\/Dispensing-Needle-Tips-TT30G-1.webp","type":"image\/webp"}],"twitter_card":"summary_large_image","twitter_misc":{"Tahmini okuma s\u00fcresi":"2 dakika"},"schema":{"@context":"https:\/\/schema.org","@graph":[{"@type":"WebPage","@id":"https:\/\/topkeymedical.com\/product\/dispensing-needle-tips-tt30g\/","url":"https:\/\/topkeymedical.com\/product\/dispensing-needle-tips-tt30g\/","name":"Da\u011f\u0131t\u0131m \u0130\u011fne U\u00e7lar\u0131 TT30G (\u00f80,16) \u015eeffaf Sar\u0131","isPartOf":{"@id":"https:\/\/topkeymedical.com\/#website"},"primaryImageOfPage":{"@id":"https:\/\/topkeymedical.com\/product\/dispensing-needle-tips-tt30g\/#primaryimage"},"image":{"@id":"https:\/\/topkeymedical.com\/product\/dispensing-needle-tips-tt30g\/#primaryimage"},"thumbnailUrl":"https:\/\/topkeymedical.com\/wp-content\/uploads\/2025\/08\/Dispensing-Needle-Tips-TT30G-1.webp","datePublished":"2025-06-17T07:23:05+00:00","dateModified":"2025-09-06T01:58:09+00:00","description":"\u0130ns\u00fclin da\u011f\u0131t\u0131m\u0131 dahil \u00f6zel t\u0131bbi uygulamalar i\u00e7in ultra ince 30-gauge (0.16mm) da\u011f\u0131t\u0131m i\u011fnesi u\u00e7lar\u0131 TT30G.","breadcrumb":{"@id":"https:\/\/topkeymedical.com\/product\/dispensing-needle-tips-tt30g\/#breadcrumb"},"inLanguage":"tr","potentialAction":[{"@type":"ReadAction","target":["https:\/\/topkeymedical.com\/product\/dispensing-needle-tips-tt30g\/"]}]},{"@type":"ImageObject","inLanguage":"tr","@id":"https:\/\/topkeymedical.com\/product\/dispensing-needle-tips-tt30g\/#primaryimage","url":"https:\/\/topkeymedical.com\/wp-content\/uploads\/2025\/08\/Dispensing-Needle-Tips-TT30G-1.webp","contentUrl":"https:\/\/topkeymedical.com\/wp-content\/uploads\/2025\/08\/Dispensing-Needle-Tips-TT30G-1.webp","width":800,"height":800,"caption":"Dispensing Needle Tips TT30G"},{"@type":"BreadcrumbList","@id":"https:\/\/topkeymedical.com\/product\/dispensing-needle-tips-tt30g\/#breadcrumb","itemListElement":[{"@type":"ListItem","position":1,"name":"Home","item":"https:\/\/topkeymedical.com\/"},{"@type":"ListItem","position":2,"name":"Products","item":"https:\/\/topkeymedical.com\/shop\/"},{"@type":"ListItem","position":3,"name":"Dispensing Needle Tips TT30G(\u00f80.16) Transparent Yellow"}]},{"@type":"WebSite","@id":"https:\/\/topkeymedical.com\/#website","url":"https:\/\/topkeymedical.com\/","name":"TOPKEY- Her Ayr\u0131nt\u0131da Hassasiyet, Ya\u015fam ve Sa\u011fl\u0131\u011f\u0131n Koruyucusu","description":"","publisher":{"@id":"https:\/\/topkeymedical.com\/#organization"},"potentialAction":[{"@type":"SearchAction","target":{"@type":"EntryPoint","urlTemplate":"https:\/\/topkeymedical.com\/?s={search_term_string}"},"query-input":{"@type":"PropertyValueSpecification","valueRequired":true,"valueName":"search_term_string"}}],"inLanguage":"tr"},{"@type":"Organization","@id":"https:\/\/topkeymedical.com\/#organization","name":"TOPKEY- Her Ayr\u0131nt\u0131da Hassasiyet, Ya\u015fam ve Sa\u011fl\u0131\u011f\u0131n Koruyucusu","url":"https:\/\/topkeymedical.com\/","logo":{"@type":"ImageObject","inLanguage":"tr","@id":"https:\/\/topkeymedical.com\/#\/schema\/logo\/image\/","url":"https:\/\/topkeymedical.com\/wp-content\/uploads\/2025\/05\/cropped-logo.jpg","contentUrl":"https:\/\/topkeymedical.com\/wp-content\/uploads\/2025\/05\/cropped-logo.jpg","width":512,"height":512,"caption":"TOPKEY\u2013 Precision in Every Detail, Guardian of Life and Health"},"image":{"@id":"https:\/\/topkeymedical.com\/#\/schema\/logo\/image\/"},"sameAs":["https:\/\/www.facebook.com\/profile.php?id=100088897294997","https:\/\/www.youtube.com\/@TopkeyMedical-Alice888","https:\/\/www.linkedin.com\/in\/alice-hu-bb66a01b3\/"]}]}},"_links":{"self":[{"href":"https:\/\/topkeymedical.com\/tr\/wp-json\/wp\/v2\/product\/855","targetHints":{"allow":["GET"]}}],"collection":[{"href":"https:\/\/topkeymedical.com\/tr\/wp-json\/wp\/v2\/product"}],"about":[{"href":"https:\/\/topkeymedical.com\/tr\/wp-json\/wp\/v2\/types\/product"}],"version-history":[{"count":5,"href":"https:\/\/topkeymedical.com\/tr\/wp-json\/wp\/v2\/product\/855\/revisions"}],"predecessor-version":[{"id":1375,"href":"https:\/\/topkeymedical.com\/tr\/wp-json\/wp\/v2\/product\/855\/revisions\/1375"}],"wp:featuredmedia":[{"embeddable":true,"href":"https:\/\/topkeymedical.com\/tr\/wp-json\/wp\/v2\/media\/1196"}],"wp:attachment":[{"href":"https:\/\/topkeymedical.com\/tr\/wp-json\/wp\/v2\/media?parent=855"}],"wp:term":[{"taxonomy":"product_brand","embeddable":true,"href":"https:\/\/topkeymedical.com\/tr\/wp-json\/wp\/v2\/product_brand?post=855"},{"taxonomy":"product_cat","embeddable":true,"href":"https:\/\/topkeymedical.com\/tr\/wp-json\/wp\/v2\/product_cat?post=855"},{"taxonomy":"product_tag","embeddable":true,"href":"https:\/\/topkeymedical.com\/tr\/wp-json\/wp\/v2\/product_tag?post=855"}],"curies":[{"name":"wp","href":"https:\/\/api.w.org\/{rel}","templated":true}]}}