{"id":874,"date":"2025-06-18T05:53:26","date_gmt":"2025-06-18T05:53:26","guid":{"rendered":"https:\/\/topkeymedical.com\/?post_type=product&#038;p=874"},"modified":"2025-08-13T14:50:52","modified_gmt":"2025-08-13T14:50:52","slug":"siringa-uc-kapagi-330ml","status":"publish","type":"product","link":"https:\/\/topkeymedical.com\/tr\/urun\/siringa-uc-kapagi-330ml\/","title":{"rendered":"\u015e\u0131r\u0131nga U\u00e7 Kapa\u011f\u0131 330ML (EFD Tipi)"},"content":{"rendered":"<p>Depolama ve ta\u015f\u0131ma s\u0131ras\u0131nda b\u00fcy\u00fck hacimli da\u011f\u0131t\u0131m malzemelerini korumak i\u00e7in tasarlanan EFD-Tipi \u015e\u0131r\u0131nga U\u00e7 Kapa\u011f\u0131 330 mL, end\u00fcstriyel yap\u0131\u015ft\u0131r\u0131c\u0131lar, kaplay\u0131c\u0131 bile\u015fikler ve d\u00f6kme kimyasallar i\u00e7in kale d\u00fczeyinde kirlenme korumas\u0131 sa\u011flar. Nem, d\u00f6k\u00fcnt\u00fc ve solvent buharla\u015fmas\u0131na kar\u015f\u0131 kritik \u00f6neme sahip ilk savunma hatt\u0131 olan bu kapaklar, y\u00fcksek de\u011ferli malzemelerinizin \u00fcretime haz\u0131r kalmas\u0131n\u0131 sa\u011flar.<\/p>\n<h2>Temel Avantajlar<\/h2>\n<p>\u2714\ufe0f \u00dc\u00e7l\u00fc S\u0131zd\u0131rmazl\u0131k Bariyer Teknolojisi<br \/>\nEntegre radyal s\u0131k\u0131\u015ft\u0131rma halkas\u0131 + eksenel silikon conta + buhar bariyeri kirleticileri engeller (&lt;0,001\u00b5 s\u0131z\u0131nt\u0131)<br \/>\n\u2714\ufe0f A\u011f\u0131r Hizmet Tipi Polimer Yap\u0131<br \/>\n30% cam takviyeli polipropilen 500+ yeniden kullan\u0131m d\u00f6ng\u00fcs\u00fcne dayan\u0131kl\u0131d\u0131r<br \/>\n\u2714\ufe0f EFD Kartu\u015f Uyumlulu\u011fu<br \/>\nNordson EFD\u00ae 300cc\/330mL kartu\u015flar i\u00e7in hassas m\u00fchendislik (P\/N: 7018302)<br \/>\n\u2714\ufe0f UV-Opak Gri Malzeme<br \/>\nDepolama s\u0131ras\u0131nda \u0131\u015f\u0131\u011fa duyarl\u0131 epoksileri\/\u00fcretanlar\u0131 korur<br \/>\n\u2714\ufe0f Ergonomik Kavrama Geometrisi<br \/>\nT\u0131rt\u0131kl\u0131 kenarlar eldivenli ellerle g\u00fcvenli kullan\u0131m sa\u011flar<\/p>\n<h2>Kritik Uygulamalar<\/h2>\n<p>- End\u00fcstriyel Potting: Transformat\u00f6r kaps\u00fclleme, motor sarg\u0131 korumas\u0131<br \/>\n- Otomotiv Montaj\u0131: \u015easi yap\u0131\u015ft\u0131r\u0131c\u0131lar\u0131, alt g\u00f6vde kaplamalar\u0131, depolama<br \/>\n- Havac\u0131l\u0131k ve Uzay Mastikler: Yak\u0131ta dayan\u0131kl\u0131 bile\u015fik koruma<br \/>\n- \u0130n\u015faat Yap\u0131\u015ft\u0131r\u0131c\u0131lar\u0131: \u015eantiyelerde d\u00f6kme PU k\u00f6p\u00fck\/MMA depolama<\/p>\n<p>M\u00fchendislik \u0130novasyonu<br \/>\nBas\u0131n\u00e7 Dengeleme Havaland\u0131rmas\u0131<br \/>\nPatentli mikro g\u00f6zenekli membran (0,22\u00b5m) kirleticileri engellerken atmosferik dengeyi korur<\/p>\n<p>Crush-Rib S\u0131zd\u0131rmazl\u0131k Sistemi<br \/>\nKonsantrik s\u0131k\u0131\u015ft\u0131rma nerv\u00fcrleri, boyutsal toleranslarda bile pozitif bir s\u0131zd\u0131rmazl\u0131k sa\u011flar<\/p>\n<p>Stack-Nest Tasar\u0131m<br \/>\nBirbirine kenetlenen taban geometrisi, kullan\u0131lmayan kapaklar\u0131n yer tasarrufu sa\u011flayacak \u015fekilde saklanmas\u0131n\u0131 sa\u011flar<\/p>\n<p><img fetchpriority=\"high\" decoding=\"async\" class=\"aligncenter wp-image-878 size-full\" src=\"https:\/\/topkeymedical.com\/wp-content\/uploads\/2025\/06\/Syringe-End-Cap-330ML-4.webp\" alt=\"\u015e\u0131r\u0131nga U\u00e7 Kapa\u011f\u0131 330ML (EFD Tipi)\" width=\"1000\" height=\"1000\" srcset=\"https:\/\/topkeymedical.com\/wp-content\/uploads\/2025\/06\/Syringe-End-Cap-330ML-4.webp 1000w, https:\/\/topkeymedical.com\/wp-content\/uploads\/2025\/06\/Syringe-End-Cap-330ML-4-300x300.webp 300w, https:\/\/topkeymedical.com\/wp-content\/uploads\/2025\/06\/Syringe-End-Cap-330ML-4-150x150.webp 150w, https:\/\/topkeymedical.com\/wp-content\/uploads\/2025\/06\/Syringe-End-Cap-330ML-4-768x768.webp 768w, https:\/\/topkeymedical.com\/wp-content\/uploads\/2025\/06\/Syringe-End-Cap-330ML-4-600x600.webp 600w, https:\/\/topkeymedical.com\/wp-content\/uploads\/2025\/06\/Syringe-End-Cap-330ML-4-100x100.webp 100w\" sizes=\"(max-width: 1000px) 100vw, 1000px\" \/> <img decoding=\"async\" class=\"aligncenter wp-image-876 size-full\" src=\"https:\/\/topkeymedical.com\/wp-content\/uploads\/2025\/06\/Syringe-End-Cap-330ML-2.webp\" alt=\"\u015e\u0131r\u0131nga U\u00e7 Kapa\u011f\u0131 330ML (EFD Tipi)\" width=\"1000\" height=\"1000\" srcset=\"https:\/\/topkeymedical.com\/wp-content\/uploads\/2025\/06\/Syringe-End-Cap-330ML-2.webp 1000w, https:\/\/topkeymedical.com\/wp-content\/uploads\/2025\/06\/Syringe-End-Cap-330ML-2-300x300.webp 300w, https:\/\/topkeymedical.com\/wp-content\/uploads\/2025\/06\/Syringe-End-Cap-330ML-2-150x150.webp 150w, https:\/\/topkeymedical.com\/wp-content\/uploads\/2025\/06\/Syringe-End-Cap-330ML-2-768x768.webp 768w, https:\/\/topkeymedical.com\/wp-content\/uploads\/2025\/06\/Syringe-End-Cap-330ML-2-600x600.webp 600w, https:\/\/topkeymedical.com\/wp-content\/uploads\/2025\/06\/Syringe-End-Cap-330ML-2-100x100.webp 100w\" sizes=\"(max-width: 1000px) 100vw, 1000px\" \/> <img decoding=\"async\" class=\"aligncenter wp-image-875 size-full\" src=\"https:\/\/topkeymedical.com\/wp-content\/uploads\/2025\/06\/Syringe-End-Cap-330ML-1.webp\" alt=\"\u015e\u0131r\u0131nga U\u00e7 Kapa\u011f\u0131 330ML (EFD Tipi)\" width=\"1100\" height=\"1100\" srcset=\"https:\/\/topkeymedical.com\/wp-content\/uploads\/2025\/06\/Syringe-End-Cap-330ML-1.webp 1100w, https:\/\/topkeymedical.com\/wp-content\/uploads\/2025\/06\/Syringe-End-Cap-330ML-1-300x300.webp 300w, https:\/\/topkeymedical.com\/wp-content\/uploads\/2025\/06\/Syringe-End-Cap-330ML-1-1024x1024.webp 1024w, https:\/\/topkeymedical.com\/wp-content\/uploads\/2025\/06\/Syringe-End-Cap-330ML-1-150x150.webp 150w, https:\/\/topkeymedical.com\/wp-content\/uploads\/2025\/06\/Syringe-End-Cap-330ML-1-768x768.webp 768w, https:\/\/topkeymedical.com\/wp-content\/uploads\/2025\/06\/Syringe-End-Cap-330ML-1-600x600.webp 600w, https:\/\/topkeymedical.com\/wp-content\/uploads\/2025\/06\/Syringe-End-Cap-330ML-1-100x100.webp 100w\" sizes=\"(max-width: 1100px) 100vw, 1100px\" \/><\/p>","protected":false},"excerpt":{"rendered":"<p>Bu \u015e\u0131r\u0131nga U\u00e7 Kapa\u011f\u0131 330ML, sa\u011fl\u0131k hizmeti ortamlar\u0131nda EFD (Elektronik S\u0131v\u0131 Da\u011f\u0131t\u0131m\u0131) sistemleriyle kullan\u0131lan b\u00fcy\u00fck hacimli \u015f\u0131r\u0131ngalar i\u00e7in \u00f6zel olarak tasarlanm\u0131\u015f t\u0131bbi s\u0131n\u0131f bir koruyucu k\u0131l\u0131ft\u0131r. Dayan\u0131kl\u0131, kimyasal maddelere diren\u00e7li malzemelerden \u00fcretilen bu kapak, steriliteyi korumak ve ila\u00e7lar\u0131n, irigasyon s\u0131v\u0131lar\u0131n\u0131n veya biyolojik sol\u00fcsyonlar\u0131n kontaminasyonunu \u00f6nlemek i\u00e7in \u015f\u0131r\u0131nga u\u00e7lar\u0131n\u0131 g\u00fcvenli bir \u015fekilde kapat\u0131r. EFD uyumlu tasar\u0131m, otomatik da\u011f\u0131t\u0131m ekipman\u0131 i\u00e7in uygun uyum sa\u011flarken gerekti\u011finde kolayca \u00e7\u0131kar\u0131lmas\u0131na olanak tan\u0131r.<\/p>","protected":false},"featured_media":1224,"template":"","meta":{"_acf_changed":false,"site-sidebar-layout":"default","site-content-layout":"","ast-site-content-layout":"default","site-content-style":"default","site-sidebar-style":"default","ast-global-header-display":"","ast-banner-title-visibility":"","ast-main-header-display":"","ast-hfb-above-header-display":"","ast-hfb-below-header-display":"","ast-hfb-mobile-header-display":"","site-post-title":"","ast-breadcrumbs-content":"","ast-featured-img":"","footer-sml-layout":"","ast-disable-related-posts":"","theme-transparent-header-meta":"default","adv-header-id-meta":"","stick-header-meta":"","header-above-stick-meta":"","header-main-stick-meta":"","header-below-stick-meta":"","astra-migrate-meta-layouts":"set","ast-page-background-enabled":"default","ast-page-background-meta":{"desktop":{"background-color":"var(--ast-global-color-5)","background-image":"","background-repeat":"repeat","background-position":"center center","background-size":"auto","background-attachment":"scroll","background-type":"","background-media":"","overlay-type":"","overlay-color":"","overlay-opacity":"","overlay-gradient":""},"tablet":{"background-color":"","background-image":"","background-repeat":"repeat","background-position":"center center","background-size":"auto","background-attachment":"scroll","background-type":"","background-media":"","overlay-type":"","overlay-color":"","overlay-opacity":"","overlay-gradient":""},"mobile":{"background-color":"","background-image":"","background-repeat":"repeat","background-position":"center center","background-size":"auto","background-attachment":"scroll","background-type":"","background-media":"","overlay-type":"","overlay-color":"","overlay-opacity":"","overlay-gradient":""}},"ast-content-background-meta":{"desktop":{"background-color":"var(--ast-global-color-4)","background-image":"","background-repeat":"repeat","background-position":"center center","background-size":"auto","background-attachment":"scroll","background-type":"","background-media":"","overlay-type":"","overlay-color":"","overlay-opacity":"","overlay-gradient":""},"tablet":{"background-color":"var(--ast-global-color-4)","background-image":"","background-repeat":"repeat","background-position":"center center","background-size":"auto","background-attachment":"scroll","background-type":"","background-media":"","overlay-type":"","overlay-color":"","overlay-opacity":"","overlay-gradient":""},"mobile":{"background-color":"var(--ast-global-color-4)","background-image":"","background-repeat":"repeat","background-position":"center center","background-size":"auto","background-attachment":"scroll","background-type":"","background-media":"","overlay-type":"","overlay-color":"","overlay-opacity":"","overlay-gradient":""}}},"product_brand":[],"product_cat":[64,59],"product_tag":[],"class_list":{"0":"post-874","1":"product","2":"type-product","3":"status-publish","4":"has-post-thumbnail","6":"product_cat-dispensing-needles-and-tips","7":"product_cat-syringe-end-cap","8":"desktop-align-left","9":"tablet-align-left","10":"mobile-align-left","12":"first","13":"instock","14":"shipping-taxable","15":"product-type-simple"},"acf":[],"yoast_head":"<!-- This site is optimized with the Yoast SEO plugin v27.4 - https:\/\/yoast.com\/product\/yoast-seo-wordpress\/ -->\n<title>Syringe End Cap 330ML (EFD Type) - TOPKEY\u2013 Precision in Every Detail, Guardian of Life and Health<\/title>\n<meta name=\"description\" content=\"This Syringe End Cap 330ML is a medical-grade protective cover designed specifically for large-volume syringes used with EFD.\" \/>\n<meta name=\"robots\" content=\"index, follow, max-snippet:-1, max-image-preview:large, max-video-preview:-1\" \/>\n<link rel=\"canonical\" href=\"https:\/\/topkeymedical.com\/tr\/urun\/siringa-uc-kapagi-330ml\/\" \/>\n<meta property=\"og:locale\" content=\"tr_TR\" \/>\n<meta property=\"og:type\" content=\"article\" \/>\n<meta property=\"og:title\" content=\"Syringe End Cap 330ML (EFD Type) - TOPKEY\u2013 Precision in Every Detail, Guardian of Life and Health\" \/>\n<meta property=\"og:description\" content=\"This Syringe End Cap 330ML is a medical-grade protective cover designed specifically for large-volume syringes used with EFD.\" \/>\n<meta property=\"og:url\" content=\"https:\/\/topkeymedical.com\/tr\/urun\/siringa-uc-kapagi-330ml\/\" \/>\n<meta property=\"og:site_name\" content=\"TOPKEY\u2013 Precision in Every Detail, Guardian of Life and Health\" \/>\n<meta property=\"article:publisher\" content=\"https:\/\/www.facebook.com\/profile.php?id=100088897294997\" \/>\n<meta property=\"article:modified_time\" content=\"2025-08-13T14:50:52+00:00\" \/>\n<meta property=\"og:image\" content=\"https:\/\/topkeymedical.com\/wp-content\/uploads\/2025\/08\/Syringe-End-Cap-330ML-1.webp\" \/>\n\t<meta property=\"og:image:width\" content=\"800\" \/>\n\t<meta property=\"og:image:height\" content=\"800\" \/>\n\t<meta property=\"og:image:type\" content=\"image\/webp\" \/>\n<meta name=\"twitter:card\" content=\"summary_large_image\" \/>\n<meta name=\"twitter:label1\" content=\"Tahmini okuma s\u00fcresi\" \/>\n\t<meta name=\"twitter:data1\" content=\"2 dakika\" \/>\n<script type=\"application\/ld+json\" class=\"yoast-schema-graph\">{\"@context\":\"https:\\\/\\\/schema.org\",\"@graph\":[{\"@type\":\"WebPage\",\"@id\":\"https:\\\/\\\/topkeymedical.com\\\/product\\\/syringe-end-cap-330ml\\\/\",\"url\":\"https:\\\/\\\/topkeymedical.com\\\/product\\\/syringe-end-cap-330ml\\\/\",\"name\":\"Syringe End Cap 330ML (EFD Type) - TOPKEY\u2013 Precision in Every Detail, Guardian of Life and Health\",\"isPartOf\":{\"@id\":\"https:\\\/\\\/topkeymedical.com\\\/#website\"},\"primaryImageOfPage\":{\"@id\":\"https:\\\/\\\/topkeymedical.com\\\/product\\\/syringe-end-cap-330ml\\\/#primaryimage\"},\"image\":{\"@id\":\"https:\\\/\\\/topkeymedical.com\\\/product\\\/syringe-end-cap-330ml\\\/#primaryimage\"},\"thumbnailUrl\":\"https:\\\/\\\/topkeymedical.com\\\/wp-content\\\/uploads\\\/2025\\\/08\\\/Syringe-End-Cap-330ML-1.webp\",\"datePublished\":\"2025-06-18T05:53:26+00:00\",\"dateModified\":\"2025-08-13T14:50:52+00:00\",\"description\":\"This Syringe End Cap 330ML is a medical-grade protective cover designed specifically for large-volume syringes used with EFD.\",\"breadcrumb\":{\"@id\":\"https:\\\/\\\/topkeymedical.com\\\/product\\\/syringe-end-cap-330ml\\\/#breadcrumb\"},\"inLanguage\":\"tr\",\"potentialAction\":[{\"@type\":\"ReadAction\",\"target\":[\"https:\\\/\\\/topkeymedical.com\\\/product\\\/syringe-end-cap-330ml\\\/\"]}]},{\"@type\":\"ImageObject\",\"inLanguage\":\"tr\",\"@id\":\"https:\\\/\\\/topkeymedical.com\\\/product\\\/syringe-end-cap-330ml\\\/#primaryimage\",\"url\":\"https:\\\/\\\/topkeymedical.com\\\/wp-content\\\/uploads\\\/2025\\\/08\\\/Syringe-End-Cap-330ML-1.webp\",\"contentUrl\":\"https:\\\/\\\/topkeymedical.com\\\/wp-content\\\/uploads\\\/2025\\\/08\\\/Syringe-End-Cap-330ML-1.webp\",\"width\":800,\"height\":800,\"caption\":\"Syringe End Cap 330ML\"},{\"@type\":\"BreadcrumbList\",\"@id\":\"https:\\\/\\\/topkeymedical.com\\\/product\\\/syringe-end-cap-330ml\\\/#breadcrumb\",\"itemListElement\":[{\"@type\":\"ListItem\",\"position\":1,\"name\":\"Home\",\"item\":\"https:\\\/\\\/topkeymedical.com\\\/\"},{\"@type\":\"ListItem\",\"position\":2,\"name\":\"Products\",\"item\":\"https:\\\/\\\/topkeymedical.com\\\/shop\\\/\"},{\"@type\":\"ListItem\",\"position\":3,\"name\":\"Syringe End Cap 330ML (EFD Type)\"}]},{\"@type\":\"WebSite\",\"@id\":\"https:\\\/\\\/topkeymedical.com\\\/#website\",\"url\":\"https:\\\/\\\/topkeymedical.com\\\/\",\"name\":\"TOPKEY\u2013 Precision in Every Detail, Guardian of Life and Health\",\"description\":\"\",\"publisher\":{\"@id\":\"https:\\\/\\\/topkeymedical.com\\\/#organization\"},\"potentialAction\":[{\"@type\":\"SearchAction\",\"target\":{\"@type\":\"EntryPoint\",\"urlTemplate\":\"https:\\\/\\\/topkeymedical.com\\\/?s={search_term_string}\"},\"query-input\":{\"@type\":\"PropertyValueSpecification\",\"valueRequired\":true,\"valueName\":\"search_term_string\"}}],\"inLanguage\":\"tr\"},{\"@type\":\"Organization\",\"@id\":\"https:\\\/\\\/topkeymedical.com\\\/#organization\",\"name\":\"TOPKEY\u2013 Precision in Every Detail, Guardian of Life and Health\",\"url\":\"https:\\\/\\\/topkeymedical.com\\\/\",\"logo\":{\"@type\":\"ImageObject\",\"inLanguage\":\"tr\",\"@id\":\"https:\\\/\\\/topkeymedical.com\\\/#\\\/schema\\\/logo\\\/image\\\/\",\"url\":\"https:\\\/\\\/topkeymedical.com\\\/wp-content\\\/uploads\\\/2025\\\/05\\\/cropped-logo.jpg\",\"contentUrl\":\"https:\\\/\\\/topkeymedical.com\\\/wp-content\\\/uploads\\\/2025\\\/05\\\/cropped-logo.jpg\",\"width\":512,\"height\":512,\"caption\":\"TOPKEY\u2013 Precision in Every Detail, Guardian of Life and Health\"},\"image\":{\"@id\":\"https:\\\/\\\/topkeymedical.com\\\/#\\\/schema\\\/logo\\\/image\\\/\"},\"sameAs\":[\"https:\\\/\\\/www.facebook.com\\\/profile.php?id=100088897294997\",\"https:\\\/\\\/www.youtube.com\\\/@TopkeyMedical-Alice888\",\"https:\\\/\\\/www.linkedin.com\\\/in\\\/alice-hu-bb66a01b3\\\/\"]}]}<\/script>\n<!-- \/ Yoast SEO plugin. -->","yoast_head_json":{"title":"\u015e\u0131r\u0131nga U\u00e7 Kapa\u011f\u0131 330ML (EFD Tipi) - TOPKEY- Her Detayda Hassasiyet, Ya\u015fam\u0131n ve Sa\u011fl\u0131\u011f\u0131n Koruyucusu","description":"Bu \u015e\u0131r\u0131nga U\u00e7 Kapa\u011f\u0131 330ML, EFD ile kullan\u0131lan b\u00fcy\u00fck hacimli \u015f\u0131r\u0131ngalar i\u00e7in \u00f6zel olarak tasarlanm\u0131\u015f t\u0131bbi s\u0131n\u0131f bir koruyucu kapakt\u0131r.","robots":{"index":"index","follow":"follow","max-snippet":"max-snippet:-1","max-image-preview":"max-image-preview:large","max-video-preview":"max-video-preview:-1"},"canonical":"https:\/\/topkeymedical.com\/tr\/urun\/siringa-uc-kapagi-330ml\/","og_locale":"tr_TR","og_type":"article","og_title":"Syringe End Cap 330ML (EFD Type) - TOPKEY\u2013 Precision in Every Detail, Guardian of Life and Health","og_description":"This Syringe End Cap 330ML is a medical-grade protective cover designed specifically for large-volume syringes used with EFD.","og_url":"https:\/\/topkeymedical.com\/tr\/urun\/siringa-uc-kapagi-330ml\/","og_site_name":"TOPKEY\u2013 Precision in Every Detail, Guardian of Life and Health","article_publisher":"https:\/\/www.facebook.com\/profile.php?id=100088897294997","article_modified_time":"2025-08-13T14:50:52+00:00","og_image":[{"width":800,"height":800,"url":"https:\/\/topkeymedical.com\/wp-content\/uploads\/2025\/08\/Syringe-End-Cap-330ML-1.webp","type":"image\/webp"}],"twitter_card":"summary_large_image","twitter_misc":{"Tahmini okuma s\u00fcresi":"2 dakika"},"schema":{"@context":"https:\/\/schema.org","@graph":[{"@type":"WebPage","@id":"https:\/\/topkeymedical.com\/product\/syringe-end-cap-330ml\/","url":"https:\/\/topkeymedical.com\/product\/syringe-end-cap-330ml\/","name":"\u015e\u0131r\u0131nga U\u00e7 Kapa\u011f\u0131 330ML (EFD Tipi) - TOPKEY- Her Detayda Hassasiyet, Ya\u015fam\u0131n ve Sa\u011fl\u0131\u011f\u0131n Koruyucusu","isPartOf":{"@id":"https:\/\/topkeymedical.com\/#website"},"primaryImageOfPage":{"@id":"https:\/\/topkeymedical.com\/product\/syringe-end-cap-330ml\/#primaryimage"},"image":{"@id":"https:\/\/topkeymedical.com\/product\/syringe-end-cap-330ml\/#primaryimage"},"thumbnailUrl":"https:\/\/topkeymedical.com\/wp-content\/uploads\/2025\/08\/Syringe-End-Cap-330ML-1.webp","datePublished":"2025-06-18T05:53:26+00:00","dateModified":"2025-08-13T14:50:52+00:00","description":"Bu \u015e\u0131r\u0131nga U\u00e7 Kapa\u011f\u0131 330ML, EFD ile kullan\u0131lan b\u00fcy\u00fck hacimli \u015f\u0131r\u0131ngalar i\u00e7in \u00f6zel olarak tasarlanm\u0131\u015f t\u0131bbi s\u0131n\u0131f bir koruyucu kapakt\u0131r.","breadcrumb":{"@id":"https:\/\/topkeymedical.com\/product\/syringe-end-cap-330ml\/#breadcrumb"},"inLanguage":"tr","potentialAction":[{"@type":"ReadAction","target":["https:\/\/topkeymedical.com\/product\/syringe-end-cap-330ml\/"]}]},{"@type":"ImageObject","inLanguage":"tr","@id":"https:\/\/topkeymedical.com\/product\/syringe-end-cap-330ml\/#primaryimage","url":"https:\/\/topkeymedical.com\/wp-content\/uploads\/2025\/08\/Syringe-End-Cap-330ML-1.webp","contentUrl":"https:\/\/topkeymedical.com\/wp-content\/uploads\/2025\/08\/Syringe-End-Cap-330ML-1.webp","width":800,"height":800,"caption":"Syringe End Cap 330ML"},{"@type":"BreadcrumbList","@id":"https:\/\/topkeymedical.com\/product\/syringe-end-cap-330ml\/#breadcrumb","itemListElement":[{"@type":"ListItem","position":1,"name":"Home","item":"https:\/\/topkeymedical.com\/"},{"@type":"ListItem","position":2,"name":"Products","item":"https:\/\/topkeymedical.com\/shop\/"},{"@type":"ListItem","position":3,"name":"Syringe End Cap 330ML (EFD Type)"}]},{"@type":"WebSite","@id":"https:\/\/topkeymedical.com\/#website","url":"https:\/\/topkeymedical.com\/","name":"TOPKEY- Her Ayr\u0131nt\u0131da Hassasiyet, Ya\u015fam ve Sa\u011fl\u0131\u011f\u0131n Koruyucusu","description":"","publisher":{"@id":"https:\/\/topkeymedical.com\/#organization"},"potentialAction":[{"@type":"SearchAction","target":{"@type":"EntryPoint","urlTemplate":"https:\/\/topkeymedical.com\/?s={search_term_string}"},"query-input":{"@type":"PropertyValueSpecification","valueRequired":true,"valueName":"search_term_string"}}],"inLanguage":"tr"},{"@type":"Organization","@id":"https:\/\/topkeymedical.com\/#organization","name":"TOPKEY- Her Ayr\u0131nt\u0131da Hassasiyet, Ya\u015fam ve Sa\u011fl\u0131\u011f\u0131n Koruyucusu","url":"https:\/\/topkeymedical.com\/","logo":{"@type":"ImageObject","inLanguage":"tr","@id":"https:\/\/topkeymedical.com\/#\/schema\/logo\/image\/","url":"https:\/\/topkeymedical.com\/wp-content\/uploads\/2025\/05\/cropped-logo.jpg","contentUrl":"https:\/\/topkeymedical.com\/wp-content\/uploads\/2025\/05\/cropped-logo.jpg","width":512,"height":512,"caption":"TOPKEY\u2013 Precision in Every Detail, Guardian of Life and Health"},"image":{"@id":"https:\/\/topkeymedical.com\/#\/schema\/logo\/image\/"},"sameAs":["https:\/\/www.facebook.com\/profile.php?id=100088897294997","https:\/\/www.youtube.com\/@TopkeyMedical-Alice888","https:\/\/www.linkedin.com\/in\/alice-hu-bb66a01b3\/"]}]}},"_links":{"self":[{"href":"https:\/\/topkeymedical.com\/tr\/wp-json\/wp\/v2\/product\/874","targetHints":{"allow":["GET"]}}],"collection":[{"href":"https:\/\/topkeymedical.com\/tr\/wp-json\/wp\/v2\/product"}],"about":[{"href":"https:\/\/topkeymedical.com\/tr\/wp-json\/wp\/v2\/types\/product"}],"version-history":[{"count":4,"href":"https:\/\/topkeymedical.com\/tr\/wp-json\/wp\/v2\/product\/874\/revisions"}],"predecessor-version":[{"id":1273,"href":"https:\/\/topkeymedical.com\/tr\/wp-json\/wp\/v2\/product\/874\/revisions\/1273"}],"wp:featuredmedia":[{"embeddable":true,"href":"https:\/\/topkeymedical.com\/tr\/wp-json\/wp\/v2\/media\/1224"}],"wp:attachment":[{"href":"https:\/\/topkeymedical.com\/tr\/wp-json\/wp\/v2\/media?parent=874"}],"wp:term":[{"taxonomy":"product_brand","embeddable":true,"href":"https:\/\/topkeymedical.com\/tr\/wp-json\/wp\/v2\/product_brand?post=874"},{"taxonomy":"product_cat","embeddable":true,"href":"https:\/\/topkeymedical.com\/tr\/wp-json\/wp\/v2\/product_cat?post=874"},{"taxonomy":"product_tag","embeddable":true,"href":"https:\/\/topkeymedical.com\/tr\/wp-json\/wp\/v2\/product_tag?post=874"}],"curies":[{"name":"wp","href":"https:\/\/api.w.org\/{rel}","templated":true}]}}