{"id":881,"date":"2025-06-18T06:06:44","date_gmt":"2025-06-18T06:06:44","guid":{"rendered":"https:\/\/topkeymedical.com\/?post_type=product&#038;p=881"},"modified":"2025-08-13T14:47:56","modified_gmt":"2025-08-13T14:47:56","slug":"siringa-varili-5ml","status":"publish","type":"product","link":"https:\/\/topkeymedical.com\/tr\/urun\/siringa-varili-5ml\/","title":{"rendered":"\u015e\u0131r\u0131nga F\u0131\u00e7\u0131s\u0131 5ML, Da\u011f\u0131t\u0131m \u015e\u0131r\u0131ngas\u0131 (EFD Tipi)"},"content":{"rendered":"<h2>Hassas Uygulamalar i\u00e7in Hassas Mikro Da\u011f\u0131t\u0131m \u00c7\u00f6z\u00fcm\u00fc<\/h2>\n<p>5 mL EFD tipi da\u011f\u0131t\u0131m \u015f\u0131r\u0131nga f\u0131\u00e7\u0131lar\u0131m\u0131z, mikroelektronik, t\u0131bbi cihaz montaj\u0131 ve k\u00fc\u00e7\u00fck hacimli malzemelerin ola\u011fan\u00fcst\u00fc kontrol\u00fcn\u00fc gerektiren laboratuvar uygulamalar\u0131nda ultra hassas s\u0131v\u0131 i\u015fleme i\u00e7in tasarlanm\u0131\u015ft\u0131r. Hassas da\u011f\u0131t\u0131m\u0131n zorlu taleplerini kar\u015f\u0131lamak \u00fczere tasarlanan bu \u015f\u0131r\u0131nga f\u0131\u00e7\u0131lar\u0131, d\u00fc\u015f\u00fck hacimli uygulamalar i\u00e7in benzersiz do\u011fruluk sunar.<\/p>\n<p>Temel Avantajlar:<br \/>\n\u2714 5mL optimum kapasite - Kontroll\u00fc mikro da\u011f\u0131t\u0131m i\u015flemleri i\u00e7in m\u00fckemmel<br \/>\n\u2714 Ger\u00e7ek EFD uyumlulu\u011fu - OEM EFD \u015f\u0131r\u0131nga varilleri i\u00e7in do\u011frudan yedek<br \/>\n\u2714 Kristal berrakl\u0131\u011f\u0131nda polikarbonat yap\u0131 - Tam g\u00f6rsel malzeme izleme i\u00e7in<br \/>\n\u2714 Hassas m\u00fchendislik toleranslar\u0131 - M\u00fckemmel piston uyumu ve sorunsuz \u00e7al\u0131\u015fma sa\u011flar<br \/>\n\u2714 Luer-lock uyumlu u\u00e7 - Hassas da\u011f\u0131t\u0131m i\u011fneleri i\u00e7in g\u00fcvenli ba\u011flant\u0131<\/p>\n<p>Teknik \u00d6zellikler:<br \/>\n- Malzeme: T\u0131bbi s\u0131n\u0131f polikarbonat (PC)<br \/>\n- S\u0131cakl\u0131k Dayan\u0131m\u0131: -60\u00b0C ila 135\u00b0C (k\u0131sa s\u00fcreli maruz kalma)<br \/>\n- Mezuniyet \u0130\u015faretleri: \u00c7ok y\u00f6nl\u00fc \u00f6l\u00e7\u00fcm i\u00e7in \u00e7ift \u00f6l\u00e7ekli (mL ve cc)<br \/>\n- Kimyasal Uyumluluk: \u00c7o\u011fu yap\u0131\u015ft\u0131r\u0131c\u0131ya, \u00e7\u00f6z\u00fcc\u00fcye ve biyolojik s\u0131v\u0131ya kar\u015f\u0131 dayan\u0131kl\u0131d\u0131r<br \/>\n- Piston Uyumu: S\u0131z\u0131nt\u0131s\u0131z performans i\u00e7in &lt;0,001\u2033 tolerans<\/p>\n<p>\u0130deal Uygulamalar \u015funlar\u0131 i\u00e7erir:<br \/>\n- Yar\u0131 iletken paketlemede mikrodot da\u011f\u0131t\u0131m\u0131<br \/>\n- T\u0131bbi cihaz montaj\u0131nda hassas yap\u0131\u015ft\u0131r\u0131c\u0131 uygulamas\u0131<br \/>\n- Esnek elektronikler i\u00e7in iletken m\u00fcrekkep biriktirme<br \/>\n- Kesin mikro hacim da\u011f\u0131t\u0131m\u0131 gerektiren laboratuvar ara\u015ft\u0131rmalar\u0131<\/p>\n<p>\u00dcst\u00fcn Tasar\u0131m \u00d6zellikleri:<br \/>\n- Kabarc\u0131ks\u0131z performans - Optimize edilmi\u015f i\u00e7 geometri<br \/>\n- Otoklavlanabilir yap\u0131 - Tekrarlanan sterilizasyon d\u00f6ng\u00fcleri i\u00e7in<br \/>\n- Geli\u015ftirilmi\u015f dayan\u0131kl\u0131l\u0131k - Y\u00fcksek bas\u0131n\u00e7l\u0131 da\u011f\u0131t\u0131m sistemlerine dayan\u0131r<br \/>\n- Hassas dereceleme - tam \u00f6l\u00e7\u00fcm i\u00e7in 0,1 mL'lik art\u0131\u015flar<\/p>\n<h2>Profesyoneller Neden 5ML \u015e\u0131r\u0131nga Varilimizi Se\u00e7iyor?<\/h2>\n<p>1. M\u00fckemmel tutarl\u0131l\u0131k i\u00e7in havac\u0131l\u0131k s\u0131n\u0131f\u0131 toleranslara g\u00f6re \u00fcretilmi\u015ftir<br \/>\n2. Tam s\u00fcre\u00e7 g\u00f6r\u00fcn\u00fcrl\u00fc\u011f\u00fc i\u00e7in \u00fcst\u00fcn optik netlik<br \/>\n3. S\u0131k\u0131 kalite kontrol\u00fc, her birimin t\u0131bbi s\u0131n\u0131f standartlar\u0131n\u0131 kar\u015f\u0131lamas\u0131n\u0131 sa\u011flar<br \/>\n4. T\u00fcm b\u00fcy\u00fck EFD tarz\u0131 da\u011f\u0131t\u0131m sistemleri ile geriye d\u00f6n\u00fck uyumlu<br \/>\nMikroskobik Do\u011fruluk i\u00e7in Tasarland\u0131 - Her mikrolitre \u00f6nemli oldu\u011funda, kusursuz mikro hacimli da\u011f\u0131t\u0131m performans\u0131 i\u00e7in 5 mL \u015f\u0131r\u0131nga varillerimize g\u00fcvenin.<\/p>\n<p>Mevcut Se\u00e7enekler: Steril\/steril olmayan, \u00f6nceden tak\u0131lm\u0131\u015f pistonlu veya pistonsuz, istek \u00fczerine \u00f6zel derecelendirme \u00f6l\u00e7ekleri mevcuttur.<\/p>\n<p><img fetchpriority=\"high\" decoding=\"async\" class=\"aligncenter wp-image-884 size-full\" src=\"https:\/\/topkeymedical.com\/wp-content\/uploads\/2025\/06\/Syringe-Barrel-5ML-3.webp\" alt=\"\u015e\u0131r\u0131nga F\u0131\u00e7\u0131s\u0131 5ML, Da\u011f\u0131t\u0131m \u015e\u0131r\u0131ngas\u0131 (EFD Tipi)\" width=\"1000\" height=\"1000\" srcset=\"https:\/\/topkeymedical.com\/wp-content\/uploads\/2025\/06\/Syringe-Barrel-5ML-3.webp 1000w, https:\/\/topkeymedical.com\/wp-content\/uploads\/2025\/06\/Syringe-Barrel-5ML-3-300x300.webp 300w, https:\/\/topkeymedical.com\/wp-content\/uploads\/2025\/06\/Syringe-Barrel-5ML-3-150x150.webp 150w, https:\/\/topkeymedical.com\/wp-content\/uploads\/2025\/06\/Syringe-Barrel-5ML-3-768x768.webp 768w, https:\/\/topkeymedical.com\/wp-content\/uploads\/2025\/06\/Syringe-Barrel-5ML-3-600x600.webp 600w, https:\/\/topkeymedical.com\/wp-content\/uploads\/2025\/06\/Syringe-Barrel-5ML-3-100x100.webp 100w\" sizes=\"(max-width: 1000px) 100vw, 1000px\" \/> <img decoding=\"async\" class=\"aligncenter wp-image-883 size-full\" src=\"https:\/\/topkeymedical.com\/wp-content\/uploads\/2025\/06\/Syringe-Barrel-5ML-2.webp\" alt=\"\u015e\u0131r\u0131nga F\u0131\u00e7\u0131s\u0131 5ML, Da\u011f\u0131t\u0131m \u015e\u0131r\u0131ngas\u0131 (EFD Tipi)\" width=\"1000\" height=\"1000\" srcset=\"https:\/\/topkeymedical.com\/wp-content\/uploads\/2025\/06\/Syringe-Barrel-5ML-2.webp 1000w, https:\/\/topkeymedical.com\/wp-content\/uploads\/2025\/06\/Syringe-Barrel-5ML-2-300x300.webp 300w, https:\/\/topkeymedical.com\/wp-content\/uploads\/2025\/06\/Syringe-Barrel-5ML-2-150x150.webp 150w, https:\/\/topkeymedical.com\/wp-content\/uploads\/2025\/06\/Syringe-Barrel-5ML-2-768x768.webp 768w, https:\/\/topkeymedical.com\/wp-content\/uploads\/2025\/06\/Syringe-Barrel-5ML-2-600x600.webp 600w, https:\/\/topkeymedical.com\/wp-content\/uploads\/2025\/06\/Syringe-Barrel-5ML-2-100x100.webp 100w\" sizes=\"(max-width: 1000px) 100vw, 1000px\" \/> <img decoding=\"async\" class=\"aligncenter wp-image-885 size-full\" src=\"https:\/\/topkeymedical.com\/wp-content\/uploads\/2025\/06\/Syringe-Barrel-5ML-4.webp\" alt=\"\u015e\u0131r\u0131nga F\u0131\u00e7\u0131s\u0131 5ML, Da\u011f\u0131t\u0131m \u015e\u0131r\u0131ngas\u0131 (EFD Tipi)\" width=\"1000\" height=\"1000\" srcset=\"https:\/\/topkeymedical.com\/wp-content\/uploads\/2025\/06\/Syringe-Barrel-5ML-4.webp 1000w, https:\/\/topkeymedical.com\/wp-content\/uploads\/2025\/06\/Syringe-Barrel-5ML-4-300x300.webp 300w, https:\/\/topkeymedical.com\/wp-content\/uploads\/2025\/06\/Syringe-Barrel-5ML-4-150x150.webp 150w, https:\/\/topkeymedical.com\/wp-content\/uploads\/2025\/06\/Syringe-Barrel-5ML-4-768x768.webp 768w, https:\/\/topkeymedical.com\/wp-content\/uploads\/2025\/06\/Syringe-Barrel-5ML-4-600x600.webp 600w, https:\/\/topkeymedical.com\/wp-content\/uploads\/2025\/06\/Syringe-Barrel-5ML-4-100x100.webp 100w\" sizes=\"(max-width: 1000px) 100vw, 1000px\" \/><\/p>","protected":false},"excerpt":{"rendered":"<p>Bu t\u0131bbi s\u0131n\u0131f \u015f\u0131r\u0131nga haznesi 5ml, sa\u011fl\u0131k hizmetleri ortamlar\u0131ndaki hassas da\u011f\u0131t\u0131m uygulamalar\u0131 i\u00e7in \u00f6zel olarak tasarlanm\u0131\u015ft\u0131r. USP S\u0131n\u0131f VI sertifikal\u0131 polipropilenden \u00fcretilen varil, i\u00e7eri\u011fin g\u00f6rsel olarak onaylanmas\u0131 i\u00e7in kimyasal diren\u00e7 ve optimum netlik sa\u011flar. Standartla\u015ft\u0131r\u0131lm\u0131\u015f luer-lock ba\u011flant\u0131s\u0131, g\u00fcvenli ve s\u0131zd\u0131rmaz bir s\u0131zd\u0131rmazl\u0131k sa\u011flarken \u00e7e\u015fitli i\u011fne ba\u011flant\u0131lar\u0131n\u0131 bar\u0131nd\u0131r\u0131r. Eczane bile\u015fimi, laboratuvar \u00e7al\u0131\u015fmalar\u0131 ve kontroll\u00fc, k\u00fc\u00e7\u00fck hacimli s\u0131v\u0131 da\u011f\u0131t\u0131m\u0131 gerektiren klinik prosed\u00fcrler i\u00e7in idealdir.<\/p>","protected":false},"featured_media":1222,"template":"","meta":{"_acf_changed":false,"site-sidebar-layout":"default","site-content-layout":"","ast-site-content-layout":"default","site-content-style":"default","site-sidebar-style":"default","ast-global-header-display":"","ast-banner-title-visibility":"","ast-main-header-display":"","ast-hfb-above-header-display":"","ast-hfb-below-header-display":"","ast-hfb-mobile-header-display":"","site-post-title":"","ast-breadcrumbs-content":"","ast-featured-img":"","footer-sml-layout":"","ast-disable-related-posts":"","theme-transparent-header-meta":"default","adv-header-id-meta":"","stick-header-meta":"","header-above-stick-meta":"","header-main-stick-meta":"","header-below-stick-meta":"","astra-migrate-meta-layouts":"set","ast-page-background-enabled":"default","ast-page-background-meta":{"desktop":{"background-color":"var(--ast-global-color-5)","background-image":"","background-repeat":"repeat","background-position":"center center","background-size":"auto","background-attachment":"scroll","background-type":"","background-media":"","overlay-type":"","overlay-color":"","overlay-opacity":"","overlay-gradient":""},"tablet":{"background-color":"","background-image":"","background-repeat":"repeat","background-position":"center center","background-size":"auto","background-attachment":"scroll","background-type":"","background-media":"","overlay-type":"","overlay-color":"","overlay-opacity":"","overlay-gradient":""},"mobile":{"background-color":"","background-image":"","background-repeat":"repeat","background-position":"center center","background-size":"auto","background-attachment":"scroll","background-type":"","background-media":"","overlay-type":"","overlay-color":"","overlay-opacity":"","overlay-gradient":""}},"ast-content-background-meta":{"desktop":{"background-color":"var(--ast-global-color-4)","background-image":"","background-repeat":"repeat","background-position":"center center","background-size":"auto","background-attachment":"scroll","background-type":"","background-media":"","overlay-type":"","overlay-color":"","overlay-opacity":"","overlay-gradient":""},"tablet":{"background-color":"var(--ast-global-color-4)","background-image":"","background-repeat":"repeat","background-position":"center center","background-size":"auto","background-attachment":"scroll","background-type":"","background-media":"","overlay-type":"","overlay-color":"","overlay-opacity":"","overlay-gradient":""},"mobile":{"background-color":"var(--ast-global-color-4)","background-image":"","background-repeat":"repeat","background-position":"center center","background-size":"auto","background-attachment":"scroll","background-type":"","background-media":"","overlay-type":"","overlay-color":"","overlay-opacity":"","overlay-gradient":""}}},"product_brand":[],"product_cat":[64,61],"product_tag":[],"class_list":{"0":"post-881","1":"product","2":"type-product","3":"status-publish","4":"has-post-thumbnail","6":"product_cat-dispensing-needles-and-tips","7":"product_cat-syringe-barrel","8":"desktop-align-left","9":"tablet-align-left","10":"mobile-align-left","12":"first","13":"instock","14":"shipping-taxable","15":"product-type-simple"},"acf":[],"yoast_head":"<!-- This site is optimized with the Yoast SEO plugin v27.4 - https:\/\/yoast.com\/product\/yoast-seo-wordpress\/ -->\n<title>Syringe Barrel 5ML, Dispensing Syringe (EFD Type)<\/title>\n<meta name=\"description\" content=\"This medical-grade syringe barrel 5ml is specifically designed for precision dispensing applications in healthcare settings.\" \/>\n<meta name=\"robots\" content=\"index, follow, max-snippet:-1, max-image-preview:large, max-video-preview:-1\" \/>\n<link rel=\"canonical\" href=\"https:\/\/topkeymedical.com\/tr\/urun\/siringa-varili-5ml\/\" \/>\n<meta property=\"og:locale\" content=\"tr_TR\" \/>\n<meta property=\"og:type\" content=\"article\" \/>\n<meta property=\"og:title\" content=\"Syringe Barrel 5ML, Dispensing Syringe (EFD Type)\" \/>\n<meta property=\"og:description\" content=\"This medical-grade syringe barrel 5ml is specifically designed for precision dispensing applications in healthcare settings.\" \/>\n<meta property=\"og:url\" content=\"https:\/\/topkeymedical.com\/tr\/urun\/siringa-varili-5ml\/\" \/>\n<meta property=\"og:site_name\" content=\"TOPKEY\u2013 Precision in Every Detail, Guardian of Life and Health\" \/>\n<meta property=\"article:publisher\" content=\"https:\/\/www.facebook.com\/profile.php?id=100088897294997\" \/>\n<meta property=\"article:modified_time\" content=\"2025-08-13T14:47:56+00:00\" \/>\n<meta property=\"og:image\" content=\"https:\/\/topkeymedical.com\/wp-content\/uploads\/2025\/08\/Syringe-Barrel-5ML-3.webp\" \/>\n\t<meta property=\"og:image:width\" content=\"800\" \/>\n\t<meta property=\"og:image:height\" content=\"800\" \/>\n\t<meta property=\"og:image:type\" content=\"image\/webp\" \/>\n<meta name=\"twitter:card\" content=\"summary_large_image\" \/>\n<meta name=\"twitter:label1\" content=\"Tahmini okuma s\u00fcresi\" \/>\n\t<meta name=\"twitter:data1\" content=\"2 dakika\" \/>\n<script type=\"application\/ld+json\" class=\"yoast-schema-graph\">{\"@context\":\"https:\\\/\\\/schema.org\",\"@graph\":[{\"@type\":\"WebPage\",\"@id\":\"https:\\\/\\\/topkeymedical.com\\\/product\\\/syringe-barrel-5ml\\\/\",\"url\":\"https:\\\/\\\/topkeymedical.com\\\/product\\\/syringe-barrel-5ml\\\/\",\"name\":\"Syringe Barrel 5ML, Dispensing Syringe (EFD Type)\",\"isPartOf\":{\"@id\":\"https:\\\/\\\/topkeymedical.com\\\/#website\"},\"primaryImageOfPage\":{\"@id\":\"https:\\\/\\\/topkeymedical.com\\\/product\\\/syringe-barrel-5ml\\\/#primaryimage\"},\"image\":{\"@id\":\"https:\\\/\\\/topkeymedical.com\\\/product\\\/syringe-barrel-5ml\\\/#primaryimage\"},\"thumbnailUrl\":\"https:\\\/\\\/topkeymedical.com\\\/wp-content\\\/uploads\\\/2025\\\/08\\\/Syringe-Barrel-5ML-3.webp\",\"datePublished\":\"2025-06-18T06:06:44+00:00\",\"dateModified\":\"2025-08-13T14:47:56+00:00\",\"description\":\"This medical-grade syringe barrel 5ml is specifically designed for precision dispensing applications in healthcare settings.\",\"breadcrumb\":{\"@id\":\"https:\\\/\\\/topkeymedical.com\\\/product\\\/syringe-barrel-5ml\\\/#breadcrumb\"},\"inLanguage\":\"tr\",\"potentialAction\":[{\"@type\":\"ReadAction\",\"target\":[\"https:\\\/\\\/topkeymedical.com\\\/product\\\/syringe-barrel-5ml\\\/\"]}]},{\"@type\":\"ImageObject\",\"inLanguage\":\"tr\",\"@id\":\"https:\\\/\\\/topkeymedical.com\\\/product\\\/syringe-barrel-5ml\\\/#primaryimage\",\"url\":\"https:\\\/\\\/topkeymedical.com\\\/wp-content\\\/uploads\\\/2025\\\/08\\\/Syringe-Barrel-5ML-3.webp\",\"contentUrl\":\"https:\\\/\\\/topkeymedical.com\\\/wp-content\\\/uploads\\\/2025\\\/08\\\/Syringe-Barrel-5ML-3.webp\",\"width\":800,\"height\":800,\"caption\":\"Syringe Barrel 5ML\"},{\"@type\":\"BreadcrumbList\",\"@id\":\"https:\\\/\\\/topkeymedical.com\\\/product\\\/syringe-barrel-5ml\\\/#breadcrumb\",\"itemListElement\":[{\"@type\":\"ListItem\",\"position\":1,\"name\":\"Home\",\"item\":\"https:\\\/\\\/topkeymedical.com\\\/\"},{\"@type\":\"ListItem\",\"position\":2,\"name\":\"Products\",\"item\":\"https:\\\/\\\/topkeymedical.com\\\/shop\\\/\"},{\"@type\":\"ListItem\",\"position\":3,\"name\":\"Syringe Barrel 5ML, Dispensing Syringe (EFD Type)\"}]},{\"@type\":\"WebSite\",\"@id\":\"https:\\\/\\\/topkeymedical.com\\\/#website\",\"url\":\"https:\\\/\\\/topkeymedical.com\\\/\",\"name\":\"TOPKEY\u2013 Precision in Every Detail, Guardian of Life and Health\",\"description\":\"\",\"publisher\":{\"@id\":\"https:\\\/\\\/topkeymedical.com\\\/#organization\"},\"potentialAction\":[{\"@type\":\"SearchAction\",\"target\":{\"@type\":\"EntryPoint\",\"urlTemplate\":\"https:\\\/\\\/topkeymedical.com\\\/?s={search_term_string}\"},\"query-input\":{\"@type\":\"PropertyValueSpecification\",\"valueRequired\":true,\"valueName\":\"search_term_string\"}}],\"inLanguage\":\"tr\"},{\"@type\":\"Organization\",\"@id\":\"https:\\\/\\\/topkeymedical.com\\\/#organization\",\"name\":\"TOPKEY\u2013 Precision in Every Detail, Guardian of Life and Health\",\"url\":\"https:\\\/\\\/topkeymedical.com\\\/\",\"logo\":{\"@type\":\"ImageObject\",\"inLanguage\":\"tr\",\"@id\":\"https:\\\/\\\/topkeymedical.com\\\/#\\\/schema\\\/logo\\\/image\\\/\",\"url\":\"https:\\\/\\\/topkeymedical.com\\\/wp-content\\\/uploads\\\/2025\\\/05\\\/cropped-logo.jpg\",\"contentUrl\":\"https:\\\/\\\/topkeymedical.com\\\/wp-content\\\/uploads\\\/2025\\\/05\\\/cropped-logo.jpg\",\"width\":512,\"height\":512,\"caption\":\"TOPKEY\u2013 Precision in Every Detail, Guardian of Life and Health\"},\"image\":{\"@id\":\"https:\\\/\\\/topkeymedical.com\\\/#\\\/schema\\\/logo\\\/image\\\/\"},\"sameAs\":[\"https:\\\/\\\/www.facebook.com\\\/profile.php?id=100088897294997\",\"https:\\\/\\\/www.youtube.com\\\/@TopkeyMedical-Alice888\",\"https:\\\/\\\/www.linkedin.com\\\/in\\\/alice-hu-bb66a01b3\\\/\"]}]}<\/script>\n<!-- \/ Yoast SEO plugin. -->","yoast_head_json":{"title":"\u015e\u0131r\u0131nga F\u0131\u00e7\u0131s\u0131 5ML, Da\u011f\u0131t\u0131m \u015e\u0131r\u0131ngas\u0131 (EFD Tipi)","description":"Bu t\u0131bbi s\u0131n\u0131f \u015f\u0131r\u0131nga haznesi 5ml, sa\u011fl\u0131k hizmeti ortamlar\u0131ndaki hassas da\u011f\u0131t\u0131m uygulamalar\u0131 i\u00e7in \u00f6zel olarak tasarlanm\u0131\u015ft\u0131r.","robots":{"index":"index","follow":"follow","max-snippet":"max-snippet:-1","max-image-preview":"max-image-preview:large","max-video-preview":"max-video-preview:-1"},"canonical":"https:\/\/topkeymedical.com\/tr\/urun\/siringa-varili-5ml\/","og_locale":"tr_TR","og_type":"article","og_title":"Syringe Barrel 5ML, Dispensing Syringe (EFD Type)","og_description":"This medical-grade syringe barrel 5ml is specifically designed for precision dispensing applications in healthcare settings.","og_url":"https:\/\/topkeymedical.com\/tr\/urun\/siringa-varili-5ml\/","og_site_name":"TOPKEY\u2013 Precision in Every Detail, Guardian of Life and Health","article_publisher":"https:\/\/www.facebook.com\/profile.php?id=100088897294997","article_modified_time":"2025-08-13T14:47:56+00:00","og_image":[{"width":800,"height":800,"url":"https:\/\/topkeymedical.com\/wp-content\/uploads\/2025\/08\/Syringe-Barrel-5ML-3.webp","type":"image\/webp"}],"twitter_card":"summary_large_image","twitter_misc":{"Tahmini okuma s\u00fcresi":"2 dakika"},"schema":{"@context":"https:\/\/schema.org","@graph":[{"@type":"WebPage","@id":"https:\/\/topkeymedical.com\/product\/syringe-barrel-5ml\/","url":"https:\/\/topkeymedical.com\/product\/syringe-barrel-5ml\/","name":"\u015e\u0131r\u0131nga F\u0131\u00e7\u0131s\u0131 5ML, Da\u011f\u0131t\u0131m \u015e\u0131r\u0131ngas\u0131 (EFD Tipi)","isPartOf":{"@id":"https:\/\/topkeymedical.com\/#website"},"primaryImageOfPage":{"@id":"https:\/\/topkeymedical.com\/product\/syringe-barrel-5ml\/#primaryimage"},"image":{"@id":"https:\/\/topkeymedical.com\/product\/syringe-barrel-5ml\/#primaryimage"},"thumbnailUrl":"https:\/\/topkeymedical.com\/wp-content\/uploads\/2025\/08\/Syringe-Barrel-5ML-3.webp","datePublished":"2025-06-18T06:06:44+00:00","dateModified":"2025-08-13T14:47:56+00:00","description":"Bu t\u0131bbi s\u0131n\u0131f \u015f\u0131r\u0131nga haznesi 5ml, sa\u011fl\u0131k hizmeti ortamlar\u0131ndaki hassas da\u011f\u0131t\u0131m uygulamalar\u0131 i\u00e7in \u00f6zel olarak tasarlanm\u0131\u015ft\u0131r.","breadcrumb":{"@id":"https:\/\/topkeymedical.com\/product\/syringe-barrel-5ml\/#breadcrumb"},"inLanguage":"tr","potentialAction":[{"@type":"ReadAction","target":["https:\/\/topkeymedical.com\/product\/syringe-barrel-5ml\/"]}]},{"@type":"ImageObject","inLanguage":"tr","@id":"https:\/\/topkeymedical.com\/product\/syringe-barrel-5ml\/#primaryimage","url":"https:\/\/topkeymedical.com\/wp-content\/uploads\/2025\/08\/Syringe-Barrel-5ML-3.webp","contentUrl":"https:\/\/topkeymedical.com\/wp-content\/uploads\/2025\/08\/Syringe-Barrel-5ML-3.webp","width":800,"height":800,"caption":"Syringe Barrel 5ML"},{"@type":"BreadcrumbList","@id":"https:\/\/topkeymedical.com\/product\/syringe-barrel-5ml\/#breadcrumb","itemListElement":[{"@type":"ListItem","position":1,"name":"Home","item":"https:\/\/topkeymedical.com\/"},{"@type":"ListItem","position":2,"name":"Products","item":"https:\/\/topkeymedical.com\/shop\/"},{"@type":"ListItem","position":3,"name":"Syringe Barrel 5ML, Dispensing Syringe (EFD Type)"}]},{"@type":"WebSite","@id":"https:\/\/topkeymedical.com\/#website","url":"https:\/\/topkeymedical.com\/","name":"TOPKEY- Her Ayr\u0131nt\u0131da Hassasiyet, Ya\u015fam ve Sa\u011fl\u0131\u011f\u0131n Koruyucusu","description":"","publisher":{"@id":"https:\/\/topkeymedical.com\/#organization"},"potentialAction":[{"@type":"SearchAction","target":{"@type":"EntryPoint","urlTemplate":"https:\/\/topkeymedical.com\/?s={search_term_string}"},"query-input":{"@type":"PropertyValueSpecification","valueRequired":true,"valueName":"search_term_string"}}],"inLanguage":"tr"},{"@type":"Organization","@id":"https:\/\/topkeymedical.com\/#organization","name":"TOPKEY- Her Ayr\u0131nt\u0131da Hassasiyet, Ya\u015fam ve Sa\u011fl\u0131\u011f\u0131n Koruyucusu","url":"https:\/\/topkeymedical.com\/","logo":{"@type":"ImageObject","inLanguage":"tr","@id":"https:\/\/topkeymedical.com\/#\/schema\/logo\/image\/","url":"https:\/\/topkeymedical.com\/wp-content\/uploads\/2025\/05\/cropped-logo.jpg","contentUrl":"https:\/\/topkeymedical.com\/wp-content\/uploads\/2025\/05\/cropped-logo.jpg","width":512,"height":512,"caption":"TOPKEY\u2013 Precision in Every Detail, Guardian of Life and Health"},"image":{"@id":"https:\/\/topkeymedical.com\/#\/schema\/logo\/image\/"},"sameAs":["https:\/\/www.facebook.com\/profile.php?id=100088897294997","https:\/\/www.youtube.com\/@TopkeyMedical-Alice888","https:\/\/www.linkedin.com\/in\/alice-hu-bb66a01b3\/"]}]}},"_links":{"self":[{"href":"https:\/\/topkeymedical.com\/tr\/wp-json\/wp\/v2\/product\/881","targetHints":{"allow":["GET"]}}],"collection":[{"href":"https:\/\/topkeymedical.com\/tr\/wp-json\/wp\/v2\/product"}],"about":[{"href":"https:\/\/topkeymedical.com\/tr\/wp-json\/wp\/v2\/types\/product"}],"version-history":[{"count":4,"href":"https:\/\/topkeymedical.com\/tr\/wp-json\/wp\/v2\/product\/881\/revisions"}],"predecessor-version":[{"id":1272,"href":"https:\/\/topkeymedical.com\/tr\/wp-json\/wp\/v2\/product\/881\/revisions\/1272"}],"wp:featuredmedia":[{"embeddable":true,"href":"https:\/\/topkeymedical.com\/tr\/wp-json\/wp\/v2\/media\/1222"}],"wp:attachment":[{"href":"https:\/\/topkeymedical.com\/tr\/wp-json\/wp\/v2\/media?parent=881"}],"wp:term":[{"taxonomy":"product_brand","embeddable":true,"href":"https:\/\/topkeymedical.com\/tr\/wp-json\/wp\/v2\/product_brand?post=881"},{"taxonomy":"product_cat","embeddable":true,"href":"https:\/\/topkeymedical.com\/tr\/wp-json\/wp\/v2\/product_cat?post=881"},{"taxonomy":"product_tag","embeddable":true,"href":"https:\/\/topkeymedical.com\/tr\/wp-json\/wp\/v2\/product_tag?post=881"}],"curies":[{"name":"wp","href":"https:\/\/api.w.org\/{rel}","templated":true}]}}