{"id":893,"date":"2025-06-18T06:24:43","date_gmt":"2025-06-18T06:24:43","guid":{"rendered":"https:\/\/topkeymedical.com\/?post_type=product&#038;p=893"},"modified":"2025-08-13T14:57:05","modified_gmt":"2025-08-13T14:57:05","slug":"luer-lock-siringa-kapagi-5ml","status":"publish","type":"product","link":"https:\/\/topkeymedical.com\/tr\/urun\/luer-lock-siringa-kapagi-5ml\/","title":{"rendered":"Luer Lock \u015e\u0131r\u0131nga Kapa\u011f\u0131 5ML (Evrensel model), Luer Lock U\u00e7 Kapa\u011f\u0131"},"content":{"rendered":"<p>Steril ba\u011flant\u0131lar\u0131n ve s\u0131v\u0131 b\u00fct\u00fcnl\u00fc\u011f\u00fcn\u00fcn temel koruyucusu olarak tasarlanan evrensel Luer Lock \u015e\u0131r\u0131nga Kapa\u011f\u0131 5mL, t\u0131bbi, farmas\u00f6tik ve hassas end\u00fcstriyel uygulamalar i\u00e7in askeri d\u00fczeyde s\u0131zd\u0131rmazl\u0131k performans\u0131 sunar. Bu kapaklar, hassas i\u011fne ba\u011flant\u0131 noktalar\u0131n\u0131 ar\u0131za emniyetli g\u00fcvenilirlikle kontaminasyonsuz b\u00f6lgelere d\u00f6n\u00fc\u015ft\u00fcr\u00fcr.<\/p>\n<h2>Temel Avantajlar<\/h2>\n<p>\u00dc\u00e7l\u00fc S\u0131zd\u0131rmazl\u0131k Evrensel Uyum<br \/>\nPatentli konik di\u015f tasar\u0131m\u0131 (ISO 594-2 uyumlu) HER t\u00fcrl\u00fc Luer kayma\/kilit aray\u00fcz\u00fcnde s\u0131zd\u0131rmaz contalar olu\u015fturur (&lt;0,001\u00b5L\/dak s\u0131z\u0131nt\u0131 onaylanm\u0131\u015ft\u0131r)<\/p>\n<p><img fetchpriority=\"high\" decoding=\"async\" class=\"aligncenter wp-image-895 size-full\" src=\"https:\/\/topkeymedical.com\/wp-content\/uploads\/2025\/06\/Luer-Lock-Syringe-Cap-5ML-2.webp\" alt=\"Luer Kilitli \u015e\u0131r\u0131nga Kapa\u011f\u0131 5ML, Luer Kilitli U\u00e7 Kapa\u011f\u0131\" width=\"1100\" height=\"1100\" srcset=\"https:\/\/topkeymedical.com\/wp-content\/uploads\/2025\/06\/Luer-Lock-Syringe-Cap-5ML-2.webp 1100w, https:\/\/topkeymedical.com\/wp-content\/uploads\/2025\/06\/Luer-Lock-Syringe-Cap-5ML-2-300x300.webp 300w, https:\/\/topkeymedical.com\/wp-content\/uploads\/2025\/06\/Luer-Lock-Syringe-Cap-5ML-2-1024x1024.webp 1024w, https:\/\/topkeymedical.com\/wp-content\/uploads\/2025\/06\/Luer-Lock-Syringe-Cap-5ML-2-150x150.webp 150w, https:\/\/topkeymedical.com\/wp-content\/uploads\/2025\/06\/Luer-Lock-Syringe-Cap-5ML-2-768x768.webp 768w, https:\/\/topkeymedical.com\/wp-content\/uploads\/2025\/06\/Luer-Lock-Syringe-Cap-5ML-2-600x600.webp 600w, https:\/\/topkeymedical.com\/wp-content\/uploads\/2025\/06\/Luer-Lock-Syringe-Cap-5ML-2-100x100.webp 100w\" sizes=\"(max-width: 1100px) 100vw, 1100px\" \/> <img decoding=\"async\" class=\"aligncenter wp-image-896 size-full\" src=\"https:\/\/topkeymedical.com\/wp-content\/uploads\/2025\/06\/Luer-Lock-Syringe-Cap-5ML-3.webp\" alt=\"Luer Kilitli \u015e\u0131r\u0131nga Kapa\u011f\u0131 5ML, Luer Kilitli U\u00e7 Kapa\u011f\u0131\" width=\"1000\" height=\"1000\" srcset=\"https:\/\/topkeymedical.com\/wp-content\/uploads\/2025\/06\/Luer-Lock-Syringe-Cap-5ML-3.webp 1000w, https:\/\/topkeymedical.com\/wp-content\/uploads\/2025\/06\/Luer-Lock-Syringe-Cap-5ML-3-300x300.webp 300w, https:\/\/topkeymedical.com\/wp-content\/uploads\/2025\/06\/Luer-Lock-Syringe-Cap-5ML-3-150x150.webp 150w, https:\/\/topkeymedical.com\/wp-content\/uploads\/2025\/06\/Luer-Lock-Syringe-Cap-5ML-3-768x768.webp 768w, https:\/\/topkeymedical.com\/wp-content\/uploads\/2025\/06\/Luer-Lock-Syringe-Cap-5ML-3-600x600.webp 600w, https:\/\/topkeymedical.com\/wp-content\/uploads\/2025\/06\/Luer-Lock-Syringe-Cap-5ML-3-100x100.webp 100w\" sizes=\"(max-width: 1000px) 100vw, 1000px\" \/> <img decoding=\"async\" class=\"aligncenter wp-image-894 size-full\" src=\"https:\/\/topkeymedical.com\/wp-content\/uploads\/2025\/06\/Luer-Lock-Syringe-Cap-5ML-1.webp\" alt=\"Luer Kilitli \u015e\u0131r\u0131nga Kapa\u011f\u0131 5ML, Luer Kilitli U\u00e7 Kapa\u011f\u0131\" width=\"1000\" height=\"1000\" srcset=\"https:\/\/topkeymedical.com\/wp-content\/uploads\/2025\/06\/Luer-Lock-Syringe-Cap-5ML-1.webp 1000w, https:\/\/topkeymedical.com\/wp-content\/uploads\/2025\/06\/Luer-Lock-Syringe-Cap-5ML-1-300x300.webp 300w, https:\/\/topkeymedical.com\/wp-content\/uploads\/2025\/06\/Luer-Lock-Syringe-Cap-5ML-1-150x150.webp 150w, https:\/\/topkeymedical.com\/wp-content\/uploads\/2025\/06\/Luer-Lock-Syringe-Cap-5ML-1-768x768.webp 768w, https:\/\/topkeymedical.com\/wp-content\/uploads\/2025\/06\/Luer-Lock-Syringe-Cap-5ML-1-600x600.webp 600w, https:\/\/topkeymedical.com\/wp-content\/uploads\/2025\/06\/Luer-Lock-Syringe-Cap-5ML-1-100x100.webp 100w\" sizes=\"(max-width: 1000px) 100vw, 1000px\" \/> <img loading=\"lazy\" decoding=\"async\" class=\"aligncenter wp-image-897 size-full\" src=\"https:\/\/topkeymedical.com\/wp-content\/uploads\/2025\/06\/Luer-Lock-Syringe-Cap-5ML-4.webp\" alt=\"Luer Kilitli \u015e\u0131r\u0131nga Kapa\u011f\u0131 5ML, Luer Kilitli U\u00e7 Kapa\u011f\u0131\" width=\"1000\" height=\"1000\" srcset=\"https:\/\/topkeymedical.com\/wp-content\/uploads\/2025\/06\/Luer-Lock-Syringe-Cap-5ML-4.webp 1000w, https:\/\/topkeymedical.com\/wp-content\/uploads\/2025\/06\/Luer-Lock-Syringe-Cap-5ML-4-300x300.webp 300w, https:\/\/topkeymedical.com\/wp-content\/uploads\/2025\/06\/Luer-Lock-Syringe-Cap-5ML-4-150x150.webp 150w, https:\/\/topkeymedical.com\/wp-content\/uploads\/2025\/06\/Luer-Lock-Syringe-Cap-5ML-4-768x768.webp 768w, https:\/\/topkeymedical.com\/wp-content\/uploads\/2025\/06\/Luer-Lock-Syringe-Cap-5ML-4-600x600.webp 600w, https:\/\/topkeymedical.com\/wp-content\/uploads\/2025\/06\/Luer-Lock-Syringe-Cap-5ML-4-100x100.webp 100w\" sizes=\"(max-width: 1000px) 100vw, 1000px\" \/><\/p>","protected":false},"excerpt":{"rendered":"<p>Steril ba\u011flant\u0131lar\u0131n ve s\u0131v\u0131 b\u00fct\u00fcnl\u00fc\u011f\u00fcn\u00fcn temel koruyucusu olarak tasarlanan evrensel Luer Lock \u015e\u0131r\u0131nga Kapa\u011f\u0131 5mL, t\u0131bbi, farmas\u00f6tik ve hassas end\u00fcstriyel uygulamalar i\u00e7in askeri d\u00fczeyde s\u0131zd\u0131rmazl\u0131k performans\u0131 sunar. Bu kapaklar, hassas i\u011fne ba\u011flant\u0131 noktalar\u0131n\u0131 ar\u0131za emniyetli g\u00fcvenilirlikle kontaminasyonsuz b\u00f6lgelere d\u00f6n\u00fc\u015ft\u00fcr\u00fcr.<\/p>\n<p>Temel Avantajlar<br \/>\n\u00dc\u00e7l\u00fc S\u0131zd\u0131rmazl\u0131k Evrensel Uyum<br \/>\nPatentli konik di\u015f tasar\u0131m\u0131 (ISO 594-2 uyumlu) HER t\u00fcrl\u00fc Luer kayma\/kilit aray\u00fcz\u00fcnde s\u0131zd\u0131rmaz contalar olu\u015fturur (&lt;0,001\u00b5L\/dak s\u0131z\u0131nt\u0131 onaylanm\u0131\u015ft\u0131r)<\/p>\n<p>T\u0131bbi S\u0131n\u0131f Malzeme<br \/>\nUSP S\u0131n\u0131f VI sertifikal\u0131 polipropilen diren\u00e7ler:<br \/>\n- Etilen Oksit sterilizasyonu<br \/>\n- Gama radyasyonu<br \/>\n- \u00c7\u00f6z\u00fcc\u00fcler (IPA, aseton, DMSO)<br \/>\n- Yap\u0131\u015ft\u0131r\u0131c\u0131 k\u00fcrlenmesini engelleme<\/p>\n<p>Bir Saniyelik \u00c7\u0131t\u00e7\u0131tl\u0131 Kilit<br \/>\nSesli t\u0131klama dokunsal onay\u0131 pozitif ba\u011flant\u0131 sa\u011flar - eldivenle tek elle kullan\u0131labilir<\/p>\n<p>Evrensel Mavi Renk Kodlamas\u0131<br \/>\n\u00c7ok portlu sistemlerde an\u0131nda g\u00f6rsel tan\u0131mlama ve h\u0131zl\u0131 envanter y\u00f6netimi<\/p>\n<p>500+ Yeniden Kullan\u0131m D\u00f6ng\u00fcs\u00fc<br \/>\nCam elyaf takviyeli yap\u0131 tekrarlanan otoklavlamaya (135\u00b0C\/30 PSI) dayan\u0131kl\u0131d\u0131r<\/p>\n<p>Kritik Uygulamalar<br \/>\nT\u0131bbi Cihaz Montaj\u0131: Kateter portlar\u0131, IV set korumas\u0131, biyosens\u00f6r \u00fcretimi<br \/>\nEczac\u0131l\u0131k \u00fcr\u00fcnleri: A\u015f\u0131 dolum hatlar\u0131, biyolojik transfer korumas\u0131<br \/>\nElektronik: \u0130letken epoksi da\u011f\u0131t\u0131m sistemleri, alt dolgu i\u015flemleri<br \/>\nLaboratuvar: HPLC numune enjeksiyon portlar\u0131, kromatografi sistemleri<\/p>\n<p>&nbsp;<\/p>","protected":false},"featured_media":1216,"template":"","meta":{"_acf_changed":false,"site-sidebar-layout":"default","site-content-layout":"","ast-site-content-layout":"default","site-content-style":"default","site-sidebar-style":"default","ast-global-header-display":"","ast-banner-title-visibility":"","ast-main-header-display":"","ast-hfb-above-header-display":"","ast-hfb-below-header-display":"","ast-hfb-mobile-header-display":"","site-post-title":"","ast-breadcrumbs-content":"","ast-featured-img":"","footer-sml-layout":"","ast-disable-related-posts":"","theme-transparent-header-meta":"default","adv-header-id-meta":"","stick-header-meta":"","header-above-stick-meta":"","header-main-stick-meta":"","header-below-stick-meta":"","astra-migrate-meta-layouts":"set","ast-page-background-enabled":"default","ast-page-background-meta":{"desktop":{"background-color":"var(--ast-global-color-5)","background-image":"","background-repeat":"repeat","background-position":"center center","background-size":"auto","background-attachment":"scroll","background-type":"","background-media":"","overlay-type":"","overlay-color":"","overlay-opacity":"","overlay-gradient":""},"tablet":{"background-color":"","background-image":"","background-repeat":"repeat","background-position":"center center","background-size":"auto","background-attachment":"scroll","background-type":"","background-media":"","overlay-type":"","overlay-color":"","overlay-opacity":"","overlay-gradient":""},"mobile":{"background-color":"","background-image":"","background-repeat":"repeat","background-position":"center center","background-size":"auto","background-attachment":"scroll","background-type":"","background-media":"","overlay-type":"","overlay-color":"","overlay-opacity":"","overlay-gradient":""}},"ast-content-background-meta":{"desktop":{"background-color":"var(--ast-global-color-4)","background-image":"","background-repeat":"repeat","background-position":"center center","background-size":"auto","background-attachment":"scroll","background-type":"","background-media":"","overlay-type":"","overlay-color":"","overlay-opacity":"","overlay-gradient":""},"tablet":{"background-color":"var(--ast-global-color-4)","background-image":"","background-repeat":"repeat","background-position":"center center","background-size":"auto","background-attachment":"scroll","background-type":"","background-media":"","overlay-type":"","overlay-color":"","overlay-opacity":"","overlay-gradient":""},"mobile":{"background-color":"var(--ast-global-color-4)","background-image":"","background-repeat":"repeat","background-position":"center center","background-size":"auto","background-attachment":"scroll","background-type":"","background-media":"","overlay-type":"","overlay-color":"","overlay-opacity":"","overlay-gradient":""}}},"product_brand":[],"product_cat":[64,60],"product_tag":[],"class_list":{"0":"post-893","1":"product","2":"type-product","3":"status-publish","4":"has-post-thumbnail","6":"product_cat-dispensing-needles-and-tips","7":"product_cat-luer-lock-syringe-cap","8":"desktop-align-left","9":"tablet-align-left","10":"mobile-align-left","12":"first","13":"instock","14":"shipping-taxable","15":"product-type-simple"},"acf":[],"yoast_head":"<!-- This site is optimized with the Yoast SEO plugin v27.4 - https:\/\/yoast.com\/product\/yoast-seo-wordpress\/ -->\n<title>Luer Lock Syringe Cap 5ML (Universal model), Luer Lock Tip Cap<\/title>\n<meta name=\"description\" content=\"The Luer Lock Syringe Cap 5mL is a sterile, single-use protective cover designed to securely seal 5mL Luer Lock syringes in medical applications.\" \/>\n<meta name=\"robots\" content=\"index, follow, max-snippet:-1, max-image-preview:large, max-video-preview:-1\" \/>\n<link rel=\"canonical\" href=\"https:\/\/topkeymedical.com\/tr\/urun\/luer-lock-siringa-kapagi-5ml\/\" \/>\n<meta property=\"og:locale\" content=\"tr_TR\" \/>\n<meta property=\"og:type\" content=\"article\" \/>\n<meta property=\"og:title\" content=\"Luer Lock Syringe Cap 5ML (Universal model), Luer Lock Tip Cap\" \/>\n<meta property=\"og:description\" content=\"The Luer Lock Syringe Cap 5mL is a sterile, single-use protective cover designed to securely seal 5mL Luer Lock syringes in medical applications.\" \/>\n<meta property=\"og:url\" content=\"https:\/\/topkeymedical.com\/tr\/urun\/luer-lock-siringa-kapagi-5ml\/\" \/>\n<meta property=\"og:site_name\" content=\"TOPKEY\u2013 Precision in Every Detail, Guardian of Life and Health\" \/>\n<meta property=\"article:publisher\" content=\"https:\/\/www.facebook.com\/profile.php?id=100088897294997\" \/>\n<meta property=\"article:modified_time\" content=\"2025-08-13T14:57:05+00:00\" \/>\n<meta property=\"og:image\" content=\"https:\/\/topkeymedical.com\/wp-content\/uploads\/2025\/08\/Luer-Lock-Syringe-Cap-5mL-1.webp\" \/>\n\t<meta property=\"og:image:width\" content=\"800\" \/>\n\t<meta property=\"og:image:height\" content=\"800\" \/>\n\t<meta property=\"og:image:type\" content=\"image\/webp\" \/>\n<meta name=\"twitter:card\" content=\"summary_large_image\" \/>\n<meta name=\"twitter:label1\" content=\"Tahmini okuma s\u00fcresi\" \/>\n\t<meta name=\"twitter:data1\" content=\"2 dakika\" \/>\n<script type=\"application\/ld+json\" class=\"yoast-schema-graph\">{\"@context\":\"https:\\\/\\\/schema.org\",\"@graph\":[{\"@type\":\"WebPage\",\"@id\":\"https:\\\/\\\/topkeymedical.com\\\/product\\\/luer-lock-syringe-cap-5ml\\\/\",\"url\":\"https:\\\/\\\/topkeymedical.com\\\/product\\\/luer-lock-syringe-cap-5ml\\\/\",\"name\":\"Luer Lock Syringe Cap 5ML (Universal model), Luer Lock Tip Cap\",\"isPartOf\":{\"@id\":\"https:\\\/\\\/topkeymedical.com\\\/#website\"},\"primaryImageOfPage\":{\"@id\":\"https:\\\/\\\/topkeymedical.com\\\/product\\\/luer-lock-syringe-cap-5ml\\\/#primaryimage\"},\"image\":{\"@id\":\"https:\\\/\\\/topkeymedical.com\\\/product\\\/luer-lock-syringe-cap-5ml\\\/#primaryimage\"},\"thumbnailUrl\":\"https:\\\/\\\/topkeymedical.com\\\/wp-content\\\/uploads\\\/2025\\\/08\\\/Luer-Lock-Syringe-Cap-5mL-1.webp\",\"datePublished\":\"2025-06-18T06:24:43+00:00\",\"dateModified\":\"2025-08-13T14:57:05+00:00\",\"description\":\"The Luer Lock Syringe Cap 5mL is a sterile, single-use protective cover designed to securely seal 5mL Luer Lock syringes in medical applications.\",\"breadcrumb\":{\"@id\":\"https:\\\/\\\/topkeymedical.com\\\/product\\\/luer-lock-syringe-cap-5ml\\\/#breadcrumb\"},\"inLanguage\":\"tr\",\"potentialAction\":[{\"@type\":\"ReadAction\",\"target\":[\"https:\\\/\\\/topkeymedical.com\\\/product\\\/luer-lock-syringe-cap-5ml\\\/\"]}]},{\"@type\":\"ImageObject\",\"inLanguage\":\"tr\",\"@id\":\"https:\\\/\\\/topkeymedical.com\\\/product\\\/luer-lock-syringe-cap-5ml\\\/#primaryimage\",\"url\":\"https:\\\/\\\/topkeymedical.com\\\/wp-content\\\/uploads\\\/2025\\\/08\\\/Luer-Lock-Syringe-Cap-5mL-1.webp\",\"contentUrl\":\"https:\\\/\\\/topkeymedical.com\\\/wp-content\\\/uploads\\\/2025\\\/08\\\/Luer-Lock-Syringe-Cap-5mL-1.webp\",\"width\":800,\"height\":800,\"caption\":\"Luer Lock Syringe Cap 5mL\"},{\"@type\":\"BreadcrumbList\",\"@id\":\"https:\\\/\\\/topkeymedical.com\\\/product\\\/luer-lock-syringe-cap-5ml\\\/#breadcrumb\",\"itemListElement\":[{\"@type\":\"ListItem\",\"position\":1,\"name\":\"Home\",\"item\":\"https:\\\/\\\/topkeymedical.com\\\/\"},{\"@type\":\"ListItem\",\"position\":2,\"name\":\"Products\",\"item\":\"https:\\\/\\\/topkeymedical.com\\\/shop\\\/\"},{\"@type\":\"ListItem\",\"position\":3,\"name\":\"Luer Lock Syringe Cap 5ML (Universal model), Luer Lock Tip Cap\"}]},{\"@type\":\"WebSite\",\"@id\":\"https:\\\/\\\/topkeymedical.com\\\/#website\",\"url\":\"https:\\\/\\\/topkeymedical.com\\\/\",\"name\":\"TOPKEY\u2013 Precision in Every Detail, Guardian of Life and Health\",\"description\":\"\",\"publisher\":{\"@id\":\"https:\\\/\\\/topkeymedical.com\\\/#organization\"},\"potentialAction\":[{\"@type\":\"SearchAction\",\"target\":{\"@type\":\"EntryPoint\",\"urlTemplate\":\"https:\\\/\\\/topkeymedical.com\\\/?s={search_term_string}\"},\"query-input\":{\"@type\":\"PropertyValueSpecification\",\"valueRequired\":true,\"valueName\":\"search_term_string\"}}],\"inLanguage\":\"tr\"},{\"@type\":\"Organization\",\"@id\":\"https:\\\/\\\/topkeymedical.com\\\/#organization\",\"name\":\"TOPKEY\u2013 Precision in Every Detail, Guardian of Life and Health\",\"url\":\"https:\\\/\\\/topkeymedical.com\\\/\",\"logo\":{\"@type\":\"ImageObject\",\"inLanguage\":\"tr\",\"@id\":\"https:\\\/\\\/topkeymedical.com\\\/#\\\/schema\\\/logo\\\/image\\\/\",\"url\":\"https:\\\/\\\/topkeymedical.com\\\/wp-content\\\/uploads\\\/2025\\\/05\\\/cropped-logo.jpg\",\"contentUrl\":\"https:\\\/\\\/topkeymedical.com\\\/wp-content\\\/uploads\\\/2025\\\/05\\\/cropped-logo.jpg\",\"width\":512,\"height\":512,\"caption\":\"TOPKEY\u2013 Precision in Every Detail, Guardian of Life and Health\"},\"image\":{\"@id\":\"https:\\\/\\\/topkeymedical.com\\\/#\\\/schema\\\/logo\\\/image\\\/\"},\"sameAs\":[\"https:\\\/\\\/www.facebook.com\\\/profile.php?id=100088897294997\",\"https:\\\/\\\/www.youtube.com\\\/@TopkeyMedical-Alice888\",\"https:\\\/\\\/www.linkedin.com\\\/in\\\/alice-hu-bb66a01b3\\\/\"]}]}<\/script>\n<!-- \/ Yoast SEO plugin. -->","yoast_head_json":{"title":"Luer Lock \u015e\u0131r\u0131nga Kapa\u011f\u0131 5ML (Evrensel model), Luer Lock U\u00e7 Kapa\u011f\u0131","description":"Luer Lock \u015e\u0131r\u0131nga Kapa\u011f\u0131 5mL, t\u0131bbi uygulamalarda 5mL Luer Lock \u015f\u0131r\u0131ngalar\u0131 g\u00fcvenli bir \u015fekilde kapatmak i\u00e7in tasarlanm\u0131\u015f steril, tek kullan\u0131ml\u0131k koruyucu bir kapakt\u0131r.","robots":{"index":"index","follow":"follow","max-snippet":"max-snippet:-1","max-image-preview":"max-image-preview:large","max-video-preview":"max-video-preview:-1"},"canonical":"https:\/\/topkeymedical.com\/tr\/urun\/luer-lock-siringa-kapagi-5ml\/","og_locale":"tr_TR","og_type":"article","og_title":"Luer Lock Syringe Cap 5ML (Universal model), Luer Lock Tip Cap","og_description":"The Luer Lock Syringe Cap 5mL is a sterile, single-use protective cover designed to securely seal 5mL Luer Lock syringes in medical applications.","og_url":"https:\/\/topkeymedical.com\/tr\/urun\/luer-lock-siringa-kapagi-5ml\/","og_site_name":"TOPKEY\u2013 Precision in Every Detail, Guardian of Life and Health","article_publisher":"https:\/\/www.facebook.com\/profile.php?id=100088897294997","article_modified_time":"2025-08-13T14:57:05+00:00","og_image":[{"width":800,"height":800,"url":"https:\/\/topkeymedical.com\/wp-content\/uploads\/2025\/08\/Luer-Lock-Syringe-Cap-5mL-1.webp","type":"image\/webp"}],"twitter_card":"summary_large_image","twitter_misc":{"Tahmini okuma s\u00fcresi":"2 dakika"},"schema":{"@context":"https:\/\/schema.org","@graph":[{"@type":"WebPage","@id":"https:\/\/topkeymedical.com\/product\/luer-lock-syringe-cap-5ml\/","url":"https:\/\/topkeymedical.com\/product\/luer-lock-syringe-cap-5ml\/","name":"Luer Lock \u015e\u0131r\u0131nga Kapa\u011f\u0131 5ML (Evrensel model), Luer Lock U\u00e7 Kapa\u011f\u0131","isPartOf":{"@id":"https:\/\/topkeymedical.com\/#website"},"primaryImageOfPage":{"@id":"https:\/\/topkeymedical.com\/product\/luer-lock-syringe-cap-5ml\/#primaryimage"},"image":{"@id":"https:\/\/topkeymedical.com\/product\/luer-lock-syringe-cap-5ml\/#primaryimage"},"thumbnailUrl":"https:\/\/topkeymedical.com\/wp-content\/uploads\/2025\/08\/Luer-Lock-Syringe-Cap-5mL-1.webp","datePublished":"2025-06-18T06:24:43+00:00","dateModified":"2025-08-13T14:57:05+00:00","description":"Luer Lock \u015e\u0131r\u0131nga Kapa\u011f\u0131 5mL, t\u0131bbi uygulamalarda 5mL Luer Lock \u015f\u0131r\u0131ngalar\u0131 g\u00fcvenli bir \u015fekilde kapatmak i\u00e7in tasarlanm\u0131\u015f steril, tek kullan\u0131ml\u0131k koruyucu bir kapakt\u0131r.","breadcrumb":{"@id":"https:\/\/topkeymedical.com\/product\/luer-lock-syringe-cap-5ml\/#breadcrumb"},"inLanguage":"tr","potentialAction":[{"@type":"ReadAction","target":["https:\/\/topkeymedical.com\/product\/luer-lock-syringe-cap-5ml\/"]}]},{"@type":"ImageObject","inLanguage":"tr","@id":"https:\/\/topkeymedical.com\/product\/luer-lock-syringe-cap-5ml\/#primaryimage","url":"https:\/\/topkeymedical.com\/wp-content\/uploads\/2025\/08\/Luer-Lock-Syringe-Cap-5mL-1.webp","contentUrl":"https:\/\/topkeymedical.com\/wp-content\/uploads\/2025\/08\/Luer-Lock-Syringe-Cap-5mL-1.webp","width":800,"height":800,"caption":"Luer Lock Syringe Cap 5mL"},{"@type":"BreadcrumbList","@id":"https:\/\/topkeymedical.com\/product\/luer-lock-syringe-cap-5ml\/#breadcrumb","itemListElement":[{"@type":"ListItem","position":1,"name":"Home","item":"https:\/\/topkeymedical.com\/"},{"@type":"ListItem","position":2,"name":"Products","item":"https:\/\/topkeymedical.com\/shop\/"},{"@type":"ListItem","position":3,"name":"Luer Lock Syringe Cap 5ML (Universal model), Luer Lock Tip Cap"}]},{"@type":"WebSite","@id":"https:\/\/topkeymedical.com\/#website","url":"https:\/\/topkeymedical.com\/","name":"TOPKEY- Her Ayr\u0131nt\u0131da Hassasiyet, Ya\u015fam ve Sa\u011fl\u0131\u011f\u0131n Koruyucusu","description":"","publisher":{"@id":"https:\/\/topkeymedical.com\/#organization"},"potentialAction":[{"@type":"SearchAction","target":{"@type":"EntryPoint","urlTemplate":"https:\/\/topkeymedical.com\/?s={search_term_string}"},"query-input":{"@type":"PropertyValueSpecification","valueRequired":true,"valueName":"search_term_string"}}],"inLanguage":"tr"},{"@type":"Organization","@id":"https:\/\/topkeymedical.com\/#organization","name":"TOPKEY- Her Ayr\u0131nt\u0131da Hassasiyet, Ya\u015fam ve Sa\u011fl\u0131\u011f\u0131n Koruyucusu","url":"https:\/\/topkeymedical.com\/","logo":{"@type":"ImageObject","inLanguage":"tr","@id":"https:\/\/topkeymedical.com\/#\/schema\/logo\/image\/","url":"https:\/\/topkeymedical.com\/wp-content\/uploads\/2025\/05\/cropped-logo.jpg","contentUrl":"https:\/\/topkeymedical.com\/wp-content\/uploads\/2025\/05\/cropped-logo.jpg","width":512,"height":512,"caption":"TOPKEY\u2013 Precision in Every Detail, Guardian of Life and Health"},"image":{"@id":"https:\/\/topkeymedical.com\/#\/schema\/logo\/image\/"},"sameAs":["https:\/\/www.facebook.com\/profile.php?id=100088897294997","https:\/\/www.youtube.com\/@TopkeyMedical-Alice888","https:\/\/www.linkedin.com\/in\/alice-hu-bb66a01b3\/"]}]}},"_links":{"self":[{"href":"https:\/\/topkeymedical.com\/tr\/wp-json\/wp\/v2\/product\/893","targetHints":{"allow":["GET"]}}],"collection":[{"href":"https:\/\/topkeymedical.com\/tr\/wp-json\/wp\/v2\/product"}],"about":[{"href":"https:\/\/topkeymedical.com\/tr\/wp-json\/wp\/v2\/types\/product"}],"version-history":[{"count":4,"href":"https:\/\/topkeymedical.com\/tr\/wp-json\/wp\/v2\/product\/893\/revisions"}],"predecessor-version":[{"id":1276,"href":"https:\/\/topkeymedical.com\/tr\/wp-json\/wp\/v2\/product\/893\/revisions\/1276"}],"wp:featuredmedia":[{"embeddable":true,"href":"https:\/\/topkeymedical.com\/tr\/wp-json\/wp\/v2\/media\/1216"}],"wp:attachment":[{"href":"https:\/\/topkeymedical.com\/tr\/wp-json\/wp\/v2\/media?parent=893"}],"wp:term":[{"taxonomy":"product_brand","embeddable":true,"href":"https:\/\/topkeymedical.com\/tr\/wp-json\/wp\/v2\/product_brand?post=893"},{"taxonomy":"product_cat","embeddable":true,"href":"https:\/\/topkeymedical.com\/tr\/wp-json\/wp\/v2\/product_cat?post=893"},{"taxonomy":"product_tag","embeddable":true,"href":"https:\/\/topkeymedical.com\/tr\/wp-json\/wp\/v2\/product_tag?post=893"}],"curies":[{"name":"wp","href":"https:\/\/api.w.org\/{rel}","templated":true}]}}