{"id":964,"date":"2025-06-25T06:02:31","date_gmt":"2025-06-25T06:02:31","guid":{"rendered":"https:\/\/topkeymedical.com\/?post_type=product&#038;p=964"},"modified":"2026-03-14T13:28:59","modified_gmt":"2026-03-14T13:28:59","slug":"tek-kullanimlik-steril-akupunktur-igneleri-0-2540mm","status":"publish","type":"product","link":"https:\/\/topkeymedical.com\/tr\/urun\/tek-kullanimlik-steril-akupunktur-igneleri-0-2540mm\/","title":{"rendered":"Tek kullan\u0131ml\u0131k steril akupunktur i\u011fneleri 0.25*40mm"},"content":{"rendered":"<h2 data-start=\"395\" data-end=\"422\">1. Genel Tan\u0131m<\/h2>\n<p data-start=\"423\" data-end=\"875\">Bu steril, tek kullan\u0131ml\u0131k akupunktur i\u011fneleri, minimum rahats\u0131zl\u0131kla hassas i\u011fneleme i\u00e7in tasarlanm\u0131\u015ft\u0131r. Bu <strong data-start=\"532\" data-end=\"552\">0,22 mm \u00e7ap<\/strong> hassas b\u00f6lgeler veya s\u0131\u011f teknikler i\u00e7in ince, hassas bir yerle\u015ftirme sunarken <strong data-start=\"640\" data-end=\"656\">13 mm uzunluk<\/strong> y\u00fcz akupunkturu, kulak akupunkturu, el terapisi veya y\u00fczeysel v\u00fccut noktalar\u0131 i\u00e7in uygun hale getirir. Bu <strong data-start=\"770\" data-end=\"788\">plastik sap<\/strong> hem yeni ba\u015flayanlar hem de deneyimli uygulay\u0131c\u0131lar i\u00e7in geli\u015fmi\u015f kavrama ve kontrol sa\u011flar.<\/p>\n<p data-start=\"877\" data-end=\"1018\">Her i\u011fne <strong data-start=\"892\" data-end=\"923\">tek tek blister ambalajl\u0131<\/strong> hijyen ve hasta g\u00fcvenli\u011fini sa\u011flamak i\u00e7in uluslararas\u0131 t\u0131bbi cihaz standartlar\u0131na uygundur.<\/p>\n<h2 data-start=\"1025\" data-end=\"1057\">2. Teknik \u00d6zellikler<\/h2>\n<div class=\"_tableContainer_1rjym_1\">\n<div class=\"_tableWrapper_1rjym_13 group flex w-fit flex-col-reverse\" tabindex=\"-1\">\n<table class=\"w-fit min-w-(--thread-content-width)\" data-start=\"1059\" data-end=\"2787\">\n<thead data-start=\"1059\" data-end=\"1173\">\n<tr data-start=\"1059\" data-end=\"1173\">\n<th data-start=\"1059\" data-end=\"1086\" data-col-size=\"sm\">Parametre<\/th>\n<th data-start=\"1086\" data-end=\"1173\" data-col-size=\"md\">De\u011fer \/ A\u00e7\u0131klama<\/th>\n<\/tr>\n<\/thead>\n<tbody data-start=\"1290\" data-end=\"2787\">\n<tr data-start=\"1290\" data-end=\"1405\">\n<td data-start=\"1290\" data-end=\"1318\" data-col-size=\"sm\"><strong data-start=\"1292\" data-end=\"1308\">\u00dcr\u00fcn Ad\u0131<\/strong><\/td>\n<td data-start=\"1318\" data-end=\"1405\" data-col-size=\"md\">Plastik Sapl\u0131 Akupunktur \u0130\u011fneleri<\/td>\n<\/tr>\n<tr data-start=\"1406\" data-end=\"1520\">\n<td data-start=\"1406\" data-end=\"1434\" data-col-size=\"sm\"><strong data-start=\"1408\" data-end=\"1423\">SKU \u00d6rne\u011fi<\/strong><\/td>\n<td data-start=\"1434\" data-end=\"1520\" data-col-size=\"md\">0,22 \u00d7 13 mm (di\u011fer boyutlar mevcuttur)<\/td>\n<\/tr>\n<tr data-start=\"1521\" data-end=\"1635\">\n<td data-start=\"1521\" data-end=\"1549\" data-col-size=\"sm\"><strong data-start=\"1523\" data-end=\"1542\">\u0130\u011fne \u00c7ap\u0131<\/strong><\/td>\n<td data-start=\"1549\" data-end=\"1635\" data-col-size=\"md\">0,22 mm<\/td>\n<\/tr>\n<tr data-start=\"1636\" data-end=\"1750\">\n<td data-start=\"1636\" data-end=\"1664\" data-col-size=\"sm\"><strong data-start=\"1638\" data-end=\"1655\">\u0130\u011fne Uzunlu\u011fu<\/strong><\/td>\n<td data-start=\"1664\" data-end=\"1750\" data-col-size=\"md\">13 mm<\/td>\n<\/tr>\n<tr data-start=\"1751\" data-end=\"1865\">\n<td data-start=\"1751\" data-end=\"1779\" data-col-size=\"sm\"><strong data-start=\"1753\" data-end=\"1768\">Kulp Tipi<\/strong><\/td>\n<td data-start=\"1779\" data-end=\"1865\" data-col-size=\"md\">Plastik sap (manyetik olmayan, hafif)<\/td>\n<\/tr>\n<tr data-start=\"1866\" data-end=\"1980\">\n<td data-start=\"1866\" data-end=\"1894\" data-col-size=\"sm\"><strong data-start=\"1868\" data-end=\"1885\">Sap Uzunlu\u011fu<\/strong><\/td>\n<td data-start=\"1894\" data-end=\"1980\" data-col-size=\"md\">Yakla\u015f\u0131k 25 mm (standart)<\/td>\n<\/tr>\n<tr data-start=\"1981\" data-end=\"2096\">\n<td data-start=\"1981\" data-end=\"2009\" data-col-size=\"sm\"><strong data-start=\"1983\" data-end=\"2004\">Malzeme - \u0130\u011fne<\/strong><\/td>\n<td data-start=\"2009\" data-end=\"2096\" data-col-size=\"md\">Y\u00fcksek dereceli cerrahi paslanmaz \u00e7elik (ISO 9626 standard\u0131na uygun)<\/td>\n<\/tr>\n<tr data-start=\"2097\" data-end=\"2211\">\n<td data-start=\"2097\" data-end=\"2125\" data-col-size=\"sm\"><strong data-start=\"2099\" data-end=\"2120\">Malzeme - Sap<\/strong><\/td>\n<td data-start=\"2125\" data-end=\"2211\" data-col-size=\"md\">T\u0131bbi s\u0131n\u0131f plastik (BPA i\u00e7ermez, toksik de\u011fildir)<\/td>\n<\/tr>\n<tr data-start=\"2212\" data-end=\"2327\">\n<td data-start=\"2212\" data-end=\"2240\" data-col-size=\"sm\"><strong data-start=\"2214\" data-end=\"2238\">Sterilizasyon Y\u00f6ntemi<\/strong><\/td>\n<td data-start=\"2240\" data-end=\"2327\" data-col-size=\"md\">Etilen Oksit (EO) gaz sterilizasyonu<\/td>\n<\/tr>\n<tr data-start=\"2328\" data-end=\"2442\">\n<td data-start=\"2328\" data-end=\"2356\" data-col-size=\"sm\"><strong data-start=\"2330\" data-end=\"2343\">Paketleme<\/strong><\/td>\n<td data-start=\"2356\" data-end=\"2442\" data-col-size=\"md\">Tek tek blister ambalajl\u0131, kutu ba\u015f\u0131na 100 i\u011fne<\/td>\n<\/tr>\n<tr data-start=\"2443\" data-end=\"2557\">\n<td data-start=\"2443\" data-end=\"2471\" data-col-size=\"sm\"><strong data-start=\"2445\" data-end=\"2459\">Tek Kullan\u0131ml\u0131k<\/strong><\/td>\n<td data-start=\"2471\" data-end=\"2557\" data-col-size=\"md\">Evet<\/td>\n<\/tr>\n<tr data-start=\"2558\" data-end=\"2672\">\n<td data-start=\"2558\" data-end=\"2586\" data-col-size=\"sm\"><strong data-start=\"2560\" data-end=\"2577\">Sertifikasyon<\/strong><\/td>\n<td data-start=\"2586\" data-end=\"2672\" data-col-size=\"md\">CE, ISO 13485, FDA (tedarik\u00e7iye\/\u00fcreticiye ba\u011fl\u0131 olarak)<\/td>\n<\/tr>\n<tr data-start=\"2673\" data-end=\"2787\">\n<td data-start=\"2673\" data-end=\"2701\" data-col-size=\"sm\"><strong data-start=\"2675\" data-end=\"2689\">Raf \u00d6mr\u00fc<\/strong><\/td>\n<td data-start=\"2701\" data-end=\"2787\" data-col-size=\"md\">3-5 y\u0131l (kuru, kapal\u0131 ko\u015fullarda saklan\u0131rsa)<\/td>\n<\/tr>\n<\/tbody>\n<\/table>\n<h2 data-start=\"2794\" data-end=\"2814\">3. Temel \u00d6zellikler<\/h2>\n<ul data-start=\"2815\" data-end=\"3184\">\n<li data-start=\"2815\" data-end=\"2885\">\n<p data-start=\"2817\" data-end=\"2885\"><strong data-start=\"2817\" data-end=\"2835\">Ultra ince u\u00e7<\/strong>: Yerle\u015ftirme s\u0131ras\u0131nda hasta rahats\u0131zl\u0131\u011f\u0131n\u0131 en aza indirir.<\/p>\n<\/li>\n<li data-start=\"2886\" data-end=\"2968\">\n<p data-start=\"2888\" data-end=\"2968\"><strong data-start=\"2888\" data-end=\"2906\">Plastik sap<\/strong>: Hafiftir, sabit tutu\u015f ve manip\u00fclasyon kolayl\u0131\u011f\u0131 sa\u011flar.<\/p>\n<\/li>\n<li data-start=\"2969\" data-end=\"3050\">\n<p data-start=\"2971\" data-end=\"3050\"><strong data-start=\"2971\" data-end=\"2993\">Steril ve hijyenik<\/strong>: Kontaminasyonu \u00f6nlemek i\u00e7in ayr\u0131 ayr\u0131 blister ambalajda.<\/p>\n<\/li>\n<li data-start=\"3051\" data-end=\"3129\">\n<p data-start=\"3053\" data-end=\"3129\"><strong data-start=\"3053\" data-end=\"3068\">\u00c7ok Y\u00f6nl\u00fcl\u00fck<\/strong>: S\u0131\u011f akupunktur noktalar\u0131 ve mikrosistemler i\u00e7in uygundur.<\/p>\n<\/li>\n<li data-start=\"3130\" data-end=\"3184\">\n<p data-start=\"3132\" data-end=\"3184\"><strong data-start=\"3132\" data-end=\"3181\">Uluslararas\u0131 g\u00fcvenlik standartlar\u0131 ile uyumlu<\/strong>.<\/p>\n<\/li>\n<\/ul>\n<h2 data-start=\"3191\" data-end=\"3220\">4. Uygulama Senaryolar\u0131<\/h2>\n<div class=\"_tableContainer_1rjym_1\">\n<div class=\"_tableWrapper_1rjym_13 group flex w-fit flex-col-reverse\" tabindex=\"-1\">\n<table class=\"w-fit min-w-(--thread-content-width)\" data-start=\"3222\" data-end=\"4037\">\n<thead data-start=\"3222\" data-end=\"3335\">\n<tr data-start=\"3222\" data-end=\"3335\">\n<th data-start=\"3222\" data-end=\"3254\" data-col-size=\"sm\">Uygulama Alan\u0131<\/th>\n<th data-start=\"3254\" data-end=\"3335\" data-col-size=\"md\">Tipik Kullan\u0131m<\/th>\n<\/tr>\n<\/thead>\n<tbody data-start=\"3451\" data-end=\"4037\">\n<tr data-start=\"3451\" data-end=\"3565\">\n<td data-start=\"3451\" data-end=\"3484\" data-col-size=\"sm\"><strong data-start=\"3453\" data-end=\"3475\">Y\u00fcz Akupunkturu<\/strong><\/td>\n<td data-start=\"3484\" data-end=\"3565\" data-col-size=\"md\">Kozmetik tedaviler, y\u00fcz gen\u00e7le\u015ftirme, ince k\u0131r\u0131\u015f\u0131kl\u0131k azaltma.<\/td>\n<\/tr>\n<tr data-start=\"3566\" data-end=\"3680\">\n<td data-start=\"3566\" data-end=\"3599\" data-col-size=\"sm\"><strong data-start=\"3568\" data-end=\"3593\">Aurik\u00fcler Akupunktur<\/strong><\/td>\n<td data-start=\"3599\" data-end=\"3680\" data-col-size=\"md\">Sigaray\u0131 b\u0131rakma, kilo verme, stres y\u00f6netimi i\u00e7in kulak terapisi.<\/td>\n<\/tr>\n<tr data-start=\"3681\" data-end=\"3796\">\n<td data-start=\"3681\" data-end=\"3714\" data-col-size=\"sm\"><strong data-start=\"3683\" data-end=\"3710\">El ve Ayak Akupunkturu<\/strong><\/td>\n<td data-start=\"3714\" data-end=\"3796\" data-col-size=\"md\">Mikro-sistem terapisi, a\u011fr\u0131 kesici, fonksiyonel d\u00fczenleme.<\/td>\n<\/tr>\n<tr data-start=\"3797\" data-end=\"3912\">\n<td data-start=\"3797\" data-end=\"3830\" data-col-size=\"sm\"><strong data-start=\"3799\" data-end=\"3820\">Kafa Derisi Akupunkturu<\/strong><\/td>\n<td data-start=\"3830\" data-end=\"3912\" data-col-size=\"md\">N\u00f6rolojik bozukluklar, inme rehabilitasyonu, bili\u015fsel destek.<\/td>\n<\/tr>\n<tr data-start=\"3913\" data-end=\"4037\">\n<td data-start=\"3913\" data-end=\"3946\" data-col-size=\"sm\"><strong data-start=\"3915\" data-end=\"3941\">Genel S\u0131\u011f Noktalar<\/strong><\/td>\n<td data-start=\"3946\" data-end=\"4037\" data-col-size=\"md\">Hassas veya y\u00fczeysel i\u011fneleme gerektiren noktalar (\u00f6rn. \u00e7ocuklar, hassas hastalar).<\/td>\n<\/tr>\n<\/tbody>\n<\/table>\n<h2 data-start=\"4044\" data-end=\"4069\">5. G\u00fcvenlik ve Ta\u015f\u0131ma<\/h2>\n<ul data-start=\"4070\" data-end=\"4261\">\n<li data-start=\"4070\" data-end=\"4142\">\n<p data-start=\"4072\" data-end=\"4142\">Yaln\u0131zca tek kullan\u0131ml\u0131kt\u0131r - kulland\u0131ktan sonra kesici-delici alet kab\u0131na uygun \u015fekilde at\u0131n.<\/p>\n<\/li>\n<li data-start=\"4143\" data-end=\"4196\">\n<p data-start=\"4145\" data-end=\"4196\">Blister ambalaj hasar g\u00f6rm\u00fc\u015fse veya son kullanma tarihi ge\u00e7mi\u015fse kullanmay\u0131n.<\/p>\n<\/li>\n<li data-start=\"4197\" data-end=\"4261\">\n<p data-start=\"4199\" data-end=\"4261\">Serin ve kuru bir ortamda, do\u011frudan g\u00fcne\u015f \u0131\u015f\u0131\u011f\u0131ndan uzakta saklay\u0131n.<\/p>\n<\/li>\n<\/ul>\n<\/div>\n<\/div>\n<\/div>\n<\/div>","protected":false},"excerpt":{"rendered":"<p>Bu uzun 0,25 mm \u00d7 40 mm steril akupunktur i\u011fneleri s\u0131rt a\u011fr\u0131s\u0131, siyatik veya miyofasiyal gev\u015fetme gibi derin i\u011fneleme teknikleri i\u00e7in idealdir. Ultra keskin u\u00e7, yerle\u015ftirme a\u011fr\u0131s\u0131n\u0131 en aza indirir ve plastik sap kontroll\u00fc d\u00f6n\u00fc\u015fe izin verir. Hijyen i\u00e7in ayr\u0131 ayr\u0131 blisterde paketlenmi\u015ftir.<\/p>","protected":false},"featured_media":1263,"template":"","meta":{"_acf_changed":false,"site-sidebar-layout":"default","site-content-layout":"","ast-site-content-layout":"default","site-content-style":"default","site-sidebar-style":"default","ast-global-header-display":"","ast-banner-title-visibility":"","ast-main-header-display":"","ast-hfb-above-header-display":"","ast-hfb-below-header-display":"","ast-hfb-mobile-header-display":"","site-post-title":"","ast-breadcrumbs-content":"","ast-featured-img":"","footer-sml-layout":"","ast-disable-related-posts":"","theme-transparent-header-meta":"default","adv-header-id-meta":"","stick-header-meta":"","header-above-stick-meta":"","header-main-stick-meta":"","header-below-stick-meta":"","astra-migrate-meta-layouts":"set","ast-page-background-enabled":"default","ast-page-background-meta":{"desktop":{"background-color":"var(--ast-global-color-5)","background-image":"","background-repeat":"repeat","background-position":"center center","background-size":"auto","background-attachment":"scroll","background-type":"","background-media":"","overlay-type":"","overlay-color":"","overlay-opacity":"","overlay-gradient":""},"tablet":{"background-color":"","background-image":"","background-repeat":"repeat","background-position":"center center","background-size":"auto","background-attachment":"scroll","background-type":"","background-media":"","overlay-type":"","overlay-color":"","overlay-opacity":"","overlay-gradient":""},"mobile":{"background-color":"","background-image":"","background-repeat":"repeat","background-position":"center center","background-size":"auto","background-attachment":"scroll","background-type":"","background-media":"","overlay-type":"","overlay-color":"","overlay-opacity":"","overlay-gradient":""}},"ast-content-background-meta":{"desktop":{"background-color":"var(--ast-global-color-4)","background-image":"","background-repeat":"repeat","background-position":"center center","background-size":"auto","background-attachment":"scroll","background-type":"","background-media":"","overlay-type":"","overlay-color":"","overlay-opacity":"","overlay-gradient":""},"tablet":{"background-color":"var(--ast-global-color-4)","background-image":"","background-repeat":"repeat","background-position":"center center","background-size":"auto","background-attachment":"scroll","background-type":"","background-media":"","overlay-type":"","overlay-color":"","overlay-opacity":"","overlay-gradient":""},"mobile":{"background-color":"var(--ast-global-color-4)","background-image":"","background-repeat":"repeat","background-position":"center center","background-size":"auto","background-attachment":"scroll","background-type":"","background-media":"","overlay-type":"","overlay-color":"","overlay-opacity":"","overlay-gradient":""}}},"product_brand":[],"product_cat":[63],"product_tag":[],"class_list":{"0":"post-964","1":"product","2":"type-product","3":"status-publish","4":"has-post-thumbnail","6":"product_cat-acupuncture-needles","7":"desktop-align-left","8":"tablet-align-left","9":"mobile-align-left","11":"first","12":"instock","13":"shipping-taxable","14":"product-type-simple"},"acf":[],"yoast_head":"<!-- This site is optimized with the Yoast SEO plugin v27.4 - https:\/\/yoast.com\/product\/yoast-seo-wordpress\/ -->\n<title>Sterile acupuncture needles for single use 0.25*40mm<\/title>\n<meta name=\"description\" content=\"These long 0.25mm \u00d7 40mm sterile acupuncture needles are ideal for deep needling techniques, such as for back pain, sciatica, or myofascial release.\" \/>\n<meta name=\"robots\" content=\"index, follow, max-snippet:-1, max-image-preview:large, max-video-preview:-1\" \/>\n<link rel=\"canonical\" href=\"https:\/\/topkeymedical.com\/tr\/urun\/tek-kullanimlik-steril-akupunktur-igneleri-0-2540mm\/\" \/>\n<meta property=\"og:locale\" content=\"tr_TR\" \/>\n<meta property=\"og:type\" content=\"article\" \/>\n<meta property=\"og:title\" content=\"Sterile acupuncture needles for single use 0.25*40mm\" \/>\n<meta property=\"og:description\" content=\"These long 0.25mm \u00d7 40mm sterile acupuncture needles are ideal for deep needling techniques, such as for back pain, sciatica, or myofascial release.\" \/>\n<meta property=\"og:url\" content=\"https:\/\/topkeymedical.com\/tr\/urun\/tek-kullanimlik-steril-akupunktur-igneleri-0-2540mm\/\" \/>\n<meta property=\"og:site_name\" content=\"TOPKEY\u2013 Precision in Every Detail, Guardian of Life and Health\" \/>\n<meta property=\"article:publisher\" content=\"https:\/\/www.facebook.com\/profile.php?id=100088897294997\" \/>\n<meta property=\"article:modified_time\" content=\"2026-03-14T13:28:59+00:00\" \/>\n<meta property=\"og:image\" content=\"https:\/\/topkeymedical.com\/wp-content\/uploads\/2025\/08\/sterile-acupuncture-needles-4.webp\" \/>\n\t<meta property=\"og:image:width\" content=\"800\" \/>\n\t<meta property=\"og:image:height\" content=\"800\" \/>\n\t<meta property=\"og:image:type\" content=\"image\/webp\" \/>\n<meta name=\"twitter:card\" content=\"summary_large_image\" \/>\n<meta name=\"twitter:label1\" content=\"Tahmini okuma s\u00fcresi\" \/>\n\t<meta name=\"twitter:data1\" content=\"2 dakika\" \/>\n<script type=\"application\/ld+json\" class=\"yoast-schema-graph\">{\"@context\":\"https:\\\/\\\/schema.org\",\"@graph\":[{\"@type\":\"WebPage\",\"@id\":\"https:\\\/\\\/topkeymedical.com\\\/product\\\/sterile-acupuncture-needles-for-single-use-0-2540mm\\\/\",\"url\":\"https:\\\/\\\/topkeymedical.com\\\/product\\\/sterile-acupuncture-needles-for-single-use-0-2540mm\\\/\",\"name\":\"Sterile acupuncture needles for single use 0.25*40mm\",\"isPartOf\":{\"@id\":\"https:\\\/\\\/topkeymedical.com\\\/#website\"},\"primaryImageOfPage\":{\"@id\":\"https:\\\/\\\/topkeymedical.com\\\/product\\\/sterile-acupuncture-needles-for-single-use-0-2540mm\\\/#primaryimage\"},\"image\":{\"@id\":\"https:\\\/\\\/topkeymedical.com\\\/product\\\/sterile-acupuncture-needles-for-single-use-0-2540mm\\\/#primaryimage\"},\"thumbnailUrl\":\"https:\\\/\\\/topkeymedical.com\\\/wp-content\\\/uploads\\\/2025\\\/08\\\/sterile-acupuncture-needles-4.webp\",\"datePublished\":\"2025-06-25T06:02:31+00:00\",\"dateModified\":\"2026-03-14T13:28:59+00:00\",\"description\":\"These long 0.25mm \u00d7 40mm sterile acupuncture needles are ideal for deep needling techniques, such as for back pain, sciatica, or myofascial release.\",\"breadcrumb\":{\"@id\":\"https:\\\/\\\/topkeymedical.com\\\/product\\\/sterile-acupuncture-needles-for-single-use-0-2540mm\\\/#breadcrumb\"},\"inLanguage\":\"tr\",\"potentialAction\":[{\"@type\":\"ReadAction\",\"target\":[\"https:\\\/\\\/topkeymedical.com\\\/product\\\/sterile-acupuncture-needles-for-single-use-0-2540mm\\\/\"]}]},{\"@type\":\"ImageObject\",\"inLanguage\":\"tr\",\"@id\":\"https:\\\/\\\/topkeymedical.com\\\/product\\\/sterile-acupuncture-needles-for-single-use-0-2540mm\\\/#primaryimage\",\"url\":\"https:\\\/\\\/topkeymedical.com\\\/wp-content\\\/uploads\\\/2025\\\/08\\\/sterile-acupuncture-needles-4.webp\",\"contentUrl\":\"https:\\\/\\\/topkeymedical.com\\\/wp-content\\\/uploads\\\/2025\\\/08\\\/sterile-acupuncture-needles-4.webp\",\"width\":800,\"height\":800,\"caption\":\"sterile acupuncture needles\"},{\"@type\":\"BreadcrumbList\",\"@id\":\"https:\\\/\\\/topkeymedical.com\\\/product\\\/sterile-acupuncture-needles-for-single-use-0-2540mm\\\/#breadcrumb\",\"itemListElement\":[{\"@type\":\"ListItem\",\"position\":1,\"name\":\"Home\",\"item\":\"https:\\\/\\\/topkeymedical.com\\\/\"},{\"@type\":\"ListItem\",\"position\":2,\"name\":\"Products\",\"item\":\"https:\\\/\\\/topkeymedical.com\\\/shop\\\/\"},{\"@type\":\"ListItem\",\"position\":3,\"name\":\"Sterile acupuncture needles for single use 0.25*40mm\"}]},{\"@type\":\"WebSite\",\"@id\":\"https:\\\/\\\/topkeymedical.com\\\/#website\",\"url\":\"https:\\\/\\\/topkeymedical.com\\\/\",\"name\":\"TOPKEY\u2013 Precision in Every Detail, Guardian of Life and Health\",\"description\":\"\",\"publisher\":{\"@id\":\"https:\\\/\\\/topkeymedical.com\\\/#organization\"},\"potentialAction\":[{\"@type\":\"SearchAction\",\"target\":{\"@type\":\"EntryPoint\",\"urlTemplate\":\"https:\\\/\\\/topkeymedical.com\\\/?s={search_term_string}\"},\"query-input\":{\"@type\":\"PropertyValueSpecification\",\"valueRequired\":true,\"valueName\":\"search_term_string\"}}],\"inLanguage\":\"tr\"},{\"@type\":\"Organization\",\"@id\":\"https:\\\/\\\/topkeymedical.com\\\/#organization\",\"name\":\"TOPKEY\u2013 Precision in Every Detail, Guardian of Life and Health\",\"url\":\"https:\\\/\\\/topkeymedical.com\\\/\",\"logo\":{\"@type\":\"ImageObject\",\"inLanguage\":\"tr\",\"@id\":\"https:\\\/\\\/topkeymedical.com\\\/#\\\/schema\\\/logo\\\/image\\\/\",\"url\":\"https:\\\/\\\/topkeymedical.com\\\/wp-content\\\/uploads\\\/2025\\\/05\\\/cropped-logo.jpg\",\"contentUrl\":\"https:\\\/\\\/topkeymedical.com\\\/wp-content\\\/uploads\\\/2025\\\/05\\\/cropped-logo.jpg\",\"width\":512,\"height\":512,\"caption\":\"TOPKEY\u2013 Precision in Every Detail, Guardian of Life and Health\"},\"image\":{\"@id\":\"https:\\\/\\\/topkeymedical.com\\\/#\\\/schema\\\/logo\\\/image\\\/\"},\"sameAs\":[\"https:\\\/\\\/www.facebook.com\\\/profile.php?id=100088897294997\",\"https:\\\/\\\/www.youtube.com\\\/@TopkeyMedical-Alice888\",\"https:\\\/\\\/www.linkedin.com\\\/in\\\/alice-hu-bb66a01b3\\\/\"]}]}<\/script>\n<!-- \/ Yoast SEO plugin. -->","yoast_head_json":{"title":"Tek kullan\u0131ml\u0131k steril akupunktur i\u011fneleri 0.25*40mm","description":"Bu uzun 0,25 mm \u00d7 40 mm steril akupunktur i\u011fneleri s\u0131rt a\u011fr\u0131s\u0131, siyatik veya miyofasiyal gev\u015fetme gibi derin i\u011fneleme teknikleri i\u00e7in idealdir.","robots":{"index":"index","follow":"follow","max-snippet":"max-snippet:-1","max-image-preview":"max-image-preview:large","max-video-preview":"max-video-preview:-1"},"canonical":"https:\/\/topkeymedical.com\/tr\/urun\/tek-kullanimlik-steril-akupunktur-igneleri-0-2540mm\/","og_locale":"tr_TR","og_type":"article","og_title":"Sterile acupuncture needles for single use 0.25*40mm","og_description":"These long 0.25mm \u00d7 40mm sterile acupuncture needles are ideal for deep needling techniques, such as for back pain, sciatica, or myofascial release.","og_url":"https:\/\/topkeymedical.com\/tr\/urun\/tek-kullanimlik-steril-akupunktur-igneleri-0-2540mm\/","og_site_name":"TOPKEY\u2013 Precision in Every Detail, Guardian of Life and Health","article_publisher":"https:\/\/www.facebook.com\/profile.php?id=100088897294997","article_modified_time":"2026-03-14T13:28:59+00:00","og_image":[{"width":800,"height":800,"url":"https:\/\/topkeymedical.com\/wp-content\/uploads\/2025\/08\/sterile-acupuncture-needles-4.webp","type":"image\/webp"}],"twitter_card":"summary_large_image","twitter_misc":{"Tahmini okuma s\u00fcresi":"2 dakika"},"schema":{"@context":"https:\/\/schema.org","@graph":[{"@type":"WebPage","@id":"https:\/\/topkeymedical.com\/product\/sterile-acupuncture-needles-for-single-use-0-2540mm\/","url":"https:\/\/topkeymedical.com\/product\/sterile-acupuncture-needles-for-single-use-0-2540mm\/","name":"Tek kullan\u0131ml\u0131k steril akupunktur i\u011fneleri 0.25*40mm","isPartOf":{"@id":"https:\/\/topkeymedical.com\/#website"},"primaryImageOfPage":{"@id":"https:\/\/topkeymedical.com\/product\/sterile-acupuncture-needles-for-single-use-0-2540mm\/#primaryimage"},"image":{"@id":"https:\/\/topkeymedical.com\/product\/sterile-acupuncture-needles-for-single-use-0-2540mm\/#primaryimage"},"thumbnailUrl":"https:\/\/topkeymedical.com\/wp-content\/uploads\/2025\/08\/sterile-acupuncture-needles-4.webp","datePublished":"2025-06-25T06:02:31+00:00","dateModified":"2026-03-14T13:28:59+00:00","description":"Bu uzun 0,25 mm \u00d7 40 mm steril akupunktur i\u011fneleri s\u0131rt a\u011fr\u0131s\u0131, siyatik veya miyofasiyal gev\u015fetme gibi derin i\u011fneleme teknikleri i\u00e7in idealdir.","breadcrumb":{"@id":"https:\/\/topkeymedical.com\/product\/sterile-acupuncture-needles-for-single-use-0-2540mm\/#breadcrumb"},"inLanguage":"tr","potentialAction":[{"@type":"ReadAction","target":["https:\/\/topkeymedical.com\/product\/sterile-acupuncture-needles-for-single-use-0-2540mm\/"]}]},{"@type":"ImageObject","inLanguage":"tr","@id":"https:\/\/topkeymedical.com\/product\/sterile-acupuncture-needles-for-single-use-0-2540mm\/#primaryimage","url":"https:\/\/topkeymedical.com\/wp-content\/uploads\/2025\/08\/sterile-acupuncture-needles-4.webp","contentUrl":"https:\/\/topkeymedical.com\/wp-content\/uploads\/2025\/08\/sterile-acupuncture-needles-4.webp","width":800,"height":800,"caption":"sterile acupuncture needles"},{"@type":"BreadcrumbList","@id":"https:\/\/topkeymedical.com\/product\/sterile-acupuncture-needles-for-single-use-0-2540mm\/#breadcrumb","itemListElement":[{"@type":"ListItem","position":1,"name":"Home","item":"https:\/\/topkeymedical.com\/"},{"@type":"ListItem","position":2,"name":"Products","item":"https:\/\/topkeymedical.com\/shop\/"},{"@type":"ListItem","position":3,"name":"Sterile acupuncture needles for single use 0.25*40mm"}]},{"@type":"WebSite","@id":"https:\/\/topkeymedical.com\/#website","url":"https:\/\/topkeymedical.com\/","name":"TOPKEY- Her Ayr\u0131nt\u0131da Hassasiyet, Ya\u015fam ve Sa\u011fl\u0131\u011f\u0131n Koruyucusu","description":"","publisher":{"@id":"https:\/\/topkeymedical.com\/#organization"},"potentialAction":[{"@type":"SearchAction","target":{"@type":"EntryPoint","urlTemplate":"https:\/\/topkeymedical.com\/?s={search_term_string}"},"query-input":{"@type":"PropertyValueSpecification","valueRequired":true,"valueName":"search_term_string"}}],"inLanguage":"tr"},{"@type":"Organization","@id":"https:\/\/topkeymedical.com\/#organization","name":"TOPKEY- Her Ayr\u0131nt\u0131da Hassasiyet, Ya\u015fam ve Sa\u011fl\u0131\u011f\u0131n Koruyucusu","url":"https:\/\/topkeymedical.com\/","logo":{"@type":"ImageObject","inLanguage":"tr","@id":"https:\/\/topkeymedical.com\/#\/schema\/logo\/image\/","url":"https:\/\/topkeymedical.com\/wp-content\/uploads\/2025\/05\/cropped-logo.jpg","contentUrl":"https:\/\/topkeymedical.com\/wp-content\/uploads\/2025\/05\/cropped-logo.jpg","width":512,"height":512,"caption":"TOPKEY\u2013 Precision in Every Detail, Guardian of Life and Health"},"image":{"@id":"https:\/\/topkeymedical.com\/#\/schema\/logo\/image\/"},"sameAs":["https:\/\/www.facebook.com\/profile.php?id=100088897294997","https:\/\/www.youtube.com\/@TopkeyMedical-Alice888","https:\/\/www.linkedin.com\/in\/alice-hu-bb66a01b3\/"]}]}},"_links":{"self":[{"href":"https:\/\/topkeymedical.com\/tr\/wp-json\/wp\/v2\/product\/964","targetHints":{"allow":["GET"]}}],"collection":[{"href":"https:\/\/topkeymedical.com\/tr\/wp-json\/wp\/v2\/product"}],"about":[{"href":"https:\/\/topkeymedical.com\/tr\/wp-json\/wp\/v2\/types\/product"}],"version-history":[{"count":4,"href":"https:\/\/topkeymedical.com\/tr\/wp-json\/wp\/v2\/product\/964\/revisions"}],"predecessor-version":[{"id":2039,"href":"https:\/\/topkeymedical.com\/tr\/wp-json\/wp\/v2\/product\/964\/revisions\/2039"}],"wp:featuredmedia":[{"embeddable":true,"href":"https:\/\/topkeymedical.com\/tr\/wp-json\/wp\/v2\/media\/1263"}],"wp:attachment":[{"href":"https:\/\/topkeymedical.com\/tr\/wp-json\/wp\/v2\/media?parent=964"}],"wp:term":[{"taxonomy":"product_brand","embeddable":true,"href":"https:\/\/topkeymedical.com\/tr\/wp-json\/wp\/v2\/product_brand?post=964"},{"taxonomy":"product_cat","embeddable":true,"href":"https:\/\/topkeymedical.com\/tr\/wp-json\/wp\/v2\/product_cat?post=964"},{"taxonomy":"product_tag","embeddable":true,"href":"https:\/\/topkeymedical.com\/tr\/wp-json\/wp\/v2\/product_tag?post=964"}],"curies":[{"name":"wp","href":"https:\/\/api.w.org\/{rel}","templated":true}]}}